{"id":20791,"date":"2024-03-01T16:54:20","date_gmt":"2024-03-01T15:54:20","guid":{"rendered":"https:\/\/u15jnbdpoq.preview.infomaniak.website\/produit\/250-weisse-becher-gefaltetes-backpapier-37-ml\/"},"modified":"2026-04-21T02:13:33","modified_gmt":"2026-04-21T00:13:33","slug":"250-weisse-becher-gefaltetes-backpapier-37-ml","status":"publish","type":"product","link":"https:\/\/www.csj-emballages.com\/de\/produit\/250-weisse-becher-gefaltetes-backpapier-37-ml\/","title":{"rendered":"Becher wei\u00dfes Backpapier plissiert 37 ml pro 250"},"content":{"rendered":"<h2>Wei\u00dfe Papierschaufel<\/h2>\n<hr>\n<h3>Beschreibung von unserem Becher wei\u00dfes Backpapier plissiert 37 ml pro 250<\/h3>\n<p><!--more--><\/p>\n<p data-start=\"235\" data-end=\"706\">Der <strong>Becher wei\u00dfes Backpapier 37 ml<\/strong> ist ein kleines Must-have, das wir in der K\u00fcche lieben! Praktisch, sauber und h\u00fcbsch, findet er leicht seinen Platz in den Werkst\u00e4tten von Konditoren, Feinkosth\u00e4ndlern oder Restaurantbesitzern. Dank seines widerstandsf\u00e4higen <strong>Backpapiers<\/strong> kann es problemlos im Ofen gebacken werden, ohne sich zu verformen, zu fetten oder zu kleben. Mit anderen Worten: Sie k\u00f6nnen Ihre <strong>Mignardises<\/strong>, <strong>kleinen Kuchen<\/strong> oder <strong>H\u00e4ppchen<\/strong> in aller Ruhe backen.   <\/p>\n<p data-start=\"708\" data-end=\"1087\">Mit seinem Fassungsverm\u00f6gen von <strong>37 ml<\/strong> ist er perfekt f\u00fcr <strong>Einzelportionen<\/strong> geeignet: ein wenig So\u00dfe, ein Mini-Cremedessert, ein s\u00fc\u00dfer oder herzhafter Happen&#8230; alles findet darin seinen Platz! Sein <strong>wei\u00dfes, plissiertes Papier<\/strong> sorgt f\u00fcr ein sauberes und professionelles Aussehen und ist ideal, um Ihre Kreationen zur Geltung zu bringen, sei es im Schaufenster, auf einem Buffet oder in einer Box zum Mitnehmen. <\/p>\n<p data-start=\"1089\" data-end=\"1405\">Ein weiterer wichtiger Vorteil ist, dass der <strong>Papierbecher<\/strong> <strong>recycelbar<\/strong> ist. Sie k\u00f6nnen ihn also verwenden und gleichzeitig einen <strong>umweltbewussten<\/strong> Ansatz verfolgen. Und da es sich um <strong>einen Einwegbecher<\/strong> handelt, entf\u00e4llt der endlose Abwasch am Ende des Dienstes. Das bedeutet Zeitersparnis, Einfachheit und vor allem echte Effizienz im Alltag.   <\/p>\n<p data-start=\"1407\" data-end=\"1666\">Das Set mit <strong>250 Bechern<\/strong> ist ebenfalls sehr praktisch: Sie haben immer welche zur Hand, egal ob f\u00fcr eine gro\u00dfe Produktion oder f\u00fcr Ihre t\u00e4glichen Vorbereitungen. Kurzum, es ist das clevere kleine Accessoire, das das Leben erleichtert und gleichzeitig f\u00fcr eine sch\u00f6ne Pr\u00e4sentation sorgt. <\/p>\n<p><!--more--><\/p>\n<p><strong>Vorteile :<\/strong><\/p>\n<ul>\n<li data-start=\"1709\" data-end=\"1761\">H\u00e4lt dem <strong data-start=\"1722\" data-end=\"1741\">Backen im Ofen<\/strong> stand, ohne sich zu verformen.<\/li>\n<li data-start=\"1764\" data-end=\"1821\"><strong data-start=\"1771\" data-end=\"1780\">37-ml-Format<\/strong> ideal f\u00fcr Einzelportionen.<\/li>\n<li data-start=\"1824\" data-end=\"1881\"><strong data-start=\"1824\" data-end=\"1838\">Recycelbar<\/strong> und praktisch f\u00fcr den professionellen Gebrauch.<\/li>\n<li data-start=\"1884\" data-end=\"1936\"><strong data-start=\"1891\" data-end=\"1907\">Wei\u00dfes, plissiertes<\/strong> Papier mit einem ordentlichen und sauberen Erscheinungsbild.<\/li>\n<li data-start=\"1939\" data-end=\"1992\"><strong data-start=\"1939\" data-end=\"1965\">250er-Packung<\/strong> f\u00fcr echte Ersparnis.<\/li>\n<\/ul>\n<p>&nbsp;<\/p>\n<p><!--more--><\/p>\n<h4>Weitere Informationen :<\/h4>\n<ul>\n<li><strong>Verpackung<\/strong>: Packung mit 250<\/li>\n<li><strong>Ma\u00dfe<\/strong>: 50 x 28 (\u00d8 x H in mm)<\/li>\n<li><strong>Volumen<\/strong>: 37 ml<\/li>\n<li><strong>Material<\/strong>: Fettdichtes Papier<\/li>\n<\/ul>\n<p>&nbsp;<\/p>\n<p><!--more--><\/p>\n<p>Dieser wei\u00dfe Papierbecher ist in verschiedenen Gr\u00f6\u00dfen erh\u00e4ltlich : <span style=\"color: #d12727;\"><a style=\"color: #d12727;\" href=\"https:\/\/www.csj-emballages.com\/de\/produit\/250-weisse-becher-gefaltetes-backpapier-30-ml\/\">30 ml<\/a><\/span> \/ <span style=\"color: #d12727;\"><a style=\"color: #d12727;\" href=\"https:\/\/www.csj-emballages.com\/produit\/250-godets-blancs-papier-cuissons-plissees-60-ml\/\">60 ml<\/a><\/span> \/ <span style=\"color: #d12727;\"><a style=\"color: #d12727;\" href=\"https:\/\/www.csj-emballages.com\/produit\/250-godets-blancs-papier-cuissons-plissees-100-ml\/\">100 ml<\/a><\/span> \/ <span style=\"color: #d12727;\"><a style=\"color: #d12727;\" href=\"https:\/\/www.csj-emballages.com\/produit\/250-godets-blancs-papier-cuissons-plissees-120-ml\/\">120 ml<\/a><\/span> \/ <span style=\"color: #d12727;\"><a style=\"color: #d12727;\" href=\"https:\/\/www.csj-emballages.com\/produit\/250-godets-blancs-papier-cuissons-plissees-165-ml\/\">165 ml<\/a><\/span><\/p>\n<p>&nbsp;<\/p>\n<p><!--more--><\/p>\n<p><a href=\"https:\/\/www.csj-emballages.com\/de\/categorie-produit\/lebensmittelverpackungen\/backerei-und-konditorei\/kochen\/papierbecher\/\">Sehen Sie sich den Rest unseres Sortiments an Papierbechern an<\/a><\/p>\n","protected":false},"excerpt":{"rendered":"<p>Wei\u00dfe Papierschaufel Beschreibung von unserem Becher wei\u00dfes Backpapier plissiert 37 ml pro 250<\/p>\n","protected":false},"featured_media":251403,"template":"","meta":{"_acf_changed":false},"product_brand":[],"product_cat":[1171,2612],"product_tag":[],"class_list":{"0":"post-20791","1":"product","2":"type-product","3":"status-publish","4":"has-post-thumbnail","6":"product_cat-backerei-und-konditorei","7":"product_cat-papierbecher","9":"first","10":"instock","11":"taxable","12":"shipping-taxable","13":"purchasable","14":"product-type-simple"},"acf":[],"yoast_head":"<!-- This site is optimized with the Yoast SEO Premium plugin v26.6 (Yoast SEO v26.6) - https:\/\/yoast.com\/wordpress\/plugins\/seo\/ -->\n<title>Papierbecher Wei\u00df Kochen Plissee 37 ml pro 250<\/title>\n<meta name=\"description\" content=\"Verlieben Sie sich in den wei\u00dfen, gefalteten Backpapierbecher 37 ml! Backofenfest, sauber und praktisch, veredelt er Ihre individuellen Mignardises und Saucen.\" \/>\n<meta name=\"robots\" content=\"index, follow, max-snippet:-1, max-image-preview:large, max-video-preview:-1\" \/>\n<link rel=\"canonical\" href=\"https:\/\/www.csj-emballages.com\/de\/produit\/250-weisse-becher-gefaltetes-backpapier-37-ml\/\" \/>\n<meta property=\"og:locale\" content=\"de_DE\" \/>\n<meta property=\"og:type\" content=\"article\" \/>\n<meta property=\"og:title\" content=\"Becher wei\u00dfes Backpapier plissiert 37 ml pro 250\" \/>\n<meta property=\"og:description\" content=\"Verlieben Sie sich in den wei\u00dfen, gefalteten Backpapierbecher 37 ml! Backofenfest, sauber und praktisch, veredelt er Ihre individuellen Mignardises und Saucen.\" \/>\n<meta property=\"og:url\" content=\"https:\/\/www.csj-emballages.com\/de\/produit\/250-weisse-becher-gefaltetes-backpapier-37-ml\/\" \/>\n<meta property=\"og:site_name\" content=\"CSJ Emballages\" \/>\n<meta property=\"article:publisher\" content=\"https:\/\/www.facebook.com\/csjemballages\" \/>\n<meta property=\"article:modified_time\" content=\"2026-04-21T00:13:33+00:00\" \/>\n<meta property=\"og:image\" content=\"https:\/\/www.csj-emballages.com\/wp-content\/uploads\/2024\/03\/F125.webp\" \/>\n\t<meta property=\"og:image:width\" content=\"800\" \/>\n\t<meta property=\"og:image:height\" content=\"800\" \/>\n\t<meta property=\"og:image:type\" content=\"image\/webp\" \/>\n<meta name=\"twitter:card\" content=\"summary_large_image\" \/>\n<meta name=\"twitter:label1\" content=\"Gesch\u00e4tzte Lesezeit\" \/>\n\t<meta name=\"twitter:data1\" content=\"2 Minuten\" \/>\n<script type=\"application\/ld+json\" class=\"yoast-schema-graph\">{\"@context\":\"https:\/\/schema.org\",\"@graph\":[{\"@type\":\"WebPage\",\"@id\":\"https:\/\/www.csj-emballages.com\/de\/produit\/250-weisse-becher-gefaltetes-backpapier-37-ml\/\",\"url\":\"https:\/\/www.csj-emballages.com\/de\/produit\/250-weisse-becher-gefaltetes-backpapier-37-ml\/\",\"name\":\"Papierbecher Wei\u00df Kochen Plissee 37 ml pro 250\",\"isPartOf\":{\"@id\":\"https:\/\/www.csj-emballages.com\/de\/#website\"},\"primaryImageOfPage\":{\"@id\":\"https:\/\/www.csj-emballages.com\/de\/produit\/250-weisse-becher-gefaltetes-backpapier-37-ml\/#primaryimage\"},\"image\":{\"@id\":\"https:\/\/www.csj-emballages.com\/de\/produit\/250-weisse-becher-gefaltetes-backpapier-37-ml\/#primaryimage\"},\"thumbnailUrl\":\"https:\/\/www.csj-emballages.com\/wp-content\/uploads\/2024\/03\/F125.webp\",\"datePublished\":\"2024-03-01T15:54:20+00:00\",\"dateModified\":\"2026-04-21T00:13:33+00:00\",\"description\":\"Verlieben Sie sich in den wei\u00dfen, gefalteten Backpapierbecher 37 ml! Backofenfest, sauber und praktisch, veredelt er Ihre individuellen Mignardises und Saucen.\",\"breadcrumb\":{\"@id\":\"https:\/\/www.csj-emballages.com\/de\/produit\/250-weisse-becher-gefaltetes-backpapier-37-ml\/#breadcrumb\"},\"inLanguage\":\"de\",\"potentialAction\":[{\"@type\":\"ReadAction\",\"target\":[\"https:\/\/www.csj-emballages.com\/de\/produit\/250-weisse-becher-gefaltetes-backpapier-37-ml\/\"]}]},{\"@type\":\"ImageObject\",\"inLanguage\":\"de\",\"@id\":\"https:\/\/www.csj-emballages.com\/de\/produit\/250-weisse-becher-gefaltetes-backpapier-37-ml\/#primaryimage\",\"url\":\"https:\/\/www.csj-emballages.com\/wp-content\/uploads\/2024\/03\/F125.webp\",\"contentUrl\":\"https:\/\/www.csj-emballages.com\/wp-content\/uploads\/2024\/03\/F125.webp\",\"width\":800,\"height\":800,\"caption\":\"Godet papier blanc\"},{\"@type\":\"BreadcrumbList\",\"@id\":\"https:\/\/www.csj-emballages.com\/de\/produit\/250-weisse-becher-gefaltetes-backpapier-37-ml\/#breadcrumb\",\"itemListElement\":[{\"@type\":\"ListItem\",\"position\":1,\"name\":\"Accueil\",\"item\":\"https:\/\/www.csj-emballages.com\/de\/universum-lebensmittelverpackungen\/\"},{\"@type\":\"ListItem\",\"position\":2,\"name\":\"Shop\",\"item\":\"https:\/\/www.csj-emballages.com\/shop\/\"},{\"@type\":\"ListItem\",\"position\":3,\"name\":\"Becher wei\u00dfes Backpapier plissiert 37 ml pro 250\"}]},{\"@type\":\"WebSite\",\"@id\":\"https:\/\/www.csj-emballages.com\/de\/#website\",\"url\":\"https:\/\/www.csj-emballages.com\/de\/\",\"name\":\"CSJ Emballages\",\"description\":\"\",\"publisher\":{\"@id\":\"https:\/\/www.csj-emballages.com\/de\/#organization\"},\"potentialAction\":[{\"@type\":\"SearchAction\",\"target\":{\"@type\":\"EntryPoint\",\"urlTemplate\":\"https:\/\/www.csj-emballages.com\/de\/?s={search_term_string}\"},\"query-input\":{\"@type\":\"PropertyValueSpecification\",\"valueRequired\":true,\"valueName\":\"search_term_string\"}}],\"inLanguage\":\"de\"},{\"@type\":\"Organization\",\"@id\":\"https:\/\/www.csj-emballages.com\/de\/#Organization\/\",\"name\":\"CSJ Emballages\",\"url\":\"https:\/\/www.csj-emballages.com\/de\/\",\"logo\":{\"@type\":\"ImageObject\",\"inLanguage\":\"de\",\"@id\":\"https:\/\/www.csj-emballages.com\/de\/#\/schema\/logo\/image\/\",\"url\":\"https:\/\/www.csj-emballages.com\/wp-content\/uploads\/2023\/10\/logo_csj.webp\",\"contentUrl\":\"https:\/\/www.csj-emballages.com\/wp-content\/uploads\/2023\/10\/logo_csj.webp\",\"width\":250,\"height\":95,\"caption\":\"CSJ Emballages\"},\"image\":{\"@id\":\"https:\/\/www.csj-emballages.com\/de\/#\/schema\/logo\/image\/\"},\"sameAs\":[\"https:\/\/www.facebook.com\/csjemballages\"],\"address\":{\"@type\":\"PostalAddress\",\"streetAddress\":\"ZI La Lechere\",\"addressLocality\":\"Patornay\",\"postalCode\":\"39130\",\"addressCountry\":\"FR\"},\"contactPoint\":[{\"@type\":\"ContactPoint\",\"contactType\":\"Service client\",\"telephone\":\"0384254272\",\"email\":\"contact@csj-emballages.com\"}]}]}<\/script>\n<!-- \/ Yoast SEO Premium plugin. -->","yoast_head_json":{"title":"Papierbecher Wei\u00df Kochen Plissee 37 ml pro 250","description":"Verlieben Sie sich in den wei\u00dfen, gefalteten Backpapierbecher 37 ml! Backofenfest, sauber und praktisch, veredelt er Ihre individuellen Mignardises und Saucen.","robots":{"index":"index","follow":"follow","max-snippet":"max-snippet:-1","max-image-preview":"max-image-preview:large","max-video-preview":"max-video-preview:-1"},"canonical":"https:\/\/www.csj-emballages.com\/de\/produit\/250-weisse-becher-gefaltetes-backpapier-37-ml\/","og_locale":"de_DE","og_type":"article","og_title":"Becher wei\u00dfes Backpapier plissiert 37 ml pro 250","og_description":"Verlieben Sie sich in den wei\u00dfen, gefalteten Backpapierbecher 37 ml! Backofenfest, sauber und praktisch, veredelt er Ihre individuellen Mignardises und Saucen.","og_url":"https:\/\/www.csj-emballages.com\/de\/produit\/250-weisse-becher-gefaltetes-backpapier-37-ml\/","og_site_name":"CSJ Emballages","article_publisher":"https:\/\/www.facebook.com\/csjemballages","article_modified_time":"2026-04-21T00:13:33+00:00","og_image":[{"width":800,"height":800,"url":"https:\/\/www.csj-emballages.com\/wp-content\/uploads\/2024\/03\/F125.webp","type":"image\/webp"}],"twitter_card":"summary_large_image","twitter_misc":{"Gesch\u00e4tzte Lesezeit":"2 Minuten"},"schema":{"@context":"https:\/\/schema.org","@graph":[{"@type":"WebPage","@id":"https:\/\/www.csj-emballages.com\/de\/produit\/250-weisse-becher-gefaltetes-backpapier-37-ml\/","url":"https:\/\/www.csj-emballages.com\/de\/produit\/250-weisse-becher-gefaltetes-backpapier-37-ml\/","name":"Papierbecher Wei\u00df Kochen Plissee 37 ml pro 250","isPartOf":{"@id":"https:\/\/www.csj-emballages.com\/de\/#website"},"primaryImageOfPage":{"@id":"https:\/\/www.csj-emballages.com\/de\/produit\/250-weisse-becher-gefaltetes-backpapier-37-ml\/#primaryimage"},"image":{"@id":"https:\/\/www.csj-emballages.com\/de\/produit\/250-weisse-becher-gefaltetes-backpapier-37-ml\/#primaryimage"},"thumbnailUrl":"https:\/\/www.csj-emballages.com\/wp-content\/uploads\/2024\/03\/F125.webp","datePublished":"2024-03-01T15:54:20+00:00","dateModified":"2026-04-21T00:13:33+00:00","description":"Verlieben Sie sich in den wei\u00dfen, gefalteten Backpapierbecher 37 ml! Backofenfest, sauber und praktisch, veredelt er Ihre individuellen Mignardises und Saucen.","breadcrumb":{"@id":"https:\/\/www.csj-emballages.com\/de\/produit\/250-weisse-becher-gefaltetes-backpapier-37-ml\/#breadcrumb"},"inLanguage":"de","potentialAction":[{"@type":"ReadAction","target":["https:\/\/www.csj-emballages.com\/de\/produit\/250-weisse-becher-gefaltetes-backpapier-37-ml\/"]}]},{"@type":"ImageObject","inLanguage":"de","@id":"https:\/\/www.csj-emballages.com\/de\/produit\/250-weisse-becher-gefaltetes-backpapier-37-ml\/#primaryimage","url":"https:\/\/www.csj-emballages.com\/wp-content\/uploads\/2024\/03\/F125.webp","contentUrl":"https:\/\/www.csj-emballages.com\/wp-content\/uploads\/2024\/03\/F125.webp","width":800,"height":800,"caption":"Godet papier blanc"},{"@type":"BreadcrumbList","@id":"https:\/\/www.csj-emballages.com\/de\/produit\/250-weisse-becher-gefaltetes-backpapier-37-ml\/#breadcrumb","itemListElement":[{"@type":"ListItem","position":1,"name":"Accueil","item":"https:\/\/www.csj-emballages.com\/de\/universum-lebensmittelverpackungen\/"},{"@type":"ListItem","position":2,"name":"Shop","item":"https:\/\/www.csj-emballages.com\/shop\/"},{"@type":"ListItem","position":3,"name":"Becher wei\u00dfes Backpapier plissiert 37 ml pro 250"}]},{"@type":"WebSite","@id":"https:\/\/www.csj-emballages.com\/de\/#website","url":"https:\/\/www.csj-emballages.com\/de\/","name":"CSJ Emballages","description":"","publisher":{"@id":"https:\/\/www.csj-emballages.com\/de\/#organization"},"potentialAction":[{"@type":"SearchAction","target":{"@type":"EntryPoint","urlTemplate":"https:\/\/www.csj-emballages.com\/de\/?s={search_term_string}"},"query-input":{"@type":"PropertyValueSpecification","valueRequired":true,"valueName":"search_term_string"}}],"inLanguage":"de"},{"@type":"Organization","@id":"https:\/\/www.csj-emballages.com\/de\/#Organization\/","name":"CSJ Emballages","url":"https:\/\/www.csj-emballages.com\/de\/","logo":{"@type":"ImageObject","inLanguage":"de","@id":"https:\/\/www.csj-emballages.com\/de\/#\/schema\/logo\/image\/","url":"https:\/\/www.csj-emballages.com\/wp-content\/uploads\/2023\/10\/logo_csj.webp","contentUrl":"https:\/\/www.csj-emballages.com\/wp-content\/uploads\/2023\/10\/logo_csj.webp","width":250,"height":95,"caption":"CSJ Emballages"},"image":{"@id":"https:\/\/www.csj-emballages.com\/de\/#\/schema\/logo\/image\/"},"sameAs":["https:\/\/www.facebook.com\/csjemballages"],"address":{"@type":"PostalAddress","streetAddress":"ZI La Lechere","addressLocality":"Patornay","postalCode":"39130","addressCountry":"FR"},"contactPoint":[{"@type":"ContactPoint","contactType":"Service client","telephone":"0384254272","email":"contact@csj-emballages.com"}]}]}},"df_price":4.25,"df_sale_price":"","df_regular_price":4.25,"df_image_link":"https:\/\/www.csj-emballages.com\/wp-content\/uploads\/2024\/03\/F125-300x300.webp","tiered_pricing_type":"fixed","tiered_pricing_fixed_rules":[],"tiered_pricing_percentage_rules":[],"tiered_pricing_minimum":1,"tiered_pricing_roles_data":[],"_links":{"self":[{"href":"https:\/\/www.csj-emballages.com\/de\/wp-json\/wp\/v2\/product\/20791","targetHints":{"allow":["GET"]}}],"collection":[{"href":"https:\/\/www.csj-emballages.com\/de\/wp-json\/wp\/v2\/product"}],"about":[{"href":"https:\/\/www.csj-emballages.com\/de\/wp-json\/wp\/v2\/types\/product"}],"wp:featuredmedia":[{"embeddable":true,"href":"https:\/\/www.csj-emballages.com\/de\/wp-json\/wp\/v2\/media\/251403"}],"wp:attachment":[{"href":"https:\/\/www.csj-emballages.com\/de\/wp-json\/wp\/v2\/media?parent=20791"}],"wp:term":[{"taxonomy":"product_brand","embeddable":true,"href":"https:\/\/www.csj-emballages.com\/de\/wp-json\/wp\/v2\/product_brand?post=20791"},{"taxonomy":"product_cat","embeddable":true,"href":"https:\/\/www.csj-emballages.com\/de\/wp-json\/wp\/v2\/product_cat?post=20791"},{"taxonomy":"product_tag","embeddable":true,"href":"https:\/\/www.csj-emballages.com\/de\/wp-json\/wp\/v2\/product_tag?post=20791"}],"curies":[{"name":"wp","href":"https:\/\/api.w.org\/{rel}","templated":true}]}}