{"id":20744,"date":"2024-03-01T16:54:21","date_gmt":"2024-03-01T15:54:21","guid":{"rendered":"https:\/\/u15jnbdpoq.preview.infomaniak.website\/produit\/50-ergonomische-einweg-kunststoffdosen-750-ml-fuer-frischeprodukte-fuer-feinkosthaendler\/"},"modified":"2026-05-01T02:12:31","modified_gmt":"2026-05-01T00:12:31","slug":"50-ergonomische-einweg-kunststoffdosen-750-ml-fuer-frischeprodukte-fuer-feinkosthaendler","status":"publish","type":"product","link":"https:\/\/www.csj-emballages.com\/de\/produit\/50-ergonomische-einweg-kunststoffdosen-750-ml-fuer-frischeprodukte-fuer-feinkosthaendler\/","title":{"rendered":"Frische Feinkostdose mit Scharnierdeckel 750 ml pro 50"},"content":{"rendered":"<h2>Traiteurbox<\/h2>\n<hr>\n<h3>Beschreibung unserer Frischhaltedose mit Scharnierdeckel 750 ml pro 50 St\u00fcck<\/h3>\n<p><!--more--><\/p>\n<div class=\"flex max-w-full flex-col flex-grow\">\n<div class=\"min-h-8 text-message flex w-full flex-col items-end gap-2 whitespace-normal break-words text-start [.text-message+&amp;]:mt-5\" dir=\"auto\" data-message-author-role=\"assistant\" data-message-id=\"266ca6f3-5e07-4948-bd20-80ac5e6da4a5\" data-message-model-slug=\"gpt-4o\">\n<div class=\"flex w-full flex-col gap-1 empty:hidden first:pt-[3px]\">\n<div class=\"markdown prose w-full break-words dark:prose-invert dark\">\n<p data-start=\"209\" data-end=\"506\">Die <strong>750 ml Frische-Cateringbox mit Klappdeckel<\/strong> ist ideal f\u00fcr die Verpackung von <strong>gro\u00dfz\u00fcgigen Take-away-Portionen<\/strong>. Dank ihres komfortablen Fassungsverm\u00f6gens eignet sie sich perfekt f\u00fcr <strong>Salate, kalte Speisen, Pasta, Pok\u00e9 Bowls, volumin\u00f6se Desserts oder Catering-Sortimente<\/strong>. <\/p>\n<p data-start=\"508\" data-end=\"783\">Hergestellt aus <strong>transparentem, lebensmittelechtem Kunststoff<\/strong>, pr\u00e4sentiert sie den Inhalt optimal und garantiert gleichzeitig besten Schutz. Ihr <strong>integrierter Klappdeckel<\/strong> sorgt f\u00fcr einen schnellen, praktischen und sicheren Verschluss, der das Risiko des \u00d6ffnens w\u00e4hrend des Transports minimiert. <\/p>\n<p data-start=\"785\" data-end=\"1035\">Mit ihrem <strong>Fassungsverm\u00f6gen von 750 ml<\/strong> erf\u00fcllt sie die Anforderungen von Fachleuten, die vollst\u00e4ndige und attraktive Portionen anbieten m\u00f6chten. Ihre starre Struktur bietet gute Stabilit\u00e4t in der K\u00fchlvitrine und erleichtert das Stapeln zur Optimierung der Lagerung. <\/p>\n<p data-start=\"1037\" data-end=\"1323\">Diese Box ist f\u00fcr Caterer, B\u00e4ckereien, Sandwichl\u00e4den, Imbisse und Lebensmittelgesch\u00e4fte geeignet und stellt eine zuverl\u00e4ssige L\u00f6sung dar, um Frische, ansprechende Pr\u00e4sentation und Praktikabilit\u00e4t zu vereinen. Zusammenfassend l\u00e4sst sich sagen, dass sie in Packungen zu <strong>50 St\u00fcck<\/strong> ideal f\u00fcr den regelm\u00e4\u00dfigen professionellen Einsatz ist. <\/p>\n<p data-start=\"1037\" data-end=\"1323\">\n<\/div>\n<\/div>\n<\/div>\n<\/div>\n<p><!--more--><\/p>\n<h4>Vorteile :<\/h4>\n<ul>\n<li>Bewahrt die Frische, den Geschmack und die Qualit\u00e4t der Lebensmittel.<\/li>\n<li>Sch\u00fctzt Ihre Zubereitungen vor externen Verunreinigungen und verhindert gleichzeitig Leckagen.<\/li>\n<li>Ideal f\u00fcr Salate, Desserts, Obst oder andere kalte Zubereitungen, wobei deren Frische erhalten bleibt.<\/li>\n<li>Verleiht dank eines schlichten, aber eleganten Designs eine professionelle Note.<\/li>\n<li>Diese aus APET hergestellten Schalen sind vollst\u00e4ndig recycelbar.<\/li>\n<\/ul>\n<p>&nbsp;<\/p>\n<p><!--more--><\/p>\n<h4>Weitere Informationen :<\/h4>\n<ul>\n<li><strong>Verpackung<\/strong>: Packung mit 50 St\u00fcck<\/li>\n<li><strong>Abmessungen<\/strong>: 190 x 148 x 55 mm<\/li>\n<li><strong>Volumen<\/strong>: 750 ml<\/li>\n<li><strong>Material<\/strong>: Virgin Polyethylenterephthalat (APET)<\/li>\n<li><strong>Nutzung<\/strong>: Kalt<\/li>\n<li><strong>Betriebstemperatur<\/strong>: -40\u00b0C\/+70\u00b0C<\/li>\n<\/ul>\n<p>&nbsp;<\/p>\n<p><!--more--><\/p>\n<p>Das Produkt ist in verschiedenen Gr\u00f6\u00dfen erh\u00e4ltlich: <span style=\"color: #d12727;\"><a style=\"color: #d12727;\" href=\"https:\/\/www.csj-emballages.com\/de\/produit\/50-ergonomische-einweg-kunststoffdosen-250-ml-fuer-frischeprodukte-fuer-feinkostgeschaefte\/\">ERGO250<\/a><\/span> \/ <span style=\"color: #d12727;\"><a style=\"color: #d12727;\" href=\"https:\/\/www.csj-emballages.com\/produit\/50-boites-ergonomiques-traiteurs-fraicheurs-plastiques-375-ml\/\">ERGO375<\/a><\/span> \/ <span style=\"color: #d12727;\"><a style=\"color: #d12727;\" href=\"https:\/\/www.csj-emballages.com\/de\/produit\/50-ergonomische-einweg-kunststoffdosen-500-ml-fuer-frischeprodukte-fuer-feinkostgeschaefte\/\">ERGO500<\/a><\/span> \/ <span style=\"color: #d12727;\"><a style=\"color: #d12727;\" href=\"https:\/\/www.csj-emballages.com\/de\/produit\/50-ergonomische-einweg-kunststoffdosen-1000-ml-fuer-frischeprodukte-fuer-feinkostgeschaefte\/\">ERGO1000<\/a><\/span> \/ <span style=\"color: #d12727;\"><a style=\"color: #d12727;\" href=\"https:\/\/www.csj-emballages.com\/de\/produit\/50-ergonomische-einweg-kunststoffdosen-1500-ml-fuer-frischeprodukte-fuer-feinkostgeschaefte\/\">ERGO1500<\/a><\/span> \/ <span style=\"color: #d12727;\"><a style=\"color: #d12727;\" href=\"https:\/\/www.csj-emballages.com\/de\/produit\/60-ergonomische-einwegdosen-aus-kunststoff-fuer-frischprodukte-2000-ml\/\">ERGO2000<\/a><\/span><\/p>\n<p>&nbsp;<\/p>\n<p><!--more--><\/p>\n<p><a href=\"https:\/\/www.csj-emballages.com\/de\/categorie-produit\/lebensmittelverpackungen\/metzgerei-und-feinkostgeschaft\/schalen-dosen-und-glaser\/schalen-dosen-glaser-fur-lebensmittel\/frischhaltedosen-fur-feinkosthandler-mit-scharnierdeckel-ergopack\/\">Sehen Sie sich den Rest unseres Sortiments an Frischhalteschalen an.<\/a><\/p>\n","protected":false},"excerpt":{"rendered":"<p>Traiteurbox Beschreibung unserer Frischhaltedose mit Scharnierdeckel 750 ml pro 50 St\u00fcck<\/p>\n","protected":false},"featured_media":220725,"template":"","meta":{"_acf_changed":false},"product_brand":[],"product_cat":[1170,1513,2595],"product_tag":[],"class_list":{"0":"post-20744","1":"product","2":"type-product","3":"status-publish","4":"has-post-thumbnail","6":"product_cat-metzgerei-und-feinkostgeschaft","7":"product_cat-schalen-dosen-glaser-fur-lebensmittel","8":"product_cat-frischhaltedosen-fur-feinkosthandler-mit-scharnierdeckel-ergopack","10":"first","11":"instock","12":"taxable","13":"shipping-taxable","14":"purchasable","15":"product-type-simple"},"acf":[],"yoast_head":"<!-- This site is optimized with the Yoast SEO Premium plugin v26.6 (Yoast SEO v26.6) - https:\/\/yoast.com\/wordpress\/plugins\/seo\/ -->\n<title>Frische Feinkostdose mit Scharnierdeckel - 750 ml<\/title>\n<meta name=\"description\" content=\"Frische-Cateringbox 750 ml mit Klappdeckel: Ideal zum Aufbewahren, Transportieren und Pr\u00e4sentieren Ihrer kalten Speisen. Los von 50.\" \/>\n<meta name=\"robots\" content=\"index, follow, max-snippet:-1, max-image-preview:large, max-video-preview:-1\" \/>\n<link rel=\"canonical\" href=\"https:\/\/www.csj-emballages.com\/de\/produit\/50-ergonomische-einweg-kunststoffdosen-750-ml-fuer-frischeprodukte-fuer-feinkosthaendler\/\" \/>\n<meta property=\"og:locale\" content=\"de_DE\" \/>\n<meta property=\"og:type\" content=\"article\" \/>\n<meta property=\"og:title\" content=\"Frische Feinkostdose mit Scharnierdeckel 750 ml pro 50\" \/>\n<meta property=\"og:description\" content=\"Frische-Cateringbox 750 ml mit Klappdeckel: Ideal zum Aufbewahren, Transportieren und Pr\u00e4sentieren Ihrer kalten Speisen. Los von 50.\" \/>\n<meta property=\"og:url\" content=\"https:\/\/www.csj-emballages.com\/de\/produit\/50-ergonomische-einweg-kunststoffdosen-750-ml-fuer-frischeprodukte-fuer-feinkosthaendler\/\" \/>\n<meta property=\"og:site_name\" content=\"CSJ Emballages\" \/>\n<meta property=\"article:publisher\" content=\"https:\/\/www.facebook.com\/csjemballages\" \/>\n<meta property=\"article:modified_time\" content=\"2026-05-01T00:12:31+00:00\" \/>\n<meta property=\"og:image\" content=\"https:\/\/www.csj-emballages.com\/wp-content\/uploads\/2024\/03\/ERGO750.webp\" \/>\n\t<meta property=\"og:image:width\" content=\"800\" \/>\n\t<meta property=\"og:image:height\" content=\"800\" \/>\n\t<meta property=\"og:image:type\" content=\"image\/webp\" \/>\n<meta name=\"twitter:card\" content=\"summary_large_image\" \/>\n<meta name=\"twitter:label1\" content=\"Gesch\u00e4tzte Lesezeit\" \/>\n\t<meta name=\"twitter:data1\" content=\"1\u00a0Minute\" \/>\n<script type=\"application\/ld+json\" class=\"yoast-schema-graph\">{\"@context\":\"https:\/\/schema.org\",\"@graph\":[{\"@type\":\"WebPage\",\"@id\":\"https:\/\/www.csj-emballages.com\/de\/produit\/50-ergonomische-einweg-kunststoffdosen-750-ml-fuer-frischeprodukte-fuer-feinkosthaendler\/\",\"url\":\"https:\/\/www.csj-emballages.com\/de\/produit\/50-ergonomische-einweg-kunststoffdosen-750-ml-fuer-frischeprodukte-fuer-feinkosthaendler\/\",\"name\":\"Frische Feinkostdose mit Scharnierdeckel - 750 ml\",\"isPartOf\":{\"@id\":\"https:\/\/www.csj-emballages.com\/de\/#website\"},\"primaryImageOfPage\":{\"@id\":\"https:\/\/www.csj-emballages.com\/de\/produit\/50-ergonomische-einweg-kunststoffdosen-750-ml-fuer-frischeprodukte-fuer-feinkosthaendler\/#primaryimage\"},\"image\":{\"@id\":\"https:\/\/www.csj-emballages.com\/de\/produit\/50-ergonomische-einweg-kunststoffdosen-750-ml-fuer-frischeprodukte-fuer-feinkosthaendler\/#primaryimage\"},\"thumbnailUrl\":\"https:\/\/www.csj-emballages.com\/wp-content\/uploads\/2024\/03\/ERGO750.webp\",\"datePublished\":\"2024-03-01T15:54:21+00:00\",\"dateModified\":\"2026-05-01T00:12:31+00:00\",\"description\":\"Frische-Cateringbox 750 ml mit Klappdeckel: Ideal zum Aufbewahren, Transportieren und Pr\u00e4sentieren Ihrer kalten Speisen. Los von 50.\",\"breadcrumb\":{\"@id\":\"https:\/\/www.csj-emballages.com\/de\/produit\/50-ergonomische-einweg-kunststoffdosen-750-ml-fuer-frischeprodukte-fuer-feinkosthaendler\/#breadcrumb\"},\"inLanguage\":\"de\",\"potentialAction\":[{\"@type\":\"ReadAction\",\"target\":[\"https:\/\/www.csj-emballages.com\/de\/produit\/50-ergonomische-einweg-kunststoffdosen-750-ml-fuer-frischeprodukte-fuer-feinkosthaendler\/\"]}]},{\"@type\":\"ImageObject\",\"inLanguage\":\"de\",\"@id\":\"https:\/\/www.csj-emballages.com\/de\/produit\/50-ergonomische-einweg-kunststoffdosen-750-ml-fuer-frischeprodukte-fuer-feinkosthaendler\/#primaryimage\",\"url\":\"https:\/\/www.csj-emballages.com\/wp-content\/uploads\/2024\/03\/ERGO750.webp\",\"contentUrl\":\"https:\/\/www.csj-emballages.com\/wp-content\/uploads\/2024\/03\/ERGO750.webp\",\"width\":800,\"height\":800,\"caption\":\"Boite traiteur\"},{\"@type\":\"BreadcrumbList\",\"@id\":\"https:\/\/www.csj-emballages.com\/de\/produit\/50-ergonomische-einweg-kunststoffdosen-750-ml-fuer-frischeprodukte-fuer-feinkosthaendler\/#breadcrumb\",\"itemListElement\":[{\"@type\":\"ListItem\",\"position\":1,\"name\":\"Accueil\",\"item\":\"https:\/\/www.csj-emballages.com\/de\/universum-lebensmittelverpackungen\/\"},{\"@type\":\"ListItem\",\"position\":2,\"name\":\"Shop\",\"item\":\"https:\/\/www.csj-emballages.com\/shop\/\"},{\"@type\":\"ListItem\",\"position\":3,\"name\":\"Frische Feinkostdose mit Scharnierdeckel 750 ml pro 50\"}]},{\"@type\":\"WebSite\",\"@id\":\"https:\/\/www.csj-emballages.com\/de\/#website\",\"url\":\"https:\/\/www.csj-emballages.com\/de\/\",\"name\":\"CSJ Emballages\",\"description\":\"\",\"publisher\":{\"@id\":\"https:\/\/www.csj-emballages.com\/de\/#organization\"},\"potentialAction\":[{\"@type\":\"SearchAction\",\"target\":{\"@type\":\"EntryPoint\",\"urlTemplate\":\"https:\/\/www.csj-emballages.com\/de\/?s={search_term_string}\"},\"query-input\":{\"@type\":\"PropertyValueSpecification\",\"valueRequired\":true,\"valueName\":\"search_term_string\"}}],\"inLanguage\":\"de\"},{\"@type\":\"Organization\",\"@id\":\"https:\/\/www.csj-emballages.com\/de\/#Organization\/\",\"name\":\"CSJ Emballages\",\"url\":\"https:\/\/www.csj-emballages.com\/de\/\",\"logo\":{\"@type\":\"ImageObject\",\"inLanguage\":\"de\",\"@id\":\"https:\/\/www.csj-emballages.com\/de\/#\/schema\/logo\/image\/\",\"url\":\"https:\/\/www.csj-emballages.com\/wp-content\/uploads\/2023\/10\/logo_csj.webp\",\"contentUrl\":\"https:\/\/www.csj-emballages.com\/wp-content\/uploads\/2023\/10\/logo_csj.webp\",\"width\":250,\"height\":95,\"caption\":\"CSJ Emballages\"},\"image\":{\"@id\":\"https:\/\/www.csj-emballages.com\/de\/#\/schema\/logo\/image\/\"},\"sameAs\":[\"https:\/\/www.facebook.com\/csjemballages\"],\"address\":{\"@type\":\"PostalAddress\",\"streetAddress\":\"ZI La Lechere\",\"addressLocality\":\"Patornay\",\"postalCode\":\"39130\",\"addressCountry\":\"FR\"},\"contactPoint\":[{\"@type\":\"ContactPoint\",\"contactType\":\"Service client\",\"telephone\":\"0384254272\",\"email\":\"contact@csj-emballages.com\"}]}]}<\/script>\n<!-- \/ Yoast SEO Premium plugin. -->","yoast_head_json":{"title":"Frische Feinkostdose mit Scharnierdeckel - 750 ml","description":"Frische-Cateringbox 750 ml mit Klappdeckel: Ideal zum Aufbewahren, Transportieren und Pr\u00e4sentieren Ihrer kalten Speisen. Los von 50.","robots":{"index":"index","follow":"follow","max-snippet":"max-snippet:-1","max-image-preview":"max-image-preview:large","max-video-preview":"max-video-preview:-1"},"canonical":"https:\/\/www.csj-emballages.com\/de\/produit\/50-ergonomische-einweg-kunststoffdosen-750-ml-fuer-frischeprodukte-fuer-feinkosthaendler\/","og_locale":"de_DE","og_type":"article","og_title":"Frische Feinkostdose mit Scharnierdeckel 750 ml pro 50","og_description":"Frische-Cateringbox 750 ml mit Klappdeckel: Ideal zum Aufbewahren, Transportieren und Pr\u00e4sentieren Ihrer kalten Speisen. Los von 50.","og_url":"https:\/\/www.csj-emballages.com\/de\/produit\/50-ergonomische-einweg-kunststoffdosen-750-ml-fuer-frischeprodukte-fuer-feinkosthaendler\/","og_site_name":"CSJ Emballages","article_publisher":"https:\/\/www.facebook.com\/csjemballages","article_modified_time":"2026-05-01T00:12:31+00:00","og_image":[{"width":800,"height":800,"url":"https:\/\/www.csj-emballages.com\/wp-content\/uploads\/2024\/03\/ERGO750.webp","type":"image\/webp"}],"twitter_card":"summary_large_image","twitter_misc":{"Gesch\u00e4tzte Lesezeit":"1\u00a0Minute"},"schema":{"@context":"https:\/\/schema.org","@graph":[{"@type":"WebPage","@id":"https:\/\/www.csj-emballages.com\/de\/produit\/50-ergonomische-einweg-kunststoffdosen-750-ml-fuer-frischeprodukte-fuer-feinkosthaendler\/","url":"https:\/\/www.csj-emballages.com\/de\/produit\/50-ergonomische-einweg-kunststoffdosen-750-ml-fuer-frischeprodukte-fuer-feinkosthaendler\/","name":"Frische Feinkostdose mit Scharnierdeckel - 750 ml","isPartOf":{"@id":"https:\/\/www.csj-emballages.com\/de\/#website"},"primaryImageOfPage":{"@id":"https:\/\/www.csj-emballages.com\/de\/produit\/50-ergonomische-einweg-kunststoffdosen-750-ml-fuer-frischeprodukte-fuer-feinkosthaendler\/#primaryimage"},"image":{"@id":"https:\/\/www.csj-emballages.com\/de\/produit\/50-ergonomische-einweg-kunststoffdosen-750-ml-fuer-frischeprodukte-fuer-feinkosthaendler\/#primaryimage"},"thumbnailUrl":"https:\/\/www.csj-emballages.com\/wp-content\/uploads\/2024\/03\/ERGO750.webp","datePublished":"2024-03-01T15:54:21+00:00","dateModified":"2026-05-01T00:12:31+00:00","description":"Frische-Cateringbox 750 ml mit Klappdeckel: Ideal zum Aufbewahren, Transportieren und Pr\u00e4sentieren Ihrer kalten Speisen. Los von 50.","breadcrumb":{"@id":"https:\/\/www.csj-emballages.com\/de\/produit\/50-ergonomische-einweg-kunststoffdosen-750-ml-fuer-frischeprodukte-fuer-feinkosthaendler\/#breadcrumb"},"inLanguage":"de","potentialAction":[{"@type":"ReadAction","target":["https:\/\/www.csj-emballages.com\/de\/produit\/50-ergonomische-einweg-kunststoffdosen-750-ml-fuer-frischeprodukte-fuer-feinkosthaendler\/"]}]},{"@type":"ImageObject","inLanguage":"de","@id":"https:\/\/www.csj-emballages.com\/de\/produit\/50-ergonomische-einweg-kunststoffdosen-750-ml-fuer-frischeprodukte-fuer-feinkosthaendler\/#primaryimage","url":"https:\/\/www.csj-emballages.com\/wp-content\/uploads\/2024\/03\/ERGO750.webp","contentUrl":"https:\/\/www.csj-emballages.com\/wp-content\/uploads\/2024\/03\/ERGO750.webp","width":800,"height":800,"caption":"Boite traiteur"},{"@type":"BreadcrumbList","@id":"https:\/\/www.csj-emballages.com\/de\/produit\/50-ergonomische-einweg-kunststoffdosen-750-ml-fuer-frischeprodukte-fuer-feinkosthaendler\/#breadcrumb","itemListElement":[{"@type":"ListItem","position":1,"name":"Accueil","item":"https:\/\/www.csj-emballages.com\/de\/universum-lebensmittelverpackungen\/"},{"@type":"ListItem","position":2,"name":"Shop","item":"https:\/\/www.csj-emballages.com\/shop\/"},{"@type":"ListItem","position":3,"name":"Frische Feinkostdose mit Scharnierdeckel 750 ml pro 50"}]},{"@type":"WebSite","@id":"https:\/\/www.csj-emballages.com\/de\/#website","url":"https:\/\/www.csj-emballages.com\/de\/","name":"CSJ Emballages","description":"","publisher":{"@id":"https:\/\/www.csj-emballages.com\/de\/#organization"},"potentialAction":[{"@type":"SearchAction","target":{"@type":"EntryPoint","urlTemplate":"https:\/\/www.csj-emballages.com\/de\/?s={search_term_string}"},"query-input":{"@type":"PropertyValueSpecification","valueRequired":true,"valueName":"search_term_string"}}],"inLanguage":"de"},{"@type":"Organization","@id":"https:\/\/www.csj-emballages.com\/de\/#Organization\/","name":"CSJ Emballages","url":"https:\/\/www.csj-emballages.com\/de\/","logo":{"@type":"ImageObject","inLanguage":"de","@id":"https:\/\/www.csj-emballages.com\/de\/#\/schema\/logo\/image\/","url":"https:\/\/www.csj-emballages.com\/wp-content\/uploads\/2023\/10\/logo_csj.webp","contentUrl":"https:\/\/www.csj-emballages.com\/wp-content\/uploads\/2023\/10\/logo_csj.webp","width":250,"height":95,"caption":"CSJ Emballages"},"image":{"@id":"https:\/\/www.csj-emballages.com\/de\/#\/schema\/logo\/image\/"},"sameAs":["https:\/\/www.facebook.com\/csjemballages"],"address":{"@type":"PostalAddress","streetAddress":"ZI La Lechere","addressLocality":"Patornay","postalCode":"39130","addressCountry":"FR"},"contactPoint":[{"@type":"ContactPoint","contactType":"Service client","telephone":"0384254272","email":"contact@csj-emballages.com"}]}]}},"df_price":8.18,"df_sale_price":"","df_regular_price":8.18,"df_image_link":"https:\/\/www.csj-emballages.com\/wp-content\/uploads\/2024\/03\/ERGO750-300x300.webp","tiered_pricing_type":"fixed","tiered_pricing_fixed_rules":[],"tiered_pricing_percentage_rules":[],"tiered_pricing_minimum":1,"tiered_pricing_roles_data":[],"_links":{"self":[{"href":"https:\/\/www.csj-emballages.com\/de\/wp-json\/wp\/v2\/product\/20744","targetHints":{"allow":["GET"]}}],"collection":[{"href":"https:\/\/www.csj-emballages.com\/de\/wp-json\/wp\/v2\/product"}],"about":[{"href":"https:\/\/www.csj-emballages.com\/de\/wp-json\/wp\/v2\/types\/product"}],"wp:featuredmedia":[{"embeddable":true,"href":"https:\/\/www.csj-emballages.com\/de\/wp-json\/wp\/v2\/media\/220725"}],"wp:attachment":[{"href":"https:\/\/www.csj-emballages.com\/de\/wp-json\/wp\/v2\/media?parent=20744"}],"wp:term":[{"taxonomy":"product_brand","embeddable":true,"href":"https:\/\/www.csj-emballages.com\/de\/wp-json\/wp\/v2\/product_brand?post=20744"},{"taxonomy":"product_cat","embeddable":true,"href":"https:\/\/www.csj-emballages.com\/de\/wp-json\/wp\/v2\/product_cat?post=20744"},{"taxonomy":"product_tag","embeddable":true,"href":"https:\/\/www.csj-emballages.com\/de\/wp-json\/wp\/v2\/product_tag?post=20744"}],"curies":[{"name":"wp","href":"https:\/\/api.w.org\/{rel}","templated":true}]}}