{"id":20733,"date":"2024-03-01T16:54:21","date_gmt":"2024-03-01T15:54:21","guid":{"rendered":"https:\/\/u15jnbdpoq.preview.infomaniak.website\/produit\/2-papierhandtuecher-50-formate\/"},"modified":"2026-04-14T02:16:14","modified_gmt":"2026-04-14T00:16:14","slug":"2-papierhandtuecher-50-formate","status":"publish","type":"product","link":"https:\/\/www.csj-emballages.com\/de\/produit\/2-papierhandtuecher-50-formate\/","title":{"rendered":"K\u00fcchenrolle 50 Blatt, 2er-Pack"},"content":{"rendered":"<h2>K\u00fcchenrolle<\/h2>\n<hr>\n<h3>Entdecken Sie unsere K\u00fcchenrolle 50 Blatt im 2er-Pack<\/h3>\n<p><!--more--><\/p>\n<p data-start=\"185\" data-end=\"597\">Die <strong data-start=\"187\" data-end=\"213\">K\u00fcchenrolle mit 50 Blatt<\/strong> ist die Art von Produkt, die man t\u00e4glich benutzt, ohne wirklich dar\u00fcber nachzudenken&#8230; bis zu dem Moment, in dem sie unverzichtbar wird. Ob zum Abwischen einer Arbeitsfl\u00e4che, zum Aufsaugen versch\u00fctteter Fl\u00fcssigkeiten oder zur schnellen Reinigung einer Oberfl\u00e4che \u2013 sie ist immer zur Stelle. Einfach, effizient und praktisch f\u00fcgt sie sich m\u00fchelos in den Alltag ein, sowohl zu Hause als auch im professionellen Umfeld.  <\/p>\n<p data-start=\"599\" data-end=\"1000\">Dank ihrer <strong data-start=\"611\" data-end=\"637\">50 Blatt pro Rolle<\/strong> verf\u00fcgen Sie \u00fcber eine ausreichende Menge, um kleine Missgeschicke sowie regelm\u00e4\u00dfige Reinigungen zu bew\u00e4ltigen. Jedes Blatt l\u00e4sst sich leicht abrei\u00dfen, was Verschwendung vermeidet und es erm\u00f6glicht, genau die ben\u00f6tigte Menge zu verwenden. Zudem spart ihre gute Saugf\u00e4higkeit Zeit: Ein oder zwei Bl\u00e4tter gen\u00fcgen oft, wo andere mehr ben\u00f6tigen.  <\/p>\n<p data-start=\"1002\" data-end=\"1282\">Verkauft <strong data-start=\"1008\" data-end=\"1033\">im 2er-Pack<\/strong>, bietet diese K\u00fcchenrolle eine gute Balance zwischen Praktikabilit\u00e4t und Lagerung. Sie findet leicht ihren Platz in einer K\u00fcche, einer Werkstatt, einem B\u00fcro, einem Gastronomiebereich oder einer Gemeinschaftseinrichtung. Einfach nehmen, wischen, entsorgen \u2013 und weiter geht&#8217;s.  <\/p>\n<p data-start=\"1284\" data-end=\"1476\">Ob f\u00fcr die t\u00e4gliche Pflege, die schnelle Reinigung oder den gelegentlichen Gebrauch \u2013 diese K\u00fcchenrolle erledigt die Arbeit, ohne die Dinge zu verkomplizieren. Sie ist da, wenn man sie braucht, diskret, aber effektiv. <\/p>\n<p data-start=\"1478\" data-end=\"1604\">Kurz gesagt, sie ist ein zuverl\u00e4ssiges Essential, das darauf ausgelegt ist, allt\u00e4gliche Handgriffe zu vereinfachen und R\u00e4ume m\u00fchelos sauber zu halten.<\/p>\n<p data-start=\"1478\" data-end=\"1604\"><!--more--><\/p>\n<h4 data-start=\"1478\" data-end=\"1604\">Vorteile :<\/h4>\n<ul>\n<li data-start=\"1632\" data-end=\"1657\"><strong>50 Blatt<\/strong> pro Rolle.<\/li>\n<li data-start=\"1660\" data-end=\"1690\">Gute Saugf\u00e4higkeit.<\/li>\n<li data-start=\"1693\" data-end=\"1723\">Leicht abtrennbare Bl\u00e4tter.<\/li>\n<li data-start=\"1726\" data-end=\"1757\">Einfache und schnelle Anwendung.<\/li>\n<li data-start=\"1760\" data-end=\"1810\">Geeignet f\u00fcr den privaten und professionellen Gebrauch.<\/li>\n<li data-start=\"1813\" data-end=\"1840\">Praktischer <strong>2er-Pack<\/strong>.<\/li>\n<\/ul>\n<p>&nbsp;<\/p>\n<p><!--more--><\/p>\n<h4>Weitere Informationen :<\/h4>\n<ul>\n<li><strong>Verpackung<\/strong> : 2er-Pack K\u00fcchenrollen<\/li>\n<li><strong>Ma\u00dfe<\/strong> : 23,5 x 23,5 cm<\/li>\n<li><strong>Kerndurchmesser<\/strong> : 3,5 cm<\/li>\n<li><strong>Rollendurchmesser<\/strong> : 11 cm<\/li>\n<li><strong>Rollenl\u00e4nge<\/strong> : 11,42 m<\/li>\n<li><strong>Grammatur<\/strong> : 21 g\/m\u00b2<\/li>\n<li><strong>Anzahl Blatt<\/strong> : 50<\/li>\n<li><strong>Material<\/strong> : Reine Zellulose<\/li>\n<\/ul>\n<p>&nbsp;<\/p>\n<p><!--more--><\/p>\n<p><a href=\"https:\/\/www.csj-emballages.com\/categorie-produit\/hygiene-et-entretiens\/essuyages\/essuie-mains\/essuies-mains-rouleaux\/?_gl=1*1qf72uz*_up*MQ..*_ga*NzE5OTExNjQuMTc2OTc1OTIwNw..*_ga_YNVJLRSSZT*czE3Njk3NjM1ODMkbzIkZzAkdDE3Njk3NjQ1MzUkajQ2JGwwJGgxMDI3NDM2Mzcx\">Entdecken Sie unsere weiteren Rollenhandt\u00fccher<\/a><\/p>\n","protected":false},"excerpt":{"rendered":"<p>K\u00fcchenrolle Entdecken Sie unsere K\u00fcchenrolle 50 Blatt im 2er-Pack<\/p>\n","protected":false},"featured_media":262863,"template":"","meta":{"_acf_changed":false},"product_brand":[],"product_cat":[1218,1377,1452,1453],"product_tag":[],"class_list":{"0":"post-20733","1":"product","2":"type-product","3":"status-publish","4":"has-post-thumbnail","6":"product_cat-hygiene-und-pflege","7":"product_cat-wischtucher","8":"product_cat-handtucher-de","9":"product_cat-handrollschirme","11":"first","12":"instock","13":"taxable","14":"shipping-taxable","15":"purchasable","16":"product-type-simple"},"acf":[],"yoast_head":"<!-- This site is optimized with the Yoast SEO Premium plugin v26.6 (Yoast SEO v26.6) - https:\/\/yoast.com\/wordpress\/plugins\/seo\/ -->\n<title>K\u00fcchenrolle 50 Blatt, 2er-Pack<\/title>\n<meta name=\"description\" content=\"K\u00fcchenrolle mit 50 Blatt, im 2er-Pack. Praktisch, saugf\u00e4hig und ideal f\u00fcr die t\u00e4gliche Reinigung in der K\u00fcche oder im professionellen Umfeld.\" \/>\n<meta name=\"robots\" content=\"index, follow, max-snippet:-1, max-image-preview:large, max-video-preview:-1\" \/>\n<link rel=\"canonical\" href=\"https:\/\/www.csj-emballages.com\/de\/produit\/2-papierhandtuecher-50-formate\/\" \/>\n<meta property=\"og:locale\" content=\"de_DE\" \/>\n<meta property=\"og:type\" content=\"article\" \/>\n<meta property=\"og:title\" content=\"K\u00fcchenrolle 50 Blatt, 2er-Pack\" \/>\n<meta property=\"og:description\" content=\"K\u00fcchenrolle mit 50 Blatt, im 2er-Pack. Praktisch, saugf\u00e4hig und ideal f\u00fcr die t\u00e4gliche Reinigung in der K\u00fcche oder im professionellen Umfeld.\" \/>\n<meta property=\"og:url\" content=\"https:\/\/www.csj-emballages.com\/de\/produit\/2-papierhandtuecher-50-formate\/\" \/>\n<meta property=\"og:site_name\" content=\"CSJ Emballages\" \/>\n<meta property=\"article:publisher\" content=\"https:\/\/www.facebook.com\/csjemballages\" \/>\n<meta property=\"article:modified_time\" content=\"2026-04-14T00:16:14+00:00\" \/>\n<meta property=\"og:image\" content=\"https:\/\/www.csj-emballages.com\/wp-content\/uploads\/2024\/03\/ESV.webp\" \/>\n\t<meta property=\"og:image:width\" content=\"800\" \/>\n\t<meta property=\"og:image:height\" content=\"800\" \/>\n\t<meta property=\"og:image:type\" content=\"image\/webp\" \/>\n<meta name=\"twitter:card\" content=\"summary_large_image\" \/>\n<meta name=\"twitter:label1\" content=\"Gesch\u00e4tzte Lesezeit\" \/>\n\t<meta name=\"twitter:data1\" content=\"2 Minuten\" \/>\n<script type=\"application\/ld+json\" class=\"yoast-schema-graph\">{\"@context\":\"https:\/\/schema.org\",\"@graph\":[{\"@type\":\"WebPage\",\"@id\":\"https:\/\/www.csj-emballages.com\/de\/produit\/2-papierhandtuecher-50-formate\/\",\"url\":\"https:\/\/www.csj-emballages.com\/de\/produit\/2-papierhandtuecher-50-formate\/\",\"name\":\"K\u00fcchenrolle 50 Blatt, 2er-Pack\",\"isPartOf\":{\"@id\":\"https:\/\/www.csj-emballages.com\/de\/#website\"},\"primaryImageOfPage\":{\"@id\":\"https:\/\/www.csj-emballages.com\/de\/produit\/2-papierhandtuecher-50-formate\/#primaryimage\"},\"image\":{\"@id\":\"https:\/\/www.csj-emballages.com\/de\/produit\/2-papierhandtuecher-50-formate\/#primaryimage\"},\"thumbnailUrl\":\"https:\/\/www.csj-emballages.com\/wp-content\/uploads\/2024\/03\/ESV.webp\",\"datePublished\":\"2024-03-01T15:54:21+00:00\",\"dateModified\":\"2026-04-14T00:16:14+00:00\",\"description\":\"K\u00fcchenrolle mit 50 Blatt, im 2er-Pack. Praktisch, saugf\u00e4hig und ideal f\u00fcr die t\u00e4gliche Reinigung in der K\u00fcche oder im professionellen Umfeld.\",\"breadcrumb\":{\"@id\":\"https:\/\/www.csj-emballages.com\/de\/produit\/2-papierhandtuecher-50-formate\/#breadcrumb\"},\"inLanguage\":\"de\",\"potentialAction\":[{\"@type\":\"ReadAction\",\"target\":[\"https:\/\/www.csj-emballages.com\/de\/produit\/2-papierhandtuecher-50-formate\/\"]}]},{\"@type\":\"ImageObject\",\"inLanguage\":\"de\",\"@id\":\"https:\/\/www.csj-emballages.com\/de\/produit\/2-papierhandtuecher-50-formate\/#primaryimage\",\"url\":\"https:\/\/www.csj-emballages.com\/wp-content\/uploads\/2024\/03\/ESV.webp\",\"contentUrl\":\"https:\/\/www.csj-emballages.com\/wp-content\/uploads\/2024\/03\/ESV.webp\",\"width\":800,\"height\":800,\"caption\":\"Essuie tout\"},{\"@type\":\"BreadcrumbList\",\"@id\":\"https:\/\/www.csj-emballages.com\/de\/produit\/2-papierhandtuecher-50-formate\/#breadcrumb\",\"itemListElement\":[{\"@type\":\"ListItem\",\"position\":1,\"name\":\"Accueil\",\"item\":\"https:\/\/www.csj-emballages.com\/de\/universum-lebensmittelverpackungen\/\"},{\"@type\":\"ListItem\",\"position\":2,\"name\":\"Shop\",\"item\":\"https:\/\/www.csj-emballages.com\/shop\/\"},{\"@type\":\"ListItem\",\"position\":3,\"name\":\"K\u00fcchenrolle 50 Blatt, 2er-Pack\"}]},{\"@type\":\"WebSite\",\"@id\":\"https:\/\/www.csj-emballages.com\/de\/#website\",\"url\":\"https:\/\/www.csj-emballages.com\/de\/\",\"name\":\"CSJ Emballages\",\"description\":\"\",\"publisher\":{\"@id\":\"https:\/\/www.csj-emballages.com\/de\/#organization\"},\"potentialAction\":[{\"@type\":\"SearchAction\",\"target\":{\"@type\":\"EntryPoint\",\"urlTemplate\":\"https:\/\/www.csj-emballages.com\/de\/?s={search_term_string}\"},\"query-input\":{\"@type\":\"PropertyValueSpecification\",\"valueRequired\":true,\"valueName\":\"search_term_string\"}}],\"inLanguage\":\"de\"},{\"@type\":\"Organization\",\"@id\":\"https:\/\/www.csj-emballages.com\/de\/#Organization\/\",\"name\":\"CSJ Emballages\",\"url\":\"https:\/\/www.csj-emballages.com\/de\/\",\"logo\":{\"@type\":\"ImageObject\",\"inLanguage\":\"de\",\"@id\":\"https:\/\/www.csj-emballages.com\/de\/#\/schema\/logo\/image\/\",\"url\":\"https:\/\/www.csj-emballages.com\/wp-content\/uploads\/2023\/10\/logo_csj.webp\",\"contentUrl\":\"https:\/\/www.csj-emballages.com\/wp-content\/uploads\/2023\/10\/logo_csj.webp\",\"width\":250,\"height\":95,\"caption\":\"CSJ Emballages\"},\"image\":{\"@id\":\"https:\/\/www.csj-emballages.com\/de\/#\/schema\/logo\/image\/\"},\"sameAs\":[\"https:\/\/www.facebook.com\/csjemballages\"],\"address\":{\"@type\":\"PostalAddress\",\"streetAddress\":\"ZI La Lechere\",\"addressLocality\":\"Patornay\",\"postalCode\":\"39130\",\"addressCountry\":\"FR\"},\"contactPoint\":[{\"@type\":\"ContactPoint\",\"contactType\":\"Service client\",\"telephone\":\"0384254272\",\"email\":\"contact@csj-emballages.com\"}]}]}<\/script>\n<!-- \/ Yoast SEO Premium plugin. -->","yoast_head_json":{"title":"K\u00fcchenrolle 50 Blatt, 2er-Pack","description":"K\u00fcchenrolle mit 50 Blatt, im 2er-Pack. Praktisch, saugf\u00e4hig und ideal f\u00fcr die t\u00e4gliche Reinigung in der K\u00fcche oder im professionellen Umfeld.","robots":{"index":"index","follow":"follow","max-snippet":"max-snippet:-1","max-image-preview":"max-image-preview:large","max-video-preview":"max-video-preview:-1"},"canonical":"https:\/\/www.csj-emballages.com\/de\/produit\/2-papierhandtuecher-50-formate\/","og_locale":"de_DE","og_type":"article","og_title":"K\u00fcchenrolle 50 Blatt, 2er-Pack","og_description":"K\u00fcchenrolle mit 50 Blatt, im 2er-Pack. Praktisch, saugf\u00e4hig und ideal f\u00fcr die t\u00e4gliche Reinigung in der K\u00fcche oder im professionellen Umfeld.","og_url":"https:\/\/www.csj-emballages.com\/de\/produit\/2-papierhandtuecher-50-formate\/","og_site_name":"CSJ Emballages","article_publisher":"https:\/\/www.facebook.com\/csjemballages","article_modified_time":"2026-04-14T00:16:14+00:00","og_image":[{"width":800,"height":800,"url":"https:\/\/www.csj-emballages.com\/wp-content\/uploads\/2024\/03\/ESV.webp","type":"image\/webp"}],"twitter_card":"summary_large_image","twitter_misc":{"Gesch\u00e4tzte Lesezeit":"2 Minuten"},"schema":{"@context":"https:\/\/schema.org","@graph":[{"@type":"WebPage","@id":"https:\/\/www.csj-emballages.com\/de\/produit\/2-papierhandtuecher-50-formate\/","url":"https:\/\/www.csj-emballages.com\/de\/produit\/2-papierhandtuecher-50-formate\/","name":"K\u00fcchenrolle 50 Blatt, 2er-Pack","isPartOf":{"@id":"https:\/\/www.csj-emballages.com\/de\/#website"},"primaryImageOfPage":{"@id":"https:\/\/www.csj-emballages.com\/de\/produit\/2-papierhandtuecher-50-formate\/#primaryimage"},"image":{"@id":"https:\/\/www.csj-emballages.com\/de\/produit\/2-papierhandtuecher-50-formate\/#primaryimage"},"thumbnailUrl":"https:\/\/www.csj-emballages.com\/wp-content\/uploads\/2024\/03\/ESV.webp","datePublished":"2024-03-01T15:54:21+00:00","dateModified":"2026-04-14T00:16:14+00:00","description":"K\u00fcchenrolle mit 50 Blatt, im 2er-Pack. Praktisch, saugf\u00e4hig und ideal f\u00fcr die t\u00e4gliche Reinigung in der K\u00fcche oder im professionellen Umfeld.","breadcrumb":{"@id":"https:\/\/www.csj-emballages.com\/de\/produit\/2-papierhandtuecher-50-formate\/#breadcrumb"},"inLanguage":"de","potentialAction":[{"@type":"ReadAction","target":["https:\/\/www.csj-emballages.com\/de\/produit\/2-papierhandtuecher-50-formate\/"]}]},{"@type":"ImageObject","inLanguage":"de","@id":"https:\/\/www.csj-emballages.com\/de\/produit\/2-papierhandtuecher-50-formate\/#primaryimage","url":"https:\/\/www.csj-emballages.com\/wp-content\/uploads\/2024\/03\/ESV.webp","contentUrl":"https:\/\/www.csj-emballages.com\/wp-content\/uploads\/2024\/03\/ESV.webp","width":800,"height":800,"caption":"Essuie tout"},{"@type":"BreadcrumbList","@id":"https:\/\/www.csj-emballages.com\/de\/produit\/2-papierhandtuecher-50-formate\/#breadcrumb","itemListElement":[{"@type":"ListItem","position":1,"name":"Accueil","item":"https:\/\/www.csj-emballages.com\/de\/universum-lebensmittelverpackungen\/"},{"@type":"ListItem","position":2,"name":"Shop","item":"https:\/\/www.csj-emballages.com\/shop\/"},{"@type":"ListItem","position":3,"name":"K\u00fcchenrolle 50 Blatt, 2er-Pack"}]},{"@type":"WebSite","@id":"https:\/\/www.csj-emballages.com\/de\/#website","url":"https:\/\/www.csj-emballages.com\/de\/","name":"CSJ Emballages","description":"","publisher":{"@id":"https:\/\/www.csj-emballages.com\/de\/#organization"},"potentialAction":[{"@type":"SearchAction","target":{"@type":"EntryPoint","urlTemplate":"https:\/\/www.csj-emballages.com\/de\/?s={search_term_string}"},"query-input":{"@type":"PropertyValueSpecification","valueRequired":true,"valueName":"search_term_string"}}],"inLanguage":"de"},{"@type":"Organization","@id":"https:\/\/www.csj-emballages.com\/de\/#Organization\/","name":"CSJ Emballages","url":"https:\/\/www.csj-emballages.com\/de\/","logo":{"@type":"ImageObject","inLanguage":"de","@id":"https:\/\/www.csj-emballages.com\/de\/#\/schema\/logo\/image\/","url":"https:\/\/www.csj-emballages.com\/wp-content\/uploads\/2023\/10\/logo_csj.webp","contentUrl":"https:\/\/www.csj-emballages.com\/wp-content\/uploads\/2023\/10\/logo_csj.webp","width":250,"height":95,"caption":"CSJ Emballages"},"image":{"@id":"https:\/\/www.csj-emballages.com\/de\/#\/schema\/logo\/image\/"},"sameAs":["https:\/\/www.facebook.com\/csjemballages"],"address":{"@type":"PostalAddress","streetAddress":"ZI La Lechere","addressLocality":"Patornay","postalCode":"39130","addressCountry":"FR"},"contactPoint":[{"@type":"ContactPoint","contactType":"Service client","telephone":"0384254272","email":"contact@csj-emballages.com"}]}]}},"df_price":1.87,"df_sale_price":"","df_regular_price":1.87,"df_image_link":"https:\/\/www.csj-emballages.com\/wp-content\/uploads\/2024\/03\/ESV-300x300.webp","tiered_pricing_type":"fixed","tiered_pricing_fixed_rules":[],"tiered_pricing_percentage_rules":[],"tiered_pricing_minimum":1,"tiered_pricing_roles_data":[],"_links":{"self":[{"href":"https:\/\/www.csj-emballages.com\/de\/wp-json\/wp\/v2\/product\/20733","targetHints":{"allow":["GET"]}}],"collection":[{"href":"https:\/\/www.csj-emballages.com\/de\/wp-json\/wp\/v2\/product"}],"about":[{"href":"https:\/\/www.csj-emballages.com\/de\/wp-json\/wp\/v2\/types\/product"}],"wp:featuredmedia":[{"embeddable":true,"href":"https:\/\/www.csj-emballages.com\/de\/wp-json\/wp\/v2\/media\/262863"}],"wp:attachment":[{"href":"https:\/\/www.csj-emballages.com\/de\/wp-json\/wp\/v2\/media?parent=20733"}],"wp:term":[{"taxonomy":"product_brand","embeddable":true,"href":"https:\/\/www.csj-emballages.com\/de\/wp-json\/wp\/v2\/product_brand?post=20733"},{"taxonomy":"product_cat","embeddable":true,"href":"https:\/\/www.csj-emballages.com\/de\/wp-json\/wp\/v2\/product_cat?post=20733"},{"taxonomy":"product_tag","embeddable":true,"href":"https:\/\/www.csj-emballages.com\/de\/wp-json\/wp\/v2\/product_tag?post=20733"}],"curies":[{"name":"wp","href":"https:\/\/api.w.org\/{rel}","templated":true}]}}