{"id":20719,"date":"2024-03-01T16:54:23","date_gmt":"2024-03-01T15:54:23","guid":{"rendered":"https:\/\/u15jnbdpoq.preview.infomaniak.website\/produit\/10-gruene-stempel-auf-blondem-schwamm-110-x-70-x-22-mm\/"},"modified":"2026-04-30T15:00:50","modified_gmt":"2026-04-30T13:00:50","slug":"10-gruene-stempel-auf-blondem-schwamm-110-x-70-x-22-mm","status":"publish","type":"product","link":"https:\/\/www.csj-emballages.com\/de\/produit\/10-gruene-stempel-auf-blondem-schwamm-110-x-70-x-22-mm\/","title":{"rendered":"Schwamm 110 x 70 x 22 mm 10 St\u00fcck"},"content":{"rendered":"<h2>Schwamm<\/h2>\n<hr>\n<h3>Beschreibung unseres Schwamms 110 x 70 x 22 mm pro 10 St\u00fcck<\/h3>\n<p><!--more--><\/p>\n<div class=\"flex max-w-full flex-col flex-grow\">\n<div class=\"min-h-8 text-message flex w-full flex-col items-end gap-2 whitespace-normal break-words text-start [.text-message+&amp;]:mt-5\" dir=\"auto\" data-message-author-role=\"assistant\" data-message-id=\"266ca6f3-5e07-4948-bd20-80ac5e6da4a5\" data-message-model-slug=\"gpt-4o\">\n<div class=\"flex w-full flex-col gap-1 empty:hidden first:pt-[3px]\">\n<div class=\"markdown prose w-full break-words dark:prose-invert dark\">\n<p data-start=\"232\" data-end=\"618\">Wir alle brauchen einen <strong>Schwamm<\/strong>, auf den man sich wirklich verlassen kann, und dieser erf\u00fcllt seine Aufgabe eindeutig. Mit seinem Format von <strong data-start=\"353\" data-end=\"373\">110 x 70 x 22 mm<\/strong> liegt er gut in der Hand und erm\u00f6glicht eine effiziente Reinigung ohne unn\u00f6tigen Aufwand. Weder zu gro\u00df noch zu d\u00fcnn, bietet er eine gute Balance zwischen Komfort und Effizienz, sei es f\u00fcr Geschirr, Arbeitsfl\u00e4chen oder die allgemeine Reinigung.  <\/p>\n<p data-start=\"620\" data-end=\"916\">Auf der einen Seite hilft seine <strong>gr\u00fcne Scheuerseite<\/strong>, hartn\u00e4ckige R\u00fcckst\u00e4nde zu l\u00f6sen, selbst wenn es etwas klebt. Auf der anderen Seite absorbiert die <strong>gelbe Seite<\/strong> schnell Wasser und Schmutz, was ein schnelleres und saubereres Reinigen erm\u00f6glicht. So sparen Sie Zeit und erhalten gleichzeitig makellose Oberfl\u00e4chen.  <\/p>\n<p data-start=\"918\" data-end=\"1204\">Zudem ist dieser <strong>Schwamm<\/strong> auf Langlebigkeit ausgelegt. Er h\u00e4lt wiederholtem Gebrauch stand und beh\u00e4lt seine Form W\u00e4sche f\u00fcr W\u00e4sche. Er ist somit eine praktische Wahl f\u00fcr Gro\u00dfk\u00fcchen, \u00f6ffentliche Einrichtungen, Restaurants oder einfach f\u00fcr den t\u00e4glichen Gebrauch zu Hause.  <\/p>\n<p data-start=\"1206\" data-end=\"1475\">Das <strong data-start=\"1209\" data-end=\"1222\">10er-Pack<\/strong> ist besonders clever: Sie haben immer einen zur Hand, ohne zu oft nachkaufen zu m\u00fcssen. Dies erleichtert die Organisation und erm\u00f6glicht eine einfachere Hygieneverwaltung. <\/p>\n<p data-start=\"1477\" data-end=\"1618\">Zusammenfassend ist dieser <strong>Schwamm<\/strong> einfach, effektiv und zuverl\u00e4ssig. Er verspricht nicht mehr, als er leistet, aber er leistet es gut, Tag f\u00fcr Tag. <\/p>\n<\/div>\n<\/div>\n<\/div>\n<\/div>\n<p><!--more--><\/p>\n<h4>Vorteile :<\/h4>\n<ul>\n<li>Angepasste Abmessungen f\u00fcr eine gute Handhabung.<\/li>\n<li>Geeignet f\u00fcr K\u00fcche, Bad und diverse Oberfl\u00e4chen.<\/li>\n<li>Ideal f\u00fcr eine schnelle und effektive Reinigung.<\/li>\n<li>F\u00fcr eine lange Nutzungsdauer konzipiert.<\/li>\n<\/ul>\n<p>&nbsp;<\/p>\n<p><!--more--><\/p>\n<h4>Weitere Informationen :<\/h4>\n<ul>\n<li><strong>Verpackung<\/strong>: Packung mit 10 St\u00fcck<\/li>\n<li><strong>Abmessungen<\/strong>: 110 x 70 x 22 mm (L x B x H in cm)<\/li>\n<li><strong>Farbe<\/strong>: Gelb \/ Gr\u00fcn<\/li>\n<\/ul>\n<p>&nbsp;<\/p>\n<p><!--more--><\/p>\n<p>Entdecken Sie hier unsere 5 weiteren Schwammtypen: <span style=\"color: #d12727;\"><a style=\"color: #d12727;\" href=\"https:\/\/www.csj-emballages.com\/de\/produit\/10-blaue-stempel-auf-weissem-schwamm-110-x-70-x-22-mm\/\">Blauer Hygiene-Schwamm<\/a><\/span> \/ <span style=\"color: #d12727;\"><a style=\"color: #d12727;\" href=\"https:\/\/www.csj-emballages.com\/pt-pt\/produit\/5-esponjas-magicas-de-melamina-110-x-70-x-30-mm\/\">Zauberschwamm<\/a><\/span> \/ <span style=\"color: #d12727;\"><a style=\"color: #d12727;\" href=\"https:\/\/www.csj-emballages.com\/pt-pt\/produit\/10-esferas-em-espiral-de-aco-inoxidavel-40-grs\/\">Edelstahl-Schwamm 40 g<\/a><\/span> \/ <span style=\"color: #d12727;\"><a style=\"color: #d12727;\" href=\"https:\/\/www.csj-emballages.com\/pt-pt\/produit\/10-esferas-espirais-de-aco-inoxidavel-60-grs\/\">Edelstahl-Schwamm 60 g<\/a> <span style=\"color: #000000;\">\/<\/span> <a style=\"color: #d12727;\" href=\"https:\/\/www.csj-emballages.com\/produit\/10-eponge-non-bordees-n4\/\">Pflanzenschwamm<\/a><\/span><\/p>\n<p>&nbsp;<\/p>\n<p><!--more--><\/p>\n<p><a href=\"https:\/\/www.csj-emballages.com\/de\/categorie-produit\/hygiene-und-pflege\/schwamme-spultucher-kuchentucher\/schwamme-schleifmittel\/\">Sehen Sie sich den Rest unseres Schwamm-\/Schleifmittelangebots an.<\/a><\/p>\n","protected":false},"excerpt":{"rendered":"<p>Schwamm Beschreibung unseres Schwamms 110 x 70 x 22 mm pro 10 St\u00fcck<\/p>\n","protected":false},"featured_media":221797,"template":"","meta":{"_acf_changed":false},"product_brand":[],"product_cat":[1218,1423,2000],"product_tag":[],"class_list":{"0":"post-20719","1":"product","2":"type-product","3":"status-publish","4":"has-post-thumbnail","6":"product_cat-hygiene-und-pflege","7":"product_cat-schwamme-spultucher-kuchentucher","8":"product_cat-schwamme-schleifmittel","10":"first","11":"instock","12":"taxable","13":"shipping-taxable","14":"purchasable","15":"product-type-simple"},"acf":[],"yoast_head":"<!-- This site is optimized with the Yoast SEO Premium plugin v26.6 (Yoast SEO v26.6) - https:\/\/yoast.com\/wordpress\/plugins\/seo\/ -->\n<title>Schwamm 110 x 70 x 22 mm 10 St\u00fcck<\/title>\n<meta name=\"description\" content=\"Schw\u00e4mme 110 x 70 x 22 mm, ideal f\u00fcr eine effektive und langanhaltende Reinigung. Absorbierend und widerstandsf\u00e4hig, geeignet f\u00fcr Berufst\u00e4tige \/ Privatpersonen\" \/>\n<meta name=\"robots\" content=\"index, follow, max-snippet:-1, max-image-preview:large, max-video-preview:-1\" \/>\n<link rel=\"canonical\" href=\"https:\/\/www.csj-emballages.com\/de\/produit\/10-gruene-stempel-auf-blondem-schwamm-110-x-70-x-22-mm\/\" \/>\n<meta property=\"og:locale\" content=\"de_DE\" \/>\n<meta property=\"og:type\" content=\"article\" \/>\n<meta property=\"og:title\" content=\"Schwamm 110 x 70 x 22 mm 10 St\u00fcck\" \/>\n<meta property=\"og:description\" content=\"Schw\u00e4mme 110 x 70 x 22 mm, ideal f\u00fcr eine effektive und langanhaltende Reinigung. Absorbierend und widerstandsf\u00e4hig, geeignet f\u00fcr Berufst\u00e4tige \/ Privatpersonen\" \/>\n<meta property=\"og:url\" content=\"https:\/\/www.csj-emballages.com\/de\/produit\/10-gruene-stempel-auf-blondem-schwamm-110-x-70-x-22-mm\/\" \/>\n<meta property=\"og:site_name\" content=\"CSJ Emballages\" \/>\n<meta property=\"article:publisher\" content=\"https:\/\/www.facebook.com\/csjemballages\" \/>\n<meta property=\"article:modified_time\" content=\"2026-04-30T13:00:50+00:00\" \/>\n<meta property=\"og:image\" content=\"https:\/\/www.csj-emballages.com\/wp-content\/uploads\/2024\/03\/eponge.webp\" \/>\n\t<meta property=\"og:image:width\" content=\"800\" \/>\n\t<meta property=\"og:image:height\" content=\"800\" \/>\n\t<meta property=\"og:image:type\" content=\"image\/webp\" \/>\n<meta name=\"twitter:card\" content=\"summary_large_image\" \/>\n<meta name=\"twitter:label1\" content=\"Gesch\u00e4tzte Lesezeit\" \/>\n\t<meta name=\"twitter:data1\" content=\"2 Minuten\" \/>\n<script type=\"application\/ld+json\" class=\"yoast-schema-graph\">{\"@context\":\"https:\/\/schema.org\",\"@graph\":[{\"@type\":\"WebPage\",\"@id\":\"https:\/\/www.csj-emballages.com\/de\/produit\/10-gruene-stempel-auf-blondem-schwamm-110-x-70-x-22-mm\/\",\"url\":\"https:\/\/www.csj-emballages.com\/de\/produit\/10-gruene-stempel-auf-blondem-schwamm-110-x-70-x-22-mm\/\",\"name\":\"Schwamm 110 x 70 x 22 mm 10 St\u00fcck\",\"isPartOf\":{\"@id\":\"https:\/\/www.csj-emballages.com\/de\/#website\"},\"primaryImageOfPage\":{\"@id\":\"https:\/\/www.csj-emballages.com\/de\/produit\/10-gruene-stempel-auf-blondem-schwamm-110-x-70-x-22-mm\/#primaryimage\"},\"image\":{\"@id\":\"https:\/\/www.csj-emballages.com\/de\/produit\/10-gruene-stempel-auf-blondem-schwamm-110-x-70-x-22-mm\/#primaryimage\"},\"thumbnailUrl\":\"https:\/\/www.csj-emballages.com\/wp-content\/uploads\/2024\/03\/eponge.webp\",\"datePublished\":\"2024-03-01T15:54:23+00:00\",\"dateModified\":\"2026-04-30T13:00:50+00:00\",\"description\":\"Schw\u00e4mme 110 x 70 x 22 mm, ideal f\u00fcr eine effektive und langanhaltende Reinigung. Absorbierend und widerstandsf\u00e4hig, geeignet f\u00fcr Berufst\u00e4tige \/ Privatpersonen\",\"breadcrumb\":{\"@id\":\"https:\/\/www.csj-emballages.com\/de\/produit\/10-gruene-stempel-auf-blondem-schwamm-110-x-70-x-22-mm\/#breadcrumb\"},\"inLanguage\":\"de\",\"potentialAction\":[{\"@type\":\"ReadAction\",\"target\":[\"https:\/\/www.csj-emballages.com\/de\/produit\/10-gruene-stempel-auf-blondem-schwamm-110-x-70-x-22-mm\/\"]}]},{\"@type\":\"ImageObject\",\"inLanguage\":\"de\",\"@id\":\"https:\/\/www.csj-emballages.com\/de\/produit\/10-gruene-stempel-auf-blondem-schwamm-110-x-70-x-22-mm\/#primaryimage\",\"url\":\"https:\/\/www.csj-emballages.com\/wp-content\/uploads\/2024\/03\/eponge.webp\",\"contentUrl\":\"https:\/\/www.csj-emballages.com\/wp-content\/uploads\/2024\/03\/eponge.webp\",\"width\":800,\"height\":800,\"caption\":\"\u00c9ponge\"},{\"@type\":\"BreadcrumbList\",\"@id\":\"https:\/\/www.csj-emballages.com\/de\/produit\/10-gruene-stempel-auf-blondem-schwamm-110-x-70-x-22-mm\/#breadcrumb\",\"itemListElement\":[{\"@type\":\"ListItem\",\"position\":1,\"name\":\"Accueil\",\"item\":\"https:\/\/www.csj-emballages.com\/de\/universum-lebensmittelverpackungen\/\"},{\"@type\":\"ListItem\",\"position\":2,\"name\":\"Shop\",\"item\":\"https:\/\/www.csj-emballages.com\/shop\/\"},{\"@type\":\"ListItem\",\"position\":3,\"name\":\"Schwamm 110 x 70 x 22 mm 10 St\u00fcck\"}]},{\"@type\":\"WebSite\",\"@id\":\"https:\/\/www.csj-emballages.com\/de\/#website\",\"url\":\"https:\/\/www.csj-emballages.com\/de\/\",\"name\":\"CSJ Emballages\",\"description\":\"\",\"publisher\":{\"@id\":\"https:\/\/www.csj-emballages.com\/de\/#organization\"},\"potentialAction\":[{\"@type\":\"SearchAction\",\"target\":{\"@type\":\"EntryPoint\",\"urlTemplate\":\"https:\/\/www.csj-emballages.com\/de\/?s={search_term_string}\"},\"query-input\":{\"@type\":\"PropertyValueSpecification\",\"valueRequired\":true,\"valueName\":\"search_term_string\"}}],\"inLanguage\":\"de\"},{\"@type\":\"Organization\",\"@id\":\"https:\/\/www.csj-emballages.com\/de\/#Organization\/\",\"name\":\"CSJ Emballages\",\"url\":\"https:\/\/www.csj-emballages.com\/de\/\",\"logo\":{\"@type\":\"ImageObject\",\"inLanguage\":\"de\",\"@id\":\"https:\/\/www.csj-emballages.com\/de\/#\/schema\/logo\/image\/\",\"url\":\"https:\/\/www.csj-emballages.com\/wp-content\/uploads\/2023\/10\/logo_csj.webp\",\"contentUrl\":\"https:\/\/www.csj-emballages.com\/wp-content\/uploads\/2023\/10\/logo_csj.webp\",\"width\":250,\"height\":95,\"caption\":\"CSJ Emballages\"},\"image\":{\"@id\":\"https:\/\/www.csj-emballages.com\/de\/#\/schema\/logo\/image\/\"},\"sameAs\":[\"https:\/\/www.facebook.com\/csjemballages\"],\"address\":{\"@type\":\"PostalAddress\",\"streetAddress\":\"ZI La Lechere\",\"addressLocality\":\"Patornay\",\"postalCode\":\"39130\",\"addressCountry\":\"FR\"},\"contactPoint\":[{\"@type\":\"ContactPoint\",\"contactType\":\"Service client\",\"telephone\":\"0384254272\",\"email\":\"contact@csj-emballages.com\"}]}]}<\/script>\n<!-- \/ Yoast SEO Premium plugin. -->","yoast_head_json":{"title":"Schwamm 110 x 70 x 22 mm 10 St\u00fcck","description":"Schw\u00e4mme 110 x 70 x 22 mm, ideal f\u00fcr eine effektive und langanhaltende Reinigung. Absorbierend und widerstandsf\u00e4hig, geeignet f\u00fcr Berufst\u00e4tige \/ Privatpersonen","robots":{"index":"index","follow":"follow","max-snippet":"max-snippet:-1","max-image-preview":"max-image-preview:large","max-video-preview":"max-video-preview:-1"},"canonical":"https:\/\/www.csj-emballages.com\/de\/produit\/10-gruene-stempel-auf-blondem-schwamm-110-x-70-x-22-mm\/","og_locale":"de_DE","og_type":"article","og_title":"Schwamm 110 x 70 x 22 mm 10 St\u00fcck","og_description":"Schw\u00e4mme 110 x 70 x 22 mm, ideal f\u00fcr eine effektive und langanhaltende Reinigung. Absorbierend und widerstandsf\u00e4hig, geeignet f\u00fcr Berufst\u00e4tige \/ Privatpersonen","og_url":"https:\/\/www.csj-emballages.com\/de\/produit\/10-gruene-stempel-auf-blondem-schwamm-110-x-70-x-22-mm\/","og_site_name":"CSJ Emballages","article_publisher":"https:\/\/www.facebook.com\/csjemballages","article_modified_time":"2026-04-30T13:00:50+00:00","og_image":[{"width":800,"height":800,"url":"https:\/\/www.csj-emballages.com\/wp-content\/uploads\/2024\/03\/eponge.webp","type":"image\/webp"}],"twitter_card":"summary_large_image","twitter_misc":{"Gesch\u00e4tzte Lesezeit":"2 Minuten"},"schema":{"@context":"https:\/\/schema.org","@graph":[{"@type":"WebPage","@id":"https:\/\/www.csj-emballages.com\/de\/produit\/10-gruene-stempel-auf-blondem-schwamm-110-x-70-x-22-mm\/","url":"https:\/\/www.csj-emballages.com\/de\/produit\/10-gruene-stempel-auf-blondem-schwamm-110-x-70-x-22-mm\/","name":"Schwamm 110 x 70 x 22 mm 10 St\u00fcck","isPartOf":{"@id":"https:\/\/www.csj-emballages.com\/de\/#website"},"primaryImageOfPage":{"@id":"https:\/\/www.csj-emballages.com\/de\/produit\/10-gruene-stempel-auf-blondem-schwamm-110-x-70-x-22-mm\/#primaryimage"},"image":{"@id":"https:\/\/www.csj-emballages.com\/de\/produit\/10-gruene-stempel-auf-blondem-schwamm-110-x-70-x-22-mm\/#primaryimage"},"thumbnailUrl":"https:\/\/www.csj-emballages.com\/wp-content\/uploads\/2024\/03\/eponge.webp","datePublished":"2024-03-01T15:54:23+00:00","dateModified":"2026-04-30T13:00:50+00:00","description":"Schw\u00e4mme 110 x 70 x 22 mm, ideal f\u00fcr eine effektive und langanhaltende Reinigung. Absorbierend und widerstandsf\u00e4hig, geeignet f\u00fcr Berufst\u00e4tige \/ Privatpersonen","breadcrumb":{"@id":"https:\/\/www.csj-emballages.com\/de\/produit\/10-gruene-stempel-auf-blondem-schwamm-110-x-70-x-22-mm\/#breadcrumb"},"inLanguage":"de","potentialAction":[{"@type":"ReadAction","target":["https:\/\/www.csj-emballages.com\/de\/produit\/10-gruene-stempel-auf-blondem-schwamm-110-x-70-x-22-mm\/"]}]},{"@type":"ImageObject","inLanguage":"de","@id":"https:\/\/www.csj-emballages.com\/de\/produit\/10-gruene-stempel-auf-blondem-schwamm-110-x-70-x-22-mm\/#primaryimage","url":"https:\/\/www.csj-emballages.com\/wp-content\/uploads\/2024\/03\/eponge.webp","contentUrl":"https:\/\/www.csj-emballages.com\/wp-content\/uploads\/2024\/03\/eponge.webp","width":800,"height":800,"caption":"\u00c9ponge"},{"@type":"BreadcrumbList","@id":"https:\/\/www.csj-emballages.com\/de\/produit\/10-gruene-stempel-auf-blondem-schwamm-110-x-70-x-22-mm\/#breadcrumb","itemListElement":[{"@type":"ListItem","position":1,"name":"Accueil","item":"https:\/\/www.csj-emballages.com\/de\/universum-lebensmittelverpackungen\/"},{"@type":"ListItem","position":2,"name":"Shop","item":"https:\/\/www.csj-emballages.com\/shop\/"},{"@type":"ListItem","position":3,"name":"Schwamm 110 x 70 x 22 mm 10 St\u00fcck"}]},{"@type":"WebSite","@id":"https:\/\/www.csj-emballages.com\/de\/#website","url":"https:\/\/www.csj-emballages.com\/de\/","name":"CSJ Emballages","description":"","publisher":{"@id":"https:\/\/www.csj-emballages.com\/de\/#organization"},"potentialAction":[{"@type":"SearchAction","target":{"@type":"EntryPoint","urlTemplate":"https:\/\/www.csj-emballages.com\/de\/?s={search_term_string}"},"query-input":{"@type":"PropertyValueSpecification","valueRequired":true,"valueName":"search_term_string"}}],"inLanguage":"de"},{"@type":"Organization","@id":"https:\/\/www.csj-emballages.com\/de\/#Organization\/","name":"CSJ Emballages","url":"https:\/\/www.csj-emballages.com\/de\/","logo":{"@type":"ImageObject","inLanguage":"de","@id":"https:\/\/www.csj-emballages.com\/de\/#\/schema\/logo\/image\/","url":"https:\/\/www.csj-emballages.com\/wp-content\/uploads\/2023\/10\/logo_csj.webp","contentUrl":"https:\/\/www.csj-emballages.com\/wp-content\/uploads\/2023\/10\/logo_csj.webp","width":250,"height":95,"caption":"CSJ Emballages"},"image":{"@id":"https:\/\/www.csj-emballages.com\/de\/#\/schema\/logo\/image\/"},"sameAs":["https:\/\/www.facebook.com\/csjemballages"],"address":{"@type":"PostalAddress","streetAddress":"ZI La Lechere","addressLocality":"Patornay","postalCode":"39130","addressCountry":"FR"},"contactPoint":[{"@type":"ContactPoint","contactType":"Service client","telephone":"0384254272","email":"contact@csj-emballages.com"}]}]}},"df_price":5.99,"df_sale_price":"","df_regular_price":5.99,"df_image_link":"https:\/\/www.csj-emballages.com\/wp-content\/uploads\/2024\/03\/eponge-300x300.webp","tiered_pricing_type":"fixed","tiered_pricing_fixed_rules":[],"tiered_pricing_percentage_rules":[],"tiered_pricing_minimum":1,"tiered_pricing_roles_data":[],"_links":{"self":[{"href":"https:\/\/www.csj-emballages.com\/de\/wp-json\/wp\/v2\/product\/20719","targetHints":{"allow":["GET"]}}],"collection":[{"href":"https:\/\/www.csj-emballages.com\/de\/wp-json\/wp\/v2\/product"}],"about":[{"href":"https:\/\/www.csj-emballages.com\/de\/wp-json\/wp\/v2\/types\/product"}],"wp:featuredmedia":[{"embeddable":true,"href":"https:\/\/www.csj-emballages.com\/de\/wp-json\/wp\/v2\/media\/221797"}],"wp:attachment":[{"href":"https:\/\/www.csj-emballages.com\/de\/wp-json\/wp\/v2\/media?parent=20719"}],"wp:term":[{"taxonomy":"product_brand","embeddable":true,"href":"https:\/\/www.csj-emballages.com\/de\/wp-json\/wp\/v2\/product_brand?post=20719"},{"taxonomy":"product_cat","embeddable":true,"href":"https:\/\/www.csj-emballages.com\/de\/wp-json\/wp\/v2\/product_cat?post=20719"},{"taxonomy":"product_tag","embeddable":true,"href":"https:\/\/www.csj-emballages.com\/de\/wp-json\/wp\/v2\/product_tag?post=20719"}],"curies":[{"name":"wp","href":"https:\/\/api.w.org\/{rel}","templated":true}]}}