{"id":20710,"date":"2024-03-01T16:54:23","date_gmt":"2024-03-01T15:54:23","guid":{"rendered":"https:\/\/u15jnbdpoq.preview.infomaniak.website\/produit\/10-blaue-stempel-auf-weissem-schwamm-110-x-70-x-22-mm\/"},"modified":"2026-03-31T02:14:01","modified_gmt":"2026-03-31T00:14:01","slug":"10-blaue-stempel-auf-weissem-schwamm-110-x-70-x-22-mm","status":"publish","type":"product","link":"https:\/\/www.csj-emballages.com\/de\/produit\/10-blaue-stempel-auf-weissem-schwamm-110-x-70-x-22-mm\/","title":{"rendered":"Sanit\u00e4rblauer Schwamm 110 x 70 x 22 mm pro 10"},"content":{"rendered":"<h2>Blauer Schwamm<\/h2>\n<hr>\n<h3>Beschreibung von unserem Sanit\u00e4rblauen Schwamm 110 x 70 x 22 mm pro 10 St\u00fcck<\/h3>\n<p><!--more--><\/p>\n<div class=\"flex max-w-full flex-col flex-grow\">\n<div class=\"min-h-8 text-message flex w-full flex-col items-end gap-2 whitespace-normal break-words text-start [.text-message+&amp;]:mt-5\" dir=\"auto\" data-message-author-role=\"assistant\" data-message-id=\"266ca6f3-5e07-4948-bd20-80ac5e6da4a5\" data-message-model-slug=\"gpt-4o\">\n<div class=\"flex w-full flex-col gap-1 empty:hidden first:pt-[3px]\">\n<div class=\"markdown prose w-full break-words dark:prose-invert dark\">\n<p data-start=\"289\" data-end=\"729\">Die Reinigung von <strong>Sanit\u00e4ranlagen<\/strong> ist selten angenehm. Nutzen Sie daher ein Werkzeug, das wirklich \u00fcberzeugt. Dieser <strong data-start=\"421\" data-end=\"447\">blaue Sanit\u00e4rschwamm<\/strong> ist zielgerichtet konzipiert: Er reinigt effektiv, ohne Ihre Routine zu erschweren. Sein Format von <strong data-start=\"556\" data-end=\"576\">110 x 70 x 22 mm<\/strong> liegt perfekt in der Hand und erm\u00f6glicht pr\u00e4zises Schrubben, selbst an schwer zug\u00e4nglichen Stellen wie Kanten, Fugen oder Ecken.  <\/p>\n<p data-start=\"731\" data-end=\"1074\">Dank ihrer <strong>wei\u00dfen Scheuerseite<\/strong> beseitigt sie m\u00fchelos hartn\u00e4ckige Verschmutzungen, Kalk und festsitzende R\u00fcckst\u00e4nde. Gleichzeitig nimmt der blaue Schaum Wasser und Reinigungsmittel gut auf, was das Absp\u00fclen erleichtert und die Oberfl\u00e4chen m\u00fchelos sauber hinterl\u00e4sst. So sparen Sie Zeit und erzielen ein klares, sichtbares Ergebnis.  <\/p>\n<p data-start=\"1076\" data-end=\"1406\">Der <strong>blaue Farbcode<\/strong> ist \u00fcbrigens kein Zufall. Er erm\u00f6glicht die schnelle Identifizierung des Sanit\u00e4rschwamms und minimiert so das Risiko einer Kreuzkontamination. Ein echter Vorteil, besonders in professionellen Umgebungen wie Restaurants, \u00f6ffentlichen Einrichtungen, Hotels oder Reinigungsfirmen.  <\/p>\n<p data-start=\"1408\" data-end=\"1670\">Das <strong data-start=\"1411\" data-end=\"1432\">10er-Set Schw\u00e4mme<\/strong> ist ideal, um stets sauberes Material griffbereit zu haben, ohne den Vorrat zu oft aufstocken zu m\u00fcssen. Sie eignen sich f\u00fcr intensiven Gebrauch sowie f\u00fcr die regelm\u00e4\u00dfige Pflege und behalten ihre Wirksamkeit Waschgang f\u00fcr Waschgang bei. <\/p>\n<\/div>\n<p data-start=\"1672\" data-end=\"1722\" data-is-last-node=\"\" data-is-only-node=\"\">\n<\/div>\n<\/div>\n<\/div>\n<p><!--more--><\/p>\n<h4>Vorteile :<\/h4>\n<ul>\n<li>Nimmt Wasser und Schmutz effektiv auf \u2013 f\u00fcr optimale Reinigungsergebnisse.<\/li>\n<li>Schont empfindliche Oberfl\u00e4chen und hinterl\u00e4sst keine Kratzer.<\/li>\n<li>Verschlei\u00dffest f\u00fcr lange Nutzungsdauer.<\/li>\n<li>Ideal f\u00fcr professionelle und private Anwendungen.<\/li>\n<li>Einfach zu handhaben und zu lagern.<\/li>\n<\/ul>\n<p>&nbsp;<\/p>\n<p><!--more--><\/p>\n<h4>Weitere Informationen :<\/h4>\n<ul>\n<li><strong>Verpackung<\/strong>: Packung mit 10 St\u00fcck<\/li>\n<li><strong>Abmessungen<\/strong>: 110 x 70 x 22 mm (L x B x H in mm)<\/li>\n<li><strong>Farbe<\/strong>: Blau \/ Wei\u00df<\/li>\n<\/ul>\n<p>&nbsp;<\/p>\n<p><!--more--><\/p>\n<p>Entdecken Sie hier unsere 5 weiteren Schwammarten: <span style=\"color: #d12727;\"><a style=\"color: #d12727;\" href=\"https:\/\/www.csj-emballages.com\/de\/produit\/10-gruene-stempel-auf-blondem-schwamm-110-x-70-x-22-mm\/\">Gr\u00fcner Schwamm<\/a><\/span> \/ <span style=\"color: #d12727;\"><a style=\"color: #d12727;\" href=\"https:\/\/www.csj-emballages.com\/de\/produit\/5-melamin-zauberschwaemme-110-x-70-x-30-mm\/\">Zauberschwamm<\/a><\/span> \/ <span style=\"color: #d12727;\"><a style=\"color: #d12727;\" href=\"https:\/\/www.csj-emballages.com\/de\/produit\/10-spiralkugeln-aus-edelstahl-40-g\/\">Edelstahlschwamm 40 g<\/a><\/span> \/ <span style=\"color: #d12727;\"><a style=\"color: #d12727;\" href=\"https:\/\/www.csj-emballages.com\/de\/produit\/10-spiralkugeln-aus-edelstahl-60-g\/\">Edelstahlschwamm 60 g<\/a> <span style=\"color: #000000;\">\/<\/span> <a style=\"color: #d12727;\" href=\"https:\/\/www.csj-emballages.com\/produit\/10-eponge-non-bordees-n4\/\">Pflanzenschwamm<\/a><\/span><\/p>\n<p>&nbsp;<\/p>\n<p><!--more--><\/p>\n<p><a href=\"https:\/\/www.csj-emballages.com\/de\/categorie-produit\/hygiene-und-pflege\/schwamme-spultucher-kuchentucher\/schwamme-schleifmittel\/\">Sehen Sie sich den Rest unseres Schwamm-\/Schleifmittelangebots an.<\/a><\/p>\n","protected":false},"excerpt":{"rendered":"<p>Blauer Schwamm Beschreibung von unserem Sanit\u00e4rblauen Schwamm 110 x 70 x 22 mm pro 10 St\u00fcck<\/p>\n","protected":false},"featured_media":221811,"template":"","meta":{"_acf_changed":false},"product_brand":[],"product_cat":[1218,1423,2000],"product_tag":[],"class_list":{"0":"post-20710","1":"product","2":"type-product","3":"status-publish","4":"has-post-thumbnail","6":"product_cat-hygiene-und-pflege","7":"product_cat-schwamme-spultucher-kuchentucher","8":"product_cat-schwamme-schleifmittel","10":"first","11":"instock","12":"taxable","13":"shipping-taxable","14":"purchasable","15":"product-type-simple"},"acf":[],"yoast_head":"<!-- This site is optimized with the Yoast SEO Premium plugin v26.6 (Yoast SEO v26.6) - https:\/\/yoast.com\/wordpress\/plugins\/seo\/ -->\n<title>Schwamm Blau Sanit\u00e4r 110 x 70 x 22 mm pro 10<\/title>\n<meta name=\"description\" content=\"Entscheiden Sie sich f\u00fcr diesen blauen Sanit\u00e4rschwamm 110 x 70 x 22 mm (Packung mit 10 St\u00fcck). Hohe Absorption und gro\u00dfe St\u00e4rke f\u00fcr den professionellen oder h\u00e4uslichen Gebrauch.\" \/>\n<meta name=\"robots\" content=\"index, follow, max-snippet:-1, max-image-preview:large, max-video-preview:-1\" \/>\n<link rel=\"canonical\" href=\"https:\/\/www.csj-emballages.com\/de\/produit\/10-blaue-stempel-auf-weissem-schwamm-110-x-70-x-22-mm\/\" \/>\n<meta property=\"og:locale\" content=\"de_DE\" \/>\n<meta property=\"og:type\" content=\"article\" \/>\n<meta property=\"og:title\" content=\"Sanit\u00e4rblauer Schwamm 110 x 70 x 22 mm pro 10\" \/>\n<meta property=\"og:description\" content=\"Entscheiden Sie sich f\u00fcr diesen blauen Sanit\u00e4rschwamm 110 x 70 x 22 mm (Packung mit 10 St\u00fcck). Hohe Absorption und gro\u00dfe St\u00e4rke f\u00fcr den professionellen oder h\u00e4uslichen Gebrauch.\" \/>\n<meta property=\"og:url\" content=\"https:\/\/www.csj-emballages.com\/de\/produit\/10-blaue-stempel-auf-weissem-schwamm-110-x-70-x-22-mm\/\" \/>\n<meta property=\"og:site_name\" content=\"CSJ Emballages\" \/>\n<meta property=\"article:publisher\" content=\"https:\/\/www.facebook.com\/csjemballages\" \/>\n<meta property=\"article:modified_time\" content=\"2026-03-31T00:14:01+00:00\" \/>\n<meta property=\"og:image\" content=\"https:\/\/www.csj-emballages.com\/wp-content\/uploads\/2024\/03\/eponge-bleu.webp\" \/>\n\t<meta property=\"og:image:width\" content=\"800\" \/>\n\t<meta property=\"og:image:height\" content=\"800\" \/>\n\t<meta property=\"og:image:type\" content=\"image\/webp\" \/>\n<meta name=\"twitter:card\" content=\"summary_large_image\" \/>\n<meta name=\"twitter:label1\" content=\"Gesch\u00e4tzte Lesezeit\" \/>\n\t<meta name=\"twitter:data1\" content=\"1\u00a0Minute\" \/>\n<script type=\"application\/ld+json\" class=\"yoast-schema-graph\">{\"@context\":\"https:\/\/schema.org\",\"@graph\":[{\"@type\":\"WebPage\",\"@id\":\"https:\/\/www.csj-emballages.com\/de\/produit\/10-blaue-stempel-auf-weissem-schwamm-110-x-70-x-22-mm\/\",\"url\":\"https:\/\/www.csj-emballages.com\/de\/produit\/10-blaue-stempel-auf-weissem-schwamm-110-x-70-x-22-mm\/\",\"name\":\"Schwamm Blau Sanit\u00e4r 110 x 70 x 22 mm pro 10\",\"isPartOf\":{\"@id\":\"https:\/\/www.csj-emballages.com\/de\/#website\"},\"primaryImageOfPage\":{\"@id\":\"https:\/\/www.csj-emballages.com\/de\/produit\/10-blaue-stempel-auf-weissem-schwamm-110-x-70-x-22-mm\/#primaryimage\"},\"image\":{\"@id\":\"https:\/\/www.csj-emballages.com\/de\/produit\/10-blaue-stempel-auf-weissem-schwamm-110-x-70-x-22-mm\/#primaryimage\"},\"thumbnailUrl\":\"https:\/\/www.csj-emballages.com\/wp-content\/uploads\/2024\/03\/eponge-bleu.webp\",\"datePublished\":\"2024-03-01T15:54:23+00:00\",\"dateModified\":\"2026-03-31T00:14:01+00:00\",\"description\":\"Entscheiden Sie sich f\u00fcr diesen blauen Sanit\u00e4rschwamm 110 x 70 x 22 mm (Packung mit 10 St\u00fcck). Hohe Absorption und gro\u00dfe St\u00e4rke f\u00fcr den professionellen oder h\u00e4uslichen Gebrauch.\",\"breadcrumb\":{\"@id\":\"https:\/\/www.csj-emballages.com\/de\/produit\/10-blaue-stempel-auf-weissem-schwamm-110-x-70-x-22-mm\/#breadcrumb\"},\"inLanguage\":\"de\",\"potentialAction\":[{\"@type\":\"ReadAction\",\"target\":[\"https:\/\/www.csj-emballages.com\/de\/produit\/10-blaue-stempel-auf-weissem-schwamm-110-x-70-x-22-mm\/\"]}]},{\"@type\":\"ImageObject\",\"inLanguage\":\"de\",\"@id\":\"https:\/\/www.csj-emballages.com\/de\/produit\/10-blaue-stempel-auf-weissem-schwamm-110-x-70-x-22-mm\/#primaryimage\",\"url\":\"https:\/\/www.csj-emballages.com\/wp-content\/uploads\/2024\/03\/eponge-bleu.webp\",\"contentUrl\":\"https:\/\/www.csj-emballages.com\/wp-content\/uploads\/2024\/03\/eponge-bleu.webp\",\"width\":800,\"height\":800,\"caption\":\"\u00c9ponge bleu\"},{\"@type\":\"BreadcrumbList\",\"@id\":\"https:\/\/www.csj-emballages.com\/de\/produit\/10-blaue-stempel-auf-weissem-schwamm-110-x-70-x-22-mm\/#breadcrumb\",\"itemListElement\":[{\"@type\":\"ListItem\",\"position\":1,\"name\":\"Accueil\",\"item\":\"https:\/\/www.csj-emballages.com\/de\/universum-lebensmittelverpackungen\/\"},{\"@type\":\"ListItem\",\"position\":2,\"name\":\"Shop\",\"item\":\"https:\/\/www.csj-emballages.com\/shop\/\"},{\"@type\":\"ListItem\",\"position\":3,\"name\":\"Sanit\u00e4rblauer Schwamm 110 x 70 x 22 mm pro 10\"}]},{\"@type\":\"WebSite\",\"@id\":\"https:\/\/www.csj-emballages.com\/de\/#website\",\"url\":\"https:\/\/www.csj-emballages.com\/de\/\",\"name\":\"CSJ Emballages\",\"description\":\"\",\"publisher\":{\"@id\":\"https:\/\/www.csj-emballages.com\/de\/#organization\"},\"potentialAction\":[{\"@type\":\"SearchAction\",\"target\":{\"@type\":\"EntryPoint\",\"urlTemplate\":\"https:\/\/www.csj-emballages.com\/de\/?s={search_term_string}\"},\"query-input\":{\"@type\":\"PropertyValueSpecification\",\"valueRequired\":true,\"valueName\":\"search_term_string\"}}],\"inLanguage\":\"de\"},{\"@type\":\"Organization\",\"@id\":\"https:\/\/www.csj-emballages.com\/de\/#Organization\/\",\"name\":\"CSJ Emballages\",\"url\":\"https:\/\/www.csj-emballages.com\/de\/\",\"logo\":{\"@type\":\"ImageObject\",\"inLanguage\":\"de\",\"@id\":\"https:\/\/www.csj-emballages.com\/de\/#\/schema\/logo\/image\/\",\"url\":\"https:\/\/www.csj-emballages.com\/wp-content\/uploads\/2023\/10\/logo_csj.webp\",\"contentUrl\":\"https:\/\/www.csj-emballages.com\/wp-content\/uploads\/2023\/10\/logo_csj.webp\",\"width\":250,\"height\":95,\"caption\":\"CSJ Emballages\"},\"image\":{\"@id\":\"https:\/\/www.csj-emballages.com\/de\/#\/schema\/logo\/image\/\"},\"sameAs\":[\"https:\/\/www.facebook.com\/csjemballages\"],\"address\":{\"@type\":\"PostalAddress\",\"streetAddress\":\"ZI La Lechere\",\"addressLocality\":\"Patornay\",\"postalCode\":\"39130\",\"addressCountry\":\"FR\"},\"contactPoint\":[{\"@type\":\"ContactPoint\",\"contactType\":\"Service client\",\"telephone\":\"0384254272\",\"email\":\"contact@csj-emballages.com\"}]}]}<\/script>\n<!-- \/ Yoast SEO Premium plugin. -->","yoast_head_json":{"title":"Schwamm Blau Sanit\u00e4r 110 x 70 x 22 mm pro 10","description":"Entscheiden Sie sich f\u00fcr diesen blauen Sanit\u00e4rschwamm 110 x 70 x 22 mm (Packung mit 10 St\u00fcck). Hohe Absorption und gro\u00dfe St\u00e4rke f\u00fcr den professionellen oder h\u00e4uslichen Gebrauch.","robots":{"index":"index","follow":"follow","max-snippet":"max-snippet:-1","max-image-preview":"max-image-preview:large","max-video-preview":"max-video-preview:-1"},"canonical":"https:\/\/www.csj-emballages.com\/de\/produit\/10-blaue-stempel-auf-weissem-schwamm-110-x-70-x-22-mm\/","og_locale":"de_DE","og_type":"article","og_title":"Sanit\u00e4rblauer Schwamm 110 x 70 x 22 mm pro 10","og_description":"Entscheiden Sie sich f\u00fcr diesen blauen Sanit\u00e4rschwamm 110 x 70 x 22 mm (Packung mit 10 St\u00fcck). Hohe Absorption und gro\u00dfe St\u00e4rke f\u00fcr den professionellen oder h\u00e4uslichen Gebrauch.","og_url":"https:\/\/www.csj-emballages.com\/de\/produit\/10-blaue-stempel-auf-weissem-schwamm-110-x-70-x-22-mm\/","og_site_name":"CSJ Emballages","article_publisher":"https:\/\/www.facebook.com\/csjemballages","article_modified_time":"2026-03-31T00:14:01+00:00","og_image":[{"width":800,"height":800,"url":"https:\/\/www.csj-emballages.com\/wp-content\/uploads\/2024\/03\/eponge-bleu.webp","type":"image\/webp"}],"twitter_card":"summary_large_image","twitter_misc":{"Gesch\u00e4tzte Lesezeit":"1\u00a0Minute"},"schema":{"@context":"https:\/\/schema.org","@graph":[{"@type":"WebPage","@id":"https:\/\/www.csj-emballages.com\/de\/produit\/10-blaue-stempel-auf-weissem-schwamm-110-x-70-x-22-mm\/","url":"https:\/\/www.csj-emballages.com\/de\/produit\/10-blaue-stempel-auf-weissem-schwamm-110-x-70-x-22-mm\/","name":"Schwamm Blau Sanit\u00e4r 110 x 70 x 22 mm pro 10","isPartOf":{"@id":"https:\/\/www.csj-emballages.com\/de\/#website"},"primaryImageOfPage":{"@id":"https:\/\/www.csj-emballages.com\/de\/produit\/10-blaue-stempel-auf-weissem-schwamm-110-x-70-x-22-mm\/#primaryimage"},"image":{"@id":"https:\/\/www.csj-emballages.com\/de\/produit\/10-blaue-stempel-auf-weissem-schwamm-110-x-70-x-22-mm\/#primaryimage"},"thumbnailUrl":"https:\/\/www.csj-emballages.com\/wp-content\/uploads\/2024\/03\/eponge-bleu.webp","datePublished":"2024-03-01T15:54:23+00:00","dateModified":"2026-03-31T00:14:01+00:00","description":"Entscheiden Sie sich f\u00fcr diesen blauen Sanit\u00e4rschwamm 110 x 70 x 22 mm (Packung mit 10 St\u00fcck). Hohe Absorption und gro\u00dfe St\u00e4rke f\u00fcr den professionellen oder h\u00e4uslichen Gebrauch.","breadcrumb":{"@id":"https:\/\/www.csj-emballages.com\/de\/produit\/10-blaue-stempel-auf-weissem-schwamm-110-x-70-x-22-mm\/#breadcrumb"},"inLanguage":"de","potentialAction":[{"@type":"ReadAction","target":["https:\/\/www.csj-emballages.com\/de\/produit\/10-blaue-stempel-auf-weissem-schwamm-110-x-70-x-22-mm\/"]}]},{"@type":"ImageObject","inLanguage":"de","@id":"https:\/\/www.csj-emballages.com\/de\/produit\/10-blaue-stempel-auf-weissem-schwamm-110-x-70-x-22-mm\/#primaryimage","url":"https:\/\/www.csj-emballages.com\/wp-content\/uploads\/2024\/03\/eponge-bleu.webp","contentUrl":"https:\/\/www.csj-emballages.com\/wp-content\/uploads\/2024\/03\/eponge-bleu.webp","width":800,"height":800,"caption":"\u00c9ponge bleu"},{"@type":"BreadcrumbList","@id":"https:\/\/www.csj-emballages.com\/de\/produit\/10-blaue-stempel-auf-weissem-schwamm-110-x-70-x-22-mm\/#breadcrumb","itemListElement":[{"@type":"ListItem","position":1,"name":"Accueil","item":"https:\/\/www.csj-emballages.com\/de\/universum-lebensmittelverpackungen\/"},{"@type":"ListItem","position":2,"name":"Shop","item":"https:\/\/www.csj-emballages.com\/shop\/"},{"@type":"ListItem","position":3,"name":"Sanit\u00e4rblauer Schwamm 110 x 70 x 22 mm pro 10"}]},{"@type":"WebSite","@id":"https:\/\/www.csj-emballages.com\/de\/#website","url":"https:\/\/www.csj-emballages.com\/de\/","name":"CSJ Emballages","description":"","publisher":{"@id":"https:\/\/www.csj-emballages.com\/de\/#organization"},"potentialAction":[{"@type":"SearchAction","target":{"@type":"EntryPoint","urlTemplate":"https:\/\/www.csj-emballages.com\/de\/?s={search_term_string}"},"query-input":{"@type":"PropertyValueSpecification","valueRequired":true,"valueName":"search_term_string"}}],"inLanguage":"de"},{"@type":"Organization","@id":"https:\/\/www.csj-emballages.com\/de\/#Organization\/","name":"CSJ Emballages","url":"https:\/\/www.csj-emballages.com\/de\/","logo":{"@type":"ImageObject","inLanguage":"de","@id":"https:\/\/www.csj-emballages.com\/de\/#\/schema\/logo\/image\/","url":"https:\/\/www.csj-emballages.com\/wp-content\/uploads\/2023\/10\/logo_csj.webp","contentUrl":"https:\/\/www.csj-emballages.com\/wp-content\/uploads\/2023\/10\/logo_csj.webp","width":250,"height":95,"caption":"CSJ Emballages"},"image":{"@id":"https:\/\/www.csj-emballages.com\/de\/#\/schema\/logo\/image\/"},"sameAs":["https:\/\/www.facebook.com\/csjemballages"],"address":{"@type":"PostalAddress","streetAddress":"ZI La Lechere","addressLocality":"Patornay","postalCode":"39130","addressCountry":"FR"},"contactPoint":[{"@type":"ContactPoint","contactType":"Service client","telephone":"0384254272","email":"contact@csj-emballages.com"}]}]}},"df_price":8.35,"df_sale_price":"","df_regular_price":8.35,"df_image_link":"https:\/\/www.csj-emballages.com\/wp-content\/uploads\/2024\/03\/eponge-bleu-300x300.webp","tiered_pricing_type":"fixed","tiered_pricing_fixed_rules":[],"tiered_pricing_percentage_rules":[],"tiered_pricing_minimum":1,"tiered_pricing_roles_data":[],"_links":{"self":[{"href":"https:\/\/www.csj-emballages.com\/de\/wp-json\/wp\/v2\/product\/20710","targetHints":{"allow":["GET"]}}],"collection":[{"href":"https:\/\/www.csj-emballages.com\/de\/wp-json\/wp\/v2\/product"}],"about":[{"href":"https:\/\/www.csj-emballages.com\/de\/wp-json\/wp\/v2\/types\/product"}],"wp:featuredmedia":[{"embeddable":true,"href":"https:\/\/www.csj-emballages.com\/de\/wp-json\/wp\/v2\/media\/221811"}],"wp:attachment":[{"href":"https:\/\/www.csj-emballages.com\/de\/wp-json\/wp\/v2\/media?parent=20710"}],"wp:term":[{"taxonomy":"product_brand","embeddable":true,"href":"https:\/\/www.csj-emballages.com\/de\/wp-json\/wp\/v2\/product_brand?post=20710"},{"taxonomy":"product_cat","embeddable":true,"href":"https:\/\/www.csj-emballages.com\/de\/wp-json\/wp\/v2\/product_cat?post=20710"},{"taxonomy":"product_tag","embeddable":true,"href":"https:\/\/www.csj-emballages.com\/de\/wp-json\/wp\/v2\/product_tag?post=20710"}],"curies":[{"name":"wp","href":"https:\/\/api.w.org\/{rel}","templated":true}]}}