{"id":20709,"date":"2024-03-01T16:54:22","date_gmt":"2024-03-01T15:54:22","guid":{"rendered":"https:\/\/u15jnbdpoq.preview.infomaniak.website\/produit\/10-ungerandete-schwaemme-nr-6\/"},"modified":"2026-04-28T02:14:54","modified_gmt":"2026-04-28T00:14:54","slug":"10-ungerandete-schwaemme-nr-6","status":"publish","type":"product","link":"https:\/\/www.csj-emballages.com\/de\/produit\/10-ungerandete-schwaemme-nr-6\/","title":{"rendered":"Schwamm nicht eingefasst pflanzlich Nr. 6 pro 10"},"content":{"rendered":"<h2>Schwamm<\/h2>\n<hr>\n<h3>Beschreibung unseres ungefassten Schwamms Nr. 6 pro 10 St\u00fcck<\/h3>\n<p><!--more--><\/p>\n<div class=\"flex max-w-full flex-col flex-grow\">\n<div class=\"min-h-8 text-message flex w-full flex-col items-end gap-2 whitespace-normal break-words text-start [.text-message+&amp;]:mt-5\" dir=\"auto\" data-message-author-role=\"assistant\" data-message-id=\"266ca6f3-5e07-4948-bd20-80ac5e6da4a5\" data-message-model-slug=\"gpt-4o\">\n<div class=\"flex w-full flex-col gap-1 empty:hidden first:pt-[3px]\">\n<div class=\"markdown prose w-full break-words dark:prose-invert dark\">\n<p data-start=\"239\" data-end=\"572\">Einfach, effizient und stets n\u00fctzlich: Der <strong data-start=\"277\" data-end=\"311\">unger\u00e4nderte Pflanzenschwamm Nr. 6<\/strong> ist ein unverzichtbarer Helfer im Alltag. Mit seiner flexiblen Textur und seinem praktischen Format passt er sich m\u00fchelos allen Reinigungszwecken an, sei es in der K\u00fcche, beim Abwasch, in Gemeinschaftseinrichtungen oder im professionellen Umfeld. <\/p>\n<p data-start=\"574\" data-end=\"1056\">Dank seines <strong>pflanzlichen Materials<\/strong> nimmt dieser Schwamm Wasser schnell auf und bindet Fl\u00fcssigkeiten effizient. So k\u00f6nnen Sie Oberfl\u00e4chen r\u00fcckstandsfrei reinigen, w\u00e4hrend er stets angenehm in der Hand liegt. Seine Randlosigkeit bietet gro\u00dfe Anwendungsfreiheit: Sie k\u00f6nnen ihn auf allen Seiten verwenden, leicht aussp\u00fclen und schneller trocknen lassen. Das Ergebnis: Er bleibt l\u00e4nger sauber und beh\u00e4lt seine Leistung W\u00e4sche f\u00fcr W\u00e4sche bei.   <\/p>\n<p data-start=\"1058\" data-end=\"1370\">Zudem <strong>nimmt seine luftige Struktur Schmutz gut auf<\/strong>, ohne Oberfl\u00e4chen zu zerkratzen. Er eignet sich sowohl f\u00fcr Arbeitsplatten als auch f\u00fcr Tische, Sp\u00fclbecken oder professionelle Ger\u00e4te. Sein <strong>Nr. 6<\/strong>-Format bietet eine gute Balance zwischen Handhabung und Reinigungsfl\u00e4che und erm\u00f6glicht so effizientes, erm\u00fcdungsfreies Arbeiten.  <\/p>\n<p data-start=\"1372\" data-end=\"1656\"><strong data-start=\"1379\" data-end=\"1396\">Im 10er-Pack<\/strong> verkauft, ist dieser <strong>Pflanzenschwamm<\/strong> ideal, um Best\u00e4nde zu verwalten, Material regelm\u00e4\u00dfig zu erneuern und ein hohes Hygienestandard aufrechtzuerhalten. Er ist eine einfache, zuverl\u00e4ssige und wirtschaftliche L\u00f6sung f\u00fcr alle, die ein praktisches, schn\u00f6rkelloses, aber wirklich effektives Produkt suchen. <\/p>\n<p data-start=\"1658\" data-end=\"1794\">Zusammenfassend l\u00e4sst sich sagen: Dieser <strong>gelbe Schwamm<\/strong> \u00fcberzeugt durch seine Einfachheit und Effizienz: Er reinigt gut, ist langlebig und l\u00e4sst sich leicht in Ihre Reinigungsroutine integrieren.<\/p>\n<p>&nbsp;<\/p>\n<p>&nbsp;<\/p>\n<\/div>\n<\/div>\n<\/div>\n<\/div>\n<p><!--more--><\/p>\n<h4>Seine Vorteile :<\/h4>\n<ul>\n<li><strong>Hohe Absorption<\/strong>: H\u00e4lt eine gro\u00dfe Menge an Fl\u00fcssigkeit f\u00fcr eine effektive Reinigung zur\u00fcck.<\/li>\n<li><strong>Randlos<\/strong>: Flexibler und wendiger, um auch schwierige Ecken zu erreichen.<\/li>\n<li><strong>Vielseitig<\/strong> verwendbar: Geeignet f\u00fcr K\u00fcche, Badezimmer und professionelle Oberfl\u00e4chen.<\/li>\n<li><strong>Langlebig und widerstandsf\u00e4hig<\/strong>: F\u00fcr intensive Nutzung konzipiert, ohne sich schnell zu verschlechtern.<\/li>\n<\/ul>\n<p>&nbsp;<\/p>\n<p><!--more--><\/p>\n<h4>Weitere Informationen :<\/h4>\n<ul>\n<li><strong>Verpackung<\/strong>: Packung mit 10 St\u00fcck<\/li>\n<li><strong>Abmessungen<\/strong>: 13.5 x 9.5 x 3.5 (L x B x H in cm)<\/li>\n<li><strong>Farbe<\/strong>: Gelb<\/li>\n<li><strong>Typ<\/strong>: Pflanzlich<\/li>\n<\/ul>\n<p>&nbsp;<\/p>\n<p><!--more--><\/p>\n<p>Hier finden Sie unseren nicht eingefassten Schwamm in Gr\u00f6\u00dfe 4: <span style=\"color: #d12727;\"><a style=\"color: #d12727;\" href=\"https:\/\/www.csj-emballages.com\/produit\/10-eponge-non-bordees-n4\/\">EPVN4<\/a><\/span><\/p>\n<p>&nbsp;<\/p>\n<p><!--more--><\/p>\n<p>Entdecken Sie hier unsere 4 weiteren Schwammtypen: <span style=\"color: #d12727;\"><a style=\"color: #d12727;\" href=\"https:\/\/www.csj-emballages.com\/es\/produit\/10-sellos-verdes-sobre-esponja-rubia-110-x-70-x-22-mm\/\">Gr\u00fcner Schwamm<\/a><\/span> \/ <span style=\"color: #d12727;\"><a style=\"color: #d12727;\" href=\"https:\/\/www.csj-emballages.com\/es\/produit\/5-esponjas-magicas-de-melamina-110-x-70-x-30-mm\/\">Zauberschwamm<\/a><\/span> \/ <span style=\"color: #d12727;\"><a style=\"color: #d12727;\" href=\"https:\/\/www.csj-emballages.com\/es\/produit\/10-bolas-espirales-de-acero-inoxidable-40-grs\/\">Edelstahlschwamm 40 g<\/a><\/span> \/ <span style=\"color: #d12727;\"><a style=\"color: #d12727;\" href=\"https:\/\/www.csj-emballages.com\/es\/produit\/10-bolas-espirales-de-acero-inoxidable-60-grs\/\">Edelstahlschwamm 60 g<\/a> <\/span> <\/p>\n<p>&nbsp;<\/p>\n<p><!--more--><\/p>\n<p><a href=\"https:\/\/www.csj-emballages.com\/de\/categorie-produit\/hygiene-und-pflege\/schwamme-spultucher-kuchentucher\/schwamme-schleifmittel\/\">Sehen Sie sich den Rest unseres Schwamm-\/Schleifmittelangebots an.<\/a><\/p>\n","protected":false},"excerpt":{"rendered":"<p>Schwamm Beschreibung unseres ungefassten Schwamms Nr. 6 pro 10 St\u00fcck<\/p>\n","protected":false},"featured_media":221790,"template":"","meta":{"_acf_changed":false},"product_brand":[],"product_cat":[1218,1423,2000],"product_tag":[],"class_list":{"0":"post-20709","1":"product","2":"type-product","3":"status-publish","4":"has-post-thumbnail","6":"product_cat-hygiene-und-pflege","7":"product_cat-schwamme-spultucher-kuchentucher","8":"product_cat-schwamme-schleifmittel","10":"first","11":"instock","12":"taxable","13":"shipping-taxable","14":"purchasable","15":"product-type-simple"},"acf":[],"yoast_head":"<!-- This site is optimized with the Yoast SEO Premium plugin v26.6 (Yoast SEO v26.6) - https:\/\/yoast.com\/wordpress\/plugins\/seo\/ -->\n<title>Unger\u00e4nderter Pflanzenschwamm Nr. 6 im 10er-Pack<\/title>\n<meta name=\"description\" content=\"Entdecken Sie den ungekanteten Schwamm Nr. 6 von 10, der sich ideal f\u00fcr eine effektive und m\u00fchelose Reinigung eignet. Saugf\u00e4hig, strapazierf\u00e4hig und handlich.\" \/>\n<meta name=\"robots\" content=\"index, follow, max-snippet:-1, max-image-preview:large, max-video-preview:-1\" \/>\n<link rel=\"canonical\" href=\"https:\/\/www.csj-emballages.com\/de\/produit\/10-ungerandete-schwaemme-nr-6\/\" \/>\n<meta property=\"og:locale\" content=\"de_DE\" \/>\n<meta property=\"og:type\" content=\"article\" \/>\n<meta property=\"og:title\" content=\"Schwamm nicht eingefasst pflanzlich Nr. 6 pro 10\" \/>\n<meta property=\"og:description\" content=\"Entdecken Sie den ungekanteten Schwamm Nr. 6 von 10, der sich ideal f\u00fcr eine effektive und m\u00fchelose Reinigung eignet. Saugf\u00e4hig, strapazierf\u00e4hig und handlich.\" \/>\n<meta property=\"og:url\" content=\"https:\/\/www.csj-emballages.com\/de\/produit\/10-ungerandete-schwaemme-nr-6\/\" \/>\n<meta property=\"og:site_name\" content=\"CSJ Emballages\" \/>\n<meta property=\"article:publisher\" content=\"https:\/\/www.facebook.com\/csjemballages\" \/>\n<meta property=\"article:modified_time\" content=\"2026-04-28T00:14:54+00:00\" \/>\n<meta property=\"og:image\" content=\"https:\/\/www.csj-emballages.com\/wp-content\/uploads\/2024\/03\/eponge-jaune-n\u00b06.webp\" \/>\n\t<meta property=\"og:image:width\" content=\"800\" \/>\n\t<meta property=\"og:image:height\" content=\"800\" \/>\n\t<meta property=\"og:image:type\" content=\"image\/webp\" \/>\n<meta name=\"twitter:card\" content=\"summary_large_image\" \/>\n<meta name=\"twitter:label1\" content=\"Gesch\u00e4tzte Lesezeit\" \/>\n\t<meta name=\"twitter:data1\" content=\"2 Minuten\" \/>\n<script type=\"application\/ld+json\" class=\"yoast-schema-graph\">{\"@context\":\"https:\/\/schema.org\",\"@graph\":[{\"@type\":\"WebPage\",\"@id\":\"https:\/\/www.csj-emballages.com\/de\/produit\/10-ungerandete-schwaemme-nr-6\/\",\"url\":\"https:\/\/www.csj-emballages.com\/de\/produit\/10-ungerandete-schwaemme-nr-6\/\",\"name\":\"Unger\u00e4nderter Pflanzenschwamm Nr. 6 im 10er-Pack\",\"isPartOf\":{\"@id\":\"https:\/\/www.csj-emballages.com\/de\/#website\"},\"primaryImageOfPage\":{\"@id\":\"https:\/\/www.csj-emballages.com\/de\/produit\/10-ungerandete-schwaemme-nr-6\/#primaryimage\"},\"image\":{\"@id\":\"https:\/\/www.csj-emballages.com\/de\/produit\/10-ungerandete-schwaemme-nr-6\/#primaryimage\"},\"thumbnailUrl\":\"https:\/\/www.csj-emballages.com\/wp-content\/uploads\/2024\/03\/eponge-jaune-n\u00b06.webp\",\"datePublished\":\"2024-03-01T15:54:22+00:00\",\"dateModified\":\"2026-04-28T00:14:54+00:00\",\"description\":\"Entdecken Sie den ungekanteten Schwamm Nr. 6 von 10, der sich ideal f\u00fcr eine effektive und m\u00fchelose Reinigung eignet. Saugf\u00e4hig, strapazierf\u00e4hig und handlich.\",\"breadcrumb\":{\"@id\":\"https:\/\/www.csj-emballages.com\/de\/produit\/10-ungerandete-schwaemme-nr-6\/#breadcrumb\"},\"inLanguage\":\"de\",\"potentialAction\":[{\"@type\":\"ReadAction\",\"target\":[\"https:\/\/www.csj-emballages.com\/de\/produit\/10-ungerandete-schwaemme-nr-6\/\"]}]},{\"@type\":\"ImageObject\",\"inLanguage\":\"de\",\"@id\":\"https:\/\/www.csj-emballages.com\/de\/produit\/10-ungerandete-schwaemme-nr-6\/#primaryimage\",\"url\":\"https:\/\/www.csj-emballages.com\/wp-content\/uploads\/2024\/03\/eponge-jaune-n\u00b06.webp\",\"contentUrl\":\"https:\/\/www.csj-emballages.com\/wp-content\/uploads\/2024\/03\/eponge-jaune-n\u00b06.webp\",\"width\":800,\"height\":800,\"caption\":\"\u00c9ponge\"},{\"@type\":\"BreadcrumbList\",\"@id\":\"https:\/\/www.csj-emballages.com\/de\/produit\/10-ungerandete-schwaemme-nr-6\/#breadcrumb\",\"itemListElement\":[{\"@type\":\"ListItem\",\"position\":1,\"name\":\"Accueil\",\"item\":\"https:\/\/www.csj-emballages.com\/de\/universum-lebensmittelverpackungen\/\"},{\"@type\":\"ListItem\",\"position\":2,\"name\":\"Shop\",\"item\":\"https:\/\/www.csj-emballages.com\/shop\/\"},{\"@type\":\"ListItem\",\"position\":3,\"name\":\"Schwamm nicht eingefasst pflanzlich Nr. 6 pro 10\"}]},{\"@type\":\"WebSite\",\"@id\":\"https:\/\/www.csj-emballages.com\/de\/#website\",\"url\":\"https:\/\/www.csj-emballages.com\/de\/\",\"name\":\"CSJ Emballages\",\"description\":\"\",\"publisher\":{\"@id\":\"https:\/\/www.csj-emballages.com\/de\/#organization\"},\"potentialAction\":[{\"@type\":\"SearchAction\",\"target\":{\"@type\":\"EntryPoint\",\"urlTemplate\":\"https:\/\/www.csj-emballages.com\/de\/?s={search_term_string}\"},\"query-input\":{\"@type\":\"PropertyValueSpecification\",\"valueRequired\":true,\"valueName\":\"search_term_string\"}}],\"inLanguage\":\"de\"},{\"@type\":\"Organization\",\"@id\":\"https:\/\/www.csj-emballages.com\/de\/#Organization\/\",\"name\":\"CSJ Emballages\",\"url\":\"https:\/\/www.csj-emballages.com\/de\/\",\"logo\":{\"@type\":\"ImageObject\",\"inLanguage\":\"de\",\"@id\":\"https:\/\/www.csj-emballages.com\/de\/#\/schema\/logo\/image\/\",\"url\":\"https:\/\/www.csj-emballages.com\/wp-content\/uploads\/2023\/10\/logo_csj.webp\",\"contentUrl\":\"https:\/\/www.csj-emballages.com\/wp-content\/uploads\/2023\/10\/logo_csj.webp\",\"width\":250,\"height\":95,\"caption\":\"CSJ Emballages\"},\"image\":{\"@id\":\"https:\/\/www.csj-emballages.com\/de\/#\/schema\/logo\/image\/\"},\"sameAs\":[\"https:\/\/www.facebook.com\/csjemballages\"],\"address\":{\"@type\":\"PostalAddress\",\"streetAddress\":\"ZI La Lechere\",\"addressLocality\":\"Patornay\",\"postalCode\":\"39130\",\"addressCountry\":\"FR\"},\"contactPoint\":[{\"@type\":\"ContactPoint\",\"contactType\":\"Service client\",\"telephone\":\"0384254272\",\"email\":\"contact@csj-emballages.com\"}]}]}<\/script>\n<!-- \/ Yoast SEO Premium plugin. -->","yoast_head_json":{"title":"Unger\u00e4nderter Pflanzenschwamm Nr. 6 im 10er-Pack","description":"Entdecken Sie den ungekanteten Schwamm Nr. 6 von 10, der sich ideal f\u00fcr eine effektive und m\u00fchelose Reinigung eignet. Saugf\u00e4hig, strapazierf\u00e4hig und handlich.","robots":{"index":"index","follow":"follow","max-snippet":"max-snippet:-1","max-image-preview":"max-image-preview:large","max-video-preview":"max-video-preview:-1"},"canonical":"https:\/\/www.csj-emballages.com\/de\/produit\/10-ungerandete-schwaemme-nr-6\/","og_locale":"de_DE","og_type":"article","og_title":"Schwamm nicht eingefasst pflanzlich Nr. 6 pro 10","og_description":"Entdecken Sie den ungekanteten Schwamm Nr. 6 von 10, der sich ideal f\u00fcr eine effektive und m\u00fchelose Reinigung eignet. Saugf\u00e4hig, strapazierf\u00e4hig und handlich.","og_url":"https:\/\/www.csj-emballages.com\/de\/produit\/10-ungerandete-schwaemme-nr-6\/","og_site_name":"CSJ Emballages","article_publisher":"https:\/\/www.facebook.com\/csjemballages","article_modified_time":"2026-04-28T00:14:54+00:00","og_image":[{"width":800,"height":800,"url":"https:\/\/www.csj-emballages.com\/wp-content\/uploads\/2024\/03\/eponge-jaune-n\u00b06.webp","type":"image\/webp"}],"twitter_card":"summary_large_image","twitter_misc":{"Gesch\u00e4tzte Lesezeit":"2 Minuten"},"schema":{"@context":"https:\/\/schema.org","@graph":[{"@type":"WebPage","@id":"https:\/\/www.csj-emballages.com\/de\/produit\/10-ungerandete-schwaemme-nr-6\/","url":"https:\/\/www.csj-emballages.com\/de\/produit\/10-ungerandete-schwaemme-nr-6\/","name":"Unger\u00e4nderter Pflanzenschwamm Nr. 6 im 10er-Pack","isPartOf":{"@id":"https:\/\/www.csj-emballages.com\/de\/#website"},"primaryImageOfPage":{"@id":"https:\/\/www.csj-emballages.com\/de\/produit\/10-ungerandete-schwaemme-nr-6\/#primaryimage"},"image":{"@id":"https:\/\/www.csj-emballages.com\/de\/produit\/10-ungerandete-schwaemme-nr-6\/#primaryimage"},"thumbnailUrl":"https:\/\/www.csj-emballages.com\/wp-content\/uploads\/2024\/03\/eponge-jaune-n\u00b06.webp","datePublished":"2024-03-01T15:54:22+00:00","dateModified":"2026-04-28T00:14:54+00:00","description":"Entdecken Sie den ungekanteten Schwamm Nr. 6 von 10, der sich ideal f\u00fcr eine effektive und m\u00fchelose Reinigung eignet. Saugf\u00e4hig, strapazierf\u00e4hig und handlich.","breadcrumb":{"@id":"https:\/\/www.csj-emballages.com\/de\/produit\/10-ungerandete-schwaemme-nr-6\/#breadcrumb"},"inLanguage":"de","potentialAction":[{"@type":"ReadAction","target":["https:\/\/www.csj-emballages.com\/de\/produit\/10-ungerandete-schwaemme-nr-6\/"]}]},{"@type":"ImageObject","inLanguage":"de","@id":"https:\/\/www.csj-emballages.com\/de\/produit\/10-ungerandete-schwaemme-nr-6\/#primaryimage","url":"https:\/\/www.csj-emballages.com\/wp-content\/uploads\/2024\/03\/eponge-jaune-n\u00b06.webp","contentUrl":"https:\/\/www.csj-emballages.com\/wp-content\/uploads\/2024\/03\/eponge-jaune-n\u00b06.webp","width":800,"height":800,"caption":"\u00c9ponge"},{"@type":"BreadcrumbList","@id":"https:\/\/www.csj-emballages.com\/de\/produit\/10-ungerandete-schwaemme-nr-6\/#breadcrumb","itemListElement":[{"@type":"ListItem","position":1,"name":"Accueil","item":"https:\/\/www.csj-emballages.com\/de\/universum-lebensmittelverpackungen\/"},{"@type":"ListItem","position":2,"name":"Shop","item":"https:\/\/www.csj-emballages.com\/shop\/"},{"@type":"ListItem","position":3,"name":"Schwamm nicht eingefasst pflanzlich Nr. 6 pro 10"}]},{"@type":"WebSite","@id":"https:\/\/www.csj-emballages.com\/de\/#website","url":"https:\/\/www.csj-emballages.com\/de\/","name":"CSJ Emballages","description":"","publisher":{"@id":"https:\/\/www.csj-emballages.com\/de\/#organization"},"potentialAction":[{"@type":"SearchAction","target":{"@type":"EntryPoint","urlTemplate":"https:\/\/www.csj-emballages.com\/de\/?s={search_term_string}"},"query-input":{"@type":"PropertyValueSpecification","valueRequired":true,"valueName":"search_term_string"}}],"inLanguage":"de"},{"@type":"Organization","@id":"https:\/\/www.csj-emballages.com\/de\/#Organization\/","name":"CSJ Emballages","url":"https:\/\/www.csj-emballages.com\/de\/","logo":{"@type":"ImageObject","inLanguage":"de","@id":"https:\/\/www.csj-emballages.com\/de\/#\/schema\/logo\/image\/","url":"https:\/\/www.csj-emballages.com\/wp-content\/uploads\/2023\/10\/logo_csj.webp","contentUrl":"https:\/\/www.csj-emballages.com\/wp-content\/uploads\/2023\/10\/logo_csj.webp","width":250,"height":95,"caption":"CSJ Emballages"},"image":{"@id":"https:\/\/www.csj-emballages.com\/de\/#\/schema\/logo\/image\/"},"sameAs":["https:\/\/www.facebook.com\/csjemballages"],"address":{"@type":"PostalAddress","streetAddress":"ZI La Lechere","addressLocality":"Patornay","postalCode":"39130","addressCountry":"FR"},"contactPoint":[{"@type":"ContactPoint","contactType":"Service client","telephone":"0384254272","email":"contact@csj-emballages.com"}]}]}},"df_price":11.02,"df_sale_price":"","df_regular_price":11.02,"df_image_link":"https:\/\/www.csj-emballages.com\/wp-content\/uploads\/2024\/03\/eponge-jaune-n\u00b06-300x300.webp","tiered_pricing_type":"fixed","tiered_pricing_fixed_rules":[],"tiered_pricing_percentage_rules":[],"tiered_pricing_minimum":1,"tiered_pricing_roles_data":[],"_links":{"self":[{"href":"https:\/\/www.csj-emballages.com\/de\/wp-json\/wp\/v2\/product\/20709","targetHints":{"allow":["GET"]}}],"collection":[{"href":"https:\/\/www.csj-emballages.com\/de\/wp-json\/wp\/v2\/product"}],"about":[{"href":"https:\/\/www.csj-emballages.com\/de\/wp-json\/wp\/v2\/types\/product"}],"wp:featuredmedia":[{"embeddable":true,"href":"https:\/\/www.csj-emballages.com\/de\/wp-json\/wp\/v2\/media\/221790"}],"wp:attachment":[{"href":"https:\/\/www.csj-emballages.com\/de\/wp-json\/wp\/v2\/media?parent=20709"}],"wp:term":[{"taxonomy":"product_brand","embeddable":true,"href":"https:\/\/www.csj-emballages.com\/de\/wp-json\/wp\/v2\/product_brand?post=20709"},{"taxonomy":"product_cat","embeddable":true,"href":"https:\/\/www.csj-emballages.com\/de\/wp-json\/wp\/v2\/product_cat?post=20709"},{"taxonomy":"product_tag","embeddable":true,"href":"https:\/\/www.csj-emballages.com\/de\/wp-json\/wp\/v2\/product_tag?post=20709"}],"curies":[{"name":"wp","href":"https:\/\/api.w.org\/{rel}","templated":true}]}}