{"id":20669,"date":"2024-03-01T16:54:25","date_gmt":"2024-03-01T15:54:25","guid":{"rendered":"https:\/\/u15jnbdpoq.preview.infomaniak.website\/produit\/6-rollen-gepraegte-handtuecher-450-formate-18-5-x-20-cm\/"},"modified":"2026-04-11T02:12:52","modified_gmt":"2026-04-11T00:12:52","slug":"6-rollen-gepraegte-handtuecher-450-formate-18-5-x-20-cm","status":"publish","type":"product","link":"https:\/\/www.csj-emballages.com\/de\/produit\/6-rollen-gepraegte-handtuecher-450-formate-18-5-x-20-cm\/","title":{"rendered":"Gepr\u00e4gte Handtuchrolle, 450 Blatt, 19 x 20 cm, 6er-Pack"},"content":{"rendered":"<h2 data-start=\"209\" data-end=\"521\">Handtuchrolle<\/h2>\n<hr>\n<h3 data-start=\"209\" data-end=\"521\">Entdecken Sie unsere gepr\u00e4gte Handtuchrolle, 450 Blatt, 19 x 20 cm, im 6er-Pack<\/h3>\n<p><!--more--><\/p>\n<p data-start=\"209\" data-end=\"521\">Diese <strong data-start=\"212\" data-end=\"245\">gepr\u00e4gte Handtuchrolle<\/strong> ist f\u00fcr Orte konzipiert, an denen Hygiene und Schnelligkeit wirklich z\u00e4hlen. Mit ihren <strong data-start=\"327\" data-end=\"342\">450 Blatt<\/strong> pro Rolle unterst\u00fctzt sie den intensiven Gebrauch, ohne dass die Rolle st\u00fcndlich gewechselt werden muss. Das ist ein echter Zeitgewinn, besonders in stark frequentierten Umgebungen.  <\/p>\n<p data-start=\"523\" data-end=\"847\">Die <strong data-start=\"526\" data-end=\"538\">Pr\u00e4gung<\/strong> sorgt f\u00fcr eine bessere Saugf\u00e4higkeit und macht jedes Blatt vom ersten Kontakt an effektiver. Die H\u00e4nde werden schnell trocken, ohne ein anhaltendes Feuchtigkeitsgef\u00fchl. Dank des Formats von <strong data-start=\"735\" data-end=\"749\">19 x 20 cm<\/strong> ist jedes Blatt ausreichend gro\u00df und praktisch, bleibt aber gleichzeitig sparsam im Verbrauch.  <\/p>\n<p data-start=\"849\" data-end=\"1189\">Diese <strong>Rolle<\/strong> eignet sich perfekt f\u00fcr <strong>Sanit\u00e4rbereiche, professionelle K\u00fcchen, Werkst\u00e4tten, \u00f6ffentliche Einrichtungen oder Arbeitsbereiche<\/strong>. Sie l\u00e4sst sich leicht mit passenden Spendern verwenden und tr\u00e4gt dazu bei, einen sauberen, ordentlichen und gut organisierten Bereich zu erhalten. Zudem vermeidet der saubere Abriss der Bl\u00e4tter Verschwendung und f\u00f6rdert einen kontrollierten Verbrauch.  <\/p>\n<p data-start=\"1191\" data-end=\"1480\"><strong data-start=\"1197\" data-end=\"1213\">Im 6er-Pack<\/strong> erh\u00e4ltlich, ist diese Verpackung ideal, um den Bedarf zu antizipieren und Lagerbest\u00e4nde gelassen zu verwalten. Sie sind langfristig ausgestattet, ohne st\u00e4ndig nachbestellen zu m\u00fcssen. Ob f\u00fcr den t\u00e4glichen oder intensiven Gebrauch, diese <strong>Handtuchrolle<\/strong> passt sich problemlos den professionellen Anforderungen an.  <\/p>\n<p data-start=\"1482\" data-end=\"1673\">Zusammenfassend l\u00e4sst sich sagen, dass diese <strong>gepr\u00e4gte Handtuchrolle<\/strong> Effizienz, Komfort und Praktikabilit\u00e4t vereint. Sie vereinfacht die Handhygiene und bietet gleichzeitig eine zuverl\u00e4ssige L\u00f6sung, die f\u00fcr stark frequentierte Orte konzipiert ist. <\/p>\n<p data-start=\"1482\" data-end=\"1673\">\n<p data-start=\"1482\" data-end=\"1673\"><!--more--><\/p>\n<h4 data-start=\"1482\" data-end=\"1673\">Vorteile :<\/h4>\n<ul>\n<li data-start=\"1701\" data-end=\"1727\"><strong>450 Blatt<\/strong> pro Rolle.<\/li>\n<li data-start=\"1730\" data-end=\"1776\">Gepr\u00e4gtes Papier f\u00fcr bessere Saugf\u00e4higkeit.<\/li>\n<li data-start=\"1779\" data-end=\"1808\">Praktisches Format <strong>19 x 20 cm<\/strong>.<\/li>\n<li data-start=\"1811\" data-end=\"1846\">Reibungslose und sparsame Nutzung.<\/li>\n<li data-start=\"1849\" data-end=\"1885\">Geeignet f\u00fcr professionelle Umgebungen.<\/li>\n<li data-start=\"1888\" data-end=\"1933\">6er-Pack <strong>Rollen<\/strong> f\u00fcr eine vereinfachte Verwaltung.<\/li>\n<\/ul>\n<p>&nbsp;<\/p>\n<p><!--more--><\/p>\n<h4>Weitere Informationen :<\/h4>\n<ul style=\"margin-top: 0; margin-bottom: 0;\">\n<li><strong>Verpackung<\/strong>: Packung mit 6 St\u00fcck<\/li>\n<li><strong>Farbe<\/strong>: Wei\u00df<\/li>\n<li><strong>Lagen<\/strong>: 2<\/li>\n<li><strong>Anzahl der Bl\u00e4tter<\/strong>: 450<\/li>\n<li><strong>Breite des Blattes<\/strong>: 19 cm<\/li>\n<li><strong>L\u00e4nge des Blattes<\/strong>: 20 cm<\/li>\n<li><strong>Rollenl\u00e4nge<\/strong>: 90 m<\/li>\n<li><strong>Rollendurchmesser<\/strong>: 19,5 cm<\/li>\n<li><strong>Material<\/strong>: Papier<\/li>\n<\/ul>\n<p>&nbsp;<\/p>\n<p><!--more--><\/p>\n<p>Den passenden Spender f\u00fcr diese Handtuchrolle finden Sie hier: <span style=\"color: #d12727;\"><a style=\"color: #d12727;\" href=\"https:\/\/www.csj-emballages.com\/produit\/distributeur-a-devidage-central-blanc-pour-bobine-450-formats-ref-e822\/?_gl=1*1vk142f*_up*MQ..*_ga*MjA0ODI1MzQ0OC4xNzcwMDM2NDM3*_ga_YNVJLRSSZT*czE3NzAwMzY0MzckbzEkZzAkdDE3NzAwMzY0MzckajYwJGwwJGgyMDQ3NDQ2Mjgw\">DISTRIE822<\/a><\/span><\/p>\n<p>&nbsp;<\/p>\n<p><!--more--><\/p>\n<p><a href=\"\/?product_cat=essuies-mains-rouleaux\">Entdecken Sie den Rest unseres Rollenhandtuch-Sortiments.<\/a><\/p>\n","protected":false},"excerpt":{"rendered":"<p>Handtuchrolle Entdecken Sie unsere gepr\u00e4gte Handtuchrolle, 450 Blatt, 19 x 20 cm, im 6er-Pack<\/p>\n","protected":false},"featured_media":263162,"template":"","meta":{"_acf_changed":false},"product_brand":[],"product_cat":[1218,1377,1452,1453],"product_tag":[],"class_list":{"0":"post-20669","1":"product","2":"type-product","3":"status-publish","4":"has-post-thumbnail","6":"product_cat-hygiene-und-pflege","7":"product_cat-wischtucher","8":"product_cat-handtucher-de","9":"product_cat-handrollschirme","11":"first","12":"instock","13":"taxable","14":"shipping-taxable","15":"purchasable","16":"product-type-simple"},"acf":[],"yoast_head":"<!-- This site is optimized with the Yoast SEO Premium plugin v26.6 (Yoast SEO v26.6) - https:\/\/yoast.com\/wordpress\/plugins\/seo\/ -->\n<title>Gepr\u00e4gte Handtuchrolle, 450 Blatt, 19 x 20 cm, 6er-Pack<\/title>\n<meta name=\"description\" content=\"Gepr\u00e4gte Handtuchrolle, 450 Blatt, 19x20 cm, 6er-Pack. Saugf\u00e4hig, praktisch und ideal f\u00fcr Sanit\u00e4rbereiche und professionelle K\u00fcchen.\" \/>\n<meta name=\"robots\" content=\"index, follow, max-snippet:-1, max-image-preview:large, max-video-preview:-1\" \/>\n<link rel=\"canonical\" href=\"https:\/\/www.csj-emballages.com\/de\/produit\/6-rollen-gepraegte-handtuecher-450-formate-18-5-x-20-cm\/\" \/>\n<meta property=\"og:locale\" content=\"de_DE\" \/>\n<meta property=\"og:type\" content=\"article\" \/>\n<meta property=\"og:title\" content=\"Gepr\u00e4gte Handtuchrolle, 450 Blatt, 19 x 20 cm, 6er-Pack\" \/>\n<meta property=\"og:description\" content=\"Gepr\u00e4gte Handtuchrolle, 450 Blatt, 19x20 cm, 6er-Pack. Saugf\u00e4hig, praktisch und ideal f\u00fcr Sanit\u00e4rbereiche und professionelle K\u00fcchen.\" \/>\n<meta property=\"og:url\" content=\"https:\/\/www.csj-emballages.com\/de\/produit\/6-rollen-gepraegte-handtuecher-450-formate-18-5-x-20-cm\/\" \/>\n<meta property=\"og:site_name\" content=\"CSJ Emballages\" \/>\n<meta property=\"article:publisher\" content=\"https:\/\/www.facebook.com\/csjemballages\" \/>\n<meta property=\"article:modified_time\" content=\"2026-04-11T00:12:52+00:00\" \/>\n<meta property=\"og:image\" content=\"https:\/\/www.csj-emballages.com\/wp-content\/uploads\/2024\/03\/E822S.webp\" \/>\n\t<meta property=\"og:image:width\" content=\"800\" \/>\n\t<meta property=\"og:image:height\" content=\"800\" \/>\n\t<meta property=\"og:image:type\" content=\"image\/webp\" \/>\n<meta name=\"twitter:card\" content=\"summary_large_image\" \/>\n<meta name=\"twitter:label1\" content=\"Gesch\u00e4tzte Lesezeit\" \/>\n\t<meta name=\"twitter:data1\" content=\"2 Minuten\" \/>\n<script type=\"application\/ld+json\" class=\"yoast-schema-graph\">{\"@context\":\"https:\/\/schema.org\",\"@graph\":[{\"@type\":\"WebPage\",\"@id\":\"https:\/\/www.csj-emballages.com\/de\/produit\/6-rollen-gepraegte-handtuecher-450-formate-18-5-x-20-cm\/\",\"url\":\"https:\/\/www.csj-emballages.com\/de\/produit\/6-rollen-gepraegte-handtuecher-450-formate-18-5-x-20-cm\/\",\"name\":\"Gepr\u00e4gte Handtuchrolle, 450 Blatt, 19 x 20 cm, 6er-Pack\",\"isPartOf\":{\"@id\":\"https:\/\/www.csj-emballages.com\/de\/#website\"},\"primaryImageOfPage\":{\"@id\":\"https:\/\/www.csj-emballages.com\/de\/produit\/6-rollen-gepraegte-handtuecher-450-formate-18-5-x-20-cm\/#primaryimage\"},\"image\":{\"@id\":\"https:\/\/www.csj-emballages.com\/de\/produit\/6-rollen-gepraegte-handtuecher-450-formate-18-5-x-20-cm\/#primaryimage\"},\"thumbnailUrl\":\"https:\/\/www.csj-emballages.com\/wp-content\/uploads\/2024\/03\/E822S.webp\",\"datePublished\":\"2024-03-01T15:54:25+00:00\",\"dateModified\":\"2026-04-11T00:12:52+00:00\",\"description\":\"Gepr\u00e4gte Handtuchrolle, 450 Blatt, 19x20 cm, 6er-Pack. Saugf\u00e4hig, praktisch und ideal f\u00fcr Sanit\u00e4rbereiche und professionelle K\u00fcchen.\",\"breadcrumb\":{\"@id\":\"https:\/\/www.csj-emballages.com\/de\/produit\/6-rollen-gepraegte-handtuecher-450-formate-18-5-x-20-cm\/#breadcrumb\"},\"inLanguage\":\"de\",\"potentialAction\":[{\"@type\":\"ReadAction\",\"target\":[\"https:\/\/www.csj-emballages.com\/de\/produit\/6-rollen-gepraegte-handtuecher-450-formate-18-5-x-20-cm\/\"]}]},{\"@type\":\"ImageObject\",\"inLanguage\":\"de\",\"@id\":\"https:\/\/www.csj-emballages.com\/de\/produit\/6-rollen-gepraegte-handtuecher-450-formate-18-5-x-20-cm\/#primaryimage\",\"url\":\"https:\/\/www.csj-emballages.com\/wp-content\/uploads\/2024\/03\/E822S.webp\",\"contentUrl\":\"https:\/\/www.csj-emballages.com\/wp-content\/uploads\/2024\/03\/E822S.webp\",\"width\":800,\"height\":800,\"caption\":\"Rouleau essuie-mains\"},{\"@type\":\"BreadcrumbList\",\"@id\":\"https:\/\/www.csj-emballages.com\/de\/produit\/6-rollen-gepraegte-handtuecher-450-formate-18-5-x-20-cm\/#breadcrumb\",\"itemListElement\":[{\"@type\":\"ListItem\",\"position\":1,\"name\":\"Accueil\",\"item\":\"https:\/\/www.csj-emballages.com\/de\/universum-lebensmittelverpackungen\/\"},{\"@type\":\"ListItem\",\"position\":2,\"name\":\"Shop\",\"item\":\"https:\/\/www.csj-emballages.com\/shop\/\"},{\"@type\":\"ListItem\",\"position\":3,\"name\":\"Gepr\u00e4gte Handtuchrolle, 450 Blatt, 19 x 20 cm, 6er-Pack\"}]},{\"@type\":\"WebSite\",\"@id\":\"https:\/\/www.csj-emballages.com\/de\/#website\",\"url\":\"https:\/\/www.csj-emballages.com\/de\/\",\"name\":\"CSJ Emballages\",\"description\":\"\",\"publisher\":{\"@id\":\"https:\/\/www.csj-emballages.com\/de\/#organization\"},\"potentialAction\":[{\"@type\":\"SearchAction\",\"target\":{\"@type\":\"EntryPoint\",\"urlTemplate\":\"https:\/\/www.csj-emballages.com\/de\/?s={search_term_string}\"},\"query-input\":{\"@type\":\"PropertyValueSpecification\",\"valueRequired\":true,\"valueName\":\"search_term_string\"}}],\"inLanguage\":\"de\"},{\"@type\":\"Organization\",\"@id\":\"https:\/\/www.csj-emballages.com\/de\/#Organization\/\",\"name\":\"CSJ Emballages\",\"url\":\"https:\/\/www.csj-emballages.com\/de\/\",\"logo\":{\"@type\":\"ImageObject\",\"inLanguage\":\"de\",\"@id\":\"https:\/\/www.csj-emballages.com\/de\/#\/schema\/logo\/image\/\",\"url\":\"https:\/\/www.csj-emballages.com\/wp-content\/uploads\/2023\/10\/logo_csj.webp\",\"contentUrl\":\"https:\/\/www.csj-emballages.com\/wp-content\/uploads\/2023\/10\/logo_csj.webp\",\"width\":250,\"height\":95,\"caption\":\"CSJ Emballages\"},\"image\":{\"@id\":\"https:\/\/www.csj-emballages.com\/de\/#\/schema\/logo\/image\/\"},\"sameAs\":[\"https:\/\/www.facebook.com\/csjemballages\"],\"address\":{\"@type\":\"PostalAddress\",\"streetAddress\":\"ZI La Lechere\",\"addressLocality\":\"Patornay\",\"postalCode\":\"39130\",\"addressCountry\":\"FR\"},\"contactPoint\":[{\"@type\":\"ContactPoint\",\"contactType\":\"Service client\",\"telephone\":\"0384254272\",\"email\":\"contact@csj-emballages.com\"}]}]}<\/script>\n<!-- \/ Yoast SEO Premium plugin. -->","yoast_head_json":{"title":"Gepr\u00e4gte Handtuchrolle, 450 Blatt, 19 x 20 cm, 6er-Pack","description":"Gepr\u00e4gte Handtuchrolle, 450 Blatt, 19x20 cm, 6er-Pack. Saugf\u00e4hig, praktisch und ideal f\u00fcr Sanit\u00e4rbereiche und professionelle K\u00fcchen.","robots":{"index":"index","follow":"follow","max-snippet":"max-snippet:-1","max-image-preview":"max-image-preview:large","max-video-preview":"max-video-preview:-1"},"canonical":"https:\/\/www.csj-emballages.com\/de\/produit\/6-rollen-gepraegte-handtuecher-450-formate-18-5-x-20-cm\/","og_locale":"de_DE","og_type":"article","og_title":"Gepr\u00e4gte Handtuchrolle, 450 Blatt, 19 x 20 cm, 6er-Pack","og_description":"Gepr\u00e4gte Handtuchrolle, 450 Blatt, 19x20 cm, 6er-Pack. Saugf\u00e4hig, praktisch und ideal f\u00fcr Sanit\u00e4rbereiche und professionelle K\u00fcchen.","og_url":"https:\/\/www.csj-emballages.com\/de\/produit\/6-rollen-gepraegte-handtuecher-450-formate-18-5-x-20-cm\/","og_site_name":"CSJ Emballages","article_publisher":"https:\/\/www.facebook.com\/csjemballages","article_modified_time":"2026-04-11T00:12:52+00:00","og_image":[{"width":800,"height":800,"url":"https:\/\/www.csj-emballages.com\/wp-content\/uploads\/2024\/03\/E822S.webp","type":"image\/webp"}],"twitter_card":"summary_large_image","twitter_misc":{"Gesch\u00e4tzte Lesezeit":"2 Minuten"},"schema":{"@context":"https:\/\/schema.org","@graph":[{"@type":"WebPage","@id":"https:\/\/www.csj-emballages.com\/de\/produit\/6-rollen-gepraegte-handtuecher-450-formate-18-5-x-20-cm\/","url":"https:\/\/www.csj-emballages.com\/de\/produit\/6-rollen-gepraegte-handtuecher-450-formate-18-5-x-20-cm\/","name":"Gepr\u00e4gte Handtuchrolle, 450 Blatt, 19 x 20 cm, 6er-Pack","isPartOf":{"@id":"https:\/\/www.csj-emballages.com\/de\/#website"},"primaryImageOfPage":{"@id":"https:\/\/www.csj-emballages.com\/de\/produit\/6-rollen-gepraegte-handtuecher-450-formate-18-5-x-20-cm\/#primaryimage"},"image":{"@id":"https:\/\/www.csj-emballages.com\/de\/produit\/6-rollen-gepraegte-handtuecher-450-formate-18-5-x-20-cm\/#primaryimage"},"thumbnailUrl":"https:\/\/www.csj-emballages.com\/wp-content\/uploads\/2024\/03\/E822S.webp","datePublished":"2024-03-01T15:54:25+00:00","dateModified":"2026-04-11T00:12:52+00:00","description":"Gepr\u00e4gte Handtuchrolle, 450 Blatt, 19x20 cm, 6er-Pack. Saugf\u00e4hig, praktisch und ideal f\u00fcr Sanit\u00e4rbereiche und professionelle K\u00fcchen.","breadcrumb":{"@id":"https:\/\/www.csj-emballages.com\/de\/produit\/6-rollen-gepraegte-handtuecher-450-formate-18-5-x-20-cm\/#breadcrumb"},"inLanguage":"de","potentialAction":[{"@type":"ReadAction","target":["https:\/\/www.csj-emballages.com\/de\/produit\/6-rollen-gepraegte-handtuecher-450-formate-18-5-x-20-cm\/"]}]},{"@type":"ImageObject","inLanguage":"de","@id":"https:\/\/www.csj-emballages.com\/de\/produit\/6-rollen-gepraegte-handtuecher-450-formate-18-5-x-20-cm\/#primaryimage","url":"https:\/\/www.csj-emballages.com\/wp-content\/uploads\/2024\/03\/E822S.webp","contentUrl":"https:\/\/www.csj-emballages.com\/wp-content\/uploads\/2024\/03\/E822S.webp","width":800,"height":800,"caption":"Rouleau essuie-mains"},{"@type":"BreadcrumbList","@id":"https:\/\/www.csj-emballages.com\/de\/produit\/6-rollen-gepraegte-handtuecher-450-formate-18-5-x-20-cm\/#breadcrumb","itemListElement":[{"@type":"ListItem","position":1,"name":"Accueil","item":"https:\/\/www.csj-emballages.com\/de\/universum-lebensmittelverpackungen\/"},{"@type":"ListItem","position":2,"name":"Shop","item":"https:\/\/www.csj-emballages.com\/shop\/"},{"@type":"ListItem","position":3,"name":"Gepr\u00e4gte Handtuchrolle, 450 Blatt, 19 x 20 cm, 6er-Pack"}]},{"@type":"WebSite","@id":"https:\/\/www.csj-emballages.com\/de\/#website","url":"https:\/\/www.csj-emballages.com\/de\/","name":"CSJ Emballages","description":"","publisher":{"@id":"https:\/\/www.csj-emballages.com\/de\/#organization"},"potentialAction":[{"@type":"SearchAction","target":{"@type":"EntryPoint","urlTemplate":"https:\/\/www.csj-emballages.com\/de\/?s={search_term_string}"},"query-input":{"@type":"PropertyValueSpecification","valueRequired":true,"valueName":"search_term_string"}}],"inLanguage":"de"},{"@type":"Organization","@id":"https:\/\/www.csj-emballages.com\/de\/#Organization\/","name":"CSJ Emballages","url":"https:\/\/www.csj-emballages.com\/de\/","logo":{"@type":"ImageObject","inLanguage":"de","@id":"https:\/\/www.csj-emballages.com\/de\/#\/schema\/logo\/image\/","url":"https:\/\/www.csj-emballages.com\/wp-content\/uploads\/2023\/10\/logo_csj.webp","contentUrl":"https:\/\/www.csj-emballages.com\/wp-content\/uploads\/2023\/10\/logo_csj.webp","width":250,"height":95,"caption":"CSJ Emballages"},"image":{"@id":"https:\/\/www.csj-emballages.com\/de\/#\/schema\/logo\/image\/"},"sameAs":["https:\/\/www.facebook.com\/csjemballages"],"address":{"@type":"PostalAddress","streetAddress":"ZI La Lechere","addressLocality":"Patornay","postalCode":"39130","addressCountry":"FR"},"contactPoint":[{"@type":"ContactPoint","contactType":"Service client","telephone":"0384254272","email":"contact@csj-emballages.com"}]}]}},"df_price":13.68,"df_sale_price":"","df_regular_price":13.68,"df_image_link":"https:\/\/www.csj-emballages.com\/wp-content\/uploads\/2024\/03\/E822S-300x300.webp","tiered_pricing_type":"fixed","tiered_pricing_fixed_rules":[],"tiered_pricing_percentage_rules":[],"tiered_pricing_minimum":1,"tiered_pricing_roles_data":[],"_links":{"self":[{"href":"https:\/\/www.csj-emballages.com\/de\/wp-json\/wp\/v2\/product\/20669","targetHints":{"allow":["GET"]}}],"collection":[{"href":"https:\/\/www.csj-emballages.com\/de\/wp-json\/wp\/v2\/product"}],"about":[{"href":"https:\/\/www.csj-emballages.com\/de\/wp-json\/wp\/v2\/types\/product"}],"wp:featuredmedia":[{"embeddable":true,"href":"https:\/\/www.csj-emballages.com\/de\/wp-json\/wp\/v2\/media\/263162"}],"wp:attachment":[{"href":"https:\/\/www.csj-emballages.com\/de\/wp-json\/wp\/v2\/media?parent=20669"}],"wp:term":[{"taxonomy":"product_brand","embeddable":true,"href":"https:\/\/www.csj-emballages.com\/de\/wp-json\/wp\/v2\/product_brand?post=20669"},{"taxonomy":"product_cat","embeddable":true,"href":"https:\/\/www.csj-emballages.com\/de\/wp-json\/wp\/v2\/product_cat?post=20669"},{"taxonomy":"product_tag","embeddable":true,"href":"https:\/\/www.csj-emballages.com\/de\/wp-json\/wp\/v2\/product_tag?post=20669"}],"curies":[{"name":"wp","href":"https:\/\/api.w.org\/{rel}","templated":true}]}}