{"id":20665,"date":"2024-03-01T16:54:26","date_gmt":"2024-03-01T15:54:26","guid":{"rendered":"https:\/\/u15jnbdpoq.preview.infomaniak.website\/produit\/12-rollen-handtuecher-aus-reiner-watte-gepraegt-200-formate-20-x-25-cm\/"},"modified":"2026-04-24T02:13:39","modified_gmt":"2026-04-24T00:13:39","slug":"12-rollen-handtuecher-aus-reiner-watte-gepraegt-200-formate-20-x-25-cm","status":"publish","type":"product","link":"https:\/\/www.csj-emballages.com\/de\/produit\/12-rollen-handtuecher-aus-reiner-watte-gepraegt-200-formate-20-x-25-cm\/","title":{"rendered":"Gepr\u00e4gte Handtuchrolle aus reiner Zellulose, 200 Bl\u00e4tter, 20 x 25 cm, 12er-Pack"},"content":{"rendered":"<h2>Handtuchrolle<\/h2>\n<hr>\n<h3>Entdecken Sie unsere gepr\u00e4gte Handtuchrolle aus reiner Zellulose, 200 Bl\u00e4tter, 20 x 25 cm, im 12er-Pack<\/h3>\n<p><!--more--><\/p>\n<p data-start=\"228\" data-end=\"568\">Diese <strong data-start=\"231\" data-end=\"277\">gepr\u00e4gte Handtuchrolle aus reiner Zellulose<\/strong> wurde entwickelt, um im Alltag ein effizientes, schnelles und angenehmes Abtrocknen zu erm\u00f6glichen. Dank ihrer gepr\u00e4gten Textur nimmt sie Feuchtigkeit leichter auf und trocknet die H\u00e4nde in wenigen Handgriffen. Das Ergebnis: weniger Bl\u00e4tter werden verbraucht und Sie sparen wertvolle Zeit, besonders an stark frequentierten Orten.  <\/p>\n<p data-start=\"570\" data-end=\"962\">Mit ihren <strong data-start=\"579\" data-end=\"606\">200 vorgestanzten Bl\u00e4ttern<\/strong> von <strong data-start=\"610\" data-end=\"624\">20 x 25 cm<\/strong> ist diese <strong>Rolle<\/strong> sowohl f\u00fcr Standardspender als auch f\u00fcr den direkten Gebrauch perfekt geeignet. Jedes Blatt l\u00e4sst sich sauber abrei\u00dfen, was Verschwendung vermeidet und hilft, den Bereich stets sauber zu halten. Die <strong>reine Zellulose<\/strong> sorgt f\u00fcr ein weiches Gef\u00fchl auf der Haut und ist gleichzeitig widerstandsf\u00e4hig genug f\u00fcr den intensiven Gebrauch.  <\/p>\n<p data-start=\"964\" data-end=\"1332\">Dieses Produkt findet seinen nat\u00fcrlichen Platz in <strong>professionellen Sanit\u00e4rbereichen, K\u00fcchen, Werkst\u00e4tten, \u00f6ffentlichen Einrichtungen oder Gastronomiebetrieben<\/strong>. Es erf\u00fcllt die Hygieneanforderungen und ist dabei einfach zu handhaben. Dar\u00fcber hinaus erm\u00f6glicht das Format <strong data-start=\"1215\" data-end=\"1241\">im 12er-Pack<\/strong> eine einfache Lagerverwaltung und gew\u00e4hrleistet einen unterbrechungsfreien Service.  <\/p>\n<p data-start=\"1334\" data-end=\"1537\">Im Alltag wird dieses <strong>Handtuch<\/strong> schnell zu einem unverzichtbaren Helfer: Man rollt es ab, wischt, wirft es weg, und fertig. Keine Komplikationen, einfach ein zuverl\u00e4ssiges Produkt, das genau das tut, was man von ihm erwartet. <\/p>\n<p data-start=\"1539\" data-end=\"1712\">Zusammenfassend vereint diese <strong>Handtuchrolle<\/strong> Effizienz, Komfort und Praktikabilit\u00e4t. Sie unterst\u00fctzt Profis in ihrem Alltag und gew\u00e4hrleistet dabei eine einwandfreie Hygiene. <\/p>\n<p>&nbsp;<\/p>\n<p><!--more--><\/p>\n<h4>Vorteile :<\/h4>\n<ul>\n<li data-start=\"1740\" data-end=\"1773\">Weiche und widerstandsf\u00e4hige reine Zellulose.<\/li>\n<li data-start=\"1776\" data-end=\"1810\">Sehr saugf\u00e4hige, gepr\u00e4gte Textur.<\/li>\n<li data-start=\"1813\" data-end=\"1839\"><strong>200 formats<\/strong> vorgestanzte Bl\u00e4tter.<\/li>\n<li data-start=\"1842\" data-end=\"1876\">Praktische Ma\u00dfe <strong>20 x 25 cm<\/strong>.<\/li>\n<li data-start=\"1879\" data-end=\"1921\">Kompatibel mit Standardspendern.<\/li>\n<li data-start=\"1924\" data-end=\"1954\">Sparpaket mit <strong>12 Rollen<\/strong>.<\/li>\n<li data-start=\"1924\" data-end=\"1954\">Vorgestanzt auf <strong>25 cm<\/strong>.<\/li>\n<\/ul>\n<p>&nbsp;<\/p>\n<p><!--more--><\/p>\n<h4><strong>Weitere Informationen :  <\/strong><\/h4>\n<ul>\n<li><strong>Verpackung<\/strong>: Packung mit 12 St\u00fcck<\/li>\n<li><strong>Rollendurchmesser<\/strong>: 14 cm<\/li>\n<li><strong>Kern<\/strong>: 5,9 cm<\/li>\n<li><strong>Abrissbreite<\/strong>: 25 cm<\/li>\n<li><strong>H\u00f6he<\/strong>: 20 cm<\/li>\n<li><strong>Farbe<\/strong>: Wei\u00df<\/li>\n<li><strong>Lagen<\/strong>: 2<\/li>\n<li><strong>Anzahl der Bl\u00e4tter<\/strong>: 200<\/li>\n<li><strong>Material<\/strong>: Zellulose<\/li>\n<\/ul>\n<p>&nbsp;<\/p>\n<p><!--more--><\/p>\n<p>Hier finden Sie den passenden Spender f\u00fcr diese Handtuchrolle: <span style=\"color: #d12727;\"><a style=\"color: #d12727;\" href=\"https:\/\/www.csj-emballages.com\/produit\/distributeur-essuie-mains-a-devidage-central-blanc-pour-bobine-200-formats-ref-e811\/?_gl=1*g9j0uv*_up*MQ..*_ga*MTUzNTYwMTIzNi4xNzcwMDI2ODY2*_ga_YNVJLRSSZT*czE3NzAwMjY4NjUkbzEkZzAkdDE3NzAwMjY4NjUkajYwJGwwJGgxMjI5NTI1NzE4\">DISTRIE811<\/a><\/span><\/p>\n<p>&nbsp;<\/p>\n<p><!--more--><\/p>\n<p><a href=\"https:\/\/www.csj-emballages.com\/categorie-produit\/hygiene-et-entretiens\/essuyages\/essuie-mains\/essuies-mains-rouleaux\/?_gl=1*1qf72uz*_up*MQ..*_ga*NzE5OTExNjQuMTc2OTc1OTIwNw..*_ga_YNVJLRSSZT*czE3Njk3NjM1ODMkbzIkZzAkdDE3Njk3NjQ1MzUkajQ2JGwwJGgxMDI3NDM2Mzcx\">Entdecken Sie den Rest unseres Sortiments an Handtuchrollen<\/a><\/p>\n","protected":false},"excerpt":{"rendered":"<p>Handtuchrolle Entdecken Sie unsere gepr\u00e4gte Handtuchrolle aus reiner Zellulose, 200 Bl\u00e4tter, 20 x 25 cm, im 12er-Pack<\/p>\n","protected":false},"featured_media":263105,"template":"","meta":{"_acf_changed":false},"product_brand":[],"product_cat":[1218,1377,1452,1453],"product_tag":[],"class_list":{"0":"post-20665","1":"product","2":"type-product","3":"status-publish","4":"has-post-thumbnail","6":"product_cat-hygiene-und-pflege","7":"product_cat-wischtucher","8":"product_cat-handtucher-de","9":"product_cat-handrollschirme","11":"first","12":"instock","13":"taxable","14":"shipping-taxable","15":"purchasable","16":"product-type-simple"},"acf":[],"yoast_head":"<!-- This site is optimized with the Yoast SEO Premium plugin v26.6 (Yoast SEO v26.6) - https:\/\/yoast.com\/wordpress\/plugins\/seo\/ -->\n<title>Gepr\u00e4gte Handtuchrolle aus reiner Zellulose, 200 Bl\u00e4tter, 20 x 25 cm<\/title>\n<meta name=\"description\" content=\"Gepr\u00e4gte Handtuchrolle aus reiner Zellulose, 200 Bl\u00e4tter, 20x25 cm, im 12er-Pack. Saugf\u00e4hig, praktisch und ideal f\u00fcr professionelle Sanit\u00e4rbereiche und K\u00fcchen.\" \/>\n<meta name=\"robots\" content=\"index, follow, max-snippet:-1, max-image-preview:large, max-video-preview:-1\" \/>\n<link rel=\"canonical\" href=\"https:\/\/www.csj-emballages.com\/de\/produit\/12-rollen-handtuecher-aus-reiner-watte-gepraegt-200-formate-20-x-25-cm\/\" \/>\n<meta property=\"og:locale\" content=\"de_DE\" \/>\n<meta property=\"og:type\" content=\"article\" \/>\n<meta property=\"og:title\" content=\"Gepr\u00e4gte Handtuchrolle aus reiner Zellulose, 200 Bl\u00e4tter, 20 x 25 cm, 12er-Pack\" \/>\n<meta property=\"og:description\" content=\"Gepr\u00e4gte Handtuchrolle aus reiner Zellulose, 200 Bl\u00e4tter, 20x25 cm, im 12er-Pack. Saugf\u00e4hig, praktisch und ideal f\u00fcr professionelle Sanit\u00e4rbereiche und K\u00fcchen.\" \/>\n<meta property=\"og:url\" content=\"https:\/\/www.csj-emballages.com\/de\/produit\/12-rollen-handtuecher-aus-reiner-watte-gepraegt-200-formate-20-x-25-cm\/\" \/>\n<meta property=\"og:site_name\" content=\"CSJ Emballages\" \/>\n<meta property=\"article:publisher\" content=\"https:\/\/www.facebook.com\/csjemballages\" \/>\n<meta property=\"article:modified_time\" content=\"2026-04-24T00:13:39+00:00\" \/>\n<meta property=\"og:image\" content=\"https:\/\/www.csj-emballages.com\/wp-content\/uploads\/2024\/03\/E811G.webp\" \/>\n\t<meta property=\"og:image:width\" content=\"800\" \/>\n\t<meta property=\"og:image:height\" content=\"800\" \/>\n\t<meta property=\"og:image:type\" content=\"image\/webp\" \/>\n<meta name=\"twitter:card\" content=\"summary_large_image\" \/>\n<meta name=\"twitter:label1\" content=\"Gesch\u00e4tzte Lesezeit\" \/>\n\t<meta name=\"twitter:data1\" content=\"2 Minuten\" \/>\n<script type=\"application\/ld+json\" class=\"yoast-schema-graph\">{\"@context\":\"https:\/\/schema.org\",\"@graph\":[{\"@type\":\"WebPage\",\"@id\":\"https:\/\/www.csj-emballages.com\/de\/produit\/12-rollen-handtuecher-aus-reiner-watte-gepraegt-200-formate-20-x-25-cm\/\",\"url\":\"https:\/\/www.csj-emballages.com\/de\/produit\/12-rollen-handtuecher-aus-reiner-watte-gepraegt-200-formate-20-x-25-cm\/\",\"name\":\"Gepr\u00e4gte Handtuchrolle aus reiner Zellulose, 200 Bl\u00e4tter, 20 x 25 cm\",\"isPartOf\":{\"@id\":\"https:\/\/www.csj-emballages.com\/de\/#website\"},\"primaryImageOfPage\":{\"@id\":\"https:\/\/www.csj-emballages.com\/de\/produit\/12-rollen-handtuecher-aus-reiner-watte-gepraegt-200-formate-20-x-25-cm\/#primaryimage\"},\"image\":{\"@id\":\"https:\/\/www.csj-emballages.com\/de\/produit\/12-rollen-handtuecher-aus-reiner-watte-gepraegt-200-formate-20-x-25-cm\/#primaryimage\"},\"thumbnailUrl\":\"https:\/\/www.csj-emballages.com\/wp-content\/uploads\/2024\/03\/E811G.webp\",\"datePublished\":\"2024-03-01T15:54:26+00:00\",\"dateModified\":\"2026-04-24T00:13:39+00:00\",\"description\":\"Gepr\u00e4gte Handtuchrolle aus reiner Zellulose, 200 Bl\u00e4tter, 20x25 cm, im 12er-Pack. Saugf\u00e4hig, praktisch und ideal f\u00fcr professionelle Sanit\u00e4rbereiche und K\u00fcchen.\",\"breadcrumb\":{\"@id\":\"https:\/\/www.csj-emballages.com\/de\/produit\/12-rollen-handtuecher-aus-reiner-watte-gepraegt-200-formate-20-x-25-cm\/#breadcrumb\"},\"inLanguage\":\"de\",\"potentialAction\":[{\"@type\":\"ReadAction\",\"target\":[\"https:\/\/www.csj-emballages.com\/de\/produit\/12-rollen-handtuecher-aus-reiner-watte-gepraegt-200-formate-20-x-25-cm\/\"]}]},{\"@type\":\"ImageObject\",\"inLanguage\":\"de\",\"@id\":\"https:\/\/www.csj-emballages.com\/de\/produit\/12-rollen-handtuecher-aus-reiner-watte-gepraegt-200-formate-20-x-25-cm\/#primaryimage\",\"url\":\"https:\/\/www.csj-emballages.com\/wp-content\/uploads\/2024\/03\/E811G.webp\",\"contentUrl\":\"https:\/\/www.csj-emballages.com\/wp-content\/uploads\/2024\/03\/E811G.webp\",\"width\":800,\"height\":800,\"caption\":\"Rouleau essuie-mains\"},{\"@type\":\"BreadcrumbList\",\"@id\":\"https:\/\/www.csj-emballages.com\/de\/produit\/12-rollen-handtuecher-aus-reiner-watte-gepraegt-200-formate-20-x-25-cm\/#breadcrumb\",\"itemListElement\":[{\"@type\":\"ListItem\",\"position\":1,\"name\":\"Accueil\",\"item\":\"https:\/\/www.csj-emballages.com\/de\/universum-lebensmittelverpackungen\/\"},{\"@type\":\"ListItem\",\"position\":2,\"name\":\"Shop\",\"item\":\"https:\/\/www.csj-emballages.com\/shop\/\"},{\"@type\":\"ListItem\",\"position\":3,\"name\":\"Gepr\u00e4gte Handtuchrolle aus reiner Zellulose, 200 Bl\u00e4tter, 20 x 25 cm, 12er-Pack\"}]},{\"@type\":\"WebSite\",\"@id\":\"https:\/\/www.csj-emballages.com\/de\/#website\",\"url\":\"https:\/\/www.csj-emballages.com\/de\/\",\"name\":\"CSJ Emballages\",\"description\":\"\",\"publisher\":{\"@id\":\"https:\/\/www.csj-emballages.com\/de\/#organization\"},\"potentialAction\":[{\"@type\":\"SearchAction\",\"target\":{\"@type\":\"EntryPoint\",\"urlTemplate\":\"https:\/\/www.csj-emballages.com\/de\/?s={search_term_string}\"},\"query-input\":{\"@type\":\"PropertyValueSpecification\",\"valueRequired\":true,\"valueName\":\"search_term_string\"}}],\"inLanguage\":\"de\"},{\"@type\":\"Organization\",\"@id\":\"https:\/\/www.csj-emballages.com\/de\/#Organization\/\",\"name\":\"CSJ Emballages\",\"url\":\"https:\/\/www.csj-emballages.com\/de\/\",\"logo\":{\"@type\":\"ImageObject\",\"inLanguage\":\"de\",\"@id\":\"https:\/\/www.csj-emballages.com\/de\/#\/schema\/logo\/image\/\",\"url\":\"https:\/\/www.csj-emballages.com\/wp-content\/uploads\/2023\/10\/logo_csj.webp\",\"contentUrl\":\"https:\/\/www.csj-emballages.com\/wp-content\/uploads\/2023\/10\/logo_csj.webp\",\"width\":250,\"height\":95,\"caption\":\"CSJ Emballages\"},\"image\":{\"@id\":\"https:\/\/www.csj-emballages.com\/de\/#\/schema\/logo\/image\/\"},\"sameAs\":[\"https:\/\/www.facebook.com\/csjemballages\"],\"address\":{\"@type\":\"PostalAddress\",\"streetAddress\":\"ZI La Lechere\",\"addressLocality\":\"Patornay\",\"postalCode\":\"39130\",\"addressCountry\":\"FR\"},\"contactPoint\":[{\"@type\":\"ContactPoint\",\"contactType\":\"Service client\",\"telephone\":\"0384254272\",\"email\":\"contact@csj-emballages.com\"}]}]}<\/script>\n<!-- \/ Yoast SEO Premium plugin. -->","yoast_head_json":{"title":"Gepr\u00e4gte Handtuchrolle aus reiner Zellulose, 200 Bl\u00e4tter, 20 x 25 cm","description":"Gepr\u00e4gte Handtuchrolle aus reiner Zellulose, 200 Bl\u00e4tter, 20x25 cm, im 12er-Pack. Saugf\u00e4hig, praktisch und ideal f\u00fcr professionelle Sanit\u00e4rbereiche und K\u00fcchen.","robots":{"index":"index","follow":"follow","max-snippet":"max-snippet:-1","max-image-preview":"max-image-preview:large","max-video-preview":"max-video-preview:-1"},"canonical":"https:\/\/www.csj-emballages.com\/de\/produit\/12-rollen-handtuecher-aus-reiner-watte-gepraegt-200-formate-20-x-25-cm\/","og_locale":"de_DE","og_type":"article","og_title":"Gepr\u00e4gte Handtuchrolle aus reiner Zellulose, 200 Bl\u00e4tter, 20 x 25 cm, 12er-Pack","og_description":"Gepr\u00e4gte Handtuchrolle aus reiner Zellulose, 200 Bl\u00e4tter, 20x25 cm, im 12er-Pack. Saugf\u00e4hig, praktisch und ideal f\u00fcr professionelle Sanit\u00e4rbereiche und K\u00fcchen.","og_url":"https:\/\/www.csj-emballages.com\/de\/produit\/12-rollen-handtuecher-aus-reiner-watte-gepraegt-200-formate-20-x-25-cm\/","og_site_name":"CSJ Emballages","article_publisher":"https:\/\/www.facebook.com\/csjemballages","article_modified_time":"2026-04-24T00:13:39+00:00","og_image":[{"width":800,"height":800,"url":"https:\/\/www.csj-emballages.com\/wp-content\/uploads\/2024\/03\/E811G.webp","type":"image\/webp"}],"twitter_card":"summary_large_image","twitter_misc":{"Gesch\u00e4tzte Lesezeit":"2 Minuten"},"schema":{"@context":"https:\/\/schema.org","@graph":[{"@type":"WebPage","@id":"https:\/\/www.csj-emballages.com\/de\/produit\/12-rollen-handtuecher-aus-reiner-watte-gepraegt-200-formate-20-x-25-cm\/","url":"https:\/\/www.csj-emballages.com\/de\/produit\/12-rollen-handtuecher-aus-reiner-watte-gepraegt-200-formate-20-x-25-cm\/","name":"Gepr\u00e4gte Handtuchrolle aus reiner Zellulose, 200 Bl\u00e4tter, 20 x 25 cm","isPartOf":{"@id":"https:\/\/www.csj-emballages.com\/de\/#website"},"primaryImageOfPage":{"@id":"https:\/\/www.csj-emballages.com\/de\/produit\/12-rollen-handtuecher-aus-reiner-watte-gepraegt-200-formate-20-x-25-cm\/#primaryimage"},"image":{"@id":"https:\/\/www.csj-emballages.com\/de\/produit\/12-rollen-handtuecher-aus-reiner-watte-gepraegt-200-formate-20-x-25-cm\/#primaryimage"},"thumbnailUrl":"https:\/\/www.csj-emballages.com\/wp-content\/uploads\/2024\/03\/E811G.webp","datePublished":"2024-03-01T15:54:26+00:00","dateModified":"2026-04-24T00:13:39+00:00","description":"Gepr\u00e4gte Handtuchrolle aus reiner Zellulose, 200 Bl\u00e4tter, 20x25 cm, im 12er-Pack. Saugf\u00e4hig, praktisch und ideal f\u00fcr professionelle Sanit\u00e4rbereiche und K\u00fcchen.","breadcrumb":{"@id":"https:\/\/www.csj-emballages.com\/de\/produit\/12-rollen-handtuecher-aus-reiner-watte-gepraegt-200-formate-20-x-25-cm\/#breadcrumb"},"inLanguage":"de","potentialAction":[{"@type":"ReadAction","target":["https:\/\/www.csj-emballages.com\/de\/produit\/12-rollen-handtuecher-aus-reiner-watte-gepraegt-200-formate-20-x-25-cm\/"]}]},{"@type":"ImageObject","inLanguage":"de","@id":"https:\/\/www.csj-emballages.com\/de\/produit\/12-rollen-handtuecher-aus-reiner-watte-gepraegt-200-formate-20-x-25-cm\/#primaryimage","url":"https:\/\/www.csj-emballages.com\/wp-content\/uploads\/2024\/03\/E811G.webp","contentUrl":"https:\/\/www.csj-emballages.com\/wp-content\/uploads\/2024\/03\/E811G.webp","width":800,"height":800,"caption":"Rouleau essuie-mains"},{"@type":"BreadcrumbList","@id":"https:\/\/www.csj-emballages.com\/de\/produit\/12-rollen-handtuecher-aus-reiner-watte-gepraegt-200-formate-20-x-25-cm\/#breadcrumb","itemListElement":[{"@type":"ListItem","position":1,"name":"Accueil","item":"https:\/\/www.csj-emballages.com\/de\/universum-lebensmittelverpackungen\/"},{"@type":"ListItem","position":2,"name":"Shop","item":"https:\/\/www.csj-emballages.com\/shop\/"},{"@type":"ListItem","position":3,"name":"Gepr\u00e4gte Handtuchrolle aus reiner Zellulose, 200 Bl\u00e4tter, 20 x 25 cm, 12er-Pack"}]},{"@type":"WebSite","@id":"https:\/\/www.csj-emballages.com\/de\/#website","url":"https:\/\/www.csj-emballages.com\/de\/","name":"CSJ Emballages","description":"","publisher":{"@id":"https:\/\/www.csj-emballages.com\/de\/#organization"},"potentialAction":[{"@type":"SearchAction","target":{"@type":"EntryPoint","urlTemplate":"https:\/\/www.csj-emballages.com\/de\/?s={search_term_string}"},"query-input":{"@type":"PropertyValueSpecification","valueRequired":true,"valueName":"search_term_string"}}],"inLanguage":"de"},{"@type":"Organization","@id":"https:\/\/www.csj-emballages.com\/de\/#Organization\/","name":"CSJ Emballages","url":"https:\/\/www.csj-emballages.com\/de\/","logo":{"@type":"ImageObject","inLanguage":"de","@id":"https:\/\/www.csj-emballages.com\/de\/#\/schema\/logo\/image\/","url":"https:\/\/www.csj-emballages.com\/wp-content\/uploads\/2023\/10\/logo_csj.webp","contentUrl":"https:\/\/www.csj-emballages.com\/wp-content\/uploads\/2023\/10\/logo_csj.webp","width":250,"height":95,"caption":"CSJ Emballages"},"image":{"@id":"https:\/\/www.csj-emballages.com\/de\/#\/schema\/logo\/image\/"},"sameAs":["https:\/\/www.facebook.com\/csjemballages"],"address":{"@type":"PostalAddress","streetAddress":"ZI La Lechere","addressLocality":"Patornay","postalCode":"39130","addressCountry":"FR"},"contactPoint":[{"@type":"ContactPoint","contactType":"Service client","telephone":"0384254272","email":"contact@csj-emballages.com"}]}]}},"df_price":19.63,"df_sale_price":"","df_regular_price":19.63,"df_image_link":"https:\/\/www.csj-emballages.com\/wp-content\/uploads\/2024\/03\/E811G-300x300.webp","tiered_pricing_type":"fixed","tiered_pricing_fixed_rules":[],"tiered_pricing_percentage_rules":[],"tiered_pricing_minimum":1,"tiered_pricing_roles_data":[],"_links":{"self":[{"href":"https:\/\/www.csj-emballages.com\/de\/wp-json\/wp\/v2\/product\/20665","targetHints":{"allow":["GET"]}}],"collection":[{"href":"https:\/\/www.csj-emballages.com\/de\/wp-json\/wp\/v2\/product"}],"about":[{"href":"https:\/\/www.csj-emballages.com\/de\/wp-json\/wp\/v2\/types\/product"}],"wp:featuredmedia":[{"embeddable":true,"href":"https:\/\/www.csj-emballages.com\/de\/wp-json\/wp\/v2\/media\/263105"}],"wp:attachment":[{"href":"https:\/\/www.csj-emballages.com\/de\/wp-json\/wp\/v2\/media?parent=20665"}],"wp:term":[{"taxonomy":"product_brand","embeddable":true,"href":"https:\/\/www.csj-emballages.com\/de\/wp-json\/wp\/v2\/product_brand?post=20665"},{"taxonomy":"product_cat","embeddable":true,"href":"https:\/\/www.csj-emballages.com\/de\/wp-json\/wp\/v2\/product_cat?post=20665"},{"taxonomy":"product_tag","embeddable":true,"href":"https:\/\/www.csj-emballages.com\/de\/wp-json\/wp\/v2\/product_tag?post=20665"}],"curies":[{"name":"wp","href":"https:\/\/api.w.org\/{rel}","templated":true}]}}