{"id":20614,"date":"2024-03-01T16:54:30","date_gmt":"2024-03-01T15:54:30","guid":{"rendered":"https:\/\/u15jnbdpoq.preview.infomaniak.website\/produit\/50-einweg-domdeckel-sd5-sd8-ts5-tp5-tp9\/"},"modified":"2026-05-08T02:13:13","modified_gmt":"2026-05-08T00:13:13","slug":"50-einweg-domdeckel-sd5-sd8-ts5-tp5-tp9","status":"publish","type":"product","link":"https:\/\/www.csj-emballages.com\/de\/produit\/50-einweg-domdeckel-sd5-sd8-ts5-tp5-tp9\/","title":{"rendered":"Kunststoffdeckel f\u00fcr Dessertschalen SD8 \/ TP9 50 St\u00fcck"},"content":{"rendered":"<h2>Plastikdeckel<\/h2>\n<hr>\n<h3>Beschreibung unseres Plastikdeckels f\u00fcr Dessertschalen SD8 \/ TP9 50 St\u00fcck<\/h3>\n<p><!--more--><\/p>\n<p data-start=\"239\" data-end=\"580\">Der <strong>Kunststoff-Domdeckel f\u00fcr Dessertschalen <span style=\"color: #d12727;\"><a style=\"color: #d12727;\" href=\"https:\/\/www.csj-emballages.com\/es\/produit\/50-vasos-de-postre-de-plastico-cristal-desechables-236-ml\/\">SD8<\/a><\/span> \/ <span style=\"color: #d12727;\"><a style=\"color: #d12727;\" href=\"https:\/\/www.csj-emballages.com\/es\/produit\/50-tarrinas-de-plastico-cristal-desechables-para-helado-270-ml\/\">TP9<\/a><\/span><\/strong> wurde speziell entwickelt, um einen praktischen und sicheren Verschluss Ihrer kompatiblen Dessertschalen zu gew\u00e4hrleisten. Er ist ideal f\u00fcr Konditoreien, Catering, B\u00e4ckereien sowie den Au\u00dfer-Haus-Verkauf und sch\u00fctzt Ihre Kreationen effektiv, w\u00e4hrend er sie gleichzeitig ansprechend pr\u00e4sentiert. <\/p>\n<p data-start=\"582\" data-end=\"871\">Hergestellt aus transparentem, lebensmittelechtem Kunststoff bietet dieser <strong>Deckel<\/strong> beste Sicht auf den Inhalt. So lassen sich <strong>Mousse, Tiramisu, Obstsalate, Dessertcremes oder Verrines<\/strong> pr\u00e4sentieren und zugleich vor \u00e4u\u00dferen Verunreinigungen sowie vor dem Auslaufen sch\u00fctzen. <\/p>\n<p data-start=\"873\" data-end=\"1136\">Ebenso sorgt die Konstruktion f\u00fcr einen passgenauen Sitz auf den <strong>Bechern <span style=\"color: #d12727;\"><a style=\"color: #d12727;\" href=\"https:\/\/www.csj-emballages.com\/es\/produit\/50-vasos-de-postre-de-plastico-cristal-desechables-236-ml\/\">SD8<\/a><\/span> und <span style=\"color: #d12727;\"><a style=\"color: #d12727;\" href=\"https:\/\/www.csj-emballages.com\/es\/produit\/50-tarrinas-de-plastico-cristal-desechables-para-helado-270-ml\/\">TP9<\/a><\/span><\/strong> \u2013 f\u00fcr sicheren Halt beim Transport oder bei der Lagerung in der K\u00fchlvitrine. Einfach aufzuklipsen und abzunehmen, erleichtert er die Arbeit in der Backstube und optimiert den Service am Verkaufsort. <\/p>\n<p data-start=\"1138\" data-end=\"1310\">Verpackt in Einheiten von <strong>50 St\u00fcck<\/strong>, bietet dieser <strong>Kunststoff-Domdeckel<\/strong> eine praktische und wirtschaftliche L\u00f6sung f\u00fcr Profis, die Wert auf Zuverl\u00e4ssigkeit, Hygiene und eine gepflegte Pr\u00e4sentation legen.<\/p>\n<p data-start=\"1138\" data-end=\"1310\">\n<p data-start=\"1138\" data-end=\"1310\"><!--more--><\/p>\n<h4 data-start=\"1138\" data-end=\"1310\">Vorteile :<\/h4>\n<ul>\n<li data-start=\"1348\" data-end=\"1387\">Kompatibel mit den <strong>Schalen<\/strong> <strong><span style=\"color: #d12727;\"><a style=\"color: #d12727;\" href=\"https:\/\/www.csj-emballages.com\/es\/produit\/50-vasos-de-postre-de-plastico-cristal-desechables-236-ml\/\">SD8<\/a><\/span><\/strong> und <strong><span style=\"color: #d12727;\"><a style=\"color: #d12727;\" href=\"https:\/\/www.csj-emballages.com\/es\/produit\/50-tarrinas-de-plastico-cristal-desechables-para-helado-270-ml\/\">TP9<\/a><\/span><\/strong>.<\/li>\n<li data-start=\"1390\" data-end=\"1441\">Transparenter Kunststoff, lebensmittelecht.<\/li>\n<li data-start=\"1483\" data-end=\"1523\">Sch\u00fctzt Desserts beim Transport.<\/li>\n<li data-start=\"1565\" data-end=\"1598\">F\u00fcr K\u00fchlvitrinen geeignet.<\/li>\n<li data-start=\"1601\" data-end=\"1634\">Einfach aufzuklipsen und zu handhaben.<\/li>\n<li data-start=\"1637\" data-end=\"1681\">Praktische Verpackungseinheit von <strong>50 Deckeln.<\/strong><\/li>\n<\/ul>\n<p data-start=\"1138\" data-end=\"1310\">\n<p><!--more--><\/p>\n<h4>Weitere Informationen :<\/h4>\n<ul>\n<li><strong>Abmessungen<\/strong>: 95 x 45 ( \u00d8 x H in mm).<\/li>\n<li><strong>Verpackung<\/strong>: Packungen zu 50<\/li>\n<li><strong>Material<\/strong>: PET<\/li>\n<\/ul>\n<p>&nbsp;<\/p>\n<p><!--more--><\/p>\n<p>Hier finden Sie die separat erh\u00e4ltlichen Dessertschalen, die mit diesem Produkt kompatibel sind: <span style=\"color: #d12727;\"><a style=\"color: #d12727;\" href=\"https:\/\/www.csj-emballages.com\/es\/produit\/50-vasos-de-postre-de-plastico-cristal-desechables-236-ml\/\">SD8<\/a><\/span> \/ <span style=\"color: #d12727;\"><a style=\"color: #d12727;\" href=\"https:\/\/www.csj-emballages.com\/produit\/coupe-a-dessert-plastique-270-ml-par-50\/\">TP9<\/a><\/span><\/p>\n<p>&nbsp;<\/p>\n<p><!--more--><\/p>\n<p><a href=\"https:\/\/www.csj-emballages.com\/de\/categorie-produit\/lebensmittelverpackungen\/metzgerei-und-feinkostgeschaft\/schalen-topfe-glaser\/dessertschalen\/\">Entdecken Sie den Rest unseres Sortiments an Dessertschalen<\/a><\/p>\n<p>&nbsp;<\/p>\n","protected":false},"excerpt":{"rendered":"<p>Plastikdeckel Beschreibung unseres Plastikdeckels f\u00fcr Dessertschalen SD8 \/ TP9 50 St\u00fcck<\/p>\n","protected":false},"featured_media":218557,"template":"","meta":{"_acf_changed":false},"product_brand":[],"product_cat":[1137,1170,1279,1464],"product_tag":[],"class_list":{"0":"post-20614","1":"product","2":"type-product","3":"status-publish","4":"has-post-thumbnail","6":"product_cat-lebensmittelverpackungen","7":"product_cat-metzgerei-und-feinkostgeschaft","8":"product_cat-schalen-topfe-glaser","9":"product_cat-dessertschalen","11":"first","12":"outofstock","13":"taxable","14":"shipping-taxable","15":"purchasable","16":"product-type-simple"},"acf":[],"yoast_head":"<!-- This site is optimized with the Yoast SEO Premium plugin v26.6 (Yoast SEO v26.6) - https:\/\/yoast.com\/wordpress\/plugins\/seo\/ -->\n<title>Kunststoffdeckel f\u00fcr Dessertschalen SD8 \/ TP9<\/title>\n<meta name=\"description\" content=\"Kuppelf\u00f6rmiger Kunststoffdeckel f\u00fcr die Dessertschalen SD8 \/ TP9, bietet einen luftdichten Verschluss, um Ihre Desserts zu sch\u00fctzen und sicher zu transportieren.\" \/>\n<meta name=\"robots\" content=\"index, follow, max-snippet:-1, max-image-preview:large, max-video-preview:-1\" \/>\n<link rel=\"canonical\" href=\"https:\/\/www.csj-emballages.com\/de\/produit\/50-einweg-domdeckel-sd5-sd8-ts5-tp5-tp9\/\" \/>\n<meta property=\"og:locale\" content=\"de_DE\" \/>\n<meta property=\"og:type\" content=\"article\" \/>\n<meta property=\"og:title\" content=\"Kunststoffdeckel f\u00fcr Dessertschalen SD8 \/ TP9 50 St\u00fcck\" \/>\n<meta property=\"og:description\" content=\"Kuppelf\u00f6rmiger Kunststoffdeckel f\u00fcr die Dessertschalen SD8 \/ TP9, bietet einen luftdichten Verschluss, um Ihre Desserts zu sch\u00fctzen und sicher zu transportieren.\" \/>\n<meta property=\"og:url\" content=\"https:\/\/www.csj-emballages.com\/de\/produit\/50-einweg-domdeckel-sd5-sd8-ts5-tp5-tp9\/\" \/>\n<meta property=\"og:site_name\" content=\"CSJ Emballages\" \/>\n<meta property=\"article:publisher\" content=\"https:\/\/www.facebook.com\/csjemballages\" \/>\n<meta property=\"article:modified_time\" content=\"2026-05-08T00:13:13+00:00\" \/>\n<meta property=\"og:image\" content=\"https:\/\/www.csj-emballages.com\/wp-content\/uploads\/2024\/03\/DOMEST.webp\" \/>\n\t<meta property=\"og:image:width\" content=\"800\" \/>\n\t<meta property=\"og:image:height\" content=\"800\" \/>\n\t<meta property=\"og:image:type\" content=\"image\/webp\" \/>\n<meta name=\"twitter:card\" content=\"summary_large_image\" \/>\n<meta name=\"twitter:label1\" content=\"Gesch\u00e4tzte Lesezeit\" \/>\n\t<meta name=\"twitter:data1\" content=\"1\u00a0Minute\" \/>\n<script type=\"application\/ld+json\" class=\"yoast-schema-graph\">{\"@context\":\"https:\/\/schema.org\",\"@graph\":[{\"@type\":\"WebPage\",\"@id\":\"https:\/\/www.csj-emballages.com\/de\/produit\/50-einweg-domdeckel-sd5-sd8-ts5-tp5-tp9\/\",\"url\":\"https:\/\/www.csj-emballages.com\/de\/produit\/50-einweg-domdeckel-sd5-sd8-ts5-tp5-tp9\/\",\"name\":\"Kunststoffdeckel f\u00fcr Dessertschalen SD8 \/ TP9\",\"isPartOf\":{\"@id\":\"https:\/\/www.csj-emballages.com\/de\/#website\"},\"primaryImageOfPage\":{\"@id\":\"https:\/\/www.csj-emballages.com\/de\/produit\/50-einweg-domdeckel-sd5-sd8-ts5-tp5-tp9\/#primaryimage\"},\"image\":{\"@id\":\"https:\/\/www.csj-emballages.com\/de\/produit\/50-einweg-domdeckel-sd5-sd8-ts5-tp5-tp9\/#primaryimage\"},\"thumbnailUrl\":\"https:\/\/www.csj-emballages.com\/wp-content\/uploads\/2024\/03\/DOMEST.webp\",\"datePublished\":\"2024-03-01T15:54:30+00:00\",\"dateModified\":\"2026-05-08T00:13:13+00:00\",\"description\":\"Kuppelf\u00f6rmiger Kunststoffdeckel f\u00fcr die Dessertschalen SD8 \/ TP9, bietet einen luftdichten Verschluss, um Ihre Desserts zu sch\u00fctzen und sicher zu transportieren.\",\"breadcrumb\":{\"@id\":\"https:\/\/www.csj-emballages.com\/de\/produit\/50-einweg-domdeckel-sd5-sd8-ts5-tp5-tp9\/#breadcrumb\"},\"inLanguage\":\"de\",\"potentialAction\":[{\"@type\":\"ReadAction\",\"target\":[\"https:\/\/www.csj-emballages.com\/de\/produit\/50-einweg-domdeckel-sd5-sd8-ts5-tp5-tp9\/\"]}]},{\"@type\":\"ImageObject\",\"inLanguage\":\"de\",\"@id\":\"https:\/\/www.csj-emballages.com\/de\/produit\/50-einweg-domdeckel-sd5-sd8-ts5-tp5-tp9\/#primaryimage\",\"url\":\"https:\/\/www.csj-emballages.com\/wp-content\/uploads\/2024\/03\/DOMEST.webp\",\"contentUrl\":\"https:\/\/www.csj-emballages.com\/wp-content\/uploads\/2024\/03\/DOMEST.webp\",\"width\":800,\"height\":800,\"caption\":\"couvercle plastique\"},{\"@type\":\"BreadcrumbList\",\"@id\":\"https:\/\/www.csj-emballages.com\/de\/produit\/50-einweg-domdeckel-sd5-sd8-ts5-tp5-tp9\/#breadcrumb\",\"itemListElement\":[{\"@type\":\"ListItem\",\"position\":1,\"name\":\"Accueil\",\"item\":\"https:\/\/www.csj-emballages.com\/de\/universum-lebensmittelverpackungen\/\"},{\"@type\":\"ListItem\",\"position\":2,\"name\":\"Shop\",\"item\":\"https:\/\/www.csj-emballages.com\/shop\/\"},{\"@type\":\"ListItem\",\"position\":3,\"name\":\"Kunststoffdeckel f\u00fcr Dessertschalen SD8 \/ TP9 50 St\u00fcck\"}]},{\"@type\":\"WebSite\",\"@id\":\"https:\/\/www.csj-emballages.com\/de\/#website\",\"url\":\"https:\/\/www.csj-emballages.com\/de\/\",\"name\":\"CSJ Emballages\",\"description\":\"\",\"publisher\":{\"@id\":\"https:\/\/www.csj-emballages.com\/de\/#organization\"},\"potentialAction\":[{\"@type\":\"SearchAction\",\"target\":{\"@type\":\"EntryPoint\",\"urlTemplate\":\"https:\/\/www.csj-emballages.com\/de\/?s={search_term_string}\"},\"query-input\":{\"@type\":\"PropertyValueSpecification\",\"valueRequired\":true,\"valueName\":\"search_term_string\"}}],\"inLanguage\":\"de\"},{\"@type\":\"Organization\",\"@id\":\"https:\/\/www.csj-emballages.com\/de\/#Organization\/\",\"name\":\"CSJ Emballages\",\"url\":\"https:\/\/www.csj-emballages.com\/de\/\",\"logo\":{\"@type\":\"ImageObject\",\"inLanguage\":\"de\",\"@id\":\"https:\/\/www.csj-emballages.com\/de\/#\/schema\/logo\/image\/\",\"url\":\"https:\/\/www.csj-emballages.com\/wp-content\/uploads\/2023\/10\/logo_csj.webp\",\"contentUrl\":\"https:\/\/www.csj-emballages.com\/wp-content\/uploads\/2023\/10\/logo_csj.webp\",\"width\":250,\"height\":95,\"caption\":\"CSJ Emballages\"},\"image\":{\"@id\":\"https:\/\/www.csj-emballages.com\/de\/#\/schema\/logo\/image\/\"},\"sameAs\":[\"https:\/\/www.facebook.com\/csjemballages\"],\"address\":{\"@type\":\"PostalAddress\",\"streetAddress\":\"ZI La Lechere\",\"addressLocality\":\"Patornay\",\"postalCode\":\"39130\",\"addressCountry\":\"FR\"},\"contactPoint\":[{\"@type\":\"ContactPoint\",\"contactType\":\"Service client\",\"telephone\":\"0384254272\",\"email\":\"contact@csj-emballages.com\"}]}]}<\/script>\n<!-- \/ Yoast SEO Premium plugin. -->","yoast_head_json":{"title":"Kunststoffdeckel f\u00fcr Dessertschalen SD8 \/ TP9","description":"Kuppelf\u00f6rmiger Kunststoffdeckel f\u00fcr die Dessertschalen SD8 \/ TP9, bietet einen luftdichten Verschluss, um Ihre Desserts zu sch\u00fctzen und sicher zu transportieren.","robots":{"index":"index","follow":"follow","max-snippet":"max-snippet:-1","max-image-preview":"max-image-preview:large","max-video-preview":"max-video-preview:-1"},"canonical":"https:\/\/www.csj-emballages.com\/de\/produit\/50-einweg-domdeckel-sd5-sd8-ts5-tp5-tp9\/","og_locale":"de_DE","og_type":"article","og_title":"Kunststoffdeckel f\u00fcr Dessertschalen SD8 \/ TP9 50 St\u00fcck","og_description":"Kuppelf\u00f6rmiger Kunststoffdeckel f\u00fcr die Dessertschalen SD8 \/ TP9, bietet einen luftdichten Verschluss, um Ihre Desserts zu sch\u00fctzen und sicher zu transportieren.","og_url":"https:\/\/www.csj-emballages.com\/de\/produit\/50-einweg-domdeckel-sd5-sd8-ts5-tp5-tp9\/","og_site_name":"CSJ Emballages","article_publisher":"https:\/\/www.facebook.com\/csjemballages","article_modified_time":"2026-05-08T00:13:13+00:00","og_image":[{"width":800,"height":800,"url":"https:\/\/www.csj-emballages.com\/wp-content\/uploads\/2024\/03\/DOMEST.webp","type":"image\/webp"}],"twitter_card":"summary_large_image","twitter_misc":{"Gesch\u00e4tzte Lesezeit":"1\u00a0Minute"},"schema":{"@context":"https:\/\/schema.org","@graph":[{"@type":"WebPage","@id":"https:\/\/www.csj-emballages.com\/de\/produit\/50-einweg-domdeckel-sd5-sd8-ts5-tp5-tp9\/","url":"https:\/\/www.csj-emballages.com\/de\/produit\/50-einweg-domdeckel-sd5-sd8-ts5-tp5-tp9\/","name":"Kunststoffdeckel f\u00fcr Dessertschalen SD8 \/ TP9","isPartOf":{"@id":"https:\/\/www.csj-emballages.com\/de\/#website"},"primaryImageOfPage":{"@id":"https:\/\/www.csj-emballages.com\/de\/produit\/50-einweg-domdeckel-sd5-sd8-ts5-tp5-tp9\/#primaryimage"},"image":{"@id":"https:\/\/www.csj-emballages.com\/de\/produit\/50-einweg-domdeckel-sd5-sd8-ts5-tp5-tp9\/#primaryimage"},"thumbnailUrl":"https:\/\/www.csj-emballages.com\/wp-content\/uploads\/2024\/03\/DOMEST.webp","datePublished":"2024-03-01T15:54:30+00:00","dateModified":"2026-05-08T00:13:13+00:00","description":"Kuppelf\u00f6rmiger Kunststoffdeckel f\u00fcr die Dessertschalen SD8 \/ TP9, bietet einen luftdichten Verschluss, um Ihre Desserts zu sch\u00fctzen und sicher zu transportieren.","breadcrumb":{"@id":"https:\/\/www.csj-emballages.com\/de\/produit\/50-einweg-domdeckel-sd5-sd8-ts5-tp5-tp9\/#breadcrumb"},"inLanguage":"de","potentialAction":[{"@type":"ReadAction","target":["https:\/\/www.csj-emballages.com\/de\/produit\/50-einweg-domdeckel-sd5-sd8-ts5-tp5-tp9\/"]}]},{"@type":"ImageObject","inLanguage":"de","@id":"https:\/\/www.csj-emballages.com\/de\/produit\/50-einweg-domdeckel-sd5-sd8-ts5-tp5-tp9\/#primaryimage","url":"https:\/\/www.csj-emballages.com\/wp-content\/uploads\/2024\/03\/DOMEST.webp","contentUrl":"https:\/\/www.csj-emballages.com\/wp-content\/uploads\/2024\/03\/DOMEST.webp","width":800,"height":800,"caption":"couvercle plastique"},{"@type":"BreadcrumbList","@id":"https:\/\/www.csj-emballages.com\/de\/produit\/50-einweg-domdeckel-sd5-sd8-ts5-tp5-tp9\/#breadcrumb","itemListElement":[{"@type":"ListItem","position":1,"name":"Accueil","item":"https:\/\/www.csj-emballages.com\/de\/universum-lebensmittelverpackungen\/"},{"@type":"ListItem","position":2,"name":"Shop","item":"https:\/\/www.csj-emballages.com\/shop\/"},{"@type":"ListItem","position":3,"name":"Kunststoffdeckel f\u00fcr Dessertschalen SD8 \/ TP9 50 St\u00fcck"}]},{"@type":"WebSite","@id":"https:\/\/www.csj-emballages.com\/de\/#website","url":"https:\/\/www.csj-emballages.com\/de\/","name":"CSJ Emballages","description":"","publisher":{"@id":"https:\/\/www.csj-emballages.com\/de\/#organization"},"potentialAction":[{"@type":"SearchAction","target":{"@type":"EntryPoint","urlTemplate":"https:\/\/www.csj-emballages.com\/de\/?s={search_term_string}"},"query-input":{"@type":"PropertyValueSpecification","valueRequired":true,"valueName":"search_term_string"}}],"inLanguage":"de"},{"@type":"Organization","@id":"https:\/\/www.csj-emballages.com\/de\/#Organization\/","name":"CSJ Emballages","url":"https:\/\/www.csj-emballages.com\/de\/","logo":{"@type":"ImageObject","inLanguage":"de","@id":"https:\/\/www.csj-emballages.com\/de\/#\/schema\/logo\/image\/","url":"https:\/\/www.csj-emballages.com\/wp-content\/uploads\/2023\/10\/logo_csj.webp","contentUrl":"https:\/\/www.csj-emballages.com\/wp-content\/uploads\/2023\/10\/logo_csj.webp","width":250,"height":95,"caption":"CSJ Emballages"},"image":{"@id":"https:\/\/www.csj-emballages.com\/de\/#\/schema\/logo\/image\/"},"sameAs":["https:\/\/www.facebook.com\/csjemballages"],"address":{"@type":"PostalAddress","streetAddress":"ZI La Lechere","addressLocality":"Patornay","postalCode":"39130","addressCountry":"FR"},"contactPoint":[{"@type":"ContactPoint","contactType":"Service client","telephone":"0384254272","email":"contact@csj-emballages.com"}]}]}},"df_price":2.16,"df_sale_price":"","df_regular_price":2.16,"df_image_link":"https:\/\/www.csj-emballages.com\/wp-content\/uploads\/2024\/03\/DOMEST-300x300.webp","tiered_pricing_type":"fixed","tiered_pricing_fixed_rules":[],"tiered_pricing_percentage_rules":[],"tiered_pricing_minimum":1,"tiered_pricing_roles_data":[],"_links":{"self":[{"href":"https:\/\/www.csj-emballages.com\/de\/wp-json\/wp\/v2\/product\/20614","targetHints":{"allow":["GET"]}}],"collection":[{"href":"https:\/\/www.csj-emballages.com\/de\/wp-json\/wp\/v2\/product"}],"about":[{"href":"https:\/\/www.csj-emballages.com\/de\/wp-json\/wp\/v2\/types\/product"}],"wp:featuredmedia":[{"embeddable":true,"href":"https:\/\/www.csj-emballages.com\/de\/wp-json\/wp\/v2\/media\/218557"}],"wp:attachment":[{"href":"https:\/\/www.csj-emballages.com\/de\/wp-json\/wp\/v2\/media?parent=20614"}],"wp:term":[{"taxonomy":"product_brand","embeddable":true,"href":"https:\/\/www.csj-emballages.com\/de\/wp-json\/wp\/v2\/product_brand?post=20614"},{"taxonomy":"product_cat","embeddable":true,"href":"https:\/\/www.csj-emballages.com\/de\/wp-json\/wp\/v2\/product_cat?post=20614"},{"taxonomy":"product_tag","embeddable":true,"href":"https:\/\/www.csj-emballages.com\/de\/wp-json\/wp\/v2\/product_tag?post=20614"}],"curies":[{"name":"wp","href":"https:\/\/api.w.org\/{rel}","templated":true}]}}