{"id":20581,"date":"2024-03-01T16:54:31","date_gmt":"2024-03-01T15:54:31","guid":{"rendered":"https:\/\/u15jnbdpoq.preview.infomaniak.website\/produit\/200-doggy-bags-kraft-1500-ml\/"},"modified":"2026-04-30T02:13:06","modified_gmt":"2026-04-30T00:13:06","slug":"200-doggy-bags-kraft-1500-ml","status":"publish","type":"product","link":"https:\/\/www.csj-emballages.com\/de\/produit\/200-doggy-bags-kraft-1500-ml\/","title":{"rendered":"Amerikanische Mahlzeitendose &#8222;Doggy Bag&#8220; 1500 ml pro 200"},"content":{"rendered":"<div style=\"font-family: Roboto, sans-serif;\">\n<div style=\"font-family: Roboto, sans-serif;\">\n<div style=\"font-family: Roboto, sans-serif;\">\n<h2>Mahlzeitbox<\/h2>\n<hr>\n<h3>Beschreibung unserer amerikanischen Mahlzeitendose &#8222;Doggy Bag&#8220; 1500 ml pro 200 St\u00fcck<\/h3>\n<p><!--more--><\/p>\n<div class=\"flex-shrink-0 flex flex-col relative items-end\">\n<div class=\"pt-0.5 juice:pt-0\">\n<div class=\"gizmo-bot-avatar flex h-6 w-6 items-center justify-center overflow-hidden rounded-full juice:h-8 juice:w-8\">\n<p data-start=\"214\" data-end=\"702\">Wenn Sie nach einer praktischen, gro\u00dfz\u00fcgigen Verpackung suchen, die wirklich auf Ihre t\u00e4glichen Bed\u00fcrfnisse zugeschnitten ist, wird die <strong data-start=\"311\" data-end=\"357\">Amerikanische Mahlzeitendose &#8222;Doggy Bag&#8220; 1500 ml<\/strong> schnell zu einem Pluspunkt in Ihrer Organisation werden. Sobald Sie sie in die Hand nehmen, sp\u00fcren Sie sofort ihre Stabilit\u00e4t und ihr Format, das ideal ist, um \u00fcppige Portionen aufzunehmen. Mit seinem Fassungsverm\u00f6gen von <g id=\"gid_1\">1500 ml<\/g> k\u00f6nnen Sie komplette Gerichte, gut gef\u00fcllte Salate oder auch gro\u00dfz\u00fcgige Zubereitungen anbieten, ohne dass es an Platz mangelt. Au\u00dferdem zeichnet sich diese <strong data-start=\"311\" data-end=\"357\">Lunchbox<\/strong> durch ihre einfache Handhabung aus. Sie falten sie zusammen, schlie\u00dfen sie und in wenigen Sekunden ist Ihr Gericht bereit f\u00fcr den Verkauf zum Mitnehmen oder f\u00fcr die Lieferung. Dank ihrer steifen Struktur h\u00e4lt sie sowohl hei\u00dfen als auch kalten Gerichten sehr gut stand, was einen sicheren Transport und eine saubere Pr\u00e4sentation bei der Ankunft garantiert.     <\/p>\n<p data-start=\"1060\" data-end=\"1408\">Zweitens ist der authentische Look einer <strong>amerikanischen<\/strong> &#8222;<strong>Doggy Bag<\/strong>&#8220; ein echter Gewinn f\u00fcr Ihr Image. Ihre Kunden sch\u00e4tzen sowohl ihren Stil als auch ihre Praktikabilit\u00e4t. Sie zeigt, dass Sie sich f\u00fcr moderne, einfache und effektive Verpackungsl\u00f6sungen entscheiden. So st\u00e4rken Sie das Vertrauen Ihrer Kunden und bieten gleichzeitig ein einheitliches und angenehmes Erlebnis.   <\/p>\n<p data-start=\"1410\" data-end=\"1763\">Dar\u00fcber hinaus wird dieses Modell <strong data-start=\"1444\" data-end=\"1462\">in Packungen zu 200 St\u00fcck<\/strong> verkauft, was Ihnen einen komfortablen Vorrat sichert, um mit dem Rhythmus Ihres Gesch\u00e4fts Schritt zu halten. Egal, ob Sie ein Restaurant, einen Cateringservice oder einen Imbiss betreiben, mit diesem Format in gro\u00dfen Mengen sparen Sie Zeit, gew\u00e4hrleisten Kontinuit\u00e4t in Ihrem Service und k\u00f6nnen Ihren Bedarf besser antizipieren. <\/p>\n<p data-start=\"1765\" data-end=\"1959\">Kurz gesagt, diese <strong>1500-ml-Mahlzeitendose<\/strong> ist eine zuverl\u00e4ssige, praktische und ideale Wahl f\u00fcr alle Ihre Zubereitungen zum Mitnehmen. Sie vereint Volumen, Einfachheit und Stabilit\u00e4t, um Sie t\u00e4glich zu begleiten. <\/p>\n<p data-start=\"1765\" data-end=\"1959\">\n<\/div>\n<\/div>\n<\/div>\n<p><!--more--><\/p>\n<p><strong>Vorteile :<\/strong><\/p>\n<ul>\n<li data-start=\"1988\" data-end=\"2016\">Gro\u00dfe Kapazit\u00e4t von <strong>1500 ml.<\/strong><\/li>\n<li data-start=\"2019\" data-end=\"2065\">Ideal f\u00fcr gro\u00dfz\u00fcgige Gerichte und komplette Men\u00fcs.<\/li>\n<li data-start=\"2068\" data-end=\"2107\">Best\u00e4ndig gegen hei\u00dfe und kalte Speisen.<\/li>\n<li data-start=\"2110\" data-end=\"2149\">Einfacher, schneller und sicherer Verschluss<\/li>\n<li data-start=\"2152\" data-end=\"2191\">Von den G\u00e4sten gesch\u00e4tzter &#8222;<strong>Doggy Bag<\/strong>&#8222;-Look.<\/li>\n<li data-start=\"2194\" data-end=\"2238\"><strong>200er-Pack<\/strong>: Perfekt f\u00fcr den gro\u00dfen Bedarf.<\/li>\n<\/ul>\n<p>&nbsp;<\/p>\n<p><!--more--><\/p>\n<h4>Weitere Informationen :<\/h4>\n<ul>\n<li><strong>Verpackung<\/strong>: Packung mit 200 St\u00fcck<\/li>\n<li><strong>Au\u00dfenma\u00dfe<\/strong>: 215 \u00d7 157 mm<\/li>\n<li><strong>Innenma\u00dfe<\/strong>: 196 \u00d7 140 mm<\/li>\n<li><strong>H\u00f6he<\/strong>: 50 mm<\/li>\n<li><strong>Volumen<\/strong>: 1500 ml<\/li>\n<li><span style=\"font-weight: bold;\">Farbe <\/span>: Braun<\/li>\n<li><span style=\"font-weight: bold;\">Material <\/span>: Karton<\/li>\n<\/ul>\n<p>&nbsp;<\/p>\n<\/div>\n<\/div>\n<\/div>\n<p><!--more--><\/p>\n<p>Diese Doggy-Bag-Mahlzeitendose ist in verschiedenen Gr\u00f6\u00dfen erh\u00e4ltlich : <span style=\"color: #d12727;\"><a style=\"color: #d12727;\" href=\"https:\/\/www.csj-emballages.com\/es\/produit\/450-fiambreras-kraft-doggy-bag-de-780-ml\/\">780 ml<\/a><\/span> \/ <span style=\"color: #d12727;\"><a style=\"color: #d12727;\" href=\"https:\/\/www.csj-emballages.com\/es\/produit\/50-cajas-de-comida-americana-doggy-bag-kraft-de-2-compartimentos-1300-ml\/\">1300 ml<\/a><\/span> \/ <span style=\"color: #d12727;\"><a style=\"color: #d12727;\" href=\"https:\/\/www.csj-emballages.com\/es\/produit\/200-cajas-de-comida-kraft-doggy-bag-2000-ml\/\">2000 ml<\/a><\/span> \/ <span style=\"color: #d12727;\"><a style=\"color: #d12727;\" href=\"https:\/\/www.csj-emballages.com\/es\/produit\/40-cajas-de-comida-americana-kraft-doggy-bag-2800-ml\/\">2800 ml<\/a><\/span><\/p>\n<div style=\"font-family: Roboto, sans-serif;\">\n<div style=\"font-family: Roboto, sans-serif;\">\n<div style=\"font-family: Roboto, sans-serif;\">\n<p>&nbsp;<\/p>\n<p><!--more--><\/p>\n<p><a href=\"https:\/\/www.csj-emballages.com\/de\/categorie-produit\/lebensmittelverpackungen\/restauration-de\/dosen-schalen-beutel-konen\/schalen-kartons\/boxen-zum-mitnehmen-amerikanisch\/\">Sehen Sie sich den Rest unseres Sortiments an Amerikanischen Kartonschachteln an.<\/a><\/p>\n<\/div>\n<\/div>\n<\/div>\n","protected":false},"excerpt":{"rendered":"<p>Mahlzeitbox Beschreibung unserer amerikanischen Mahlzeitendose &#8222;Doggy Bag&#8220; 1500 ml pro 200 St\u00fcck<\/p>\n","protected":false},"featured_media":255274,"template":"","meta":{"_acf_changed":false},"product_brand":[],"product_cat":[1137,1134,2045],"product_tag":[],"class_list":{"0":"post-20581","1":"product","2":"type-product","3":"status-publish","4":"has-post-thumbnail","6":"product_cat-lebensmittelverpackungen","7":"product_cat-restauration-de","8":"product_cat-boxen-zum-mitnehmen-amerikanisch","10":"first","11":"instock","12":"taxable","13":"shipping-taxable","14":"purchasable","15":"product-type-simple"},"acf":[],"yoast_head":"<!-- This site is optimized with the Yoast SEO Premium plugin v26.6 (Yoast SEO v26.6) - https:\/\/yoast.com\/wordpress\/plugins\/seo\/ -->\n<title>Doggy Bag&quot; - Amerikanische Essensdose 1500 ml pro 200 St\u00fcck<\/title>\n<meta name=\"description\" content=\"Amerikanische &quot;Doggy Bag&quot;-Mahlzeitendose 1500 ml - Packung zu 200. Stabil, praktisch und ideal f\u00fcr Ihre gro\u00dfz\u00fcgigen Gerichte zum Mitnehmen.\" \/>\n<meta name=\"robots\" content=\"index, follow, max-snippet:-1, max-image-preview:large, max-video-preview:-1\" \/>\n<link rel=\"canonical\" href=\"https:\/\/www.csj-emballages.com\/de\/produit\/200-doggy-bags-kraft-1500-ml\/\" \/>\n<meta property=\"og:locale\" content=\"de_DE\" \/>\n<meta property=\"og:type\" content=\"article\" \/>\n<meta property=\"og:title\" content=\"Amerikanische Mahlzeitendose &quot;Doggy Bag&quot; 1500 ml pro 200\" \/>\n<meta property=\"og:description\" content=\"Amerikanische &quot;Doggy Bag&quot;-Mahlzeitendose 1500 ml - Packung zu 200. Stabil, praktisch und ideal f\u00fcr Ihre gro\u00dfz\u00fcgigen Gerichte zum Mitnehmen.\" \/>\n<meta property=\"og:url\" content=\"https:\/\/www.csj-emballages.com\/de\/produit\/200-doggy-bags-kraft-1500-ml\/\" \/>\n<meta property=\"og:site_name\" content=\"CSJ Emballages\" \/>\n<meta property=\"article:publisher\" content=\"https:\/\/www.facebook.com\/csjemballages\" \/>\n<meta property=\"article:modified_time\" content=\"2026-04-30T00:13:06+00:00\" \/>\n<meta property=\"og:image\" content=\"https:\/\/www.csj-emballages.com\/wp-content\/uploads\/2024\/03\/DOGGYBAG1500.webp\" \/>\n\t<meta property=\"og:image:width\" content=\"800\" \/>\n\t<meta property=\"og:image:height\" content=\"800\" \/>\n\t<meta property=\"og:image:type\" content=\"image\/webp\" \/>\n<meta name=\"twitter:card\" content=\"summary_large_image\" \/>\n<meta name=\"twitter:label1\" content=\"Gesch\u00e4tzte Lesezeit\" \/>\n\t<meta name=\"twitter:data1\" content=\"2 Minuten\" \/>\n<script type=\"application\/ld+json\" class=\"yoast-schema-graph\">{\"@context\":\"https:\/\/schema.org\",\"@graph\":[{\"@type\":\"WebPage\",\"@id\":\"https:\/\/www.csj-emballages.com\/de\/produit\/200-doggy-bags-kraft-1500-ml\/\",\"url\":\"https:\/\/www.csj-emballages.com\/de\/produit\/200-doggy-bags-kraft-1500-ml\/\",\"name\":\"Doggy Bag\\\" - Amerikanische Essensdose 1500 ml pro 200 St\u00fcck\",\"isPartOf\":{\"@id\":\"https:\/\/www.csj-emballages.com\/de\/#website\"},\"primaryImageOfPage\":{\"@id\":\"https:\/\/www.csj-emballages.com\/de\/produit\/200-doggy-bags-kraft-1500-ml\/#primaryimage\"},\"image\":{\"@id\":\"https:\/\/www.csj-emballages.com\/de\/produit\/200-doggy-bags-kraft-1500-ml\/#primaryimage\"},\"thumbnailUrl\":\"https:\/\/www.csj-emballages.com\/wp-content\/uploads\/2024\/03\/DOGGYBAG1500.webp\",\"datePublished\":\"2024-03-01T15:54:31+00:00\",\"dateModified\":\"2026-04-30T00:13:06+00:00\",\"description\":\"Amerikanische \\\"Doggy Bag\\\"-Mahlzeitendose 1500 ml - Packung zu 200. Stabil, praktisch und ideal f\u00fcr Ihre gro\u00dfz\u00fcgigen Gerichte zum Mitnehmen.\",\"breadcrumb\":{\"@id\":\"https:\/\/www.csj-emballages.com\/de\/produit\/200-doggy-bags-kraft-1500-ml\/#breadcrumb\"},\"inLanguage\":\"de\",\"potentialAction\":[{\"@type\":\"ReadAction\",\"target\":[\"https:\/\/www.csj-emballages.com\/de\/produit\/200-doggy-bags-kraft-1500-ml\/\"]}]},{\"@type\":\"ImageObject\",\"inLanguage\":\"de\",\"@id\":\"https:\/\/www.csj-emballages.com\/de\/produit\/200-doggy-bags-kraft-1500-ml\/#primaryimage\",\"url\":\"https:\/\/www.csj-emballages.com\/wp-content\/uploads\/2024\/03\/DOGGYBAG1500.webp\",\"contentUrl\":\"https:\/\/www.csj-emballages.com\/wp-content\/uploads\/2024\/03\/DOGGYBAG1500.webp\",\"width\":800,\"height\":800,\"caption\":\"Boite repas\"},{\"@type\":\"BreadcrumbList\",\"@id\":\"https:\/\/www.csj-emballages.com\/de\/produit\/200-doggy-bags-kraft-1500-ml\/#breadcrumb\",\"itemListElement\":[{\"@type\":\"ListItem\",\"position\":1,\"name\":\"Accueil\",\"item\":\"https:\/\/www.csj-emballages.com\/de\/universum-lebensmittelverpackungen\/\"},{\"@type\":\"ListItem\",\"position\":2,\"name\":\"Shop\",\"item\":\"https:\/\/www.csj-emballages.com\/shop\/\"},{\"@type\":\"ListItem\",\"position\":3,\"name\":\"Amerikanische Mahlzeitendose \u00ab\u00a0Doggy Bag\u00a0\u00bb 1500 ml pro 200\"}]},{\"@type\":\"WebSite\",\"@id\":\"https:\/\/www.csj-emballages.com\/de\/#website\",\"url\":\"https:\/\/www.csj-emballages.com\/de\/\",\"name\":\"CSJ Emballages\",\"description\":\"\",\"publisher\":{\"@id\":\"https:\/\/www.csj-emballages.com\/de\/#organization\"},\"potentialAction\":[{\"@type\":\"SearchAction\",\"target\":{\"@type\":\"EntryPoint\",\"urlTemplate\":\"https:\/\/www.csj-emballages.com\/de\/?s={search_term_string}\"},\"query-input\":{\"@type\":\"PropertyValueSpecification\",\"valueRequired\":true,\"valueName\":\"search_term_string\"}}],\"inLanguage\":\"de\"},{\"@type\":\"Organization\",\"@id\":\"https:\/\/www.csj-emballages.com\/de\/#Organization\/\",\"name\":\"CSJ Emballages\",\"url\":\"https:\/\/www.csj-emballages.com\/de\/\",\"logo\":{\"@type\":\"ImageObject\",\"inLanguage\":\"de\",\"@id\":\"https:\/\/www.csj-emballages.com\/de\/#\/schema\/logo\/image\/\",\"url\":\"https:\/\/www.csj-emballages.com\/wp-content\/uploads\/2023\/10\/logo_csj.webp\",\"contentUrl\":\"https:\/\/www.csj-emballages.com\/wp-content\/uploads\/2023\/10\/logo_csj.webp\",\"width\":250,\"height\":95,\"caption\":\"CSJ Emballages\"},\"image\":{\"@id\":\"https:\/\/www.csj-emballages.com\/de\/#\/schema\/logo\/image\/\"},\"sameAs\":[\"https:\/\/www.facebook.com\/csjemballages\"],\"address\":{\"@type\":\"PostalAddress\",\"streetAddress\":\"ZI La Lechere\",\"addressLocality\":\"Patornay\",\"postalCode\":\"39130\",\"addressCountry\":\"FR\"},\"contactPoint\":[{\"@type\":\"ContactPoint\",\"contactType\":\"Service client\",\"telephone\":\"0384254272\",\"email\":\"contact@csj-emballages.com\"}]}]}<\/script>\n<!-- \/ Yoast SEO Premium plugin. -->","yoast_head_json":{"title":"Doggy Bag\" - Amerikanische Essensdose 1500 ml pro 200 St\u00fcck","description":"Amerikanische \"Doggy Bag\"-Mahlzeitendose 1500 ml - Packung zu 200. Stabil, praktisch und ideal f\u00fcr Ihre gro\u00dfz\u00fcgigen Gerichte zum Mitnehmen.","robots":{"index":"index","follow":"follow","max-snippet":"max-snippet:-1","max-image-preview":"max-image-preview:large","max-video-preview":"max-video-preview:-1"},"canonical":"https:\/\/www.csj-emballages.com\/de\/produit\/200-doggy-bags-kraft-1500-ml\/","og_locale":"de_DE","og_type":"article","og_title":"Amerikanische Mahlzeitendose \"Doggy Bag\" 1500 ml pro 200","og_description":"Amerikanische \"Doggy Bag\"-Mahlzeitendose 1500 ml - Packung zu 200. Stabil, praktisch und ideal f\u00fcr Ihre gro\u00dfz\u00fcgigen Gerichte zum Mitnehmen.","og_url":"https:\/\/www.csj-emballages.com\/de\/produit\/200-doggy-bags-kraft-1500-ml\/","og_site_name":"CSJ Emballages","article_publisher":"https:\/\/www.facebook.com\/csjemballages","article_modified_time":"2026-04-30T00:13:06+00:00","og_image":[{"width":800,"height":800,"url":"https:\/\/www.csj-emballages.com\/wp-content\/uploads\/2024\/03\/DOGGYBAG1500.webp","type":"image\/webp"}],"twitter_card":"summary_large_image","twitter_misc":{"Gesch\u00e4tzte Lesezeit":"2 Minuten"},"schema":{"@context":"https:\/\/schema.org","@graph":[{"@type":"WebPage","@id":"https:\/\/www.csj-emballages.com\/de\/produit\/200-doggy-bags-kraft-1500-ml\/","url":"https:\/\/www.csj-emballages.com\/de\/produit\/200-doggy-bags-kraft-1500-ml\/","name":"Doggy Bag\" - Amerikanische Essensdose 1500 ml pro 200 St\u00fcck","isPartOf":{"@id":"https:\/\/www.csj-emballages.com\/de\/#website"},"primaryImageOfPage":{"@id":"https:\/\/www.csj-emballages.com\/de\/produit\/200-doggy-bags-kraft-1500-ml\/#primaryimage"},"image":{"@id":"https:\/\/www.csj-emballages.com\/de\/produit\/200-doggy-bags-kraft-1500-ml\/#primaryimage"},"thumbnailUrl":"https:\/\/www.csj-emballages.com\/wp-content\/uploads\/2024\/03\/DOGGYBAG1500.webp","datePublished":"2024-03-01T15:54:31+00:00","dateModified":"2026-04-30T00:13:06+00:00","description":"Amerikanische \"Doggy Bag\"-Mahlzeitendose 1500 ml - Packung zu 200. Stabil, praktisch und ideal f\u00fcr Ihre gro\u00dfz\u00fcgigen Gerichte zum Mitnehmen.","breadcrumb":{"@id":"https:\/\/www.csj-emballages.com\/de\/produit\/200-doggy-bags-kraft-1500-ml\/#breadcrumb"},"inLanguage":"de","potentialAction":[{"@type":"ReadAction","target":["https:\/\/www.csj-emballages.com\/de\/produit\/200-doggy-bags-kraft-1500-ml\/"]}]},{"@type":"ImageObject","inLanguage":"de","@id":"https:\/\/www.csj-emballages.com\/de\/produit\/200-doggy-bags-kraft-1500-ml\/#primaryimage","url":"https:\/\/www.csj-emballages.com\/wp-content\/uploads\/2024\/03\/DOGGYBAG1500.webp","contentUrl":"https:\/\/www.csj-emballages.com\/wp-content\/uploads\/2024\/03\/DOGGYBAG1500.webp","width":800,"height":800,"caption":"Boite repas"},{"@type":"BreadcrumbList","@id":"https:\/\/www.csj-emballages.com\/de\/produit\/200-doggy-bags-kraft-1500-ml\/#breadcrumb","itemListElement":[{"@type":"ListItem","position":1,"name":"Accueil","item":"https:\/\/www.csj-emballages.com\/de\/universum-lebensmittelverpackungen\/"},{"@type":"ListItem","position":2,"name":"Shop","item":"https:\/\/www.csj-emballages.com\/shop\/"},{"@type":"ListItem","position":3,"name":"Amerikanische Mahlzeitendose \u00ab\u00a0Doggy Bag\u00a0\u00bb 1500 ml pro 200"}]},{"@type":"WebSite","@id":"https:\/\/www.csj-emballages.com\/de\/#website","url":"https:\/\/www.csj-emballages.com\/de\/","name":"CSJ Emballages","description":"","publisher":{"@id":"https:\/\/www.csj-emballages.com\/de\/#organization"},"potentialAction":[{"@type":"SearchAction","target":{"@type":"EntryPoint","urlTemplate":"https:\/\/www.csj-emballages.com\/de\/?s={search_term_string}"},"query-input":{"@type":"PropertyValueSpecification","valueRequired":true,"valueName":"search_term_string"}}],"inLanguage":"de"},{"@type":"Organization","@id":"https:\/\/www.csj-emballages.com\/de\/#Organization\/","name":"CSJ Emballages","url":"https:\/\/www.csj-emballages.com\/de\/","logo":{"@type":"ImageObject","inLanguage":"de","@id":"https:\/\/www.csj-emballages.com\/de\/#\/schema\/logo\/image\/","url":"https:\/\/www.csj-emballages.com\/wp-content\/uploads\/2023\/10\/logo_csj.webp","contentUrl":"https:\/\/www.csj-emballages.com\/wp-content\/uploads\/2023\/10\/logo_csj.webp","width":250,"height":95,"caption":"CSJ Emballages"},"image":{"@id":"https:\/\/www.csj-emballages.com\/de\/#\/schema\/logo\/image\/"},"sameAs":["https:\/\/www.facebook.com\/csjemballages"],"address":{"@type":"PostalAddress","streetAddress":"ZI La Lechere","addressLocality":"Patornay","postalCode":"39130","addressCountry":"FR"},"contactPoint":[{"@type":"ContactPoint","contactType":"Service client","telephone":"0384254272","email":"contact@csj-emballages.com"}]}]}},"df_price":54.55,"df_sale_price":"","df_regular_price":54.55,"df_image_link":"https:\/\/www.csj-emballages.com\/wp-content\/uploads\/2024\/03\/DOGGYBAG1500-300x300.webp","tiered_pricing_type":"fixed","tiered_pricing_fixed_rules":[],"tiered_pricing_percentage_rules":[],"tiered_pricing_minimum":1,"tiered_pricing_roles_data":[],"_links":{"self":[{"href":"https:\/\/www.csj-emballages.com\/de\/wp-json\/wp\/v2\/product\/20581","targetHints":{"allow":["GET"]}}],"collection":[{"href":"https:\/\/www.csj-emballages.com\/de\/wp-json\/wp\/v2\/product"}],"about":[{"href":"https:\/\/www.csj-emballages.com\/de\/wp-json\/wp\/v2\/types\/product"}],"wp:featuredmedia":[{"embeddable":true,"href":"https:\/\/www.csj-emballages.com\/de\/wp-json\/wp\/v2\/media\/255274"}],"wp:attachment":[{"href":"https:\/\/www.csj-emballages.com\/de\/wp-json\/wp\/v2\/media?parent=20581"}],"wp:term":[{"taxonomy":"product_brand","embeddable":true,"href":"https:\/\/www.csj-emballages.com\/de\/wp-json\/wp\/v2\/product_brand?post=20581"},{"taxonomy":"product_cat","embeddable":true,"href":"https:\/\/www.csj-emballages.com\/de\/wp-json\/wp\/v2\/product_cat?post=20581"},{"taxonomy":"product_tag","embeddable":true,"href":"https:\/\/www.csj-emballages.com\/de\/wp-json\/wp\/v2\/product_tag?post=20581"}],"curies":[{"name":"wp","href":"https:\/\/api.w.org\/{rel}","templated":true}]}}