{"id":20578,"date":"2024-03-01T16:54:30","date_gmt":"2024-03-01T15:54:30","guid":{"rendered":"https:\/\/u15jnbdpoq.preview.infomaniak.website\/produit\/450-doggy-bags-kraft-780-ml\/"},"modified":"2026-03-28T02:12:43","modified_gmt":"2026-03-28T01:12:43","slug":"450-doggy-bags-kraft-780-ml","status":"publish","type":"product","link":"https:\/\/www.csj-emballages.com\/de\/produit\/450-doggy-bags-kraft-780-ml\/","title":{"rendered":"Amerikanische Essensbox &#8222;Doggy Bag&#8220; 780 ml pro 450"},"content":{"rendered":"<div style=\"font-family: Roboto, sans-serif;\">\n<div style=\"font-family: Roboto, sans-serif;\">\n<div style=\"font-family: Roboto, sans-serif;\">\n<h2>Mahlzeitbox<\/h2>\n<hr>\n<h3>Beschreibung unserer amerikanischen Essensbox &#8222;Doggy Bag&#8220; 780 ml pro 450<\/h3>\n<p><!--more--><\/p>\n<div class=\"flex-shrink-0 flex flex-col relative items-end\">\n<div class=\"pt-0.5 juice:pt-0\">\n<div class=\"gizmo-bot-avatar flex h-6 w-6 items-center justify-center overflow-hidden rounded-full juice:h-8 juice:w-8\">\n<p data-start=\"159\" data-end=\"626\">Die <strong data-start=\"162\" data-end=\"207\">amerikanische Box &#8222;Doggy Bag&#8220; 780 ml<\/strong> ist genau das Richtige f\u00fcr Sie, wenn Sie t\u00e4glich Gerichte zum Mitnehmen anbieten. Egal, ob Sie in einem Restaurant, einem Foodtruck, einem Imbiss oder einem Catering-Unternehmen arbeiten, diese <strong data-start=\"162\" data-end=\"207\">Box<\/strong> wird Ihnen das Leben wirklich erleichtern. Zun\u00e4chst einmal l\u00e4sst sie sich sehr leicht \u00f6ffnen und wieder verschlie\u00dfen, was die Handhabung besonders einfach macht. Au\u00dferdem ist der <strong>Verschluss<\/strong> stabil genug, um auch bei fl\u00fcssigeren Speisen ein Auslaufen zu verhindern.   <\/p>\n<p data-start=\"628\" data-end=\"1072\">Mit seinem Fassungsverm\u00f6gen von <strong data-start=\"650\" data-end=\"660\">780 ml<\/strong> k\u00f6nnen Sie eine komplette Portion ohne Zwang darin verstauen: Salate, Nudeln, warme Gerichte, Woks oder auch Fleisch. Dank der <strong>dicken Pappe<\/strong> bleibt der <strong>Doggy Bag<\/strong> stabil und widerstandsf\u00e4hig, egal ob Ihre Speisen warm oder kalt sind. Die <g id=\"gid_3\">Kraftliner-Optik<\/g> sorgt f\u00fcr einen modernen und nat\u00fcrlichen Stil, der Ihren Gerichten sofort eine sch\u00f6ne Pr\u00e4sentation verleiht. Es ist zwar nur ein Detail, aber Ihre Kunden werden immer empfindlicher darauf reagieren.   <\/p>\n<p data-start=\"1074\" data-end=\"1399\">Wenn Sie sich f\u00fcr das Set mit <strong data-start=\"1099\" data-end=\"1113\">450 Kartons<\/strong> entscheiden, sorgen Sie f\u00fcr einen komfortablen und dauerhaften Vorrat. Dadurch werden Fehlmengen vermieden und Sie k\u00f6nnen Ihr Gesch\u00e4ft stressfrei voraussehen. Da jede <strong data-start=\"162\" data-end=\"207\">Schachtel<\/strong> faltbar ist, sparen Sie au\u00dferdem Platz in Ihrem Lagerbereich, was bei begrenztem Raum immer willkommen ist.  <\/p>\n<p data-start=\"1401\" data-end=\"1526\">Zusammenfassend l\u00e4sst sich sagen, dass diese <strong data-start=\"162\" data-end=\"207\">Essensbox<\/strong> eine zuverl\u00e4ssige, praktische und \u00e4sthetische Verpackung ist, die so konzipiert ist, dass sie Ihre t\u00e4gliche Organisation erleichtert.<\/p>\n<\/div>\n<\/div>\n<\/div>\n<div class=\"flex-shrink-0 flex flex-col relative items-end\">\n<div class=\"pt-0.5 juice:pt-0\">\n<p data-start=\"1520\" data-end=\"1759\">\n<\/div>\n<\/div>\n<p><!--more--><\/p>\n<p><strong>Vorteile :<\/strong><\/p>\n<ul>\n<li data-start=\"1550\" data-end=\"1582\">Inhalt von <strong>780 ml<\/strong>.<\/li>\n<li data-start=\"1585\" data-end=\"1630\">Gute Best\u00e4ndigkeit gegen\u00fcber hei\u00dfen und kalten Speisen.<\/li>\n<li data-start=\"1633\" data-end=\"1664\">Schneller und sicherer Verschluss.<\/li>\n<li data-start=\"1667\" data-end=\"1706\">Trendiger und professioneller Kraftstil.<\/li>\n<li data-start=\"1709\" data-end=\"1739\">Wirtschaftliche Partie von <strong>450 Einheiten<\/strong>.<\/li>\n<li data-start=\"1742\" data-end=\"1782\">Faltbares Format zur einfachen Aufbewahrung.<\/li>\n<\/ul>\n<p>&nbsp;<\/p>\n<p><!--more--><\/p>\n<h4>Weitere Informationen :<\/h4>\n<ul>\n<li><strong>Packung<\/strong>: Packung mit 450<\/li>\n<li><strong>Au\u00dfenma\u00dfe<\/strong>: 130 \u00d7 110 mm<\/li>\n<li><strong>Innenma\u00dfe<\/strong>: 110 \u00d7 90 mm<\/li>\n<li><strong>H\u00f6he<\/strong>: 65 mm<\/li>\n<li><strong>Volumen<\/strong>: 780 ml<\/li>\n<li><span style=\"font-weight: bold;\">Farbe <\/span>: Braun<\/li>\n<li><span style=\"font-weight: bold;\">Material <\/span>: Karton<\/li>\n<\/ul>\n<p>&nbsp;<\/p>\n<\/div>\n<\/div>\n<\/div>\n<p><!--more--><\/p>\n<p>Diese Doggy-Bag-Mahlzeitbox ist in verschiedenen Gr\u00f6\u00dfen erh\u00e4ltlich : <span style=\"color: #d12727;\"><a style=\"color: #d12727;\" href=\"https:\/\/www.csj-emballages.com\/es\/produit\/50-cajas-de-comida-americana-doggy-bag-kraft-de-2-compartimentos-1300-ml\/\">1300 ml<\/a><\/span> \/ <span style=\"color: #d12727;\"><a style=\"color: #d12727;\" href=\"https:\/\/www.csj-emballages.com\/es\/produit\/200-fiambreras-kraft-1500-ml-doggy-bag\/\">1500 ml<\/a><\/span> \/ <span style=\"color: #d12727;\"><a style=\"color: #d12727;\" href=\"https:\/\/www.csj-emballages.com\/es\/produit\/200-cajas-de-comida-kraft-doggy-bag-2000-ml\/\">2000 ml<\/a><\/span> \/ <span style=\"color: #d12727;\"><a style=\"color: #d12727;\" href=\"https:\/\/www.csj-emballages.com\/es\/produit\/40-cajas-de-comida-americana-kraft-doggy-bag-2800-ml\/\">2800 ml<\/a><\/span><\/p>\n<div style=\"font-family: Roboto, sans-serif;\">\n<div style=\"font-family: Roboto, sans-serif;\">\n<div style=\"font-family: Roboto, sans-serif;\">\n<p>&nbsp;<\/p>\n<p><!--more--><\/p>\n<p><a href=\"https:\/\/www.csj-emballages.com\/de\/categorie-produit\/lebensmittelverpackungen\/restauration-de\/dosen-schalen-beutel-konen\/schalen-kartons\/boxen-zum-mitnehmen-amerikanisch\/\">Sehen Sie sich den Rest unseres Sortiments an Amerikanischen Kartonschachteln an.<\/a><\/p>\n<\/div>\n<\/div>\n<\/div>\n","protected":false},"excerpt":{"rendered":"<p>Mahlzeitbox Beschreibung unserer amerikanischen Essensbox &#8222;Doggy Bag&#8220; 780 ml pro 450<\/p>\n","protected":false},"featured_media":255229,"template":"","meta":{"_acf_changed":false},"product_brand":[],"product_cat":[1137,1134,2045],"product_tag":[],"class_list":{"0":"post-20578","1":"product","2":"type-product","3":"status-publish","4":"has-post-thumbnail","6":"product_cat-lebensmittelverpackungen","7":"product_cat-restauration-de","8":"product_cat-boxen-zum-mitnehmen-amerikanisch","10":"first","11":"instock","12":"taxable","13":"shipping-taxable","14":"purchasable","15":"product-type-simple"},"acf":[],"yoast_head":"<!-- This site is optimized with the Yoast SEO Premium plugin v26.6 (Yoast SEO v26.6) - https:\/\/yoast.com\/wordpress\/plugins\/seo\/ -->\n<title>Doggy Bag&quot; Amerikanische Essensbox 780 ml pro 450<\/title>\n<meta name=\"description\" content=\"Amerikanische Essensbox 780 ml aus Kraftpapier. Ideal f\u00fcr den Verkauf zum Mitnehmen, stabil, praktisch und preiswert. Lot von 450 Einheiten f\u00fcr Gastronomen.\" \/>\n<meta name=\"robots\" content=\"index, follow, max-snippet:-1, max-image-preview:large, max-video-preview:-1\" \/>\n<link rel=\"canonical\" href=\"https:\/\/www.csj-emballages.com\/de\/produit\/450-doggy-bags-kraft-780-ml\/\" \/>\n<meta property=\"og:locale\" content=\"de_DE\" \/>\n<meta property=\"og:type\" content=\"article\" \/>\n<meta property=\"og:title\" content=\"Amerikanische Essensbox &quot;Doggy Bag&quot; 780 ml pro 450\" \/>\n<meta property=\"og:description\" content=\"Amerikanische Essensbox 780 ml aus Kraftpapier. Ideal f\u00fcr den Verkauf zum Mitnehmen, stabil, praktisch und preiswert. Lot von 450 Einheiten f\u00fcr Gastronomen.\" \/>\n<meta property=\"og:url\" content=\"https:\/\/www.csj-emballages.com\/de\/produit\/450-doggy-bags-kraft-780-ml\/\" \/>\n<meta property=\"og:site_name\" content=\"CSJ Emballages\" \/>\n<meta property=\"article:publisher\" content=\"https:\/\/www.facebook.com\/csjemballages\" \/>\n<meta property=\"article:modified_time\" content=\"2026-03-28T01:12:43+00:00\" \/>\n<meta property=\"og:image\" content=\"https:\/\/www.csj-emballages.com\/wp-content\/uploads\/2024\/03\/DOGGYBAG780.webp\" \/>\n\t<meta property=\"og:image:width\" content=\"800\" \/>\n\t<meta property=\"og:image:height\" content=\"800\" \/>\n\t<meta property=\"og:image:type\" content=\"image\/webp\" \/>\n<meta name=\"twitter:card\" content=\"summary_large_image\" \/>\n<meta name=\"twitter:label1\" content=\"Gesch\u00e4tzte Lesezeit\" \/>\n\t<meta name=\"twitter:data1\" content=\"2 Minuten\" \/>\n<script type=\"application\/ld+json\" class=\"yoast-schema-graph\">{\"@context\":\"https:\/\/schema.org\",\"@graph\":[{\"@type\":\"WebPage\",\"@id\":\"https:\/\/www.csj-emballages.com\/de\/produit\/450-doggy-bags-kraft-780-ml\/\",\"url\":\"https:\/\/www.csj-emballages.com\/de\/produit\/450-doggy-bags-kraft-780-ml\/\",\"name\":\"Doggy Bag\\\" Amerikanische Essensbox 780 ml pro 450\",\"isPartOf\":{\"@id\":\"https:\/\/www.csj-emballages.com\/de\/#website\"},\"primaryImageOfPage\":{\"@id\":\"https:\/\/www.csj-emballages.com\/de\/produit\/450-doggy-bags-kraft-780-ml\/#primaryimage\"},\"image\":{\"@id\":\"https:\/\/www.csj-emballages.com\/de\/produit\/450-doggy-bags-kraft-780-ml\/#primaryimage\"},\"thumbnailUrl\":\"https:\/\/www.csj-emballages.com\/wp-content\/uploads\/2024\/03\/DOGGYBAG780.webp\",\"datePublished\":\"2024-03-01T15:54:30+00:00\",\"dateModified\":\"2026-03-28T01:12:43+00:00\",\"description\":\"Amerikanische Essensbox 780 ml aus Kraftpapier. Ideal f\u00fcr den Verkauf zum Mitnehmen, stabil, praktisch und preiswert. Lot von 450 Einheiten f\u00fcr Gastronomen.\",\"breadcrumb\":{\"@id\":\"https:\/\/www.csj-emballages.com\/de\/produit\/450-doggy-bags-kraft-780-ml\/#breadcrumb\"},\"inLanguage\":\"de\",\"potentialAction\":[{\"@type\":\"ReadAction\",\"target\":[\"https:\/\/www.csj-emballages.com\/de\/produit\/450-doggy-bags-kraft-780-ml\/\"]}]},{\"@type\":\"ImageObject\",\"inLanguage\":\"de\",\"@id\":\"https:\/\/www.csj-emballages.com\/de\/produit\/450-doggy-bags-kraft-780-ml\/#primaryimage\",\"url\":\"https:\/\/www.csj-emballages.com\/wp-content\/uploads\/2024\/03\/DOGGYBAG780.webp\",\"contentUrl\":\"https:\/\/www.csj-emballages.com\/wp-content\/uploads\/2024\/03\/DOGGYBAG780.webp\",\"width\":800,\"height\":800,\"caption\":\"Boite repas\"},{\"@type\":\"BreadcrumbList\",\"@id\":\"https:\/\/www.csj-emballages.com\/de\/produit\/450-doggy-bags-kraft-780-ml\/#breadcrumb\",\"itemListElement\":[{\"@type\":\"ListItem\",\"position\":1,\"name\":\"Accueil\",\"item\":\"https:\/\/www.csj-emballages.com\/de\/universum-lebensmittelverpackungen\/\"},{\"@type\":\"ListItem\",\"position\":2,\"name\":\"Shop\",\"item\":\"https:\/\/www.csj-emballages.com\/shop\/\"},{\"@type\":\"ListItem\",\"position\":3,\"name\":\"Amerikanische Essensbox \u00ab\u00a0Doggy Bag\u00a0\u00bb 780 ml pro 450\"}]},{\"@type\":\"WebSite\",\"@id\":\"https:\/\/www.csj-emballages.com\/de\/#website\",\"url\":\"https:\/\/www.csj-emballages.com\/de\/\",\"name\":\"CSJ Emballages\",\"description\":\"\",\"publisher\":{\"@id\":\"https:\/\/www.csj-emballages.com\/de\/#organization\"},\"potentialAction\":[{\"@type\":\"SearchAction\",\"target\":{\"@type\":\"EntryPoint\",\"urlTemplate\":\"https:\/\/www.csj-emballages.com\/de\/?s={search_term_string}\"},\"query-input\":{\"@type\":\"PropertyValueSpecification\",\"valueRequired\":true,\"valueName\":\"search_term_string\"}}],\"inLanguage\":\"de\"},{\"@type\":\"Organization\",\"@id\":\"https:\/\/www.csj-emballages.com\/de\/#Organization\/\",\"name\":\"CSJ Emballages\",\"url\":\"https:\/\/www.csj-emballages.com\/de\/\",\"logo\":{\"@type\":\"ImageObject\",\"inLanguage\":\"de\",\"@id\":\"https:\/\/www.csj-emballages.com\/de\/#\/schema\/logo\/image\/\",\"url\":\"https:\/\/www.csj-emballages.com\/wp-content\/uploads\/2023\/10\/logo_csj.webp\",\"contentUrl\":\"https:\/\/www.csj-emballages.com\/wp-content\/uploads\/2023\/10\/logo_csj.webp\",\"width\":250,\"height\":95,\"caption\":\"CSJ Emballages\"},\"image\":{\"@id\":\"https:\/\/www.csj-emballages.com\/de\/#\/schema\/logo\/image\/\"},\"sameAs\":[\"https:\/\/www.facebook.com\/csjemballages\"],\"address\":{\"@type\":\"PostalAddress\",\"streetAddress\":\"ZI La Lechere\",\"addressLocality\":\"Patornay\",\"postalCode\":\"39130\",\"addressCountry\":\"FR\"},\"contactPoint\":[{\"@type\":\"ContactPoint\",\"contactType\":\"Service client\",\"telephone\":\"0384254272\",\"email\":\"contact@csj-emballages.com\"}]}]}<\/script>\n<!-- \/ Yoast SEO Premium plugin. -->","yoast_head_json":{"title":"Doggy Bag\" Amerikanische Essensbox 780 ml pro 450","description":"Amerikanische Essensbox 780 ml aus Kraftpapier. Ideal f\u00fcr den Verkauf zum Mitnehmen, stabil, praktisch und preiswert. Lot von 450 Einheiten f\u00fcr Gastronomen.","robots":{"index":"index","follow":"follow","max-snippet":"max-snippet:-1","max-image-preview":"max-image-preview:large","max-video-preview":"max-video-preview:-1"},"canonical":"https:\/\/www.csj-emballages.com\/de\/produit\/450-doggy-bags-kraft-780-ml\/","og_locale":"de_DE","og_type":"article","og_title":"Amerikanische Essensbox \"Doggy Bag\" 780 ml pro 450","og_description":"Amerikanische Essensbox 780 ml aus Kraftpapier. Ideal f\u00fcr den Verkauf zum Mitnehmen, stabil, praktisch und preiswert. Lot von 450 Einheiten f\u00fcr Gastronomen.","og_url":"https:\/\/www.csj-emballages.com\/de\/produit\/450-doggy-bags-kraft-780-ml\/","og_site_name":"CSJ Emballages","article_publisher":"https:\/\/www.facebook.com\/csjemballages","article_modified_time":"2026-03-28T01:12:43+00:00","og_image":[{"width":800,"height":800,"url":"https:\/\/www.csj-emballages.com\/wp-content\/uploads\/2024\/03\/DOGGYBAG780.webp","type":"image\/webp"}],"twitter_card":"summary_large_image","twitter_misc":{"Gesch\u00e4tzte Lesezeit":"2 Minuten"},"schema":{"@context":"https:\/\/schema.org","@graph":[{"@type":"WebPage","@id":"https:\/\/www.csj-emballages.com\/de\/produit\/450-doggy-bags-kraft-780-ml\/","url":"https:\/\/www.csj-emballages.com\/de\/produit\/450-doggy-bags-kraft-780-ml\/","name":"Doggy Bag\" Amerikanische Essensbox 780 ml pro 450","isPartOf":{"@id":"https:\/\/www.csj-emballages.com\/de\/#website"},"primaryImageOfPage":{"@id":"https:\/\/www.csj-emballages.com\/de\/produit\/450-doggy-bags-kraft-780-ml\/#primaryimage"},"image":{"@id":"https:\/\/www.csj-emballages.com\/de\/produit\/450-doggy-bags-kraft-780-ml\/#primaryimage"},"thumbnailUrl":"https:\/\/www.csj-emballages.com\/wp-content\/uploads\/2024\/03\/DOGGYBAG780.webp","datePublished":"2024-03-01T15:54:30+00:00","dateModified":"2026-03-28T01:12:43+00:00","description":"Amerikanische Essensbox 780 ml aus Kraftpapier. Ideal f\u00fcr den Verkauf zum Mitnehmen, stabil, praktisch und preiswert. Lot von 450 Einheiten f\u00fcr Gastronomen.","breadcrumb":{"@id":"https:\/\/www.csj-emballages.com\/de\/produit\/450-doggy-bags-kraft-780-ml\/#breadcrumb"},"inLanguage":"de","potentialAction":[{"@type":"ReadAction","target":["https:\/\/www.csj-emballages.com\/de\/produit\/450-doggy-bags-kraft-780-ml\/"]}]},{"@type":"ImageObject","inLanguage":"de","@id":"https:\/\/www.csj-emballages.com\/de\/produit\/450-doggy-bags-kraft-780-ml\/#primaryimage","url":"https:\/\/www.csj-emballages.com\/wp-content\/uploads\/2024\/03\/DOGGYBAG780.webp","contentUrl":"https:\/\/www.csj-emballages.com\/wp-content\/uploads\/2024\/03\/DOGGYBAG780.webp","width":800,"height":800,"caption":"Boite repas"},{"@type":"BreadcrumbList","@id":"https:\/\/www.csj-emballages.com\/de\/produit\/450-doggy-bags-kraft-780-ml\/#breadcrumb","itemListElement":[{"@type":"ListItem","position":1,"name":"Accueil","item":"https:\/\/www.csj-emballages.com\/de\/universum-lebensmittelverpackungen\/"},{"@type":"ListItem","position":2,"name":"Shop","item":"https:\/\/www.csj-emballages.com\/shop\/"},{"@type":"ListItem","position":3,"name":"Amerikanische Essensbox \u00ab\u00a0Doggy Bag\u00a0\u00bb 780 ml pro 450"}]},{"@type":"WebSite","@id":"https:\/\/www.csj-emballages.com\/de\/#website","url":"https:\/\/www.csj-emballages.com\/de\/","name":"CSJ Emballages","description":"","publisher":{"@id":"https:\/\/www.csj-emballages.com\/de\/#organization"},"potentialAction":[{"@type":"SearchAction","target":{"@type":"EntryPoint","urlTemplate":"https:\/\/www.csj-emballages.com\/de\/?s={search_term_string}"},"query-input":{"@type":"PropertyValueSpecification","valueRequired":true,"valueName":"search_term_string"}}],"inLanguage":"de"},{"@type":"Organization","@id":"https:\/\/www.csj-emballages.com\/de\/#Organization\/","name":"CSJ Emballages","url":"https:\/\/www.csj-emballages.com\/de\/","logo":{"@type":"ImageObject","inLanguage":"de","@id":"https:\/\/www.csj-emballages.com\/de\/#\/schema\/logo\/image\/","url":"https:\/\/www.csj-emballages.com\/wp-content\/uploads\/2023\/10\/logo_csj.webp","contentUrl":"https:\/\/www.csj-emballages.com\/wp-content\/uploads\/2023\/10\/logo_csj.webp","width":250,"height":95,"caption":"CSJ Emballages"},"image":{"@id":"https:\/\/www.csj-emballages.com\/de\/#\/schema\/logo\/image\/"},"sameAs":["https:\/\/www.facebook.com\/csjemballages"],"address":{"@type":"PostalAddress","streetAddress":"ZI La Lechere","addressLocality":"Patornay","postalCode":"39130","addressCountry":"FR"},"contactPoint":[{"@type":"ContactPoint","contactType":"Service client","telephone":"0384254272","email":"contact@csj-emballages.com"}]}]}},"df_price":84.55,"df_sale_price":"","df_regular_price":84.55,"df_image_link":"https:\/\/www.csj-emballages.com\/wp-content\/uploads\/2024\/03\/DOGGYBAG780-300x300.webp","tiered_pricing_type":"fixed","tiered_pricing_fixed_rules":[],"tiered_pricing_percentage_rules":[],"tiered_pricing_minimum":1,"tiered_pricing_roles_data":[],"_links":{"self":[{"href":"https:\/\/www.csj-emballages.com\/de\/wp-json\/wp\/v2\/product\/20578","targetHints":{"allow":["GET"]}}],"collection":[{"href":"https:\/\/www.csj-emballages.com\/de\/wp-json\/wp\/v2\/product"}],"about":[{"href":"https:\/\/www.csj-emballages.com\/de\/wp-json\/wp\/v2\/types\/product"}],"wp:featuredmedia":[{"embeddable":true,"href":"https:\/\/www.csj-emballages.com\/de\/wp-json\/wp\/v2\/media\/255229"}],"wp:attachment":[{"href":"https:\/\/www.csj-emballages.com\/de\/wp-json\/wp\/v2\/media?parent=20578"}],"wp:term":[{"taxonomy":"product_brand","embeddable":true,"href":"https:\/\/www.csj-emballages.com\/de\/wp-json\/wp\/v2\/product_brand?post=20578"},{"taxonomy":"product_cat","embeddable":true,"href":"https:\/\/www.csj-emballages.com\/de\/wp-json\/wp\/v2\/product_cat?post=20578"},{"taxonomy":"product_tag","embeddable":true,"href":"https:\/\/www.csj-emballages.com\/de\/wp-json\/wp\/v2\/product_tag?post=20578"}],"curies":[{"name":"wp","href":"https:\/\/api.w.org\/{rel}","templated":true}]}}