{"id":20576,"date":"2024-03-01T16:54:32","date_gmt":"2024-03-01T15:54:32","guid":{"rendered":"https:\/\/u15jnbdpoq.preview.infomaniak.website\/produit\/handtuchspender-eplz-fuer-ineinander-verschlungene-handtuecher\/"},"modified":"2026-04-15T02:13:23","modified_gmt":"2026-04-15T00:13:23","slug":"handtuchspender-eplz-fuer-ineinander-verschlungene-handtuecher","status":"publish","type":"product","link":"https:\/\/www.csj-emballages.com\/de\/produit\/handtuchspender-eplz-fuer-ineinander-verschlungene-handtuecher\/","title":{"rendered":"Spender f\u00fcr Zickzack-Handt\u00fccher f\u00fcr Ref. &#8222;EPLZ&#8220;"},"content":{"rendered":"<h2>Handtuchspender<\/h2>\n<hr>\n<h3>Beschreibung unseres Handtuchspenders EPLZ in T\u00fcte<!--more--><\/h3>\n<p data-start=\"218\" data-end=\"655\">Dieser <strong>Handtuchspender<\/strong> wurde entwickelt, um das H\u00e4ndetrocknen einfach, schnell und hygienisch zu gestalten, ohne \u00fcberfl\u00fcssige Details. Mit seinem schlichten und diskreten <strong>wei\u00dfen Design<\/strong> f\u00fcgt er sich nahtlos in jede Umgebung ein: <strong>Sanit\u00e4rbereiche, Gro\u00dfk\u00fcchen, B\u00fcros, Gesch\u00e4fte oder \u00f6ffentliche Einrichtungen<\/strong>. Er vermittelt sofort einen Eindruck von Sauberkeit und Organisation, was f\u00fcr die Benutzer den entscheidenden Unterschied macht.  <\/p>\n<p data-start=\"657\" data-end=\"979\">Dank seines <strong>Einzelblattausgabesystems<\/strong> entnimmt jeder nur so viel, wie er ben\u00f6tigt. Das Ergebnis: weniger Abfall, ein besser kontrollierter Verbrauch und stets ein sauberer Bereich. Zudem ist die Entnahme flie\u00dfend und m\u00fchelos, was das t\u00e4gliche Erlebnis verbessert, selbst bei h\u00e4ufiger Nutzung.  <\/p>\n<p data-start=\"981\" data-end=\"1305\">Das <strong>Geh\u00e4use sch\u00fctzt die Handt\u00fccher effektiv<\/strong> vor Feuchtigkeit und Spritzern, was eine optimale Hygiene gew\u00e4hrleistet. Zudem erm\u00f6glicht das integrierte Sichtfenster eine schnelle Kontrolle des F\u00fcllstands. So k\u00f6nnen Sie das Nachf\u00fcllen fr\u00fchzeitig planen und Engp\u00e4sse vermeiden.  <\/p>\n<p data-start=\"1307\" data-end=\"1579\">Robust und f\u00fcr den intensiven Gebrauch konzipiert, ist dieser Spender sehr langlebig und widerstandsf\u00e4hig gegen\u00fcber wiederholter Nutzung. Sein schnelles Nachf\u00fcllen spart Ihnen Zeit bei der Wartung, w\u00e4hrend die Wandmontage Platz spart und die Reinigung der Oberfl\u00e4chen erleichtert. <\/p>\n<p data-start=\"1581\" data-end=\"1843\">Zusammenfassend ist dieser <strong>Handtuchspender<\/strong> eine zuverl\u00e4ssige, praktische und effiziente L\u00f6sung, um hohe Hygienestandards zu gew\u00e4hrleisten und gleichzeitig die t\u00e4gliche Verwaltung zu vereinfachen. Eine sichere Wahl f\u00fcr Profis, die Funktionalit\u00e4t und schlichtes Design vereinen m\u00f6chten. <\/p>\n<p data-start=\"1581\" data-end=\"1843\">\n<p data-start=\"1581\" data-end=\"1843\"><!--more--><\/p>\n<div class=\"markdown prose w-full break-words dark:prose-invert dark\">\n<p><strong>Handtuchspender, zur Verwendung mit dem Referenzprodukt <span style=\"color: #d12727;\"><a style=\"color: #d12727;\" href=\"https:\/\/www.csj-emballages.com\/es\/produit\/150-toallas-de-mano-de-2-capas-en-z-206-x-24-cm\/\">EPLZ<\/a><\/span><\/strong><\/p>\n<p>*Dieser Handtuchspender wird mit Schrauben geliefert.<\/p>\n<p>&nbsp;<\/p>\n<\/div>\n<p><!--more--><\/p>\n<h4>Vorteile :<\/h4>\n<ul>\n<li data-start=\"1868\" data-end=\"1927\"><strong>Einzelblattausgabe<\/strong> zur Abfallreduzierung.<\/li>\n<li data-start=\"1930\" data-end=\"1961\">Schlichtes und professionelles Design.<\/li>\n<li data-start=\"1964\" data-end=\"2002\">Optimaler Schutz der Handt\u00fccher.<\/li>\n<li data-start=\"2005\" data-end=\"2036\"><strong>Sichtfenster<\/strong> zur F\u00fcllstandskontrolle.<\/li>\n<li data-start=\"2039\" data-end=\"2079\">Geeignet f\u00fcr stark frequentierte Bereiche.<\/li>\n<\/ul>\n<p>&nbsp;<\/p>\n<p><!--more--><\/p>\n<h4>Weitere Informationen :<\/h4>\n<ul>\n<li><strong>Verpackung<\/strong>: Einzeln<\/li>\n<li><strong>Material<\/strong>: Kunststoff<\/li>\n<li><strong>Farbe<\/strong>: Wei\u00df<\/li>\n<li><strong>Nutzung<\/strong>: Manuell<\/li>\n<li><strong>Kapazit\u00e4t<\/strong>: Gewickeltes Handtuch (<strong><span style=\"color: #d12727;\"><a style=\"color: #d12727;\" href=\"https:\/\/www.csj-emballages.com\/es\/produit\/150-toallas-de-mano-de-2-capas-en-z-206-x-24-cm\/\">EPLZ<\/a><\/span><\/strong>)<\/li>\n<\/ul>\n<p>&nbsp;<\/p>\n<p><!--more--><\/p>\n<p><a href=\"https:\/\/www.csj-emballages.com\/de\/categorie-produit\/hygiene-und-pflege\/vertriebspartner\/\">Sehen Sie sich den Rest unseres Sortiments an Vertriebspartnern an.<\/a><\/p>\n","protected":false},"excerpt":{"rendered":"<p>Handtuchspender Beschreibung unseres Handtuchspenders EPLZ in T\u00fcte<\/p>\n","protected":false},"featured_media":221615,"template":"","meta":{"_acf_changed":false},"product_brand":[],"product_cat":[1218,1409,1377,1452,2568],"product_tag":[],"class_list":{"0":"post-20576","1":"product","2":"type-product","3":"status-publish","4":"has-post-thumbnail","6":"product_cat-hygiene-und-pflege","7":"product_cat-vertriebspartner","8":"product_cat-wischtucher","9":"product_cat-handtucher-de","10":"product_cat-handschirme-gefaltet","12":"first","13":"instock","14":"taxable","15":"shipping-taxable","16":"purchasable","17":"product-type-simple"},"acf":[],"yoast_head":"<!-- This site is optimized with the Yoast SEO Premium plugin v26.6 (Yoast SEO v26.6) - https:\/\/yoast.com\/wordpress\/plugins\/seo\/ -->\n<title>Handtuchspender mit zentraler Entnahme EPLZ<\/title>\n<meta name=\"description\" content=\"Entdecken Sie unseren Handtuchspender aus Taschentuch Ref EPLZ wei\u00df. Manuelle Verwendung. Kompatibel mit EPLZ Handt\u00fcchern\" \/>\n<meta name=\"robots\" content=\"index, follow, max-snippet:-1, max-image-preview:large, max-video-preview:-1\" \/>\n<link rel=\"canonical\" href=\"https:\/\/www.csj-emballages.com\/de\/produit\/handtuchspender-eplz-fuer-ineinander-verschlungene-handtuecher\/\" \/>\n<meta property=\"og:locale\" content=\"de_DE\" \/>\n<meta property=\"og:type\" content=\"article\" \/>\n<meta property=\"og:title\" content=\"Spender f\u00fcr Zickzack-Handt\u00fccher f\u00fcr Ref. &quot;EPLZ&quot;\" \/>\n<meta property=\"og:description\" content=\"Entdecken Sie unseren Handtuchspender aus Taschentuch Ref EPLZ wei\u00df. Manuelle Verwendung. Kompatibel mit EPLZ Handt\u00fcchern\" \/>\n<meta property=\"og:url\" content=\"https:\/\/www.csj-emballages.com\/de\/produit\/handtuchspender-eplz-fuer-ineinander-verschlungene-handtuecher\/\" \/>\n<meta property=\"og:site_name\" content=\"CSJ Emballages\" \/>\n<meta property=\"article:publisher\" content=\"https:\/\/www.facebook.com\/csjemballages\" \/>\n<meta property=\"article:modified_time\" content=\"2026-04-15T00:13:23+00:00\" \/>\n<meta property=\"og:image\" content=\"https:\/\/www.csj-emballages.com\/wp-content\/uploads\/2024\/03\/DISTRIEPLZ.webp\" \/>\n\t<meta property=\"og:image:width\" content=\"800\" \/>\n\t<meta property=\"og:image:height\" content=\"800\" \/>\n\t<meta property=\"og:image:type\" content=\"image\/webp\" \/>\n<meta name=\"twitter:card\" content=\"summary_large_image\" \/>\n<meta name=\"twitter:label1\" content=\"Gesch\u00e4tzte Lesezeit\" \/>\n\t<meta name=\"twitter:data1\" content=\"2 Minuten\" \/>\n<script type=\"application\/ld+json\" class=\"yoast-schema-graph\">{\"@context\":\"https:\/\/schema.org\",\"@graph\":[{\"@type\":\"WebPage\",\"@id\":\"https:\/\/www.csj-emballages.com\/de\/produit\/handtuchspender-eplz-fuer-ineinander-verschlungene-handtuecher\/\",\"url\":\"https:\/\/www.csj-emballages.com\/de\/produit\/handtuchspender-eplz-fuer-ineinander-verschlungene-handtuecher\/\",\"name\":\"Handtuchspender mit zentraler Entnahme EPLZ\",\"isPartOf\":{\"@id\":\"https:\/\/www.csj-emballages.com\/de\/#website\"},\"primaryImageOfPage\":{\"@id\":\"https:\/\/www.csj-emballages.com\/de\/produit\/handtuchspender-eplz-fuer-ineinander-verschlungene-handtuecher\/#primaryimage\"},\"image\":{\"@id\":\"https:\/\/www.csj-emballages.com\/de\/produit\/handtuchspender-eplz-fuer-ineinander-verschlungene-handtuecher\/#primaryimage\"},\"thumbnailUrl\":\"https:\/\/www.csj-emballages.com\/wp-content\/uploads\/2024\/03\/DISTRIEPLZ.webp\",\"datePublished\":\"2024-03-01T15:54:32+00:00\",\"dateModified\":\"2026-04-15T00:13:23+00:00\",\"description\":\"Entdecken Sie unseren Handtuchspender aus Taschentuch Ref EPLZ wei\u00df. Manuelle Verwendung. Kompatibel mit EPLZ Handt\u00fcchern\",\"breadcrumb\":{\"@id\":\"https:\/\/www.csj-emballages.com\/de\/produit\/handtuchspender-eplz-fuer-ineinander-verschlungene-handtuecher\/#breadcrumb\"},\"inLanguage\":\"de\",\"potentialAction\":[{\"@type\":\"ReadAction\",\"target\":[\"https:\/\/www.csj-emballages.com\/de\/produit\/handtuchspender-eplz-fuer-ineinander-verschlungene-handtuecher\/\"]}]},{\"@type\":\"ImageObject\",\"inLanguage\":\"de\",\"@id\":\"https:\/\/www.csj-emballages.com\/de\/produit\/handtuchspender-eplz-fuer-ineinander-verschlungene-handtuecher\/#primaryimage\",\"url\":\"https:\/\/www.csj-emballages.com\/wp-content\/uploads\/2024\/03\/DISTRIEPLZ.webp\",\"contentUrl\":\"https:\/\/www.csj-emballages.com\/wp-content\/uploads\/2024\/03\/DISTRIEPLZ.webp\",\"width\":800,\"height\":800,\"caption\":\"Distributeur essuie-main\"},{\"@type\":\"BreadcrumbList\",\"@id\":\"https:\/\/www.csj-emballages.com\/de\/produit\/handtuchspender-eplz-fuer-ineinander-verschlungene-handtuecher\/#breadcrumb\",\"itemListElement\":[{\"@type\":\"ListItem\",\"position\":1,\"name\":\"Accueil\",\"item\":\"https:\/\/www.csj-emballages.com\/de\/universum-lebensmittelverpackungen\/\"},{\"@type\":\"ListItem\",\"position\":2,\"name\":\"Shop\",\"item\":\"https:\/\/www.csj-emballages.com\/shop\/\"},{\"@type\":\"ListItem\",\"position\":3,\"name\":\"Spender f\u00fcr Zickzack-Handt\u00fccher f\u00fcr Ref. \u00ab\u00a0EPLZ\u00a0\u00bb\"}]},{\"@type\":\"WebSite\",\"@id\":\"https:\/\/www.csj-emballages.com\/de\/#website\",\"url\":\"https:\/\/www.csj-emballages.com\/de\/\",\"name\":\"CSJ Emballages\",\"description\":\"\",\"publisher\":{\"@id\":\"https:\/\/www.csj-emballages.com\/de\/#organization\"},\"potentialAction\":[{\"@type\":\"SearchAction\",\"target\":{\"@type\":\"EntryPoint\",\"urlTemplate\":\"https:\/\/www.csj-emballages.com\/de\/?s={search_term_string}\"},\"query-input\":{\"@type\":\"PropertyValueSpecification\",\"valueRequired\":true,\"valueName\":\"search_term_string\"}}],\"inLanguage\":\"de\"},{\"@type\":\"Organization\",\"@id\":\"https:\/\/www.csj-emballages.com\/de\/#Organization\/\",\"name\":\"CSJ Emballages\",\"url\":\"https:\/\/www.csj-emballages.com\/de\/\",\"logo\":{\"@type\":\"ImageObject\",\"inLanguage\":\"de\",\"@id\":\"https:\/\/www.csj-emballages.com\/de\/#\/schema\/logo\/image\/\",\"url\":\"https:\/\/www.csj-emballages.com\/wp-content\/uploads\/2023\/10\/logo_csj.webp\",\"contentUrl\":\"https:\/\/www.csj-emballages.com\/wp-content\/uploads\/2023\/10\/logo_csj.webp\",\"width\":250,\"height\":95,\"caption\":\"CSJ Emballages\"},\"image\":{\"@id\":\"https:\/\/www.csj-emballages.com\/de\/#\/schema\/logo\/image\/\"},\"sameAs\":[\"https:\/\/www.facebook.com\/csjemballages\"],\"address\":{\"@type\":\"PostalAddress\",\"streetAddress\":\"ZI La Lechere\",\"addressLocality\":\"Patornay\",\"postalCode\":\"39130\",\"addressCountry\":\"FR\"},\"contactPoint\":[{\"@type\":\"ContactPoint\",\"contactType\":\"Service client\",\"telephone\":\"0384254272\",\"email\":\"contact@csj-emballages.com\"}]}]}<\/script>\n<!-- \/ Yoast SEO Premium plugin. -->","yoast_head_json":{"title":"Handtuchspender mit zentraler Entnahme EPLZ","description":"Entdecken Sie unseren Handtuchspender aus Taschentuch Ref EPLZ wei\u00df. Manuelle Verwendung. Kompatibel mit EPLZ Handt\u00fcchern","robots":{"index":"index","follow":"follow","max-snippet":"max-snippet:-1","max-image-preview":"max-image-preview:large","max-video-preview":"max-video-preview:-1"},"canonical":"https:\/\/www.csj-emballages.com\/de\/produit\/handtuchspender-eplz-fuer-ineinander-verschlungene-handtuecher\/","og_locale":"de_DE","og_type":"article","og_title":"Spender f\u00fcr Zickzack-Handt\u00fccher f\u00fcr Ref. \"EPLZ\"","og_description":"Entdecken Sie unseren Handtuchspender aus Taschentuch Ref EPLZ wei\u00df. Manuelle Verwendung. Kompatibel mit EPLZ Handt\u00fcchern","og_url":"https:\/\/www.csj-emballages.com\/de\/produit\/handtuchspender-eplz-fuer-ineinander-verschlungene-handtuecher\/","og_site_name":"CSJ Emballages","article_publisher":"https:\/\/www.facebook.com\/csjemballages","article_modified_time":"2026-04-15T00:13:23+00:00","og_image":[{"width":800,"height":800,"url":"https:\/\/www.csj-emballages.com\/wp-content\/uploads\/2024\/03\/DISTRIEPLZ.webp","type":"image\/webp"}],"twitter_card":"summary_large_image","twitter_misc":{"Gesch\u00e4tzte Lesezeit":"2 Minuten"},"schema":{"@context":"https:\/\/schema.org","@graph":[{"@type":"WebPage","@id":"https:\/\/www.csj-emballages.com\/de\/produit\/handtuchspender-eplz-fuer-ineinander-verschlungene-handtuecher\/","url":"https:\/\/www.csj-emballages.com\/de\/produit\/handtuchspender-eplz-fuer-ineinander-verschlungene-handtuecher\/","name":"Handtuchspender mit zentraler Entnahme EPLZ","isPartOf":{"@id":"https:\/\/www.csj-emballages.com\/de\/#website"},"primaryImageOfPage":{"@id":"https:\/\/www.csj-emballages.com\/de\/produit\/handtuchspender-eplz-fuer-ineinander-verschlungene-handtuecher\/#primaryimage"},"image":{"@id":"https:\/\/www.csj-emballages.com\/de\/produit\/handtuchspender-eplz-fuer-ineinander-verschlungene-handtuecher\/#primaryimage"},"thumbnailUrl":"https:\/\/www.csj-emballages.com\/wp-content\/uploads\/2024\/03\/DISTRIEPLZ.webp","datePublished":"2024-03-01T15:54:32+00:00","dateModified":"2026-04-15T00:13:23+00:00","description":"Entdecken Sie unseren Handtuchspender aus Taschentuch Ref EPLZ wei\u00df. Manuelle Verwendung. Kompatibel mit EPLZ Handt\u00fcchern","breadcrumb":{"@id":"https:\/\/www.csj-emballages.com\/de\/produit\/handtuchspender-eplz-fuer-ineinander-verschlungene-handtuecher\/#breadcrumb"},"inLanguage":"de","potentialAction":[{"@type":"ReadAction","target":["https:\/\/www.csj-emballages.com\/de\/produit\/handtuchspender-eplz-fuer-ineinander-verschlungene-handtuecher\/"]}]},{"@type":"ImageObject","inLanguage":"de","@id":"https:\/\/www.csj-emballages.com\/de\/produit\/handtuchspender-eplz-fuer-ineinander-verschlungene-handtuecher\/#primaryimage","url":"https:\/\/www.csj-emballages.com\/wp-content\/uploads\/2024\/03\/DISTRIEPLZ.webp","contentUrl":"https:\/\/www.csj-emballages.com\/wp-content\/uploads\/2024\/03\/DISTRIEPLZ.webp","width":800,"height":800,"caption":"Distributeur essuie-main"},{"@type":"BreadcrumbList","@id":"https:\/\/www.csj-emballages.com\/de\/produit\/handtuchspender-eplz-fuer-ineinander-verschlungene-handtuecher\/#breadcrumb","itemListElement":[{"@type":"ListItem","position":1,"name":"Accueil","item":"https:\/\/www.csj-emballages.com\/de\/universum-lebensmittelverpackungen\/"},{"@type":"ListItem","position":2,"name":"Shop","item":"https:\/\/www.csj-emballages.com\/shop\/"},{"@type":"ListItem","position":3,"name":"Spender f\u00fcr Zickzack-Handt\u00fccher f\u00fcr Ref. \u00ab\u00a0EPLZ\u00a0\u00bb"}]},{"@type":"WebSite","@id":"https:\/\/www.csj-emballages.com\/de\/#website","url":"https:\/\/www.csj-emballages.com\/de\/","name":"CSJ Emballages","description":"","publisher":{"@id":"https:\/\/www.csj-emballages.com\/de\/#organization"},"potentialAction":[{"@type":"SearchAction","target":{"@type":"EntryPoint","urlTemplate":"https:\/\/www.csj-emballages.com\/de\/?s={search_term_string}"},"query-input":{"@type":"PropertyValueSpecification","valueRequired":true,"valueName":"search_term_string"}}],"inLanguage":"de"},{"@type":"Organization","@id":"https:\/\/www.csj-emballages.com\/de\/#Organization\/","name":"CSJ Emballages","url":"https:\/\/www.csj-emballages.com\/de\/","logo":{"@type":"ImageObject","inLanguage":"de","@id":"https:\/\/www.csj-emballages.com\/de\/#\/schema\/logo\/image\/","url":"https:\/\/www.csj-emballages.com\/wp-content\/uploads\/2023\/10\/logo_csj.webp","contentUrl":"https:\/\/www.csj-emballages.com\/wp-content\/uploads\/2023\/10\/logo_csj.webp","width":250,"height":95,"caption":"CSJ Emballages"},"image":{"@id":"https:\/\/www.csj-emballages.com\/de\/#\/schema\/logo\/image\/"},"sameAs":["https:\/\/www.facebook.com\/csjemballages"],"address":{"@type":"PostalAddress","streetAddress":"ZI La Lechere","addressLocality":"Patornay","postalCode":"39130","addressCountry":"FR"},"contactPoint":[{"@type":"ContactPoint","contactType":"Service client","telephone":"0384254272","email":"contact@csj-emballages.com"}]}]}},"df_price":13.78,"df_sale_price":"","df_regular_price":13.78,"df_image_link":"https:\/\/www.csj-emballages.com\/wp-content\/uploads\/2024\/03\/DISTRIEPLZ-300x300.webp","tiered_pricing_type":"fixed","tiered_pricing_fixed_rules":[],"tiered_pricing_percentage_rules":[],"tiered_pricing_minimum":1,"tiered_pricing_roles_data":[],"_links":{"self":[{"href":"https:\/\/www.csj-emballages.com\/de\/wp-json\/wp\/v2\/product\/20576","targetHints":{"allow":["GET"]}}],"collection":[{"href":"https:\/\/www.csj-emballages.com\/de\/wp-json\/wp\/v2\/product"}],"about":[{"href":"https:\/\/www.csj-emballages.com\/de\/wp-json\/wp\/v2\/types\/product"}],"wp:featuredmedia":[{"embeddable":true,"href":"https:\/\/www.csj-emballages.com\/de\/wp-json\/wp\/v2\/media\/221615"}],"wp:attachment":[{"href":"https:\/\/www.csj-emballages.com\/de\/wp-json\/wp\/v2\/media?parent=20576"}],"wp:term":[{"taxonomy":"product_brand","embeddable":true,"href":"https:\/\/www.csj-emballages.com\/de\/wp-json\/wp\/v2\/product_brand?post=20576"},{"taxonomy":"product_cat","embeddable":true,"href":"https:\/\/www.csj-emballages.com\/de\/wp-json\/wp\/v2\/product_cat?post=20576"},{"taxonomy":"product_tag","embeddable":true,"href":"https:\/\/www.csj-emballages.com\/de\/wp-json\/wp\/v2\/product_tag?post=20576"}],"curies":[{"name":"wp","href":"https:\/\/api.w.org\/{rel}","templated":true}]}}