{"id":20568,"date":"2024-03-01T16:54:34","date_gmt":"2024-03-01T15:54:34","guid":{"rendered":"https:\/\/u15jnbdpoq.preview.infomaniak.website\/produit\/250-rechteckige-weisse-spitzenhalter-20-x-30-cm\/"},"modified":"2026-04-01T02:14:43","modified_gmt":"2026-04-01T00:14:43","slug":"250-rechteckige-weisse-spitzenhalter-20-x-30-cm","status":"publish","type":"product","link":"https:\/\/www.csj-emballages.com\/de\/produit\/250-rechteckige-weisse-spitzenhalter-20-x-30-cm\/","title":{"rendered":"Wei\u00dfe rechteckige Tortenspitzen-Unterlage 20 x 30 cm, 250 St\u00fcck"},"content":{"rendered":"<h2 class=\"p1\">Tortenspitzen-Unterleger<\/h2>\n<hr>\n<h3 style=\"tab-stops: left 274.4pt;\">Entdecken Sie unsere wei\u00dfe rechteckige Tortenspitzen-Unterlage 20 x 30 cm, 250 St\u00fcck<\/h3>\n<p><!--more--><\/p>\n<p data-start=\"180\" data-end=\"538\">Verleihen Sie all Ihren Pr\u00e4sentationen mit diesen <strong>wei\u00dfen rechteckigen Tortenspitzen-Unterlagen<\/strong> aus <strong>Papier mit zartem floralem Muster<\/strong> eine echte Note von Feinheit und Raffinesse. Unverzichtbar in der Welt der Konditorei und des Caterings, werden sie von Profis wie auch Privatpersonen h\u00e4ufig genutzt, um ihre Kreationen optisch zu veredeln. <\/p>\n<p data-start=\"540\" data-end=\"862\">Diese <strong>dekorativen Tortenspitzen<\/strong> sind ein <strong data-start=\"581\" data-end=\"625\">\u00e4sthetischer und praktischer Unterleger<\/strong>, ideal, um Ihre Produkte aufzuwerten und gleichzeitig eine saubere, klare und professionelle Pr\u00e4sentation zu gew\u00e4hrleisten. Ihr filigranes, durchbrochenes Design setzt Ihre Kreationen in Szene, ohne sie zu \u00fcberladen, und schafft die perfekte Balance zwischen Eleganz und Schlichtheit. <\/p>\n<p data-start=\"924\" data-end=\"1220\">In der Lebensmittelbranche ist die Optik entscheidend. Dank ihres fein ausgearbeiteten Blumenmusters verleihen diese Tortenspitzen Ihren Produkten sofort eine <strong data-start=\"1065\" data-end=\"1092\">Premium-Anmutung<\/strong>. Sie strukturieren Ihre Pr\u00e4sentationen und ziehen die Aufmerksamkeit Ihrer Kundschaft auf den ersten Blick auf sich.  <\/p>\n<p data-start=\"1222\" data-end=\"1348\">Unter Ihren Patisserien oder auf Ihren Platten platziert, sorgen sie im Schaufenster, bei einem Event oder zum Mitnehmen f\u00fcr einen \u201eWow\u201c-Effekt.<\/p>\n<p data-start=\"1222\" data-end=\"1348\"><!--more--><\/p>\n<h4 style=\"tab-stops: left 274.4pt;\">Vorteile :<\/h4>\n<ul>\n<li data-section-id=\"16aalm0\" data-start=\"1512\" data-end=\"1568\">Pr\u00e4sentation von Einzelkuchen oder Entremets<\/li>\n<li data-section-id=\"1x9ar2b\" data-start=\"1569\" data-end=\"1630\"><strong>Aufwertung<\/strong> von Mignardises, Macarons, Petits Fours<\/li>\n<li data-section-id=\"1a6x51x\" data-start=\"1631\" data-end=\"1685\">Unterleger f\u00fcr Cateringplatten (s\u00fc\u00df oder herzhaft)<\/li>\n<li data-section-id=\"1lkr7kh\" data-start=\"1686\" data-end=\"1751\">Dekoration von Buffets, Events, Hochzeiten oder Empf\u00e4ngen<\/li>\n<li data-section-id=\"13ffpc7\" data-start=\"1752\" data-end=\"1810\">Verwendung zu Hause f\u00fcr eine gepflegte Pr\u00e4sentation<\/li>\n<\/ul>\n<p>&nbsp;<\/p>\n<p><!--more--><\/p>\n<h4>Weitere Informationen :<\/h4>\n<ul>\n<li><strong>Verpackung<\/strong>: Packung mit 250<\/li>\n<li><strong>Ma\u00dfe<\/strong>: 300 x 200 (L x B in mm)<\/li>\n<li><strong>Farbe<\/strong>: Wei\u00df<\/li>\n<li><strong>Material<\/strong>: Papier<\/li>\n<\/ul>\n<p>&nbsp;<\/p>\n<p><!--more--><\/p>\n<p>Diese Tortenspitzen-Unterlage ist auch im Format 30 x 40 cm erh\u00e4ltlich: <span style=\"color: #d12727;\"><a style=\"color: #d12727;\" href=\"https:\/\/www.csj-emballages.com\/it\/produit\/250-supporti-pizzo-rettangolari-bianchi-30-x-40-cm\/\">DENT3040<\/a><\/span><\/p>\n<p>&nbsp;<\/p>\n<p><!--more--><\/p>\n<p><a href=\"https:\/\/www.csj-emballages.com\/de\/categorie-produit\/lebensmittelverpackungen\/backerei-und-konditorei\/kuchensohlenhalter\/spitzen\/rechteckige-spitzen\/\">Sehen Sie sich den Rest unseres Sortiments an rechteckigen Tortenspitzen-Unterlagen an<\/a><\/p>\n","protected":false},"excerpt":{"rendered":"<p>Tortenspitzen-Unterleger Entdecken Sie unsere wei\u00dfe rechteckige Tortenspitzen-Unterlage 20 x 30 cm, 250 St\u00fcck<\/p>\n","protected":false},"featured_media":275686,"template":"","meta":{"_acf_changed":false},"product_brand":[],"product_cat":[1171,1925,2548,2566],"product_tag":[],"class_list":{"0":"post-20568","1":"product","2":"type-product","3":"status-publish","4":"has-post-thumbnail","6":"product_cat-backerei-und-konditorei","7":"product_cat-kuchensohlenhalter","8":"product_cat-spitzen","9":"product_cat-rechteckige-spitzen","11":"first","12":"instock","13":"taxable","14":"shipping-taxable","15":"purchasable","16":"product-type-simple"},"acf":[],"yoast_head":"<!-- This site is optimized with the Yoast SEO Premium plugin v26.6 (Yoast SEO v26.6) - https:\/\/yoast.com\/wordpress\/plugins\/seo\/ -->\n<title>Wei\u00dfe rechteckige Tortenspitzen-Unterlage 20 x 30 cm, 250 St\u00fcck<\/title>\n<meta name=\"description\" content=\"Wei\u00dfe rechteckige Tortenspitzen-Unterlagen aus Papier mit floralem Muster. Ideal f\u00fcr Konditorei und Catering. Eleganz und eine gepflegte Pr\u00e4sentation garantiert.\" \/>\n<meta name=\"robots\" content=\"index, follow, max-snippet:-1, max-image-preview:large, max-video-preview:-1\" \/>\n<link rel=\"canonical\" href=\"https:\/\/www.csj-emballages.com\/de\/produit\/250-rechteckige-weisse-spitzenhalter-20-x-30-cm\/\" \/>\n<meta property=\"og:locale\" content=\"de_DE\" \/>\n<meta property=\"og:type\" content=\"article\" \/>\n<meta property=\"og:title\" content=\"Wei\u00dfe rechteckige Tortenspitzen-Unterlage 20 x 30 cm, 250 St\u00fcck\" \/>\n<meta property=\"og:description\" content=\"Wei\u00dfe rechteckige Tortenspitzen-Unterlagen aus Papier mit floralem Muster. Ideal f\u00fcr Konditorei und Catering. Eleganz und eine gepflegte Pr\u00e4sentation garantiert.\" \/>\n<meta property=\"og:url\" content=\"https:\/\/www.csj-emballages.com\/de\/produit\/250-rechteckige-weisse-spitzenhalter-20-x-30-cm\/\" \/>\n<meta property=\"og:site_name\" content=\"CSJ Emballages\" \/>\n<meta property=\"article:publisher\" content=\"https:\/\/www.facebook.com\/csjemballages\" \/>\n<meta property=\"article:modified_time\" content=\"2026-04-01T00:14:43+00:00\" \/>\n<meta property=\"og:image\" content=\"https:\/\/www.csj-emballages.com\/wp-content\/uploads\/2024\/03\/ItemDENT2030-jpeg.webp\" \/>\n\t<meta property=\"og:image:width\" content=\"300\" \/>\n\t<meta property=\"og:image:height\" content=\"300\" \/>\n\t<meta property=\"og:image:type\" content=\"image\/jpeg\" \/>\n<meta name=\"twitter:card\" content=\"summary_large_image\" \/>\n<meta name=\"twitter:label1\" content=\"Gesch\u00e4tzte Lesezeit\" \/>\n\t<meta name=\"twitter:data1\" content=\"1\u00a0Minute\" \/>\n<script type=\"application\/ld+json\" class=\"yoast-schema-graph\">{\"@context\":\"https:\/\/schema.org\",\"@graph\":[{\"@type\":\"WebPage\",\"@id\":\"https:\/\/www.csj-emballages.com\/de\/produit\/250-rechteckige-weisse-spitzenhalter-20-x-30-cm\/\",\"url\":\"https:\/\/www.csj-emballages.com\/de\/produit\/250-rechteckige-weisse-spitzenhalter-20-x-30-cm\/\",\"name\":\"Wei\u00dfe rechteckige Tortenspitzen-Unterlage 20 x 30 cm, 250 St\u00fcck\",\"isPartOf\":{\"@id\":\"https:\/\/www.csj-emballages.com\/de\/#website\"},\"primaryImageOfPage\":{\"@id\":\"https:\/\/www.csj-emballages.com\/de\/produit\/250-rechteckige-weisse-spitzenhalter-20-x-30-cm\/#primaryimage\"},\"image\":{\"@id\":\"https:\/\/www.csj-emballages.com\/de\/produit\/250-rechteckige-weisse-spitzenhalter-20-x-30-cm\/#primaryimage\"},\"thumbnailUrl\":\"https:\/\/www.csj-emballages.com\/wp-content\/uploads\/2024\/03\/DENT.webp\",\"datePublished\":\"2024-03-01T15:54:34+00:00\",\"dateModified\":\"2026-04-01T00:14:43+00:00\",\"description\":\"Wei\u00dfe rechteckige Tortenspitzen-Unterlagen aus Papier mit floralem Muster. Ideal f\u00fcr Konditorei und Catering. Eleganz und eine gepflegte Pr\u00e4sentation garantiert.\",\"breadcrumb\":{\"@id\":\"https:\/\/www.csj-emballages.com\/de\/produit\/250-rechteckige-weisse-spitzenhalter-20-x-30-cm\/#breadcrumb\"},\"inLanguage\":\"de\",\"potentialAction\":[{\"@type\":\"ReadAction\",\"target\":[\"https:\/\/www.csj-emballages.com\/de\/produit\/250-rechteckige-weisse-spitzenhalter-20-x-30-cm\/\"]}]},{\"@type\":\"ImageObject\",\"inLanguage\":\"de\",\"@id\":\"https:\/\/www.csj-emballages.com\/de\/produit\/250-rechteckige-weisse-spitzenhalter-20-x-30-cm\/#primaryimage\",\"url\":\"https:\/\/www.csj-emballages.com\/wp-content\/uploads\/2024\/03\/DENT.webp\",\"contentUrl\":\"https:\/\/www.csj-emballages.com\/wp-content\/uploads\/2024\/03\/DENT.webp\",\"width\":800,\"height\":800,\"caption\":\"Support dentelle\"},{\"@type\":\"BreadcrumbList\",\"@id\":\"https:\/\/www.csj-emballages.com\/de\/produit\/250-rechteckige-weisse-spitzenhalter-20-x-30-cm\/#breadcrumb\",\"itemListElement\":[{\"@type\":\"ListItem\",\"position\":1,\"name\":\"Accueil\",\"item\":\"https:\/\/www.csj-emballages.com\/de\/universum-lebensmittelverpackungen\/\"},{\"@type\":\"ListItem\",\"position\":2,\"name\":\"Shop\",\"item\":\"https:\/\/www.csj-emballages.com\/shop\/\"},{\"@type\":\"ListItem\",\"position\":3,\"name\":\"Wei\u00dfe rechteckige Tortenspitzen-Unterlage 20 x 30 cm, 250 St\u00fcck\"}]},{\"@type\":\"WebSite\",\"@id\":\"https:\/\/www.csj-emballages.com\/de\/#website\",\"url\":\"https:\/\/www.csj-emballages.com\/de\/\",\"name\":\"CSJ Emballages\",\"description\":\"\",\"publisher\":{\"@id\":\"https:\/\/www.csj-emballages.com\/de\/#organization\"},\"potentialAction\":[{\"@type\":\"SearchAction\",\"target\":{\"@type\":\"EntryPoint\",\"urlTemplate\":\"https:\/\/www.csj-emballages.com\/de\/?s={search_term_string}\"},\"query-input\":{\"@type\":\"PropertyValueSpecification\",\"valueRequired\":true,\"valueName\":\"search_term_string\"}}],\"inLanguage\":\"de\"},{\"@type\":\"Organization\",\"@id\":\"https:\/\/www.csj-emballages.com\/de\/#Organization\/\",\"name\":\"CSJ Emballages\",\"url\":\"https:\/\/www.csj-emballages.com\/de\/\",\"logo\":{\"@type\":\"ImageObject\",\"inLanguage\":\"de\",\"@id\":\"https:\/\/www.csj-emballages.com\/de\/#\/schema\/logo\/image\/\",\"url\":\"https:\/\/www.csj-emballages.com\/wp-content\/uploads\/2023\/10\/logo_csj.webp\",\"contentUrl\":\"https:\/\/www.csj-emballages.com\/wp-content\/uploads\/2023\/10\/logo_csj.webp\",\"width\":250,\"height\":95,\"caption\":\"CSJ Emballages\"},\"image\":{\"@id\":\"https:\/\/www.csj-emballages.com\/de\/#\/schema\/logo\/image\/\"},\"sameAs\":[\"https:\/\/www.facebook.com\/csjemballages\"],\"address\":{\"@type\":\"PostalAddress\",\"streetAddress\":\"ZI La Lechere\",\"addressLocality\":\"Patornay\",\"postalCode\":\"39130\",\"addressCountry\":\"FR\"},\"contactPoint\":[{\"@type\":\"ContactPoint\",\"contactType\":\"Service client\",\"telephone\":\"0384254272\",\"email\":\"contact@csj-emballages.com\"}]}]}<\/script>\n<!-- \/ Yoast SEO Premium plugin. -->","yoast_head_json":{"title":"Wei\u00dfe rechteckige Tortenspitzen-Unterlage 20 x 30 cm, 250 St\u00fcck","description":"Wei\u00dfe rechteckige Tortenspitzen-Unterlagen aus Papier mit floralem Muster. Ideal f\u00fcr Konditorei und Catering. Eleganz und eine gepflegte Pr\u00e4sentation garantiert.","robots":{"index":"index","follow":"follow","max-snippet":"max-snippet:-1","max-image-preview":"max-image-preview:large","max-video-preview":"max-video-preview:-1"},"canonical":"https:\/\/www.csj-emballages.com\/de\/produit\/250-rechteckige-weisse-spitzenhalter-20-x-30-cm\/","og_locale":"de_DE","og_type":"article","og_title":"Wei\u00dfe rechteckige Tortenspitzen-Unterlage 20 x 30 cm, 250 St\u00fcck","og_description":"Wei\u00dfe rechteckige Tortenspitzen-Unterlagen aus Papier mit floralem Muster. Ideal f\u00fcr Konditorei und Catering. Eleganz und eine gepflegte Pr\u00e4sentation garantiert.","og_url":"https:\/\/www.csj-emballages.com\/de\/produit\/250-rechteckige-weisse-spitzenhalter-20-x-30-cm\/","og_site_name":"CSJ Emballages","article_publisher":"https:\/\/www.facebook.com\/csjemballages","article_modified_time":"2026-04-01T00:14:43+00:00","og_image":[{"width":300,"height":300,"url":"https:\/\/www.csj-emballages.com\/wp-content\/uploads\/2024\/03\/ItemDENT2030-jpeg.webp","type":"image\/jpeg"}],"twitter_card":"summary_large_image","twitter_misc":{"Gesch\u00e4tzte Lesezeit":"1\u00a0Minute"},"schema":{"@context":"https:\/\/schema.org","@graph":[{"@type":"WebPage","@id":"https:\/\/www.csj-emballages.com\/de\/produit\/250-rechteckige-weisse-spitzenhalter-20-x-30-cm\/","url":"https:\/\/www.csj-emballages.com\/de\/produit\/250-rechteckige-weisse-spitzenhalter-20-x-30-cm\/","name":"Wei\u00dfe rechteckige Tortenspitzen-Unterlage 20 x 30 cm, 250 St\u00fcck","isPartOf":{"@id":"https:\/\/www.csj-emballages.com\/de\/#website"},"primaryImageOfPage":{"@id":"https:\/\/www.csj-emballages.com\/de\/produit\/250-rechteckige-weisse-spitzenhalter-20-x-30-cm\/#primaryimage"},"image":{"@id":"https:\/\/www.csj-emballages.com\/de\/produit\/250-rechteckige-weisse-spitzenhalter-20-x-30-cm\/#primaryimage"},"thumbnailUrl":"https:\/\/www.csj-emballages.com\/wp-content\/uploads\/2024\/03\/DENT.webp","datePublished":"2024-03-01T15:54:34+00:00","dateModified":"2026-04-01T00:14:43+00:00","description":"Wei\u00dfe rechteckige Tortenspitzen-Unterlagen aus Papier mit floralem Muster. Ideal f\u00fcr Konditorei und Catering. Eleganz und eine gepflegte Pr\u00e4sentation garantiert.","breadcrumb":{"@id":"https:\/\/www.csj-emballages.com\/de\/produit\/250-rechteckige-weisse-spitzenhalter-20-x-30-cm\/#breadcrumb"},"inLanguage":"de","potentialAction":[{"@type":"ReadAction","target":["https:\/\/www.csj-emballages.com\/de\/produit\/250-rechteckige-weisse-spitzenhalter-20-x-30-cm\/"]}]},{"@type":"ImageObject","inLanguage":"de","@id":"https:\/\/www.csj-emballages.com\/de\/produit\/250-rechteckige-weisse-spitzenhalter-20-x-30-cm\/#primaryimage","url":"https:\/\/www.csj-emballages.com\/wp-content\/uploads\/2024\/03\/DENT.webp","contentUrl":"https:\/\/www.csj-emballages.com\/wp-content\/uploads\/2024\/03\/DENT.webp","width":800,"height":800,"caption":"Support dentelle"},{"@type":"BreadcrumbList","@id":"https:\/\/www.csj-emballages.com\/de\/produit\/250-rechteckige-weisse-spitzenhalter-20-x-30-cm\/#breadcrumb","itemListElement":[{"@type":"ListItem","position":1,"name":"Accueil","item":"https:\/\/www.csj-emballages.com\/de\/universum-lebensmittelverpackungen\/"},{"@type":"ListItem","position":2,"name":"Shop","item":"https:\/\/www.csj-emballages.com\/shop\/"},{"@type":"ListItem","position":3,"name":"Wei\u00dfe rechteckige Tortenspitzen-Unterlage 20 x 30 cm, 250 St\u00fcck"}]},{"@type":"WebSite","@id":"https:\/\/www.csj-emballages.com\/de\/#website","url":"https:\/\/www.csj-emballages.com\/de\/","name":"CSJ Emballages","description":"","publisher":{"@id":"https:\/\/www.csj-emballages.com\/de\/#organization"},"potentialAction":[{"@type":"SearchAction","target":{"@type":"EntryPoint","urlTemplate":"https:\/\/www.csj-emballages.com\/de\/?s={search_term_string}"},"query-input":{"@type":"PropertyValueSpecification","valueRequired":true,"valueName":"search_term_string"}}],"inLanguage":"de"},{"@type":"Organization","@id":"https:\/\/www.csj-emballages.com\/de\/#Organization\/","name":"CSJ Emballages","url":"https:\/\/www.csj-emballages.com\/de\/","logo":{"@type":"ImageObject","inLanguage":"de","@id":"https:\/\/www.csj-emballages.com\/de\/#\/schema\/logo\/image\/","url":"https:\/\/www.csj-emballages.com\/wp-content\/uploads\/2023\/10\/logo_csj.webp","contentUrl":"https:\/\/www.csj-emballages.com\/wp-content\/uploads\/2023\/10\/logo_csj.webp","width":250,"height":95,"caption":"CSJ Emballages"},"image":{"@id":"https:\/\/www.csj-emballages.com\/de\/#\/schema\/logo\/image\/"},"sameAs":["https:\/\/www.facebook.com\/csjemballages"],"address":{"@type":"PostalAddress","streetAddress":"ZI La Lechere","addressLocality":"Patornay","postalCode":"39130","addressCountry":"FR"},"contactPoint":[{"@type":"ContactPoint","contactType":"Service client","telephone":"0384254272","email":"contact@csj-emballages.com"}]}]}},"df_price":9.16,"df_sale_price":"","df_regular_price":9.16,"df_image_link":"https:\/\/www.csj-emballages.com\/wp-content\/uploads\/2024\/03\/DENT-300x300.webp","tiered_pricing_type":"fixed","tiered_pricing_fixed_rules":[],"tiered_pricing_percentage_rules":[],"tiered_pricing_minimum":1,"tiered_pricing_roles_data":[],"_links":{"self":[{"href":"https:\/\/www.csj-emballages.com\/de\/wp-json\/wp\/v2\/product\/20568","targetHints":{"allow":["GET"]}}],"collection":[{"href":"https:\/\/www.csj-emballages.com\/de\/wp-json\/wp\/v2\/product"}],"about":[{"href":"https:\/\/www.csj-emballages.com\/de\/wp-json\/wp\/v2\/types\/product"}],"wp:featuredmedia":[{"embeddable":true,"href":"https:\/\/www.csj-emballages.com\/de\/wp-json\/wp\/v2\/media\/275686"}],"wp:attachment":[{"href":"https:\/\/www.csj-emballages.com\/de\/wp-json\/wp\/v2\/media?parent=20568"}],"wp:term":[{"taxonomy":"product_brand","embeddable":true,"href":"https:\/\/www.csj-emballages.com\/de\/wp-json\/wp\/v2\/product_brand?post=20568"},{"taxonomy":"product_cat","embeddable":true,"href":"https:\/\/www.csj-emballages.com\/de\/wp-json\/wp\/v2\/product_cat?post=20568"},{"taxonomy":"product_tag","embeddable":true,"href":"https:\/\/www.csj-emballages.com\/de\/wp-json\/wp\/v2\/product_tag?post=20568"}],"curies":[{"name":"wp","href":"https:\/\/api.w.org\/{rel}","templated":true}]}}