{"id":20561,"date":"2024-03-01T16:54:33","date_gmt":"2024-03-01T15:54:33","guid":{"rendered":"https:\/\/u15jnbdpoq.preview.infomaniak.website\/produit\/1-eco-dispenser-fuer-50-mm-klebeband\/"},"modified":"2026-04-21T02:13:20","modified_gmt":"2026-04-21T00:13:20","slug":"1-eco-dispenser-fuer-50-mm-klebeband","status":"publish","type":"product","link":"https:\/\/www.csj-emballages.com\/de\/produit\/1-eco-dispenser-fuer-50-mm-klebeband\/","title":{"rendered":"Eco-Klebebandabroller 50 mm"},"content":{"rendered":"<h2>Klebebandabroller<\/h2>\n<hr>\n<h3>Entdecken Sie unseren Eco-Klebebandabroller 50 mm<\/h3>\n<p><!--more--><\/p>\n<p data-start=\"168\" data-end=\"502\">Dieser <strong data-start=\"171\" data-end=\"210\">Eco-Klebebandabroller 50 mm<\/strong> ist das perfekte Werkzeug, um Ihre Pakete schnell, m\u00fchelos und ohne unn\u00f6tigen Aufwand zu verschlie\u00dfen. Einfach, effizient und gut durchdacht, erleichtert er die t\u00e4gliche Arbeit, sei es im Lager, im Gesch\u00e4ft oder bei der Auftragsvorbereitung. Nehmen Sie ihn in die Hand, rollen Sie ab, schneiden Sie\u2026 und fertig.  <\/p>\n<p data-start=\"504\" data-end=\"787\">Entwickelt f\u00fcr <strong data-start=\"530\" data-end=\"558\">50 mm Klebeb\u00e4nder<\/strong>, gew\u00e4hrleistet er ein fl\u00fcssiges und gleichm\u00e4\u00dfiges Abrollen, ohne Ruckeln. Seine integrierte Klinge erm\u00f6glicht einen sauberen Schnitt, was Zeitverluste und unsauber geschnittene St\u00fccke vermeidet. Das Ergebnis: Ihre Kartons sind sauber und mit einem einzigen Handgriff verschlossen.  <\/p>\n<p data-start=\"789\" data-end=\"1098\">Sein <strong data-start=\"800\" data-end=\"807\">Eco<\/strong>-Design konzentriert sich auf das Wesentliche. Er ist leicht, handlich und einfach zu bedienen, selbst bei wiederholtem Gebrauch. Dieser <strong>Abroller<\/strong> eignet sich sowohl f\u00fcr kleine Unternehmen als auch f\u00fcr dynamischere Umgebungen, in denen sich die Sendungen h\u00e4ufen. Er passt sich nat\u00fcrlich Ihrem Arbeitsrhythmus an, ohne Sie zu verlangsamen.   <\/p>\n<p data-start=\"1100\" data-end=\"1335\">Ob f\u00fcr gelegentliches Verpacken oder den t\u00e4glichen Gebrauch, dieser Abroller bietet echten Komfort. Er reduziert die Erm\u00fcdung der Hand und steigert die Effizienz, besonders wenn mehrere Pakete hintereinander vorbereitet werden m\u00fcssen. <\/p>\n<p data-start=\"1337\" data-end=\"1538\">Zusammenfassend ist dieser <strong>Eco-Klebebandabroller<\/strong> ein einfaches, zuverl\u00e4ssiges und praktisches Werkzeug. Er tut genau das, was man von ihm erwartet: Ihnen zu helfen, schneller und sauberer zu arbeiten, ohne Komplikationen. <\/p>\n<p data-start=\"1337\" data-end=\"1538\">\n<p data-start=\"1423\" data-end=\"1581\"><!--more--><\/p>\n<h4 data-start=\"1423\" data-end=\"1581\">Vorteile :<\/h4>\n<ul>\n<li data-start=\"112\" data-end=\"163\">Komfortable Handhabung f\u00fcr l\u00e4ngeren Gebrauch.<\/li>\n<li data-start=\"166\" data-end=\"224\"><strong>Reduzierung des Bandverlusts<\/strong> dank pr\u00e4zisem Schnitt.<\/li>\n<li data-start=\"227\" data-end=\"269\">Schnelles Einsetzen der <strong>Klebebandrolle<\/strong>.<\/li>\n<li data-start=\"324\" data-end=\"368\">Einfache Wartung und intuitive Bedienung.<\/li>\n<li data-start=\"371\" data-end=\"403\">Gutes Preis-Leistungs-Verh\u00e4ltnis.<\/li>\n<li data-start=\"406\" data-end=\"465\">Ideal zur Optimierung des Paketvorbereitungstempos.<\/li>\n<\/ul>\n<p>&nbsp;<\/p>\n<p><!--more--><\/p>\n<h4>Weitere Informationen :<\/h4>\n<ul>\n<li><strong>Verpackung<\/strong>: Einzeln<\/li>\n<li><strong>Schnittbreite<\/strong>: 50 mm<\/li>\n<\/ul>\n<p>&nbsp;<\/p>\n<p><!--more--><\/p>\n<p>Finden Sie hier unser braunes BOPP-Klebeband 48 mm: <span style=\"color: #d12727;\"><a style=\"color: #d12727;\" href=\"https:\/\/www.csj-emballages.com\/de\/produit\/braunes-klebeband-bopp-48mm-x-126m\/\">SCOTCHPVC<\/a><\/span><\/p>\n<p>&nbsp;<\/p>\n<p><!--more--><\/p>\n<p><a href=\"https:\/\/www.csj-emballages.com\/de\/categorie-produit\/industrielle-verpackungen\/abroller-und-klebebander\/\">Entdecken Sie unser weiteres Sortiment an Abrollern und Klebeb\u00e4ndern<\/a><\/p>\n<p>&nbsp;<\/p>\n","protected":false},"excerpt":{"rendered":"<p>Klebebandabroller Entdecken Sie unseren Eco-Klebebandabroller 50 mm<\/p>\n","protected":false},"featured_media":263379,"template":"","meta":{"_acf_changed":false},"product_brand":[],"product_cat":[1137,1206,1913],"product_tag":[],"class_list":{"0":"post-20561","1":"product","2":"type-product","3":"status-publish","4":"has-post-thumbnail","6":"product_cat-lebensmittelverpackungen","7":"product_cat-industrielle-verpackungen","8":"product_cat-abroller-und-klebebander","10":"first","11":"instock","12":"taxable","13":"shipping-taxable","14":"purchasable","15":"product-type-simple"},"acf":[],"yoast_head":"<!-- This site is optimized with the Yoast SEO Premium plugin v26.6 (Yoast SEO v26.6) - https:\/\/yoast.com\/wordpress\/plugins\/seo\/ -->\n<title>Eco-Klebebandabroller 50 mm<\/title>\n<meta name=\"description\" content=\"Eco-Klebebandabroller 50 mm, praktisch und leicht, ideal zum schnellen Verschlie\u00dfen von Kartons im professionellen Umfeld oder zu Hause.\" \/>\n<meta name=\"robots\" content=\"index, follow, max-snippet:-1, max-image-preview:large, max-video-preview:-1\" \/>\n<link rel=\"canonical\" href=\"https:\/\/www.csj-emballages.com\/de\/produit\/1-eco-dispenser-fuer-50-mm-klebeband\/\" \/>\n<meta property=\"og:locale\" content=\"de_DE\" \/>\n<meta property=\"og:type\" content=\"article\" \/>\n<meta property=\"og:title\" content=\"Eco-Klebebandabroller 50 mm\" \/>\n<meta property=\"og:description\" content=\"Eco-Klebebandabroller 50 mm, praktisch und leicht, ideal zum schnellen Verschlie\u00dfen von Kartons im professionellen Umfeld oder zu Hause.\" \/>\n<meta property=\"og:url\" content=\"https:\/\/www.csj-emballages.com\/de\/produit\/1-eco-dispenser-fuer-50-mm-klebeband\/\" \/>\n<meta property=\"og:site_name\" content=\"CSJ Emballages\" \/>\n<meta property=\"article:publisher\" content=\"https:\/\/www.facebook.com\/csjemballages\" \/>\n<meta property=\"article:modified_time\" content=\"2026-04-21T00:13:20+00:00\" \/>\n<meta property=\"og:image\" content=\"https:\/\/www.csj-emballages.com\/wp-content\/uploads\/2024\/03\/DEVIRUB.webp\" \/>\n\t<meta property=\"og:image:width\" content=\"800\" \/>\n\t<meta property=\"og:image:height\" content=\"800\" \/>\n\t<meta property=\"og:image:type\" content=\"image\/webp\" \/>\n<meta name=\"twitter:card\" content=\"summary_large_image\" \/>\n<script type=\"application\/ld+json\" class=\"yoast-schema-graph\">{\"@context\":\"https:\/\/schema.org\",\"@graph\":[{\"@type\":\"WebPage\",\"@id\":\"https:\/\/www.csj-emballages.com\/de\/produit\/1-eco-dispenser-fuer-50-mm-klebeband\/\",\"url\":\"https:\/\/www.csj-emballages.com\/de\/produit\/1-eco-dispenser-fuer-50-mm-klebeband\/\",\"name\":\"Eco-Klebebandabroller 50 mm\",\"isPartOf\":{\"@id\":\"https:\/\/www.csj-emballages.com\/de\/#website\"},\"primaryImageOfPage\":{\"@id\":\"https:\/\/www.csj-emballages.com\/de\/produit\/1-eco-dispenser-fuer-50-mm-klebeband\/#primaryimage\"},\"image\":{\"@id\":\"https:\/\/www.csj-emballages.com\/de\/produit\/1-eco-dispenser-fuer-50-mm-klebeband\/#primaryimage\"},\"thumbnailUrl\":\"https:\/\/www.csj-emballages.com\/wp-content\/uploads\/2024\/03\/DEVIRUB.webp\",\"datePublished\":\"2024-03-01T15:54:33+00:00\",\"dateModified\":\"2026-04-21T00:13:20+00:00\",\"description\":\"Eco-Klebebandabroller 50 mm, praktisch und leicht, ideal zum schnellen Verschlie\u00dfen von Kartons im professionellen Umfeld oder zu Hause.\",\"breadcrumb\":{\"@id\":\"https:\/\/www.csj-emballages.com\/de\/produit\/1-eco-dispenser-fuer-50-mm-klebeband\/#breadcrumb\"},\"inLanguage\":\"de\",\"potentialAction\":[{\"@type\":\"ReadAction\",\"target\":[\"https:\/\/www.csj-emballages.com\/de\/produit\/1-eco-dispenser-fuer-50-mm-klebeband\/\"]}]},{\"@type\":\"ImageObject\",\"inLanguage\":\"de\",\"@id\":\"https:\/\/www.csj-emballages.com\/de\/produit\/1-eco-dispenser-fuer-50-mm-klebeband\/#primaryimage\",\"url\":\"https:\/\/www.csj-emballages.com\/wp-content\/uploads\/2024\/03\/DEVIRUB.webp\",\"contentUrl\":\"https:\/\/www.csj-emballages.com\/wp-content\/uploads\/2024\/03\/DEVIRUB.webp\",\"width\":800,\"height\":800,\"caption\":\"D\u00e9vidoir ruban adh\u00e9sif\"},{\"@type\":\"BreadcrumbList\",\"@id\":\"https:\/\/www.csj-emballages.com\/de\/produit\/1-eco-dispenser-fuer-50-mm-klebeband\/#breadcrumb\",\"itemListElement\":[{\"@type\":\"ListItem\",\"position\":1,\"name\":\"Accueil\",\"item\":\"https:\/\/www.csj-emballages.com\/de\/universum-lebensmittelverpackungen\/\"},{\"@type\":\"ListItem\",\"position\":2,\"name\":\"Shop\",\"item\":\"https:\/\/www.csj-emballages.com\/shop\/\"},{\"@type\":\"ListItem\",\"position\":3,\"name\":\"Eco-Klebebandabroller 50 mm\"}]},{\"@type\":\"WebSite\",\"@id\":\"https:\/\/www.csj-emballages.com\/de\/#website\",\"url\":\"https:\/\/www.csj-emballages.com\/de\/\",\"name\":\"CSJ Emballages\",\"description\":\"\",\"publisher\":{\"@id\":\"https:\/\/www.csj-emballages.com\/de\/#organization\"},\"potentialAction\":[{\"@type\":\"SearchAction\",\"target\":{\"@type\":\"EntryPoint\",\"urlTemplate\":\"https:\/\/www.csj-emballages.com\/de\/?s={search_term_string}\"},\"query-input\":{\"@type\":\"PropertyValueSpecification\",\"valueRequired\":true,\"valueName\":\"search_term_string\"}}],\"inLanguage\":\"de\"},{\"@type\":\"Organization\",\"@id\":\"https:\/\/www.csj-emballages.com\/de\/#Organization\/\",\"name\":\"CSJ Emballages\",\"url\":\"https:\/\/www.csj-emballages.com\/de\/\",\"logo\":{\"@type\":\"ImageObject\",\"inLanguage\":\"de\",\"@id\":\"https:\/\/www.csj-emballages.com\/de\/#\/schema\/logo\/image\/\",\"url\":\"https:\/\/www.csj-emballages.com\/wp-content\/uploads\/2023\/10\/logo_csj.webp\",\"contentUrl\":\"https:\/\/www.csj-emballages.com\/wp-content\/uploads\/2023\/10\/logo_csj.webp\",\"width\":250,\"height\":95,\"caption\":\"CSJ Emballages\"},\"image\":{\"@id\":\"https:\/\/www.csj-emballages.com\/de\/#\/schema\/logo\/image\/\"},\"sameAs\":[\"https:\/\/www.facebook.com\/csjemballages\"],\"address\":{\"@type\":\"PostalAddress\",\"streetAddress\":\"ZI La Lechere\",\"addressLocality\":\"Patornay\",\"postalCode\":\"39130\",\"addressCountry\":\"FR\"},\"contactPoint\":[{\"@type\":\"ContactPoint\",\"contactType\":\"Service client\",\"telephone\":\"0384254272\",\"email\":\"contact@csj-emballages.com\"}]}]}<\/script>\n<!-- \/ Yoast SEO Premium plugin. -->","yoast_head_json":{"title":"Eco-Klebebandabroller 50 mm","description":"Eco-Klebebandabroller 50 mm, praktisch und leicht, ideal zum schnellen Verschlie\u00dfen von Kartons im professionellen Umfeld oder zu Hause.","robots":{"index":"index","follow":"follow","max-snippet":"max-snippet:-1","max-image-preview":"max-image-preview:large","max-video-preview":"max-video-preview:-1"},"canonical":"https:\/\/www.csj-emballages.com\/de\/produit\/1-eco-dispenser-fuer-50-mm-klebeband\/","og_locale":"de_DE","og_type":"article","og_title":"Eco-Klebebandabroller 50 mm","og_description":"Eco-Klebebandabroller 50 mm, praktisch und leicht, ideal zum schnellen Verschlie\u00dfen von Kartons im professionellen Umfeld oder zu Hause.","og_url":"https:\/\/www.csj-emballages.com\/de\/produit\/1-eco-dispenser-fuer-50-mm-klebeband\/","og_site_name":"CSJ Emballages","article_publisher":"https:\/\/www.facebook.com\/csjemballages","article_modified_time":"2026-04-21T00:13:20+00:00","og_image":[{"width":800,"height":800,"url":"https:\/\/www.csj-emballages.com\/wp-content\/uploads\/2024\/03\/DEVIRUB.webp","type":"image\/webp"}],"twitter_card":"summary_large_image","schema":{"@context":"https:\/\/schema.org","@graph":[{"@type":"WebPage","@id":"https:\/\/www.csj-emballages.com\/de\/produit\/1-eco-dispenser-fuer-50-mm-klebeband\/","url":"https:\/\/www.csj-emballages.com\/de\/produit\/1-eco-dispenser-fuer-50-mm-klebeband\/","name":"Eco-Klebebandabroller 50 mm","isPartOf":{"@id":"https:\/\/www.csj-emballages.com\/de\/#website"},"primaryImageOfPage":{"@id":"https:\/\/www.csj-emballages.com\/de\/produit\/1-eco-dispenser-fuer-50-mm-klebeband\/#primaryimage"},"image":{"@id":"https:\/\/www.csj-emballages.com\/de\/produit\/1-eco-dispenser-fuer-50-mm-klebeband\/#primaryimage"},"thumbnailUrl":"https:\/\/www.csj-emballages.com\/wp-content\/uploads\/2024\/03\/DEVIRUB.webp","datePublished":"2024-03-01T15:54:33+00:00","dateModified":"2026-04-21T00:13:20+00:00","description":"Eco-Klebebandabroller 50 mm, praktisch und leicht, ideal zum schnellen Verschlie\u00dfen von Kartons im professionellen Umfeld oder zu Hause.","breadcrumb":{"@id":"https:\/\/www.csj-emballages.com\/de\/produit\/1-eco-dispenser-fuer-50-mm-klebeband\/#breadcrumb"},"inLanguage":"de","potentialAction":[{"@type":"ReadAction","target":["https:\/\/www.csj-emballages.com\/de\/produit\/1-eco-dispenser-fuer-50-mm-klebeband\/"]}]},{"@type":"ImageObject","inLanguage":"de","@id":"https:\/\/www.csj-emballages.com\/de\/produit\/1-eco-dispenser-fuer-50-mm-klebeband\/#primaryimage","url":"https:\/\/www.csj-emballages.com\/wp-content\/uploads\/2024\/03\/DEVIRUB.webp","contentUrl":"https:\/\/www.csj-emballages.com\/wp-content\/uploads\/2024\/03\/DEVIRUB.webp","width":800,"height":800,"caption":"D\u00e9vidoir ruban adh\u00e9sif"},{"@type":"BreadcrumbList","@id":"https:\/\/www.csj-emballages.com\/de\/produit\/1-eco-dispenser-fuer-50-mm-klebeband\/#breadcrumb","itemListElement":[{"@type":"ListItem","position":1,"name":"Accueil","item":"https:\/\/www.csj-emballages.com\/de\/universum-lebensmittelverpackungen\/"},{"@type":"ListItem","position":2,"name":"Shop","item":"https:\/\/www.csj-emballages.com\/shop\/"},{"@type":"ListItem","position":3,"name":"Eco-Klebebandabroller 50 mm"}]},{"@type":"WebSite","@id":"https:\/\/www.csj-emballages.com\/de\/#website","url":"https:\/\/www.csj-emballages.com\/de\/","name":"CSJ Emballages","description":"","publisher":{"@id":"https:\/\/www.csj-emballages.com\/de\/#organization"},"potentialAction":[{"@type":"SearchAction","target":{"@type":"EntryPoint","urlTemplate":"https:\/\/www.csj-emballages.com\/de\/?s={search_term_string}"},"query-input":{"@type":"PropertyValueSpecification","valueRequired":true,"valueName":"search_term_string"}}],"inLanguage":"de"},{"@type":"Organization","@id":"https:\/\/www.csj-emballages.com\/de\/#Organization\/","name":"CSJ Emballages","url":"https:\/\/www.csj-emballages.com\/de\/","logo":{"@type":"ImageObject","inLanguage":"de","@id":"https:\/\/www.csj-emballages.com\/de\/#\/schema\/logo\/image\/","url":"https:\/\/www.csj-emballages.com\/wp-content\/uploads\/2023\/10\/logo_csj.webp","contentUrl":"https:\/\/www.csj-emballages.com\/wp-content\/uploads\/2023\/10\/logo_csj.webp","width":250,"height":95,"caption":"CSJ Emballages"},"image":{"@id":"https:\/\/www.csj-emballages.com\/de\/#\/schema\/logo\/image\/"},"sameAs":["https:\/\/www.facebook.com\/csjemballages"],"address":{"@type":"PostalAddress","streetAddress":"ZI La Lechere","addressLocality":"Patornay","postalCode":"39130","addressCountry":"FR"},"contactPoint":[{"@type":"ContactPoint","contactType":"Service client","telephone":"0384254272","email":"contact@csj-emballages.com"}]}]}},"df_price":11.26,"df_sale_price":"","df_regular_price":11.26,"df_image_link":"https:\/\/www.csj-emballages.com\/wp-content\/uploads\/2024\/03\/DEVIRUB-300x300.webp","tiered_pricing_type":"fixed","tiered_pricing_fixed_rules":[],"tiered_pricing_percentage_rules":[],"tiered_pricing_minimum":1,"tiered_pricing_roles_data":[],"_links":{"self":[{"href":"https:\/\/www.csj-emballages.com\/de\/wp-json\/wp\/v2\/product\/20561","targetHints":{"allow":["GET"]}}],"collection":[{"href":"https:\/\/www.csj-emballages.com\/de\/wp-json\/wp\/v2\/product"}],"about":[{"href":"https:\/\/www.csj-emballages.com\/de\/wp-json\/wp\/v2\/types\/product"}],"wp:featuredmedia":[{"embeddable":true,"href":"https:\/\/www.csj-emballages.com\/de\/wp-json\/wp\/v2\/media\/263379"}],"wp:attachment":[{"href":"https:\/\/www.csj-emballages.com\/de\/wp-json\/wp\/v2\/media?parent=20561"}],"wp:term":[{"taxonomy":"product_brand","embeddable":true,"href":"https:\/\/www.csj-emballages.com\/de\/wp-json\/wp\/v2\/product_brand?post=20561"},{"taxonomy":"product_cat","embeddable":true,"href":"https:\/\/www.csj-emballages.com\/de\/wp-json\/wp\/v2\/product_cat?post=20561"},{"taxonomy":"product_tag","embeddable":true,"href":"https:\/\/www.csj-emballages.com\/de\/wp-json\/wp\/v2\/product_tag?post=20561"}],"curies":[{"name":"wp","href":"https:\/\/api.w.org\/{rel}","templated":true}]}}