{"id":20549,"date":"2024-03-01T16:54:31","date_gmt":"2024-03-01T15:54:31","guid":{"rendered":"https:\/\/u15jnbdpoq.preview.infomaniak.website\/produit\/mini-jumbo-toilettenpapierhalter-fuer-ref-t180d60\/"},"modified":"2026-03-12T16:23:11","modified_gmt":"2026-03-12T15:23:11","slug":"mini-jumbo-toilettenpapierhalter-fuer-ref-t180d60","status":"publish","type":"product","link":"https:\/\/www.csj-emballages.com\/de\/produit\/mini-jumbo-toilettenpapierhalter-fuer-ref-t180d60\/","title":{"rendered":"Mini Jumbo Toilettenpapierhalter f\u00fcr Ref &#8222;T180D60&#8220;."},"content":{"rendered":"<h2>Toilettenpapierspender<\/h2>\n<hr>\n<h3>Beschreibung von unserem Mini Jumbo Toilettenpapierhalter f\u00fcr Ref &#8222;T180D60&#8220;.<!--more--><\/h3>\n<p data-start=\"266\" data-end=\"595\">In stark frequentierten <strong>Sanit\u00e4rbereichen<\/strong> ben\u00f6tigt man zuverl\u00e4ssige, einfache und effiziente Ausstattung. Der <strong data-start=\"363\" data-end=\"419\">Mini-Jumbo-Toilettenpapierspender f\u00fcr Ref. <span style=\"color: #d12727;\"><a style=\"color: #d12727;\" href=\"https:\/\/www.csj-emballages.com\/es\/produit\/12-rollos-jumbo-mini-papel-higienico-de-algodon-blanco-2-capas-180-m\/\">T180D60<\/a><\/span><\/strong> erf\u00fcllt genau diese Anforderungen. Sein kompaktes Format erm\u00f6glicht die Installation einer Mini-Jumbo-Rolle und reduziert gleichzeitig wiederholtes Nachf\u00fcllen, was im Alltag Zeit spart.  <\/p>\n<p data-start=\"597\" data-end=\"991\">Dank seines schlichten und modernen Designs f\u00fcgt er sich problemlos in jede Umgebung ein: <strong>Restaurants, B\u00fcros, Gesch\u00e4fte, \u00f6ffentliche Einrichtungen oder Geb\u00e4ude mit Publikumsverkehr<\/strong>. Seine wei\u00dfe Front verleiht eine saubere und diskrete Optik, w\u00e4hrend das get\u00f6nte Sichtfenster eine schnelle Kontrolle des Papierstands erm\u00f6glicht. So k\u00f6nnen Sie Nachf\u00fcllungen ohne unangenehme \u00dcberraschungen planen.  <\/p>\n<p data-start=\"993\" data-end=\"1358\">Dieser <strong>Spender<\/strong> wurde f\u00fcr den intensiven Gebrauch konzipiert. Seine robuste Struktur sch\u00fctzt die Rolle effektiv und begrenzt unn\u00f6tige Handhabung. Das Papier l\u00e4sst sich fl\u00fcssig abrollen, was den Benutzerkomfort erh\u00f6ht und gleichzeitig Verschwendung vermeidet. Zudem erleichtert sein Schneidesystem die Entnahme eines Blattes, selbst bei hohem Besucheraufkommen.   <\/p>\n<p data-start=\"1360\" data-end=\"1639\">Dar\u00fcber hinaus ist die <strong>Installation einfach und schnell<\/strong>. Einmal an der Wand befestigt, bleibt der Spender stabil und sicher, wodurch er sich ideal f\u00fcr \u00f6ffentliche Bereiche eignet. Auch die Wartung ist sehr einfach: Eine schnelle Reinigung gen\u00fcgt, um eine einwandfreie Hygiene zu gew\u00e4hrleisten.  <\/p>\n<p data-start=\"1641\" data-end=\"1911\">Zusammenfassend ist der <strong>Mini-Jumbo-Toilettenpapierspender<\/strong> eine praktische und langlebige L\u00f6sung zur effizienten Verwaltung der Toilettenpapierausgabe. Er kombiniert Funktionalit\u00e4t, Diskretion und Benutzerfreundlichkeit und hilft Ihnen dabei, die Verwaltung Ihrer Verbrauchsmaterialien zu optimieren. <\/p>\n<p data-start=\"1641\" data-end=\"1911\"><!--more--><\/p>\n<p><strong>Handtuchspender, zur Verwendung mit dem Referenzprodukt <span style=\"color: #d12727;\"><a style=\"color: #d12727;\" href=\"https:\/\/www.csj-emballages.com\/es\/produit\/12-rollos-jumbo-mini-papel-higienico-de-algodon-blanco-2-capas-180-m\/\">T180D60<\/a><\/span><\/strong><\/p>\n<p>*Dieser Handtuchspender wird mit Schrauben geliefert.<\/p>\n<p>&nbsp;<\/p>\n<p><!--more--><\/p>\n<h4>Vorteile :<\/h4>\n<ul>\n<li data-start=\"1939\" data-end=\"1992\">Kompatibel mit <strong>Mini-Jumbo-Toilettenpapierrollen.<\/strong><\/li>\n<li data-start=\"1995\" data-end=\"2052\"><strong>Sichtfenster<\/strong> zur Anzeige des Papierstands.<\/li>\n<li data-start=\"2055\" data-end=\"2082\">Diskretes und modernes Design.<\/li>\n<li data-start=\"2085\" data-end=\"2120\">Reibungslose und komfortable Nutzung.<\/li>\n<li data-start=\"2123\" data-end=\"2145\">Reduziert Verschwendung.<\/li>\n<li data-start=\"2148\" data-end=\"2193\">Ideal f\u00fcr stark frequentierte <strong>Sanit\u00e4rbereiche<\/strong>.<\/li>\n<\/ul>\n<p>&nbsp;<\/p>\n<p><!--more--><\/p>\n<h4>Weitere Informationen :<\/h4>\n<ul>\n<li><strong>Verpackung<\/strong>: Einzeln<\/li>\n<li><strong>Material<\/strong>: Kunststoff<\/li>\n<li><strong>Farbe<\/strong>: Wei\u00df<\/li>\n<li><strong>Nutzung<\/strong>: Manuell<\/li>\n<li><strong>Kapazit\u00e4t<\/strong>: Toilettenpapier (<strong><span style=\"color: #d12727;\"><a style=\"color: #d12727;\" href=\"https:\/\/www.csj-emballages.com\/es\/produit\/12-rollos-jumbo-mini-papel-higienico-de-algodon-blanco-2-capas-180-m\/\">T180D60<\/a><\/span><\/strong>)<\/li>\n<\/ul>\n<p>&nbsp;<\/p>\n<p><!--more--><\/p>\n<p><a href=\"https:\/\/www.csj-emballages.com\/de\/categorie-produit\/hygiene-und-pflege\/vertriebspartner\/\">Sehen Sie sich den Rest unseres Sortiments an Vertriebspartnern an.<\/a><\/p>\n","protected":false},"excerpt":{"rendered":"<p>Toilettenpapierspender Beschreibung von unserem Mini Jumbo Toilettenpapierhalter f\u00fcr Ref &#8222;T180D60&#8220;.<\/p>\n","protected":false},"featured_media":221631,"template":"","meta":{"_acf_changed":false},"product_brand":[],"product_cat":[1218,1409,1377,1380,10273],"product_tag":[],"class_list":{"0":"post-20549","1":"product","2":"type-product","3":"status-publish","4":"has-post-thumbnail","6":"product_cat-hygiene-und-pflege","7":"product_cat-vertriebspartner","8":"product_cat-wischtucher","9":"product_cat-toilettenpapier","10":"product_cat-lagerbestand","12":"first","13":"instock","14":"taxable","15":"shipping-taxable","16":"purchasable","17":"product-type-simple"},"acf":[],"yoast_head":"<!-- This site is optimized with the Yoast SEO Premium plugin v26.6 (Yoast SEO v26.6) - https:\/\/yoast.com\/wordpress\/plugins\/seo\/ -->\n<title>Toilettenpapierspender Mini Jumbo f\u00fcr Ref &quot;T180D60&quot;.<\/title>\n<meta name=\"description\" content=\"Entdecken Sie unseren Toilettenpapierspender Mini Jumbo wei\u00df. Manuelle Verwendung. Kompatibel mit Handtuch T180D60\" \/>\n<meta name=\"robots\" content=\"index, follow, max-snippet:-1, max-image-preview:large, max-video-preview:-1\" \/>\n<link rel=\"canonical\" href=\"https:\/\/www.csj-emballages.com\/de\/produit\/mini-jumbo-toilettenpapierhalter-fuer-ref-t180d60\/\" \/>\n<meta property=\"og:locale\" content=\"de_DE\" \/>\n<meta property=\"og:type\" content=\"article\" \/>\n<meta property=\"og:title\" content=\"Mini Jumbo Toilettenpapierhalter f\u00fcr Ref &quot;T180D60&quot;.\" \/>\n<meta property=\"og:description\" content=\"Entdecken Sie unseren Toilettenpapierspender Mini Jumbo wei\u00df. Manuelle Verwendung. Kompatibel mit Handtuch T180D60\" \/>\n<meta property=\"og:url\" content=\"https:\/\/www.csj-emballages.com\/de\/produit\/mini-jumbo-toilettenpapierhalter-fuer-ref-t180d60\/\" \/>\n<meta property=\"og:site_name\" content=\"CSJ Emballages\" \/>\n<meta property=\"article:publisher\" content=\"https:\/\/www.facebook.com\/csjemballages\" \/>\n<meta property=\"article:modified_time\" content=\"2026-03-12T15:23:11+00:00\" \/>\n<meta property=\"og:image\" content=\"https:\/\/www.csj-emballages.com\/wp-content\/uploads\/2024\/03\/DISTRITO180.webp\" \/>\n\t<meta property=\"og:image:width\" content=\"800\" \/>\n\t<meta property=\"og:image:height\" content=\"800\" \/>\n\t<meta property=\"og:image:type\" content=\"image\/webp\" \/>\n<meta name=\"twitter:card\" content=\"summary_large_image\" \/>\n<meta name=\"twitter:label1\" content=\"Gesch\u00e4tzte Lesezeit\" \/>\n\t<meta name=\"twitter:data1\" content=\"2 Minuten\" \/>\n<script type=\"application\/ld+json\" class=\"yoast-schema-graph\">{\"@context\":\"https:\/\/schema.org\",\"@graph\":[{\"@type\":\"WebPage\",\"@id\":\"https:\/\/www.csj-emballages.com\/de\/produit\/mini-jumbo-toilettenpapierhalter-fuer-ref-t180d60\/\",\"url\":\"https:\/\/www.csj-emballages.com\/de\/produit\/mini-jumbo-toilettenpapierhalter-fuer-ref-t180d60\/\",\"name\":\"Toilettenpapierspender Mini Jumbo f\u00fcr Ref \\\"T180D60\\\".\",\"isPartOf\":{\"@id\":\"https:\/\/www.csj-emballages.com\/de\/#website\"},\"primaryImageOfPage\":{\"@id\":\"https:\/\/www.csj-emballages.com\/de\/produit\/mini-jumbo-toilettenpapierhalter-fuer-ref-t180d60\/#primaryimage\"},\"image\":{\"@id\":\"https:\/\/www.csj-emballages.com\/de\/produit\/mini-jumbo-toilettenpapierhalter-fuer-ref-t180d60\/#primaryimage\"},\"thumbnailUrl\":\"https:\/\/www.csj-emballages.com\/wp-content\/uploads\/2024\/03\/DISTRITO180.webp\",\"datePublished\":\"2024-03-01T15:54:31+00:00\",\"dateModified\":\"2026-03-12T15:23:11+00:00\",\"description\":\"Entdecken Sie unseren Toilettenpapierspender Mini Jumbo wei\u00df. Manuelle Verwendung. Kompatibel mit Handtuch T180D60\",\"breadcrumb\":{\"@id\":\"https:\/\/www.csj-emballages.com\/de\/produit\/mini-jumbo-toilettenpapierhalter-fuer-ref-t180d60\/#breadcrumb\"},\"inLanguage\":\"de\",\"potentialAction\":[{\"@type\":\"ReadAction\",\"target\":[\"https:\/\/www.csj-emballages.com\/de\/produit\/mini-jumbo-toilettenpapierhalter-fuer-ref-t180d60\/\"]}]},{\"@type\":\"ImageObject\",\"inLanguage\":\"de\",\"@id\":\"https:\/\/www.csj-emballages.com\/de\/produit\/mini-jumbo-toilettenpapierhalter-fuer-ref-t180d60\/#primaryimage\",\"url\":\"https:\/\/www.csj-emballages.com\/wp-content\/uploads\/2024\/03\/DISTRITO180.webp\",\"contentUrl\":\"https:\/\/www.csj-emballages.com\/wp-content\/uploads\/2024\/03\/DISTRITO180.webp\",\"width\":800,\"height\":800,\"caption\":\"Distributeur papier toilette\"},{\"@type\":\"BreadcrumbList\",\"@id\":\"https:\/\/www.csj-emballages.com\/de\/produit\/mini-jumbo-toilettenpapierhalter-fuer-ref-t180d60\/#breadcrumb\",\"itemListElement\":[{\"@type\":\"ListItem\",\"position\":1,\"name\":\"Accueil\",\"item\":\"https:\/\/www.csj-emballages.com\/de\/universum-lebensmittelverpackungen\/\"},{\"@type\":\"ListItem\",\"position\":2,\"name\":\"Shop\",\"item\":\"https:\/\/www.csj-emballages.com\/shop\/\"},{\"@type\":\"ListItem\",\"position\":3,\"name\":\"Mini Jumbo Toilettenpapierhalter f\u00fcr Ref \u00ab\u00a0T180D60\u00a0\u00bb.\"}]},{\"@type\":\"WebSite\",\"@id\":\"https:\/\/www.csj-emballages.com\/de\/#website\",\"url\":\"https:\/\/www.csj-emballages.com\/de\/\",\"name\":\"CSJ Emballages\",\"description\":\"\",\"publisher\":{\"@id\":\"https:\/\/www.csj-emballages.com\/de\/#organization\"},\"potentialAction\":[{\"@type\":\"SearchAction\",\"target\":{\"@type\":\"EntryPoint\",\"urlTemplate\":\"https:\/\/www.csj-emballages.com\/de\/?s={search_term_string}\"},\"query-input\":{\"@type\":\"PropertyValueSpecification\",\"valueRequired\":true,\"valueName\":\"search_term_string\"}}],\"inLanguage\":\"de\"},{\"@type\":\"Organization\",\"@id\":\"https:\/\/www.csj-emballages.com\/de\/#Organization\/\",\"name\":\"CSJ Emballages\",\"url\":\"https:\/\/www.csj-emballages.com\/de\/\",\"logo\":{\"@type\":\"ImageObject\",\"inLanguage\":\"de\",\"@id\":\"https:\/\/www.csj-emballages.com\/de\/#\/schema\/logo\/image\/\",\"url\":\"https:\/\/www.csj-emballages.com\/wp-content\/uploads\/2023\/10\/logo_csj.webp\",\"contentUrl\":\"https:\/\/www.csj-emballages.com\/wp-content\/uploads\/2023\/10\/logo_csj.webp\",\"width\":250,\"height\":95,\"caption\":\"CSJ Emballages\"},\"image\":{\"@id\":\"https:\/\/www.csj-emballages.com\/de\/#\/schema\/logo\/image\/\"},\"sameAs\":[\"https:\/\/www.facebook.com\/csjemballages\"],\"address\":{\"@type\":\"PostalAddress\",\"streetAddress\":\"ZI La Lechere\",\"addressLocality\":\"Patornay\",\"postalCode\":\"39130\",\"addressCountry\":\"FR\"},\"contactPoint\":[{\"@type\":\"ContactPoint\",\"contactType\":\"Service client\",\"telephone\":\"0384254272\",\"email\":\"contact@csj-emballages.com\"}]}]}<\/script>\n<!-- \/ Yoast SEO Premium plugin. -->","yoast_head_json":{"title":"Toilettenpapierspender Mini Jumbo f\u00fcr Ref \"T180D60\".","description":"Entdecken Sie unseren Toilettenpapierspender Mini Jumbo wei\u00df. Manuelle Verwendung. Kompatibel mit Handtuch T180D60","robots":{"index":"index","follow":"follow","max-snippet":"max-snippet:-1","max-image-preview":"max-image-preview:large","max-video-preview":"max-video-preview:-1"},"canonical":"https:\/\/www.csj-emballages.com\/de\/produit\/mini-jumbo-toilettenpapierhalter-fuer-ref-t180d60\/","og_locale":"de_DE","og_type":"article","og_title":"Mini Jumbo Toilettenpapierhalter f\u00fcr Ref \"T180D60\".","og_description":"Entdecken Sie unseren Toilettenpapierspender Mini Jumbo wei\u00df. Manuelle Verwendung. Kompatibel mit Handtuch T180D60","og_url":"https:\/\/www.csj-emballages.com\/de\/produit\/mini-jumbo-toilettenpapierhalter-fuer-ref-t180d60\/","og_site_name":"CSJ Emballages","article_publisher":"https:\/\/www.facebook.com\/csjemballages","article_modified_time":"2026-03-12T15:23:11+00:00","og_image":[{"width":800,"height":800,"url":"https:\/\/www.csj-emballages.com\/wp-content\/uploads\/2024\/03\/DISTRITO180.webp","type":"image\/webp"}],"twitter_card":"summary_large_image","twitter_misc":{"Gesch\u00e4tzte Lesezeit":"2 Minuten"},"schema":{"@context":"https:\/\/schema.org","@graph":[{"@type":"WebPage","@id":"https:\/\/www.csj-emballages.com\/de\/produit\/mini-jumbo-toilettenpapierhalter-fuer-ref-t180d60\/","url":"https:\/\/www.csj-emballages.com\/de\/produit\/mini-jumbo-toilettenpapierhalter-fuer-ref-t180d60\/","name":"Toilettenpapierspender Mini Jumbo f\u00fcr Ref \"T180D60\".","isPartOf":{"@id":"https:\/\/www.csj-emballages.com\/de\/#website"},"primaryImageOfPage":{"@id":"https:\/\/www.csj-emballages.com\/de\/produit\/mini-jumbo-toilettenpapierhalter-fuer-ref-t180d60\/#primaryimage"},"image":{"@id":"https:\/\/www.csj-emballages.com\/de\/produit\/mini-jumbo-toilettenpapierhalter-fuer-ref-t180d60\/#primaryimage"},"thumbnailUrl":"https:\/\/www.csj-emballages.com\/wp-content\/uploads\/2024\/03\/DISTRITO180.webp","datePublished":"2024-03-01T15:54:31+00:00","dateModified":"2026-03-12T15:23:11+00:00","description":"Entdecken Sie unseren Toilettenpapierspender Mini Jumbo wei\u00df. Manuelle Verwendung. Kompatibel mit Handtuch T180D60","breadcrumb":{"@id":"https:\/\/www.csj-emballages.com\/de\/produit\/mini-jumbo-toilettenpapierhalter-fuer-ref-t180d60\/#breadcrumb"},"inLanguage":"de","potentialAction":[{"@type":"ReadAction","target":["https:\/\/www.csj-emballages.com\/de\/produit\/mini-jumbo-toilettenpapierhalter-fuer-ref-t180d60\/"]}]},{"@type":"ImageObject","inLanguage":"de","@id":"https:\/\/www.csj-emballages.com\/de\/produit\/mini-jumbo-toilettenpapierhalter-fuer-ref-t180d60\/#primaryimage","url":"https:\/\/www.csj-emballages.com\/wp-content\/uploads\/2024\/03\/DISTRITO180.webp","contentUrl":"https:\/\/www.csj-emballages.com\/wp-content\/uploads\/2024\/03\/DISTRITO180.webp","width":800,"height":800,"caption":"Distributeur papier toilette"},{"@type":"BreadcrumbList","@id":"https:\/\/www.csj-emballages.com\/de\/produit\/mini-jumbo-toilettenpapierhalter-fuer-ref-t180d60\/#breadcrumb","itemListElement":[{"@type":"ListItem","position":1,"name":"Accueil","item":"https:\/\/www.csj-emballages.com\/de\/universum-lebensmittelverpackungen\/"},{"@type":"ListItem","position":2,"name":"Shop","item":"https:\/\/www.csj-emballages.com\/shop\/"},{"@type":"ListItem","position":3,"name":"Mini Jumbo Toilettenpapierhalter f\u00fcr Ref \u00ab\u00a0T180D60\u00a0\u00bb."}]},{"@type":"WebSite","@id":"https:\/\/www.csj-emballages.com\/de\/#website","url":"https:\/\/www.csj-emballages.com\/de\/","name":"CSJ Emballages","description":"","publisher":{"@id":"https:\/\/www.csj-emballages.com\/de\/#organization"},"potentialAction":[{"@type":"SearchAction","target":{"@type":"EntryPoint","urlTemplate":"https:\/\/www.csj-emballages.com\/de\/?s={search_term_string}"},"query-input":{"@type":"PropertyValueSpecification","valueRequired":true,"valueName":"search_term_string"}}],"inLanguage":"de"},{"@type":"Organization","@id":"https:\/\/www.csj-emballages.com\/de\/#Organization\/","name":"CSJ Emballages","url":"https:\/\/www.csj-emballages.com\/de\/","logo":{"@type":"ImageObject","inLanguage":"de","@id":"https:\/\/www.csj-emballages.com\/de\/#\/schema\/logo\/image\/","url":"https:\/\/www.csj-emballages.com\/wp-content\/uploads\/2023\/10\/logo_csj.webp","contentUrl":"https:\/\/www.csj-emballages.com\/wp-content\/uploads\/2023\/10\/logo_csj.webp","width":250,"height":95,"caption":"CSJ Emballages"},"image":{"@id":"https:\/\/www.csj-emballages.com\/de\/#\/schema\/logo\/image\/"},"sameAs":["https:\/\/www.facebook.com\/csjemballages"],"address":{"@type":"PostalAddress","streetAddress":"ZI La Lechere","addressLocality":"Patornay","postalCode":"39130","addressCountry":"FR"},"contactPoint":[{"@type":"ContactPoint","contactType":"Service client","telephone":"0384254272","email":"contact@csj-emballages.com"}]}]}},"df_price":6,"df_sale_price":"","df_regular_price":6,"df_image_link":"https:\/\/www.csj-emballages.com\/wp-content\/uploads\/2024\/03\/DISTRITO180-300x300.webp","tiered_pricing_type":"fixed","tiered_pricing_fixed_rules":[],"tiered_pricing_percentage_rules":[],"tiered_pricing_minimum":1,"tiered_pricing_roles_data":[],"_links":{"self":[{"href":"https:\/\/www.csj-emballages.com\/de\/wp-json\/wp\/v2\/product\/20549","targetHints":{"allow":["GET"]}}],"collection":[{"href":"https:\/\/www.csj-emballages.com\/de\/wp-json\/wp\/v2\/product"}],"about":[{"href":"https:\/\/www.csj-emballages.com\/de\/wp-json\/wp\/v2\/types\/product"}],"wp:featuredmedia":[{"embeddable":true,"href":"https:\/\/www.csj-emballages.com\/de\/wp-json\/wp\/v2\/media\/221631"}],"wp:attachment":[{"href":"https:\/\/www.csj-emballages.com\/de\/wp-json\/wp\/v2\/media?parent=20549"}],"wp:term":[{"taxonomy":"product_brand","embeddable":true,"href":"https:\/\/www.csj-emballages.com\/de\/wp-json\/wp\/v2\/product_brand?post=20549"},{"taxonomy":"product_cat","embeddable":true,"href":"https:\/\/www.csj-emballages.com\/de\/wp-json\/wp\/v2\/product_cat?post=20549"},{"taxonomy":"product_tag","embeddable":true,"href":"https:\/\/www.csj-emballages.com\/de\/wp-json\/wp\/v2\/product_tag?post=20549"}],"curies":[{"name":"wp","href":"https:\/\/api.w.org\/{rel}","templated":true}]}}