{"id":20543,"date":"2024-03-01T16:54:31","date_gmt":"2024-03-01T15:54:31","guid":{"rendered":"https:\/\/u15jnbdpoq.preview.infomaniak.website\/produit\/toilettenpapierspender-fuer-ref-to350d60\/"},"modified":"2026-03-31T02:13:48","modified_gmt":"2026-03-31T00:13:48","slug":"toilettenpapierspender-fuer-ref-to350d60","status":"publish","type":"product","link":"https:\/\/www.csj-emballages.com\/de\/produit\/toilettenpapierspender-fuer-ref-to350d60\/","title":{"rendered":"Toilettenpapierspender f\u00fcr Ref &#8222;TO350D60&#8220;."},"content":{"rendered":"<h2>Toilettenpapierspender<\/h2>\n<hr>\n<h3>Beschreibung von unserem Toilettenpapierhalter f\u00fcr Ref &#8222;TO350D60&#8220;.<!--more--><\/h3>\n<div class=\"flex max-w-full flex-col flex-grow\">\n<div class=\"min-h-8 text-message flex w-full flex-col items-end gap-2 whitespace-normal break-words text-start [.text-message+&amp;]:mt-5\" dir=\"auto\" data-message-author-role=\"assistant\" data-message-id=\"266ca6f3-5e07-4948-bd20-80ac5e6da4a5\" data-message-model-slug=\"gpt-4o\">\n<div class=\"flex w-full flex-col gap-1 empty:hidden first:pt-[3px]\">\n<div class=\"markdown prose w-full break-words dark:prose-invert dark\">\n<p data-start=\"294\" data-end=\"664\">In professionellen Sanit\u00e4rbereichen sucht man vor allem etwas Einfaches, Zuverl\u00e4ssiges und leicht zu Verwaltendes. Der <strong data-start=\"406\" data-end=\"447\">Toilettenpapierspender f\u00fcr Ref. <span style=\"color: #d12727;\"><a style=\"color: #d12727;\" href=\"https:\/\/www.csj-emballages.com\/es\/produit\/6-rollos-de-papel-higienico-maxi-jumbo-blanco-de-algodon-de-2-capas-320-m\/\">TO350D60<\/a><\/span><\/strong> erf\u00fcllt genau diese Erwartungen. Mit seinem schlichten und abgerundeten Design f\u00fcgt er sich diskret in alle Arten von R\u00e4umen ein, sei es in einem Restaurant, einem B\u00fcro, einem Gesch\u00e4ft oder \u00f6ffentlichen Sanit\u00e4ranlagen.  <\/p>\n<p data-start=\"666\" data-end=\"1044\">Entwickelt f\u00fcr <strong>Toilettenpapierrollen<\/strong> mit hoher Kapazit\u00e4t, begrenzt er zu h\u00e4ufiges Nachf\u00fcllen. Das Ergebnis: Sie sparen Zeit und gew\u00e4hrleisten eine bessere kontinuierliche Nutzung, selbst in stark frequentierten Bereichen. Dank seines Sichtfensters bleibt der <strong>Papierstand auf einen Blick sichtbar<\/strong>, was unangenehme \u00dcberraschungen vermeidet.  <\/p>\n<p data-start=\"1046\" data-end=\"1313\">Sein Spendersystem ist reibungslos und kontrolliert. Es gibt die richtige Menge Papier ab, was hilft, Verschwendung zu reduzieren und gleichzeitig die Hygiene zu verbessern. Zudem sch\u00fctzt sein robustes <strong>Geh\u00e4use<\/strong> die Rolle effektiv vor Feuchtigkeit und unn\u00f6tiger Handhabung.  <\/p>\n<p data-start=\"1315\" data-end=\"1575\">Die Wandmontage ist einfach und schnell, was es zu einem leicht zu installierenden Ger\u00e4t bei einer Neueinrichtung oder einem Austausch macht. Seine Wartung erfordert keinen besonderen Aufwand: Eine regelm\u00e4\u00dfige Reinigung gen\u00fcgt, um es sauber und funktionsf\u00e4hig zu halten. <\/p>\n<p data-start=\"1577\" data-end=\"1762\">Zusammenfassend ist der <strong>Toilettenpapierspender<\/strong> eine praktische und langlebige L\u00f6sung, um Ihre Sanit\u00e4rbereiche mit zuverl\u00e4ssigem Material auszustatten, das f\u00fcr den intensiven t\u00e4glichen Gebrauch und ohne Einschr\u00e4nkungen konzipiert ist.<\/p>\n<\/div>\n<p>&nbsp;<\/p>\n<\/div>\n<\/div>\n<\/div>\n<p><!--more--><\/p>\n<p><strong>Handtuchspender, verwendbar mit dem Referenzprodukt <span style=\"color: #d12727;\"><a style=\"color: #d12727;\" href=\"https:\/\/www.csj-emballages.com\/es\/produit\/6-rollos-de-papel-higienico-maxi-jumbo-blanco-de-algodon-de-2-capas-320-m\/\">TO350D60<\/a><\/span><\/strong><\/p>\n<p>*Dieser Handtuchspender wird mit Schrauben geliefert.<\/p>\n<p>&nbsp;<\/p>\n<p><!--more--><\/p>\n<h4>Vorteile :<\/h4>\n<ul>\n<li data-start=\"1791\" data-end=\"1818\">Diskretes und modernes Design.<\/li>\n<li data-start=\"1821\" data-end=\"1863\">Kompatibel mit Rollen hoher Kapazit\u00e4t.<\/li>\n<li data-start=\"1866\" data-end=\"1897\"><strong>Sichtfenster<\/strong> zur F\u00fcllstandskontrolle.<\/li>\n<li data-start=\"1900\" data-end=\"1951\">Kontrollierte Abgabe zur Reduzierung von Verschwendung.<\/li>\n<li data-start=\"1954\" data-end=\"1989\">Einfache Installation und Wartung.<\/li>\n<\/ul>\n<p>&nbsp;<\/p>\n<p><!--more--><\/p>\n<h4>Weitere Informationen :<\/h4>\n<ul>\n<li><strong>Verpackung<\/strong>: Einzeln<\/li>\n<li><strong>Material<\/strong>: Kunststoff<\/li>\n<li><strong>Farbe<\/strong>: Wei\u00df<\/li>\n<li><strong>Nutzung<\/strong>: Manuell<\/li>\n<li><strong>Kapazit\u00e4t<\/strong>: Toilettenpapier (<strong><span style=\"color: #d12727;\"><a style=\"color: #d12727;\" href=\"https:\/\/www.csj-emballages.com\/es\/produit\/6-rollos-de-papel-higienico-maxi-jumbo-blanco-de-algodon-de-2-capas-320-m\/\">TO350D60<\/a><\/span><\/strong>)<\/li>\n<\/ul>\n<p>&nbsp;<\/p>\n<p><!--more--><\/p>\n<p><a href=\"https:\/\/www.csj-emballages.com\/de\/categorie-produit\/hygiene-und-pflege\/vertriebspartner\/\">Sehen Sie sich den Rest unseres Sortiments an Vertriebspartnern an.<\/a><\/p>\n","protected":false},"excerpt":{"rendered":"<p>Toilettenpapierspender Beschreibung von unserem Toilettenpapierhalter f\u00fcr Ref &#8222;TO350D60&#8220;.<\/p>\n","protected":false},"featured_media":221637,"template":"","meta":{"_acf_changed":false},"product_brand":[],"product_cat":[1218,1409,1377,1380],"product_tag":[],"class_list":{"0":"post-20543","1":"product","2":"type-product","3":"status-publish","4":"has-post-thumbnail","6":"product_cat-hygiene-und-pflege","7":"product_cat-vertriebspartner","8":"product_cat-wischtucher","9":"product_cat-toilettenpapier","11":"first","12":"instock","13":"taxable","14":"shipping-taxable","15":"purchasable","16":"product-type-simple"},"acf":[],"yoast_head":"<!-- This site is optimized with the Yoast SEO Premium plugin v26.6 (Yoast SEO v26.6) - https:\/\/yoast.com\/wordpress\/plugins\/seo\/ -->\n<title>Toilettenpapierspender f\u00fcr &quot;TO350D60&quot;.<\/title>\n<meta name=\"description\" content=\"Entdecken Sie unseren wei\u00dfen Toilettenpapierspender. Manuelle Verwendung. Kompatibel mit den Handt\u00fcchern mit der Artikelnummer TO350D60\" \/>\n<meta name=\"robots\" content=\"index, follow, max-snippet:-1, max-image-preview:large, max-video-preview:-1\" \/>\n<link rel=\"canonical\" href=\"https:\/\/www.csj-emballages.com\/de\/produit\/toilettenpapierspender-fuer-ref-to350d60\/\" \/>\n<meta property=\"og:locale\" content=\"de_DE\" \/>\n<meta property=\"og:type\" content=\"article\" \/>\n<meta property=\"og:title\" content=\"Toilettenpapierspender f\u00fcr Ref &quot;TO350D60&quot;.\" \/>\n<meta property=\"og:description\" content=\"Entdecken Sie unseren wei\u00dfen Toilettenpapierspender. Manuelle Verwendung. Kompatibel mit den Handt\u00fcchern mit der Artikelnummer TO350D60\" \/>\n<meta property=\"og:url\" content=\"https:\/\/www.csj-emballages.com\/de\/produit\/toilettenpapierspender-fuer-ref-to350d60\/\" \/>\n<meta property=\"og:site_name\" content=\"CSJ Emballages\" \/>\n<meta property=\"article:publisher\" content=\"https:\/\/www.facebook.com\/csjemballages\" \/>\n<meta property=\"article:modified_time\" content=\"2026-03-31T00:13:48+00:00\" \/>\n<meta property=\"og:image\" content=\"https:\/\/www.csj-emballages.com\/wp-content\/uploads\/2024\/03\/DISTRITO350D60.webp\" \/>\n\t<meta property=\"og:image:width\" content=\"800\" \/>\n\t<meta property=\"og:image:height\" content=\"800\" \/>\n\t<meta property=\"og:image:type\" content=\"image\/webp\" \/>\n<meta name=\"twitter:card\" content=\"summary_large_image\" \/>\n<meta name=\"twitter:label1\" content=\"Gesch\u00e4tzte Lesezeit\" \/>\n\t<meta name=\"twitter:data1\" content=\"1\u00a0Minute\" \/>\n<script type=\"application\/ld+json\" class=\"yoast-schema-graph\">{\"@context\":\"https:\/\/schema.org\",\"@graph\":[{\"@type\":\"WebPage\",\"@id\":\"https:\/\/www.csj-emballages.com\/de\/produit\/toilettenpapierspender-fuer-ref-to350d60\/\",\"url\":\"https:\/\/www.csj-emballages.com\/de\/produit\/toilettenpapierspender-fuer-ref-to350d60\/\",\"name\":\"Toilettenpapierspender f\u00fcr \\\"TO350D60\\\".\",\"isPartOf\":{\"@id\":\"https:\/\/www.csj-emballages.com\/de\/#website\"},\"primaryImageOfPage\":{\"@id\":\"https:\/\/www.csj-emballages.com\/de\/produit\/toilettenpapierspender-fuer-ref-to350d60\/#primaryimage\"},\"image\":{\"@id\":\"https:\/\/www.csj-emballages.com\/de\/produit\/toilettenpapierspender-fuer-ref-to350d60\/#primaryimage\"},\"thumbnailUrl\":\"https:\/\/www.csj-emballages.com\/wp-content\/uploads\/2024\/03\/DISTRITO350D60.webp\",\"datePublished\":\"2024-03-01T15:54:31+00:00\",\"dateModified\":\"2026-03-31T00:13:48+00:00\",\"description\":\"Entdecken Sie unseren wei\u00dfen Toilettenpapierspender. Manuelle Verwendung. Kompatibel mit den Handt\u00fcchern mit der Artikelnummer TO350D60\",\"breadcrumb\":{\"@id\":\"https:\/\/www.csj-emballages.com\/de\/produit\/toilettenpapierspender-fuer-ref-to350d60\/#breadcrumb\"},\"inLanguage\":\"de\",\"potentialAction\":[{\"@type\":\"ReadAction\",\"target\":[\"https:\/\/www.csj-emballages.com\/de\/produit\/toilettenpapierspender-fuer-ref-to350d60\/\"]}]},{\"@type\":\"ImageObject\",\"inLanguage\":\"de\",\"@id\":\"https:\/\/www.csj-emballages.com\/de\/produit\/toilettenpapierspender-fuer-ref-to350d60\/#primaryimage\",\"url\":\"https:\/\/www.csj-emballages.com\/wp-content\/uploads\/2024\/03\/DISTRITO350D60.webp\",\"contentUrl\":\"https:\/\/www.csj-emballages.com\/wp-content\/uploads\/2024\/03\/DISTRITO350D60.webp\",\"width\":800,\"height\":800,\"caption\":\"Distributeur papier toilette\"},{\"@type\":\"BreadcrumbList\",\"@id\":\"https:\/\/www.csj-emballages.com\/de\/produit\/toilettenpapierspender-fuer-ref-to350d60\/#breadcrumb\",\"itemListElement\":[{\"@type\":\"ListItem\",\"position\":1,\"name\":\"Accueil\",\"item\":\"https:\/\/www.csj-emballages.com\/de\/universum-lebensmittelverpackungen\/\"},{\"@type\":\"ListItem\",\"position\":2,\"name\":\"Shop\",\"item\":\"https:\/\/www.csj-emballages.com\/shop\/\"},{\"@type\":\"ListItem\",\"position\":3,\"name\":\"Toilettenpapierspender f\u00fcr Ref \u00ab\u00a0TO350D60\u00a0\u00bb.\"}]},{\"@type\":\"WebSite\",\"@id\":\"https:\/\/www.csj-emballages.com\/de\/#website\",\"url\":\"https:\/\/www.csj-emballages.com\/de\/\",\"name\":\"CSJ Emballages\",\"description\":\"\",\"publisher\":{\"@id\":\"https:\/\/www.csj-emballages.com\/de\/#organization\"},\"potentialAction\":[{\"@type\":\"SearchAction\",\"target\":{\"@type\":\"EntryPoint\",\"urlTemplate\":\"https:\/\/www.csj-emballages.com\/de\/?s={search_term_string}\"},\"query-input\":{\"@type\":\"PropertyValueSpecification\",\"valueRequired\":true,\"valueName\":\"search_term_string\"}}],\"inLanguage\":\"de\"},{\"@type\":\"Organization\",\"@id\":\"https:\/\/www.csj-emballages.com\/de\/#Organization\/\",\"name\":\"CSJ Emballages\",\"url\":\"https:\/\/www.csj-emballages.com\/de\/\",\"logo\":{\"@type\":\"ImageObject\",\"inLanguage\":\"de\",\"@id\":\"https:\/\/www.csj-emballages.com\/de\/#\/schema\/logo\/image\/\",\"url\":\"https:\/\/www.csj-emballages.com\/wp-content\/uploads\/2023\/10\/logo_csj.webp\",\"contentUrl\":\"https:\/\/www.csj-emballages.com\/wp-content\/uploads\/2023\/10\/logo_csj.webp\",\"width\":250,\"height\":95,\"caption\":\"CSJ Emballages\"},\"image\":{\"@id\":\"https:\/\/www.csj-emballages.com\/de\/#\/schema\/logo\/image\/\"},\"sameAs\":[\"https:\/\/www.facebook.com\/csjemballages\"],\"address\":{\"@type\":\"PostalAddress\",\"streetAddress\":\"ZI La Lechere\",\"addressLocality\":\"Patornay\",\"postalCode\":\"39130\",\"addressCountry\":\"FR\"},\"contactPoint\":[{\"@type\":\"ContactPoint\",\"contactType\":\"Service client\",\"telephone\":\"0384254272\",\"email\":\"contact@csj-emballages.com\"}]}]}<\/script>\n<!-- \/ Yoast SEO Premium plugin. -->","yoast_head_json":{"title":"Toilettenpapierspender f\u00fcr \"TO350D60\".","description":"Entdecken Sie unseren wei\u00dfen Toilettenpapierspender. Manuelle Verwendung. Kompatibel mit den Handt\u00fcchern mit der Artikelnummer TO350D60","robots":{"index":"index","follow":"follow","max-snippet":"max-snippet:-1","max-image-preview":"max-image-preview:large","max-video-preview":"max-video-preview:-1"},"canonical":"https:\/\/www.csj-emballages.com\/de\/produit\/toilettenpapierspender-fuer-ref-to350d60\/","og_locale":"de_DE","og_type":"article","og_title":"Toilettenpapierspender f\u00fcr Ref \"TO350D60\".","og_description":"Entdecken Sie unseren wei\u00dfen Toilettenpapierspender. Manuelle Verwendung. Kompatibel mit den Handt\u00fcchern mit der Artikelnummer TO350D60","og_url":"https:\/\/www.csj-emballages.com\/de\/produit\/toilettenpapierspender-fuer-ref-to350d60\/","og_site_name":"CSJ Emballages","article_publisher":"https:\/\/www.facebook.com\/csjemballages","article_modified_time":"2026-03-31T00:13:48+00:00","og_image":[{"width":800,"height":800,"url":"https:\/\/www.csj-emballages.com\/wp-content\/uploads\/2024\/03\/DISTRITO350D60.webp","type":"image\/webp"}],"twitter_card":"summary_large_image","twitter_misc":{"Gesch\u00e4tzte Lesezeit":"1\u00a0Minute"},"schema":{"@context":"https:\/\/schema.org","@graph":[{"@type":"WebPage","@id":"https:\/\/www.csj-emballages.com\/de\/produit\/toilettenpapierspender-fuer-ref-to350d60\/","url":"https:\/\/www.csj-emballages.com\/de\/produit\/toilettenpapierspender-fuer-ref-to350d60\/","name":"Toilettenpapierspender f\u00fcr \"TO350D60\".","isPartOf":{"@id":"https:\/\/www.csj-emballages.com\/de\/#website"},"primaryImageOfPage":{"@id":"https:\/\/www.csj-emballages.com\/de\/produit\/toilettenpapierspender-fuer-ref-to350d60\/#primaryimage"},"image":{"@id":"https:\/\/www.csj-emballages.com\/de\/produit\/toilettenpapierspender-fuer-ref-to350d60\/#primaryimage"},"thumbnailUrl":"https:\/\/www.csj-emballages.com\/wp-content\/uploads\/2024\/03\/DISTRITO350D60.webp","datePublished":"2024-03-01T15:54:31+00:00","dateModified":"2026-03-31T00:13:48+00:00","description":"Entdecken Sie unseren wei\u00dfen Toilettenpapierspender. Manuelle Verwendung. Kompatibel mit den Handt\u00fcchern mit der Artikelnummer TO350D60","breadcrumb":{"@id":"https:\/\/www.csj-emballages.com\/de\/produit\/toilettenpapierspender-fuer-ref-to350d60\/#breadcrumb"},"inLanguage":"de","potentialAction":[{"@type":"ReadAction","target":["https:\/\/www.csj-emballages.com\/de\/produit\/toilettenpapierspender-fuer-ref-to350d60\/"]}]},{"@type":"ImageObject","inLanguage":"de","@id":"https:\/\/www.csj-emballages.com\/de\/produit\/toilettenpapierspender-fuer-ref-to350d60\/#primaryimage","url":"https:\/\/www.csj-emballages.com\/wp-content\/uploads\/2024\/03\/DISTRITO350D60.webp","contentUrl":"https:\/\/www.csj-emballages.com\/wp-content\/uploads\/2024\/03\/DISTRITO350D60.webp","width":800,"height":800,"caption":"Distributeur papier toilette"},{"@type":"BreadcrumbList","@id":"https:\/\/www.csj-emballages.com\/de\/produit\/toilettenpapierspender-fuer-ref-to350d60\/#breadcrumb","itemListElement":[{"@type":"ListItem","position":1,"name":"Accueil","item":"https:\/\/www.csj-emballages.com\/de\/universum-lebensmittelverpackungen\/"},{"@type":"ListItem","position":2,"name":"Shop","item":"https:\/\/www.csj-emballages.com\/shop\/"},{"@type":"ListItem","position":3,"name":"Toilettenpapierspender f\u00fcr Ref \u00ab\u00a0TO350D60\u00a0\u00bb."}]},{"@type":"WebSite","@id":"https:\/\/www.csj-emballages.com\/de\/#website","url":"https:\/\/www.csj-emballages.com\/de\/","name":"CSJ Emballages","description":"","publisher":{"@id":"https:\/\/www.csj-emballages.com\/de\/#organization"},"potentialAction":[{"@type":"SearchAction","target":{"@type":"EntryPoint","urlTemplate":"https:\/\/www.csj-emballages.com\/de\/?s={search_term_string}"},"query-input":{"@type":"PropertyValueSpecification","valueRequired":true,"valueName":"search_term_string"}}],"inLanguage":"de"},{"@type":"Organization","@id":"https:\/\/www.csj-emballages.com\/de\/#Organization\/","name":"CSJ Emballages","url":"https:\/\/www.csj-emballages.com\/de\/","logo":{"@type":"ImageObject","inLanguage":"de","@id":"https:\/\/www.csj-emballages.com\/de\/#\/schema\/logo\/image\/","url":"https:\/\/www.csj-emballages.com\/wp-content\/uploads\/2023\/10\/logo_csj.webp","contentUrl":"https:\/\/www.csj-emballages.com\/wp-content\/uploads\/2023\/10\/logo_csj.webp","width":250,"height":95,"caption":"CSJ Emballages"},"image":{"@id":"https:\/\/www.csj-emballages.com\/de\/#\/schema\/logo\/image\/"},"sameAs":["https:\/\/www.facebook.com\/csjemballages"],"address":{"@type":"PostalAddress","streetAddress":"ZI La Lechere","addressLocality":"Patornay","postalCode":"39130","addressCountry":"FR"},"contactPoint":[{"@type":"ContactPoint","contactType":"Service client","telephone":"0384254272","email":"contact@csj-emballages.com"}]}]}},"df_price":14.66,"df_sale_price":"","df_regular_price":14.66,"df_image_link":"https:\/\/www.csj-emballages.com\/wp-content\/uploads\/2024\/03\/DISTRITO350D60-300x300.webp","tiered_pricing_type":"fixed","tiered_pricing_fixed_rules":[],"tiered_pricing_percentage_rules":[],"tiered_pricing_minimum":1,"tiered_pricing_roles_data":[],"_links":{"self":[{"href":"https:\/\/www.csj-emballages.com\/de\/wp-json\/wp\/v2\/product\/20543","targetHints":{"allow":["GET"]}}],"collection":[{"href":"https:\/\/www.csj-emballages.com\/de\/wp-json\/wp\/v2\/product"}],"about":[{"href":"https:\/\/www.csj-emballages.com\/de\/wp-json\/wp\/v2\/types\/product"}],"wp:featuredmedia":[{"embeddable":true,"href":"https:\/\/www.csj-emballages.com\/de\/wp-json\/wp\/v2\/media\/221637"}],"wp:attachment":[{"href":"https:\/\/www.csj-emballages.com\/de\/wp-json\/wp\/v2\/media?parent=20543"}],"wp:term":[{"taxonomy":"product_brand","embeddable":true,"href":"https:\/\/www.csj-emballages.com\/de\/wp-json\/wp\/v2\/product_brand?post=20543"},{"taxonomy":"product_cat","embeddable":true,"href":"https:\/\/www.csj-emballages.com\/de\/wp-json\/wp\/v2\/product_cat?post=20543"},{"taxonomy":"product_tag","embeddable":true,"href":"https:\/\/www.csj-emballages.com\/de\/wp-json\/wp\/v2\/product_tag?post=20543"}],"curies":[{"name":"wp","href":"https:\/\/api.w.org\/{rel}","templated":true}]}}