{"id":20539,"date":"2024-03-01T16:54:32","date_gmt":"2024-03-01T15:54:32","guid":{"rendered":"https:\/\/u15jnbdpoq.preview.infomaniak.website\/produit\/zentraler-abrollspender-weiss-fuer-200er-spulen-ref-e811\/"},"modified":"2026-04-22T02:12:11","modified_gmt":"2026-04-22T00:12:11","slug":"zentraler-abrollspender-weiss-fuer-200er-spulen-ref-e811","status":"publish","type":"product","link":"https:\/\/www.csj-emballages.com\/de\/produit\/zentraler-abrollspender-weiss-fuer-200er-spulen-ref-e811\/","title":{"rendered":"Handtuchspender mit zentraler Entnahme wei\u00df f\u00fcr 200er Spulen (Ref."},"content":{"rendered":"<h2>Handtuchspender<\/h2>\n<hr>\n<h3>Beschreibung von unserem Handtuchspender mit zentraler Entnahme wei\u00df f\u00fcr 200 Rollen (Ref. E811)<!--more--><\/h3>\n<p data-start=\"243\" data-end=\"576\">Dieser <strong data-start=\"246\" data-end=\"296\">Handtuchspender mit Innenabrollung<\/strong> wurde entwickelt, um allt\u00e4gliche Handgriffe einfacher, sauberer und effizienter zu gestalten. Mit seinem glatten, diskreten wei\u00dfen Design f\u00fcgt er sich nahtlos in alle professionellen Umgebungen ein: <strong>K\u00fcchen, Sanit\u00e4rbereiche, Werkst\u00e4tten, B\u00fcros oder stark frequentierte Bereiche<\/strong>. <\/p>\n<p data-start=\"578\" data-end=\"931\">Seine wahre St\u00e4rke ist sein <strong data-start=\"609\" data-end=\"640\">Zentralabrollsystem<\/strong>. Man <strong>zieht das Blatt aus der Mitte<\/strong>, ohne den Rest der Rolle zu ber\u00fchren. Das Ergebnis: eine hygienischere Nutzung und vor allem ein besser kontrollierter Verbrauch. Jede Person nimmt nur, was sie ben\u00f6tigt, was die Verschwendung begrenzt und den Bereich l\u00e4nger sauber h\u00e4lt.   <\/p>\n<p data-start=\"933\" data-end=\"1249\">Der <strong>Spender<\/strong> ist kompatibel mit <strong data-start=\"973\" data-end=\"999\">Rollen mit 200 Formaten<\/strong>, was die H\u00e4ufigkeit des Nachf\u00fcllens reduziert. Dies ist ein echter Vorteil an stark frequentierten Orten, wo Zeit eine Rolle spielt. Zudem ist die \u00d6ffnung einfach und schnell, was die t\u00e4gliche Wartung erleichtert, selbst in Zeiten hoher Auslastung.  <\/p>\n<p data-start=\"1251\" data-end=\"1521\">Dieser <strong>Spender<\/strong> ist auf Langlebigkeit ausgelegt und bietet eine gute Best\u00e4ndigkeit gegen\u00fcber intensivem Gebrauch. Er bleibt Tag f\u00fcr Tag zuverl\u00e4ssig und tr\u00e4gt dazu bei, ein professionelles und gepflegtes Erscheinungsbild zu bewahren. Zudem erm\u00f6glicht sein kompaktes Format eine einfache Wandmontage, ohne den Raum zu \u00fcberladen.  <\/p>\n<p data-start=\"1523\" data-end=\"1745\">Zusammenfassend kombiniert dieser <strong>Handtuchspender<\/strong> Praktikabilit\u00e4t, Hygiene und ein schlichtes Design. Er erf\u00fcllt perfekt die Bed\u00fcrfnisse von Fachleuten, die eine effiziente, einfach zu bedienende und f\u00fcr den regelm\u00e4\u00dfigen Gebrauch geeignete L\u00f6sung suchen. <\/p>\n<p data-start=\"1523\" data-end=\"1745\">\n<p data-start=\"1523\" data-end=\"1745\"><!--more--><\/p>\n<div class=\"markdown prose w-full break-words dark:prose-invert dark\">\n<p><strong>Handtuchspender, wird mit dem Referenzprodukt <span style=\"color: #d12727;\"><a style=\"color: #d12727;\" href=\"https:\/\/www.csj-emballages.com\/es\/produit\/12-rollos-de-toallas-de-mano-de-guata-pura-gofradas-200-hojas-20-x-25-cm\/\">E811<\/a><\/span><\/strong><\/p>\n<p><strong>verwendet<\/strong> *Dieser Handtuchspender wird mit Schrauben geliefert.<\/p>\n<\/div>\n<p><!--more--><\/p>\n<h4>Vorteile :<\/h4>\n<ul>\n<li data-start=\"1773\" data-end=\"1814\">Hygienische und praktische Zentralabrollung.<\/li>\n<li data-start=\"1817\" data-end=\"1848\">Kompatibel mit <strong>Rollen mit 200 Formaten<\/strong>.<\/li>\n<li data-start=\"1851\" data-end=\"1876\">Reduzierung der Verschwendung.<\/li>\n<li data-start=\"1879\" data-end=\"1910\">Einfaches und schnelles Nachf\u00fcllen.<\/li>\n<li data-start=\"1913\" data-end=\"1946\"><strong>Diskretes<\/strong> und professionelles Design.<\/li>\n<li data-start=\"1949\" data-end=\"1982\">Geeignet f\u00fcr stark frequentierte Bereiche.<\/li>\n<\/ul>\n<p>&nbsp;<\/p>\n<p><!--more--><\/p>\n<h4>Weitere Informationen :<\/h4>\n<ul>\n<li><strong>Verpackung<\/strong>: Einzeln<\/li>\n<li><strong>Abmessungen<\/strong>: 17,5 x 14 x 24,5 (L x B x H in cm)<\/li>\n<li><strong>Material<\/strong>: Kunststoff<\/li>\n<li><strong>Farbe<\/strong>: Wei\u00df<\/li>\n<li><strong>Nutzung<\/strong>: Manuell<\/li>\n<li><strong>Kapazit\u00e4t<\/strong>: Spule mit 200 Formaten (<span style=\"color: #d12727;\"><a style=\"color: #d12727;\" href=\"https:\/\/www.csj-emballages.com\/es\/produit\/12-rollos-de-toallas-de-mano-de-guata-pura-gofradas-200-hojas-20-x-25-cm\/\">E811<\/a><\/span>)<\/li>\n<\/ul>\n<p>&nbsp;<\/p>\n<p><!--more--><\/p>\n<p><a href=\"https:\/\/www.csj-emballages.com\/de\/categorie-produit\/hygiene-und-pflege\/vertriebspartner\/\">Sehen Sie sich den Rest unseres Sortiments an Vertriebspartnern an.<\/a><\/p>\n","protected":false},"excerpt":{"rendered":"<p>Handtuchspender Beschreibung von unserem Handtuchspender mit zentraler Entnahme wei\u00df f\u00fcr 200 Rollen (Ref. E811)<\/p>\n","protected":false},"featured_media":221605,"template":"","meta":{"_acf_changed":false},"product_brand":[],"product_cat":[1218,1409,1377,1452,1453],"product_tag":[],"class_list":{"0":"post-20539","1":"product","2":"type-product","3":"status-publish","4":"has-post-thumbnail","6":"product_cat-hygiene-und-pflege","7":"product_cat-vertriebspartner","8":"product_cat-wischtucher","9":"product_cat-handtucher-de","10":"product_cat-handrollschirme","12":"first","13":"instock","14":"taxable","15":"shipping-taxable","16":"purchasable","17":"product-type-simple"},"acf":[],"yoast_head":"<!-- This site is optimized with the Yoast SEO Premium plugin v26.6 (Yoast SEO v26.6) - https:\/\/yoast.com\/wordpress\/plugins\/seo\/ -->\n<title>Handtuchspender mit zentraler Entnahme f\u00fcr Rolle E811<\/title>\n<meta name=\"description\" content=\"Entdecken Sie unseren wei\u00dfen Handtuchspender mit zentraler Entnahme. Manuelle Verwendung. Kompatibel mit Handtuch E811\" \/>\n<meta name=\"robots\" content=\"index, follow, max-snippet:-1, max-image-preview:large, max-video-preview:-1\" \/>\n<link rel=\"canonical\" href=\"https:\/\/www.csj-emballages.com\/de\/produit\/zentraler-abrollspender-weiss-fuer-200er-spulen-ref-e811\/\" \/>\n<meta property=\"og:locale\" content=\"de_DE\" \/>\n<meta property=\"og:type\" content=\"article\" \/>\n<meta property=\"og:title\" content=\"Handtuchspender mit zentraler Entnahme wei\u00df f\u00fcr 200er Spulen (Ref.\" \/>\n<meta property=\"og:description\" content=\"Entdecken Sie unseren wei\u00dfen Handtuchspender mit zentraler Entnahme. Manuelle Verwendung. Kompatibel mit Handtuch E811\" \/>\n<meta property=\"og:url\" content=\"https:\/\/www.csj-emballages.com\/de\/produit\/zentraler-abrollspender-weiss-fuer-200er-spulen-ref-e811\/\" \/>\n<meta property=\"og:site_name\" content=\"CSJ Emballages\" \/>\n<meta property=\"article:publisher\" content=\"https:\/\/www.facebook.com\/csjemballages\" \/>\n<meta property=\"article:modified_time\" content=\"2026-04-22T00:12:11+00:00\" \/>\n<meta property=\"og:image\" content=\"https:\/\/www.csj-emballages.com\/wp-content\/uploads\/2024\/03\/Evadis-distributeur.webp\" \/>\n\t<meta property=\"og:image:width\" content=\"800\" \/>\n\t<meta property=\"og:image:height\" content=\"799\" \/>\n\t<meta property=\"og:image:type\" content=\"image\/webp\" \/>\n<meta name=\"twitter:card\" content=\"summary_large_image\" \/>\n<meta name=\"twitter:label1\" content=\"Gesch\u00e4tzte Lesezeit\" \/>\n\t<meta name=\"twitter:data1\" content=\"2 Minuten\" \/>\n<script type=\"application\/ld+json\" class=\"yoast-schema-graph\">{\"@context\":\"https:\/\/schema.org\",\"@graph\":[{\"@type\":\"WebPage\",\"@id\":\"https:\/\/www.csj-emballages.com\/de\/produit\/zentraler-abrollspender-weiss-fuer-200er-spulen-ref-e811\/\",\"url\":\"https:\/\/www.csj-emballages.com\/de\/produit\/zentraler-abrollspender-weiss-fuer-200er-spulen-ref-e811\/\",\"name\":\"Handtuchspender mit zentraler Entnahme f\u00fcr Rolle E811\",\"isPartOf\":{\"@id\":\"https:\/\/www.csj-emballages.com\/de\/#website\"},\"primaryImageOfPage\":{\"@id\":\"https:\/\/www.csj-emballages.com\/de\/produit\/zentraler-abrollspender-weiss-fuer-200er-spulen-ref-e811\/#primaryimage\"},\"image\":{\"@id\":\"https:\/\/www.csj-emballages.com\/de\/produit\/zentraler-abrollspender-weiss-fuer-200er-spulen-ref-e811\/#primaryimage\"},\"thumbnailUrl\":\"https:\/\/www.csj-emballages.com\/wp-content\/uploads\/2024\/03\/Evadis-distributeur.webp\",\"datePublished\":\"2024-03-01T15:54:32+00:00\",\"dateModified\":\"2026-04-22T00:12:11+00:00\",\"description\":\"Entdecken Sie unseren wei\u00dfen Handtuchspender mit zentraler Entnahme. Manuelle Verwendung. Kompatibel mit Handtuch E811\",\"breadcrumb\":{\"@id\":\"https:\/\/www.csj-emballages.com\/de\/produit\/zentraler-abrollspender-weiss-fuer-200er-spulen-ref-e811\/#breadcrumb\"},\"inLanguage\":\"de\",\"potentialAction\":[{\"@type\":\"ReadAction\",\"target\":[\"https:\/\/www.csj-emballages.com\/de\/produit\/zentraler-abrollspender-weiss-fuer-200er-spulen-ref-e811\/\"]}]},{\"@type\":\"ImageObject\",\"inLanguage\":\"de\",\"@id\":\"https:\/\/www.csj-emballages.com\/de\/produit\/zentraler-abrollspender-weiss-fuer-200er-spulen-ref-e811\/#primaryimage\",\"url\":\"https:\/\/www.csj-emballages.com\/wp-content\/uploads\/2024\/03\/Evadis-distributeur.webp\",\"contentUrl\":\"https:\/\/www.csj-emballages.com\/wp-content\/uploads\/2024\/03\/Evadis-distributeur.webp\",\"width\":800,\"height\":799,\"caption\":\"Distributeur \u00e0 d\u00e9vidage central\"},{\"@type\":\"BreadcrumbList\",\"@id\":\"https:\/\/www.csj-emballages.com\/de\/produit\/zentraler-abrollspender-weiss-fuer-200er-spulen-ref-e811\/#breadcrumb\",\"itemListElement\":[{\"@type\":\"ListItem\",\"position\":1,\"name\":\"Accueil\",\"item\":\"https:\/\/www.csj-emballages.com\/de\/universum-lebensmittelverpackungen\/\"},{\"@type\":\"ListItem\",\"position\":2,\"name\":\"Shop\",\"item\":\"https:\/\/www.csj-emballages.com\/shop\/\"},{\"@type\":\"ListItem\",\"position\":3,\"name\":\"Handtuchspender mit zentraler Entnahme wei\u00df f\u00fcr 200er Spulen (Ref.\"}]},{\"@type\":\"WebSite\",\"@id\":\"https:\/\/www.csj-emballages.com\/de\/#website\",\"url\":\"https:\/\/www.csj-emballages.com\/de\/\",\"name\":\"CSJ Emballages\",\"description\":\"\",\"publisher\":{\"@id\":\"https:\/\/www.csj-emballages.com\/de\/#organization\"},\"potentialAction\":[{\"@type\":\"SearchAction\",\"target\":{\"@type\":\"EntryPoint\",\"urlTemplate\":\"https:\/\/www.csj-emballages.com\/de\/?s={search_term_string}\"},\"query-input\":{\"@type\":\"PropertyValueSpecification\",\"valueRequired\":true,\"valueName\":\"search_term_string\"}}],\"inLanguage\":\"de\"},{\"@type\":\"Organization\",\"@id\":\"https:\/\/www.csj-emballages.com\/de\/#Organization\/\",\"name\":\"CSJ Emballages\",\"url\":\"https:\/\/www.csj-emballages.com\/de\/\",\"logo\":{\"@type\":\"ImageObject\",\"inLanguage\":\"de\",\"@id\":\"https:\/\/www.csj-emballages.com\/de\/#\/schema\/logo\/image\/\",\"url\":\"https:\/\/www.csj-emballages.com\/wp-content\/uploads\/2023\/10\/logo_csj.webp\",\"contentUrl\":\"https:\/\/www.csj-emballages.com\/wp-content\/uploads\/2023\/10\/logo_csj.webp\",\"width\":250,\"height\":95,\"caption\":\"CSJ Emballages\"},\"image\":{\"@id\":\"https:\/\/www.csj-emballages.com\/de\/#\/schema\/logo\/image\/\"},\"sameAs\":[\"https:\/\/www.facebook.com\/csjemballages\"],\"address\":{\"@type\":\"PostalAddress\",\"streetAddress\":\"ZI La Lechere\",\"addressLocality\":\"Patornay\",\"postalCode\":\"39130\",\"addressCountry\":\"FR\"},\"contactPoint\":[{\"@type\":\"ContactPoint\",\"contactType\":\"Service client\",\"telephone\":\"0384254272\",\"email\":\"contact@csj-emballages.com\"}]}]}<\/script>\n<!-- \/ Yoast SEO Premium plugin. -->","yoast_head_json":{"title":"Handtuchspender mit zentraler Entnahme f\u00fcr Rolle E811","description":"Entdecken Sie unseren wei\u00dfen Handtuchspender mit zentraler Entnahme. Manuelle Verwendung. Kompatibel mit Handtuch E811","robots":{"index":"index","follow":"follow","max-snippet":"max-snippet:-1","max-image-preview":"max-image-preview:large","max-video-preview":"max-video-preview:-1"},"canonical":"https:\/\/www.csj-emballages.com\/de\/produit\/zentraler-abrollspender-weiss-fuer-200er-spulen-ref-e811\/","og_locale":"de_DE","og_type":"article","og_title":"Handtuchspender mit zentraler Entnahme wei\u00df f\u00fcr 200er Spulen (Ref.","og_description":"Entdecken Sie unseren wei\u00dfen Handtuchspender mit zentraler Entnahme. Manuelle Verwendung. Kompatibel mit Handtuch E811","og_url":"https:\/\/www.csj-emballages.com\/de\/produit\/zentraler-abrollspender-weiss-fuer-200er-spulen-ref-e811\/","og_site_name":"CSJ Emballages","article_publisher":"https:\/\/www.facebook.com\/csjemballages","article_modified_time":"2026-04-22T00:12:11+00:00","og_image":[{"width":800,"height":799,"url":"https:\/\/www.csj-emballages.com\/wp-content\/uploads\/2024\/03\/Evadis-distributeur.webp","type":"image\/webp"}],"twitter_card":"summary_large_image","twitter_misc":{"Gesch\u00e4tzte Lesezeit":"2 Minuten"},"schema":{"@context":"https:\/\/schema.org","@graph":[{"@type":"WebPage","@id":"https:\/\/www.csj-emballages.com\/de\/produit\/zentraler-abrollspender-weiss-fuer-200er-spulen-ref-e811\/","url":"https:\/\/www.csj-emballages.com\/de\/produit\/zentraler-abrollspender-weiss-fuer-200er-spulen-ref-e811\/","name":"Handtuchspender mit zentraler Entnahme f\u00fcr Rolle E811","isPartOf":{"@id":"https:\/\/www.csj-emballages.com\/de\/#website"},"primaryImageOfPage":{"@id":"https:\/\/www.csj-emballages.com\/de\/produit\/zentraler-abrollspender-weiss-fuer-200er-spulen-ref-e811\/#primaryimage"},"image":{"@id":"https:\/\/www.csj-emballages.com\/de\/produit\/zentraler-abrollspender-weiss-fuer-200er-spulen-ref-e811\/#primaryimage"},"thumbnailUrl":"https:\/\/www.csj-emballages.com\/wp-content\/uploads\/2024\/03\/Evadis-distributeur.webp","datePublished":"2024-03-01T15:54:32+00:00","dateModified":"2026-04-22T00:12:11+00:00","description":"Entdecken Sie unseren wei\u00dfen Handtuchspender mit zentraler Entnahme. Manuelle Verwendung. Kompatibel mit Handtuch E811","breadcrumb":{"@id":"https:\/\/www.csj-emballages.com\/de\/produit\/zentraler-abrollspender-weiss-fuer-200er-spulen-ref-e811\/#breadcrumb"},"inLanguage":"de","potentialAction":[{"@type":"ReadAction","target":["https:\/\/www.csj-emballages.com\/de\/produit\/zentraler-abrollspender-weiss-fuer-200er-spulen-ref-e811\/"]}]},{"@type":"ImageObject","inLanguage":"de","@id":"https:\/\/www.csj-emballages.com\/de\/produit\/zentraler-abrollspender-weiss-fuer-200er-spulen-ref-e811\/#primaryimage","url":"https:\/\/www.csj-emballages.com\/wp-content\/uploads\/2024\/03\/Evadis-distributeur.webp","contentUrl":"https:\/\/www.csj-emballages.com\/wp-content\/uploads\/2024\/03\/Evadis-distributeur.webp","width":800,"height":799,"caption":"Distributeur \u00e0 d\u00e9vidage central"},{"@type":"BreadcrumbList","@id":"https:\/\/www.csj-emballages.com\/de\/produit\/zentraler-abrollspender-weiss-fuer-200er-spulen-ref-e811\/#breadcrumb","itemListElement":[{"@type":"ListItem","position":1,"name":"Accueil","item":"https:\/\/www.csj-emballages.com\/de\/universum-lebensmittelverpackungen\/"},{"@type":"ListItem","position":2,"name":"Shop","item":"https:\/\/www.csj-emballages.com\/shop\/"},{"@type":"ListItem","position":3,"name":"Handtuchspender mit zentraler Entnahme wei\u00df f\u00fcr 200er Spulen (Ref."}]},{"@type":"WebSite","@id":"https:\/\/www.csj-emballages.com\/de\/#website","url":"https:\/\/www.csj-emballages.com\/de\/","name":"CSJ Emballages","description":"","publisher":{"@id":"https:\/\/www.csj-emballages.com\/de\/#organization"},"potentialAction":[{"@type":"SearchAction","target":{"@type":"EntryPoint","urlTemplate":"https:\/\/www.csj-emballages.com\/de\/?s={search_term_string}"},"query-input":{"@type":"PropertyValueSpecification","valueRequired":true,"valueName":"search_term_string"}}],"inLanguage":"de"},{"@type":"Organization","@id":"https:\/\/www.csj-emballages.com\/de\/#Organization\/","name":"CSJ Emballages","url":"https:\/\/www.csj-emballages.com\/de\/","logo":{"@type":"ImageObject","inLanguage":"de","@id":"https:\/\/www.csj-emballages.com\/de\/#\/schema\/logo\/image\/","url":"https:\/\/www.csj-emballages.com\/wp-content\/uploads\/2023\/10\/logo_csj.webp","contentUrl":"https:\/\/www.csj-emballages.com\/wp-content\/uploads\/2023\/10\/logo_csj.webp","width":250,"height":95,"caption":"CSJ Emballages"},"image":{"@id":"https:\/\/www.csj-emballages.com\/de\/#\/schema\/logo\/image\/"},"sameAs":["https:\/\/www.facebook.com\/csjemballages"],"address":{"@type":"PostalAddress","streetAddress":"ZI La Lechere","addressLocality":"Patornay","postalCode":"39130","addressCountry":"FR"},"contactPoint":[{"@type":"ContactPoint","contactType":"Service client","telephone":"0384254272","email":"contact@csj-emballages.com"}]}]}},"df_price":8.71,"df_sale_price":"","df_regular_price":8.71,"df_image_link":"https:\/\/www.csj-emballages.com\/wp-content\/uploads\/2024\/03\/Evadis-distributeur-300x300.webp","tiered_pricing_type":"fixed","tiered_pricing_fixed_rules":[],"tiered_pricing_percentage_rules":[],"tiered_pricing_minimum":1,"tiered_pricing_roles_data":[],"_links":{"self":[{"href":"https:\/\/www.csj-emballages.com\/de\/wp-json\/wp\/v2\/product\/20539","targetHints":{"allow":["GET"]}}],"collection":[{"href":"https:\/\/www.csj-emballages.com\/de\/wp-json\/wp\/v2\/product"}],"about":[{"href":"https:\/\/www.csj-emballages.com\/de\/wp-json\/wp\/v2\/types\/product"}],"wp:featuredmedia":[{"embeddable":true,"href":"https:\/\/www.csj-emballages.com\/de\/wp-json\/wp\/v2\/media\/221605"}],"wp:attachment":[{"href":"https:\/\/www.csj-emballages.com\/de\/wp-json\/wp\/v2\/media?parent=20539"}],"wp:term":[{"taxonomy":"product_brand","embeddable":true,"href":"https:\/\/www.csj-emballages.com\/de\/wp-json\/wp\/v2\/product_brand?post=20539"},{"taxonomy":"product_cat","embeddable":true,"href":"https:\/\/www.csj-emballages.com\/de\/wp-json\/wp\/v2\/product_cat?post=20539"},{"taxonomy":"product_tag","embeddable":true,"href":"https:\/\/www.csj-emballages.com\/de\/wp-json\/wp\/v2\/product_tag?post=20539"}],"curies":[{"name":"wp","href":"https:\/\/api.w.org\/{rel}","templated":true}]}}