{"id":20536,"date":"2024-03-01T16:54:32","date_gmt":"2024-03-01T15:54:32","guid":{"rendered":"https:\/\/u15jnbdpoq.preview.infomaniak.website\/produit\/zentraler-abrollspender-weiss-fuer-450er-spulen-ref-e822\/"},"modified":"2026-05-07T02:14:39","modified_gmt":"2026-05-07T00:14:39","slug":"zentraler-abrollspender-weiss-fuer-450er-spulen-ref-e822","status":"publish","type":"product","link":"https:\/\/www.csj-emballages.com\/de\/produit\/zentraler-abrollspender-weiss-fuer-450er-spulen-ref-e822\/","title":{"rendered":"Wei\u00dfer Zentralentnahmespender f\u00fcr Handtuchpapier, passend f\u00fcr Art.-Nr. \u201eE822\u201c"},"content":{"rendered":"<h2>Handtuchspender<\/h2>\n<hr>\n<h3>Beschreibung von unserem Handtuchspender mit zentraler Entnahme wei\u00df f\u00fcr 450 Rollen (Ref. E822)<!--more--><\/h3>\n<p data-start=\"309\" data-end=\"696\">Der <strong>Zentralentnahmespender f\u00fcr Handtuchpapier<\/strong> ist eine einfache und effektive L\u00f6sung, um R\u00e4ume sauber, organisiert und pflegeleicht zu halten. Mit seinem <strong>klaren wei\u00dfen Design<\/strong> f\u00fcgt er sich m\u00fchelos in jede Umgebung ein: professionelle K\u00fcchen, Sanit\u00e4rbereiche, Werkst\u00e4tten, B\u00fcros oder Durchgangsbereiche. Er bleibt diskret und erledigt seine Aufgabe perfekt.  <\/p>\n<p data-start=\"698\" data-end=\"1062\">Dank seines <strong data-start=\"721\" data-end=\"741\">Zentralentnahmesystems<\/strong> wird das Handtuchpapier Blatt f\u00fcr Blatt direkt von unten ausgegeben. Das Ergebnis: weniger Abfall und eine hygienischere Nutzung, da jeder Benutzer nur das Blatt ber\u00fchrt, das er verwendet. Diese Funktionsweise ist ideal f\u00fcr Orte mit hohem Besucheraufkommen, wo Sauberkeit stets gew\u00e4hrleistet sein muss.  <\/p>\n<p data-start=\"1064\" data-end=\"1437\">Der <strong>Spender<\/strong> ist <strong data-start=\"1100\" data-end=\"1122\">robust und langlebig<\/strong> konzipiert. Sein Geh\u00e4use sch\u00fctzt die Rolle effektiv vor Feuchtigkeit und Schmutz und erleichtert gleichzeitig das Nachf\u00fcllen. In wenigen Sekunden ist die <strong>Rolle ersetzt<\/strong> und der Spender wieder einsatzbereit. Zudem schafft die Wandmontage Platz und h\u00e4lt die Arbeitsfl\u00e4che stets frei.   <\/p>\n<p data-start=\"1439\" data-end=\"1727\">Sein Format ist kompatibel mit <strong>Standard-Zentralentnahmerollen f\u00fcr Handtuchpapier<\/strong>, was Einschr\u00e4nkungen vermeidet und die Beschaffung erleichtert. Ob zum H\u00e4ndetrocknen, Reinigen von Oberfl\u00e4chen oder Aufsaugen von Fl\u00fcssigkeiten \u2013 dieser Spender passt sich allen allt\u00e4glichen Anwendungen an. <\/p>\n<p data-start=\"1729\" data-end=\"1914\">Zusammenfassend kombiniert dieser Zentralentnahmespender f\u00fcr Handtuchpapier Praktikabilit\u00e4t, Hygiene und schlichtes Design. Er ist eine sichere Wahl f\u00fcr Profis, die eine zuverl\u00e4ssige, einfach zu bedienende und langlebige Ausr\u00fcstung w\u00fcnschen. <\/p>\n<p data-start=\"1729\" data-end=\"1914\">\n<p data-start=\"1729\" data-end=\"1914\"><!--more--><\/p>\n<div class=\"markdown prose w-full break-words dark:prose-invert dark\">\n<p><strong>Handtuchspender, zur Verwendung mit den Artikelnummern <span style=\"color: #d12727;\"><a style=\"color: #d12727;\" href=\"https:\/\/www.csj-emballages.com\/es\/produit\/6-rollos-de-toallas-de-mano-lisas-de-puro-algodon-450-formato-19-x-25-cm\/\">E822L<\/a> \/ <a style=\"color: #d12727;\" href=\"https:\/\/www.csj-emballages.com\/es\/produit\/6-rollos-de-toallas-de-mano-gofradas-450-formato-185-x-20-cm\/\">E822S<\/a><\/span><\/strong><\/p>\n<p>*Dieser Handtuchspender wird mit Schrauben geliefert.<\/p>\n<p>&nbsp;<\/p>\n<\/div>\n<p><!--more--><\/p>\n<h4>Vorteile :<\/h4>\n<ul>\n<li data-start=\"1942\" data-end=\"1992\"><strong>Einzelblattentnahme<\/strong>, sparsamer.<\/li>\n<li data-start=\"1995\" data-end=\"2046\">Hygienische Nutzung dank Zentralentnahme.<\/li>\n<li data-start=\"2049\" data-end=\"2089\"><strong>Wei\u00dfes Design<\/strong>, diskret und professionell.<\/li>\n<li data-start=\"2092\" data-end=\"2124\">Schnelles und einfaches Nachf\u00fcllen.<\/li>\n<li data-start=\"2127\" data-end=\"2167\"><strong>Wandmontage<\/strong> f\u00fcr Platzersparnis.<\/li>\n<li data-start=\"2170\" data-end=\"2205\">Kompatibel mit Standardrollen.<\/li>\n<\/ul>\n<p>&nbsp;<\/p>\n<p><!--more--><\/p>\n<h4>Weitere Informationen :<\/h4>\n<ul>\n<li><strong>Verpackung<\/strong>: Einzeln<\/li>\n<li><strong>Abmessungen<\/strong>: 25 x 29,5 (B x H in cm)<\/li>\n<li><strong>Material<\/strong>: Kunststoff<\/li>\n<li><strong>Farbe<\/strong>: Wei\u00df<\/li>\n<li><strong>Nutzung<\/strong>: Manuell<\/li>\n<li><strong>Kapazit\u00e4t<\/strong>: Spule mit 200 Formaten<span style=\"color: #d12727;\"><a style=\"color: #d12727;\" href=\"https:\/\/www.csj-emballages.com\/es\/produit\/6-rollos-de-toallas-de-mano-gofradas-450-formato-185-x-20-cm\/\">(E822S<\/a> \/ <a style=\"color: #d12727;\" href=\"https:\/\/www.csj-emballages.com\/es\/produit\/6-rollos-de-toallas-de-mano-lisas-de-puro-algodon-450-formato-19-x-25-cm\/\">E822L<\/a><\/span>)<\/li>\n<\/ul>\n<p>&nbsp;<\/p>\n<p><!--more--><\/p>\n<p><a href=\"https:\/\/www.csj-emballages.com\/de\/categorie-produit\/hygiene-und-pflege\/vertriebspartner\/\">Sehen Sie sich den Rest unseres Sortiments an Vertriebspartnern an.<\/a><\/p>\n","protected":false},"excerpt":{"rendered":"<p>Handtuchspender Beschreibung von unserem Handtuchspender mit zentraler Entnahme wei\u00df f\u00fcr 450 Rollen (Ref. E822)<\/p>\n","protected":false},"featured_media":221610,"template":"","meta":{"_acf_changed":false},"product_brand":[],"product_cat":[1218,1409,1377,1452,1453],"product_tag":[],"class_list":{"0":"post-20536","1":"product","2":"type-product","3":"status-publish","4":"has-post-thumbnail","6":"product_cat-hygiene-und-pflege","7":"product_cat-vertriebspartner","8":"product_cat-wischtucher","9":"product_cat-handtucher-de","10":"product_cat-handrollschirme","12":"first","13":"instock","14":"taxable","15":"shipping-taxable","16":"purchasable","17":"product-type-simple"},"acf":[],"yoast_head":"<!-- This site is optimized with the Yoast SEO Premium plugin v26.6 (Yoast SEO v26.6) - https:\/\/yoast.com\/wordpress\/plugins\/seo\/ -->\n<title>Handtuchspender mit zentraler Entnahme f\u00fcr Rolle E822<\/title>\n<meta name=\"description\" content=\"Entdecken Sie unseren wei\u00dfen Handtuchspender mit zentraler Entnahme. Manuelle Verwendung. Kompatibel mit Handtuch E822S\/L\" \/>\n<meta name=\"robots\" content=\"index, follow, max-snippet:-1, max-image-preview:large, max-video-preview:-1\" \/>\n<link rel=\"canonical\" href=\"https:\/\/www.csj-emballages.com\/de\/produit\/zentraler-abrollspender-weiss-fuer-450er-spulen-ref-e822\/\" \/>\n<meta property=\"og:locale\" content=\"de_DE\" \/>\n<meta property=\"og:type\" content=\"article\" \/>\n<meta property=\"og:title\" content=\"Wei\u00dfer Zentralentnahmespender f\u00fcr Handtuchpapier, passend f\u00fcr Art.-Nr. \u201eE822\u201c\" \/>\n<meta property=\"og:description\" content=\"Entdecken Sie unseren wei\u00dfen Handtuchspender mit zentraler Entnahme. Manuelle Verwendung. Kompatibel mit Handtuch E822S\/L\" \/>\n<meta property=\"og:url\" content=\"https:\/\/www.csj-emballages.com\/de\/produit\/zentraler-abrollspender-weiss-fuer-450er-spulen-ref-e822\/\" \/>\n<meta property=\"og:site_name\" content=\"CSJ Emballages\" \/>\n<meta property=\"article:publisher\" content=\"https:\/\/www.facebook.com\/csjemballages\" \/>\n<meta property=\"article:modified_time\" content=\"2026-05-07T00:14:39+00:00\" \/>\n<meta property=\"og:image\" content=\"https:\/\/www.csj-emballages.com\/wp-content\/uploads\/2024\/03\/DistriE822.webp\" \/>\n\t<meta property=\"og:image:width\" content=\"800\" \/>\n\t<meta property=\"og:image:height\" content=\"800\" \/>\n\t<meta property=\"og:image:type\" content=\"image\/webp\" \/>\n<meta name=\"twitter:card\" content=\"summary_large_image\" \/>\n<meta name=\"twitter:label1\" content=\"Gesch\u00e4tzte Lesezeit\" \/>\n\t<meta name=\"twitter:data1\" content=\"2 Minuten\" \/>\n<script type=\"application\/ld+json\" class=\"yoast-schema-graph\">{\"@context\":\"https:\/\/schema.org\",\"@graph\":[{\"@type\":\"WebPage\",\"@id\":\"https:\/\/www.csj-emballages.com\/de\/produit\/zentraler-abrollspender-weiss-fuer-450er-spulen-ref-e822\/\",\"url\":\"https:\/\/www.csj-emballages.com\/de\/produit\/zentraler-abrollspender-weiss-fuer-450er-spulen-ref-e822\/\",\"name\":\"Handtuchspender mit zentraler Entnahme f\u00fcr Rolle E822\",\"isPartOf\":{\"@id\":\"https:\/\/www.csj-emballages.com\/de\/#website\"},\"primaryImageOfPage\":{\"@id\":\"https:\/\/www.csj-emballages.com\/de\/produit\/zentraler-abrollspender-weiss-fuer-450er-spulen-ref-e822\/#primaryimage\"},\"image\":{\"@id\":\"https:\/\/www.csj-emballages.com\/de\/produit\/zentraler-abrollspender-weiss-fuer-450er-spulen-ref-e822\/#primaryimage\"},\"thumbnailUrl\":\"https:\/\/www.csj-emballages.com\/wp-content\/uploads\/2024\/03\/DistriE822.webp\",\"datePublished\":\"2024-03-01T15:54:32+00:00\",\"dateModified\":\"2026-05-07T00:14:39+00:00\",\"description\":\"Entdecken Sie unseren wei\u00dfen Handtuchspender mit zentraler Entnahme. Manuelle Verwendung. Kompatibel mit Handtuch E822S\/L\",\"breadcrumb\":{\"@id\":\"https:\/\/www.csj-emballages.com\/de\/produit\/zentraler-abrollspender-weiss-fuer-450er-spulen-ref-e822\/#breadcrumb\"},\"inLanguage\":\"de\",\"potentialAction\":[{\"@type\":\"ReadAction\",\"target\":[\"https:\/\/www.csj-emballages.com\/de\/produit\/zentraler-abrollspender-weiss-fuer-450er-spulen-ref-e822\/\"]}]},{\"@type\":\"ImageObject\",\"inLanguage\":\"de\",\"@id\":\"https:\/\/www.csj-emballages.com\/de\/produit\/zentraler-abrollspender-weiss-fuer-450er-spulen-ref-e822\/#primaryimage\",\"url\":\"https:\/\/www.csj-emballages.com\/wp-content\/uploads\/2024\/03\/DistriE822.webp\",\"contentUrl\":\"https:\/\/www.csj-emballages.com\/wp-content\/uploads\/2024\/03\/DistriE822.webp\",\"width\":800,\"height\":800,\"caption\":\"Distributeur \u00e0 d\u00e9vidage central\"},{\"@type\":\"BreadcrumbList\",\"@id\":\"https:\/\/www.csj-emballages.com\/de\/produit\/zentraler-abrollspender-weiss-fuer-450er-spulen-ref-e822\/#breadcrumb\",\"itemListElement\":[{\"@type\":\"ListItem\",\"position\":1,\"name\":\"Accueil\",\"item\":\"https:\/\/www.csj-emballages.com\/de\/universum-lebensmittelverpackungen\/\"},{\"@type\":\"ListItem\",\"position\":2,\"name\":\"Shop\",\"item\":\"https:\/\/www.csj-emballages.com\/shop\/\"},{\"@type\":\"ListItem\",\"position\":3,\"name\":\"Wei\u00dfer Zentralentnahmespender f\u00fcr Handtuchpapier, passend f\u00fcr Art.-Nr. \u201eE822\u201c\"}]},{\"@type\":\"WebSite\",\"@id\":\"https:\/\/www.csj-emballages.com\/de\/#website\",\"url\":\"https:\/\/www.csj-emballages.com\/de\/\",\"name\":\"CSJ Emballages\",\"description\":\"\",\"publisher\":{\"@id\":\"https:\/\/www.csj-emballages.com\/de\/#organization\"},\"potentialAction\":[{\"@type\":\"SearchAction\",\"target\":{\"@type\":\"EntryPoint\",\"urlTemplate\":\"https:\/\/www.csj-emballages.com\/de\/?s={search_term_string}\"},\"query-input\":{\"@type\":\"PropertyValueSpecification\",\"valueRequired\":true,\"valueName\":\"search_term_string\"}}],\"inLanguage\":\"de\"},{\"@type\":\"Organization\",\"@id\":\"https:\/\/www.csj-emballages.com\/de\/#Organization\/\",\"name\":\"CSJ Emballages\",\"url\":\"https:\/\/www.csj-emballages.com\/de\/\",\"logo\":{\"@type\":\"ImageObject\",\"inLanguage\":\"de\",\"@id\":\"https:\/\/www.csj-emballages.com\/de\/#\/schema\/logo\/image\/\",\"url\":\"https:\/\/www.csj-emballages.com\/wp-content\/uploads\/2023\/10\/logo_csj.webp\",\"contentUrl\":\"https:\/\/www.csj-emballages.com\/wp-content\/uploads\/2023\/10\/logo_csj.webp\",\"width\":250,\"height\":95,\"caption\":\"CSJ Emballages\"},\"image\":{\"@id\":\"https:\/\/www.csj-emballages.com\/de\/#\/schema\/logo\/image\/\"},\"sameAs\":[\"https:\/\/www.facebook.com\/csjemballages\"],\"address\":{\"@type\":\"PostalAddress\",\"streetAddress\":\"ZI La Lechere\",\"addressLocality\":\"Patornay\",\"postalCode\":\"39130\",\"addressCountry\":\"FR\"},\"contactPoint\":[{\"@type\":\"ContactPoint\",\"contactType\":\"Service client\",\"telephone\":\"0384254272\",\"email\":\"contact@csj-emballages.com\"}]}]}<\/script>\n<!-- \/ Yoast SEO Premium plugin. -->","yoast_head_json":{"title":"Handtuchspender mit zentraler Entnahme f\u00fcr Rolle E822","description":"Entdecken Sie unseren wei\u00dfen Handtuchspender mit zentraler Entnahme. Manuelle Verwendung. Kompatibel mit Handtuch E822S\/L","robots":{"index":"index","follow":"follow","max-snippet":"max-snippet:-1","max-image-preview":"max-image-preview:large","max-video-preview":"max-video-preview:-1"},"canonical":"https:\/\/www.csj-emballages.com\/de\/produit\/zentraler-abrollspender-weiss-fuer-450er-spulen-ref-e822\/","og_locale":"de_DE","og_type":"article","og_title":"Wei\u00dfer Zentralentnahmespender f\u00fcr Handtuchpapier, passend f\u00fcr Art.-Nr. \u201eE822\u201c","og_description":"Entdecken Sie unseren wei\u00dfen Handtuchspender mit zentraler Entnahme. Manuelle Verwendung. Kompatibel mit Handtuch E822S\/L","og_url":"https:\/\/www.csj-emballages.com\/de\/produit\/zentraler-abrollspender-weiss-fuer-450er-spulen-ref-e822\/","og_site_name":"CSJ Emballages","article_publisher":"https:\/\/www.facebook.com\/csjemballages","article_modified_time":"2026-05-07T00:14:39+00:00","og_image":[{"width":800,"height":800,"url":"https:\/\/www.csj-emballages.com\/wp-content\/uploads\/2024\/03\/DistriE822.webp","type":"image\/webp"}],"twitter_card":"summary_large_image","twitter_misc":{"Gesch\u00e4tzte Lesezeit":"2 Minuten"},"schema":{"@context":"https:\/\/schema.org","@graph":[{"@type":"WebPage","@id":"https:\/\/www.csj-emballages.com\/de\/produit\/zentraler-abrollspender-weiss-fuer-450er-spulen-ref-e822\/","url":"https:\/\/www.csj-emballages.com\/de\/produit\/zentraler-abrollspender-weiss-fuer-450er-spulen-ref-e822\/","name":"Handtuchspender mit zentraler Entnahme f\u00fcr Rolle E822","isPartOf":{"@id":"https:\/\/www.csj-emballages.com\/de\/#website"},"primaryImageOfPage":{"@id":"https:\/\/www.csj-emballages.com\/de\/produit\/zentraler-abrollspender-weiss-fuer-450er-spulen-ref-e822\/#primaryimage"},"image":{"@id":"https:\/\/www.csj-emballages.com\/de\/produit\/zentraler-abrollspender-weiss-fuer-450er-spulen-ref-e822\/#primaryimage"},"thumbnailUrl":"https:\/\/www.csj-emballages.com\/wp-content\/uploads\/2024\/03\/DistriE822.webp","datePublished":"2024-03-01T15:54:32+00:00","dateModified":"2026-05-07T00:14:39+00:00","description":"Entdecken Sie unseren wei\u00dfen Handtuchspender mit zentraler Entnahme. Manuelle Verwendung. Kompatibel mit Handtuch E822S\/L","breadcrumb":{"@id":"https:\/\/www.csj-emballages.com\/de\/produit\/zentraler-abrollspender-weiss-fuer-450er-spulen-ref-e822\/#breadcrumb"},"inLanguage":"de","potentialAction":[{"@type":"ReadAction","target":["https:\/\/www.csj-emballages.com\/de\/produit\/zentraler-abrollspender-weiss-fuer-450er-spulen-ref-e822\/"]}]},{"@type":"ImageObject","inLanguage":"de","@id":"https:\/\/www.csj-emballages.com\/de\/produit\/zentraler-abrollspender-weiss-fuer-450er-spulen-ref-e822\/#primaryimage","url":"https:\/\/www.csj-emballages.com\/wp-content\/uploads\/2024\/03\/DistriE822.webp","contentUrl":"https:\/\/www.csj-emballages.com\/wp-content\/uploads\/2024\/03\/DistriE822.webp","width":800,"height":800,"caption":"Distributeur \u00e0 d\u00e9vidage central"},{"@type":"BreadcrumbList","@id":"https:\/\/www.csj-emballages.com\/de\/produit\/zentraler-abrollspender-weiss-fuer-450er-spulen-ref-e822\/#breadcrumb","itemListElement":[{"@type":"ListItem","position":1,"name":"Accueil","item":"https:\/\/www.csj-emballages.com\/de\/universum-lebensmittelverpackungen\/"},{"@type":"ListItem","position":2,"name":"Shop","item":"https:\/\/www.csj-emballages.com\/shop\/"},{"@type":"ListItem","position":3,"name":"Wei\u00dfer Zentralentnahmespender f\u00fcr Handtuchpapier, passend f\u00fcr Art.-Nr. \u201eE822\u201c"}]},{"@type":"WebSite","@id":"https:\/\/www.csj-emballages.com\/de\/#website","url":"https:\/\/www.csj-emballages.com\/de\/","name":"CSJ Emballages","description":"","publisher":{"@id":"https:\/\/www.csj-emballages.com\/de\/#organization"},"potentialAction":[{"@type":"SearchAction","target":{"@type":"EntryPoint","urlTemplate":"https:\/\/www.csj-emballages.com\/de\/?s={search_term_string}"},"query-input":{"@type":"PropertyValueSpecification","valueRequired":true,"valueName":"search_term_string"}}],"inLanguage":"de"},{"@type":"Organization","@id":"https:\/\/www.csj-emballages.com\/de\/#Organization\/","name":"CSJ Emballages","url":"https:\/\/www.csj-emballages.com\/de\/","logo":{"@type":"ImageObject","inLanguage":"de","@id":"https:\/\/www.csj-emballages.com\/de\/#\/schema\/logo\/image\/","url":"https:\/\/www.csj-emballages.com\/wp-content\/uploads\/2023\/10\/logo_csj.webp","contentUrl":"https:\/\/www.csj-emballages.com\/wp-content\/uploads\/2023\/10\/logo_csj.webp","width":250,"height":95,"caption":"CSJ Emballages"},"image":{"@id":"https:\/\/www.csj-emballages.com\/de\/#\/schema\/logo\/image\/"},"sameAs":["https:\/\/www.facebook.com\/csjemballages"],"address":{"@type":"PostalAddress","streetAddress":"ZI La Lechere","addressLocality":"Patornay","postalCode":"39130","addressCountry":"FR"},"contactPoint":[{"@type":"ContactPoint","contactType":"Service client","telephone":"0384254272","email":"contact@csj-emballages.com"}]}]}},"df_price":23.82,"df_sale_price":"","df_regular_price":23.82,"df_image_link":"https:\/\/www.csj-emballages.com\/wp-content\/uploads\/2024\/03\/DistriE822-300x300.webp","tiered_pricing_type":"fixed","tiered_pricing_fixed_rules":[],"tiered_pricing_percentage_rules":[],"tiered_pricing_minimum":1,"tiered_pricing_roles_data":[],"_links":{"self":[{"href":"https:\/\/www.csj-emballages.com\/de\/wp-json\/wp\/v2\/product\/20536","targetHints":{"allow":["GET"]}}],"collection":[{"href":"https:\/\/www.csj-emballages.com\/de\/wp-json\/wp\/v2\/product"}],"about":[{"href":"https:\/\/www.csj-emballages.com\/de\/wp-json\/wp\/v2\/types\/product"}],"wp:featuredmedia":[{"embeddable":true,"href":"https:\/\/www.csj-emballages.com\/de\/wp-json\/wp\/v2\/media\/221610"}],"wp:attachment":[{"href":"https:\/\/www.csj-emballages.com\/de\/wp-json\/wp\/v2\/media?parent=20536"}],"wp:term":[{"taxonomy":"product_brand","embeddable":true,"href":"https:\/\/www.csj-emballages.com\/de\/wp-json\/wp\/v2\/product_brand?post=20536"},{"taxonomy":"product_cat","embeddable":true,"href":"https:\/\/www.csj-emballages.com\/de\/wp-json\/wp\/v2\/product_cat?post=20536"},{"taxonomy":"product_tag","embeddable":true,"href":"https:\/\/www.csj-emballages.com\/de\/wp-json\/wp\/v2\/product_tag?post=20536"}],"curies":[{"name":"wp","href":"https:\/\/api.w.org\/{rel}","templated":true}]}}