{"id":20521,"date":"2024-03-01T16:54:33","date_gmt":"2024-03-01T15:54:33","guid":{"rendered":"https:\/\/u15jnbdpoq.preview.infomaniak.website\/produit\/untersuchungslaken-2-lagig-gepraegt-135-formate-50-x-35-cm\/"},"modified":"2026-05-06T02:13:29","modified_gmt":"2026-05-06T00:13:29","slug":"untersuchungslaken-2-lagig-gepraegt-135-formate-50-x-35-cm","status":"publish","type":"product","link":"https:\/\/www.csj-emballages.com\/de\/produit\/untersuchungslaken-2-lagig-gepraegt-135-formate-50-x-35-cm\/","title":{"rendered":"Untersuchungslaken 2-lagig gepr\u00e4gt 135 Formate 50 x 35 cm"},"content":{"rendered":"<h2>Untersuchungsliegepapier<\/h2>\n<hr>\n<h3>Entdecken Sie unser 2-lagiges, gepr\u00e4gtes Untersuchungsliegepapier, 135 Blatt, 50 x 35 cm<\/h3>\n<p><!--more--><\/p>\n<p data-start=\"242\" data-end=\"621\">Wenn sich Konsultationen aneinanderreihen, ben\u00f6tigt man einfache, zuverl\u00e4ssige und komfortable Produkte. Dieses <strong data-start=\"340\" data-end=\"372\">2-lagige, gepr\u00e4gte Untersuchungsliegepapier<\/strong> erf\u00fcllt genau diese Erwartung. F\u00fcr den t\u00e4glichen Gebrauch konzipiert, sch\u00fctzt es Untersuchungsliegen effektiv und bietet gleichzeitig ein angenehmes Hautgef\u00fchl. Dank seines gepr\u00e4gten Papiers vereint es Weichheit und Widerstandsf\u00e4higkeit, ohne Kompromisse.   <\/p>\n<p data-start=\"623\" data-end=\"966\">Mit seinen <strong data-start=\"632\" data-end=\"673\">135 vorgestanzten Bl\u00e4ttern von 50 x 35 cm<\/strong> erm\u00f6glicht die Rolle eine schnelle und verlustfreie Nutzung. Jedes Blatt l\u00e4sst sich leicht abtrennen, was Zeit zwischen zwei Patienten spart. Das ist ein echter Vorteil, um einen reibungslosen Ablauf zu gew\u00e4hrleisten, besonders in <strong>Arztpraxen, Pflegeeinrichtungen, Wellness-Salons oder Instituten<\/strong>.  <\/p>\n<p data-start=\"968\" data-end=\"1260\">Die <strong data-start=\"971\" data-end=\"985\">doppelte Lage<\/strong> sorgt f\u00fcr eine bessere Absorption und reduziert das Risiko von Rissen w\u00e4hrend der Untersuchung. So bleibt die Liege l\u00e4nger sauber und die Hygiene ist perfekt gew\u00e4hrleistet. Zudem passt das Format auf die meisten Standardliegen, wodurch unn\u00f6tige Anpassungen vermieden werden.  <\/p>\n<p data-start=\"1262\" data-end=\"1601\">Dar\u00fcber hinaus ist dieses <strong>Untersuchungsliegepapier<\/strong> praktisch verpackt, was Lagerung und Handhabung erleichtert. Es f\u00fcgt sich nahtlos in den Arbeitsalltag ein, ohne zus\u00e4tzliche Belastungen zu schaffen. Diskret, effizient und angenehm in der Anwendung, tr\u00e4gt es dazu bei, eine beruhigende Umgebung sowohl f\u00fcr den Behandler als auch f\u00fcr den Patienten zu schaffen.  <\/p>\n<p data-start=\"1603\" data-end=\"1744\">Zusammenfassend ist dieses <strong>Untersuchungsliegepapier<\/strong> ein unverzichtbares Produkt f\u00fcr ein entspanntes Arbeiten, mit einer hygienischen, komfortablen und einfach zu handhabenden L\u00f6sung.<\/p>\n<p data-start=\"1603\" data-end=\"1744\">\n<p data-start=\"1603\" data-end=\"1744\"><!--more--><\/p>\n<h4 data-start=\"1603\" data-end=\"1744\">Vorteile :<\/h4>\n<ul>\n<li data-start=\"1772\" data-end=\"1806\"><strong>Weiches, gepr\u00e4gtes Papier<\/strong> und widerstandsf\u00e4hig.<\/li>\n<li data-start=\"1809\" data-end=\"1848\"><strong>2-lagig<\/strong> f\u00fcr bessere Absorption.<\/li>\n<li data-start=\"1851\" data-end=\"1887\"><strong>135 praktische, vorgestanzte Bl\u00e4tter<\/strong>.<\/li>\n<li data-start=\"1890\" data-end=\"1921\">Einfaches Abrollen und Abtrennen.<\/li>\n<li data-start=\"1924\" data-end=\"1963\">Passend f\u00fcr Standard-Untersuchungsliegen.<\/li>\n<li data-start=\"1966\" data-end=\"2007\">Ideal f\u00fcr medizinische oder Wellness-Anwendungen.<\/li>\n<\/ul>\n<p>&nbsp;<\/p>\n<p><!--more--><\/p>\n<p><strong>Weitere Informationen :  <\/strong><\/p>\n<ul>\n<li><strong>Verpackung<\/strong>: Einzeln<\/li>\n<li><strong>Breite<\/strong>: 50 cm<\/li>\n<li><strong>Material<\/strong>: <span style=\"background-color: #ffffff;\">100% reine Zellulose<\/span><\/li>\n<li><span style=\"background-color: #ffffff;\"><strong>Ma\u00dfe<\/strong>: 135 Bl\u00e4tter \u00e0 35 cm<\/span><\/li>\n<\/ul>\n<p>&nbsp;<\/p>\n<p><!--more--><\/p>\n<p><a href=\"https:\/\/www.csj-emballages.com\/de\/hygiene-universum\/\">Entdecken Sie den Rest unseres Hygienesortiments  <\/a><\/p>\n","protected":false},"excerpt":{"rendered":"<p>Untersuchungsliegepapier Entdecken Sie unser 2-lagiges, gepr\u00e4gtes Untersuchungsliegepapier, 135 Blatt, 50 x 35 cm<\/p>\n","protected":false},"featured_media":221077,"template":"","meta":{"_acf_changed":false},"product_brand":[],"product_cat":[1218,2561],"product_tag":[],"class_list":{"0":"post-20521","1":"product","2":"type-product","3":"status-publish","4":"has-post-thumbnail","6":"product_cat-hygiene-und-pflege","7":"product_cat-untersuchungstucher","9":"first","10":"instock","11":"taxable","12":"shipping-taxable","13":"purchasable","14":"product-type-simple"},"acf":[],"yoast_head":"<!-- This site is optimized with the Yoast SEO Premium plugin v26.6 (Yoast SEO v26.6) - https:\/\/yoast.com\/wordpress\/plugins\/seo\/ -->\n<title>Untersuchungsliegepapier 2-lagig gepr\u00e4gt, 135 Blatt, 50 x 35 cm<\/title>\n<meta name=\"description\" content=\"Untersuchungsliegepapier 2-lagig, gepr\u00e4gt, 50x35 cm, 135 vorgestanzte Bl\u00e4tter. Komfort, Hygiene und Praktikabilit\u00e4t f\u00fcr Arztpraxen und Pflegeeinrichtungen.\" \/>\n<meta name=\"robots\" content=\"index, follow, max-snippet:-1, max-image-preview:large, max-video-preview:-1\" \/>\n<link rel=\"canonical\" href=\"https:\/\/www.csj-emballages.com\/de\/produit\/untersuchungslaken-2-lagig-gepraegt-135-formate-50-x-35-cm\/\" \/>\n<meta property=\"og:locale\" content=\"de_DE\" \/>\n<meta property=\"og:type\" content=\"article\" \/>\n<meta property=\"og:title\" content=\"Untersuchungslaken 2-lagig gepr\u00e4gt 135 Formate 50 x 35 cm\" \/>\n<meta property=\"og:description\" content=\"Untersuchungsliegepapier 2-lagig, gepr\u00e4gt, 50x35 cm, 135 vorgestanzte Bl\u00e4tter. Komfort, Hygiene und Praktikabilit\u00e4t f\u00fcr Arztpraxen und Pflegeeinrichtungen.\" \/>\n<meta property=\"og:url\" content=\"https:\/\/www.csj-emballages.com\/de\/produit\/untersuchungslaken-2-lagig-gepraegt-135-formate-50-x-35-cm\/\" \/>\n<meta property=\"og:site_name\" content=\"CSJ Emballages\" \/>\n<meta property=\"article:publisher\" content=\"https:\/\/www.facebook.com\/csjemballages\" \/>\n<meta property=\"article:modified_time\" content=\"2026-05-06T00:13:29+00:00\" \/>\n<meta property=\"og:image\" content=\"https:\/\/www.csj-emballages.com\/wp-content\/uploads\/2024\/03\/DRAP-EXAMEN-BLANC-2-PLIS-J226PMR.webp\" \/>\n\t<meta property=\"og:image:width\" content=\"800\" \/>\n\t<meta property=\"og:image:height\" content=\"800\" \/>\n\t<meta property=\"og:image:type\" content=\"image\/webp\" \/>\n<meta name=\"twitter:card\" content=\"summary_large_image\" \/>\n<meta name=\"twitter:label1\" content=\"Gesch\u00e4tzte Lesezeit\" \/>\n\t<meta name=\"twitter:data1\" content=\"1\u00a0Minute\" \/>\n<script type=\"application\/ld+json\" class=\"yoast-schema-graph\">{\"@context\":\"https:\/\/schema.org\",\"@graph\":[{\"@type\":\"WebPage\",\"@id\":\"https:\/\/www.csj-emballages.com\/de\/produit\/untersuchungslaken-2-lagig-gepraegt-135-formate-50-x-35-cm\/\",\"url\":\"https:\/\/www.csj-emballages.com\/de\/produit\/untersuchungslaken-2-lagig-gepraegt-135-formate-50-x-35-cm\/\",\"name\":\"Untersuchungsliegepapier 2-lagig gepr\u00e4gt, 135 Blatt, 50 x 35 cm\",\"isPartOf\":{\"@id\":\"https:\/\/www.csj-emballages.com\/de\/#website\"},\"primaryImageOfPage\":{\"@id\":\"https:\/\/www.csj-emballages.com\/de\/produit\/untersuchungslaken-2-lagig-gepraegt-135-formate-50-x-35-cm\/#primaryimage\"},\"image\":{\"@id\":\"https:\/\/www.csj-emballages.com\/de\/produit\/untersuchungslaken-2-lagig-gepraegt-135-formate-50-x-35-cm\/#primaryimage\"},\"thumbnailUrl\":\"https:\/\/www.csj-emballages.com\/wp-content\/uploads\/2024\/03\/DRAP-EXAMEN-BLANC-2-PLIS-J226PMR.webp\",\"datePublished\":\"2024-03-01T15:54:33+00:00\",\"dateModified\":\"2026-05-06T00:13:29+00:00\",\"description\":\"Untersuchungsliegepapier 2-lagig, gepr\u00e4gt, 50x35 cm, 135 vorgestanzte Bl\u00e4tter. Komfort, Hygiene und Praktikabilit\u00e4t f\u00fcr Arztpraxen und Pflegeeinrichtungen.\",\"breadcrumb\":{\"@id\":\"https:\/\/www.csj-emballages.com\/de\/produit\/untersuchungslaken-2-lagig-gepraegt-135-formate-50-x-35-cm\/#breadcrumb\"},\"inLanguage\":\"de\",\"potentialAction\":[{\"@type\":\"ReadAction\",\"target\":[\"https:\/\/www.csj-emballages.com\/de\/produit\/untersuchungslaken-2-lagig-gepraegt-135-formate-50-x-35-cm\/\"]}]},{\"@type\":\"ImageObject\",\"inLanguage\":\"de\",\"@id\":\"https:\/\/www.csj-emballages.com\/de\/produit\/untersuchungslaken-2-lagig-gepraegt-135-formate-50-x-35-cm\/#primaryimage\",\"url\":\"https:\/\/www.csj-emballages.com\/wp-content\/uploads\/2024\/03\/DRAP-EXAMEN-BLANC-2-PLIS-J226PMR.webp\",\"contentUrl\":\"https:\/\/www.csj-emballages.com\/wp-content\/uploads\/2024\/03\/DRAP-EXAMEN-BLANC-2-PLIS-J226PMR.webp\",\"width\":800,\"height\":800,\"caption\":\"Drap d'examen\"},{\"@type\":\"BreadcrumbList\",\"@id\":\"https:\/\/www.csj-emballages.com\/de\/produit\/untersuchungslaken-2-lagig-gepraegt-135-formate-50-x-35-cm\/#breadcrumb\",\"itemListElement\":[{\"@type\":\"ListItem\",\"position\":1,\"name\":\"Accueil\",\"item\":\"https:\/\/www.csj-emballages.com\/de\/universum-lebensmittelverpackungen\/\"},{\"@type\":\"ListItem\",\"position\":2,\"name\":\"Shop\",\"item\":\"https:\/\/www.csj-emballages.com\/shop\/\"},{\"@type\":\"ListItem\",\"position\":3,\"name\":\"Untersuchungslaken 2-lagig gepr\u00e4gt 135 Formate 50 x 35 cm\"}]},{\"@type\":\"WebSite\",\"@id\":\"https:\/\/www.csj-emballages.com\/de\/#website\",\"url\":\"https:\/\/www.csj-emballages.com\/de\/\",\"name\":\"CSJ Emballages\",\"description\":\"\",\"publisher\":{\"@id\":\"https:\/\/www.csj-emballages.com\/de\/#organization\"},\"potentialAction\":[{\"@type\":\"SearchAction\",\"target\":{\"@type\":\"EntryPoint\",\"urlTemplate\":\"https:\/\/www.csj-emballages.com\/de\/?s={search_term_string}\"},\"query-input\":{\"@type\":\"PropertyValueSpecification\",\"valueRequired\":true,\"valueName\":\"search_term_string\"}}],\"inLanguage\":\"de\"},{\"@type\":\"Organization\",\"@id\":\"https:\/\/www.csj-emballages.com\/de\/#Organization\/\",\"name\":\"CSJ Emballages\",\"url\":\"https:\/\/www.csj-emballages.com\/de\/\",\"logo\":{\"@type\":\"ImageObject\",\"inLanguage\":\"de\",\"@id\":\"https:\/\/www.csj-emballages.com\/de\/#\/schema\/logo\/image\/\",\"url\":\"https:\/\/www.csj-emballages.com\/wp-content\/uploads\/2023\/10\/logo_csj.webp\",\"contentUrl\":\"https:\/\/www.csj-emballages.com\/wp-content\/uploads\/2023\/10\/logo_csj.webp\",\"width\":250,\"height\":95,\"caption\":\"CSJ Emballages\"},\"image\":{\"@id\":\"https:\/\/www.csj-emballages.com\/de\/#\/schema\/logo\/image\/\"},\"sameAs\":[\"https:\/\/www.facebook.com\/csjemballages\"],\"address\":{\"@type\":\"PostalAddress\",\"streetAddress\":\"ZI La Lechere\",\"addressLocality\":\"Patornay\",\"postalCode\":\"39130\",\"addressCountry\":\"FR\"},\"contactPoint\":[{\"@type\":\"ContactPoint\",\"contactType\":\"Service client\",\"telephone\":\"0384254272\",\"email\":\"contact@csj-emballages.com\"}]}]}<\/script>\n<!-- \/ Yoast SEO Premium plugin. -->","yoast_head_json":{"title":"Untersuchungsliegepapier 2-lagig gepr\u00e4gt, 135 Blatt, 50 x 35 cm","description":"Untersuchungsliegepapier 2-lagig, gepr\u00e4gt, 50x35 cm, 135 vorgestanzte Bl\u00e4tter. Komfort, Hygiene und Praktikabilit\u00e4t f\u00fcr Arztpraxen und Pflegeeinrichtungen.","robots":{"index":"index","follow":"follow","max-snippet":"max-snippet:-1","max-image-preview":"max-image-preview:large","max-video-preview":"max-video-preview:-1"},"canonical":"https:\/\/www.csj-emballages.com\/de\/produit\/untersuchungslaken-2-lagig-gepraegt-135-formate-50-x-35-cm\/","og_locale":"de_DE","og_type":"article","og_title":"Untersuchungslaken 2-lagig gepr\u00e4gt 135 Formate 50 x 35 cm","og_description":"Untersuchungsliegepapier 2-lagig, gepr\u00e4gt, 50x35 cm, 135 vorgestanzte Bl\u00e4tter. Komfort, Hygiene und Praktikabilit\u00e4t f\u00fcr Arztpraxen und Pflegeeinrichtungen.","og_url":"https:\/\/www.csj-emballages.com\/de\/produit\/untersuchungslaken-2-lagig-gepraegt-135-formate-50-x-35-cm\/","og_site_name":"CSJ Emballages","article_publisher":"https:\/\/www.facebook.com\/csjemballages","article_modified_time":"2026-05-06T00:13:29+00:00","og_image":[{"width":800,"height":800,"url":"https:\/\/www.csj-emballages.com\/wp-content\/uploads\/2024\/03\/DRAP-EXAMEN-BLANC-2-PLIS-J226PMR.webp","type":"image\/webp"}],"twitter_card":"summary_large_image","twitter_misc":{"Gesch\u00e4tzte Lesezeit":"1\u00a0Minute"},"schema":{"@context":"https:\/\/schema.org","@graph":[{"@type":"WebPage","@id":"https:\/\/www.csj-emballages.com\/de\/produit\/untersuchungslaken-2-lagig-gepraegt-135-formate-50-x-35-cm\/","url":"https:\/\/www.csj-emballages.com\/de\/produit\/untersuchungslaken-2-lagig-gepraegt-135-formate-50-x-35-cm\/","name":"Untersuchungsliegepapier 2-lagig gepr\u00e4gt, 135 Blatt, 50 x 35 cm","isPartOf":{"@id":"https:\/\/www.csj-emballages.com\/de\/#website"},"primaryImageOfPage":{"@id":"https:\/\/www.csj-emballages.com\/de\/produit\/untersuchungslaken-2-lagig-gepraegt-135-formate-50-x-35-cm\/#primaryimage"},"image":{"@id":"https:\/\/www.csj-emballages.com\/de\/produit\/untersuchungslaken-2-lagig-gepraegt-135-formate-50-x-35-cm\/#primaryimage"},"thumbnailUrl":"https:\/\/www.csj-emballages.com\/wp-content\/uploads\/2024\/03\/DRAP-EXAMEN-BLANC-2-PLIS-J226PMR.webp","datePublished":"2024-03-01T15:54:33+00:00","dateModified":"2026-05-06T00:13:29+00:00","description":"Untersuchungsliegepapier 2-lagig, gepr\u00e4gt, 50x35 cm, 135 vorgestanzte Bl\u00e4tter. Komfort, Hygiene und Praktikabilit\u00e4t f\u00fcr Arztpraxen und Pflegeeinrichtungen.","breadcrumb":{"@id":"https:\/\/www.csj-emballages.com\/de\/produit\/untersuchungslaken-2-lagig-gepraegt-135-formate-50-x-35-cm\/#breadcrumb"},"inLanguage":"de","potentialAction":[{"@type":"ReadAction","target":["https:\/\/www.csj-emballages.com\/de\/produit\/untersuchungslaken-2-lagig-gepraegt-135-formate-50-x-35-cm\/"]}]},{"@type":"ImageObject","inLanguage":"de","@id":"https:\/\/www.csj-emballages.com\/de\/produit\/untersuchungslaken-2-lagig-gepraegt-135-formate-50-x-35-cm\/#primaryimage","url":"https:\/\/www.csj-emballages.com\/wp-content\/uploads\/2024\/03\/DRAP-EXAMEN-BLANC-2-PLIS-J226PMR.webp","contentUrl":"https:\/\/www.csj-emballages.com\/wp-content\/uploads\/2024\/03\/DRAP-EXAMEN-BLANC-2-PLIS-J226PMR.webp","width":800,"height":800,"caption":"Drap d'examen"},{"@type":"BreadcrumbList","@id":"https:\/\/www.csj-emballages.com\/de\/produit\/untersuchungslaken-2-lagig-gepraegt-135-formate-50-x-35-cm\/#breadcrumb","itemListElement":[{"@type":"ListItem","position":1,"name":"Accueil","item":"https:\/\/www.csj-emballages.com\/de\/universum-lebensmittelverpackungen\/"},{"@type":"ListItem","position":2,"name":"Shop","item":"https:\/\/www.csj-emballages.com\/shop\/"},{"@type":"ListItem","position":3,"name":"Untersuchungslaken 2-lagig gepr\u00e4gt 135 Formate 50 x 35 cm"}]},{"@type":"WebSite","@id":"https:\/\/www.csj-emballages.com\/de\/#website","url":"https:\/\/www.csj-emballages.com\/de\/","name":"CSJ Emballages","description":"","publisher":{"@id":"https:\/\/www.csj-emballages.com\/de\/#organization"},"potentialAction":[{"@type":"SearchAction","target":{"@type":"EntryPoint","urlTemplate":"https:\/\/www.csj-emballages.com\/de\/?s={search_term_string}"},"query-input":{"@type":"PropertyValueSpecification","valueRequired":true,"valueName":"search_term_string"}}],"inLanguage":"de"},{"@type":"Organization","@id":"https:\/\/www.csj-emballages.com\/de\/#Organization\/","name":"CSJ Emballages","url":"https:\/\/www.csj-emballages.com\/de\/","logo":{"@type":"ImageObject","inLanguage":"de","@id":"https:\/\/www.csj-emballages.com\/de\/#\/schema\/logo\/image\/","url":"https:\/\/www.csj-emballages.com\/wp-content\/uploads\/2023\/10\/logo_csj.webp","contentUrl":"https:\/\/www.csj-emballages.com\/wp-content\/uploads\/2023\/10\/logo_csj.webp","width":250,"height":95,"caption":"CSJ Emballages"},"image":{"@id":"https:\/\/www.csj-emballages.com\/de\/#\/schema\/logo\/image\/"},"sameAs":["https:\/\/www.facebook.com\/csjemballages"],"address":{"@type":"PostalAddress","streetAddress":"ZI La Lechere","addressLocality":"Patornay","postalCode":"39130","addressCountry":"FR"},"contactPoint":[{"@type":"ContactPoint","contactType":"Service client","telephone":"0384254272","email":"contact@csj-emballages.com"}]}]}},"df_price":4.93,"df_sale_price":"","df_regular_price":4.93,"df_image_link":"https:\/\/www.csj-emballages.com\/wp-content\/uploads\/2024\/03\/DRAP-EXAMEN-BLANC-2-PLIS-J226PMR-300x300.webp","tiered_pricing_type":"fixed","tiered_pricing_fixed_rules":[],"tiered_pricing_percentage_rules":[],"tiered_pricing_minimum":1,"tiered_pricing_roles_data":[],"_links":{"self":[{"href":"https:\/\/www.csj-emballages.com\/de\/wp-json\/wp\/v2\/product\/20521","targetHints":{"allow":["GET"]}}],"collection":[{"href":"https:\/\/www.csj-emballages.com\/de\/wp-json\/wp\/v2\/product"}],"about":[{"href":"https:\/\/www.csj-emballages.com\/de\/wp-json\/wp\/v2\/types\/product"}],"wp:featuredmedia":[{"embeddable":true,"href":"https:\/\/www.csj-emballages.com\/de\/wp-json\/wp\/v2\/media\/221077"}],"wp:attachment":[{"href":"https:\/\/www.csj-emballages.com\/de\/wp-json\/wp\/v2\/media?parent=20521"}],"wp:term":[{"taxonomy":"product_brand","embeddable":true,"href":"https:\/\/www.csj-emballages.com\/de\/wp-json\/wp\/v2\/product_brand?post=20521"},{"taxonomy":"product_cat","embeddable":true,"href":"https:\/\/www.csj-emballages.com\/de\/wp-json\/wp\/v2\/product_cat?post=20521"},{"taxonomy":"product_tag","embeddable":true,"href":"https:\/\/www.csj-emballages.com\/de\/wp-json\/wp\/v2\/product_tag?post=20521"}],"curies":[{"name":"wp","href":"https:\/\/api.w.org\/{rel}","templated":true}]}}