{"id":20516,"date":"2024-03-01T16:54:33","date_gmt":"2024-03-01T15:54:33","guid":{"rendered":"https:\/\/u15jnbdpoq.preview.infomaniak.website\/produit\/spannbettlaken-fuer-1-person-plp-vlies-weiss-90-x-190-15-cm\/"},"modified":"2026-03-12T16:23:01","modified_gmt":"2026-03-12T15:23:01","slug":"spannbettlaken-fuer-1-person-plp-vlies-weiss-90-x-190-15-cm","status":"publish","type":"product","link":"https:\/\/www.csj-emballages.com\/de\/produit\/spannbettlaken-fuer-1-person-plp-vlies-weiss-90-x-190-15-cm\/","title":{"rendered":"Spannbettlaken f\u00fcr 1 Person PLP Vlies wei\u00df 90 x 190 + 15 cm pro 100"},"content":{"rendered":"<h2>Spannbettlaken<\/h2>\n<hr>\n<h3>Beschreibung unseres Spannbettlakens f\u00fcr 2 Personen PLP Vlies wei\u00df 90 x 190 + 15 cm per 100<\/h3>\n<p><!--more--><\/p>\n<div class=\"flex max-w-full flex-col flex-grow\">\n<div class=\"min-h-8 text-message flex w-full flex-col items-end gap-2 whitespace-normal break-words text-start [.text-message+&amp;]:mt-5\" dir=\"auto\" data-message-author-role=\"assistant\" data-message-id=\"266ca6f3-5e07-4948-bd20-80ac5e6da4a5\" data-message-model-slug=\"gpt-4o\">\n<div class=\"flex w-full flex-col gap-1 empty:hidden first:pt-[3px]\">\n<div class=\"markdown prose w-full break-words dark:prose-invert dark\">\n<p class=\"\" data-start=\"228\" data-end=\"558\">Bieten Sie Ihren Kunden, Patienten oder G\u00e4sten eine saubere, praktische und hygienische Schlafgelegenheit mit diesem <strong>Spannbetttuch f\u00fcr 2 Personen<\/strong> aus <strong data-start=\"351\" data-end=\"379\">Vliesstoff (PLP)<\/strong>. Es passt auf Matratzen mit den Ma\u00dfen <strong>90 x 190 cm und<\/strong> verf\u00fcgt \u00fcber <strong data-start=\"459\" data-end=\"503\">elastische R\u00e4nder mit einer 15 cm hohen Kappe<\/strong>, die f\u00fcr einen guten Halt auf der Matratze sorgt, ohne zu verrutschen. Dieses <strong>Vlieslaken<\/strong> ist ideal f\u00fcr den <strong data-start=\"575\" data-end=\"634\">Einsatz im medizinischen Bereich, im Hotelgewerbe oder bei Veranstaltungen<\/strong> und bietet eine kosteng\u00fcnstige und hygienische L\u00f6sung zum Abdecken eines Doppelbettes. Das <strong data-start=\"727\" data-end=\"754\">nicht gewebte Polypropylen<\/strong> bietet eine leichte Barriere gegen Verschmutzungen, bleibt dabei aber atmungsaktiv und komfortabel f\u00fcr den Benutzer.   <\/p>\n<p class=\"\" data-start=\"866\" data-end=\"1131\">Dieses Spannbettlaken ist <strong data-start=\"912\" data-end=\"949\">gebrauchsfertig, leicht zu lagern<\/strong> und spart viel Zeit, da es nicht mehr gewaschen werden muss. Es ist eine gute Wahl f\u00fcr Einrichtungen mit hohem Bettenwechsel oder hygienebewusste Strukturen. <\/p>\n<p data-start=\"866\" data-end=\"1131\">\n<\/div>\n<\/div>\n<\/div>\n<\/div>\n<p><!--more--><\/p>\n<h4>Seine Vorteile :<\/h4>\n<ul>\n<li><strong>PLP-Vliesmaterial<\/strong>: leicht, atmungsaktiv und weich im Griff.<\/li>\n<li><strong>Elastisch<\/strong>: optimaler Halt auf der Matratze, verrutscht nicht.<\/li>\n<li><strong>Gummiz\u00fcge an Kopf- und Fu\u00dfende<\/strong>: Perfekter Halt auf der Matratze, auch bei Bewegungen.<\/li>\n<li><strong>Garantierte Hygiene<\/strong>: Sch\u00fctzt die Matratze wirksam vor Flecken und Verschmutzungen.<\/li>\n<\/ul>\n<p>&nbsp;<\/p>\n<p><!--more--><\/p>\n<h4>Weitere Informationen :<\/h4>\n<ul>\n<li><strong>Verpackung<\/strong>: Packung mit 100 St\u00fcck<\/li>\n<li><strong>Unterverpackung<\/strong>: Einzelne Beutel<\/li>\n<li><strong>Ma\u00dfe<\/strong>: 90 x 190 + 15 cm<\/li>\n<li><strong>Material<\/strong>: Polypropylen (PLP) Vliesstoff<\/li>\n<li><strong>Farbe<\/strong>: Wei\u00df<\/li>\n<li><b>Kapazit\u00e4t: <\/b>1 Person<\/li>\n<li><strong>Dicke<\/strong>: 30 g\/m\u00b2<\/li>\n<\/ul>\n<p>&nbsp;<\/p>\n<p><!--more--><\/p>\n<p>Dieses Spannbettlaken ist in verschiedenen Gr\u00f6\u00dfen erh\u00e4ltlich : <span style=\"color: #d12727;\"><a style=\"color: #d12727;\" href=\"https:\/\/www.csj-emballages.com\/es\/produit\/100-cubrecolchones-no-tejidos-blancos-plp-para-2-personas-140-x-190-cm\/\">140 x 190 x 15 cm<\/a><\/span> \/ <span style=\"color: #d12727;\"><a style=\"color: #d12727;\" href=\"https:\/\/www.csj-emballages.com\/de\/produit\/spannbettlaken-fuer-2-personen-plp-vlies-weiss-160-x-200-15-cm-pro-100\/\">160 x 200 x 15 cm<\/a><\/span><\/p>\n<p>&nbsp;<\/p>\n<p><!--more--><\/p>\n<p><a href=\"https:\/\/www.csj-emballages.com\/de\/categorie-produit\/hygiene-und-pflege\/einmalige-bettwasche\/\">Sehen Sie sich den Rest unseres Sortiments an Einweg-Bettw\u00e4sche an<\/a><\/p>\n","protected":false},"excerpt":{"rendered":"<p>Spannbettlaken Beschreibung unseres Spannbettlakens f\u00fcr 2 Personen PLP Vlies wei\u00df 90 x 190 + 15 cm per 100<\/p>\n","protected":false},"featured_media":230795,"template":"","meta":{"_acf_changed":false},"product_brand":[],"product_cat":[1218,1424],"product_tag":[],"class_list":{"0":"post-20516","1":"product","2":"type-product","3":"status-publish","4":"has-post-thumbnail","6":"product_cat-hygiene-und-pflege","7":"product_cat-einmalige-bettwasche","9":"first","10":"instock","11":"taxable","12":"shipping-taxable","13":"purchasable","14":"product-type-simple"},"acf":[],"yoast_head":"<!-- This site is optimized with the Yoast SEO Premium plugin v26.6 (Yoast SEO v26.6) - https:\/\/yoast.com\/wordpress\/plugins\/seo\/ -->\n<title>Spannbettlaken 1 Person PLP Ungewebt 90 x 190 + 15 cm<\/title>\n<meta name=\"description\" content=\"Spannbettlaken f\u00fcr 1 Person 90 x 190 x 15 cm aus wei\u00dfem Vliesstoff, ideal f\u00fcr perfekte Hygiene. 100 St\u00fcck, perfekt f\u00fcr den professionellen Einsatz.\" \/>\n<meta name=\"robots\" content=\"index, follow, max-snippet:-1, max-image-preview:large, max-video-preview:-1\" \/>\n<link rel=\"canonical\" href=\"https:\/\/www.csj-emballages.com\/de\/produit\/spannbettlaken-fuer-1-person-plp-vlies-weiss-90-x-190-15-cm\/\" \/>\n<meta property=\"og:locale\" content=\"de_DE\" \/>\n<meta property=\"og:type\" content=\"article\" \/>\n<meta property=\"og:title\" content=\"Spannbettlaken f\u00fcr 1 Person PLP Vlies wei\u00df 90 x 190 + 15 cm pro 100\" \/>\n<meta property=\"og:description\" content=\"Spannbettlaken f\u00fcr 1 Person 90 x 190 x 15 cm aus wei\u00dfem Vliesstoff, ideal f\u00fcr perfekte Hygiene. 100 St\u00fcck, perfekt f\u00fcr den professionellen Einsatz.\" \/>\n<meta property=\"og:url\" content=\"https:\/\/www.csj-emballages.com\/de\/produit\/spannbettlaken-fuer-1-person-plp-vlies-weiss-90-x-190-15-cm\/\" \/>\n<meta property=\"og:site_name\" content=\"CSJ Emballages\" \/>\n<meta property=\"article:publisher\" content=\"https:\/\/www.facebook.com\/csjemballages\" \/>\n<meta property=\"article:modified_time\" content=\"2026-03-12T15:23:01+00:00\" \/>\n<meta property=\"og:image\" content=\"https:\/\/www.csj-emballages.com\/wp-content\/uploads\/2025\/04\/drap-housse.webp\" \/>\n\t<meta property=\"og:image:width\" content=\"800\" \/>\n\t<meta property=\"og:image:height\" content=\"800\" \/>\n\t<meta property=\"og:image:type\" content=\"image\/webp\" \/>\n<meta name=\"twitter:card\" content=\"summary_large_image\" \/>\n<meta name=\"twitter:label1\" content=\"Gesch\u00e4tzte Lesezeit\" \/>\n\t<meta name=\"twitter:data1\" content=\"1\u00a0Minute\" \/>\n<script type=\"application\/ld+json\" class=\"yoast-schema-graph\">{\"@context\":\"https:\/\/schema.org\",\"@graph\":[{\"@type\":\"WebPage\",\"@id\":\"https:\/\/www.csj-emballages.com\/de\/produit\/spannbettlaken-fuer-1-person-plp-vlies-weiss-90-x-190-15-cm\/\",\"url\":\"https:\/\/www.csj-emballages.com\/de\/produit\/spannbettlaken-fuer-1-person-plp-vlies-weiss-90-x-190-15-cm\/\",\"name\":\"Spannbettlaken 1 Person PLP Ungewebt 90 x 190 + 15 cm\",\"isPartOf\":{\"@id\":\"https:\/\/www.csj-emballages.com\/de\/#website\"},\"primaryImageOfPage\":{\"@id\":\"https:\/\/www.csj-emballages.com\/de\/produit\/spannbettlaken-fuer-1-person-plp-vlies-weiss-90-x-190-15-cm\/#primaryimage\"},\"image\":{\"@id\":\"https:\/\/www.csj-emballages.com\/de\/produit\/spannbettlaken-fuer-1-person-plp-vlies-weiss-90-x-190-15-cm\/#primaryimage\"},\"thumbnailUrl\":\"https:\/\/www.csj-emballages.com\/wp-content\/uploads\/2025\/04\/drap-housse.webp\",\"datePublished\":\"2024-03-01T15:54:33+00:00\",\"dateModified\":\"2026-03-12T15:23:01+00:00\",\"description\":\"Spannbettlaken f\u00fcr 1 Person 90 x 190 x 15 cm aus wei\u00dfem Vliesstoff, ideal f\u00fcr perfekte Hygiene. 100 St\u00fcck, perfekt f\u00fcr den professionellen Einsatz.\",\"breadcrumb\":{\"@id\":\"https:\/\/www.csj-emballages.com\/de\/produit\/spannbettlaken-fuer-1-person-plp-vlies-weiss-90-x-190-15-cm\/#breadcrumb\"},\"inLanguage\":\"de\",\"potentialAction\":[{\"@type\":\"ReadAction\",\"target\":[\"https:\/\/www.csj-emballages.com\/de\/produit\/spannbettlaken-fuer-1-person-plp-vlies-weiss-90-x-190-15-cm\/\"]}]},{\"@type\":\"ImageObject\",\"inLanguage\":\"de\",\"@id\":\"https:\/\/www.csj-emballages.com\/de\/produit\/spannbettlaken-fuer-1-person-plp-vlies-weiss-90-x-190-15-cm\/#primaryimage\",\"url\":\"https:\/\/www.csj-emballages.com\/wp-content\/uploads\/2025\/04\/drap-housse.webp\",\"contentUrl\":\"https:\/\/www.csj-emballages.com\/wp-content\/uploads\/2025\/04\/drap-housse.webp\",\"width\":800,\"height\":800,\"caption\":\"Drap housse\"},{\"@type\":\"BreadcrumbList\",\"@id\":\"https:\/\/www.csj-emballages.com\/de\/produit\/spannbettlaken-fuer-1-person-plp-vlies-weiss-90-x-190-15-cm\/#breadcrumb\",\"itemListElement\":[{\"@type\":\"ListItem\",\"position\":1,\"name\":\"Accueil\",\"item\":\"https:\/\/www.csj-emballages.com\/de\/universum-lebensmittelverpackungen\/\"},{\"@type\":\"ListItem\",\"position\":2,\"name\":\"Shop\",\"item\":\"https:\/\/www.csj-emballages.com\/shop\/\"},{\"@type\":\"ListItem\",\"position\":3,\"name\":\"Spannbettlaken f\u00fcr 1 Person PLP Vlies wei\u00df 90 x 190 + 15 cm pro 100\"}]},{\"@type\":\"WebSite\",\"@id\":\"https:\/\/www.csj-emballages.com\/de\/#website\",\"url\":\"https:\/\/www.csj-emballages.com\/de\/\",\"name\":\"CSJ Emballages\",\"description\":\"\",\"publisher\":{\"@id\":\"https:\/\/www.csj-emballages.com\/de\/#organization\"},\"potentialAction\":[{\"@type\":\"SearchAction\",\"target\":{\"@type\":\"EntryPoint\",\"urlTemplate\":\"https:\/\/www.csj-emballages.com\/de\/?s={search_term_string}\"},\"query-input\":{\"@type\":\"PropertyValueSpecification\",\"valueRequired\":true,\"valueName\":\"search_term_string\"}}],\"inLanguage\":\"de\"},{\"@type\":\"Organization\",\"@id\":\"https:\/\/www.csj-emballages.com\/de\/#Organization\/\",\"name\":\"CSJ Emballages\",\"url\":\"https:\/\/www.csj-emballages.com\/de\/\",\"logo\":{\"@type\":\"ImageObject\",\"inLanguage\":\"de\",\"@id\":\"https:\/\/www.csj-emballages.com\/de\/#\/schema\/logo\/image\/\",\"url\":\"https:\/\/www.csj-emballages.com\/wp-content\/uploads\/2023\/10\/logo_csj.webp\",\"contentUrl\":\"https:\/\/www.csj-emballages.com\/wp-content\/uploads\/2023\/10\/logo_csj.webp\",\"width\":250,\"height\":95,\"caption\":\"CSJ Emballages\"},\"image\":{\"@id\":\"https:\/\/www.csj-emballages.com\/de\/#\/schema\/logo\/image\/\"},\"sameAs\":[\"https:\/\/www.facebook.com\/csjemballages\"],\"address\":{\"@type\":\"PostalAddress\",\"streetAddress\":\"ZI La Lechere\",\"addressLocality\":\"Patornay\",\"postalCode\":\"39130\",\"addressCountry\":\"FR\"},\"contactPoint\":[{\"@type\":\"ContactPoint\",\"contactType\":\"Service client\",\"telephone\":\"0384254272\",\"email\":\"contact@csj-emballages.com\"}]}]}<\/script>\n<!-- \/ Yoast SEO Premium plugin. -->","yoast_head_json":{"title":"Spannbettlaken 1 Person PLP Ungewebt 90 x 190 + 15 cm","description":"Spannbettlaken f\u00fcr 1 Person 90 x 190 x 15 cm aus wei\u00dfem Vliesstoff, ideal f\u00fcr perfekte Hygiene. 100 St\u00fcck, perfekt f\u00fcr den professionellen Einsatz.","robots":{"index":"index","follow":"follow","max-snippet":"max-snippet:-1","max-image-preview":"max-image-preview:large","max-video-preview":"max-video-preview:-1"},"canonical":"https:\/\/www.csj-emballages.com\/de\/produit\/spannbettlaken-fuer-1-person-plp-vlies-weiss-90-x-190-15-cm\/","og_locale":"de_DE","og_type":"article","og_title":"Spannbettlaken f\u00fcr 1 Person PLP Vlies wei\u00df 90 x 190 + 15 cm pro 100","og_description":"Spannbettlaken f\u00fcr 1 Person 90 x 190 x 15 cm aus wei\u00dfem Vliesstoff, ideal f\u00fcr perfekte Hygiene. 100 St\u00fcck, perfekt f\u00fcr den professionellen Einsatz.","og_url":"https:\/\/www.csj-emballages.com\/de\/produit\/spannbettlaken-fuer-1-person-plp-vlies-weiss-90-x-190-15-cm\/","og_site_name":"CSJ Emballages","article_publisher":"https:\/\/www.facebook.com\/csjemballages","article_modified_time":"2026-03-12T15:23:01+00:00","og_image":[{"width":800,"height":800,"url":"https:\/\/www.csj-emballages.com\/wp-content\/uploads\/2025\/04\/drap-housse.webp","type":"image\/webp"}],"twitter_card":"summary_large_image","twitter_misc":{"Gesch\u00e4tzte Lesezeit":"1\u00a0Minute"},"schema":{"@context":"https:\/\/schema.org","@graph":[{"@type":"WebPage","@id":"https:\/\/www.csj-emballages.com\/de\/produit\/spannbettlaken-fuer-1-person-plp-vlies-weiss-90-x-190-15-cm\/","url":"https:\/\/www.csj-emballages.com\/de\/produit\/spannbettlaken-fuer-1-person-plp-vlies-weiss-90-x-190-15-cm\/","name":"Spannbettlaken 1 Person PLP Ungewebt 90 x 190 + 15 cm","isPartOf":{"@id":"https:\/\/www.csj-emballages.com\/de\/#website"},"primaryImageOfPage":{"@id":"https:\/\/www.csj-emballages.com\/de\/produit\/spannbettlaken-fuer-1-person-plp-vlies-weiss-90-x-190-15-cm\/#primaryimage"},"image":{"@id":"https:\/\/www.csj-emballages.com\/de\/produit\/spannbettlaken-fuer-1-person-plp-vlies-weiss-90-x-190-15-cm\/#primaryimage"},"thumbnailUrl":"https:\/\/www.csj-emballages.com\/wp-content\/uploads\/2025\/04\/drap-housse.webp","datePublished":"2024-03-01T15:54:33+00:00","dateModified":"2026-03-12T15:23:01+00:00","description":"Spannbettlaken f\u00fcr 1 Person 90 x 190 x 15 cm aus wei\u00dfem Vliesstoff, ideal f\u00fcr perfekte Hygiene. 100 St\u00fcck, perfekt f\u00fcr den professionellen Einsatz.","breadcrumb":{"@id":"https:\/\/www.csj-emballages.com\/de\/produit\/spannbettlaken-fuer-1-person-plp-vlies-weiss-90-x-190-15-cm\/#breadcrumb"},"inLanguage":"de","potentialAction":[{"@type":"ReadAction","target":["https:\/\/www.csj-emballages.com\/de\/produit\/spannbettlaken-fuer-1-person-plp-vlies-weiss-90-x-190-15-cm\/"]}]},{"@type":"ImageObject","inLanguage":"de","@id":"https:\/\/www.csj-emballages.com\/de\/produit\/spannbettlaken-fuer-1-person-plp-vlies-weiss-90-x-190-15-cm\/#primaryimage","url":"https:\/\/www.csj-emballages.com\/wp-content\/uploads\/2025\/04\/drap-housse.webp","contentUrl":"https:\/\/www.csj-emballages.com\/wp-content\/uploads\/2025\/04\/drap-housse.webp","width":800,"height":800,"caption":"Drap housse"},{"@type":"BreadcrumbList","@id":"https:\/\/www.csj-emballages.com\/de\/produit\/spannbettlaken-fuer-1-person-plp-vlies-weiss-90-x-190-15-cm\/#breadcrumb","itemListElement":[{"@type":"ListItem","position":1,"name":"Accueil","item":"https:\/\/www.csj-emballages.com\/de\/universum-lebensmittelverpackungen\/"},{"@type":"ListItem","position":2,"name":"Shop","item":"https:\/\/www.csj-emballages.com\/shop\/"},{"@type":"ListItem","position":3,"name":"Spannbettlaken f\u00fcr 1 Person PLP Vlies wei\u00df 90 x 190 + 15 cm pro 100"}]},{"@type":"WebSite","@id":"https:\/\/www.csj-emballages.com\/de\/#website","url":"https:\/\/www.csj-emballages.com\/de\/","name":"CSJ Emballages","description":"","publisher":{"@id":"https:\/\/www.csj-emballages.com\/de\/#organization"},"potentialAction":[{"@type":"SearchAction","target":{"@type":"EntryPoint","urlTemplate":"https:\/\/www.csj-emballages.com\/de\/?s={search_term_string}"},"query-input":{"@type":"PropertyValueSpecification","valueRequired":true,"valueName":"search_term_string"}}],"inLanguage":"de"},{"@type":"Organization","@id":"https:\/\/www.csj-emballages.com\/de\/#Organization\/","name":"CSJ Emballages","url":"https:\/\/www.csj-emballages.com\/de\/","logo":{"@type":"ImageObject","inLanguage":"de","@id":"https:\/\/www.csj-emballages.com\/de\/#\/schema\/logo\/image\/","url":"https:\/\/www.csj-emballages.com\/wp-content\/uploads\/2023\/10\/logo_csj.webp","contentUrl":"https:\/\/www.csj-emballages.com\/wp-content\/uploads\/2023\/10\/logo_csj.webp","width":250,"height":95,"caption":"CSJ Emballages"},"image":{"@id":"https:\/\/www.csj-emballages.com\/de\/#\/schema\/logo\/image\/"},"sameAs":["https:\/\/www.facebook.com\/csjemballages"],"address":{"@type":"PostalAddress","streetAddress":"ZI La Lechere","addressLocality":"Patornay","postalCode":"39130","addressCountry":"FR"},"contactPoint":[{"@type":"ContactPoint","contactType":"Service client","telephone":"0384254272","email":"contact@csj-emballages.com"}]}]}},"df_price":60.72,"df_sale_price":"","df_regular_price":60.72,"df_image_link":"https:\/\/www.csj-emballages.com\/wp-content\/uploads\/2025\/04\/drap-housse-300x300.webp","tiered_pricing_type":"fixed","tiered_pricing_fixed_rules":[],"tiered_pricing_percentage_rules":[],"tiered_pricing_minimum":1,"tiered_pricing_roles_data":[],"_links":{"self":[{"href":"https:\/\/www.csj-emballages.com\/de\/wp-json\/wp\/v2\/product\/20516","targetHints":{"allow":["GET"]}}],"collection":[{"href":"https:\/\/www.csj-emballages.com\/de\/wp-json\/wp\/v2\/product"}],"about":[{"href":"https:\/\/www.csj-emballages.com\/de\/wp-json\/wp\/v2\/types\/product"}],"wp:featuredmedia":[{"embeddable":true,"href":"https:\/\/www.csj-emballages.com\/de\/wp-json\/wp\/v2\/media\/230795"}],"wp:attachment":[{"href":"https:\/\/www.csj-emballages.com\/de\/wp-json\/wp\/v2\/media?parent=20516"}],"wp:term":[{"taxonomy":"product_brand","embeddable":true,"href":"https:\/\/www.csj-emballages.com\/de\/wp-json\/wp\/v2\/product_brand?post=20516"},{"taxonomy":"product_cat","embeddable":true,"href":"https:\/\/www.csj-emballages.com\/de\/wp-json\/wp\/v2\/product_cat?post=20516"},{"taxonomy":"product_tag","embeddable":true,"href":"https:\/\/www.csj-emballages.com\/de\/wp-json\/wp\/v2\/product_tag?post=20516"}],"curies":[{"name":"wp","href":"https:\/\/api.w.org\/{rel}","templated":true}]}}