{"id":20508,"date":"2024-03-01T16:54:34","date_gmt":"2024-03-01T15:54:34","guid":{"rendered":"https:\/\/u15jnbdpoq.preview.infomaniak.website\/produit\/250-weisse-runde-spitzen-o-26-cm\/"},"modified":"2026-03-12T16:22:54","modified_gmt":"2026-03-12T15:22:54","slug":"250-weisse-runde-spitzen-o-26-cm","status":"publish","type":"product","link":"https:\/\/www.csj-emballages.com\/de\/produit\/250-weisse-runde-spitzen-o-26-cm\/","title":{"rendered":"Runde wei\u00dfe Spitze \u00d826 cm pro 250"},"content":{"rendered":"<h2>Runde Spitze<\/h2>\n<hr>\n<h3><span style=\"font-weight: bold\">Entdecken Sie unserewei\u00dfe runde Spitze<\/span>\u00d826 cm pro 250<\/h3>\n<p><!--more--><\/p>\n<p class=\"\" data-start=\"131\" data-end=\"577\">Verleihen Sie Ihren Pr\u00e4sentationen einen Hauch von Eleganz und Raffinesse mit diesen <strong data-start=\"212\" data-end=\"248\">runden wei\u00dfen Spitzen (\u00d8 26 cm<\/strong>), die sich perfekt f\u00fcr Gastronomie, Catering, B\u00e4ckereien und Konditoreien oder auch f\u00fcr anspruchsvolle Privatpersonen eignen. Sie werden aus <strong>wei\u00dfem Qualit\u00e4tspapier<\/strong> hergestellt und bieten ein h\u00fcbsches durchbrochenes Muster, das Ihre Teller, Servierplatten, Geb\u00e4ck oder andere s\u00fc\u00dfe und salzige Leckereien sofort veredelt. <\/p>\n<p class=\"\" data-start=\"579\" data-end=\"949\">Diese <strong>wei\u00dfen Spitzen<\/strong> sind ideal, um Ihre Zubereitungen aufzuwerten und gleichzeitig eine einwandfreie Hygiene zwischen Ihren Produkten und ihrer Unterlage zu gew\u00e4hrleisten. Sie vermeiden den direkten Kontakt mit Sch\u00fcsseln oder Tabletts und bieten dennoch ein gepflegtes und raffiniertes Aussehen. Ihr <strong>Durchmesser von 26 cm<\/strong> eignet sich perfekt f\u00fcr Kuchen, Desserts, Quiches, Tartes, Mini-Sandwiches oder Mignardises.  <\/p>\n<p class=\"\" data-start=\"951\" data-end=\"1275\">Verpackt in einem g\u00fcnstigen Set von <strong>250 St\u00fcck<\/strong>, erf\u00fcllen diese <strong>Spitzenhalter<\/strong> die Bed\u00fcrfnisse von Profis wie auch von Liebhabern sch\u00f6ner Pr\u00e4sentationen. Ob f\u00fcr einen Tellerservice, ein Buffet, ein Schaufenster oder eine besondere Veranstaltung, diese Spitzen werden durch ihr schickes Aussehen und ihre Praktikabilit\u00e4t den Unterschied ausmachen. <\/p>\n<p data-start=\"951\" data-end=\"1275\">\n<p class=\"\" data-start=\"951\" data-end=\"1275\"><!--more--><\/p>\n<p><strong><span style=\"color: #ff0000\">*Bitte beachten Sie, dass das Foto hier die gesamte Partie zeigt.<\/span><\/strong><\/p>\n<p>&nbsp;<\/p>\n<p><!--more--><\/p>\n<h4>Seine Vorteile :<\/h4>\n<ul>\n<li>Elegante und professionelle Pr\u00e4sentation.<\/li>\n<li>Vielseitiger Durchmesser von 26 cm, der f\u00fcr viele Formate geeignet ist.<\/li>\n<li>Diese runden Spitzen werden aus wei\u00dfem, lebensmittelechtem Papier hergestellt.<\/li>\n<li>Sparset mit 250 St\u00fcck, ideal f\u00fcr den regelm\u00e4\u00dfigen Gebrauch.<\/li>\n<\/ul>\n<p>&nbsp;<\/p>\n<p><!--more--><\/p>\n<h4>Weitere Informationen :<\/h4>\n<ul>\n<li><strong>Verpackung<\/strong>: Packung mit 250<\/li>\n<li><b>Durchmesser <\/b>: 26 cm<\/li>\n<li><strong>Farbe<\/strong>: Wei\u00df<\/li>\n<li><strong>Material<\/strong>: Papier<\/li>\n<\/ul>\n<p>&nbsp;<\/p>\n<p><!--more--><\/p>\n<p>Hier finden Sie alle verf\u00fcgbaren Gr\u00f6\u00dfen f\u00fcr diese Spitzen :<span style=\"color: #d12727\"> <a style=\"color: #d12727\" href=\"https:\/\/www.csj-emballages.com\/produit\/250-dentelles-rondes-blanches-o-22-cm\/\">\u00d822<\/a> <span style=\"color: #000000\">\/<\/span> <a style=\"color: #d12727\" href=\"https:\/\/www.csj-emballages.com\/produit\/250-dentelle-ronde-blanche-o-27-cm-2\/\">\u00d827<\/a> <span style=\"color: #000000\">\/<\/span> <a style=\"color: #d12727\" href=\"https:\/\/www.csj-emballages.com\/produit\/250-dentelles-rondes-blanches-o-27-cm\/\">\u00d828<\/a> <span style=\"color: #000000\">\/<\/span> <a style=\"color: #d12727\" href=\"https:\/\/www.csj-emballages.com\/produit\/250-dentelles-rondes-blanches-o-30-cm\/\">\u00d830<\/a> <span style=\"color: #000000\">\/<\/span> <a style=\"color: #d12727\" href=\"https:\/\/www.csj-emballages.com\/produit\/250-dentelles-rondes-blanches-o-40-cm\/\">\u00d840<\/a><\/span><\/p>\n<div style=\"font-family: Roboto, sans-serif\"><\/div>\n<p><!--more--><\/p>\n<p><a href=\"https:\/\/www.csj-emballages.com\/de\/categorie-produit\/lebensmittel\/trockenfruechte\/\">Sehen Sie sich hier den Rest unseres Sortiments an Trockenfr\u00fcchten an.<\/a><\/p>\n","protected":false},"excerpt":{"rendered":"<p>Runde Spitze Entdecken Sie unserewei\u00dfe runde Spitze\u00d826 cm pro 250<\/p>\n","protected":false},"featured_media":231302,"template":"","meta":{"_acf_changed":false},"product_brand":[],"product_cat":[1171,1925,2548,2550],"product_tag":[],"class_list":{"0":"post-20508","1":"product","2":"type-product","3":"status-publish","4":"has-post-thumbnail","6":"product_cat-backerei-und-konditorei","7":"product_cat-kuchensohlenhalter","8":"product_cat-spitzen","9":"product_cat-runde-spitzen","11":"first","12":"instock","13":"taxable","14":"shipping-taxable","15":"purchasable","16":"product-type-simple"},"acf":[],"yoast_head":"<!-- This site is optimized with the Yoast SEO Premium plugin v26.6 (Yoast SEO v26.6) - https:\/\/yoast.com\/wordpress\/plugins\/seo\/ -->\n<title>Runde Spitze Wei\u00df \u00d826 cm pro 250<\/title>\n<meta name=\"description\" content=\"Wei\u00dfe runde Spitze \u00d826 cm aus Papier, ideal, um Ihre Backwaren, Buffets oder Gerichte elegant zu pr\u00e4sentieren. Set von 250 St\u00fcck. Hygienisch, schick und praktisch.\" \/>\n<meta name=\"robots\" content=\"index, follow, max-snippet:-1, max-image-preview:large, max-video-preview:-1\" \/>\n<link rel=\"canonical\" href=\"https:\/\/www.csj-emballages.com\/de\/produit\/250-weisse-runde-spitzen-o-26-cm\/\" \/>\n<meta property=\"og:locale\" content=\"de_DE\" \/>\n<meta property=\"og:type\" content=\"article\" \/>\n<meta property=\"og:title\" content=\"Runde wei\u00dfe Spitze \u00d826 cm pro 250\" \/>\n<meta property=\"og:description\" content=\"Wei\u00dfe runde Spitze \u00d826 cm aus Papier, ideal, um Ihre Backwaren, Buffets oder Gerichte elegant zu pr\u00e4sentieren. Set von 250 St\u00fcck. Hygienisch, schick und praktisch.\" \/>\n<meta property=\"og:url\" content=\"https:\/\/www.csj-emballages.com\/de\/produit\/250-weisse-runde-spitzen-o-26-cm\/\" \/>\n<meta property=\"og:site_name\" content=\"CSJ Emballages\" \/>\n<meta property=\"article:publisher\" content=\"https:\/\/www.facebook.com\/csjemballages\" \/>\n<meta property=\"article:modified_time\" content=\"2026-03-12T15:22:54+00:00\" \/>\n<meta property=\"og:image\" content=\"https:\/\/www.csj-emballages.com\/wp-content\/uploads\/2024\/03\/Dent22.webp\" \/>\n\t<meta property=\"og:image:width\" content=\"800\" \/>\n\t<meta property=\"og:image:height\" content=\"800\" \/>\n\t<meta property=\"og:image:type\" content=\"image\/webp\" \/>\n<meta name=\"twitter:card\" content=\"summary_large_image\" \/>\n<meta name=\"twitter:label1\" content=\"Gesch\u00e4tzte Lesezeit\" \/>\n\t<meta name=\"twitter:data1\" content=\"1\u00a0Minute\" \/>\n<script type=\"application\/ld+json\" class=\"yoast-schema-graph\">{\"@context\":\"https:\/\/schema.org\",\"@graph\":[{\"@type\":\"WebPage\",\"@id\":\"https:\/\/www.csj-emballages.com\/de\/produit\/250-weisse-runde-spitzen-o-26-cm\/\",\"url\":\"https:\/\/www.csj-emballages.com\/de\/produit\/250-weisse-runde-spitzen-o-26-cm\/\",\"name\":\"Runde Spitze Wei\u00df \u00d826 cm pro 250\",\"isPartOf\":{\"@id\":\"https:\/\/www.csj-emballages.com\/de\/#website\"},\"primaryImageOfPage\":{\"@id\":\"https:\/\/www.csj-emballages.com\/de\/produit\/250-weisse-runde-spitzen-o-26-cm\/#primaryimage\"},\"image\":{\"@id\":\"https:\/\/www.csj-emballages.com\/de\/produit\/250-weisse-runde-spitzen-o-26-cm\/#primaryimage\"},\"thumbnailUrl\":\"https:\/\/www.csj-emballages.com\/wp-content\/uploads\/2024\/03\/Dent22.webp\",\"datePublished\":\"2024-03-01T15:54:34+00:00\",\"dateModified\":\"2026-03-12T15:22:54+00:00\",\"description\":\"Wei\u00dfe runde Spitze \u00d826 cm aus Papier, ideal, um Ihre Backwaren, Buffets oder Gerichte elegant zu pr\u00e4sentieren. Set von 250 St\u00fcck. Hygienisch, schick und praktisch.\",\"breadcrumb\":{\"@id\":\"https:\/\/www.csj-emballages.com\/de\/produit\/250-weisse-runde-spitzen-o-26-cm\/#breadcrumb\"},\"inLanguage\":\"de\",\"potentialAction\":[{\"@type\":\"ReadAction\",\"target\":[\"https:\/\/www.csj-emballages.com\/de\/produit\/250-weisse-runde-spitzen-o-26-cm\/\"]}]},{\"@type\":\"ImageObject\",\"inLanguage\":\"de\",\"@id\":\"https:\/\/www.csj-emballages.com\/de\/produit\/250-weisse-runde-spitzen-o-26-cm\/#primaryimage\",\"url\":\"https:\/\/www.csj-emballages.com\/wp-content\/uploads\/2024\/03\/Dent22.webp\",\"contentUrl\":\"https:\/\/www.csj-emballages.com\/wp-content\/uploads\/2024\/03\/Dent22.webp\",\"width\":800,\"height\":800,\"caption\":\"Dentelle ronde\"},{\"@type\":\"BreadcrumbList\",\"@id\":\"https:\/\/www.csj-emballages.com\/de\/produit\/250-weisse-runde-spitzen-o-26-cm\/#breadcrumb\",\"itemListElement\":[{\"@type\":\"ListItem\",\"position\":1,\"name\":\"Accueil\",\"item\":\"https:\/\/www.csj-emballages.com\/de\/universum-lebensmittelverpackungen\/\"},{\"@type\":\"ListItem\",\"position\":2,\"name\":\"Shop\",\"item\":\"https:\/\/www.csj-emballages.com\/shop\/\"},{\"@type\":\"ListItem\",\"position\":3,\"name\":\"Runde wei\u00dfe Spitze \u00d826 cm pro 250\"}]},{\"@type\":\"WebSite\",\"@id\":\"https:\/\/www.csj-emballages.com\/de\/#website\",\"url\":\"https:\/\/www.csj-emballages.com\/de\/\",\"name\":\"CSJ Emballages\",\"description\":\"\",\"publisher\":{\"@id\":\"https:\/\/www.csj-emballages.com\/de\/#organization\"},\"potentialAction\":[{\"@type\":\"SearchAction\",\"target\":{\"@type\":\"EntryPoint\",\"urlTemplate\":\"https:\/\/www.csj-emballages.com\/de\/?s={search_term_string}\"},\"query-input\":{\"@type\":\"PropertyValueSpecification\",\"valueRequired\":true,\"valueName\":\"search_term_string\"}}],\"inLanguage\":\"de\"},{\"@type\":\"Organization\",\"@id\":\"https:\/\/www.csj-emballages.com\/de\/#Organization\/\",\"name\":\"CSJ Emballages\",\"url\":\"https:\/\/www.csj-emballages.com\/de\/\",\"logo\":{\"@type\":\"ImageObject\",\"inLanguage\":\"de\",\"@id\":\"https:\/\/www.csj-emballages.com\/de\/#\/schema\/logo\/image\/\",\"url\":\"https:\/\/www.csj-emballages.com\/wp-content\/uploads\/2023\/10\/logo_csj.webp\",\"contentUrl\":\"https:\/\/www.csj-emballages.com\/wp-content\/uploads\/2023\/10\/logo_csj.webp\",\"width\":250,\"height\":95,\"caption\":\"CSJ Emballages\"},\"image\":{\"@id\":\"https:\/\/www.csj-emballages.com\/de\/#\/schema\/logo\/image\/\"},\"sameAs\":[\"https:\/\/www.facebook.com\/csjemballages\"],\"address\":{\"@type\":\"PostalAddress\",\"streetAddress\":\"ZI La Lechere\",\"addressLocality\":\"Patornay\",\"postalCode\":\"39130\",\"addressCountry\":\"FR\"},\"contactPoint\":[{\"@type\":\"ContactPoint\",\"contactType\":\"Service client\",\"telephone\":\"0384254272\",\"email\":\"contact@csj-emballages.com\"}]}]}<\/script>\n<!-- \/ Yoast SEO Premium plugin. -->","yoast_head_json":{"title":"Runde Spitze Wei\u00df \u00d826 cm pro 250","description":"Wei\u00dfe runde Spitze \u00d826 cm aus Papier, ideal, um Ihre Backwaren, Buffets oder Gerichte elegant zu pr\u00e4sentieren. Set von 250 St\u00fcck. Hygienisch, schick und praktisch.","robots":{"index":"index","follow":"follow","max-snippet":"max-snippet:-1","max-image-preview":"max-image-preview:large","max-video-preview":"max-video-preview:-1"},"canonical":"https:\/\/www.csj-emballages.com\/de\/produit\/250-weisse-runde-spitzen-o-26-cm\/","og_locale":"de_DE","og_type":"article","og_title":"Runde wei\u00dfe Spitze \u00d826 cm pro 250","og_description":"Wei\u00dfe runde Spitze \u00d826 cm aus Papier, ideal, um Ihre Backwaren, Buffets oder Gerichte elegant zu pr\u00e4sentieren. Set von 250 St\u00fcck. Hygienisch, schick und praktisch.","og_url":"https:\/\/www.csj-emballages.com\/de\/produit\/250-weisse-runde-spitzen-o-26-cm\/","og_site_name":"CSJ Emballages","article_publisher":"https:\/\/www.facebook.com\/csjemballages","article_modified_time":"2026-03-12T15:22:54+00:00","og_image":[{"width":800,"height":800,"url":"https:\/\/www.csj-emballages.com\/wp-content\/uploads\/2024\/03\/Dent22.webp","type":"image\/webp"}],"twitter_card":"summary_large_image","twitter_misc":{"Gesch\u00e4tzte Lesezeit":"1\u00a0Minute"},"schema":{"@context":"https:\/\/schema.org","@graph":[{"@type":"WebPage","@id":"https:\/\/www.csj-emballages.com\/de\/produit\/250-weisse-runde-spitzen-o-26-cm\/","url":"https:\/\/www.csj-emballages.com\/de\/produit\/250-weisse-runde-spitzen-o-26-cm\/","name":"Runde Spitze Wei\u00df \u00d826 cm pro 250","isPartOf":{"@id":"https:\/\/www.csj-emballages.com\/de\/#website"},"primaryImageOfPage":{"@id":"https:\/\/www.csj-emballages.com\/de\/produit\/250-weisse-runde-spitzen-o-26-cm\/#primaryimage"},"image":{"@id":"https:\/\/www.csj-emballages.com\/de\/produit\/250-weisse-runde-spitzen-o-26-cm\/#primaryimage"},"thumbnailUrl":"https:\/\/www.csj-emballages.com\/wp-content\/uploads\/2024\/03\/Dent22.webp","datePublished":"2024-03-01T15:54:34+00:00","dateModified":"2026-03-12T15:22:54+00:00","description":"Wei\u00dfe runde Spitze \u00d826 cm aus Papier, ideal, um Ihre Backwaren, Buffets oder Gerichte elegant zu pr\u00e4sentieren. Set von 250 St\u00fcck. Hygienisch, schick und praktisch.","breadcrumb":{"@id":"https:\/\/www.csj-emballages.com\/de\/produit\/250-weisse-runde-spitzen-o-26-cm\/#breadcrumb"},"inLanguage":"de","potentialAction":[{"@type":"ReadAction","target":["https:\/\/www.csj-emballages.com\/de\/produit\/250-weisse-runde-spitzen-o-26-cm\/"]}]},{"@type":"ImageObject","inLanguage":"de","@id":"https:\/\/www.csj-emballages.com\/de\/produit\/250-weisse-runde-spitzen-o-26-cm\/#primaryimage","url":"https:\/\/www.csj-emballages.com\/wp-content\/uploads\/2024\/03\/Dent22.webp","contentUrl":"https:\/\/www.csj-emballages.com\/wp-content\/uploads\/2024\/03\/Dent22.webp","width":800,"height":800,"caption":"Dentelle ronde"},{"@type":"BreadcrumbList","@id":"https:\/\/www.csj-emballages.com\/de\/produit\/250-weisse-runde-spitzen-o-26-cm\/#breadcrumb","itemListElement":[{"@type":"ListItem","position":1,"name":"Accueil","item":"https:\/\/www.csj-emballages.com\/de\/universum-lebensmittelverpackungen\/"},{"@type":"ListItem","position":2,"name":"Shop","item":"https:\/\/www.csj-emballages.com\/shop\/"},{"@type":"ListItem","position":3,"name":"Runde wei\u00dfe Spitze \u00d826 cm pro 250"}]},{"@type":"WebSite","@id":"https:\/\/www.csj-emballages.com\/de\/#website","url":"https:\/\/www.csj-emballages.com\/de\/","name":"CSJ Emballages","description":"","publisher":{"@id":"https:\/\/www.csj-emballages.com\/de\/#organization"},"potentialAction":[{"@type":"SearchAction","target":{"@type":"EntryPoint","urlTemplate":"https:\/\/www.csj-emballages.com\/de\/?s={search_term_string}"},"query-input":{"@type":"PropertyValueSpecification","valueRequired":true,"valueName":"search_term_string"}}],"inLanguage":"de"},{"@type":"Organization","@id":"https:\/\/www.csj-emballages.com\/de\/#Organization\/","name":"CSJ Emballages","url":"https:\/\/www.csj-emballages.com\/de\/","logo":{"@type":"ImageObject","inLanguage":"de","@id":"https:\/\/www.csj-emballages.com\/de\/#\/schema\/logo\/image\/","url":"https:\/\/www.csj-emballages.com\/wp-content\/uploads\/2023\/10\/logo_csj.webp","contentUrl":"https:\/\/www.csj-emballages.com\/wp-content\/uploads\/2023\/10\/logo_csj.webp","width":250,"height":95,"caption":"CSJ Emballages"},"image":{"@id":"https:\/\/www.csj-emballages.com\/de\/#\/schema\/logo\/image\/"},"sameAs":["https:\/\/www.facebook.com\/csjemballages"],"address":{"@type":"PostalAddress","streetAddress":"ZI La Lechere","addressLocality":"Patornay","postalCode":"39130","addressCountry":"FR"},"contactPoint":[{"@type":"ContactPoint","contactType":"Service client","telephone":"0384254272","email":"contact@csj-emballages.com"}]}]}},"df_price":8.95,"df_sale_price":"","df_regular_price":8.95,"df_image_link":"https:\/\/www.csj-emballages.com\/wp-content\/uploads\/2024\/03\/Dent22-300x300.webp","tiered_pricing_type":"fixed","tiered_pricing_fixed_rules":[],"tiered_pricing_percentage_rules":[],"tiered_pricing_minimum":1,"tiered_pricing_roles_data":[],"_links":{"self":[{"href":"https:\/\/www.csj-emballages.com\/de\/wp-json\/wp\/v2\/product\/20508","targetHints":{"allow":["GET"]}}],"collection":[{"href":"https:\/\/www.csj-emballages.com\/de\/wp-json\/wp\/v2\/product"}],"about":[{"href":"https:\/\/www.csj-emballages.com\/de\/wp-json\/wp\/v2\/types\/product"}],"wp:featuredmedia":[{"embeddable":true,"href":"https:\/\/www.csj-emballages.com\/de\/wp-json\/wp\/v2\/media\/231302"}],"wp:attachment":[{"href":"https:\/\/www.csj-emballages.com\/de\/wp-json\/wp\/v2\/media?parent=20508"}],"wp:term":[{"taxonomy":"product_brand","embeddable":true,"href":"https:\/\/www.csj-emballages.com\/de\/wp-json\/wp\/v2\/product_brand?post=20508"},{"taxonomy":"product_cat","embeddable":true,"href":"https:\/\/www.csj-emballages.com\/de\/wp-json\/wp\/v2\/product_cat?post=20508"},{"taxonomy":"product_tag","embeddable":true,"href":"https:\/\/www.csj-emballages.com\/de\/wp-json\/wp\/v2\/product_tag?post=20508"}],"curies":[{"name":"wp","href":"https:\/\/api.w.org\/{rel}","templated":true}]}}