{"id":20504,"date":"2024-03-01T16:54:32","date_gmt":"2024-03-01T15:54:32","guid":{"rendered":"https:\/\/u15jnbdpoq.preview.infomaniak.website\/produit\/druckseifenspender-1-liter\/"},"modified":"2026-04-17T02:13:05","modified_gmt":"2026-04-17T00:13:05","slug":"druckseifenspender-1-liter","status":"publish","type":"product","link":"https:\/\/www.csj-emballages.com\/de\/produit\/druckseifenspender-1-liter\/","title":{"rendered":"Druckseifenspender 900 ml"},"content":{"rendered":"<h2>Seifenspender<\/h2>\n<hr>\n<h3>Beschreibung unseres Druckseifenspenders 1 Liter<!--more--><\/h3>\n<div class=\"flex max-w-full flex-col flex-grow\">\n<div class=\"min-h-8 text-message flex w-full flex-col items-end gap-2 whitespace-normal break-words text-start [.text-message+&amp;]:mt-5\" dir=\"auto\" data-message-author-role=\"assistant\" data-message-id=\"266ca6f3-5e07-4948-bd20-80ac5e6da4a5\" data-message-model-slug=\"gpt-4o\">\n<div class=\"flex w-full flex-col gap-1 empty:hidden first:pt-[3px]\">\n<div class=\"markdown prose w-full break-words dark:prose-invert dark\"><\/div>\n<\/div>\n<\/div>\n<\/div>\n<p data-start=\"248\" data-end=\"596\">Dieser <strong>Druckseifenspender<\/strong> <strong data-start=\"284\" data-end=\"294\">900 ml<\/strong> konzentriert sich auf das Wesentliche: Effizienz, Einfachheit und Hygiene. Mit seinem <strong>schlichten wei\u00dfen<\/strong> und <strong>grauen Design<\/strong> f\u00fcgt er sich nahtlos in jede Umgebung ein \u2013 sei es in professionellen Sanit\u00e4ranlagen, einer Restaurantk\u00fcche, einem B\u00fcro oder einem \u00f6ffentlichen Bereich. Er macht seinen Job, ohne viel Aufhebens.  <\/p>\n<p data-start=\"598\" data-end=\"1012\">Dank seines Drucksystems ist die Bedienung intuitiv. Ein einfacher Druck gen\u00fcgt, um die richtige Menge Seife abzugeben, was Verschwendung vermeidet und die H\u00e4nde sauber h\u00e4lt, ohne zu spritzen. Das ist im Alltag praktisch, besonders an Orten mit hohem Publikumsverkehr. Zudem erm\u00f6glicht seine <strong data-start=\"894\" data-end=\"923\">gro\u00dfe Kapazit\u00e4t von 900 ml<\/strong> l\u00e4ngere Nachf\u00fcllintervalle, was Zeit spart und die Wartung vereinfacht.   <\/p>\n<p data-start=\"1014\" data-end=\"1292\">Dar\u00fcber hinaus erm\u00f6glicht sein <strong>transparentes Sichtfenster<\/strong> eine schnelle Kontrolle des Seifenstands. Keine b\u00f6sen \u00dcberraschungen: Sie wissen, wann es Zeit zum Nachf\u00fcllen ist. Sein Wandformat schafft Platz auf Arbeitsfl\u00e4chen und tr\u00e4gt dazu bei, einen sauberen und organisierten Bereich zu erhalten.  <\/p>\n<p data-start=\"1294\" data-end=\"1514\">Robust und zuverl\u00e4ssig ist dieser <strong>Spender<\/strong> f\u00fcr den intensiven Gebrauch konzipiert. Er eignet sich sowohl f\u00fcr Fl\u00fcssigseifen als auch f\u00fcr Waschgele, was ihn vielseitig und einfach in verschiedene professionelle Kontexte integrierbar macht. <\/p>\n<p data-start=\"1516\" data-end=\"1764\">Zusammenfassend ist dieser <strong>Druckseifenspender<\/strong> eine einfache, saubere und langlebige L\u00f6sung. Er verbessert die Hygiene, ohne den Alltag zu verkomplizieren, und erf\u00fcllt perfekt die Bed\u00fcrfnisse von Profis, die funktionale und effiziente Ausstattung suchen. <\/p>\n<p data-start=\"1516\" data-end=\"1764\">\n<p data-start=\"1516\" data-end=\"1764\"><!--more--><\/p>\n<div class=\"flex max-w-full flex-col flex-grow\">\n<div class=\"min-h-8 text-message flex w-full flex-col items-end gap-2 whitespace-normal break-words text-start [.text-message+&amp;]:mt-5\" dir=\"auto\" data-message-author-role=\"assistant\" data-message-id=\"266ca6f3-5e07-4948-bd20-80ac5e6da4a5\" data-message-model-slug=\"gpt-4o\">\n<div class=\"flex w-full flex-col gap-1 empty:hidden first:pt-[3px]\">\n<div class=\"markdown prose w-full break-words dark:prose-invert dark\">\n<p>Manuelle Dosierung von bis zu 3 ml pro Pumpsto\u00df.<\/p>\n<p>*Dieser Spender wird mit Schrauben geliefert.<\/p>\n<\/div>\n<\/div>\n<\/div>\n<\/div>\n<p>&nbsp;<\/p>\n<p><!--more--><\/p>\n<h4>Vorteile :<\/h4>\n<ul>\n<li data-start=\"1792\" data-end=\"1820\"><strong>900 ml<\/strong> Fassungsverm\u00f6gen.<\/li>\n<li data-start=\"1823\" data-end=\"1876\">Kontrollierte Abgabe dank Drucksystem.<\/li>\n<li data-start=\"1879\" data-end=\"1911\"><strong>Sichtfenster<\/strong> zur F\u00fcllstandskontrolle.<\/li>\n<li data-start=\"1914\" data-end=\"1948\">Diskretes und professionelles Design.<\/li>\n<li data-start=\"1951\" data-end=\"1978\">Praktische <strong>Wandmontage<\/strong>.<\/li>\n<li data-start=\"1981\" data-end=\"2008\">F\u00fcr intensiven Gebrauch geeignet.<\/li>\n<\/ul>\n<p>&nbsp;<\/p>\n<p><!--more--><\/p>\n<h4>Weitere Informationen :<\/h4>\n<ul>\n<li><strong>Verpackung<\/strong>: Einzeln<\/li>\n<li><strong>Material<\/strong>: Kunststoff<\/li>\n<li><strong>Farbe<\/strong>: Wei\u00df<\/li>\n<li><strong>Nutzung<\/strong>: Druck \/ manuell<\/li>\n<li><strong>Kapazit\u00e4t<\/strong>: 1 Liter \/ 3 ml pro Druck<\/li>\n<\/ul>\n<p>&nbsp;<\/p>\n<p><!--more--><\/p>\n<p><a href=\"\/?product_cat=savon-main\">Sehen Sie sich hier unser Angebot an Handseife an<\/a><\/p>\n<p>&nbsp;<\/p>\n<p><!--more--><\/p>\n<p><a href=\"https:\/\/www.csj-emballages.com\/de\/categorie-produit\/hygiene-und-pflege\/vertriebspartner\/\">Sehen Sie sich den Rest unseres Sortiments an Vertriebspartnern an.<\/a><\/p>\n","protected":false},"excerpt":{"rendered":"<p>Seifenspender Beschreibung unseres Druckseifenspenders 1 Liter<\/p>\n","protected":false},"featured_media":256839,"template":"","meta":{"_acf_changed":false},"product_brand":[],"product_cat":[1218,1409],"product_tag":[],"class_list":{"0":"post-20504","1":"product","2":"type-product","3":"status-publish","4":"has-post-thumbnail","6":"product_cat-hygiene-und-pflege","7":"product_cat-vertriebspartner","9":"first","10":"instock","11":"taxable","12":"shipping-taxable","13":"purchasable","14":"product-type-simple"},"acf":[],"yoast_head":"<!-- This site is optimized with the Yoast SEO Premium plugin v26.6 (Yoast SEO v26.6) - https:\/\/yoast.com\/wordpress\/plugins\/seo\/ -->\n<title>Seifenspender Druck 1 Liter<\/title>\n<meta name=\"description\" content=\"Entdecken Sie unseren Spender Druckseife 1 Liter. Mit einem Fassungsverm\u00f6gen von 1L mit 3ml durch manuellen Druck. Manuelle Verwendung.\" \/>\n<meta name=\"robots\" content=\"index, follow, max-snippet:-1, max-image-preview:large, max-video-preview:-1\" \/>\n<link rel=\"canonical\" href=\"https:\/\/www.csj-emballages.com\/de\/produit\/druckseifenspender-1-liter\/\" \/>\n<meta property=\"og:locale\" content=\"de_DE\" \/>\n<meta property=\"og:type\" content=\"article\" \/>\n<meta property=\"og:title\" content=\"Druckseifenspender 900 ml\" \/>\n<meta property=\"og:description\" content=\"Entdecken Sie unseren Spender Druckseife 1 Liter. Mit einem Fassungsverm\u00f6gen von 1L mit 3ml durch manuellen Druck. Manuelle Verwendung.\" \/>\n<meta property=\"og:url\" content=\"https:\/\/www.csj-emballages.com\/de\/produit\/druckseifenspender-1-liter\/\" \/>\n<meta property=\"og:site_name\" content=\"CSJ Emballages\" \/>\n<meta property=\"article:publisher\" content=\"https:\/\/www.facebook.com\/csjemballages\" \/>\n<meta property=\"article:modified_time\" content=\"2026-04-17T00:13:05+00:00\" \/>\n<meta property=\"og:image\" content=\"https:\/\/www.csj-emballages.com\/wp-content\/uploads\/2024\/03\/DISTRI1L-2.webp\" \/>\n\t<meta property=\"og:image:width\" content=\"800\" \/>\n\t<meta property=\"og:image:height\" content=\"800\" \/>\n\t<meta property=\"og:image:type\" content=\"image\/webp\" \/>\n<meta name=\"twitter:card\" content=\"summary_large_image\" \/>\n<meta name=\"twitter:label1\" content=\"Gesch\u00e4tzte Lesezeit\" \/>\n\t<meta name=\"twitter:data1\" content=\"2 Minuten\" \/>\n<script type=\"application\/ld+json\" class=\"yoast-schema-graph\">{\"@context\":\"https:\/\/schema.org\",\"@graph\":[{\"@type\":\"WebPage\",\"@id\":\"https:\/\/www.csj-emballages.com\/de\/produit\/druckseifenspender-1-liter\/\",\"url\":\"https:\/\/www.csj-emballages.com\/de\/produit\/druckseifenspender-1-liter\/\",\"name\":\"Seifenspender Druck 1 Liter\",\"isPartOf\":{\"@id\":\"https:\/\/www.csj-emballages.com\/de\/#website\"},\"primaryImageOfPage\":{\"@id\":\"https:\/\/www.csj-emballages.com\/de\/produit\/druckseifenspender-1-liter\/#primaryimage\"},\"image\":{\"@id\":\"https:\/\/www.csj-emballages.com\/de\/produit\/druckseifenspender-1-liter\/#primaryimage\"},\"thumbnailUrl\":\"https:\/\/www.csj-emballages.com\/wp-content\/uploads\/2024\/03\/DISTRI1L-2.webp\",\"datePublished\":\"2024-03-01T15:54:32+00:00\",\"dateModified\":\"2026-04-17T00:13:05+00:00\",\"description\":\"Entdecken Sie unseren Spender Druckseife 1 Liter. Mit einem Fassungsverm\u00f6gen von 1L mit 3ml durch manuellen Druck. Manuelle Verwendung.\",\"breadcrumb\":{\"@id\":\"https:\/\/www.csj-emballages.com\/de\/produit\/druckseifenspender-1-liter\/#breadcrumb\"},\"inLanguage\":\"de\",\"potentialAction\":[{\"@type\":\"ReadAction\",\"target\":[\"https:\/\/www.csj-emballages.com\/de\/produit\/druckseifenspender-1-liter\/\"]}]},{\"@type\":\"ImageObject\",\"inLanguage\":\"de\",\"@id\":\"https:\/\/www.csj-emballages.com\/de\/produit\/druckseifenspender-1-liter\/#primaryimage\",\"url\":\"https:\/\/www.csj-emballages.com\/wp-content\/uploads\/2024\/03\/DISTRI1L-2.webp\",\"contentUrl\":\"https:\/\/www.csj-emballages.com\/wp-content\/uploads\/2024\/03\/DISTRI1L-2.webp\",\"width\":800,\"height\":800,\"caption\":\"Distributeur savon\"},{\"@type\":\"BreadcrumbList\",\"@id\":\"https:\/\/www.csj-emballages.com\/de\/produit\/druckseifenspender-1-liter\/#breadcrumb\",\"itemListElement\":[{\"@type\":\"ListItem\",\"position\":1,\"name\":\"Accueil\",\"item\":\"https:\/\/www.csj-emballages.com\/de\/universum-lebensmittelverpackungen\/\"},{\"@type\":\"ListItem\",\"position\":2,\"name\":\"Shop\",\"item\":\"https:\/\/www.csj-emballages.com\/shop\/\"},{\"@type\":\"ListItem\",\"position\":3,\"name\":\"Druckseifenspender 900 ml\"}]},{\"@type\":\"WebSite\",\"@id\":\"https:\/\/www.csj-emballages.com\/de\/#website\",\"url\":\"https:\/\/www.csj-emballages.com\/de\/\",\"name\":\"CSJ Emballages\",\"description\":\"\",\"publisher\":{\"@id\":\"https:\/\/www.csj-emballages.com\/de\/#organization\"},\"potentialAction\":[{\"@type\":\"SearchAction\",\"target\":{\"@type\":\"EntryPoint\",\"urlTemplate\":\"https:\/\/www.csj-emballages.com\/de\/?s={search_term_string}\"},\"query-input\":{\"@type\":\"PropertyValueSpecification\",\"valueRequired\":true,\"valueName\":\"search_term_string\"}}],\"inLanguage\":\"de\"},{\"@type\":\"Organization\",\"@id\":\"https:\/\/www.csj-emballages.com\/de\/#Organization\/\",\"name\":\"CSJ Emballages\",\"url\":\"https:\/\/www.csj-emballages.com\/de\/\",\"logo\":{\"@type\":\"ImageObject\",\"inLanguage\":\"de\",\"@id\":\"https:\/\/www.csj-emballages.com\/de\/#\/schema\/logo\/image\/\",\"url\":\"https:\/\/www.csj-emballages.com\/wp-content\/uploads\/2023\/10\/logo_csj.webp\",\"contentUrl\":\"https:\/\/www.csj-emballages.com\/wp-content\/uploads\/2023\/10\/logo_csj.webp\",\"width\":250,\"height\":95,\"caption\":\"CSJ Emballages\"},\"image\":{\"@id\":\"https:\/\/www.csj-emballages.com\/de\/#\/schema\/logo\/image\/\"},\"sameAs\":[\"https:\/\/www.facebook.com\/csjemballages\"],\"address\":{\"@type\":\"PostalAddress\",\"streetAddress\":\"ZI La Lechere\",\"addressLocality\":\"Patornay\",\"postalCode\":\"39130\",\"addressCountry\":\"FR\"},\"contactPoint\":[{\"@type\":\"ContactPoint\",\"contactType\":\"Service client\",\"telephone\":\"0384254272\",\"email\":\"contact@csj-emballages.com\"}]}]}<\/script>\n<!-- \/ Yoast SEO Premium plugin. -->","yoast_head_json":{"title":"Seifenspender Druck 1 Liter","description":"Entdecken Sie unseren Spender Druckseife 1 Liter. Mit einem Fassungsverm\u00f6gen von 1L mit 3ml durch manuellen Druck. Manuelle Verwendung.","robots":{"index":"index","follow":"follow","max-snippet":"max-snippet:-1","max-image-preview":"max-image-preview:large","max-video-preview":"max-video-preview:-1"},"canonical":"https:\/\/www.csj-emballages.com\/de\/produit\/druckseifenspender-1-liter\/","og_locale":"de_DE","og_type":"article","og_title":"Druckseifenspender 900 ml","og_description":"Entdecken Sie unseren Spender Druckseife 1 Liter. Mit einem Fassungsverm\u00f6gen von 1L mit 3ml durch manuellen Druck. Manuelle Verwendung.","og_url":"https:\/\/www.csj-emballages.com\/de\/produit\/druckseifenspender-1-liter\/","og_site_name":"CSJ Emballages","article_publisher":"https:\/\/www.facebook.com\/csjemballages","article_modified_time":"2026-04-17T00:13:05+00:00","og_image":[{"width":800,"height":800,"url":"https:\/\/www.csj-emballages.com\/wp-content\/uploads\/2024\/03\/DISTRI1L-2.webp","type":"image\/webp"}],"twitter_card":"summary_large_image","twitter_misc":{"Gesch\u00e4tzte Lesezeit":"2 Minuten"},"schema":{"@context":"https:\/\/schema.org","@graph":[{"@type":"WebPage","@id":"https:\/\/www.csj-emballages.com\/de\/produit\/druckseifenspender-1-liter\/","url":"https:\/\/www.csj-emballages.com\/de\/produit\/druckseifenspender-1-liter\/","name":"Seifenspender Druck 1 Liter","isPartOf":{"@id":"https:\/\/www.csj-emballages.com\/de\/#website"},"primaryImageOfPage":{"@id":"https:\/\/www.csj-emballages.com\/de\/produit\/druckseifenspender-1-liter\/#primaryimage"},"image":{"@id":"https:\/\/www.csj-emballages.com\/de\/produit\/druckseifenspender-1-liter\/#primaryimage"},"thumbnailUrl":"https:\/\/www.csj-emballages.com\/wp-content\/uploads\/2024\/03\/DISTRI1L-2.webp","datePublished":"2024-03-01T15:54:32+00:00","dateModified":"2026-04-17T00:13:05+00:00","description":"Entdecken Sie unseren Spender Druckseife 1 Liter. Mit einem Fassungsverm\u00f6gen von 1L mit 3ml durch manuellen Druck. Manuelle Verwendung.","breadcrumb":{"@id":"https:\/\/www.csj-emballages.com\/de\/produit\/druckseifenspender-1-liter\/#breadcrumb"},"inLanguage":"de","potentialAction":[{"@type":"ReadAction","target":["https:\/\/www.csj-emballages.com\/de\/produit\/druckseifenspender-1-liter\/"]}]},{"@type":"ImageObject","inLanguage":"de","@id":"https:\/\/www.csj-emballages.com\/de\/produit\/druckseifenspender-1-liter\/#primaryimage","url":"https:\/\/www.csj-emballages.com\/wp-content\/uploads\/2024\/03\/DISTRI1L-2.webp","contentUrl":"https:\/\/www.csj-emballages.com\/wp-content\/uploads\/2024\/03\/DISTRI1L-2.webp","width":800,"height":800,"caption":"Distributeur savon"},{"@type":"BreadcrumbList","@id":"https:\/\/www.csj-emballages.com\/de\/produit\/druckseifenspender-1-liter\/#breadcrumb","itemListElement":[{"@type":"ListItem","position":1,"name":"Accueil","item":"https:\/\/www.csj-emballages.com\/de\/universum-lebensmittelverpackungen\/"},{"@type":"ListItem","position":2,"name":"Shop","item":"https:\/\/www.csj-emballages.com\/shop\/"},{"@type":"ListItem","position":3,"name":"Druckseifenspender 900 ml"}]},{"@type":"WebSite","@id":"https:\/\/www.csj-emballages.com\/de\/#website","url":"https:\/\/www.csj-emballages.com\/de\/","name":"CSJ Emballages","description":"","publisher":{"@id":"https:\/\/www.csj-emballages.com\/de\/#organization"},"potentialAction":[{"@type":"SearchAction","target":{"@type":"EntryPoint","urlTemplate":"https:\/\/www.csj-emballages.com\/de\/?s={search_term_string}"},"query-input":{"@type":"PropertyValueSpecification","valueRequired":true,"valueName":"search_term_string"}}],"inLanguage":"de"},{"@type":"Organization","@id":"https:\/\/www.csj-emballages.com\/de\/#Organization\/","name":"CSJ Emballages","url":"https:\/\/www.csj-emballages.com\/de\/","logo":{"@type":"ImageObject","inLanguage":"de","@id":"https:\/\/www.csj-emballages.com\/de\/#\/schema\/logo\/image\/","url":"https:\/\/www.csj-emballages.com\/wp-content\/uploads\/2023\/10\/logo_csj.webp","contentUrl":"https:\/\/www.csj-emballages.com\/wp-content\/uploads\/2023\/10\/logo_csj.webp","width":250,"height":95,"caption":"CSJ Emballages"},"image":{"@id":"https:\/\/www.csj-emballages.com\/de\/#\/schema\/logo\/image\/"},"sameAs":["https:\/\/www.facebook.com\/csjemballages"],"address":{"@type":"PostalAddress","streetAddress":"ZI La Lechere","addressLocality":"Patornay","postalCode":"39130","addressCountry":"FR"},"contactPoint":[{"@type":"ContactPoint","contactType":"Service client","telephone":"0384254272","email":"contact@csj-emballages.com"}]}]}},"df_price":18.06,"df_sale_price":"","df_regular_price":18.06,"df_image_link":"https:\/\/www.csj-emballages.com\/wp-content\/uploads\/2024\/03\/DISTRI1L-2-300x300.webp","tiered_pricing_type":"fixed","tiered_pricing_fixed_rules":[],"tiered_pricing_percentage_rules":[],"tiered_pricing_minimum":1,"tiered_pricing_roles_data":[],"_links":{"self":[{"href":"https:\/\/www.csj-emballages.com\/de\/wp-json\/wp\/v2\/product\/20504","targetHints":{"allow":["GET"]}}],"collection":[{"href":"https:\/\/www.csj-emballages.com\/de\/wp-json\/wp\/v2\/product"}],"about":[{"href":"https:\/\/www.csj-emballages.com\/de\/wp-json\/wp\/v2\/types\/product"}],"wp:featuredmedia":[{"embeddable":true,"href":"https:\/\/www.csj-emballages.com\/de\/wp-json\/wp\/v2\/media\/256839"}],"wp:attachment":[{"href":"https:\/\/www.csj-emballages.com\/de\/wp-json\/wp\/v2\/media?parent=20504"}],"wp:term":[{"taxonomy":"product_brand","embeddable":true,"href":"https:\/\/www.csj-emballages.com\/de\/wp-json\/wp\/v2\/product_brand?post=20504"},{"taxonomy":"product_cat","embeddable":true,"href":"https:\/\/www.csj-emballages.com\/de\/wp-json\/wp\/v2\/product_cat?post=20504"},{"taxonomy":"product_tag","embeddable":true,"href":"https:\/\/www.csj-emballages.com\/de\/wp-json\/wp\/v2\/product_tag?post=20504"}],"curies":[{"name":"wp","href":"https:\/\/api.w.org\/{rel}","templated":true}]}}