{"id":20501,"date":"2024-03-01T16:54:35","date_gmt":"2024-03-01T15:54:35","guid":{"rendered":"https:\/\/u15jnbdpoq.preview.infomaniak.website\/produit\/50-kuppeldeckel-mit-loch-fuer-smoothies-aus-kunststoff-95-o\/"},"modified":"2026-04-14T18:00:22","modified_gmt":"2026-04-14T16:00:22","slug":"50-kuppeldeckel-mit-loch-fuer-smoothies-aus-kunststoff-95-o","status":"publish","type":"product","link":"https:\/\/www.csj-emballages.com\/de\/produit\/50-kuppeldeckel-mit-loch-fuer-smoothies-aus-kunststoff-95-o\/","title":{"rendered":"Kunststoffdeckel Kuppel mit Loch \u00d895 pro 50"},"content":{"rendered":"<h2>Plastikdeckel<\/h2>\n<div style=\"box-sizing: inherit; font-family: Roboto, sans-serif;\">\n<div style=\"box-sizing: inherit; font-family: Roboto, sans-serif;\">\n<div style=\"box-sizing: inherit; font-family: Roboto, sans-serif;\">\n<div style=\"text-align: center;\">\n<div style=\"box-sizing: inherit; font-family: Roboto, sans-serif;\">\n<div style=\"box-sizing: inherit; font-family: Roboto, sans-serif;\">\n<div style=\"box-sizing: inherit; font-family: Roboto, sans-serif;\">\n<div style=\"box-sizing: inherit; font-family: Roboto, sans-serif;\">\n<div style=\"box-sizing: inherit; font-family: Roboto, sans-serif;\">\n<div style=\"box-sizing: inherit; font-family: Roboto, sans-serif; text-align: left;\">\n<hr>\n<h3 style=\"text-align: left;\">Beschreibung von Plastikdeckel mit Loch \u00d895 pro 50 St\u00fcck<\/h3>\n<p><!--more--><\/p>\n<div>\n<div>\n<div>\n<div>\n<div>\n<div>\n<div>\n<div>\n<div>\n<div>\n<p data-start=\"289\" data-end=\"703\">Wenn man Getr\u00e4nke zum Mitnehmen anbietet, macht der <strong>Deckel<\/strong> einen gro\u00dfen Unterschied. Dieser kuppelf\u00f6rmige <strong data-start=\"373\" data-end=\"421\">Kunststoffdeckel \u00d895 mit Loch<\/strong> wurde entwickelt, um das Servieren zu vereinfachen und gleichzeitig eine saubere und gepflegte Pr\u00e4sentation zu gew\u00e4hrleisten. Seine gew\u00f6lbte Form l\u00e4sst gen\u00fcgend Platz f\u00fcr Schaum, Eisw\u00fcrfel oder Garnituren, ohne den Inhalt des Bechers zu zerdr\u00fccken. Das Ergebnis: Das Getr\u00e4nk bleibt bis zum letzten Moment sch\u00f6n.   <\/p>\n<p data-start=\"705\" data-end=\"1072\">Dank des <strong data-start=\"717\" data-end=\"739\">integrierten Lochs<\/strong> l\u00e4sst sich <strong>ein Strohhalm<\/strong> schnell <strong>einf\u00fchren<\/strong>. Das ist vor allem w\u00e4hrend des Ansturms praktisch und verhindert zu gro\u00dfe \u00d6ffnungen, die zu Spritzern f\u00fchren k\u00f6nnen. Einmal eingeklickt, h\u00e4lt der <strong>Deckel<\/strong> fest, was den Transport sicher macht und Unf\u00e4lle bei der Lieferung oder beim Take-away einschr\u00e4nkt.  <\/p>\n<p data-start=\"1074\" data-end=\"1433\">Auch seine <strong>Transparenz<\/strong> ist ein echter Pluspunkt. Sie erm\u00f6glicht den sofortigen Blick auf das Getr\u00e4nk, wodurch die Farben von Smoothies, Milchshakes, S\u00e4ften oder Eiskaffee besser zur Geltung kommen. Optisch ist es attraktiver, und f\u00fcr den Kunden ist es beruhigend. Au\u00dferdem ist der <strong>Kunststoff<\/strong> steif genug, um seine Form zu behalten, auch wenn man den Becher mehrmals anfasst.   <\/p>\n<p data-start=\"1435\" data-end=\"1720\">Dieser Deckel wird <strong data-start=\"1441\" data-end=\"1458\">im Set von 50 St\u00fcck<\/strong> verkauft und l\u00e4sst sich leicht in Ihre t\u00e4gliche Organisation integrieren. Er eignet sich perfekt f\u00fcr Saftbars, Snacks, Coffeeshops, Foodtrucks oder punktuelle Veranstaltungen. Einfach, effizient und durchdacht begleitet er Ihre Getr\u00e4nke, ohne Ihren Service zu erschweren.  <\/p>\n<p data-start=\"1435\" data-end=\"1720\">\n<\/div>\n<\/div>\n<\/div>\n<\/div>\n<\/div>\n<\/div>\n<\/div>\n<\/div>\n<\/div>\n<\/div>\n<p><!--more--><\/p>\n<h4>Vorteile :<\/h4>\n<ul>\n<li data-start=\"1748\" data-end=\"1805\"><strong>Kuppelform<\/strong> ideal f\u00fcr Getr\u00e4nke mit Schaum oder Eisw\u00fcrfeln.<\/li>\n<li data-start=\"1808\" data-end=\"1842\">Praktisches <strong>Loch<\/strong> f\u00fcr Strohhalme.<\/li>\n<li data-start=\"1845\" data-end=\"1880\">Guter Halt auf Bechern mit <strong>\u00d895<\/strong>.<\/li>\n<li data-start=\"1883\" data-end=\"1917\">Transparenter, steifer Kunststoff.<\/li>\n<li data-start=\"1920\" data-end=\"1948\">Lot von <strong>50<\/strong>, praktisch zu handhaben.<\/li>\n<\/ul>\n<div class=\"elementor elementor-175 elementor-location-footer\" data-elementor-type=\"footer\" data-elementor-id=\"175\" data-elementor-post-type=\"elementor_library\">\n<div class=\"elementor-element elementor-element-d413b54 e-flex e-con-boxed e-con e-parent e-lazyloaded\" data-id=\"d413b54\" data-element_type=\"container\">\n<div class=\"e-con-inner\">\n<div class=\"elementor-element elementor-element-9493a3c elementor-widget elementor-widget-shortcode\" data-id=\"9493a3c\" data-element_type=\"widget\" data-widget_type=\"shortcode.default\">\n<div class=\"elementor-widget-container\"><\/div>\n<\/div>\n<\/div>\n<\/div>\n<\/div>\n<p><!--more--><\/p>\n<h4>Weitere Informationen :<\/h4>\n<ul>\n<li><strong>Verpackung<\/strong>: Packung mit 50 St\u00fcck<\/li>\n<li><strong>Durchmesser<\/strong>: 95 mm<\/li>\n<li><strong>H\u00f6he<\/strong>: 35 mm<\/li>\n<li><strong>Form<\/strong>: Rund<\/li>\n<li><strong>Material<\/strong>: rPET<\/li>\n<\/ul>\n<p>&nbsp;<\/p>\n<p><!--more--><\/p>\n<p>Dieser kuppelf\u00f6rmige Kunststoffdeckel mit Strohhalmloch ist auch mit Kreuz erh\u00e4ltlich : <span style=\"color: #d12727;\"><a style=\"color: #d12727;\" href=\"https:\/\/www.csj-emballages.com\/pt-pt\/produit\/tampa-de-plastico-em-forma-de-cupula-com-travessa-o95-por-50\/\">CVDOMCR500CC<\/a><\/span><\/p>\n<p>&nbsp;<\/p>\n<p><!--more--><\/p>\n<p><a href=\"\/?product_cat=pots-smoothies-diametre-95mm\">Sehen Sie sich den Rest unseres Sortiments an Smoothie-T\u00f6pfen in \u00d895 mm an.<\/a><\/p>\n<\/div>\n<\/div>\n<\/div>\n<\/div>\n<\/div>\n<\/div>\n<\/div>\n<\/div>\n<\/div>\n<\/div>\n","protected":false},"excerpt":{"rendered":"<p>Plastikdeckel Beschreibung von Plastikdeckel mit Loch \u00d895 pro 50 St\u00fcck<\/p>\n","protected":false},"featured_media":193420,"template":"","meta":{"_acf_changed":false},"product_brand":[],"product_cat":[1137,1469,1793,2541,2547],"product_tag":[],"class_list":{"0":"post-20501","1":"product","2":"type-product","3":"status-publish","4":"has-post-thumbnail","6":"product_cat-lebensmittelverpackungen","7":"product_cat-becher-glaser-eimer-flaschen","8":"product_cat-becher-fur-kalte-getranke","9":"product_cat-smoothie-becher","10":"product_cat-smoothie-glaser-durchmesser-95-mm","12":"first","13":"instock","14":"taxable","15":"shipping-taxable","16":"purchasable","17":"product-type-simple"},"acf":[],"yoast_head":"<!-- This site is optimized with the Yoast SEO Premium plugin v26.6 (Yoast SEO v26.6) - https:\/\/yoast.com\/wordpress\/plugins\/seo\/ -->\n<title>Kunststoffdeckel Kuppel mit Loch \u00d895 pro 50<\/title>\n<meta name=\"description\" content=\"Kuppelf\u00f6rmiger Kunststoffdeckel \u00d895 mit Loch, verkauft pro 50 St\u00fcck. Ideal f\u00fcr Getr\u00e4nke zum Mitnehmen mit Strohhalm, sicherer Halt und gepflegte Pr\u00e4sentation.\" \/>\n<meta name=\"robots\" content=\"index, follow, max-snippet:-1, max-image-preview:large, max-video-preview:-1\" \/>\n<link rel=\"canonical\" href=\"https:\/\/www.csj-emballages.com\/de\/produit\/50-kuppeldeckel-mit-loch-fuer-smoothies-aus-kunststoff-95-o\/\" \/>\n<meta property=\"og:locale\" content=\"de_DE\" \/>\n<meta property=\"og:type\" content=\"article\" \/>\n<meta property=\"og:title\" content=\"Kunststoffdeckel Kuppel mit Loch - \u00d895 mm\" \/>\n<meta property=\"og:description\" content=\"Entdecken Sie unsere Auswahl an praktischen und vielseitigen Kuppeldeckeln aus Kunststoff mit Loch. Perfekt f\u00fcr Getr\u00e4nke zum Mitnehmen und Veranstaltungen.\" \/>\n<meta property=\"og:url\" content=\"https:\/\/www.csj-emballages.com\/de\/produit\/50-kuppeldeckel-mit-loch-fuer-smoothies-aus-kunststoff-95-o\/\" \/>\n<meta property=\"og:site_name\" content=\"CSJ Emballages\" \/>\n<meta property=\"article:publisher\" content=\"https:\/\/www.facebook.com\/csjemballages\" \/>\n<meta property=\"article:modified_time\" content=\"2026-04-14T16:00:22+00:00\" \/>\n<meta property=\"og:image\" content=\"https:\/\/www.csj-emballages.com\/wp-content\/uploads\/2024\/03\/CVDOMTR300CC.webp\" \/>\n\t<meta property=\"og:image:width\" content=\"800\" \/>\n\t<meta property=\"og:image:height\" content=\"800\" \/>\n\t<meta property=\"og:image:type\" content=\"image\/webp\" \/>\n<meta name=\"twitter:card\" content=\"summary_large_image\" \/>\n<meta name=\"twitter:title\" content=\"Kunststoffdeckel Kuppel mit Loch - \u00d895 mm\" \/>\n<meta name=\"twitter:description\" content=\"Entdecken Sie unsere Auswahl an praktischen und vielseitigen Kuppeldeckeln aus Kunststoff mit Loch. Perfekt f\u00fcr Getr\u00e4nke zum Mitnehmen und Veranstaltungen.\" \/>\n<meta name=\"twitter:label1\" content=\"Gesch\u00e4tzte Lesezeit\" \/>\n\t<meta name=\"twitter:data1\" content=\"1\u00a0Minute\" \/>\n<script type=\"application\/ld+json\" class=\"yoast-schema-graph\">{\"@context\":\"https:\/\/schema.org\",\"@graph\":[{\"@type\":\"WebPage\",\"@id\":\"https:\/\/www.csj-emballages.com\/de\/produit\/50-kuppeldeckel-mit-loch-fuer-smoothies-aus-kunststoff-95-o\/\",\"url\":\"https:\/\/www.csj-emballages.com\/de\/produit\/50-kuppeldeckel-mit-loch-fuer-smoothies-aus-kunststoff-95-o\/\",\"name\":\"Kunststoffdeckel Kuppel mit Loch \u00d895 pro 50\",\"isPartOf\":{\"@id\":\"https:\/\/www.csj-emballages.com\/de\/#website\"},\"primaryImageOfPage\":{\"@id\":\"https:\/\/www.csj-emballages.com\/de\/produit\/50-kuppeldeckel-mit-loch-fuer-smoothies-aus-kunststoff-95-o\/#primaryimage\"},\"image\":{\"@id\":\"https:\/\/www.csj-emballages.com\/de\/produit\/50-kuppeldeckel-mit-loch-fuer-smoothies-aus-kunststoff-95-o\/#primaryimage\"},\"thumbnailUrl\":\"https:\/\/www.csj-emballages.com\/wp-content\/uploads\/2024\/03\/CVDOMTR300CC.webp\",\"datePublished\":\"2024-03-01T15:54:35+00:00\",\"dateModified\":\"2026-04-14T16:00:22+00:00\",\"description\":\"Kuppelf\u00f6rmiger Kunststoffdeckel \u00d895 mit Loch, verkauft pro 50 St\u00fcck. Ideal f\u00fcr Getr\u00e4nke zum Mitnehmen mit Strohhalm, sicherer Halt und gepflegte Pr\u00e4sentation.\",\"breadcrumb\":{\"@id\":\"https:\/\/www.csj-emballages.com\/de\/produit\/50-kuppeldeckel-mit-loch-fuer-smoothies-aus-kunststoff-95-o\/#breadcrumb\"},\"inLanguage\":\"de\",\"potentialAction\":[{\"@type\":\"ReadAction\",\"target\":[\"https:\/\/www.csj-emballages.com\/de\/produit\/50-kuppeldeckel-mit-loch-fuer-smoothies-aus-kunststoff-95-o\/\"]}]},{\"@type\":\"ImageObject\",\"inLanguage\":\"de\",\"@id\":\"https:\/\/www.csj-emballages.com\/de\/produit\/50-kuppeldeckel-mit-loch-fuer-smoothies-aus-kunststoff-95-o\/#primaryimage\",\"url\":\"https:\/\/www.csj-emballages.com\/wp-content\/uploads\/2024\/03\/CVDOMTR300CC.webp\",\"contentUrl\":\"https:\/\/www.csj-emballages.com\/wp-content\/uploads\/2024\/03\/CVDOMTR300CC.webp\",\"width\":800,\"height\":800,\"caption\":\"Couvercle plastique\"},{\"@type\":\"BreadcrumbList\",\"@id\":\"https:\/\/www.csj-emballages.com\/de\/produit\/50-kuppeldeckel-mit-loch-fuer-smoothies-aus-kunststoff-95-o\/#breadcrumb\",\"itemListElement\":[{\"@type\":\"ListItem\",\"position\":1,\"name\":\"Accueil\",\"item\":\"https:\/\/www.csj-emballages.com\/de\/universum-lebensmittelverpackungen\/\"},{\"@type\":\"ListItem\",\"position\":2,\"name\":\"Shop\",\"item\":\"https:\/\/www.csj-emballages.com\/shop\/\"},{\"@type\":\"ListItem\",\"position\":3,\"name\":\"Kunststoffdeckel Kuppel mit Loch \u00d895 pro 50\"}]},{\"@type\":\"WebSite\",\"@id\":\"https:\/\/www.csj-emballages.com\/de\/#website\",\"url\":\"https:\/\/www.csj-emballages.com\/de\/\",\"name\":\"CSJ Emballages\",\"description\":\"\",\"publisher\":{\"@id\":\"https:\/\/www.csj-emballages.com\/de\/#organization\"},\"potentialAction\":[{\"@type\":\"SearchAction\",\"target\":{\"@type\":\"EntryPoint\",\"urlTemplate\":\"https:\/\/www.csj-emballages.com\/de\/?s={search_term_string}\"},\"query-input\":{\"@type\":\"PropertyValueSpecification\",\"valueRequired\":true,\"valueName\":\"search_term_string\"}}],\"inLanguage\":\"de\"},{\"@type\":\"Organization\",\"@id\":\"https:\/\/www.csj-emballages.com\/de\/#Organization\/\",\"name\":\"CSJ Emballages\",\"url\":\"https:\/\/www.csj-emballages.com\/de\/\",\"logo\":{\"@type\":\"ImageObject\",\"inLanguage\":\"de\",\"@id\":\"https:\/\/www.csj-emballages.com\/de\/#\/schema\/logo\/image\/\",\"url\":\"https:\/\/www.csj-emballages.com\/wp-content\/uploads\/2023\/10\/logo_csj.webp\",\"contentUrl\":\"https:\/\/www.csj-emballages.com\/wp-content\/uploads\/2023\/10\/logo_csj.webp\",\"width\":250,\"height\":95,\"caption\":\"CSJ Emballages\"},\"image\":{\"@id\":\"https:\/\/www.csj-emballages.com\/de\/#\/schema\/logo\/image\/\"},\"sameAs\":[\"https:\/\/www.facebook.com\/csjemballages\"],\"address\":{\"@type\":\"PostalAddress\",\"streetAddress\":\"ZI La Lechere\",\"addressLocality\":\"Patornay\",\"postalCode\":\"39130\",\"addressCountry\":\"FR\"},\"contactPoint\":[{\"@type\":\"ContactPoint\",\"contactType\":\"Service client\",\"telephone\":\"0384254272\",\"email\":\"contact@csj-emballages.com\"}]}]}<\/script>\n<!-- \/ Yoast SEO Premium plugin. -->","yoast_head_json":{"title":"Kunststoffdeckel Kuppel mit Loch \u00d895 pro 50","description":"Kuppelf\u00f6rmiger Kunststoffdeckel \u00d895 mit Loch, verkauft pro 50 St\u00fcck. Ideal f\u00fcr Getr\u00e4nke zum Mitnehmen mit Strohhalm, sicherer Halt und gepflegte Pr\u00e4sentation.","robots":{"index":"index","follow":"follow","max-snippet":"max-snippet:-1","max-image-preview":"max-image-preview:large","max-video-preview":"max-video-preview:-1"},"canonical":"https:\/\/www.csj-emballages.com\/de\/produit\/50-kuppeldeckel-mit-loch-fuer-smoothies-aus-kunststoff-95-o\/","og_locale":"de_DE","og_type":"article","og_title":"Kunststoffdeckel Kuppel mit Loch - \u00d895 mm","og_description":"Entdecken Sie unsere Auswahl an praktischen und vielseitigen Kuppeldeckeln aus Kunststoff mit Loch. Perfekt f\u00fcr Getr\u00e4nke zum Mitnehmen und Veranstaltungen.","og_url":"https:\/\/www.csj-emballages.com\/de\/produit\/50-kuppeldeckel-mit-loch-fuer-smoothies-aus-kunststoff-95-o\/","og_site_name":"CSJ Emballages","article_publisher":"https:\/\/www.facebook.com\/csjemballages","article_modified_time":"2026-04-14T16:00:22+00:00","og_image":[{"width":800,"height":800,"url":"https:\/\/www.csj-emballages.com\/wp-content\/uploads\/2024\/03\/CVDOMTR300CC.webp","type":"image\/webp"}],"twitter_card":"summary_large_image","twitter_title":"Kunststoffdeckel Kuppel mit Loch - \u00d895 mm","twitter_description":"Entdecken Sie unsere Auswahl an praktischen und vielseitigen Kuppeldeckeln aus Kunststoff mit Loch. Perfekt f\u00fcr Getr\u00e4nke zum Mitnehmen und Veranstaltungen.","twitter_misc":{"Gesch\u00e4tzte Lesezeit":"1\u00a0Minute"},"schema":{"@context":"https:\/\/schema.org","@graph":[{"@type":"WebPage","@id":"https:\/\/www.csj-emballages.com\/de\/produit\/50-kuppeldeckel-mit-loch-fuer-smoothies-aus-kunststoff-95-o\/","url":"https:\/\/www.csj-emballages.com\/de\/produit\/50-kuppeldeckel-mit-loch-fuer-smoothies-aus-kunststoff-95-o\/","name":"Kunststoffdeckel Kuppel mit Loch \u00d895 pro 50","isPartOf":{"@id":"https:\/\/www.csj-emballages.com\/de\/#website"},"primaryImageOfPage":{"@id":"https:\/\/www.csj-emballages.com\/de\/produit\/50-kuppeldeckel-mit-loch-fuer-smoothies-aus-kunststoff-95-o\/#primaryimage"},"image":{"@id":"https:\/\/www.csj-emballages.com\/de\/produit\/50-kuppeldeckel-mit-loch-fuer-smoothies-aus-kunststoff-95-o\/#primaryimage"},"thumbnailUrl":"https:\/\/www.csj-emballages.com\/wp-content\/uploads\/2024\/03\/CVDOMTR300CC.webp","datePublished":"2024-03-01T15:54:35+00:00","dateModified":"2026-04-14T16:00:22+00:00","description":"Kuppelf\u00f6rmiger Kunststoffdeckel \u00d895 mit Loch, verkauft pro 50 St\u00fcck. Ideal f\u00fcr Getr\u00e4nke zum Mitnehmen mit Strohhalm, sicherer Halt und gepflegte Pr\u00e4sentation.","breadcrumb":{"@id":"https:\/\/www.csj-emballages.com\/de\/produit\/50-kuppeldeckel-mit-loch-fuer-smoothies-aus-kunststoff-95-o\/#breadcrumb"},"inLanguage":"de","potentialAction":[{"@type":"ReadAction","target":["https:\/\/www.csj-emballages.com\/de\/produit\/50-kuppeldeckel-mit-loch-fuer-smoothies-aus-kunststoff-95-o\/"]}]},{"@type":"ImageObject","inLanguage":"de","@id":"https:\/\/www.csj-emballages.com\/de\/produit\/50-kuppeldeckel-mit-loch-fuer-smoothies-aus-kunststoff-95-o\/#primaryimage","url":"https:\/\/www.csj-emballages.com\/wp-content\/uploads\/2024\/03\/CVDOMTR300CC.webp","contentUrl":"https:\/\/www.csj-emballages.com\/wp-content\/uploads\/2024\/03\/CVDOMTR300CC.webp","width":800,"height":800,"caption":"Couvercle plastique"},{"@type":"BreadcrumbList","@id":"https:\/\/www.csj-emballages.com\/de\/produit\/50-kuppeldeckel-mit-loch-fuer-smoothies-aus-kunststoff-95-o\/#breadcrumb","itemListElement":[{"@type":"ListItem","position":1,"name":"Accueil","item":"https:\/\/www.csj-emballages.com\/de\/universum-lebensmittelverpackungen\/"},{"@type":"ListItem","position":2,"name":"Shop","item":"https:\/\/www.csj-emballages.com\/shop\/"},{"@type":"ListItem","position":3,"name":"Kunststoffdeckel Kuppel mit Loch \u00d895 pro 50"}]},{"@type":"WebSite","@id":"https:\/\/www.csj-emballages.com\/de\/#website","url":"https:\/\/www.csj-emballages.com\/de\/","name":"CSJ Emballages","description":"","publisher":{"@id":"https:\/\/www.csj-emballages.com\/de\/#organization"},"potentialAction":[{"@type":"SearchAction","target":{"@type":"EntryPoint","urlTemplate":"https:\/\/www.csj-emballages.com\/de\/?s={search_term_string}"},"query-input":{"@type":"PropertyValueSpecification","valueRequired":true,"valueName":"search_term_string"}}],"inLanguage":"de"},{"@type":"Organization","@id":"https:\/\/www.csj-emballages.com\/de\/#Organization\/","name":"CSJ Emballages","url":"https:\/\/www.csj-emballages.com\/de\/","logo":{"@type":"ImageObject","inLanguage":"de","@id":"https:\/\/www.csj-emballages.com\/de\/#\/schema\/logo\/image\/","url":"https:\/\/www.csj-emballages.com\/wp-content\/uploads\/2023\/10\/logo_csj.webp","contentUrl":"https:\/\/www.csj-emballages.com\/wp-content\/uploads\/2023\/10\/logo_csj.webp","width":250,"height":95,"caption":"CSJ Emballages"},"image":{"@id":"https:\/\/www.csj-emballages.com\/de\/#\/schema\/logo\/image\/"},"sameAs":["https:\/\/www.facebook.com\/csjemballages"],"address":{"@type":"PostalAddress","streetAddress":"ZI La Lechere","addressLocality":"Patornay","postalCode":"39130","addressCountry":"FR"},"contactPoint":[{"@type":"ContactPoint","contactType":"Service client","telephone":"0384254272","email":"contact@csj-emballages.com"}]}]}},"df_price":2.36,"df_sale_price":"","df_regular_price":2.36,"df_image_link":"https:\/\/www.csj-emballages.com\/wp-content\/uploads\/2024\/03\/CVDOMTR300CC-300x300.webp","tiered_pricing_type":"fixed","tiered_pricing_fixed_rules":[],"tiered_pricing_percentage_rules":[],"tiered_pricing_minimum":1,"tiered_pricing_roles_data":[],"_links":{"self":[{"href":"https:\/\/www.csj-emballages.com\/de\/wp-json\/wp\/v2\/product\/20501","targetHints":{"allow":["GET"]}}],"collection":[{"href":"https:\/\/www.csj-emballages.com\/de\/wp-json\/wp\/v2\/product"}],"about":[{"href":"https:\/\/www.csj-emballages.com\/de\/wp-json\/wp\/v2\/types\/product"}],"wp:featuredmedia":[{"embeddable":true,"href":"https:\/\/www.csj-emballages.com\/de\/wp-json\/wp\/v2\/media\/193420"}],"wp:attachment":[{"href":"https:\/\/www.csj-emballages.com\/de\/wp-json\/wp\/v2\/media?parent=20501"}],"wp:term":[{"taxonomy":"product_brand","embeddable":true,"href":"https:\/\/www.csj-emballages.com\/de\/wp-json\/wp\/v2\/product_brand?post=20501"},{"taxonomy":"product_cat","embeddable":true,"href":"https:\/\/www.csj-emballages.com\/de\/wp-json\/wp\/v2\/product_cat?post=20501"},{"taxonomy":"product_tag","embeddable":true,"href":"https:\/\/www.csj-emballages.com\/de\/wp-json\/wp\/v2\/product_tag?post=20501"}],"curies":[{"name":"wp","href":"https:\/\/api.w.org\/{rel}","templated":true}]}}