{"id":20493,"date":"2024-03-01T16:54:35","date_gmt":"2024-03-01T15:54:35","guid":{"rendered":"https:\/\/u15jnbdpoq.preview.infomaniak.website\/produit\/50-einweg-smoothie-deckel-ohne-sprossen-78-o\/"},"modified":"2026-05-01T02:12:17","modified_gmt":"2026-05-01T00:12:17","slug":"50-einweg-smoothie-deckel-ohne-sprossen-78-o","status":"publish","type":"product","link":"https:\/\/www.csj-emballages.com\/de\/produit\/50-einweg-smoothie-deckel-ohne-sprossen-78-o\/","title":{"rendered":"Flacher Kunststoffdeckel 78 \u00d8 pro 50"},"content":{"rendered":"<h2>Kunststoffdeckel<\/h2>\n<hr>\n<h3>  Entdecken Sie unseren flachen Kunststoffdeckel 78 \u00d8 pro 50<\/h3>\n<p><!--more--><\/p>\n<p data-start=\"228\" data-end=\"731\">Dieser <strong>flache<\/strong> <strong>Kunststoffdeckel<\/strong> mit einem <strong data-start=\"256\" data-end=\"277\">Durchmesser von 78 mm<\/strong> ist das kleine Accessoire, das in einem gut organisierten Service alles ver\u00e4ndert. Er ist unauff\u00e4llig, transparent und sehr leicht und passt perfekt auf Becher mit demselben Durchmesser, um einen sauberen und sicheren Verschluss zu bieten. Denn sobald er einrastet, bildet er eine klare Barriere gegen Spritzer, sodass ein Getr\u00e4nk oder eine fl\u00fcssige Zubereitung stressfrei transportiert werden kann &#8211; ideal f\u00fcr Coffee-to-go, S\u00e4fte, Verkostungen oder sogar kleine Proben.  <\/p>\n<p data-start=\"733\" data-end=\"1110\">Seine Schlankheit hindert ihn nicht daran, robust zu sein. Der <strong>Deckel<\/strong> bleibt fest an seinem Platz, verformt sich nicht und h\u00e4lt dem t\u00e4glichen Gebrauch problemlos stand. Praktisch, um auf einen Blick zu erkennen, was sich in jedem Becher befindet, vor allem, wenn mehrere Bestellungen aufeinander folgen.  <\/p>\n<p data-start=\"1112\" data-end=\"1410\">Au\u00dferdem vermeidet das <strong>flache<\/strong>, einfache und klare <strong>Design<\/strong> unn\u00f6tiges Volumen und erm\u00f6glicht es, die Getr\u00e4nke einfach zu stapeln &#8211; ein echtes Plus bei der Lagerung wie auch beim Transport. Und da er <strong data-start=\"1293\" data-end=\"1310\">in Packungen mit 50 St\u00fcck<\/strong> verkauft wird, haben Sie einen ausreichenden Vorrat, um mehrere Schichten zu halten, ohne Ihren Arbeitsbereich zu \u00fcberf\u00fcllen. <\/p>\n<p data-start=\"1412\" data-end=\"1697\">Kurz gesagt: Egal, ob Sie in einem <strong>Coffeeshop<\/strong>, einem Schnellrestaurant, im Veranstaltungsbereich oder in einem Unternehmen arbeiten, dieser Deckel macht Ihnen das Leben eindeutig leichter. Er garantiert ein besseres Erlebnis f\u00fcr Kunden, die ihr Getr\u00e4nk<strong>&#8222;zum Mitnehmen<\/strong>&#8220; nehmen. <\/p>\n<p data-start=\"1412\" data-end=\"1697\"><!--more--><\/p>\n<h4>Vorteile :<\/h4>\n<ul>\n<li data-start=\"1725\" data-end=\"1760\">Sicherer, leckagefreier Verschluss.<\/li>\n<li data-start=\"1763\" data-end=\"1812\">Volle Transparenz, um den Inhalt zu identifizieren.<\/li>\n<li data-start=\"1815\" data-end=\"1871\">Flaches Design, praktisch zum Tragen und Stapeln.<\/li>\n<li data-start=\"1874\" data-end=\"1907\">Standardkompatibilit\u00e4t <strong>\u00d878 mm.<\/strong><\/li>\n<li data-start=\"1910\" data-end=\"1936\">Praktisches Set von <strong>50 St\u00fcck<\/strong>.<\/li>\n<\/ul>\n<p>&nbsp;<\/p>\n<p><!--more--><\/p>\n<h4>Weitere Informationen :<\/h4>\n<ul>\n<li><strong>Verpackung<\/strong>: Packung mit 50 St\u00fcck<\/li>\n<li><strong>Ma\u00dfe<\/strong>: 78 x 6 ( \u00d8 x H in mm)<\/li>\n<li><strong>Material<\/strong>: Polyethylen<\/li>\n<\/ul>\n<p>&nbsp;<\/p>\n<p><!--more--><\/p>\n<p>Dieser flache Kunststoffdeckel ist auch mit Strohkreuz erh\u00e4ltlich : <span style=\"color: #d12727;\"><a style=\"color: #d12727;\" href=\"https:\/\/www.csj-emballages.com\/es\/produit\/50-tapas-desechables-para-batidos-con-travesanos-de-78-o\/\">CVCR300<\/a><\/span><\/p>\n<p>&nbsp;<\/p>\n<p><!--more--><\/p>\n<p><a href=\"https:\/\/www.csj-emballages.com\/de\/categorie-produit\/lebensmittelverpackungen\/restauration-de\/becher-glaser-eimer-flaschen\/becher-fur-kalte-getranke\/smoothie-becher\/smoothie-glaser-durchmesser-78-mm\/\">Sehen Sie sich den Rest unseres Sortiments an Smoothie-Bechern an Durchmesser 78 mm<\/a><\/p>\n","protected":false},"excerpt":{"rendered":"<p>Kunststoffdeckel Entdecken Sie unseren flachen Kunststoffdeckel 78 \u00d8 pro 50<\/p>\n","protected":false},"featured_media":193434,"template":"","meta":{"_acf_changed":false},"product_brand":[],"product_cat":[1137,1170,1279,1464,1469,1793,2541,2545],"product_tag":[],"class_list":{"0":"post-20493","1":"product","2":"type-product","3":"status-publish","4":"has-post-thumbnail","6":"product_cat-lebensmittelverpackungen","7":"product_cat-metzgerei-und-feinkostgeschaft","8":"product_cat-schalen-topfe-glaser","9":"product_cat-dessertschalen","10":"product_cat-becher-glaser-eimer-flaschen","11":"product_cat-becher-fur-kalte-getranke","12":"product_cat-smoothie-becher","13":"product_cat-smoothie-glaser-durchmesser-78-mm","15":"first","16":"instock","17":"taxable","18":"shipping-taxable","19":"purchasable","20":"product-type-simple"},"acf":[],"yoast_head":"<!-- This site is optimized with the Yoast SEO Premium plugin v26.6 (Yoast SEO v26.6) - https:\/\/yoast.com\/wordpress\/plugins\/seo\/ -->\n<title>Plastikdeckel flach 78 \u00d8 pro 50<\/title>\n<meta name=\"description\" content=\"Flache Plastikdeckel \u00d878 mm, verkauft zu 50 St\u00fcck. Perfekt f\u00fcr Getr\u00e4nke zum Mitnehmen: durchsichtig, stabil und einfach zu klipsen.\" \/>\n<meta name=\"robots\" content=\"index, follow, max-snippet:-1, max-image-preview:large, max-video-preview:-1\" \/>\n<link rel=\"canonical\" href=\"https:\/\/www.csj-emballages.com\/de\/produit\/50-einweg-smoothie-deckel-ohne-sprossen-78-o\/\" \/>\n<meta property=\"og:locale\" content=\"de_DE\" \/>\n<meta property=\"og:type\" content=\"article\" \/>\n<meta property=\"og:title\" content=\"Flacher Kunststoffdeckel 78 \u00d8 pro 50\" \/>\n<meta property=\"og:description\" content=\"Flache Plastikdeckel \u00d878 mm, verkauft zu 50 St\u00fcck. Perfekt f\u00fcr Getr\u00e4nke zum Mitnehmen: durchsichtig, stabil und einfach zu klipsen.\" \/>\n<meta property=\"og:url\" content=\"https:\/\/www.csj-emballages.com\/de\/produit\/50-einweg-smoothie-deckel-ohne-sprossen-78-o\/\" \/>\n<meta property=\"og:site_name\" content=\"CSJ Emballages\" \/>\n<meta property=\"article:publisher\" content=\"https:\/\/www.facebook.com\/csjemballages\" \/>\n<meta property=\"article:modified_time\" content=\"2026-05-01T00:12:17+00:00\" \/>\n<meta property=\"og:image\" content=\"https:\/\/www.csj-emballages.com\/wp-content\/uploads\/2024\/03\/CVP300.webp\" \/>\n\t<meta property=\"og:image:width\" content=\"802\" \/>\n\t<meta property=\"og:image:height\" content=\"803\" \/>\n\t<meta property=\"og:image:type\" content=\"image\/webp\" \/>\n<meta name=\"twitter:card\" content=\"summary_large_image\" \/>\n<meta name=\"twitter:label1\" content=\"Gesch\u00e4tzte Lesezeit\" \/>\n\t<meta name=\"twitter:data1\" content=\"2 Minuten\" \/>\n<script type=\"application\/ld+json\" class=\"yoast-schema-graph\">{\"@context\":\"https:\/\/schema.org\",\"@graph\":[{\"@type\":\"WebPage\",\"@id\":\"https:\/\/www.csj-emballages.com\/de\/produit\/50-einweg-smoothie-deckel-ohne-sprossen-78-o\/\",\"url\":\"https:\/\/www.csj-emballages.com\/de\/produit\/50-einweg-smoothie-deckel-ohne-sprossen-78-o\/\",\"name\":\"Plastikdeckel flach 78 \u00d8 pro 50\",\"isPartOf\":{\"@id\":\"https:\/\/www.csj-emballages.com\/de\/#website\"},\"primaryImageOfPage\":{\"@id\":\"https:\/\/www.csj-emballages.com\/de\/produit\/50-einweg-smoothie-deckel-ohne-sprossen-78-o\/#primaryimage\"},\"image\":{\"@id\":\"https:\/\/www.csj-emballages.com\/de\/produit\/50-einweg-smoothie-deckel-ohne-sprossen-78-o\/#primaryimage\"},\"thumbnailUrl\":\"https:\/\/www.csj-emballages.com\/wp-content\/uploads\/2024\/03\/CVP300.webp\",\"datePublished\":\"2024-03-01T15:54:35+00:00\",\"dateModified\":\"2026-05-01T00:12:17+00:00\",\"description\":\"Flache Plastikdeckel \u00d878 mm, verkauft zu 50 St\u00fcck. Perfekt f\u00fcr Getr\u00e4nke zum Mitnehmen: durchsichtig, stabil und einfach zu klipsen.\",\"breadcrumb\":{\"@id\":\"https:\/\/www.csj-emballages.com\/de\/produit\/50-einweg-smoothie-deckel-ohne-sprossen-78-o\/#breadcrumb\"},\"inLanguage\":\"de\",\"potentialAction\":[{\"@type\":\"ReadAction\",\"target\":[\"https:\/\/www.csj-emballages.com\/de\/produit\/50-einweg-smoothie-deckel-ohne-sprossen-78-o\/\"]}]},{\"@type\":\"ImageObject\",\"inLanguage\":\"de\",\"@id\":\"https:\/\/www.csj-emballages.com\/de\/produit\/50-einweg-smoothie-deckel-ohne-sprossen-78-o\/#primaryimage\",\"url\":\"https:\/\/www.csj-emballages.com\/wp-content\/uploads\/2024\/03\/CVP300.webp\",\"contentUrl\":\"https:\/\/www.csj-emballages.com\/wp-content\/uploads\/2024\/03\/CVP300.webp\",\"width\":802,\"height\":803,\"caption\":\"Couvercle Plastique\"},{\"@type\":\"BreadcrumbList\",\"@id\":\"https:\/\/www.csj-emballages.com\/de\/produit\/50-einweg-smoothie-deckel-ohne-sprossen-78-o\/#breadcrumb\",\"itemListElement\":[{\"@type\":\"ListItem\",\"position\":1,\"name\":\"Accueil\",\"item\":\"https:\/\/www.csj-emballages.com\/de\/universum-lebensmittelverpackungen\/\"},{\"@type\":\"ListItem\",\"position\":2,\"name\":\"Shop\",\"item\":\"https:\/\/www.csj-emballages.com\/shop\/\"},{\"@type\":\"ListItem\",\"position\":3,\"name\":\"Flacher Kunststoffdeckel 78 \u00d8 pro 50\"}]},{\"@type\":\"WebSite\",\"@id\":\"https:\/\/www.csj-emballages.com\/de\/#website\",\"url\":\"https:\/\/www.csj-emballages.com\/de\/\",\"name\":\"CSJ Emballages\",\"description\":\"\",\"publisher\":{\"@id\":\"https:\/\/www.csj-emballages.com\/de\/#organization\"},\"potentialAction\":[{\"@type\":\"SearchAction\",\"target\":{\"@type\":\"EntryPoint\",\"urlTemplate\":\"https:\/\/www.csj-emballages.com\/de\/?s={search_term_string}\"},\"query-input\":{\"@type\":\"PropertyValueSpecification\",\"valueRequired\":true,\"valueName\":\"search_term_string\"}}],\"inLanguage\":\"de\"},{\"@type\":\"Organization\",\"@id\":\"https:\/\/www.csj-emballages.com\/de\/#Organization\/\",\"name\":\"CSJ Emballages\",\"url\":\"https:\/\/www.csj-emballages.com\/de\/\",\"logo\":{\"@type\":\"ImageObject\",\"inLanguage\":\"de\",\"@id\":\"https:\/\/www.csj-emballages.com\/de\/#\/schema\/logo\/image\/\",\"url\":\"https:\/\/www.csj-emballages.com\/wp-content\/uploads\/2023\/10\/logo_csj.webp\",\"contentUrl\":\"https:\/\/www.csj-emballages.com\/wp-content\/uploads\/2023\/10\/logo_csj.webp\",\"width\":250,\"height\":95,\"caption\":\"CSJ Emballages\"},\"image\":{\"@id\":\"https:\/\/www.csj-emballages.com\/de\/#\/schema\/logo\/image\/\"},\"sameAs\":[\"https:\/\/www.facebook.com\/csjemballages\"],\"address\":{\"@type\":\"PostalAddress\",\"streetAddress\":\"ZI La Lechere\",\"addressLocality\":\"Patornay\",\"postalCode\":\"39130\",\"addressCountry\":\"FR\"},\"contactPoint\":[{\"@type\":\"ContactPoint\",\"contactType\":\"Service client\",\"telephone\":\"0384254272\",\"email\":\"contact@csj-emballages.com\"}]}]}<\/script>\n<!-- \/ Yoast SEO Premium plugin. -->","yoast_head_json":{"title":"Plastikdeckel flach 78 \u00d8 pro 50","description":"Flache Plastikdeckel \u00d878 mm, verkauft zu 50 St\u00fcck. Perfekt f\u00fcr Getr\u00e4nke zum Mitnehmen: durchsichtig, stabil und einfach zu klipsen.","robots":{"index":"index","follow":"follow","max-snippet":"max-snippet:-1","max-image-preview":"max-image-preview:large","max-video-preview":"max-video-preview:-1"},"canonical":"https:\/\/www.csj-emballages.com\/de\/produit\/50-einweg-smoothie-deckel-ohne-sprossen-78-o\/","og_locale":"de_DE","og_type":"article","og_title":"Flacher Kunststoffdeckel 78 \u00d8 pro 50","og_description":"Flache Plastikdeckel \u00d878 mm, verkauft zu 50 St\u00fcck. Perfekt f\u00fcr Getr\u00e4nke zum Mitnehmen: durchsichtig, stabil und einfach zu klipsen.","og_url":"https:\/\/www.csj-emballages.com\/de\/produit\/50-einweg-smoothie-deckel-ohne-sprossen-78-o\/","og_site_name":"CSJ Emballages","article_publisher":"https:\/\/www.facebook.com\/csjemballages","article_modified_time":"2026-05-01T00:12:17+00:00","og_image":[{"width":802,"height":803,"url":"https:\/\/www.csj-emballages.com\/wp-content\/uploads\/2024\/03\/CVP300.webp","type":"image\/webp"}],"twitter_card":"summary_large_image","twitter_misc":{"Gesch\u00e4tzte Lesezeit":"2 Minuten"},"schema":{"@context":"https:\/\/schema.org","@graph":[{"@type":"WebPage","@id":"https:\/\/www.csj-emballages.com\/de\/produit\/50-einweg-smoothie-deckel-ohne-sprossen-78-o\/","url":"https:\/\/www.csj-emballages.com\/de\/produit\/50-einweg-smoothie-deckel-ohne-sprossen-78-o\/","name":"Plastikdeckel flach 78 \u00d8 pro 50","isPartOf":{"@id":"https:\/\/www.csj-emballages.com\/de\/#website"},"primaryImageOfPage":{"@id":"https:\/\/www.csj-emballages.com\/de\/produit\/50-einweg-smoothie-deckel-ohne-sprossen-78-o\/#primaryimage"},"image":{"@id":"https:\/\/www.csj-emballages.com\/de\/produit\/50-einweg-smoothie-deckel-ohne-sprossen-78-o\/#primaryimage"},"thumbnailUrl":"https:\/\/www.csj-emballages.com\/wp-content\/uploads\/2024\/03\/CVP300.webp","datePublished":"2024-03-01T15:54:35+00:00","dateModified":"2026-05-01T00:12:17+00:00","description":"Flache Plastikdeckel \u00d878 mm, verkauft zu 50 St\u00fcck. Perfekt f\u00fcr Getr\u00e4nke zum Mitnehmen: durchsichtig, stabil und einfach zu klipsen.","breadcrumb":{"@id":"https:\/\/www.csj-emballages.com\/de\/produit\/50-einweg-smoothie-deckel-ohne-sprossen-78-o\/#breadcrumb"},"inLanguage":"de","potentialAction":[{"@type":"ReadAction","target":["https:\/\/www.csj-emballages.com\/de\/produit\/50-einweg-smoothie-deckel-ohne-sprossen-78-o\/"]}]},{"@type":"ImageObject","inLanguage":"de","@id":"https:\/\/www.csj-emballages.com\/de\/produit\/50-einweg-smoothie-deckel-ohne-sprossen-78-o\/#primaryimage","url":"https:\/\/www.csj-emballages.com\/wp-content\/uploads\/2024\/03\/CVP300.webp","contentUrl":"https:\/\/www.csj-emballages.com\/wp-content\/uploads\/2024\/03\/CVP300.webp","width":802,"height":803,"caption":"Couvercle Plastique"},{"@type":"BreadcrumbList","@id":"https:\/\/www.csj-emballages.com\/de\/produit\/50-einweg-smoothie-deckel-ohne-sprossen-78-o\/#breadcrumb","itemListElement":[{"@type":"ListItem","position":1,"name":"Accueil","item":"https:\/\/www.csj-emballages.com\/de\/universum-lebensmittelverpackungen\/"},{"@type":"ListItem","position":2,"name":"Shop","item":"https:\/\/www.csj-emballages.com\/shop\/"},{"@type":"ListItem","position":3,"name":"Flacher Kunststoffdeckel 78 \u00d8 pro 50"}]},{"@type":"WebSite","@id":"https:\/\/www.csj-emballages.com\/de\/#website","url":"https:\/\/www.csj-emballages.com\/de\/","name":"CSJ Emballages","description":"","publisher":{"@id":"https:\/\/www.csj-emballages.com\/de\/#organization"},"potentialAction":[{"@type":"SearchAction","target":{"@type":"EntryPoint","urlTemplate":"https:\/\/www.csj-emballages.com\/de\/?s={search_term_string}"},"query-input":{"@type":"PropertyValueSpecification","valueRequired":true,"valueName":"search_term_string"}}],"inLanguage":"de"},{"@type":"Organization","@id":"https:\/\/www.csj-emballages.com\/de\/#Organization\/","name":"CSJ Emballages","url":"https:\/\/www.csj-emballages.com\/de\/","logo":{"@type":"ImageObject","inLanguage":"de","@id":"https:\/\/www.csj-emballages.com\/de\/#\/schema\/logo\/image\/","url":"https:\/\/www.csj-emballages.com\/wp-content\/uploads\/2023\/10\/logo_csj.webp","contentUrl":"https:\/\/www.csj-emballages.com\/wp-content\/uploads\/2023\/10\/logo_csj.webp","width":250,"height":95,"caption":"CSJ Emballages"},"image":{"@id":"https:\/\/www.csj-emballages.com\/de\/#\/schema\/logo\/image\/"},"sameAs":["https:\/\/www.facebook.com\/csjemballages"],"address":{"@type":"PostalAddress","streetAddress":"ZI La Lechere","addressLocality":"Patornay","postalCode":"39130","addressCountry":"FR"},"contactPoint":[{"@type":"ContactPoint","contactType":"Service client","telephone":"0384254272","email":"contact@csj-emballages.com"}]}]}},"df_price":2.16,"df_sale_price":"","df_regular_price":2.16,"df_image_link":"https:\/\/www.csj-emballages.com\/wp-content\/uploads\/2024\/03\/CVP300-300x300.webp","tiered_pricing_type":"fixed","tiered_pricing_fixed_rules":[],"tiered_pricing_percentage_rules":[],"tiered_pricing_minimum":1,"tiered_pricing_roles_data":[],"_links":{"self":[{"href":"https:\/\/www.csj-emballages.com\/de\/wp-json\/wp\/v2\/product\/20493","targetHints":{"allow":["GET"]}}],"collection":[{"href":"https:\/\/www.csj-emballages.com\/de\/wp-json\/wp\/v2\/product"}],"about":[{"href":"https:\/\/www.csj-emballages.com\/de\/wp-json\/wp\/v2\/types\/product"}],"wp:featuredmedia":[{"embeddable":true,"href":"https:\/\/www.csj-emballages.com\/de\/wp-json\/wp\/v2\/media\/193434"}],"wp:attachment":[{"href":"https:\/\/www.csj-emballages.com\/de\/wp-json\/wp\/v2\/media?parent=20493"}],"wp:term":[{"taxonomy":"product_brand","embeddable":true,"href":"https:\/\/www.csj-emballages.com\/de\/wp-json\/wp\/v2\/product_brand?post=20493"},{"taxonomy":"product_cat","embeddable":true,"href":"https:\/\/www.csj-emballages.com\/de\/wp-json\/wp\/v2\/product_cat?post=20493"},{"taxonomy":"product_tag","embeddable":true,"href":"https:\/\/www.csj-emballages.com\/de\/wp-json\/wp\/v2\/product_tag?post=20493"}],"curies":[{"name":"wp","href":"https:\/\/api.w.org\/{rel}","templated":true}]}}