{"id":20485,"date":"2024-03-01T16:54:36","date_gmt":"2024-03-01T15:54:36","guid":{"rendered":"https:\/\/u15jnbdpoq.preview.infomaniak.website\/produit\/50-flache-einweg-smoothie-deckel-mit-sprossen-78-o\/"},"modified":"2026-05-01T02:12:05","modified_gmt":"2026-05-01T00:12:05","slug":"50-flache-einweg-smoothie-deckel-mit-sprossen-78-o","status":"publish","type":"product","link":"https:\/\/www.csj-emballages.com\/de\/produit\/50-flache-einweg-smoothie-deckel-mit-sprossen-78-o\/","title":{"rendered":"Flacher Kunststoffdeckel mit Kreuz 78 \u00d8 pro 50"},"content":{"rendered":"<h2>Plastikdeckel<\/h2>\n<hr>\n<h3>  Entdecken Sie unseren flachen Plastikdeckel mit Kreuz 78 \u00d8 pro 50<\/h3>\n<p><!--more--><\/p>\n<p data-start=\"261\" data-end=\"677\">Beim Servieren eines Getr\u00e4nks zum Mitnehmen z\u00e4hlt jedes Detail, und dieser <strong data-start=\"327\" data-end=\"376\">flache Kunststoffdeckel \u00d8 78 mit Strohkreuz<\/strong> macht eindeutig den Unterschied. Er sieht einfach aus, wurde aber so konzipiert, dass er das Servieren schneller und sauberer macht. Dank des <g id=\"gid_1\">zentralen Strohhalmkreuzes<\/g> l\u00e4sst sich ein Strohhalm leicht einf\u00fchren, w\u00e4hrend gleichzeitig Spritzer vermieden werden. Das Ergebnis: Das Getr\u00e4nk bleibt auch unterwegs sicher an seinem Platz.   <\/p>\n<p data-start=\"679\" data-end=\"1041\">Sein Durchmesser von <strong>\u00d878 mm<\/strong> passt perfekt zu <span style=\"color: #d12727;\"><a style=\"color: #d12727;\" href=\"https:\/\/www.csj-emballages.com\/de\/categorie-produit\/lebensmittelverpackungen\/restauration-de\/becher-glaser-eimer-flaschen\/becher-fur-kalte-getranke\/smoothie-becher\/smoothie-glaser-durchmesser-78-mm\/\">Bechern mit einem Durchmesser von 78 mm.<\/a><\/span>Dadurch wird ein sauberer und sicherer Verschluss gew\u00e4hrleistet. Nach dem Einrasten h\u00e4lt der <strong>Deckel<\/strong> richtig, ohne sich zu verformen, was sowohl dem Fachmann als auch dem Kunden Sicherheit gibt. Ob Soda, Saft, Erfrischungsgetr\u00e4nke oder Eiskaffee, der Deckel passt zum Becher, ohne die Handhabung zu erschweren.  <\/p>\n<p data-start=\"1043\" data-end=\"1373\">Ebenso erleichtert die <strong>flache<\/strong> Form das Stapeln und Lagern. So sparen Sie Platz hinter der Theke und arbeiten in hektischen Schichten effizienter. Der <strong>durchsichtige Kunststoff<\/strong> erm\u00f6glicht es au\u00dferdem, den Inhalt auf einen Blick zu erkennen. Das ist praktisch, um Fehlbestellungen zu vermeiden und die Pr\u00e4sentation ordentlich zu halten.  <\/p>\n<p data-start=\"1375\" data-end=\"1605\">Dieser Deckel wird <strong data-start=\"1381\" data-end=\"1398\">im Set von 50 St\u00fcck<\/strong> verkauft und ist ideal f\u00fcr Imbisse, Fast-Food-Restaurants, Food-Trucks, Bars oder punktuelle Veranstaltungen. Er erm\u00f6glicht die Abwicklung von Take-away-Verk\u00e4ufen ohne unn\u00f6tigen \u00dcberschuss und sorgt gleichzeitig f\u00fcr einen reibungslosen und organisierten Service. <\/p>\n<p data-start=\"1607\" data-end=\"1812\">Zusammenfassend l\u00e4sst sich sagen, dass dieser <strong>Plastikdeckel<\/strong> ein kleines, unverzichtbares Accessoire ist, das den Alltag vereinfacht. Er ist unauff\u00e4llig, effizient und praktisch und erg\u00e4nzt Ihre Becher perfekt f\u00fcr einen sauberen, schnellen und stressfreien Service. <\/p>\n<p data-start=\"1607\" data-end=\"1812\">\n<p data-start=\"1607\" data-end=\"1812\"><!--more--><\/p>\n<h4 data-start=\"1607\" data-end=\"1812\">Vorteile :<\/h4>\n<ul>\n<li data-start=\"1840\" data-end=\"1874\"><strong>Praktisches Kreuz<\/strong> f\u00fcr Stroh.<\/li>\n<li data-start=\"1877\" data-end=\"1909\">Stabiler und sicherer Verschluss.<\/li>\n<li data-start=\"1912\" data-end=\"1963\">Format <strong>\u00d878<\/strong>, das mit vielen Bechern kompatibel ist.<\/li>\n<li data-start=\"1966\" data-end=\"2004\">Flaches Design f\u00fcr eine einfache Aufbewahrung<\/li>\n<li data-start=\"2007\" data-end=\"2033\">Praktisches Set von <strong>50<\/strong> St\u00fcck.<\/li>\n<\/ul>\n<p data-start=\"1607\" data-end=\"1812\">\n<p><!--more--><\/p>\n<h4>Weitere Informationen :<\/h4>\n<ul>\n<li><strong>Verpackung<\/strong>: Packung mit 50 St\u00fcck<\/li>\n<li><strong>Durchmesser<\/strong>: 78 mm<\/li>\n<li><strong>H\u00f6he<\/strong>: 6,5 mm<\/li>\n<li><strong>Form<\/strong>: Rund<\/li>\n<li><strong>Material<\/strong>: rPET<\/li>\n<\/ul>\n<p>&nbsp;<\/p>\n<p><!--more--><\/p>\n<p>Dieser flache Kunststoffdeckel mit Strohkreuz ist auch ohne Strohkreuz erh\u00e4ltlich : <span style=\"color: #d12727;\"><a style=\"color: #d12727;\" href=\"https:\/\/www.csj-emballages.com\/es\/produit\/50-tapas-planas-desechables-para-batidos-sin-rejilla-78-o\/\">CVP300<\/a><\/span><\/p>\n<p>&nbsp;<\/p>\n<p><!--more--><\/p>\n<p><a href=\"https:\/\/www.csj-emballages.com\/de\/categorie-produit\/lebensmittelverpackungen\/restauration-de\/becher-glaser-eimer-flaschen\/becher-fur-kalte-getranke\/smoothie-becher\/smoothie-glaser-durchmesser-78-mm\/\">Sehen Sie sich den Rest unseres Sortiments an Smoothie-Bechern an Durchmesser 78 mm<\/a><\/p>\n","protected":false},"excerpt":{"rendered":"<p>Plastikdeckel Entdecken Sie unseren flachen Plastikdeckel mit Kreuz 78 \u00d8 pro 50<\/p>\n","protected":false},"featured_media":193444,"template":"","meta":{"_acf_changed":false},"product_brand":[],"product_cat":[1137,1170,1279,1464,1469,1793,2541,2545],"product_tag":[],"class_list":{"0":"post-20485","1":"product","2":"type-product","3":"status-publish","4":"has-post-thumbnail","6":"product_cat-lebensmittelverpackungen","7":"product_cat-metzgerei-und-feinkostgeschaft","8":"product_cat-schalen-topfe-glaser","9":"product_cat-dessertschalen","10":"product_cat-becher-glaser-eimer-flaschen","11":"product_cat-becher-fur-kalte-getranke","12":"product_cat-smoothie-becher","13":"product_cat-smoothie-glaser-durchmesser-78-mm","15":"first","16":"instock","17":"taxable","18":"shipping-taxable","19":"purchasable","20":"product-type-simple"},"acf":[],"yoast_head":"<!-- This site is optimized with the Yoast SEO Premium plugin v26.6 (Yoast SEO v26.6) - https:\/\/yoast.com\/wordpress\/plugins\/seo\/ -->\n<title>Flacher Plastikdeckel mit Kreuz 78 \u00d8 pro 50<\/title>\n<meta name=\"description\" content=\"Flacher Plastikdeckel \u00d878 mit Kreuz, verkauft pro 50 St\u00fcck. Ideal f\u00fcr Getr\u00e4nke zum Mitnehmen, sicherer Halt und einfacher Durchzug von Strohhalmen.\" \/>\n<meta name=\"robots\" content=\"index, follow, max-snippet:-1, max-image-preview:large, max-video-preview:-1\" \/>\n<link rel=\"canonical\" href=\"https:\/\/www.csj-emballages.com\/de\/produit\/50-flache-einweg-smoothie-deckel-mit-sprossen-78-o\/\" \/>\n<meta property=\"og:locale\" content=\"de_DE\" \/>\n<meta property=\"og:type\" content=\"article\" \/>\n<meta property=\"og:title\" content=\"Flacher Kunststoffdeckel mit Kreuz 78 \u00d8 pro 50\" \/>\n<meta property=\"og:description\" content=\"Flacher Plastikdeckel \u00d878 mit Kreuz, verkauft pro 50 St\u00fcck. Ideal f\u00fcr Getr\u00e4nke zum Mitnehmen, sicherer Halt und einfacher Durchzug von Strohhalmen.\" \/>\n<meta property=\"og:url\" content=\"https:\/\/www.csj-emballages.com\/de\/produit\/50-flache-einweg-smoothie-deckel-mit-sprossen-78-o\/\" \/>\n<meta property=\"og:site_name\" content=\"CSJ Emballages\" \/>\n<meta property=\"article:publisher\" content=\"https:\/\/www.facebook.com\/csjemballages\" \/>\n<meta property=\"article:modified_time\" content=\"2026-05-01T00:12:05+00:00\" \/>\n<meta property=\"og:image\" content=\"https:\/\/www.csj-emballages.com\/wp-content\/uploads\/2024\/03\/CVCR3001-e1733326130983.webp\" \/>\n\t<meta property=\"og:image:width\" content=\"800\" \/>\n\t<meta property=\"og:image:height\" content=\"877\" \/>\n\t<meta property=\"og:image:type\" content=\"image\/webp\" \/>\n<meta name=\"twitter:card\" content=\"summary_large_image\" \/>\n<meta name=\"twitter:label1\" content=\"Gesch\u00e4tzte Lesezeit\" \/>\n\t<meta name=\"twitter:data1\" content=\"2 Minuten\" \/>\n<script type=\"application\/ld+json\" class=\"yoast-schema-graph\">{\"@context\":\"https:\/\/schema.org\",\"@graph\":[{\"@type\":\"WebPage\",\"@id\":\"https:\/\/www.csj-emballages.com\/de\/produit\/50-flache-einweg-smoothie-deckel-mit-sprossen-78-o\/\",\"url\":\"https:\/\/www.csj-emballages.com\/de\/produit\/50-flache-einweg-smoothie-deckel-mit-sprossen-78-o\/\",\"name\":\"Flacher Plastikdeckel mit Kreuz 78 \u00d8 pro 50\",\"isPartOf\":{\"@id\":\"https:\/\/www.csj-emballages.com\/de\/#website\"},\"primaryImageOfPage\":{\"@id\":\"https:\/\/www.csj-emballages.com\/de\/produit\/50-flache-einweg-smoothie-deckel-mit-sprossen-78-o\/#primaryimage\"},\"image\":{\"@id\":\"https:\/\/www.csj-emballages.com\/de\/produit\/50-flache-einweg-smoothie-deckel-mit-sprossen-78-o\/#primaryimage\"},\"thumbnailUrl\":\"https:\/\/www.csj-emballages.com\/wp-content\/uploads\/2024\/03\/CVCR3001-e1733326130983.webp\",\"datePublished\":\"2024-03-01T15:54:36+00:00\",\"dateModified\":\"2026-05-01T00:12:05+00:00\",\"description\":\"Flacher Plastikdeckel \u00d878 mit Kreuz, verkauft pro 50 St\u00fcck. Ideal f\u00fcr Getr\u00e4nke zum Mitnehmen, sicherer Halt und einfacher Durchzug von Strohhalmen.\",\"breadcrumb\":{\"@id\":\"https:\/\/www.csj-emballages.com\/de\/produit\/50-flache-einweg-smoothie-deckel-mit-sprossen-78-o\/#breadcrumb\"},\"inLanguage\":\"de\",\"potentialAction\":[{\"@type\":\"ReadAction\",\"target\":[\"https:\/\/www.csj-emballages.com\/de\/produit\/50-flache-einweg-smoothie-deckel-mit-sprossen-78-o\/\"]}]},{\"@type\":\"ImageObject\",\"inLanguage\":\"de\",\"@id\":\"https:\/\/www.csj-emballages.com\/de\/produit\/50-flache-einweg-smoothie-deckel-mit-sprossen-78-o\/#primaryimage\",\"url\":\"https:\/\/www.csj-emballages.com\/wp-content\/uploads\/2024\/03\/CVCR3001-e1733326130983.webp\",\"contentUrl\":\"https:\/\/www.csj-emballages.com\/wp-content\/uploads\/2024\/03\/CVCR3001-e1733326130983.webp\",\"width\":800,\"height\":877,\"caption\":\"Couvercle Plastique\"},{\"@type\":\"BreadcrumbList\",\"@id\":\"https:\/\/www.csj-emballages.com\/de\/produit\/50-flache-einweg-smoothie-deckel-mit-sprossen-78-o\/#breadcrumb\",\"itemListElement\":[{\"@type\":\"ListItem\",\"position\":1,\"name\":\"Accueil\",\"item\":\"https:\/\/www.csj-emballages.com\/de\/universum-lebensmittelverpackungen\/\"},{\"@type\":\"ListItem\",\"position\":2,\"name\":\"Shop\",\"item\":\"https:\/\/www.csj-emballages.com\/shop\/\"},{\"@type\":\"ListItem\",\"position\":3,\"name\":\"Flacher Kunststoffdeckel mit Kreuz 78 \u00d8 pro 50\"}]},{\"@type\":\"WebSite\",\"@id\":\"https:\/\/www.csj-emballages.com\/de\/#website\",\"url\":\"https:\/\/www.csj-emballages.com\/de\/\",\"name\":\"CSJ Emballages\",\"description\":\"\",\"publisher\":{\"@id\":\"https:\/\/www.csj-emballages.com\/de\/#organization\"},\"potentialAction\":[{\"@type\":\"SearchAction\",\"target\":{\"@type\":\"EntryPoint\",\"urlTemplate\":\"https:\/\/www.csj-emballages.com\/de\/?s={search_term_string}\"},\"query-input\":{\"@type\":\"PropertyValueSpecification\",\"valueRequired\":true,\"valueName\":\"search_term_string\"}}],\"inLanguage\":\"de\"},{\"@type\":\"Organization\",\"@id\":\"https:\/\/www.csj-emballages.com\/de\/#Organization\/\",\"name\":\"CSJ Emballages\",\"url\":\"https:\/\/www.csj-emballages.com\/de\/\",\"logo\":{\"@type\":\"ImageObject\",\"inLanguage\":\"de\",\"@id\":\"https:\/\/www.csj-emballages.com\/de\/#\/schema\/logo\/image\/\",\"url\":\"https:\/\/www.csj-emballages.com\/wp-content\/uploads\/2023\/10\/logo_csj.webp\",\"contentUrl\":\"https:\/\/www.csj-emballages.com\/wp-content\/uploads\/2023\/10\/logo_csj.webp\",\"width\":250,\"height\":95,\"caption\":\"CSJ Emballages\"},\"image\":{\"@id\":\"https:\/\/www.csj-emballages.com\/de\/#\/schema\/logo\/image\/\"},\"sameAs\":[\"https:\/\/www.facebook.com\/csjemballages\"],\"address\":{\"@type\":\"PostalAddress\",\"streetAddress\":\"ZI La Lechere\",\"addressLocality\":\"Patornay\",\"postalCode\":\"39130\",\"addressCountry\":\"FR\"},\"contactPoint\":[{\"@type\":\"ContactPoint\",\"contactType\":\"Service client\",\"telephone\":\"0384254272\",\"email\":\"contact@csj-emballages.com\"}]}]}<\/script>\n<!-- \/ Yoast SEO Premium plugin. -->","yoast_head_json":{"title":"Flacher Plastikdeckel mit Kreuz 78 \u00d8 pro 50","description":"Flacher Plastikdeckel \u00d878 mit Kreuz, verkauft pro 50 St\u00fcck. Ideal f\u00fcr Getr\u00e4nke zum Mitnehmen, sicherer Halt und einfacher Durchzug von Strohhalmen.","robots":{"index":"index","follow":"follow","max-snippet":"max-snippet:-1","max-image-preview":"max-image-preview:large","max-video-preview":"max-video-preview:-1"},"canonical":"https:\/\/www.csj-emballages.com\/de\/produit\/50-flache-einweg-smoothie-deckel-mit-sprossen-78-o\/","og_locale":"de_DE","og_type":"article","og_title":"Flacher Kunststoffdeckel mit Kreuz 78 \u00d8 pro 50","og_description":"Flacher Plastikdeckel \u00d878 mit Kreuz, verkauft pro 50 St\u00fcck. Ideal f\u00fcr Getr\u00e4nke zum Mitnehmen, sicherer Halt und einfacher Durchzug von Strohhalmen.","og_url":"https:\/\/www.csj-emballages.com\/de\/produit\/50-flache-einweg-smoothie-deckel-mit-sprossen-78-o\/","og_site_name":"CSJ Emballages","article_publisher":"https:\/\/www.facebook.com\/csjemballages","article_modified_time":"2026-05-01T00:12:05+00:00","og_image":[{"width":800,"height":877,"url":"https:\/\/www.csj-emballages.com\/wp-content\/uploads\/2024\/03\/CVCR3001-e1733326130983.webp","type":"image\/webp"}],"twitter_card":"summary_large_image","twitter_misc":{"Gesch\u00e4tzte Lesezeit":"2 Minuten"},"schema":{"@context":"https:\/\/schema.org","@graph":[{"@type":"WebPage","@id":"https:\/\/www.csj-emballages.com\/de\/produit\/50-flache-einweg-smoothie-deckel-mit-sprossen-78-o\/","url":"https:\/\/www.csj-emballages.com\/de\/produit\/50-flache-einweg-smoothie-deckel-mit-sprossen-78-o\/","name":"Flacher Plastikdeckel mit Kreuz 78 \u00d8 pro 50","isPartOf":{"@id":"https:\/\/www.csj-emballages.com\/de\/#website"},"primaryImageOfPage":{"@id":"https:\/\/www.csj-emballages.com\/de\/produit\/50-flache-einweg-smoothie-deckel-mit-sprossen-78-o\/#primaryimage"},"image":{"@id":"https:\/\/www.csj-emballages.com\/de\/produit\/50-flache-einweg-smoothie-deckel-mit-sprossen-78-o\/#primaryimage"},"thumbnailUrl":"https:\/\/www.csj-emballages.com\/wp-content\/uploads\/2024\/03\/CVCR3001-e1733326130983.webp","datePublished":"2024-03-01T15:54:36+00:00","dateModified":"2026-05-01T00:12:05+00:00","description":"Flacher Plastikdeckel \u00d878 mit Kreuz, verkauft pro 50 St\u00fcck. Ideal f\u00fcr Getr\u00e4nke zum Mitnehmen, sicherer Halt und einfacher Durchzug von Strohhalmen.","breadcrumb":{"@id":"https:\/\/www.csj-emballages.com\/de\/produit\/50-flache-einweg-smoothie-deckel-mit-sprossen-78-o\/#breadcrumb"},"inLanguage":"de","potentialAction":[{"@type":"ReadAction","target":["https:\/\/www.csj-emballages.com\/de\/produit\/50-flache-einweg-smoothie-deckel-mit-sprossen-78-o\/"]}]},{"@type":"ImageObject","inLanguage":"de","@id":"https:\/\/www.csj-emballages.com\/de\/produit\/50-flache-einweg-smoothie-deckel-mit-sprossen-78-o\/#primaryimage","url":"https:\/\/www.csj-emballages.com\/wp-content\/uploads\/2024\/03\/CVCR3001-e1733326130983.webp","contentUrl":"https:\/\/www.csj-emballages.com\/wp-content\/uploads\/2024\/03\/CVCR3001-e1733326130983.webp","width":800,"height":877,"caption":"Couvercle Plastique"},{"@type":"BreadcrumbList","@id":"https:\/\/www.csj-emballages.com\/de\/produit\/50-flache-einweg-smoothie-deckel-mit-sprossen-78-o\/#breadcrumb","itemListElement":[{"@type":"ListItem","position":1,"name":"Accueil","item":"https:\/\/www.csj-emballages.com\/de\/universum-lebensmittelverpackungen\/"},{"@type":"ListItem","position":2,"name":"Shop","item":"https:\/\/www.csj-emballages.com\/shop\/"},{"@type":"ListItem","position":3,"name":"Flacher Kunststoffdeckel mit Kreuz 78 \u00d8 pro 50"}]},{"@type":"WebSite","@id":"https:\/\/www.csj-emballages.com\/de\/#website","url":"https:\/\/www.csj-emballages.com\/de\/","name":"CSJ Emballages","description":"","publisher":{"@id":"https:\/\/www.csj-emballages.com\/de\/#organization"},"potentialAction":[{"@type":"SearchAction","target":{"@type":"EntryPoint","urlTemplate":"https:\/\/www.csj-emballages.com\/de\/?s={search_term_string}"},"query-input":{"@type":"PropertyValueSpecification","valueRequired":true,"valueName":"search_term_string"}}],"inLanguage":"de"},{"@type":"Organization","@id":"https:\/\/www.csj-emballages.com\/de\/#Organization\/","name":"CSJ Emballages","url":"https:\/\/www.csj-emballages.com\/de\/","logo":{"@type":"ImageObject","inLanguage":"de","@id":"https:\/\/www.csj-emballages.com\/de\/#\/schema\/logo\/image\/","url":"https:\/\/www.csj-emballages.com\/wp-content\/uploads\/2023\/10\/logo_csj.webp","contentUrl":"https:\/\/www.csj-emballages.com\/wp-content\/uploads\/2023\/10\/logo_csj.webp","width":250,"height":95,"caption":"CSJ Emballages"},"image":{"@id":"https:\/\/www.csj-emballages.com\/de\/#\/schema\/logo\/image\/"},"sameAs":["https:\/\/www.facebook.com\/csjemballages"],"address":{"@type":"PostalAddress","streetAddress":"ZI La Lechere","addressLocality":"Patornay","postalCode":"39130","addressCountry":"FR"},"contactPoint":[{"@type":"ContactPoint","contactType":"Service client","telephone":"0384254272","email":"contact@csj-emballages.com"}]}]}},"df_price":2.16,"df_sale_price":"","df_regular_price":2.16,"df_image_link":"https:\/\/www.csj-emballages.com\/wp-content\/uploads\/2024\/03\/CVCR3001-274x300.webp","tiered_pricing_type":"fixed","tiered_pricing_fixed_rules":[],"tiered_pricing_percentage_rules":[],"tiered_pricing_minimum":1,"tiered_pricing_roles_data":[],"_links":{"self":[{"href":"https:\/\/www.csj-emballages.com\/de\/wp-json\/wp\/v2\/product\/20485","targetHints":{"allow":["GET"]}}],"collection":[{"href":"https:\/\/www.csj-emballages.com\/de\/wp-json\/wp\/v2\/product"}],"about":[{"href":"https:\/\/www.csj-emballages.com\/de\/wp-json\/wp\/v2\/types\/product"}],"wp:featuredmedia":[{"embeddable":true,"href":"https:\/\/www.csj-emballages.com\/de\/wp-json\/wp\/v2\/media\/193444"}],"wp:attachment":[{"href":"https:\/\/www.csj-emballages.com\/de\/wp-json\/wp\/v2\/media?parent=20485"}],"wp:term":[{"taxonomy":"product_brand","embeddable":true,"href":"https:\/\/www.csj-emballages.com\/de\/wp-json\/wp\/v2\/product_brand?post=20485"},{"taxonomy":"product_cat","embeddable":true,"href":"https:\/\/www.csj-emballages.com\/de\/wp-json\/wp\/v2\/product_cat?post=20485"},{"taxonomy":"product_tag","embeddable":true,"href":"https:\/\/www.csj-emballages.com\/de\/wp-json\/wp\/v2\/product_tag?post=20485"}],"curies":[{"name":"wp","href":"https:\/\/api.w.org\/{rel}","templated":true}]}}