{"id":20482,"date":"2024-03-01T16:54:35","date_gmt":"2024-03-01T15:54:35","guid":{"rendered":"https:\/\/u15jnbdpoq.preview.infomaniak.website\/produit\/50-kuppeldeckel-mit-smoothie-tuelle-aus-kunststoff-95-o\/"},"modified":"2026-04-15T02:13:14","modified_gmt":"2026-04-15T00:13:14","slug":"50-kuppeldeckel-mit-smoothie-tuelle-aus-kunststoff-95-o","status":"publish","type":"product","link":"https:\/\/www.csj-emballages.com\/de\/produit\/50-kuppeldeckel-mit-smoothie-tuelle-aus-kunststoff-95-o\/","title":{"rendered":"Kunststoffdeckel Kuppel mit Ausguss \u00d895 pro 50"},"content":{"rendered":"<h2>Kuppeldeckel mit Ausguss<\/h2>\n<div style=\"font-family: Roboto, sans-serif;\">\n<div style=\"font-family: Roboto, sans-serif;\">\n<div style=\"font-family: Roboto, sans-serif;\">\n<div style=\"text-align: center;\">\n<div style=\"font-family: Roboto, sans-serif;\">\n<div style=\"font-family: Roboto, sans-serif;\">\n<div style=\"font-family: Roboto, sans-serif;\">\n<div style=\"font-family: Roboto, sans-serif;\">\n<div style=\"font-family: Roboto, sans-serif;\">\n<div style=\"font-family: Roboto, sans-serif; text-align: left;\">\n<hr>\n<h3 style=\"text-align: left;\">Beschreibung unseres kuppelf\u00f6rmigen Plastikdeckels mit Ausguss \u00d895 pro 50<\/h3>\n<p><!--more--><\/p>\n<\/div>\n<\/div>\n<\/div>\n<\/div>\n<\/div>\n<\/div>\n<\/div>\n<\/div>\n<\/div>\n<\/div>\n<p data-start=\"219\" data-end=\"597\">Dieser <strong>transparente, gew\u00f6lbte Kunststoffdeckel<\/strong> wurde entwickelt, um das Trinken von Getr\u00e4nken zum Mitnehmen zu vereinfachen. Dank des <strong data-start=\"341\" data-end=\"374\">integrierten Trinklochs an der Vorderseite<\/strong> kann man direkt trinken, ohne den Deckel abzunehmen. Das ist praktischer, sauberer und vor allem beruhigender, wenn man unterwegs ist. Ob Kaffee, Tee oder Kaltgetr\u00e4nke, alles bleibt sicher an seinem Platz.   <\/p>\n<p data-start=\"599\" data-end=\"913\">Die <strong>gew\u00f6lbte<\/strong> Form bietet zus\u00e4tzlichen Platz im Inneren. Sie verhindert, dass Schaum, Schlagsahne oder Garnituren zerdr\u00fcckt werden, was ideal f\u00fcr Feinschmeckergetr\u00e4nke ist. Gleichzeitig hebt ihre Transparenz den Inhalt hervor: Farben, Texturen und Verzierungen bleiben sichtbar, was sofort Lust auf mehr macht.  <\/p>\n<p data-start=\"915\" data-end=\"1192\">Der <strong>Deckel<\/strong> l\u00e4sst sich leicht auf den Becher aufklipsen und sorgt f\u00fcr einen sicheren Halt beim Transport. Er begrenzt Spritzer und macht das Servieren sicher, auch wenn der Kunde zu Fu\u00df geht oder f\u00e4hrt. F\u00fcr Profis ist das eine echte Zeitersparnis: einfach verschlie\u00dfen, servieren und fertig.  <\/p>\n<p data-start=\"1194\" data-end=\"1457\">Dieser leichte, aber robuste Deckel eignet sich perfekt f\u00fcr den intensiven Gebrauch. Er findet seinen Platz sowohl in Coffeeshops, Imbissen, Foodtrucks als auch bei Veranstaltungen. Die Bedienung ist intuitiv, sowohl f\u00fcr das Serviceteam als auch f\u00fcr den Endkunden.  <\/p>\n<p data-start=\"1459\" data-end=\"1661\">Zusammenfassend l\u00e4sst sich sagen, dass dieser <strong>Deckel<\/strong> nicht nur dazu dient, einen Becher zu verschlie\u00dfen. Er verbessert den Trinkkomfort, sch\u00fctzt das Getr\u00e4nk und wertet die Pr\u00e4sentation auf, wobei er im Alltag einfach und effektiv ist. <\/p>\n<p><!--more--><\/p>\n<h4 style=\"text-align: left;\">Vorteile :<\/h4>\n<ul>\n<li data-start=\"1689\" data-end=\"1740\"><strong>Trinkloch<\/strong> zum Trinken, ohne den Deckel abzunehmen.<\/li>\n<li data-start=\"1743\" data-end=\"1790\"><strong>Gew\u00f6lbte Form<\/strong> ideal f\u00fcr Mousse und Schlagsahne.<\/li>\n<li data-start=\"1793\" data-end=\"1837\">Transparenz, die das Getr\u00e4nk hervorhebt.<\/li>\n<li data-start=\"1840\" data-end=\"1872\">Gute Haltbarkeit beim Transport.<\/li>\n<li data-start=\"1875\" data-end=\"1903\">Einfach und schnell zu verwenden.<\/li>\n<\/ul>\n<div class=\"elementor elementor-175 elementor-location-footer\" data-elementor-type=\"footer\" data-elementor-id=\"175\" data-elementor-post-type=\"elementor_library\">\n<div class=\"elementor-element elementor-element-d413b54 e-flex e-con-boxed e-con e-parent e-lazyloaded\" data-id=\"d413b54\" data-element_type=\"container\">\n<div class=\"e-con-inner\">\n<div class=\"elementor-element elementor-element-9493a3c elementor-widget elementor-widget-shortcode\" data-id=\"9493a3c\" data-element_type=\"widget\" data-widget_type=\"shortcode.default\">\n<div class=\"elementor-widget-container\"><\/div>\n<\/div>\n<\/div>\n<\/div>\n<\/div>\n<p><!--more--><\/p>\n<h4>Weitere Informationen :<\/h4>\n<ul>\n<li><strong>Verpackung<\/strong>: Packung mit 50 St\u00fcck<\/li>\n<li><strong>Durchmesser<\/strong>: 95 mm<\/li>\n<li><strong>H\u00f6he<\/strong>: 21 mm<\/li>\n<li><strong>Form<\/strong>: Rund<\/li>\n<li><strong>Material<\/strong>: rPET<\/li>\n<\/ul>\n<p>&nbsp;<\/p>\n<p style=\"text-align: left;\"><!--more--><\/p>\n<p><a href=\"\/?product_cat=pots-smoothies-diametre-95mm\">Sehen Sie sich den Rest unseres Sortiments an Smoothie-T\u00f6pfen in \u00d895 mm an.<\/a><\/p>\n","protected":false},"excerpt":{"rendered":"<p>Kuppeldeckel mit Ausguss Beschreibung unseres kuppelf\u00f6rmigen Plastikdeckels mit Ausguss \u00d895 pro 50<\/p>\n","protected":false},"featured_media":258147,"template":"","meta":{"_acf_changed":false},"product_brand":[],"product_cat":[1137,1469,1793,2541,2547],"product_tag":[],"class_list":{"0":"post-20482","1":"product","2":"type-product","3":"status-publish","4":"has-post-thumbnail","6":"product_cat-lebensmittelverpackungen","7":"product_cat-becher-glaser-eimer-flaschen","8":"product_cat-becher-fur-kalte-getranke","9":"product_cat-smoothie-becher","10":"product_cat-smoothie-glaser-durchmesser-95-mm","12":"first","13":"instock","14":"taxable","15":"shipping-taxable","16":"purchasable","17":"product-type-simple"},"acf":[],"yoast_head":"<!-- This site is optimized with the Yoast SEO Premium plugin v26.6 (Yoast SEO v26.6) - https:\/\/yoast.com\/wordpress\/plugins\/seo\/ -->\n<title>Kunststoffdeckel Kuppel mit Auslauf \u00d895 pro 50<\/title>\n<meta name=\"description\" content=\"Kuppelf\u00f6rmiger Kunststoffdeckel mit Schnabel, ideal f\u00fcr Getr\u00e4nke zum Mitnehmen. Praktisch, sicher und perfekt f\u00fcr Sch\u00e4ume und Toppings.\" \/>\n<meta name=\"robots\" content=\"index, follow, max-snippet:-1, max-image-preview:large, max-video-preview:-1\" \/>\n<link rel=\"canonical\" href=\"https:\/\/www.csj-emballages.com\/de\/produit\/50-kuppeldeckel-mit-smoothie-tuelle-aus-kunststoff-95-o\/\" \/>\n<meta property=\"og:locale\" content=\"de_DE\" \/>\n<meta property=\"og:type\" content=\"article\" \/>\n<meta property=\"og:title\" content=\"Kunststoffdeckel Kuppel mit Ausguss \u00d895 pro 50\" \/>\n<meta property=\"og:description\" content=\"Kuppelf\u00f6rmiger Kunststoffdeckel mit Schnabel, ideal f\u00fcr Getr\u00e4nke zum Mitnehmen. Praktisch, sicher und perfekt f\u00fcr Sch\u00e4ume und Toppings.\" \/>\n<meta property=\"og:url\" content=\"https:\/\/www.csj-emballages.com\/de\/produit\/50-kuppeldeckel-mit-smoothie-tuelle-aus-kunststoff-95-o\/\" \/>\n<meta property=\"og:site_name\" content=\"CSJ Emballages\" \/>\n<meta property=\"article:publisher\" content=\"https:\/\/www.facebook.com\/csjemballages\" \/>\n<meta property=\"article:modified_time\" content=\"2026-04-15T00:13:14+00:00\" \/>\n<meta property=\"og:image\" content=\"https:\/\/www.csj-emballages.com\/wp-content\/uploads\/2024\/03\/CVDOMBEC.webp\" \/>\n\t<meta property=\"og:image:width\" content=\"800\" \/>\n\t<meta property=\"og:image:height\" content=\"800\" \/>\n\t<meta property=\"og:image:type\" content=\"image\/webp\" \/>\n<meta name=\"twitter:card\" content=\"summary_large_image\" \/>\n<meta name=\"twitter:label1\" content=\"Gesch\u00e4tzte Lesezeit\" \/>\n\t<meta name=\"twitter:data1\" content=\"1\u00a0Minute\" \/>\n<script type=\"application\/ld+json\" class=\"yoast-schema-graph\">{\"@context\":\"https:\/\/schema.org\",\"@graph\":[{\"@type\":\"WebPage\",\"@id\":\"https:\/\/www.csj-emballages.com\/de\/produit\/50-kuppeldeckel-mit-smoothie-tuelle-aus-kunststoff-95-o\/\",\"url\":\"https:\/\/www.csj-emballages.com\/de\/produit\/50-kuppeldeckel-mit-smoothie-tuelle-aus-kunststoff-95-o\/\",\"name\":\"Kunststoffdeckel Kuppel mit Auslauf \u00d895 pro 50\",\"isPartOf\":{\"@id\":\"https:\/\/www.csj-emballages.com\/de\/#website\"},\"primaryImageOfPage\":{\"@id\":\"https:\/\/www.csj-emballages.com\/de\/produit\/50-kuppeldeckel-mit-smoothie-tuelle-aus-kunststoff-95-o\/#primaryimage\"},\"image\":{\"@id\":\"https:\/\/www.csj-emballages.com\/de\/produit\/50-kuppeldeckel-mit-smoothie-tuelle-aus-kunststoff-95-o\/#primaryimage\"},\"thumbnailUrl\":\"https:\/\/www.csj-emballages.com\/wp-content\/uploads\/2024\/03\/CVDOMBEC.webp\",\"datePublished\":\"2024-03-01T15:54:35+00:00\",\"dateModified\":\"2026-04-15T00:13:14+00:00\",\"description\":\"Kuppelf\u00f6rmiger Kunststoffdeckel mit Schnabel, ideal f\u00fcr Getr\u00e4nke zum Mitnehmen. Praktisch, sicher und perfekt f\u00fcr Sch\u00e4ume und Toppings.\",\"breadcrumb\":{\"@id\":\"https:\/\/www.csj-emballages.com\/de\/produit\/50-kuppeldeckel-mit-smoothie-tuelle-aus-kunststoff-95-o\/#breadcrumb\"},\"inLanguage\":\"de\",\"potentialAction\":[{\"@type\":\"ReadAction\",\"target\":[\"https:\/\/www.csj-emballages.com\/de\/produit\/50-kuppeldeckel-mit-smoothie-tuelle-aus-kunststoff-95-o\/\"]}]},{\"@type\":\"ImageObject\",\"inLanguage\":\"de\",\"@id\":\"https:\/\/www.csj-emballages.com\/de\/produit\/50-kuppeldeckel-mit-smoothie-tuelle-aus-kunststoff-95-o\/#primaryimage\",\"url\":\"https:\/\/www.csj-emballages.com\/wp-content\/uploads\/2024\/03\/CVDOMBEC.webp\",\"contentUrl\":\"https:\/\/www.csj-emballages.com\/wp-content\/uploads\/2024\/03\/CVDOMBEC.webp\",\"width\":800,\"height\":800,\"caption\":\"Couvercle plastique\"},{\"@type\":\"BreadcrumbList\",\"@id\":\"https:\/\/www.csj-emballages.com\/de\/produit\/50-kuppeldeckel-mit-smoothie-tuelle-aus-kunststoff-95-o\/#breadcrumb\",\"itemListElement\":[{\"@type\":\"ListItem\",\"position\":1,\"name\":\"Accueil\",\"item\":\"https:\/\/www.csj-emballages.com\/de\/universum-lebensmittelverpackungen\/\"},{\"@type\":\"ListItem\",\"position\":2,\"name\":\"Shop\",\"item\":\"https:\/\/www.csj-emballages.com\/shop\/\"},{\"@type\":\"ListItem\",\"position\":3,\"name\":\"Kunststoffdeckel Kuppel mit Ausguss \u00d895 pro 50\"}]},{\"@type\":\"WebSite\",\"@id\":\"https:\/\/www.csj-emballages.com\/de\/#website\",\"url\":\"https:\/\/www.csj-emballages.com\/de\/\",\"name\":\"CSJ Emballages\",\"description\":\"\",\"publisher\":{\"@id\":\"https:\/\/www.csj-emballages.com\/de\/#organization\"},\"potentialAction\":[{\"@type\":\"SearchAction\",\"target\":{\"@type\":\"EntryPoint\",\"urlTemplate\":\"https:\/\/www.csj-emballages.com\/de\/?s={search_term_string}\"},\"query-input\":{\"@type\":\"PropertyValueSpecification\",\"valueRequired\":true,\"valueName\":\"search_term_string\"}}],\"inLanguage\":\"de\"},{\"@type\":\"Organization\",\"@id\":\"https:\/\/www.csj-emballages.com\/de\/#Organization\/\",\"name\":\"CSJ Emballages\",\"url\":\"https:\/\/www.csj-emballages.com\/de\/\",\"logo\":{\"@type\":\"ImageObject\",\"inLanguage\":\"de\",\"@id\":\"https:\/\/www.csj-emballages.com\/de\/#\/schema\/logo\/image\/\",\"url\":\"https:\/\/www.csj-emballages.com\/wp-content\/uploads\/2023\/10\/logo_csj.webp\",\"contentUrl\":\"https:\/\/www.csj-emballages.com\/wp-content\/uploads\/2023\/10\/logo_csj.webp\",\"width\":250,\"height\":95,\"caption\":\"CSJ Emballages\"},\"image\":{\"@id\":\"https:\/\/www.csj-emballages.com\/de\/#\/schema\/logo\/image\/\"},\"sameAs\":[\"https:\/\/www.facebook.com\/csjemballages\"],\"address\":{\"@type\":\"PostalAddress\",\"streetAddress\":\"ZI La Lechere\",\"addressLocality\":\"Patornay\",\"postalCode\":\"39130\",\"addressCountry\":\"FR\"},\"contactPoint\":[{\"@type\":\"ContactPoint\",\"contactType\":\"Service client\",\"telephone\":\"0384254272\",\"email\":\"contact@csj-emballages.com\"}]}]}<\/script>\n<!-- \/ Yoast SEO Premium plugin. -->","yoast_head_json":{"title":"Kunststoffdeckel Kuppel mit Auslauf \u00d895 pro 50","description":"Kuppelf\u00f6rmiger Kunststoffdeckel mit Schnabel, ideal f\u00fcr Getr\u00e4nke zum Mitnehmen. Praktisch, sicher und perfekt f\u00fcr Sch\u00e4ume und Toppings.","robots":{"index":"index","follow":"follow","max-snippet":"max-snippet:-1","max-image-preview":"max-image-preview:large","max-video-preview":"max-video-preview:-1"},"canonical":"https:\/\/www.csj-emballages.com\/de\/produit\/50-kuppeldeckel-mit-smoothie-tuelle-aus-kunststoff-95-o\/","og_locale":"de_DE","og_type":"article","og_title":"Kunststoffdeckel Kuppel mit Ausguss \u00d895 pro 50","og_description":"Kuppelf\u00f6rmiger Kunststoffdeckel mit Schnabel, ideal f\u00fcr Getr\u00e4nke zum Mitnehmen. Praktisch, sicher und perfekt f\u00fcr Sch\u00e4ume und Toppings.","og_url":"https:\/\/www.csj-emballages.com\/de\/produit\/50-kuppeldeckel-mit-smoothie-tuelle-aus-kunststoff-95-o\/","og_site_name":"CSJ Emballages","article_publisher":"https:\/\/www.facebook.com\/csjemballages","article_modified_time":"2026-04-15T00:13:14+00:00","og_image":[{"width":800,"height":800,"url":"https:\/\/www.csj-emballages.com\/wp-content\/uploads\/2024\/03\/CVDOMBEC.webp","type":"image\/webp"}],"twitter_card":"summary_large_image","twitter_misc":{"Gesch\u00e4tzte Lesezeit":"1\u00a0Minute"},"schema":{"@context":"https:\/\/schema.org","@graph":[{"@type":"WebPage","@id":"https:\/\/www.csj-emballages.com\/de\/produit\/50-kuppeldeckel-mit-smoothie-tuelle-aus-kunststoff-95-o\/","url":"https:\/\/www.csj-emballages.com\/de\/produit\/50-kuppeldeckel-mit-smoothie-tuelle-aus-kunststoff-95-o\/","name":"Kunststoffdeckel Kuppel mit Auslauf \u00d895 pro 50","isPartOf":{"@id":"https:\/\/www.csj-emballages.com\/de\/#website"},"primaryImageOfPage":{"@id":"https:\/\/www.csj-emballages.com\/de\/produit\/50-kuppeldeckel-mit-smoothie-tuelle-aus-kunststoff-95-o\/#primaryimage"},"image":{"@id":"https:\/\/www.csj-emballages.com\/de\/produit\/50-kuppeldeckel-mit-smoothie-tuelle-aus-kunststoff-95-o\/#primaryimage"},"thumbnailUrl":"https:\/\/www.csj-emballages.com\/wp-content\/uploads\/2024\/03\/CVDOMBEC.webp","datePublished":"2024-03-01T15:54:35+00:00","dateModified":"2026-04-15T00:13:14+00:00","description":"Kuppelf\u00f6rmiger Kunststoffdeckel mit Schnabel, ideal f\u00fcr Getr\u00e4nke zum Mitnehmen. Praktisch, sicher und perfekt f\u00fcr Sch\u00e4ume und Toppings.","breadcrumb":{"@id":"https:\/\/www.csj-emballages.com\/de\/produit\/50-kuppeldeckel-mit-smoothie-tuelle-aus-kunststoff-95-o\/#breadcrumb"},"inLanguage":"de","potentialAction":[{"@type":"ReadAction","target":["https:\/\/www.csj-emballages.com\/de\/produit\/50-kuppeldeckel-mit-smoothie-tuelle-aus-kunststoff-95-o\/"]}]},{"@type":"ImageObject","inLanguage":"de","@id":"https:\/\/www.csj-emballages.com\/de\/produit\/50-kuppeldeckel-mit-smoothie-tuelle-aus-kunststoff-95-o\/#primaryimage","url":"https:\/\/www.csj-emballages.com\/wp-content\/uploads\/2024\/03\/CVDOMBEC.webp","contentUrl":"https:\/\/www.csj-emballages.com\/wp-content\/uploads\/2024\/03\/CVDOMBEC.webp","width":800,"height":800,"caption":"Couvercle plastique"},{"@type":"BreadcrumbList","@id":"https:\/\/www.csj-emballages.com\/de\/produit\/50-kuppeldeckel-mit-smoothie-tuelle-aus-kunststoff-95-o\/#breadcrumb","itemListElement":[{"@type":"ListItem","position":1,"name":"Accueil","item":"https:\/\/www.csj-emballages.com\/de\/universum-lebensmittelverpackungen\/"},{"@type":"ListItem","position":2,"name":"Shop","item":"https:\/\/www.csj-emballages.com\/shop\/"},{"@type":"ListItem","position":3,"name":"Kunststoffdeckel Kuppel mit Ausguss \u00d895 pro 50"}]},{"@type":"WebSite","@id":"https:\/\/www.csj-emballages.com\/de\/#website","url":"https:\/\/www.csj-emballages.com\/de\/","name":"CSJ Emballages","description":"","publisher":{"@id":"https:\/\/www.csj-emballages.com\/de\/#organization"},"potentialAction":[{"@type":"SearchAction","target":{"@type":"EntryPoint","urlTemplate":"https:\/\/www.csj-emballages.com\/de\/?s={search_term_string}"},"query-input":{"@type":"PropertyValueSpecification","valueRequired":true,"valueName":"search_term_string"}}],"inLanguage":"de"},{"@type":"Organization","@id":"https:\/\/www.csj-emballages.com\/de\/#Organization\/","name":"CSJ Emballages","url":"https:\/\/www.csj-emballages.com\/de\/","logo":{"@type":"ImageObject","inLanguage":"de","@id":"https:\/\/www.csj-emballages.com\/de\/#\/schema\/logo\/image\/","url":"https:\/\/www.csj-emballages.com\/wp-content\/uploads\/2023\/10\/logo_csj.webp","contentUrl":"https:\/\/www.csj-emballages.com\/wp-content\/uploads\/2023\/10\/logo_csj.webp","width":250,"height":95,"caption":"CSJ Emballages"},"image":{"@id":"https:\/\/www.csj-emballages.com\/de\/#\/schema\/logo\/image\/"},"sameAs":["https:\/\/www.facebook.com\/csjemballages"],"address":{"@type":"PostalAddress","streetAddress":"ZI La Lechere","addressLocality":"Patornay","postalCode":"39130","addressCountry":"FR"},"contactPoint":[{"@type":"ContactPoint","contactType":"Service client","telephone":"0384254272","email":"contact@csj-emballages.com"}]}]}},"df_price":2.7,"df_sale_price":"","df_regular_price":2.7,"df_image_link":"https:\/\/www.csj-emballages.com\/wp-content\/uploads\/2024\/03\/CVDOMBEC-300x300.webp","tiered_pricing_type":"fixed","tiered_pricing_fixed_rules":[],"tiered_pricing_percentage_rules":[],"tiered_pricing_minimum":1,"tiered_pricing_roles_data":[],"_links":{"self":[{"href":"https:\/\/www.csj-emballages.com\/de\/wp-json\/wp\/v2\/product\/20482","targetHints":{"allow":["GET"]}}],"collection":[{"href":"https:\/\/www.csj-emballages.com\/de\/wp-json\/wp\/v2\/product"}],"about":[{"href":"https:\/\/www.csj-emballages.com\/de\/wp-json\/wp\/v2\/types\/product"}],"wp:featuredmedia":[{"embeddable":true,"href":"https:\/\/www.csj-emballages.com\/de\/wp-json\/wp\/v2\/media\/258147"}],"wp:attachment":[{"href":"https:\/\/www.csj-emballages.com\/de\/wp-json\/wp\/v2\/media?parent=20482"}],"wp:term":[{"taxonomy":"product_brand","embeddable":true,"href":"https:\/\/www.csj-emballages.com\/de\/wp-json\/wp\/v2\/product_brand?post=20482"},{"taxonomy":"product_cat","embeddable":true,"href":"https:\/\/www.csj-emballages.com\/de\/wp-json\/wp\/v2\/product_cat?post=20482"},{"taxonomy":"product_tag","embeddable":true,"href":"https:\/\/www.csj-emballages.com\/de\/wp-json\/wp\/v2\/product_tag?post=20482"}],"curies":[{"name":"wp","href":"https:\/\/api.w.org\/{rel}","templated":true}]}}