{"id":20476,"date":"2024-03-01T16:54:37","date_gmt":"2024-03-01T15:54:37","guid":{"rendered":"https:\/\/u15jnbdpoq.preview.infomaniak.website\/produit\/25-chinesische-loeffel-aus-plastikkristall\/"},"modified":"2026-04-18T02:13:58","modified_gmt":"2026-04-18T00:13:58","slug":"25-chinesische-loeffel-aus-plastikkristall","status":"publish","type":"product","link":"https:\/\/www.csj-emballages.com\/de\/produit\/25-chinesische-loeffel-aus-plastikkristall\/","title":{"rendered":"Plastikgl\u00e4ser L\u00f6ffel &#8222;Chinesisch&#8220; Kristall pro 25"},"content":{"rendered":"<h2 id=\"prod-h1\" class=\"prod-details__name prod__name ai-optimize-52\">Plastikglas L\u00f6ffel<\/h2>\n<div style=\"font-family: Roboto, sans-serif;\">\n<div style=\"font-family: Roboto, sans-serif;\">\n<div style=\"font-family: Roboto, sans-serif;\">\n<div style=\"font-family: Roboto, sans-serif;\">\n<div style=\"font-family: Roboto, sans-serif;\">\n<div style=\"font-family: Roboto, sans-serif;\">\n<hr>\n<h3 class=\"ai-optimize-27\">Beschreibung von unserem Kunststoff Glas L\u00f6ffel &#8222;Chinesisch&#8220; Kristall pro 25<\/h3>\n<p><!--more--><\/p>\n<\/div>\n<\/div>\n<\/div>\n<\/div>\n<\/div>\n<\/div>\n<p class=\"ai-optimize-59 ai-optimize-introduction\" data-start=\"327\" data-end=\"602\">Elegant, praktisch und immer bereit, Ihre Pr\u00e4sentationen zu veredeln, ist das <strong>Kunststoffglas<\/strong> in Form eines <strong>&#8222;<\/strong><strong>chinesischen<\/strong> <strong>&#8222;<\/strong> <strong>L\u00f6ffels<\/strong> ein Muss f\u00fcr alle Ihre Veranstaltungen, Buffets und Cocktails. Sie wird im Set von <strong>25<\/strong> St\u00fcck verkauft und bietet einen ausgezeichneten Kompromiss zwischen \u00c4sthetik und Zweckm\u00e4\u00dfigkeit. Seine geschwungene Form im Stil eines asiatischen <strong>L\u00f6ffels<\/strong> liegt voll im Trend und erm\u00f6glicht eine raffinierte individuelle Pr\u00e4sentation Ihrer Appetith\u00e4ppchen, Aperitifs, Desserts oder herzhaften Kreationen. Er ist <strong data-start=\"885\" data-end=\"899\">unzerbrechlich<\/strong>, <strong data-start=\"901\" data-end=\"911\">leicht<\/strong> und <strong data-start=\"915\" data-end=\"937\">einfach zu handhaben<\/strong>, selbst bei schnellem Servieren.   <\/p>\n<p class=\"ai-optimize-60\" data-start=\"964\" data-end=\"1299\">Dieses Format ist besonders beliebt bei <strong data-start=\"1012\" data-end=\"1025\">Caterern<\/strong>, <strong data-start=\"1027\" data-end=\"1044\">Restaurantbesitzern<\/strong>, aber auch bei <strong data-start=\"1065\" data-end=\"1091\">anspruchsvollen Privatpersonen<\/strong>, die ihre G\u00e4ste beeindrucken m\u00f6chten, ohne Kompromisse bei Komfort oder Sicherheit eingehen zu m\u00fcssen. Dank des ergonomischen Designs kann sich jeder Gast bequem mit einer Hand bedienen, ideal f\u00fcr Stehempf\u00e4nge. <\/p>\n<p class=\"ai-optimize-61\" data-start=\"1301\" data-end=\"1465\">Das Miniformat erm\u00f6glicht den Verzehr in einem Bissen und bietet gleichzeitig genug Tiefe, um Saucen, Cremes, Mousse oder komplexere Zubereitungen aufzunehmen.<\/p>\n<p class=\"ai-optimize-62\" data-start=\"1467\" data-end=\"1678\">Da sie je nach Einsatzbedingungen wiederverwendbar ist, stellt sie auch eine <strong data-start=\"1535\" data-end=\"1571\">elegante Einwegl\u00f6sung<\/strong> f\u00fcr Ihre gesch\u00e4ftlichen oder privaten Veranstaltungen dar. Ein echter Mehrwert f\u00fcr Ihre kulinarischen Pr\u00e4sentationen! <\/p>\n<p><!--more--><\/p>\n<div style=\"font-family: Roboto, sans-serif;\">\n<div style=\"font-family: Roboto, sans-serif;\">\n<div style=\"font-family: Roboto, sans-serif;\">\n<div style=\"font-family: Roboto, sans-serif;\">\n<div style=\"font-family: Roboto, sans-serif;\">\n<div style=\"font-family: Roboto, sans-serif;\">\n<p class=\"ai-optimize-30\"><strong>Ihre Vorteile :<\/strong><\/p>\n<ul>\n<li class=\"ai-optimize-31\">Elegantes Design im Stil eines asiatischen L\u00f6ffels.<\/li>\n<li class=\"ai-optimize-32\"><strong>Hartplastik mit Kristalleffekt<\/strong>: schick und unzerbrechlich.<\/li>\n<li class=\"ai-optimize-33\">Perfekt f\u00fcr Aperitifh\u00e4ppchen oder Desserts.<\/li>\n<li class=\"ai-optimize-34\">Stabil, ergonomisch und leicht zu handhaben.<\/li>\n<li class=\"ai-optimize-63\">Ideal f\u00fcr Caterer, Restaurants und private Feiern.<\/li>\n<\/ul>\n<\/div>\n<div style=\"font-family: Roboto, sans-serif;\">\n<p>&nbsp;<\/p>\n<\/div>\n<\/div>\n<\/div>\n<\/div>\n<\/div>\n<\/div>\n<p><!--more--><\/p>\n<h4 class=\"ai-optimize-33\">Weitere Informationen :<\/h4>\n<ul>\n<li class=\"ai-optimize-34\"><strong>Verpackung<\/strong>: Packung mit 25 St\u00fcck<\/li>\n<li class=\"ai-optimize-35\"><strong>L\u00e4nge insgesamt<\/strong>: 11 cm<\/li>\n<li class=\"ai-optimize-64\"><strong>Abmessungen L\u00f6ffel<\/strong>: 36 mm x 55 mm<\/li>\n<li class=\"ai-optimize-64\"><strong>Material<\/strong>: Kunststoff<\/li>\n<\/ul>\n<p>&nbsp;<\/p>\n<p><!--more--><\/p>\n<p class=\"ai-optimize-35\">Dieses &#8222;chinesische&#8220; Glas ist auch in schwarz erh\u00e4ltlich : <span style=\"color: #d12727;\"><a style=\"color: #d12727;\" href=\"https:\/\/www.csj-emballages.com\/produit\/25-cuilleres-chinoise-noirs-en-plastique\/\">CUICHINNR<\/a><\/span><\/p>\n<p>&nbsp;<\/p>\n<p><!--more--><\/p>\n<p class=\"ai-optimize-66\">Finden Sie auch unsere biologisch abbaubare &#8222;chinesische&#8220; Verrine : <span style=\"color: #d12727;\"><a style=\"color: #d12727;\" href=\"https:\/\/www.csj-emballages.com\/produit\/50-mise-en-bouche-cuilleres-chinoise-biodegradables\/\">VERCUIBIO<\/a><\/span><\/p>\n<p>&nbsp;<\/p>\n<p><!--more--><\/p>\n<p class=\"ai-optimize-67\"><a href=\"https:\/\/www.csj-emballages.com\/de\/categorie-produit\/lebensmittelverpackungen\/metzgerei-und-feinkostgeschaft\/schalen-topfe-glaser\/glaser\/loffel-gabeln\/\">Sehen Sie sich den Rest unseres Sortiments an Mini-L\u00f6ffeln \/ Gabeln an<\/a><\/p>\n","protected":false},"excerpt":{"rendered":"<p>Plastikglas L\u00f6ffel Beschreibung von unserem Kunststoff Glas L\u00f6ffel &#8222;Chinesisch&#8220; Kristall pro 25<\/p>\n","protected":false},"featured_media":237601,"template":"","meta":{"_acf_changed":false},"product_brand":[],"product_cat":[1170,1279,1281,1460],"product_tag":[],"class_list":{"0":"post-20476","1":"product","2":"type-product","3":"status-publish","4":"has-post-thumbnail","6":"product_cat-metzgerei-und-feinkostgeschaft","7":"product_cat-schalen-topfe-glaser","8":"product_cat-glaser","9":"product_cat-loffel-als-appetizer","11":"first","12":"instock","13":"taxable","14":"shipping-taxable","15":"purchasable","16":"product-type-simple"},"acf":[],"yoast_head":"<!-- This site is optimized with the Yoast SEO Premium plugin v26.6 (Yoast SEO v26.6) - https:\/\/yoast.com\/wordpress\/plugins\/seo\/ -->\n<title>Glas Plastik L\u00f6ffel &quot;Chinesisch&quot; Kristall pro 25<\/title>\n<meta name=\"description\" content=\"Plastikvitrine L\u00f6ffel &quot;Chinese&quot; mit Kristalleffekt - ideal f\u00fcr Buffets, Cocktails und Aperitifs. Elegant, praktisch und robust.\" \/>\n<meta name=\"robots\" content=\"index, follow, max-snippet:-1, max-image-preview:large, max-video-preview:-1\" \/>\n<link rel=\"canonical\" href=\"https:\/\/www.csj-emballages.com\/de\/produit\/25-chinesische-loeffel-aus-plastikkristall\/\" \/>\n<meta property=\"og:locale\" content=\"de_DE\" \/>\n<meta property=\"og:type\" content=\"article\" \/>\n<meta property=\"og:title\" content=\"Plastikgl\u00e4ser L\u00f6ffel &quot;Chinesisch&quot; Kristall pro 25\" \/>\n<meta property=\"og:description\" content=\"Plastikvitrine L\u00f6ffel &quot;Chinese&quot; mit Kristalleffekt - ideal f\u00fcr Buffets, Cocktails und Aperitifs. Elegant, praktisch und robust.\" \/>\n<meta property=\"og:url\" content=\"https:\/\/www.csj-emballages.com\/de\/produit\/25-chinesische-loeffel-aus-plastikkristall\/\" \/>\n<meta property=\"og:site_name\" content=\"CSJ Emballages\" \/>\n<meta property=\"article:publisher\" content=\"https:\/\/www.facebook.com\/csjemballages\" \/>\n<meta property=\"article:modified_time\" content=\"2026-04-18T00:13:58+00:00\" \/>\n<meta property=\"og:image\" content=\"https:\/\/www.csj-emballages.com\/wp-content\/uploads\/2024\/03\/CUICHINCR.webp\" \/>\n\t<meta property=\"og:image:width\" content=\"800\" \/>\n\t<meta property=\"og:image:height\" content=\"800\" \/>\n\t<meta property=\"og:image:type\" content=\"image\/webp\" \/>\n<meta name=\"twitter:card\" content=\"summary_large_image\" \/>\n<meta name=\"twitter:label1\" content=\"Gesch\u00e4tzte Lesezeit\" \/>\n\t<meta name=\"twitter:data1\" content=\"1\u00a0Minute\" \/>\n<script type=\"application\/ld+json\" class=\"yoast-schema-graph\">{\"@context\":\"https:\/\/schema.org\",\"@graph\":[{\"@type\":\"WebPage\",\"@id\":\"https:\/\/www.csj-emballages.com\/de\/produit\/25-chinesische-loeffel-aus-plastikkristall\/\",\"url\":\"https:\/\/www.csj-emballages.com\/de\/produit\/25-chinesische-loeffel-aus-plastikkristall\/\",\"name\":\"Glas Plastik L\u00f6ffel \\\"Chinesisch\\\" Kristall pro 25\",\"isPartOf\":{\"@id\":\"https:\/\/www.csj-emballages.com\/de\/#website\"},\"primaryImageOfPage\":{\"@id\":\"https:\/\/www.csj-emballages.com\/de\/produit\/25-chinesische-loeffel-aus-plastikkristall\/#primaryimage\"},\"image\":{\"@id\":\"https:\/\/www.csj-emballages.com\/de\/produit\/25-chinesische-loeffel-aus-plastikkristall\/#primaryimage\"},\"thumbnailUrl\":\"https:\/\/www.csj-emballages.com\/wp-content\/uploads\/2024\/03\/CUICHINCR.webp\",\"datePublished\":\"2024-03-01T15:54:37+00:00\",\"dateModified\":\"2026-04-18T00:13:58+00:00\",\"description\":\"Plastikvitrine L\u00f6ffel \\\"Chinese\\\" mit Kristalleffekt - ideal f\u00fcr Buffets, Cocktails und Aperitifs. Elegant, praktisch und robust.\",\"breadcrumb\":{\"@id\":\"https:\/\/www.csj-emballages.com\/de\/produit\/25-chinesische-loeffel-aus-plastikkristall\/#breadcrumb\"},\"inLanguage\":\"de\",\"potentialAction\":[{\"@type\":\"ReadAction\",\"target\":[\"https:\/\/www.csj-emballages.com\/de\/produit\/25-chinesische-loeffel-aus-plastikkristall\/\"]}]},{\"@type\":\"ImageObject\",\"inLanguage\":\"de\",\"@id\":\"https:\/\/www.csj-emballages.com\/de\/produit\/25-chinesische-loeffel-aus-plastikkristall\/#primaryimage\",\"url\":\"https:\/\/www.csj-emballages.com\/wp-content\/uploads\/2024\/03\/CUICHINCR.webp\",\"contentUrl\":\"https:\/\/www.csj-emballages.com\/wp-content\/uploads\/2024\/03\/CUICHINCR.webp\",\"width\":800,\"height\":800,\"caption\":\"Verrine plastique cuill\u00e8re\"},{\"@type\":\"BreadcrumbList\",\"@id\":\"https:\/\/www.csj-emballages.com\/de\/produit\/25-chinesische-loeffel-aus-plastikkristall\/#breadcrumb\",\"itemListElement\":[{\"@type\":\"ListItem\",\"position\":1,\"name\":\"Accueil\",\"item\":\"https:\/\/www.csj-emballages.com\/de\/universum-lebensmittelverpackungen\/\"},{\"@type\":\"ListItem\",\"position\":2,\"name\":\"Shop\",\"item\":\"https:\/\/www.csj-emballages.com\/shop\/\"},{\"@type\":\"ListItem\",\"position\":3,\"name\":\"Plastikgl\u00e4ser L\u00f6ffel \u00ab\u00a0Chinesisch\u00a0\u00bb Kristall pro 25\"}]},{\"@type\":\"WebSite\",\"@id\":\"https:\/\/www.csj-emballages.com\/de\/#website\",\"url\":\"https:\/\/www.csj-emballages.com\/de\/\",\"name\":\"CSJ Emballages\",\"description\":\"\",\"publisher\":{\"@id\":\"https:\/\/www.csj-emballages.com\/de\/#organization\"},\"potentialAction\":[{\"@type\":\"SearchAction\",\"target\":{\"@type\":\"EntryPoint\",\"urlTemplate\":\"https:\/\/www.csj-emballages.com\/de\/?s={search_term_string}\"},\"query-input\":{\"@type\":\"PropertyValueSpecification\",\"valueRequired\":true,\"valueName\":\"search_term_string\"}}],\"inLanguage\":\"de\"},{\"@type\":\"Organization\",\"@id\":\"https:\/\/www.csj-emballages.com\/de\/#Organization\/\",\"name\":\"CSJ Emballages\",\"url\":\"https:\/\/www.csj-emballages.com\/de\/\",\"logo\":{\"@type\":\"ImageObject\",\"inLanguage\":\"de\",\"@id\":\"https:\/\/www.csj-emballages.com\/de\/#\/schema\/logo\/image\/\",\"url\":\"https:\/\/www.csj-emballages.com\/wp-content\/uploads\/2023\/10\/logo_csj.webp\",\"contentUrl\":\"https:\/\/www.csj-emballages.com\/wp-content\/uploads\/2023\/10\/logo_csj.webp\",\"width\":250,\"height\":95,\"caption\":\"CSJ Emballages\"},\"image\":{\"@id\":\"https:\/\/www.csj-emballages.com\/de\/#\/schema\/logo\/image\/\"},\"sameAs\":[\"https:\/\/www.facebook.com\/csjemballages\"],\"address\":{\"@type\":\"PostalAddress\",\"streetAddress\":\"ZI La Lechere\",\"addressLocality\":\"Patornay\",\"postalCode\":\"39130\",\"addressCountry\":\"FR\"},\"contactPoint\":[{\"@type\":\"ContactPoint\",\"contactType\":\"Service client\",\"telephone\":\"0384254272\",\"email\":\"contact@csj-emballages.com\"}]}]}<\/script>\n<!-- \/ Yoast SEO Premium plugin. -->","yoast_head_json":{"title":"Glas Plastik L\u00f6ffel \"Chinesisch\" Kristall pro 25","description":"Plastikvitrine L\u00f6ffel \"Chinese\" mit Kristalleffekt - ideal f\u00fcr Buffets, Cocktails und Aperitifs. Elegant, praktisch und robust.","robots":{"index":"index","follow":"follow","max-snippet":"max-snippet:-1","max-image-preview":"max-image-preview:large","max-video-preview":"max-video-preview:-1"},"canonical":"https:\/\/www.csj-emballages.com\/de\/produit\/25-chinesische-loeffel-aus-plastikkristall\/","og_locale":"de_DE","og_type":"article","og_title":"Plastikgl\u00e4ser L\u00f6ffel \"Chinesisch\" Kristall pro 25","og_description":"Plastikvitrine L\u00f6ffel \"Chinese\" mit Kristalleffekt - ideal f\u00fcr Buffets, Cocktails und Aperitifs. Elegant, praktisch und robust.","og_url":"https:\/\/www.csj-emballages.com\/de\/produit\/25-chinesische-loeffel-aus-plastikkristall\/","og_site_name":"CSJ Emballages","article_publisher":"https:\/\/www.facebook.com\/csjemballages","article_modified_time":"2026-04-18T00:13:58+00:00","og_image":[{"width":800,"height":800,"url":"https:\/\/www.csj-emballages.com\/wp-content\/uploads\/2024\/03\/CUICHINCR.webp","type":"image\/webp"}],"twitter_card":"summary_large_image","twitter_misc":{"Gesch\u00e4tzte Lesezeit":"1\u00a0Minute"},"schema":{"@context":"https:\/\/schema.org","@graph":[{"@type":"WebPage","@id":"https:\/\/www.csj-emballages.com\/de\/produit\/25-chinesische-loeffel-aus-plastikkristall\/","url":"https:\/\/www.csj-emballages.com\/de\/produit\/25-chinesische-loeffel-aus-plastikkristall\/","name":"Glas Plastik L\u00f6ffel \"Chinesisch\" Kristall pro 25","isPartOf":{"@id":"https:\/\/www.csj-emballages.com\/de\/#website"},"primaryImageOfPage":{"@id":"https:\/\/www.csj-emballages.com\/de\/produit\/25-chinesische-loeffel-aus-plastikkristall\/#primaryimage"},"image":{"@id":"https:\/\/www.csj-emballages.com\/de\/produit\/25-chinesische-loeffel-aus-plastikkristall\/#primaryimage"},"thumbnailUrl":"https:\/\/www.csj-emballages.com\/wp-content\/uploads\/2024\/03\/CUICHINCR.webp","datePublished":"2024-03-01T15:54:37+00:00","dateModified":"2026-04-18T00:13:58+00:00","description":"Plastikvitrine L\u00f6ffel \"Chinese\" mit Kristalleffekt - ideal f\u00fcr Buffets, Cocktails und Aperitifs. Elegant, praktisch und robust.","breadcrumb":{"@id":"https:\/\/www.csj-emballages.com\/de\/produit\/25-chinesische-loeffel-aus-plastikkristall\/#breadcrumb"},"inLanguage":"de","potentialAction":[{"@type":"ReadAction","target":["https:\/\/www.csj-emballages.com\/de\/produit\/25-chinesische-loeffel-aus-plastikkristall\/"]}]},{"@type":"ImageObject","inLanguage":"de","@id":"https:\/\/www.csj-emballages.com\/de\/produit\/25-chinesische-loeffel-aus-plastikkristall\/#primaryimage","url":"https:\/\/www.csj-emballages.com\/wp-content\/uploads\/2024\/03\/CUICHINCR.webp","contentUrl":"https:\/\/www.csj-emballages.com\/wp-content\/uploads\/2024\/03\/CUICHINCR.webp","width":800,"height":800,"caption":"Verrine plastique cuill\u00e8re"},{"@type":"BreadcrumbList","@id":"https:\/\/www.csj-emballages.com\/de\/produit\/25-chinesische-loeffel-aus-plastikkristall\/#breadcrumb","itemListElement":[{"@type":"ListItem","position":1,"name":"Accueil","item":"https:\/\/www.csj-emballages.com\/de\/universum-lebensmittelverpackungen\/"},{"@type":"ListItem","position":2,"name":"Shop","item":"https:\/\/www.csj-emballages.com\/shop\/"},{"@type":"ListItem","position":3,"name":"Plastikgl\u00e4ser L\u00f6ffel \u00ab\u00a0Chinesisch\u00a0\u00bb Kristall pro 25"}]},{"@type":"WebSite","@id":"https:\/\/www.csj-emballages.com\/de\/#website","url":"https:\/\/www.csj-emballages.com\/de\/","name":"CSJ Emballages","description":"","publisher":{"@id":"https:\/\/www.csj-emballages.com\/de\/#organization"},"potentialAction":[{"@type":"SearchAction","target":{"@type":"EntryPoint","urlTemplate":"https:\/\/www.csj-emballages.com\/de\/?s={search_term_string}"},"query-input":{"@type":"PropertyValueSpecification","valueRequired":true,"valueName":"search_term_string"}}],"inLanguage":"de"},{"@type":"Organization","@id":"https:\/\/www.csj-emballages.com\/de\/#Organization\/","name":"CSJ Emballages","url":"https:\/\/www.csj-emballages.com\/de\/","logo":{"@type":"ImageObject","inLanguage":"de","@id":"https:\/\/www.csj-emballages.com\/de\/#\/schema\/logo\/image\/","url":"https:\/\/www.csj-emballages.com\/wp-content\/uploads\/2023\/10\/logo_csj.webp","contentUrl":"https:\/\/www.csj-emballages.com\/wp-content\/uploads\/2023\/10\/logo_csj.webp","width":250,"height":95,"caption":"CSJ Emballages"},"image":{"@id":"https:\/\/www.csj-emballages.com\/de\/#\/schema\/logo\/image\/"},"sameAs":["https:\/\/www.facebook.com\/csjemballages"],"address":{"@type":"PostalAddress","streetAddress":"ZI La Lechere","addressLocality":"Patornay","postalCode":"39130","addressCountry":"FR"},"contactPoint":[{"@type":"ContactPoint","contactType":"Service client","telephone":"0384254272","email":"contact@csj-emballages.com"}]}]}},"df_price":2.32,"df_sale_price":"","df_regular_price":2.32,"df_image_link":"https:\/\/www.csj-emballages.com\/wp-content\/uploads\/2024\/03\/CUICHINCR-300x300.webp","tiered_pricing_type":"fixed","tiered_pricing_fixed_rules":[],"tiered_pricing_percentage_rules":[],"tiered_pricing_minimum":1,"tiered_pricing_roles_data":[],"_links":{"self":[{"href":"https:\/\/www.csj-emballages.com\/de\/wp-json\/wp\/v2\/product\/20476","targetHints":{"allow":["GET"]}}],"collection":[{"href":"https:\/\/www.csj-emballages.com\/de\/wp-json\/wp\/v2\/product"}],"about":[{"href":"https:\/\/www.csj-emballages.com\/de\/wp-json\/wp\/v2\/types\/product"}],"wp:featuredmedia":[{"embeddable":true,"href":"https:\/\/www.csj-emballages.com\/de\/wp-json\/wp\/v2\/media\/237601"}],"wp:attachment":[{"href":"https:\/\/www.csj-emballages.com\/de\/wp-json\/wp\/v2\/media?parent=20476"}],"wp:term":[{"taxonomy":"product_brand","embeddable":true,"href":"https:\/\/www.csj-emballages.com\/de\/wp-json\/wp\/v2\/product_brand?post=20476"},{"taxonomy":"product_cat","embeddable":true,"href":"https:\/\/www.csj-emballages.com\/de\/wp-json\/wp\/v2\/product_cat?post=20476"},{"taxonomy":"product_tag","embeddable":true,"href":"https:\/\/www.csj-emballages.com\/de\/wp-json\/wp\/v2\/product_tag?post=20476"}],"curies":[{"name":"wp","href":"https:\/\/api.w.org\/{rel}","templated":true}]}}