{"id":20461,"date":"2024-03-01T16:54:35","date_gmt":"2024-03-01T15:54:35","guid":{"rendered":"https:\/\/u15jnbdpoq.preview.infomaniak.website\/produit\/50-kuppeldeckel-mit-loch-fuer-smoothies-aus-kunststoff-78-o\/"},"modified":"2026-05-01T02:12:14","modified_gmt":"2026-05-01T00:12:14","slug":"50-kuppeldeckel-mit-loch-fuer-smoothies-aus-kunststoff-78-o","status":"publish","type":"product","link":"https:\/\/www.csj-emballages.com\/de\/produit\/50-kuppeldeckel-mit-loch-fuer-smoothies-aus-kunststoff-78-o\/","title":{"rendered":"Kunststoffdeckel Kuppel mit Loch 78 \u00d8 pro 50"},"content":{"rendered":"<h2>Plastikdeckel<\/h2>\n<hr>\n<h3>  Entdecken Sie unseren Kunststoffdeckel mit Loch 78 \u00d8 50 St\u00fcck<\/h3>\n<p><!--more--><\/p>\n<p data-start=\"264\" data-end=\"710\">Wenn Sie Ihren Kaltgetr\u00e4nken ein sauberes und professionelles Finish verleihen m\u00f6chten, ist dieser <strong data-start=\"357\" data-end=\"380\">Kuppeldeckel 78 \u00d8<\/strong> genau das Richtige f\u00fcr Sie. Seine <strong>gew\u00f6lbte Form<\/strong> sieht sofort ordentlich aus und hebt den Inhalt des <strong>Bechers<\/strong> hervor, egal ob es sich um einen <strong>Smoothie<\/strong>, einen <strong>Shake<\/strong> oder einen <strong>Milchshake<\/strong> handelt. Die <strong>Transparenz des Kunststoffs<\/strong> sorgt f\u00fcr eine gute Sichtbarkeit, was ideal ist, um Ihre Rezepte und Toppings hervorzuheben.  <\/p>\n<p data-start=\"712\" data-end=\"1047\">Durch das <strong data-start=\"715\" data-end=\"731\">Loch in der Mitte<\/strong> l\u00e4sst sich leicht ein <span style=\"color: #d12727;\"><a style=\"color: #d12727;\" href=\"https:\/\/www.csj-emballages.com\/de\/categorie-produit\/lebensmittelverpackungen\/restauration-de\/teller-einwegbesteck-strohhalme\/strohhalme\/\">Strohhalm<\/a><\/span> ohne den Deckel zu verformen. Dies ist ein echter Pluspunkt f\u00fcr das Servieren zum Mitnehmen: Man beh\u00e4lt ein stabiles, transportables und vor allem spritzwassergesch\u00fctztes Getr\u00e4nk. Ebenso verleiht die <strong>Kuppel<\/strong> optisch etwas mehr Volumen, was Pr\u00e4sentationen einen echten Mehrwert verleiht.  <\/p>\n<p data-start=\"1049\" data-end=\"1433\">Dank seines Durchmessers von <strong data-start=\"1073\" data-end=\"1082\">78 mm<\/strong> passt er sich schnell und ohne Kraftaufwand an kompatible Becher an und bleibt sicher an seinem Platz. Er rastet sicher ein, was sowohl Ihrem Team als auch Ihren Kunden beim Servieren Sicherheit gibt. Und mit einem <strong data-start=\"1272\" data-end=\"1292\">Set von 50 St\u00fcck<\/strong> haben Sie die perfekte Menge f\u00fcr kleine Serien, einmalige Veranstaltungen oder einfach, um Ihre Lagerbest\u00e4nde nicht zu \u00fcberf\u00fcllen.  <\/p>\n<p data-start=\"1435\" data-end=\"1661\">Dieser <strong>Deckel<\/strong> ist f\u00fcr Profis gedacht, die eine einfache, effektive und \u00e4sthetische L\u00f6sung suchen. Er passt perfekt zu einem modernen Getr\u00e4nkeangebot und macht die Erfahrung f\u00fcr den Verbraucher bequemer. <\/p>\n<p data-start=\"1435\" data-end=\"1661\">\n<p data-start=\"1435\" data-end=\"1661\"><!--more--><\/p>\n<h4>Vorteile :<\/h4>\n<ul>\n<li data-start=\"1689\" data-end=\"1726\">Elegante und aufwertende <strong>Kuppelform<\/strong>.<\/li>\n<li data-start=\"1729\" data-end=\"1762\">Zentrales Loch ideal f\u00fcr Stroh.<\/li>\n<li data-start=\"1765\" data-end=\"1804\">Ausgezeichneter Halt auf Bechern <strong>78 \u00d8.<\/strong><\/li>\n<li data-start=\"1807\" data-end=\"1853\">Perfekt f\u00fcr kalte und leckere Getr\u00e4nke.<\/li>\n<li data-start=\"1856\" data-end=\"1897\">50er-Set, praktisch, um den Bestand zu verwalten.<\/li>\n<\/ul>\n<p>&nbsp;<\/p>\n<p><!--more--><\/p>\n<h4><span style=\"font-weight: bold;\">Weitere Informationen :<\/span><\/h4>\n<ul>\n<li><strong>Verpackung<\/strong>: Packung mit 50 St\u00fcck<\/li>\n<li><strong>Ma\u00dfe<\/strong>: 78 x 35,5 ( \u00d8 x H in mm)<\/li>\n<li><strong>Material<\/strong>: Polyethylen<\/li>\n<\/ul>\n<p>&nbsp;<\/p>\n<p><!--more--><\/p>\n<p><a href=\"https:\/\/www.csj-emballages.com\/de\/categorie-produit\/lebensmittelverpackungen\/restauration-de\/becher-glaser-eimer-flaschen\/becher-fur-kalte-getranke\/smoothie-becher\/smoothie-glaser-durchmesser-78-mm\/\">Sehen Sie sich den Rest unseres Sortiments an Smoothie-Bechern an Durchmesser 78 mm<\/a><\/p>\n","protected":false},"excerpt":{"rendered":"<p>Plastikdeckel Entdecken Sie unseren Kunststoffdeckel mit Loch 78 \u00d8 50 St\u00fcck<\/p>\n","protected":false},"featured_media":193420,"template":"","meta":{"_acf_changed":false},"product_brand":[],"product_cat":[1137,1170,1279,1464,1469,1793,2541,2545],"product_tag":[],"class_list":{"0":"post-20461","1":"product","2":"type-product","3":"status-publish","4":"has-post-thumbnail","6":"product_cat-lebensmittelverpackungen","7":"product_cat-metzgerei-und-feinkostgeschaft","8":"product_cat-schalen-topfe-glaser","9":"product_cat-dessertschalen","10":"product_cat-becher-glaser-eimer-flaschen","11":"product_cat-becher-fur-kalte-getranke","12":"product_cat-smoothie-becher","13":"product_cat-smoothie-glaser-durchmesser-78-mm","15":"first","16":"instock","17":"taxable","18":"shipping-taxable","19":"purchasable","20":"product-type-simple"},"acf":[],"yoast_head":"<!-- This site is optimized with the Yoast SEO Premium plugin v26.6 (Yoast SEO v26.6) - https:\/\/yoast.com\/wordpress\/plugins\/seo\/ -->\n<title>Kunststoffdeckel Kuppel mit Loch 78 \u00d8 pro 50<\/title>\n<meta name=\"description\" content=\"\u00d878 mm kuppelf\u00f6rmiger Plastikdeckel mit Loch, verkauft per 50 St\u00fcck. Ideal f\u00fcr Smoothies, Milchshakes und Getr\u00e4nke zum Mitnehmen. Transparent, praktisch und \u00e4sthetisch.\" \/>\n<meta name=\"robots\" content=\"index, follow, max-snippet:-1, max-image-preview:large, max-video-preview:-1\" \/>\n<link rel=\"canonical\" href=\"https:\/\/www.csj-emballages.com\/de\/produit\/50-kuppeldeckel-mit-loch-fuer-smoothies-aus-kunststoff-78-o\/\" \/>\n<meta property=\"og:locale\" content=\"de_DE\" \/>\n<meta property=\"og:type\" content=\"article\" \/>\n<meta property=\"og:title\" content=\"Kunststoffdeckel Kuppel mit Loch 78 \u00d8 pro 50\" \/>\n<meta property=\"og:description\" content=\"\u00d878 mm kuppelf\u00f6rmiger Plastikdeckel mit Loch, verkauft per 50 St\u00fcck. Ideal f\u00fcr Smoothies, Milchshakes und Getr\u00e4nke zum Mitnehmen. Transparent, praktisch und \u00e4sthetisch.\" \/>\n<meta property=\"og:url\" content=\"https:\/\/www.csj-emballages.com\/de\/produit\/50-kuppeldeckel-mit-loch-fuer-smoothies-aus-kunststoff-78-o\/\" \/>\n<meta property=\"og:site_name\" content=\"CSJ Emballages\" \/>\n<meta property=\"article:publisher\" content=\"https:\/\/www.facebook.com\/csjemballages\" \/>\n<meta property=\"article:modified_time\" content=\"2026-05-01T00:12:14+00:00\" \/>\n<meta property=\"og:image\" content=\"https:\/\/www.csj-emballages.com\/wp-content\/uploads\/2024\/03\/CVDOMTR300CC.webp\" \/>\n\t<meta property=\"og:image:width\" content=\"800\" \/>\n\t<meta property=\"og:image:height\" content=\"800\" \/>\n\t<meta property=\"og:image:type\" content=\"image\/webp\" \/>\n<meta name=\"twitter:card\" content=\"summary_large_image\" \/>\n<meta name=\"twitter:label1\" content=\"Gesch\u00e4tzte Lesezeit\" \/>\n\t<meta name=\"twitter:data1\" content=\"1\u00a0Minute\" \/>\n<script type=\"application\/ld+json\" class=\"yoast-schema-graph\">{\"@context\":\"https:\/\/schema.org\",\"@graph\":[{\"@type\":\"WebPage\",\"@id\":\"https:\/\/www.csj-emballages.com\/de\/produit\/50-kuppeldeckel-mit-loch-fuer-smoothies-aus-kunststoff-78-o\/\",\"url\":\"https:\/\/www.csj-emballages.com\/de\/produit\/50-kuppeldeckel-mit-loch-fuer-smoothies-aus-kunststoff-78-o\/\",\"name\":\"Kunststoffdeckel Kuppel mit Loch 78 \u00d8 pro 50\",\"isPartOf\":{\"@id\":\"https:\/\/www.csj-emballages.com\/de\/#website\"},\"primaryImageOfPage\":{\"@id\":\"https:\/\/www.csj-emballages.com\/de\/produit\/50-kuppeldeckel-mit-loch-fuer-smoothies-aus-kunststoff-78-o\/#primaryimage\"},\"image\":{\"@id\":\"https:\/\/www.csj-emballages.com\/de\/produit\/50-kuppeldeckel-mit-loch-fuer-smoothies-aus-kunststoff-78-o\/#primaryimage\"},\"thumbnailUrl\":\"https:\/\/www.csj-emballages.com\/wp-content\/uploads\/2024\/03\/CVDOMTR300CC.webp\",\"datePublished\":\"2024-03-01T15:54:35+00:00\",\"dateModified\":\"2026-05-01T00:12:14+00:00\",\"description\":\"\u00d878 mm kuppelf\u00f6rmiger Plastikdeckel mit Loch, verkauft per 50 St\u00fcck. Ideal f\u00fcr Smoothies, Milchshakes und Getr\u00e4nke zum Mitnehmen. Transparent, praktisch und \u00e4sthetisch.\",\"breadcrumb\":{\"@id\":\"https:\/\/www.csj-emballages.com\/de\/produit\/50-kuppeldeckel-mit-loch-fuer-smoothies-aus-kunststoff-78-o\/#breadcrumb\"},\"inLanguage\":\"de\",\"potentialAction\":[{\"@type\":\"ReadAction\",\"target\":[\"https:\/\/www.csj-emballages.com\/de\/produit\/50-kuppeldeckel-mit-loch-fuer-smoothies-aus-kunststoff-78-o\/\"]}]},{\"@type\":\"ImageObject\",\"inLanguage\":\"de\",\"@id\":\"https:\/\/www.csj-emballages.com\/de\/produit\/50-kuppeldeckel-mit-loch-fuer-smoothies-aus-kunststoff-78-o\/#primaryimage\",\"url\":\"https:\/\/www.csj-emballages.com\/wp-content\/uploads\/2024\/03\/CVDOMTR300CC.webp\",\"contentUrl\":\"https:\/\/www.csj-emballages.com\/wp-content\/uploads\/2024\/03\/CVDOMTR300CC.webp\",\"width\":800,\"height\":800,\"caption\":\"Couvercle plastique\"},{\"@type\":\"BreadcrumbList\",\"@id\":\"https:\/\/www.csj-emballages.com\/de\/produit\/50-kuppeldeckel-mit-loch-fuer-smoothies-aus-kunststoff-78-o\/#breadcrumb\",\"itemListElement\":[{\"@type\":\"ListItem\",\"position\":1,\"name\":\"Accueil\",\"item\":\"https:\/\/www.csj-emballages.com\/de\/universum-lebensmittelverpackungen\/\"},{\"@type\":\"ListItem\",\"position\":2,\"name\":\"Shop\",\"item\":\"https:\/\/www.csj-emballages.com\/shop\/\"},{\"@type\":\"ListItem\",\"position\":3,\"name\":\"Kunststoffdeckel Kuppel mit Loch 78 \u00d8 pro 50\"}]},{\"@type\":\"WebSite\",\"@id\":\"https:\/\/www.csj-emballages.com\/de\/#website\",\"url\":\"https:\/\/www.csj-emballages.com\/de\/\",\"name\":\"CSJ Emballages\",\"description\":\"\",\"publisher\":{\"@id\":\"https:\/\/www.csj-emballages.com\/de\/#organization\"},\"potentialAction\":[{\"@type\":\"SearchAction\",\"target\":{\"@type\":\"EntryPoint\",\"urlTemplate\":\"https:\/\/www.csj-emballages.com\/de\/?s={search_term_string}\"},\"query-input\":{\"@type\":\"PropertyValueSpecification\",\"valueRequired\":true,\"valueName\":\"search_term_string\"}}],\"inLanguage\":\"de\"},{\"@type\":\"Organization\",\"@id\":\"https:\/\/www.csj-emballages.com\/de\/#Organization\/\",\"name\":\"CSJ Emballages\",\"url\":\"https:\/\/www.csj-emballages.com\/de\/\",\"logo\":{\"@type\":\"ImageObject\",\"inLanguage\":\"de\",\"@id\":\"https:\/\/www.csj-emballages.com\/de\/#\/schema\/logo\/image\/\",\"url\":\"https:\/\/www.csj-emballages.com\/wp-content\/uploads\/2023\/10\/logo_csj.webp\",\"contentUrl\":\"https:\/\/www.csj-emballages.com\/wp-content\/uploads\/2023\/10\/logo_csj.webp\",\"width\":250,\"height\":95,\"caption\":\"CSJ Emballages\"},\"image\":{\"@id\":\"https:\/\/www.csj-emballages.com\/de\/#\/schema\/logo\/image\/\"},\"sameAs\":[\"https:\/\/www.facebook.com\/csjemballages\"],\"address\":{\"@type\":\"PostalAddress\",\"streetAddress\":\"ZI La Lechere\",\"addressLocality\":\"Patornay\",\"postalCode\":\"39130\",\"addressCountry\":\"FR\"},\"contactPoint\":[{\"@type\":\"ContactPoint\",\"contactType\":\"Service client\",\"telephone\":\"0384254272\",\"email\":\"contact@csj-emballages.com\"}]}]}<\/script>\n<!-- \/ Yoast SEO Premium plugin. -->","yoast_head_json":{"title":"Kunststoffdeckel Kuppel mit Loch 78 \u00d8 pro 50","description":"\u00d878 mm kuppelf\u00f6rmiger Plastikdeckel mit Loch, verkauft per 50 St\u00fcck. Ideal f\u00fcr Smoothies, Milchshakes und Getr\u00e4nke zum Mitnehmen. Transparent, praktisch und \u00e4sthetisch.","robots":{"index":"index","follow":"follow","max-snippet":"max-snippet:-1","max-image-preview":"max-image-preview:large","max-video-preview":"max-video-preview:-1"},"canonical":"https:\/\/www.csj-emballages.com\/de\/produit\/50-kuppeldeckel-mit-loch-fuer-smoothies-aus-kunststoff-78-o\/","og_locale":"de_DE","og_type":"article","og_title":"Kunststoffdeckel Kuppel mit Loch 78 \u00d8 pro 50","og_description":"\u00d878 mm kuppelf\u00f6rmiger Plastikdeckel mit Loch, verkauft per 50 St\u00fcck. Ideal f\u00fcr Smoothies, Milchshakes und Getr\u00e4nke zum Mitnehmen. Transparent, praktisch und \u00e4sthetisch.","og_url":"https:\/\/www.csj-emballages.com\/de\/produit\/50-kuppeldeckel-mit-loch-fuer-smoothies-aus-kunststoff-78-o\/","og_site_name":"CSJ Emballages","article_publisher":"https:\/\/www.facebook.com\/csjemballages","article_modified_time":"2026-05-01T00:12:14+00:00","og_image":[{"width":800,"height":800,"url":"https:\/\/www.csj-emballages.com\/wp-content\/uploads\/2024\/03\/CVDOMTR300CC.webp","type":"image\/webp"}],"twitter_card":"summary_large_image","twitter_misc":{"Gesch\u00e4tzte Lesezeit":"1\u00a0Minute"},"schema":{"@context":"https:\/\/schema.org","@graph":[{"@type":"WebPage","@id":"https:\/\/www.csj-emballages.com\/de\/produit\/50-kuppeldeckel-mit-loch-fuer-smoothies-aus-kunststoff-78-o\/","url":"https:\/\/www.csj-emballages.com\/de\/produit\/50-kuppeldeckel-mit-loch-fuer-smoothies-aus-kunststoff-78-o\/","name":"Kunststoffdeckel Kuppel mit Loch 78 \u00d8 pro 50","isPartOf":{"@id":"https:\/\/www.csj-emballages.com\/de\/#website"},"primaryImageOfPage":{"@id":"https:\/\/www.csj-emballages.com\/de\/produit\/50-kuppeldeckel-mit-loch-fuer-smoothies-aus-kunststoff-78-o\/#primaryimage"},"image":{"@id":"https:\/\/www.csj-emballages.com\/de\/produit\/50-kuppeldeckel-mit-loch-fuer-smoothies-aus-kunststoff-78-o\/#primaryimage"},"thumbnailUrl":"https:\/\/www.csj-emballages.com\/wp-content\/uploads\/2024\/03\/CVDOMTR300CC.webp","datePublished":"2024-03-01T15:54:35+00:00","dateModified":"2026-05-01T00:12:14+00:00","description":"\u00d878 mm kuppelf\u00f6rmiger Plastikdeckel mit Loch, verkauft per 50 St\u00fcck. Ideal f\u00fcr Smoothies, Milchshakes und Getr\u00e4nke zum Mitnehmen. Transparent, praktisch und \u00e4sthetisch.","breadcrumb":{"@id":"https:\/\/www.csj-emballages.com\/de\/produit\/50-kuppeldeckel-mit-loch-fuer-smoothies-aus-kunststoff-78-o\/#breadcrumb"},"inLanguage":"de","potentialAction":[{"@type":"ReadAction","target":["https:\/\/www.csj-emballages.com\/de\/produit\/50-kuppeldeckel-mit-loch-fuer-smoothies-aus-kunststoff-78-o\/"]}]},{"@type":"ImageObject","inLanguage":"de","@id":"https:\/\/www.csj-emballages.com\/de\/produit\/50-kuppeldeckel-mit-loch-fuer-smoothies-aus-kunststoff-78-o\/#primaryimage","url":"https:\/\/www.csj-emballages.com\/wp-content\/uploads\/2024\/03\/CVDOMTR300CC.webp","contentUrl":"https:\/\/www.csj-emballages.com\/wp-content\/uploads\/2024\/03\/CVDOMTR300CC.webp","width":800,"height":800,"caption":"Couvercle plastique"},{"@type":"BreadcrumbList","@id":"https:\/\/www.csj-emballages.com\/de\/produit\/50-kuppeldeckel-mit-loch-fuer-smoothies-aus-kunststoff-78-o\/#breadcrumb","itemListElement":[{"@type":"ListItem","position":1,"name":"Accueil","item":"https:\/\/www.csj-emballages.com\/de\/universum-lebensmittelverpackungen\/"},{"@type":"ListItem","position":2,"name":"Shop","item":"https:\/\/www.csj-emballages.com\/shop\/"},{"@type":"ListItem","position":3,"name":"Kunststoffdeckel Kuppel mit Loch 78 \u00d8 pro 50"}]},{"@type":"WebSite","@id":"https:\/\/www.csj-emballages.com\/de\/#website","url":"https:\/\/www.csj-emballages.com\/de\/","name":"CSJ Emballages","description":"","publisher":{"@id":"https:\/\/www.csj-emballages.com\/de\/#organization"},"potentialAction":[{"@type":"SearchAction","target":{"@type":"EntryPoint","urlTemplate":"https:\/\/www.csj-emballages.com\/de\/?s={search_term_string}"},"query-input":{"@type":"PropertyValueSpecification","valueRequired":true,"valueName":"search_term_string"}}],"inLanguage":"de"},{"@type":"Organization","@id":"https:\/\/www.csj-emballages.com\/de\/#Organization\/","name":"CSJ Emballages","url":"https:\/\/www.csj-emballages.com\/de\/","logo":{"@type":"ImageObject","inLanguage":"de","@id":"https:\/\/www.csj-emballages.com\/de\/#\/schema\/logo\/image\/","url":"https:\/\/www.csj-emballages.com\/wp-content\/uploads\/2023\/10\/logo_csj.webp","contentUrl":"https:\/\/www.csj-emballages.com\/wp-content\/uploads\/2023\/10\/logo_csj.webp","width":250,"height":95,"caption":"CSJ Emballages"},"image":{"@id":"https:\/\/www.csj-emballages.com\/de\/#\/schema\/logo\/image\/"},"sameAs":["https:\/\/www.facebook.com\/csjemballages"],"address":{"@type":"PostalAddress","streetAddress":"ZI La Lechere","addressLocality":"Patornay","postalCode":"39130","addressCountry":"FR"},"contactPoint":[{"@type":"ContactPoint","contactType":"Service client","telephone":"0384254272","email":"contact@csj-emballages.com"}]}]}},"df_price":2.3,"df_sale_price":"","df_regular_price":2.3,"df_image_link":"https:\/\/www.csj-emballages.com\/wp-content\/uploads\/2024\/03\/CVDOMTR300CC-300x300.webp","tiered_pricing_type":"fixed","tiered_pricing_fixed_rules":[],"tiered_pricing_percentage_rules":[],"tiered_pricing_minimum":1,"tiered_pricing_roles_data":[],"_links":{"self":[{"href":"https:\/\/www.csj-emballages.com\/de\/wp-json\/wp\/v2\/product\/20461","targetHints":{"allow":["GET"]}}],"collection":[{"href":"https:\/\/www.csj-emballages.com\/de\/wp-json\/wp\/v2\/product"}],"about":[{"href":"https:\/\/www.csj-emballages.com\/de\/wp-json\/wp\/v2\/types\/product"}],"wp:featuredmedia":[{"embeddable":true,"href":"https:\/\/www.csj-emballages.com\/de\/wp-json\/wp\/v2\/media\/193420"}],"wp:attachment":[{"href":"https:\/\/www.csj-emballages.com\/de\/wp-json\/wp\/v2\/media?parent=20461"}],"wp:term":[{"taxonomy":"product_brand","embeddable":true,"href":"https:\/\/www.csj-emballages.com\/de\/wp-json\/wp\/v2\/product_brand?post=20461"},{"taxonomy":"product_cat","embeddable":true,"href":"https:\/\/www.csj-emballages.com\/de\/wp-json\/wp\/v2\/product_cat?post=20461"},{"taxonomy":"product_tag","embeddable":true,"href":"https:\/\/www.csj-emballages.com\/de\/wp-json\/wp\/v2\/product_tag?post=20461"}],"curies":[{"name":"wp","href":"https:\/\/api.w.org\/{rel}","templated":true}]}}