{"id":20457,"date":"2024-03-01T16:54:34","date_gmt":"2024-03-01T15:54:34","guid":{"rendered":"https:\/\/u15jnbdpoq.preview.infomaniak.website\/produit\/50-durchscheinende-dessertglaeser-und-deckel-aus-kunststoff-200-ml\/"},"modified":"2026-04-16T02:13:01","modified_gmt":"2026-04-16T00:13:01","slug":"50-durchscheinende-dessertglaeser-und-deckel-aus-kunststoff-200-ml","status":"publish","type":"product","link":"https:\/\/www.csj-emballages.com\/de\/produit\/50-durchscheinende-dessertglaeser-und-deckel-aus-kunststoff-200-ml\/","title":{"rendered":"Dessertschale mit Plastikdeckel 200 ml pro 50"},"content":{"rendered":"<h2>Dessertschale<\/h2>\n<hr>\n<h3>Beschreibung von Dessertschale mit Plastikdeckel 200 ml pro 50 St\u00fcck<\/h3>\n<p><!--more--><\/p>\n<p data-start=\"254\" data-end=\"633\">Der <strong>Dessertbecher mit Kunststoffdeckel 200 ml<\/strong> ist eine praktische und \u00e4sthetische L\u00f6sung f\u00fcr die Pr\u00e4sentation, Aufbewahrung und den Verkauf von <strong>Einzelportionen Desserts<\/strong>. Er ist ideal f\u00fcr Fachleute aus der <strong>Gastronomie, Konditoren, Caterer, Eisdielen oder den Au\u00dfer-Haus-Verkauf<\/strong> und erm\u00f6glicht es, Zubereitungen ansprechend zu pr\u00e4sentieren und gleichzeitig eine einfache und hygienische Handhabung zu gew\u00e4hrleisten. <\/p>\n<p data-start=\"635\" data-end=\"1001\">Hergestellt aus lebensmittelechtem, <strong>transparentem Kunststoff<\/strong>, bietet dieser <strong>Becher<\/strong> eine hervorragende Sicht auf den Inhalt. Er setzt <strong>Schichtdesserts, Mousses, Tiramisus, Obstsalate, Cremes oder s\u00fc\u00dfe und herzhafte Zubereitungen<\/strong> perfekt in Szene. Dank seines Fassungsverm\u00f6gens von <strong>200 ml<\/strong> ist er ideal f\u00fcr gro\u00dfz\u00fcgige Portionen und dennoch f\u00fcr den Einzelverkauf geeignet.  <\/p>\n<p data-start=\"1003\" data-end=\"1350\">Dar\u00fcber hinaus sorgt der mitgelieferte <strong>transparente Deckel<\/strong> f\u00fcr einen sicheren Verschluss, der den Transport und die Aufbewahrung von Desserts erleichtert. Er sch\u00fctzt den Inhalt wirksam vor \u00e4u\u00dferen Verunreinigungen und minimiert das Risiko des Versch\u00fcttens. Ebenso eignet sich dieser Becher besonders gut f\u00fcr den <strong>Au\u00dfer-Haus-Verkauf, K\u00fchlvitrinen und Veranstaltungen<\/strong>.  <\/p>\n<p data-start=\"1352\" data-end=\"1753\">Zusammenfassend l\u00e4sst sich sagen, dass seine <strong>ergonomische Form<\/strong> einen bequemen Halt f\u00fcr den Verbraucher und eine einfache Handhabung f\u00fcr den Fachmann erm\u00f6glicht. Leicht, stapelbar und praktisch, optimiert er die Lagerung und spart Platz im Lager. Verpackt in einer Packung von <strong>50 St\u00fcck<\/strong>, ist der <strong>Dessertbecher 200 ml<\/strong> perfekt f\u00fcr die Bed\u00fcrfnisse kleiner und mittlerer Betriebe sowie f\u00fcr gelegentliche oder regelm\u00e4\u00dfige Anwendungen geeignet.  <\/p>\n<p data-start=\"1352\" data-end=\"1753\">\n<p data-start=\"1352\" data-end=\"1753\"><!--more--><\/p>\n<p data-start=\"1352\" data-end=\"1753\"><strong>Vorteile<\/strong>:<\/p>\n<ul>\n<li data-start=\"1791\" data-end=\"1843\">Fassungsverm\u00f6gen <strong>200 ml<\/strong>, ideal f\u00fcr Einzelportionen Desserts.<\/li>\n<li data-start=\"1846\" data-end=\"1897\">Transparenter Kunststoff, lebensmittelecht.<\/li>\n<li data-start=\"1900\" data-end=\"1942\"><strong>Visuelle Pr\u00e4sentation<\/strong> der Zubereitungen.<\/li>\n<li data-start=\"1945\" data-end=\"1990\"><strong>Deckel inklusive<\/strong> f\u00fcr sicheren Transport.<\/li>\n<li data-start=\"1993\" data-end=\"2027\">Hygienischer Schutz des Inhalts.<\/li>\n<li data-start=\"2030\" data-end=\"2069\">Leicht, stapelbar und einfach zu lagern.<\/li>\n<li data-start=\"2072\" data-end=\"2119\">Geeignet f\u00fcr den Au\u00dfer-Haus-Verkauf und Vitrinen.<\/li>\n<li data-start=\"2122\" data-end=\"2162\">Praktische Verpackung in <strong>50er-Einheiten<\/strong>.<\/li>\n<\/ul>\n<p data-start=\"1352\" data-end=\"1753\">\n<p><!--more--><\/p>\n<h4>Weitere Informationen :<\/h4>\n<ul>\n<li><strong>Abmessungen<\/strong>: 81 x 93 ( \u00d8 x H in mm).<\/li>\n<li><strong>Verpackung<\/strong>: Packungen zu 50<\/li>\n<li><strong>Volumen<\/strong>: 200 ml<\/li>\n<li><strong>Material<\/strong>: PET<\/li>\n<li><strong>Betriebstemperatur<\/strong>: -40\u00b0C \/ +60\u00b0C<\/li>\n<\/ul>\n<p>&nbsp;<\/p>\n<p><!--more--><\/p>\n<p>Produkt in \u00dcbergr\u00f6\u00dfe erh\u00e4ltlich <span style=\"color: #d12727;\"><a style=\"color: #d12727;\" href=\"https:\/\/www.csj-emballages.com\/produit\/50-pots-a-dessert-plastiques-300-ml-o95-mm\/\">DELICOV270C<\/a><\/span><\/p>\n<p>&nbsp;<\/p>\n<p><!--more--><\/p>\n<p><a href=\"https:\/\/www.csj-emballages.com\/de\/categorie-produit\/lebensmittelverpackungen\/metzgerei-und-feinkostgeschaft\/schalen-topfe-glaser\/dessertschalen\/\">Entdecken Sie den Rest unseres Sortiments an Dessertschalen<\/a><\/p>\n","protected":false},"excerpt":{"rendered":"<p>Dessertschale Beschreibung von Dessertschale mit Plastikdeckel 200 ml pro 50 St\u00fcck<\/p>\n","protected":false},"featured_media":263766,"template":"","meta":{"_acf_changed":false},"product_brand":[],"product_cat":[1137,1170,1279,1464],"product_tag":[],"class_list":{"0":"post-20457","1":"product","2":"type-product","3":"status-publish","4":"has-post-thumbnail","6":"product_cat-lebensmittelverpackungen","7":"product_cat-metzgerei-und-feinkostgeschaft","8":"product_cat-schalen-topfe-glaser","9":"product_cat-dessertschalen","11":"first","12":"outofstock","13":"taxable","14":"shipping-taxable","15":"purchasable","16":"product-type-simple"},"acf":[],"yoast_head":"<!-- This site is optimized with the Yoast SEO Premium plugin v26.6 (Yoast SEO v26.6) - https:\/\/yoast.com\/wordpress\/plugins\/seo\/ -->\n<title>Dessertschale mit Plastikdeckel - 200 ml<\/title>\n<meta name=\"description\" content=\"Dessertbecher 200 ml mit Kunststoffdeckel, ideal zum sicheren Pr\u00e4sentieren und Transportieren Ihrer Desserts. Praktisch, elegant und luftdicht.\" \/>\n<meta name=\"robots\" content=\"index, follow, max-snippet:-1, max-image-preview:large, max-video-preview:-1\" \/>\n<link rel=\"canonical\" href=\"https:\/\/www.csj-emballages.com\/de\/produit\/50-durchscheinende-dessertglaeser-und-deckel-aus-kunststoff-200-ml\/\" \/>\n<meta property=\"og:locale\" content=\"de_DE\" \/>\n<meta property=\"og:type\" content=\"article\" \/>\n<meta property=\"og:title\" content=\"Dessertschale mit Plastikdeckel 200 ml pro 50\" \/>\n<meta property=\"og:description\" content=\"Dessertbecher 200 ml mit Kunststoffdeckel, ideal zum sicheren Pr\u00e4sentieren und Transportieren Ihrer Desserts. Praktisch, elegant und luftdicht.\" \/>\n<meta property=\"og:url\" content=\"https:\/\/www.csj-emballages.com\/de\/produit\/50-durchscheinende-dessertglaeser-und-deckel-aus-kunststoff-200-ml\/\" \/>\n<meta property=\"og:site_name\" content=\"CSJ Emballages\" \/>\n<meta property=\"article:publisher\" content=\"https:\/\/www.facebook.com\/csjemballages\" \/>\n<meta property=\"article:modified_time\" content=\"2026-04-16T00:13:01+00:00\" \/>\n<meta property=\"og:image\" content=\"https:\/\/www.csj-emballages.com\/wp-content\/uploads\/2024\/03\/DELICOV200C.webp\" \/>\n\t<meta property=\"og:image:width\" content=\"800\" \/>\n\t<meta property=\"og:image:height\" content=\"800\" \/>\n\t<meta property=\"og:image:type\" content=\"image\/webp\" \/>\n<meta name=\"twitter:card\" content=\"summary_large_image\" \/>\n<meta name=\"twitter:label1\" content=\"Gesch\u00e4tzte Lesezeit\" \/>\n\t<meta name=\"twitter:data1\" content=\"2 Minuten\" \/>\n<script type=\"application\/ld+json\" class=\"yoast-schema-graph\">{\"@context\":\"https:\/\/schema.org\",\"@graph\":[{\"@type\":\"WebPage\",\"@id\":\"https:\/\/www.csj-emballages.com\/de\/produit\/50-durchscheinende-dessertglaeser-und-deckel-aus-kunststoff-200-ml\/\",\"url\":\"https:\/\/www.csj-emballages.com\/de\/produit\/50-durchscheinende-dessertglaeser-und-deckel-aus-kunststoff-200-ml\/\",\"name\":\"Dessertschale mit Plastikdeckel - 200 ml\",\"isPartOf\":{\"@id\":\"https:\/\/www.csj-emballages.com\/de\/#website\"},\"primaryImageOfPage\":{\"@id\":\"https:\/\/www.csj-emballages.com\/de\/produit\/50-durchscheinende-dessertglaeser-und-deckel-aus-kunststoff-200-ml\/#primaryimage\"},\"image\":{\"@id\":\"https:\/\/www.csj-emballages.com\/de\/produit\/50-durchscheinende-dessertglaeser-und-deckel-aus-kunststoff-200-ml\/#primaryimage\"},\"thumbnailUrl\":\"https:\/\/www.csj-emballages.com\/wp-content\/uploads\/2024\/03\/DELICOV200C.webp\",\"datePublished\":\"2024-03-01T15:54:34+00:00\",\"dateModified\":\"2026-04-16T00:13:01+00:00\",\"description\":\"Dessertbecher 200 ml mit Kunststoffdeckel, ideal zum sicheren Pr\u00e4sentieren und Transportieren Ihrer Desserts. Praktisch, elegant und luftdicht.\",\"breadcrumb\":{\"@id\":\"https:\/\/www.csj-emballages.com\/de\/produit\/50-durchscheinende-dessertglaeser-und-deckel-aus-kunststoff-200-ml\/#breadcrumb\"},\"inLanguage\":\"de\",\"potentialAction\":[{\"@type\":\"ReadAction\",\"target\":[\"https:\/\/www.csj-emballages.com\/de\/produit\/50-durchscheinende-dessertglaeser-und-deckel-aus-kunststoff-200-ml\/\"]}]},{\"@type\":\"ImageObject\",\"inLanguage\":\"de\",\"@id\":\"https:\/\/www.csj-emballages.com\/de\/produit\/50-durchscheinende-dessertglaeser-und-deckel-aus-kunststoff-200-ml\/#primaryimage\",\"url\":\"https:\/\/www.csj-emballages.com\/wp-content\/uploads\/2024\/03\/DELICOV200C.webp\",\"contentUrl\":\"https:\/\/www.csj-emballages.com\/wp-content\/uploads\/2024\/03\/DELICOV200C.webp\",\"width\":800,\"height\":800,\"caption\":\"Coupe \u00e0 dessert\"},{\"@type\":\"BreadcrumbList\",\"@id\":\"https:\/\/www.csj-emballages.com\/de\/produit\/50-durchscheinende-dessertglaeser-und-deckel-aus-kunststoff-200-ml\/#breadcrumb\",\"itemListElement\":[{\"@type\":\"ListItem\",\"position\":1,\"name\":\"Accueil\",\"item\":\"https:\/\/www.csj-emballages.com\/de\/universum-lebensmittelverpackungen\/\"},{\"@type\":\"ListItem\",\"position\":2,\"name\":\"Shop\",\"item\":\"https:\/\/www.csj-emballages.com\/shop\/\"},{\"@type\":\"ListItem\",\"position\":3,\"name\":\"Dessertschale mit Plastikdeckel 200 ml pro 50\"}]},{\"@type\":\"WebSite\",\"@id\":\"https:\/\/www.csj-emballages.com\/de\/#website\",\"url\":\"https:\/\/www.csj-emballages.com\/de\/\",\"name\":\"CSJ Emballages\",\"description\":\"\",\"publisher\":{\"@id\":\"https:\/\/www.csj-emballages.com\/de\/#organization\"},\"potentialAction\":[{\"@type\":\"SearchAction\",\"target\":{\"@type\":\"EntryPoint\",\"urlTemplate\":\"https:\/\/www.csj-emballages.com\/de\/?s={search_term_string}\"},\"query-input\":{\"@type\":\"PropertyValueSpecification\",\"valueRequired\":true,\"valueName\":\"search_term_string\"}}],\"inLanguage\":\"de\"},{\"@type\":\"Organization\",\"@id\":\"https:\/\/www.csj-emballages.com\/de\/#Organization\/\",\"name\":\"CSJ Emballages\",\"url\":\"https:\/\/www.csj-emballages.com\/de\/\",\"logo\":{\"@type\":\"ImageObject\",\"inLanguage\":\"de\",\"@id\":\"https:\/\/www.csj-emballages.com\/de\/#\/schema\/logo\/image\/\",\"url\":\"https:\/\/www.csj-emballages.com\/wp-content\/uploads\/2023\/10\/logo_csj.webp\",\"contentUrl\":\"https:\/\/www.csj-emballages.com\/wp-content\/uploads\/2023\/10\/logo_csj.webp\",\"width\":250,\"height\":95,\"caption\":\"CSJ Emballages\"},\"image\":{\"@id\":\"https:\/\/www.csj-emballages.com\/de\/#\/schema\/logo\/image\/\"},\"sameAs\":[\"https:\/\/www.facebook.com\/csjemballages\"],\"address\":{\"@type\":\"PostalAddress\",\"streetAddress\":\"ZI La Lechere\",\"addressLocality\":\"Patornay\",\"postalCode\":\"39130\",\"addressCountry\":\"FR\"},\"contactPoint\":[{\"@type\":\"ContactPoint\",\"contactType\":\"Service client\",\"telephone\":\"0384254272\",\"email\":\"contact@csj-emballages.com\"}]}]}<\/script>\n<!-- \/ Yoast SEO Premium plugin. -->","yoast_head_json":{"title":"Dessertschale mit Plastikdeckel - 200 ml","description":"Dessertbecher 200 ml mit Kunststoffdeckel, ideal zum sicheren Pr\u00e4sentieren und Transportieren Ihrer Desserts. Praktisch, elegant und luftdicht.","robots":{"index":"index","follow":"follow","max-snippet":"max-snippet:-1","max-image-preview":"max-image-preview:large","max-video-preview":"max-video-preview:-1"},"canonical":"https:\/\/www.csj-emballages.com\/de\/produit\/50-durchscheinende-dessertglaeser-und-deckel-aus-kunststoff-200-ml\/","og_locale":"de_DE","og_type":"article","og_title":"Dessertschale mit Plastikdeckel 200 ml pro 50","og_description":"Dessertbecher 200 ml mit Kunststoffdeckel, ideal zum sicheren Pr\u00e4sentieren und Transportieren Ihrer Desserts. Praktisch, elegant und luftdicht.","og_url":"https:\/\/www.csj-emballages.com\/de\/produit\/50-durchscheinende-dessertglaeser-und-deckel-aus-kunststoff-200-ml\/","og_site_name":"CSJ Emballages","article_publisher":"https:\/\/www.facebook.com\/csjemballages","article_modified_time":"2026-04-16T00:13:01+00:00","og_image":[{"width":800,"height":800,"url":"https:\/\/www.csj-emballages.com\/wp-content\/uploads\/2024\/03\/DELICOV200C.webp","type":"image\/webp"}],"twitter_card":"summary_large_image","twitter_misc":{"Gesch\u00e4tzte Lesezeit":"2 Minuten"},"schema":{"@context":"https:\/\/schema.org","@graph":[{"@type":"WebPage","@id":"https:\/\/www.csj-emballages.com\/de\/produit\/50-durchscheinende-dessertglaeser-und-deckel-aus-kunststoff-200-ml\/","url":"https:\/\/www.csj-emballages.com\/de\/produit\/50-durchscheinende-dessertglaeser-und-deckel-aus-kunststoff-200-ml\/","name":"Dessertschale mit Plastikdeckel - 200 ml","isPartOf":{"@id":"https:\/\/www.csj-emballages.com\/de\/#website"},"primaryImageOfPage":{"@id":"https:\/\/www.csj-emballages.com\/de\/produit\/50-durchscheinende-dessertglaeser-und-deckel-aus-kunststoff-200-ml\/#primaryimage"},"image":{"@id":"https:\/\/www.csj-emballages.com\/de\/produit\/50-durchscheinende-dessertglaeser-und-deckel-aus-kunststoff-200-ml\/#primaryimage"},"thumbnailUrl":"https:\/\/www.csj-emballages.com\/wp-content\/uploads\/2024\/03\/DELICOV200C.webp","datePublished":"2024-03-01T15:54:34+00:00","dateModified":"2026-04-16T00:13:01+00:00","description":"Dessertbecher 200 ml mit Kunststoffdeckel, ideal zum sicheren Pr\u00e4sentieren und Transportieren Ihrer Desserts. Praktisch, elegant und luftdicht.","breadcrumb":{"@id":"https:\/\/www.csj-emballages.com\/de\/produit\/50-durchscheinende-dessertglaeser-und-deckel-aus-kunststoff-200-ml\/#breadcrumb"},"inLanguage":"de","potentialAction":[{"@type":"ReadAction","target":["https:\/\/www.csj-emballages.com\/de\/produit\/50-durchscheinende-dessertglaeser-und-deckel-aus-kunststoff-200-ml\/"]}]},{"@type":"ImageObject","inLanguage":"de","@id":"https:\/\/www.csj-emballages.com\/de\/produit\/50-durchscheinende-dessertglaeser-und-deckel-aus-kunststoff-200-ml\/#primaryimage","url":"https:\/\/www.csj-emballages.com\/wp-content\/uploads\/2024\/03\/DELICOV200C.webp","contentUrl":"https:\/\/www.csj-emballages.com\/wp-content\/uploads\/2024\/03\/DELICOV200C.webp","width":800,"height":800,"caption":"Coupe \u00e0 dessert"},{"@type":"BreadcrumbList","@id":"https:\/\/www.csj-emballages.com\/de\/produit\/50-durchscheinende-dessertglaeser-und-deckel-aus-kunststoff-200-ml\/#breadcrumb","itemListElement":[{"@type":"ListItem","position":1,"name":"Accueil","item":"https:\/\/www.csj-emballages.com\/de\/universum-lebensmittelverpackungen\/"},{"@type":"ListItem","position":2,"name":"Shop","item":"https:\/\/www.csj-emballages.com\/shop\/"},{"@type":"ListItem","position":3,"name":"Dessertschale mit Plastikdeckel 200 ml pro 50"}]},{"@type":"WebSite","@id":"https:\/\/www.csj-emballages.com\/de\/#website","url":"https:\/\/www.csj-emballages.com\/de\/","name":"CSJ Emballages","description":"","publisher":{"@id":"https:\/\/www.csj-emballages.com\/de\/#organization"},"potentialAction":[{"@type":"SearchAction","target":{"@type":"EntryPoint","urlTemplate":"https:\/\/www.csj-emballages.com\/de\/?s={search_term_string}"},"query-input":{"@type":"PropertyValueSpecification","valueRequired":true,"valueName":"search_term_string"}}],"inLanguage":"de"},{"@type":"Organization","@id":"https:\/\/www.csj-emballages.com\/de\/#Organization\/","name":"CSJ Emballages","url":"https:\/\/www.csj-emballages.com\/de\/","logo":{"@type":"ImageObject","inLanguage":"de","@id":"https:\/\/www.csj-emballages.com\/de\/#\/schema\/logo\/image\/","url":"https:\/\/www.csj-emballages.com\/wp-content\/uploads\/2023\/10\/logo_csj.webp","contentUrl":"https:\/\/www.csj-emballages.com\/wp-content\/uploads\/2023\/10\/logo_csj.webp","width":250,"height":95,"caption":"CSJ Emballages"},"image":{"@id":"https:\/\/www.csj-emballages.com\/de\/#\/schema\/logo\/image\/"},"sameAs":["https:\/\/www.facebook.com\/csjemballages"],"address":{"@type":"PostalAddress","streetAddress":"ZI La Lechere","addressLocality":"Patornay","postalCode":"39130","addressCountry":"FR"},"contactPoint":[{"@type":"ContactPoint","contactType":"Service client","telephone":"0384254272","email":"contact@csj-emballages.com"}]}]}},"df_price":6.46,"df_sale_price":"","df_regular_price":6.46,"df_image_link":"https:\/\/www.csj-emballages.com\/wp-content\/uploads\/2024\/03\/DELICOV200C-300x300.webp","tiered_pricing_type":"fixed","tiered_pricing_fixed_rules":[],"tiered_pricing_percentage_rules":[],"tiered_pricing_minimum":1,"tiered_pricing_roles_data":[],"_links":{"self":[{"href":"https:\/\/www.csj-emballages.com\/de\/wp-json\/wp\/v2\/product\/20457","targetHints":{"allow":["GET"]}}],"collection":[{"href":"https:\/\/www.csj-emballages.com\/de\/wp-json\/wp\/v2\/product"}],"about":[{"href":"https:\/\/www.csj-emballages.com\/de\/wp-json\/wp\/v2\/types\/product"}],"wp:featuredmedia":[{"embeddable":true,"href":"https:\/\/www.csj-emballages.com\/de\/wp-json\/wp\/v2\/media\/263766"}],"wp:attachment":[{"href":"https:\/\/www.csj-emballages.com\/de\/wp-json\/wp\/v2\/media?parent=20457"}],"wp:term":[{"taxonomy":"product_brand","embeddable":true,"href":"https:\/\/www.csj-emballages.com\/de\/wp-json\/wp\/v2\/product_brand?post=20457"},{"taxonomy":"product_cat","embeddable":true,"href":"https:\/\/www.csj-emballages.com\/de\/wp-json\/wp\/v2\/product_cat?post=20457"},{"taxonomy":"product_tag","embeddable":true,"href":"https:\/\/www.csj-emballages.com\/de\/wp-json\/wp\/v2\/product_tag?post=20457"}],"curies":[{"name":"wp","href":"https:\/\/api.w.org\/{rel}","templated":true}]}}