{"id":20454,"date":"2024-03-01T16:54:37","date_gmt":"2024-03-01T15:54:37","guid":{"rendered":"https:\/\/u15jnbdpoq.preview.infomaniak.website\/produit\/1000-zahnstocher\/"},"modified":"2026-03-25T02:13:22","modified_gmt":"2026-03-25T01:13:22","slug":"1000-zahnstocher","status":"publish","type":"product","link":"https:\/\/www.csj-emballages.com\/de\/produit\/1000-zahnstocher\/","title":{"rendered":"Zahnkur pro 1000"},"content":{"rendered":"<h2 class=\"p1\">Zahnkur<\/h2>\n<hr>\n<h3>Beschreibung unserer Zahnstocher pro 1000<\/h3>\n<p><!--more--><\/p>\n<p data-start=\"220\" data-end=\"466\">Die <strong>Holzzahnstocher im 1000er-Pack<\/strong> sind unverzichtbar f\u00fcr Profis in Gastronomie, Caf\u00e9s, Hotels und Gemeinschaftsverpflegung. Einfach, praktisch und vielseitig \u2013 sie erf\u00fcllen die Anforderungen sowohl im Service als auch bei der Speisenzubereitung. <\/p>\n<p data-start=\"468\" data-end=\"772\">Aus <strong>Holz<\/strong> gefertigt, sind diese <strong>Zahnstocher<\/strong> leicht, robust und f\u00fcr den Lebensmittelkontakt geeignet. Die <strong>glatte<\/strong> Oberfl\u00e4che sorgt f\u00fcr eine komfortable und sichere Anwendung. Sie eignen sich sowohl f\u00fcr den <strong>klassischen Gebrauch nach dem Essen als auch zum Anrichten von Amuse-Bouches, Tapas, Oliven oder kleinen Aperitif-H\u00e4ppchen<\/strong>.  <\/p>\n<p data-start=\"774\" data-end=\"1069\">Dank ihres kompakten Formats lassen sie sich leicht auf dem Tisch, im Spender oder in der K\u00fcche f\u00fcr den schnellen Einsatz platzieren. Die Verpackung als Set mit <strong>1000 St\u00fcck<\/strong> ist besonders f\u00fcr stark frequentierte Betriebe geeignet und bietet t\u00e4glich eine wirtschaftliche und praktische L\u00f6sung. <\/p>\n<p data-start=\"1071\" data-end=\"1301\">Vielseitig einsetzbar: Die <strong>Zahnstocher<\/strong> k\u00f6nnen auch im Labor f\u00fcr Garproben oder kleine kulinarische Handgriffe verwendet werden. Ein schlichtes, aber unverzichtbares Zubeh\u00f6r in jedem Lebensmittelbetrieb. <\/p>\n<p>&nbsp;<\/p>\n<p><!--more--><\/p>\n<p><strong>Vorteile :<\/strong><\/p>\n<ul>\n<li data-start=\"1339\" data-end=\"1373\">Holz, f\u00fcr den Lebensmittelkontakt geeignet.<\/li>\n<li data-start=\"1376\" data-end=\"1406\">Robust, mit glatter Oberfl\u00e4che.<\/li>\n<li data-start=\"1455\" data-end=\"1503\">Ideal f\u00fcr Restaurants, Caf\u00e9s und Gemeinschaftseinrichtungen.<\/li>\n<li data-start=\"1548\" data-end=\"1584\">Wirtschaftliche L\u00f6sung im <strong>1000er-Set<\/strong>.<\/li>\n<\/ul>\n<p>&nbsp;<\/p>\n<p><!--more--><\/p>\n<h4>Weitere Informationen :<\/h4>\n<ul>\n<li><strong>Verpackung<\/strong>: Packung mit 1000 St\u00fcck<\/li>\n<li><strong>Material<\/strong>: Holz<\/li>\n<\/ul>\n<p>&nbsp;<\/p>\n<p><!--more--><\/p>\n<p><a href=\"https:\/\/www.csj-emballages.com\/de\/categorie-produit\/lebensmittelverpackungen\/metzgerei-und-feinkostgeschaft\/nahrungsmittelspiese\/aperitifpicknicks\/aperitifspiese-aus-holz\/\">Sehen Sie sich den Rest unseres Sortiments an Aperitifspie\u00dfen an<\/a><\/p>\n","protected":false},"excerpt":{"rendered":"<p>Zahnkur Beschreibung unserer Zahnstocher pro 1000<\/p>\n","protected":false},"featured_media":225320,"template":"","meta":{"_acf_changed":false},"product_brand":[],"product_cat":[1137,1170,1279,1822,1830],"product_tag":[],"class_list":{"0":"post-20454","1":"product","2":"type-product","3":"status-publish","4":"has-post-thumbnail","6":"product_cat-lebensmittelverpackungen","7":"product_cat-metzgerei-und-feinkostgeschaft","8":"product_cat-schalen-topfe-glaser","9":"product_cat-aperitifpicknicks","10":"product_cat-aperitifspiese-aus-holz","12":"first","13":"instock","14":"taxable","15":"shipping-taxable","16":"purchasable","17":"product-type-simple"},"acf":[],"yoast_head":"<!-- This site is optimized with the Yoast SEO Premium plugin v26.6 (Yoast SEO v26.6) - https:\/\/yoast.com\/wordpress\/plugins\/seo\/ -->\n<title>Zahnkur pro 1000<\/title>\n<meta name=\"description\" content=\"Entscheiden Sie sich f\u00fcr diese biologisch abbaubaren Zahnstocher aus Holz: Sie sind praktisch, umweltfreundlich und vielseitig, garantieren eine einwandfreie Hygiene und verfeinern Ihre Aperitife.\" \/>\n<meta name=\"robots\" content=\"index, follow, max-snippet:-1, max-image-preview:large, max-video-preview:-1\" \/>\n<link rel=\"canonical\" href=\"https:\/\/www.csj-emballages.com\/de\/produit\/1000-zahnstocher\/\" \/>\n<meta property=\"og:locale\" content=\"de_DE\" \/>\n<meta property=\"og:type\" content=\"article\" \/>\n<meta property=\"og:title\" content=\"Zahnkur pro 1000\" \/>\n<meta property=\"og:description\" content=\"Entscheiden Sie sich f\u00fcr diese biologisch abbaubaren Zahnstocher aus Holz: Sie sind praktisch, umweltfreundlich und vielseitig, garantieren eine einwandfreie Hygiene und verfeinern Ihre Aperitife.\" \/>\n<meta property=\"og:url\" content=\"https:\/\/www.csj-emballages.com\/de\/produit\/1000-zahnstocher\/\" \/>\n<meta property=\"og:site_name\" content=\"CSJ Emballages\" \/>\n<meta property=\"article:publisher\" content=\"https:\/\/www.facebook.com\/csjemballages\" \/>\n<meta property=\"article:modified_time\" content=\"2026-03-25T01:13:22+00:00\" \/>\n<meta property=\"og:image\" content=\"https:\/\/www.csj-emballages.com\/wp-content\/uploads\/2024\/03\/cure_dent_1.webp\" \/>\n\t<meta property=\"og:image:width\" content=\"1000\" \/>\n\t<meta property=\"og:image:height\" content=\"1000\" \/>\n\t<meta property=\"og:image:type\" content=\"image\/jpeg\" \/>\n<meta name=\"twitter:card\" content=\"summary_large_image\" \/>\n<meta name=\"twitter:label1\" content=\"Gesch\u00e4tzte Lesezeit\" \/>\n\t<meta name=\"twitter:data1\" content=\"1\u00a0Minute\" \/>\n<script type=\"application\/ld+json\" class=\"yoast-schema-graph\">{\"@context\":\"https:\/\/schema.org\",\"@graph\":[{\"@type\":\"WebPage\",\"@id\":\"https:\/\/www.csj-emballages.com\/de\/produit\/1000-zahnstocher\/\",\"url\":\"https:\/\/www.csj-emballages.com\/de\/produit\/1000-zahnstocher\/\",\"name\":\"Zahnkur pro 1000\",\"isPartOf\":{\"@id\":\"https:\/\/www.csj-emballages.com\/de\/#website\"},\"primaryImageOfPage\":{\"@id\":\"https:\/\/www.csj-emballages.com\/de\/produit\/1000-zahnstocher\/#primaryimage\"},\"image\":{\"@id\":\"https:\/\/www.csj-emballages.com\/de\/produit\/1000-zahnstocher\/#primaryimage\"},\"thumbnailUrl\":\"https:\/\/www.csj-emballages.com\/wp-content\/uploads\/2024\/03\/cure_dent_1.webp\",\"datePublished\":\"2024-03-01T15:54:37+00:00\",\"dateModified\":\"2026-03-25T01:13:22+00:00\",\"description\":\"Entscheiden Sie sich f\u00fcr diese biologisch abbaubaren Zahnstocher aus Holz: Sie sind praktisch, umweltfreundlich und vielseitig, garantieren eine einwandfreie Hygiene und verfeinern Ihre Aperitife.\",\"breadcrumb\":{\"@id\":\"https:\/\/www.csj-emballages.com\/de\/produit\/1000-zahnstocher\/#breadcrumb\"},\"inLanguage\":\"de\",\"potentialAction\":[{\"@type\":\"ReadAction\",\"target\":[\"https:\/\/www.csj-emballages.com\/de\/produit\/1000-zahnstocher\/\"]}]},{\"@type\":\"ImageObject\",\"inLanguage\":\"de\",\"@id\":\"https:\/\/www.csj-emballages.com\/de\/produit\/1000-zahnstocher\/#primaryimage\",\"url\":\"https:\/\/www.csj-emballages.com\/wp-content\/uploads\/2024\/03\/cure_dent_1.webp\",\"contentUrl\":\"https:\/\/www.csj-emballages.com\/wp-content\/uploads\/2024\/03\/cure_dent_1.webp\",\"width\":1000,\"height\":1000,\"caption\":\"cure dents\"},{\"@type\":\"BreadcrumbList\",\"@id\":\"https:\/\/www.csj-emballages.com\/de\/produit\/1000-zahnstocher\/#breadcrumb\",\"itemListElement\":[{\"@type\":\"ListItem\",\"position\":1,\"name\":\"Accueil\",\"item\":\"https:\/\/www.csj-emballages.com\/de\/universum-lebensmittelverpackungen\/\"},{\"@type\":\"ListItem\",\"position\":2,\"name\":\"Shop\",\"item\":\"https:\/\/www.csj-emballages.com\/shop\/\"},{\"@type\":\"ListItem\",\"position\":3,\"name\":\"Zahnkur pro 1000\"}]},{\"@type\":\"WebSite\",\"@id\":\"https:\/\/www.csj-emballages.com\/de\/#website\",\"url\":\"https:\/\/www.csj-emballages.com\/de\/\",\"name\":\"CSJ Emballages\",\"description\":\"\",\"publisher\":{\"@id\":\"https:\/\/www.csj-emballages.com\/de\/#organization\"},\"potentialAction\":[{\"@type\":\"SearchAction\",\"target\":{\"@type\":\"EntryPoint\",\"urlTemplate\":\"https:\/\/www.csj-emballages.com\/de\/?s={search_term_string}\"},\"query-input\":{\"@type\":\"PropertyValueSpecification\",\"valueRequired\":true,\"valueName\":\"search_term_string\"}}],\"inLanguage\":\"de\"},{\"@type\":\"Organization\",\"@id\":\"https:\/\/www.csj-emballages.com\/de\/#Organization\/\",\"name\":\"CSJ Emballages\",\"url\":\"https:\/\/www.csj-emballages.com\/de\/\",\"logo\":{\"@type\":\"ImageObject\",\"inLanguage\":\"de\",\"@id\":\"https:\/\/www.csj-emballages.com\/de\/#\/schema\/logo\/image\/\",\"url\":\"https:\/\/www.csj-emballages.com\/wp-content\/uploads\/2023\/10\/logo_csj.webp\",\"contentUrl\":\"https:\/\/www.csj-emballages.com\/wp-content\/uploads\/2023\/10\/logo_csj.webp\",\"width\":250,\"height\":95,\"caption\":\"CSJ Emballages\"},\"image\":{\"@id\":\"https:\/\/www.csj-emballages.com\/de\/#\/schema\/logo\/image\/\"},\"sameAs\":[\"https:\/\/www.facebook.com\/csjemballages\"],\"address\":{\"@type\":\"PostalAddress\",\"streetAddress\":\"ZI La Lechere\",\"addressLocality\":\"Patornay\",\"postalCode\":\"39130\",\"addressCountry\":\"FR\"},\"contactPoint\":[{\"@type\":\"ContactPoint\",\"contactType\":\"Service client\",\"telephone\":\"0384254272\",\"email\":\"contact@csj-emballages.com\"}]}]}<\/script>\n<!-- \/ Yoast SEO Premium plugin. -->","yoast_head_json":{"title":"Zahnkur pro 1000","description":"Entscheiden Sie sich f\u00fcr diese biologisch abbaubaren Zahnstocher aus Holz: Sie sind praktisch, umweltfreundlich und vielseitig, garantieren eine einwandfreie Hygiene und verfeinern Ihre Aperitife.","robots":{"index":"index","follow":"follow","max-snippet":"max-snippet:-1","max-image-preview":"max-image-preview:large","max-video-preview":"max-video-preview:-1"},"canonical":"https:\/\/www.csj-emballages.com\/de\/produit\/1000-zahnstocher\/","og_locale":"de_DE","og_type":"article","og_title":"Zahnkur pro 1000","og_description":"Entscheiden Sie sich f\u00fcr diese biologisch abbaubaren Zahnstocher aus Holz: Sie sind praktisch, umweltfreundlich und vielseitig, garantieren eine einwandfreie Hygiene und verfeinern Ihre Aperitife.","og_url":"https:\/\/www.csj-emballages.com\/de\/produit\/1000-zahnstocher\/","og_site_name":"CSJ Emballages","article_publisher":"https:\/\/www.facebook.com\/csjemballages","article_modified_time":"2026-03-25T01:13:22+00:00","og_image":[{"width":1000,"height":1000,"url":"https:\/\/www.csj-emballages.com\/wp-content\/uploads\/2024\/03\/cure_dent_1.webp","type":"image\/jpeg"}],"twitter_card":"summary_large_image","twitter_misc":{"Gesch\u00e4tzte Lesezeit":"1\u00a0Minute"},"schema":{"@context":"https:\/\/schema.org","@graph":[{"@type":"WebPage","@id":"https:\/\/www.csj-emballages.com\/de\/produit\/1000-zahnstocher\/","url":"https:\/\/www.csj-emballages.com\/de\/produit\/1000-zahnstocher\/","name":"Zahnkur pro 1000","isPartOf":{"@id":"https:\/\/www.csj-emballages.com\/de\/#website"},"primaryImageOfPage":{"@id":"https:\/\/www.csj-emballages.com\/de\/produit\/1000-zahnstocher\/#primaryimage"},"image":{"@id":"https:\/\/www.csj-emballages.com\/de\/produit\/1000-zahnstocher\/#primaryimage"},"thumbnailUrl":"https:\/\/www.csj-emballages.com\/wp-content\/uploads\/2024\/03\/cure_dent_1.webp","datePublished":"2024-03-01T15:54:37+00:00","dateModified":"2026-03-25T01:13:22+00:00","description":"Entscheiden Sie sich f\u00fcr diese biologisch abbaubaren Zahnstocher aus Holz: Sie sind praktisch, umweltfreundlich und vielseitig, garantieren eine einwandfreie Hygiene und verfeinern Ihre Aperitife.","breadcrumb":{"@id":"https:\/\/www.csj-emballages.com\/de\/produit\/1000-zahnstocher\/#breadcrumb"},"inLanguage":"de","potentialAction":[{"@type":"ReadAction","target":["https:\/\/www.csj-emballages.com\/de\/produit\/1000-zahnstocher\/"]}]},{"@type":"ImageObject","inLanguage":"de","@id":"https:\/\/www.csj-emballages.com\/de\/produit\/1000-zahnstocher\/#primaryimage","url":"https:\/\/www.csj-emballages.com\/wp-content\/uploads\/2024\/03\/cure_dent_1.webp","contentUrl":"https:\/\/www.csj-emballages.com\/wp-content\/uploads\/2024\/03\/cure_dent_1.webp","width":1000,"height":1000,"caption":"cure dents"},{"@type":"BreadcrumbList","@id":"https:\/\/www.csj-emballages.com\/de\/produit\/1000-zahnstocher\/#breadcrumb","itemListElement":[{"@type":"ListItem","position":1,"name":"Accueil","item":"https:\/\/www.csj-emballages.com\/de\/universum-lebensmittelverpackungen\/"},{"@type":"ListItem","position":2,"name":"Shop","item":"https:\/\/www.csj-emballages.com\/shop\/"},{"@type":"ListItem","position":3,"name":"Zahnkur pro 1000"}]},{"@type":"WebSite","@id":"https:\/\/www.csj-emballages.com\/de\/#website","url":"https:\/\/www.csj-emballages.com\/de\/","name":"CSJ Emballages","description":"","publisher":{"@id":"https:\/\/www.csj-emballages.com\/de\/#organization"},"potentialAction":[{"@type":"SearchAction","target":{"@type":"EntryPoint","urlTemplate":"https:\/\/www.csj-emballages.com\/de\/?s={search_term_string}"},"query-input":{"@type":"PropertyValueSpecification","valueRequired":true,"valueName":"search_term_string"}}],"inLanguage":"de"},{"@type":"Organization","@id":"https:\/\/www.csj-emballages.com\/de\/#Organization\/","name":"CSJ Emballages","url":"https:\/\/www.csj-emballages.com\/de\/","logo":{"@type":"ImageObject","inLanguage":"de","@id":"https:\/\/www.csj-emballages.com\/de\/#\/schema\/logo\/image\/","url":"https:\/\/www.csj-emballages.com\/wp-content\/uploads\/2023\/10\/logo_csj.webp","contentUrl":"https:\/\/www.csj-emballages.com\/wp-content\/uploads\/2023\/10\/logo_csj.webp","width":250,"height":95,"caption":"CSJ Emballages"},"image":{"@id":"https:\/\/www.csj-emballages.com\/de\/#\/schema\/logo\/image\/"},"sameAs":["https:\/\/www.facebook.com\/csjemballages"],"address":{"@type":"PostalAddress","streetAddress":"ZI La Lechere","addressLocality":"Patornay","postalCode":"39130","addressCountry":"FR"},"contactPoint":[{"@type":"ContactPoint","contactType":"Service client","telephone":"0384254272","email":"contact@csj-emballages.com"}]}]}},"df_price":1.26,"df_sale_price":"","df_regular_price":1.26,"df_image_link":"https:\/\/www.csj-emballages.com\/wp-content\/uploads\/2024\/03\/cure_dent_1-300x300.webp","tiered_pricing_type":"fixed","tiered_pricing_fixed_rules":[],"tiered_pricing_percentage_rules":[],"tiered_pricing_minimum":1,"tiered_pricing_roles_data":[],"_links":{"self":[{"href":"https:\/\/www.csj-emballages.com\/de\/wp-json\/wp\/v2\/product\/20454","targetHints":{"allow":["GET"]}}],"collection":[{"href":"https:\/\/www.csj-emballages.com\/de\/wp-json\/wp\/v2\/product"}],"about":[{"href":"https:\/\/www.csj-emballages.com\/de\/wp-json\/wp\/v2\/types\/product"}],"wp:featuredmedia":[{"embeddable":true,"href":"https:\/\/www.csj-emballages.com\/de\/wp-json\/wp\/v2\/media\/225320"}],"wp:attachment":[{"href":"https:\/\/www.csj-emballages.com\/de\/wp-json\/wp\/v2\/media?parent=20454"}],"wp:term":[{"taxonomy":"product_brand","embeddable":true,"href":"https:\/\/www.csj-emballages.com\/de\/wp-json\/wp\/v2\/product_brand?post=20454"},{"taxonomy":"product_cat","embeddable":true,"href":"https:\/\/www.csj-emballages.com\/de\/wp-json\/wp\/v2\/product_cat?post=20454"},{"taxonomy":"product_tag","embeddable":true,"href":"https:\/\/www.csj-emballages.com\/de\/wp-json\/wp\/v2\/product_tag?post=20454"}],"curies":[{"name":"wp","href":"https:\/\/api.w.org\/{rel}","templated":true}]}}