{"id":20450,"date":"2024-03-01T16:54:39","date_gmt":"2024-03-01T15:54:39","guid":{"rendered":"https:\/\/u15jnbdpoq.preview.infomaniak.website\/produit\/50-gebaeckkisten-mit-griff-a-croquer-10-x-18-x-7-cm\/"},"modified":"2026-04-15T02:13:01","modified_gmt":"2026-04-15T00:13:01","slug":"50-gebaeckkisten-mit-griff-a-croquer-10-x-18-x-7-cm","status":"publish","type":"product","link":"https:\/\/www.csj-emballages.com\/de\/produit\/50-gebaeckkisten-mit-griff-a-croquer-10-x-18-x-7-cm\/","title":{"rendered":"50 Geb\u00e4ckkisten mit Griff A Croquer 10 x 18 x 7 cm"},"content":{"rendered":"<h2>Geb\u00e4ckkisten &#8222;Zum Anbei\u00dfen&#8220; 10x18x7cm &#8211; 50 St\u00fcck<\/h2>\n<div style=\"font-family: Roboto, sans-serif;\">\n<div style=\"font-family: Roboto, sans-serif;\">\n<div style=\"font-family: Roboto, sans-serif;\">\n<div style=\"font-family: Roboto, sans-serif;\">\n<div style=\"font-family: Roboto, sans-serif;\">\n<div style=\"font-family: Roboto, sans-serif;\">\n<hr>\n<h3>Beschreibung des Produkts<\/h3>\n<p><!--more--><\/p>\n<p>Die Patisserie-Kisten &#8222;A Croquer&#8220; 10x18x7cm sind festliche und praktische Verpackungen. Dank ihres ergonomischen Griffs lassen sich Geb\u00e4ckst\u00fccke leicht transportieren. Diese Kisten sind ideal f\u00fcr B\u00e4ckereien und Konditoreien, die eine sch\u00f6ne Pr\u00e4sentation bieten m\u00f6chten. Sie sind aus stabilem Karton gefertigt, sch\u00fctzen die Produkte und sind gleichzeitig umweltfreundlich.   <\/p>\n<p>Au\u00dferdem wertet ihr ansprechendes Design Desserts auf, was zum Kauf anregt. Mit ihren kompakten Abmessungen eignen sie sich perfekt f\u00fcr Einzel- oder Kleinstportionen. Ob f\u00fcr Kuchen, Geb\u00e4ck oder andere leckere Kreationen, sie erf\u00fcllen die Anforderungen an einen sicheren und \u00e4sthetischen Transport.  <\/p>\n<p>Au\u00dferdem sind sie leicht zu montieren und bieten somit eine Zeitersparnis f\u00fcr Berufst\u00e4tige. Dank ihres Griffs lassen sich diese Kisten bequem in die Hand nehmen. Ihre Farbe passt zu allen Arten von Geb\u00e4ckdekorationen und hebt den Inhalt hervor. Es handelt sich also um eine vielseitige L\u00f6sung, um Desserts stilvoll zu transportieren und anzubieten.   <\/p>\n<p>&nbsp;<\/p>\n<\/div>\n<\/div>\n<\/div>\n<\/div>\n<\/div>\n<\/div>\n<p><!--more--><\/p>\n<div style=\"font-family: Roboto, sans-serif;\">\n<div style=\"font-family: Roboto, sans-serif;\">\n<div style=\"font-family: Roboto, sans-serif;\">\n<div style=\"font-family: Roboto, sans-serif;\">\n<div style=\"font-family: Roboto, sans-serif;\">\n<div style=\"font-family: Roboto, sans-serif;\">\n<p><strong>Ihre Vorteile :<\/strong><\/p>\n<ul>\n<li><strong>Praktisch<\/strong>: Mit ihrem ergonomischen Griff erm\u00f6glichen sie einen einfachen und sicheren Transport von Backwaren.<\/li>\n<li><strong>Einfache Montage: Einfach<\/strong> und schnell zu montieren, spart Zeit beim Backen.<\/li>\n<li><strong>Vielseitigkeit<\/strong>: Geeignet f\u00fcr eine breite Palette von Produkten, von Kuchen bis zu Feingeb\u00e4ck.<\/li>\n<li><strong>Umweltfreundlich<\/strong>: Aus wiederverwertbarem Karton hergestellt, sind sie umweltfreundlich.<\/li>\n<\/ul>\n<p>&nbsp;<\/p>\n<\/div>\n<\/div>\n<\/div>\n<\/div>\n<\/div>\n<\/div>\n<p><!--more--><\/p>\n<p>Erh\u00e4ltlich in verschiedenen Gr\u00f6\u00dfen : <span style=\"color: #d12727;\"><a style=\"color: #d12727;\" href=\"https:\/\/www.csj-emballages.com\/de\/produit\/50-bunte-gebaeckkisten-mit-griffen-10-x-12-x-7-cm-a-croquer\/\">10 x 12 x 7 cm<\/a><\/span> \/ <span style=\"color: #d12727;\"><a style=\"color: #d12727;\" href=\"https:\/\/www.csj-emballages.com\/produit\/50-caissettes-patissieres-a-poignee-colorees-20-x-18-x-7-cm-a-croquer\/\">20 x 18 x 7 cm<\/a><\/span><\/p>\n<p>&nbsp;<\/p>\n<p><!--more--><\/p>\n<p><a href=\"https:\/\/www.csj-emballages.com\/de\/categorie-produit\/lebensmittelverpackungen\/backerei-und-konditorei\/schachteln-und-etuis\/gebackschachteln\/bunte-gebackschachteln\/bunte-gebackschachteln-a-croquer\/\">Hier finden Sie den Rest unseres Sortiments an Geb\u00e4ckdosen &#8222;Zum Anbei\u00dfen&#8220;.<\/a><\/p>\n<p>&nbsp;<\/p>\n<p><!--more--><\/p>\n<p><a href=\"https:\/\/www.csj-emballages.com\/de\/categorie-produit\/lebensmittelverpackungen\/backerei-und-konditorei\/kisten-de\/gebackkisten-mit-griffen\/farbige-gebackkisten\/\">Sehen Sie hier unsere Konditoreikisten &#8222;\u00c0 Croquer&#8220;.<\/a><\/p>\n","protected":false},"excerpt":{"rendered":"<p>Geb\u00e4ckkisten &#8222;Zum Anbei\u00dfen&#8220; 10x18x7cm &#8211; 50 St\u00fcck Beschreibung des Produkts<\/p>\n","protected":false},"featured_media":14503,"template":"","meta":{"_acf_changed":false},"product_brand":[],"product_cat":[1137,1171,1243,1244,1265],"product_tag":[],"class_list":{"0":"post-20450","1":"product","2":"type-product","3":"status-publish","4":"has-post-thumbnail","6":"product_cat-lebensmittelverpackungen","7":"product_cat-backerei-und-konditorei","8":"product_cat-gebackkisten-mit-griffen","9":"product_cat-farbige-gebackkisten","10":"product_cat-lagerbestande-promotion","12":"first","13":"instock","14":"sale","15":"taxable","16":"shipping-taxable","17":"purchasable","18":"product-type-simple"},"acf":[],"yoast_head":"<!-- This site is optimized with the Yoast SEO Premium plugin v26.6 (Yoast SEO v26.6) - https:\/\/yoast.com\/wordpress\/plugins\/seo\/ -->\n<title>Geb\u00e4ckkisten &quot;A Croquer&quot; 10x18x7cm \/ CSJ Verpackungen<\/title>\n<meta name=\"description\" content=\"Entdecken Sie die Konditorkisten &quot;A Croquer&quot; 10x18x7cm. Sie sind umweltfreundlich und einfach zu montieren und bieten eine praktische L\u00f6sung f\u00fcr B\u00e4cker.\" \/>\n<meta name=\"robots\" content=\"index, follow, max-snippet:-1, max-image-preview:large, max-video-preview:-1\" \/>\n<link rel=\"canonical\" href=\"https:\/\/www.csj-emballages.com\/de\/produit\/50-gebaeckkisten-mit-griff-a-croquer-10-x-18-x-7-cm\/\" \/>\n<meta property=\"og:locale\" content=\"de_DE\" \/>\n<meta property=\"og:type\" content=\"article\" \/>\n<meta property=\"og:title\" content=\"50 Geb\u00e4ckkisten mit Griff A Croquer 10 x 18 x 7 cm\" \/>\n<meta property=\"og:description\" content=\"Entdecken Sie die Konditorkisten &quot;A Croquer&quot; 10x18x7cm. Sie sind umweltfreundlich und einfach zu montieren und bieten eine praktische L\u00f6sung f\u00fcr B\u00e4cker.\" \/>\n<meta property=\"og:url\" content=\"https:\/\/www.csj-emballages.com\/de\/produit\/50-gebaeckkisten-mit-griff-a-croquer-10-x-18-x-7-cm\/\" \/>\n<meta property=\"og:site_name\" content=\"CSJ Emballages\" \/>\n<meta property=\"article:publisher\" content=\"https:\/\/www.facebook.com\/csjemballages\" \/>\n<meta property=\"article:modified_time\" content=\"2026-04-15T00:13:01+00:00\" \/>\n<meta property=\"og:image\" content=\"https:\/\/www.csj-emballages.com\/wp-content\/uploads\/2024\/03\/Capture_d_ecran_2024-04-03_a_10.56.35_2-removebg-preview-2-e1712134767934.png\" \/>\n\t<meta property=\"og:image:width\" content=\"300\" \/>\n\t<meta property=\"og:image:height\" content=\"300\" \/>\n\t<meta property=\"og:image:type\" content=\"image\/png\" \/>\n<meta name=\"twitter:card\" content=\"summary_large_image\" \/>\n<meta name=\"twitter:label1\" content=\"Gesch\u00e4tzte Lesezeit\" \/>\n\t<meta name=\"twitter:data1\" content=\"1\u00a0Minute\" \/>\n<script type=\"application\/ld+json\" class=\"yoast-schema-graph\">{\"@context\":\"https:\/\/schema.org\",\"@graph\":[{\"@type\":\"WebPage\",\"@id\":\"https:\/\/www.csj-emballages.com\/de\/produit\/50-gebaeckkisten-mit-griff-a-croquer-10-x-18-x-7-cm\/\",\"url\":\"https:\/\/www.csj-emballages.com\/de\/produit\/50-gebaeckkisten-mit-griff-a-croquer-10-x-18-x-7-cm\/\",\"name\":\"Geb\u00e4ckkisten \\\"A Croquer\\\" 10x18x7cm \/ CSJ Verpackungen\",\"isPartOf\":{\"@id\":\"https:\/\/www.csj-emballages.com\/de\/#website\"},\"primaryImageOfPage\":{\"@id\":\"https:\/\/www.csj-emballages.com\/de\/produit\/50-gebaeckkisten-mit-griff-a-croquer-10-x-18-x-7-cm\/#primaryimage\"},\"image\":{\"@id\":\"https:\/\/www.csj-emballages.com\/de\/produit\/50-gebaeckkisten-mit-griff-a-croquer-10-x-18-x-7-cm\/#primaryimage\"},\"thumbnailUrl\":\"https:\/\/www.csj-emballages.com\/wp-content\/uploads\/2024\/03\/Capture_d_ecran_2024-04-03_a_10.56.35_2-removebg-preview-2-e1712134767934.png\",\"datePublished\":\"2024-03-01T15:54:39+00:00\",\"dateModified\":\"2026-04-15T00:13:01+00:00\",\"description\":\"Entdecken Sie die Konditorkisten \\\"A Croquer\\\" 10x18x7cm. Sie sind umweltfreundlich und einfach zu montieren und bieten eine praktische L\u00f6sung f\u00fcr B\u00e4cker.\",\"breadcrumb\":{\"@id\":\"https:\/\/www.csj-emballages.com\/de\/produit\/50-gebaeckkisten-mit-griff-a-croquer-10-x-18-x-7-cm\/#breadcrumb\"},\"inLanguage\":\"de\",\"potentialAction\":[{\"@type\":\"ReadAction\",\"target\":[\"https:\/\/www.csj-emballages.com\/de\/produit\/50-gebaeckkisten-mit-griff-a-croquer-10-x-18-x-7-cm\/\"]}]},{\"@type\":\"ImageObject\",\"inLanguage\":\"de\",\"@id\":\"https:\/\/www.csj-emballages.com\/de\/produit\/50-gebaeckkisten-mit-griff-a-croquer-10-x-18-x-7-cm\/#primaryimage\",\"url\":\"https:\/\/www.csj-emballages.com\/wp-content\/uploads\/2024\/03\/Capture_d_ecran_2024-04-03_a_10.56.35_2-removebg-preview-2-e1712134767934.png\",\"contentUrl\":\"https:\/\/www.csj-emballages.com\/wp-content\/uploads\/2024\/03\/Capture_d_ecran_2024-04-03_a_10.56.35_2-removebg-preview-2-e1712134767934.png\",\"width\":300,\"height\":300,\"caption\":\"caissettes p\u00e2tissi\u00e8res poign\u00e9e color\u00e9es\"},{\"@type\":\"BreadcrumbList\",\"@id\":\"https:\/\/www.csj-emballages.com\/de\/produit\/50-gebaeckkisten-mit-griff-a-croquer-10-x-18-x-7-cm\/#breadcrumb\",\"itemListElement\":[{\"@type\":\"ListItem\",\"position\":1,\"name\":\"Accueil\",\"item\":\"https:\/\/www.csj-emballages.com\/de\/universum-lebensmittelverpackungen\/\"},{\"@type\":\"ListItem\",\"position\":2,\"name\":\"Shop\",\"item\":\"https:\/\/www.csj-emballages.com\/shop\/\"},{\"@type\":\"ListItem\",\"position\":3,\"name\":\"50 Geb\u00e4ckkisten mit Griff A Croquer 10 x 18 x 7 cm\"}]},{\"@type\":\"WebSite\",\"@id\":\"https:\/\/www.csj-emballages.com\/de\/#website\",\"url\":\"https:\/\/www.csj-emballages.com\/de\/\",\"name\":\"CSJ Emballages\",\"description\":\"\",\"publisher\":{\"@id\":\"https:\/\/www.csj-emballages.com\/de\/#organization\"},\"potentialAction\":[{\"@type\":\"SearchAction\",\"target\":{\"@type\":\"EntryPoint\",\"urlTemplate\":\"https:\/\/www.csj-emballages.com\/de\/?s={search_term_string}\"},\"query-input\":{\"@type\":\"PropertyValueSpecification\",\"valueRequired\":true,\"valueName\":\"search_term_string\"}}],\"inLanguage\":\"de\"},{\"@type\":\"Organization\",\"@id\":\"https:\/\/www.csj-emballages.com\/de\/#Organization\/\",\"name\":\"CSJ Emballages\",\"url\":\"https:\/\/www.csj-emballages.com\/de\/\",\"logo\":{\"@type\":\"ImageObject\",\"inLanguage\":\"de\",\"@id\":\"https:\/\/www.csj-emballages.com\/de\/#\/schema\/logo\/image\/\",\"url\":\"https:\/\/www.csj-emballages.com\/wp-content\/uploads\/2023\/10\/logo_csj.webp\",\"contentUrl\":\"https:\/\/www.csj-emballages.com\/wp-content\/uploads\/2023\/10\/logo_csj.webp\",\"width\":250,\"height\":95,\"caption\":\"CSJ Emballages\"},\"image\":{\"@id\":\"https:\/\/www.csj-emballages.com\/de\/#\/schema\/logo\/image\/\"},\"sameAs\":[\"https:\/\/www.facebook.com\/csjemballages\"],\"address\":{\"@type\":\"PostalAddress\",\"streetAddress\":\"ZI La Lechere\",\"addressLocality\":\"Patornay\",\"postalCode\":\"39130\",\"addressCountry\":\"FR\"},\"contactPoint\":[{\"@type\":\"ContactPoint\",\"contactType\":\"Service client\",\"telephone\":\"0384254272\",\"email\":\"contact@csj-emballages.com\"}]}]}<\/script>\n<!-- \/ Yoast SEO Premium plugin. -->","yoast_head_json":{"title":"Geb\u00e4ckkisten \"A Croquer\" 10x18x7cm \/ CSJ Verpackungen","description":"Entdecken Sie die Konditorkisten \"A Croquer\" 10x18x7cm. Sie sind umweltfreundlich und einfach zu montieren und bieten eine praktische L\u00f6sung f\u00fcr B\u00e4cker.","robots":{"index":"index","follow":"follow","max-snippet":"max-snippet:-1","max-image-preview":"max-image-preview:large","max-video-preview":"max-video-preview:-1"},"canonical":"https:\/\/www.csj-emballages.com\/de\/produit\/50-gebaeckkisten-mit-griff-a-croquer-10-x-18-x-7-cm\/","og_locale":"de_DE","og_type":"article","og_title":"50 Geb\u00e4ckkisten mit Griff A Croquer 10 x 18 x 7 cm","og_description":"Entdecken Sie die Konditorkisten \"A Croquer\" 10x18x7cm. Sie sind umweltfreundlich und einfach zu montieren und bieten eine praktische L\u00f6sung f\u00fcr B\u00e4cker.","og_url":"https:\/\/www.csj-emballages.com\/de\/produit\/50-gebaeckkisten-mit-griff-a-croquer-10-x-18-x-7-cm\/","og_site_name":"CSJ Emballages","article_publisher":"https:\/\/www.facebook.com\/csjemballages","article_modified_time":"2026-04-15T00:13:01+00:00","og_image":[{"width":300,"height":300,"url":"https:\/\/www.csj-emballages.com\/wp-content\/uploads\/2024\/03\/Capture_d_ecran_2024-04-03_a_10.56.35_2-removebg-preview-2-e1712134767934.png","type":"image\/png"}],"twitter_card":"summary_large_image","twitter_misc":{"Gesch\u00e4tzte Lesezeit":"1\u00a0Minute"},"schema":{"@context":"https:\/\/schema.org","@graph":[{"@type":"WebPage","@id":"https:\/\/www.csj-emballages.com\/de\/produit\/50-gebaeckkisten-mit-griff-a-croquer-10-x-18-x-7-cm\/","url":"https:\/\/www.csj-emballages.com\/de\/produit\/50-gebaeckkisten-mit-griff-a-croquer-10-x-18-x-7-cm\/","name":"Geb\u00e4ckkisten \"A Croquer\" 10x18x7cm \/ CSJ Verpackungen","isPartOf":{"@id":"https:\/\/www.csj-emballages.com\/de\/#website"},"primaryImageOfPage":{"@id":"https:\/\/www.csj-emballages.com\/de\/produit\/50-gebaeckkisten-mit-griff-a-croquer-10-x-18-x-7-cm\/#primaryimage"},"image":{"@id":"https:\/\/www.csj-emballages.com\/de\/produit\/50-gebaeckkisten-mit-griff-a-croquer-10-x-18-x-7-cm\/#primaryimage"},"thumbnailUrl":"https:\/\/www.csj-emballages.com\/wp-content\/uploads\/2024\/03\/Capture_d_ecran_2024-04-03_a_10.56.35_2-removebg-preview-2-e1712134767934.png","datePublished":"2024-03-01T15:54:39+00:00","dateModified":"2026-04-15T00:13:01+00:00","description":"Entdecken Sie die Konditorkisten \"A Croquer\" 10x18x7cm. Sie sind umweltfreundlich und einfach zu montieren und bieten eine praktische L\u00f6sung f\u00fcr B\u00e4cker.","breadcrumb":{"@id":"https:\/\/www.csj-emballages.com\/de\/produit\/50-gebaeckkisten-mit-griff-a-croquer-10-x-18-x-7-cm\/#breadcrumb"},"inLanguage":"de","potentialAction":[{"@type":"ReadAction","target":["https:\/\/www.csj-emballages.com\/de\/produit\/50-gebaeckkisten-mit-griff-a-croquer-10-x-18-x-7-cm\/"]}]},{"@type":"ImageObject","inLanguage":"de","@id":"https:\/\/www.csj-emballages.com\/de\/produit\/50-gebaeckkisten-mit-griff-a-croquer-10-x-18-x-7-cm\/#primaryimage","url":"https:\/\/www.csj-emballages.com\/wp-content\/uploads\/2024\/03\/Capture_d_ecran_2024-04-03_a_10.56.35_2-removebg-preview-2-e1712134767934.png","contentUrl":"https:\/\/www.csj-emballages.com\/wp-content\/uploads\/2024\/03\/Capture_d_ecran_2024-04-03_a_10.56.35_2-removebg-preview-2-e1712134767934.png","width":300,"height":300,"caption":"caissettes p\u00e2tissi\u00e8res poign\u00e9e color\u00e9es"},{"@type":"BreadcrumbList","@id":"https:\/\/www.csj-emballages.com\/de\/produit\/50-gebaeckkisten-mit-griff-a-croquer-10-x-18-x-7-cm\/#breadcrumb","itemListElement":[{"@type":"ListItem","position":1,"name":"Accueil","item":"https:\/\/www.csj-emballages.com\/de\/universum-lebensmittelverpackungen\/"},{"@type":"ListItem","position":2,"name":"Shop","item":"https:\/\/www.csj-emballages.com\/shop\/"},{"@type":"ListItem","position":3,"name":"50 Geb\u00e4ckkisten mit Griff A Croquer 10 x 18 x 7 cm"}]},{"@type":"WebSite","@id":"https:\/\/www.csj-emballages.com\/de\/#website","url":"https:\/\/www.csj-emballages.com\/de\/","name":"CSJ Emballages","description":"","publisher":{"@id":"https:\/\/www.csj-emballages.com\/de\/#organization"},"potentialAction":[{"@type":"SearchAction","target":{"@type":"EntryPoint","urlTemplate":"https:\/\/www.csj-emballages.com\/de\/?s={search_term_string}"},"query-input":{"@type":"PropertyValueSpecification","valueRequired":true,"valueName":"search_term_string"}}],"inLanguage":"de"},{"@type":"Organization","@id":"https:\/\/www.csj-emballages.com\/de\/#Organization\/","name":"CSJ Emballages","url":"https:\/\/www.csj-emballages.com\/de\/","logo":{"@type":"ImageObject","inLanguage":"de","@id":"https:\/\/www.csj-emballages.com\/de\/#\/schema\/logo\/image\/","url":"https:\/\/www.csj-emballages.com\/wp-content\/uploads\/2023\/10\/logo_csj.webp","contentUrl":"https:\/\/www.csj-emballages.com\/wp-content\/uploads\/2023\/10\/logo_csj.webp","width":250,"height":95,"caption":"CSJ Emballages"},"image":{"@id":"https:\/\/www.csj-emballages.com\/de\/#\/schema\/logo\/image\/"},"sameAs":["https:\/\/www.facebook.com\/csjemballages"],"address":{"@type":"PostalAddress","streetAddress":"ZI La Lechere","addressLocality":"Patornay","postalCode":"39130","addressCountry":"FR"},"contactPoint":[{"@type":"ContactPoint","contactType":"Service client","telephone":"0384254272","email":"contact@csj-emballages.com"}]}]}},"df_price":10.34,"df_sale_price":10.34,"df_regular_price":17.24,"df_image_link":"https:\/\/www.csj-emballages.com\/wp-content\/uploads\/2024\/03\/Capture_d_ecran_2024-04-03_a_10.56.35_2-removebg-preview-2-300x300.png","tiered_pricing_type":"fixed","tiered_pricing_fixed_rules":[],"tiered_pricing_percentage_rules":[],"tiered_pricing_minimum":1,"tiered_pricing_roles_data":[],"_links":{"self":[{"href":"https:\/\/www.csj-emballages.com\/de\/wp-json\/wp\/v2\/product\/20450","targetHints":{"allow":["GET"]}}],"collection":[{"href":"https:\/\/www.csj-emballages.com\/de\/wp-json\/wp\/v2\/product"}],"about":[{"href":"https:\/\/www.csj-emballages.com\/de\/wp-json\/wp\/v2\/types\/product"}],"wp:featuredmedia":[{"embeddable":true,"href":"https:\/\/www.csj-emballages.com\/de\/wp-json\/wp\/v2\/media\/14503"}],"wp:attachment":[{"href":"https:\/\/www.csj-emballages.com\/de\/wp-json\/wp\/v2\/media?parent=20450"}],"wp:term":[{"taxonomy":"product_brand","embeddable":true,"href":"https:\/\/www.csj-emballages.com\/de\/wp-json\/wp\/v2\/product_brand?post=20450"},{"taxonomy":"product_cat","embeddable":true,"href":"https:\/\/www.csj-emballages.com\/de\/wp-json\/wp\/v2\/product_cat?post=20450"},{"taxonomy":"product_tag","embeddable":true,"href":"https:\/\/www.csj-emballages.com\/de\/wp-json\/wp\/v2\/product_tag?post=20450"}],"curies":[{"name":"wp","href":"https:\/\/api.w.org\/{rel}","templated":true}]}}