{"id":20413,"date":"2024-03-01T16:54:39","date_gmt":"2024-03-01T15:54:39","guid":{"rendered":"https:\/\/u15jnbdpoq.preview.infomaniak.website\/produit\/50-kinderboxen-mit-griff-17-x-16-x-10-cm\/"},"modified":"2026-04-03T02:15:12","modified_gmt":"2026-04-03T00:15:12","slug":"50-kinderboxen-mit-griff-17-x-16-x-10-cm","status":"publish","type":"product","link":"https:\/\/www.csj-emballages.com\/de\/produit\/50-kinderboxen-mit-griff-17-x-16-x-10-cm\/","title":{"rendered":"Essensbox Kind mit Griff 17 x 16 x 10 cm pro 50"},"content":{"rendered":"<h2 class=\"p1\">Mahlzeitenbox Kind<\/h2>\n<hr>\n<h3>Beschreibung unserer Lunchbox f\u00fcr Kinder mit Griff 17 x 16 x 10 cm pro 50 St\u00fcck<\/h3>\n<p><!--more--><\/p>\n<p data-start=\"215\" data-end=\"598\">Wenn Sie nach einer einfachen und spielerischen M\u00f6glichkeit suchen, eine Mahlzeit f\u00fcr die Kleinsten zu pr\u00e4sentieren, k\u00f6nnte diese <strong data-start=\"315\" data-end=\"347\">Kinderbox mit Griff<\/strong> Ihr bester Verb\u00fcndeter werden. Mit ihrem kompakten Format von <strong data-start=\"419\" data-end=\"438\">17 x 16 x 10 cm<\/strong> bietet sie genau den richtigen Platz f\u00fcr ein komplettes Men\u00fc: ein Sandwich, ein kleines Getr\u00e4nk, eine \u00dcberraschung, Obst, Kuchen&#8230; alles findet leicht seinen Platz. <\/p>\n<p data-start=\"600\" data-end=\"909\">Was wirklich alles ver\u00e4ndert, ist der <strong data-start=\"638\" data-end=\"658\">integrierte Griff<\/strong>. Mit ihm k\u00f6nnen Kinder ihre Mahlzeit wie eine kleine Tasche tragen, was den Moment viel lustiger macht. Au\u00dferdem sp\u00fcrt man, sobald man ihn in die Hand nimmt, dass das Ziel klar ist: das Essen f\u00fcr das Kind praktischer und vor allem angenehmer zu gestalten.  <\/p>\n<p data-start=\"911\" data-end=\"1234\">Auch der Aufbau ist in wenigen Sekunden erledigt, sodass Sie bei lebhaften Gottesdiensten keine Zeit verlieren, vor allem, wenn Sie viele Men\u00fcs im Voraus zubereiten. Mit einem <strong data-start=\"1087\" data-end=\"1100\">Set von 50 St\u00fcck<\/strong> sind Sie f\u00fcr Geburtstage, Kids-Men\u00fcs am Wochenende, Schulveranstaltungen oder sogar Veranstaltungen im Freien ger\u00fcstet. <\/p>\n<p data-start=\"1236\" data-end=\"1612\">Au\u00dferdem sorgt das feste Format f\u00fcr einen guten Halt: Kein Boden, der sich lockert, keine Ecke, die sich \u00f6ffnet, alles bleibt an seinem Platz. Die Kinder k\u00f6nnen sie hinstellen, greifen, ein wenig sch\u00fctteln &#8230; sie h\u00e4lt alles aus. Egal, ob Sie ein Restaurant oder eine Kinderbetreuungseinrichtung sind, diese <strong data-start=\"315\" data-end=\"347\">Kinder-Mahlzeitendose<\/strong> bringt eine echte praktische Note mit sich.  <\/p>\n<p data-start=\"1614\" data-end=\"1786\">Kurz gesagt, es handelt sich um eine <strong data-start=\"315\" data-end=\"347\">Kinder-Mahlzeitbox<\/strong>, die f\u00fcr das wahre Leben gedacht ist: Sie ist leicht zu tragen, einfach zu bef\u00fcllen und robust genug, um die Mahlzeiten der Kleinsten mit einem L\u00e4cheln zu begleiten.<\/p>\n<p data-start=\"1614\" data-end=\"1786\">\n<p><!--more--><\/p>\n<h4>Vorteile :<\/h4>\n<ul>\n<li data-start=\"1814\" data-end=\"1865\">Superpraktischer <strong>integrierter Griff<\/strong> f\u00fcr Kinder.<\/li>\n<li data-start=\"1868\" data-end=\"1906\">Perfektes Format f\u00fcr ein komplettes Men\u00fc.<\/li>\n<li data-start=\"1909\" data-end=\"1931\"><strong>Sehr schneller Aufbau<\/strong>.<\/li>\n<li data-start=\"1934\" data-end=\"1978\">Lot von <strong>50<\/strong> ideal, um den Dienst vorwegzunehmen.<\/li>\n<li data-start=\"1981\" data-end=\"2005\">Starker und stabiler Karton.<\/li>\n<\/ul>\n<p>&nbsp;<\/p>\n<p><!--more--><\/p>\n<h4>Weitere Informationen :<\/h4>\n<ul>\n<li><strong>Verpackung<\/strong>: Packung mit 50 St\u00fcck<\/li>\n<li><strong>Ma\u00dfe<\/strong>: 17 x 16 x 10 (L x B x H in cm)<\/li>\n<li><strong>Farbe<\/strong>: Blau \/ Dekor<\/li>\n<li><strong>Material<\/strong>: Karton<\/li>\n<\/ul>\n<h2><\/h2>\n<p><!--more--><\/p>\n<p><a href=\"https:\/\/www.csj-emballages.com\/de\/categorie-produit\/lebensmittelverpackungen\/restauration-de\/dosen-schalen-beutel-konen\/schachteln-mit-griffen-fur-mahlzeiten\/\">Sehen Sie sich den Rest unseres Sortiments an Griffschachteln f\u00fcr Mahlzeiten an<\/a><\/p>\n","protected":false},"excerpt":{"rendered":"<p>Mahlzeitenbox Kind Beschreibung unserer Lunchbox f\u00fcr Kinder mit Griff 17 x 16 x 10 cm pro 50 St\u00fcck<\/p>\n","protected":false},"featured_media":230537,"template":"","meta":{"_acf_changed":false},"product_brand":[],"product_cat":[1134,2532],"product_tag":[],"class_list":{"0":"post-20413","1":"product","2":"type-product","3":"status-publish","4":"has-post-thumbnail","6":"product_cat-restauration-de","7":"product_cat-schachteln-mit-griffen-fur-mahlzeiten","9":"first","10":"instock","11":"taxable","12":"shipping-taxable","13":"purchasable","14":"product-type-simple"},"acf":[],"yoast_head":"<!-- This site is optimized with the Yoast SEO Premium plugin v26.6 (Yoast SEO v26.6) - https:\/\/yoast.com\/wordpress\/plugins\/seo\/ -->\n<title>Kinder Essensbox mit Griff 17 x 16 x 10 cm pro 50<\/title>\n<meta name=\"description\" content=\"Kinder-Mahlzeitbox mit Griff 17 x 16 x 10 cm - Praktisch, leicht und farbenfroh, ideal f\u00fcr Men\u00fcs zum Mitnehmen oder Kinderveranstaltungen. Los von 50.\" \/>\n<meta name=\"robots\" content=\"index, follow, max-snippet:-1, max-image-preview:large, max-video-preview:-1\" \/>\n<link rel=\"canonical\" href=\"https:\/\/www.csj-emballages.com\/de\/produit\/50-kinderboxen-mit-griff-17-x-16-x-10-cm\/\" \/>\n<meta property=\"og:locale\" content=\"de_DE\" \/>\n<meta property=\"og:type\" content=\"article\" \/>\n<meta property=\"og:title\" content=\"Essensbox Kind mit Griff 17 x 16 x 10 cm pro 50\" \/>\n<meta property=\"og:description\" content=\"Kinder-Mahlzeitbox mit Griff 17 x 16 x 10 cm - Praktisch, leicht und farbenfroh, ideal f\u00fcr Men\u00fcs zum Mitnehmen oder Kinderveranstaltungen. Los von 50.\" \/>\n<meta property=\"og:url\" content=\"https:\/\/www.csj-emballages.com\/de\/produit\/50-kinderboxen-mit-griff-17-x-16-x-10-cm\/\" \/>\n<meta property=\"og:site_name\" content=\"CSJ Emballages\" \/>\n<meta property=\"article:publisher\" content=\"https:\/\/www.facebook.com\/csjemballages\" \/>\n<meta property=\"article:modified_time\" content=\"2026-04-03T00:15:12+00:00\" \/>\n<meta property=\"og:image\" content=\"https:\/\/www.csj-emballages.com\/wp-content\/uploads\/2024\/03\/CPPKID-png.webp\" \/>\n\t<meta property=\"og:image:width\" content=\"800\" \/>\n\t<meta property=\"og:image:height\" content=\"800\" \/>\n\t<meta property=\"og:image:type\" content=\"image\/png\" \/>\n<meta name=\"twitter:card\" content=\"summary_large_image\" \/>\n<meta name=\"twitter:label1\" content=\"Gesch\u00e4tzte Lesezeit\" \/>\n\t<meta name=\"twitter:data1\" content=\"2 Minuten\" \/>\n<script type=\"application\/ld+json\" class=\"yoast-schema-graph\">{\"@context\":\"https:\/\/schema.org\",\"@graph\":[{\"@type\":\"WebPage\",\"@id\":\"https:\/\/www.csj-emballages.com\/de\/produit\/50-kinderboxen-mit-griff-17-x-16-x-10-cm\/\",\"url\":\"https:\/\/www.csj-emballages.com\/de\/produit\/50-kinderboxen-mit-griff-17-x-16-x-10-cm\/\",\"name\":\"Kinder Essensbox mit Griff 17 x 16 x 10 cm pro 50\",\"isPartOf\":{\"@id\":\"https:\/\/www.csj-emballages.com\/de\/#website\"},\"primaryImageOfPage\":{\"@id\":\"https:\/\/www.csj-emballages.com\/de\/produit\/50-kinderboxen-mit-griff-17-x-16-x-10-cm\/#primaryimage\"},\"image\":{\"@id\":\"https:\/\/www.csj-emballages.com\/de\/produit\/50-kinderboxen-mit-griff-17-x-16-x-10-cm\/#primaryimage\"},\"thumbnailUrl\":\"https:\/\/www.csj-emballages.com\/wp-content\/uploads\/2024\/03\/CPPKID-png.webp\",\"datePublished\":\"2024-03-01T15:54:39+00:00\",\"dateModified\":\"2026-04-03T00:15:12+00:00\",\"description\":\"Kinder-Mahlzeitbox mit Griff 17 x 16 x 10 cm - Praktisch, leicht und farbenfroh, ideal f\u00fcr Men\u00fcs zum Mitnehmen oder Kinderveranstaltungen. Los von 50.\",\"breadcrumb\":{\"@id\":\"https:\/\/www.csj-emballages.com\/de\/produit\/50-kinderboxen-mit-griff-17-x-16-x-10-cm\/#breadcrumb\"},\"inLanguage\":\"de\",\"potentialAction\":[{\"@type\":\"ReadAction\",\"target\":[\"https:\/\/www.csj-emballages.com\/de\/produit\/50-kinderboxen-mit-griff-17-x-16-x-10-cm\/\"]}]},{\"@type\":\"ImageObject\",\"inLanguage\":\"de\",\"@id\":\"https:\/\/www.csj-emballages.com\/de\/produit\/50-kinderboxen-mit-griff-17-x-16-x-10-cm\/#primaryimage\",\"url\":\"https:\/\/www.csj-emballages.com\/wp-content\/uploads\/2024\/03\/CPPKID-png.webp\",\"contentUrl\":\"https:\/\/www.csj-emballages.com\/wp-content\/uploads\/2024\/03\/CPPKID-png.webp\",\"width\":800,\"height\":800,\"caption\":\"boite repas enfant\"},{\"@type\":\"BreadcrumbList\",\"@id\":\"https:\/\/www.csj-emballages.com\/de\/produit\/50-kinderboxen-mit-griff-17-x-16-x-10-cm\/#breadcrumb\",\"itemListElement\":[{\"@type\":\"ListItem\",\"position\":1,\"name\":\"Accueil\",\"item\":\"https:\/\/www.csj-emballages.com\/de\/universum-lebensmittelverpackungen\/\"},{\"@type\":\"ListItem\",\"position\":2,\"name\":\"Shop\",\"item\":\"https:\/\/www.csj-emballages.com\/shop\/\"},{\"@type\":\"ListItem\",\"position\":3,\"name\":\"Essensbox Kind mit Griff 17 x 16 x 10 cm pro 50\"}]},{\"@type\":\"WebSite\",\"@id\":\"https:\/\/www.csj-emballages.com\/de\/#website\",\"url\":\"https:\/\/www.csj-emballages.com\/de\/\",\"name\":\"CSJ Emballages\",\"description\":\"\",\"publisher\":{\"@id\":\"https:\/\/www.csj-emballages.com\/de\/#organization\"},\"potentialAction\":[{\"@type\":\"SearchAction\",\"target\":{\"@type\":\"EntryPoint\",\"urlTemplate\":\"https:\/\/www.csj-emballages.com\/de\/?s={search_term_string}\"},\"query-input\":{\"@type\":\"PropertyValueSpecification\",\"valueRequired\":true,\"valueName\":\"search_term_string\"}}],\"inLanguage\":\"de\"},{\"@type\":\"Organization\",\"@id\":\"https:\/\/www.csj-emballages.com\/de\/#Organization\/\",\"name\":\"CSJ Emballages\",\"url\":\"https:\/\/www.csj-emballages.com\/de\/\",\"logo\":{\"@type\":\"ImageObject\",\"inLanguage\":\"de\",\"@id\":\"https:\/\/www.csj-emballages.com\/de\/#\/schema\/logo\/image\/\",\"url\":\"https:\/\/www.csj-emballages.com\/wp-content\/uploads\/2023\/10\/logo_csj.webp\",\"contentUrl\":\"https:\/\/www.csj-emballages.com\/wp-content\/uploads\/2023\/10\/logo_csj.webp\",\"width\":250,\"height\":95,\"caption\":\"CSJ Emballages\"},\"image\":{\"@id\":\"https:\/\/www.csj-emballages.com\/de\/#\/schema\/logo\/image\/\"},\"sameAs\":[\"https:\/\/www.facebook.com\/csjemballages\"],\"address\":{\"@type\":\"PostalAddress\",\"streetAddress\":\"ZI La Lechere\",\"addressLocality\":\"Patornay\",\"postalCode\":\"39130\",\"addressCountry\":\"FR\"},\"contactPoint\":[{\"@type\":\"ContactPoint\",\"contactType\":\"Service client\",\"telephone\":\"0384254272\",\"email\":\"contact@csj-emballages.com\"}]}]}<\/script>\n<!-- \/ Yoast SEO Premium plugin. -->","yoast_head_json":{"title":"Kinder Essensbox mit Griff 17 x 16 x 10 cm pro 50","description":"Kinder-Mahlzeitbox mit Griff 17 x 16 x 10 cm - Praktisch, leicht und farbenfroh, ideal f\u00fcr Men\u00fcs zum Mitnehmen oder Kinderveranstaltungen. Los von 50.","robots":{"index":"index","follow":"follow","max-snippet":"max-snippet:-1","max-image-preview":"max-image-preview:large","max-video-preview":"max-video-preview:-1"},"canonical":"https:\/\/www.csj-emballages.com\/de\/produit\/50-kinderboxen-mit-griff-17-x-16-x-10-cm\/","og_locale":"de_DE","og_type":"article","og_title":"Essensbox Kind mit Griff 17 x 16 x 10 cm pro 50","og_description":"Kinder-Mahlzeitbox mit Griff 17 x 16 x 10 cm - Praktisch, leicht und farbenfroh, ideal f\u00fcr Men\u00fcs zum Mitnehmen oder Kinderveranstaltungen. Los von 50.","og_url":"https:\/\/www.csj-emballages.com\/de\/produit\/50-kinderboxen-mit-griff-17-x-16-x-10-cm\/","og_site_name":"CSJ Emballages","article_publisher":"https:\/\/www.facebook.com\/csjemballages","article_modified_time":"2026-04-03T00:15:12+00:00","og_image":[{"width":800,"height":800,"url":"https:\/\/www.csj-emballages.com\/wp-content\/uploads\/2024\/03\/CPPKID-png.webp","type":"image\/png"}],"twitter_card":"summary_large_image","twitter_misc":{"Gesch\u00e4tzte Lesezeit":"2 Minuten"},"schema":{"@context":"https:\/\/schema.org","@graph":[{"@type":"WebPage","@id":"https:\/\/www.csj-emballages.com\/de\/produit\/50-kinderboxen-mit-griff-17-x-16-x-10-cm\/","url":"https:\/\/www.csj-emballages.com\/de\/produit\/50-kinderboxen-mit-griff-17-x-16-x-10-cm\/","name":"Kinder Essensbox mit Griff 17 x 16 x 10 cm pro 50","isPartOf":{"@id":"https:\/\/www.csj-emballages.com\/de\/#website"},"primaryImageOfPage":{"@id":"https:\/\/www.csj-emballages.com\/de\/produit\/50-kinderboxen-mit-griff-17-x-16-x-10-cm\/#primaryimage"},"image":{"@id":"https:\/\/www.csj-emballages.com\/de\/produit\/50-kinderboxen-mit-griff-17-x-16-x-10-cm\/#primaryimage"},"thumbnailUrl":"https:\/\/www.csj-emballages.com\/wp-content\/uploads\/2024\/03\/CPPKID-png.webp","datePublished":"2024-03-01T15:54:39+00:00","dateModified":"2026-04-03T00:15:12+00:00","description":"Kinder-Mahlzeitbox mit Griff 17 x 16 x 10 cm - Praktisch, leicht und farbenfroh, ideal f\u00fcr Men\u00fcs zum Mitnehmen oder Kinderveranstaltungen. Los von 50.","breadcrumb":{"@id":"https:\/\/www.csj-emballages.com\/de\/produit\/50-kinderboxen-mit-griff-17-x-16-x-10-cm\/#breadcrumb"},"inLanguage":"de","potentialAction":[{"@type":"ReadAction","target":["https:\/\/www.csj-emballages.com\/de\/produit\/50-kinderboxen-mit-griff-17-x-16-x-10-cm\/"]}]},{"@type":"ImageObject","inLanguage":"de","@id":"https:\/\/www.csj-emballages.com\/de\/produit\/50-kinderboxen-mit-griff-17-x-16-x-10-cm\/#primaryimage","url":"https:\/\/www.csj-emballages.com\/wp-content\/uploads\/2024\/03\/CPPKID-png.webp","contentUrl":"https:\/\/www.csj-emballages.com\/wp-content\/uploads\/2024\/03\/CPPKID-png.webp","width":800,"height":800,"caption":"boite repas enfant"},{"@type":"BreadcrumbList","@id":"https:\/\/www.csj-emballages.com\/de\/produit\/50-kinderboxen-mit-griff-17-x-16-x-10-cm\/#breadcrumb","itemListElement":[{"@type":"ListItem","position":1,"name":"Accueil","item":"https:\/\/www.csj-emballages.com\/de\/universum-lebensmittelverpackungen\/"},{"@type":"ListItem","position":2,"name":"Shop","item":"https:\/\/www.csj-emballages.com\/shop\/"},{"@type":"ListItem","position":3,"name":"Essensbox Kind mit Griff 17 x 16 x 10 cm pro 50"}]},{"@type":"WebSite","@id":"https:\/\/www.csj-emballages.com\/de\/#website","url":"https:\/\/www.csj-emballages.com\/de\/","name":"CSJ Emballages","description":"","publisher":{"@id":"https:\/\/www.csj-emballages.com\/de\/#organization"},"potentialAction":[{"@type":"SearchAction","target":{"@type":"EntryPoint","urlTemplate":"https:\/\/www.csj-emballages.com\/de\/?s={search_term_string}"},"query-input":{"@type":"PropertyValueSpecification","valueRequired":true,"valueName":"search_term_string"}}],"inLanguage":"de"},{"@type":"Organization","@id":"https:\/\/www.csj-emballages.com\/de\/#Organization\/","name":"CSJ Emballages","url":"https:\/\/www.csj-emballages.com\/de\/","logo":{"@type":"ImageObject","inLanguage":"de","@id":"https:\/\/www.csj-emballages.com\/de\/#\/schema\/logo\/image\/","url":"https:\/\/www.csj-emballages.com\/wp-content\/uploads\/2023\/10\/logo_csj.webp","contentUrl":"https:\/\/www.csj-emballages.com\/wp-content\/uploads\/2023\/10\/logo_csj.webp","width":250,"height":95,"caption":"CSJ Emballages"},"image":{"@id":"https:\/\/www.csj-emballages.com\/de\/#\/schema\/logo\/image\/"},"sameAs":["https:\/\/www.facebook.com\/csjemballages"],"address":{"@type":"PostalAddress","streetAddress":"ZI La Lechere","addressLocality":"Patornay","postalCode":"39130","addressCountry":"FR"},"contactPoint":[{"@type":"ContactPoint","contactType":"Service client","telephone":"0384254272","email":"contact@csj-emballages.com"}]}]}},"df_price":15.42,"df_sale_price":"","df_regular_price":15.42,"df_image_link":"https:\/\/www.csj-emballages.com\/wp-content\/uploads\/2024\/03\/CPPKID-300x300.webp","tiered_pricing_type":"fixed","tiered_pricing_fixed_rules":[],"tiered_pricing_percentage_rules":[],"tiered_pricing_minimum":1,"tiered_pricing_roles_data":[],"_links":{"self":[{"href":"https:\/\/www.csj-emballages.com\/de\/wp-json\/wp\/v2\/product\/20413","targetHints":{"allow":["GET"]}}],"collection":[{"href":"https:\/\/www.csj-emballages.com\/de\/wp-json\/wp\/v2\/product"}],"about":[{"href":"https:\/\/www.csj-emballages.com\/de\/wp-json\/wp\/v2\/types\/product"}],"wp:featuredmedia":[{"embeddable":true,"href":"https:\/\/www.csj-emballages.com\/de\/wp-json\/wp\/v2\/media\/230537"}],"wp:attachment":[{"href":"https:\/\/www.csj-emballages.com\/de\/wp-json\/wp\/v2\/media?parent=20413"}],"wp:term":[{"taxonomy":"product_brand","embeddable":true,"href":"https:\/\/www.csj-emballages.com\/de\/wp-json\/wp\/v2\/product_brand?post=20413"},{"taxonomy":"product_cat","embeddable":true,"href":"https:\/\/www.csj-emballages.com\/de\/wp-json\/wp\/v2\/product_cat?post=20413"},{"taxonomy":"product_tag","embeddable":true,"href":"https:\/\/www.csj-emballages.com\/de\/wp-json\/wp\/v2\/product_tag?post=20413"}],"curies":[{"name":"wp","href":"https:\/\/api.w.org\/{rel}","templated":true}]}}