{"id":20406,"date":"2024-03-01T16:54:39","date_gmt":"2024-03-01T15:54:39","guid":{"rendered":"https:\/\/u15jnbdpoq.preview.infomaniak.website\/produit\/50-weisse-gebaeckkisten-mit-griff-10-x-18-x-7-cm\/"},"modified":"2026-04-18T02:13:49","modified_gmt":"2026-04-18T00:13:49","slug":"50-weisse-gebaeckkisten-mit-griff-10-x-18-x-7-cm","status":"publish","type":"product","link":"https:\/\/www.csj-emballages.com\/de\/produit\/50-weisse-gebaeckkisten-mit-griff-10-x-18-x-7-cm\/","title":{"rendered":"Wei\u00dfe Konditoreikiste mit Griff 10 x 18 x 7 cm pro 50"},"content":{"rendered":"<h2>Geb\u00e4ckkiste<\/h2>\n<hr>\n<h3>Beschreibung von Wei\u00dfer Kuchenbeh\u00e4lter mit Griff 10 x 18 x 7 cm pro 50 St\u00fcck<\/h3>\n<p><!--more--><\/p>\n<p>Die wei\u00dfen Kisten mit Griff 10x18x7cm sind ideal f\u00fcr den sicheren Transport Ihres Geb\u00e4cks. Dank ihrer Gr\u00f6\u00dfe sind sie ideal f\u00fcr einzelne Portionen oder kleine Kreationen. Mit einem praktischen Griff erleichtern sie den Transport und liegen gleichzeitig gut in der Hand. Sie sind aus stabilem Karton hergestellt, der Ihre Desserts vor St\u00f6\u00dfen und Quetschungen sch\u00fctzt. Die schlichte wei\u00dfe Farbe verleiht der Pr\u00e4sentation Ihrer Produkte eine elegante Note. Sehr praktisch f\u00fcr B\u00e4ckereien, Konditoreien oder f\u00fcr private Veranstaltungen wie Hochzeiten oder Geburtstage. Dar\u00fcber hinaus sind diese wei\u00dfen Kisten mit Griff 10x18x7cm leicht und einfach zusammenzubauen, so dass Sie beim Verpacken Zeit sparen. Der recycelbare Karton macht diese Kisten zu einer umweltfreundlichen Option, ideal f\u00fcr umweltbewusste Gesch\u00e4ftsleute.       <\/p>\n<p>&nbsp;<\/p>\n<p><!--more--><\/p>\n<p>Wenn Sie mit der Qualit\u00e4t zufrieden sind, werden Sie nicht mehr auf sie verzichten wollen.<\/p>\n<p>&nbsp;<\/p>\n<p><!--more--><\/p>\n<p><strong>Ihre Vorteile :<\/strong><\/p>\n<ul>\n<li><strong>Einfacher Transport<\/strong>: Der integrierte Griff erleichtert den sicheren Transport von Geb\u00e4ck.<\/li>\n<li><strong>Schnelle Montage<\/strong>: Einfach zu montieren, spart Zeit f\u00fcr Profis.<\/li>\n<li><strong>Vielseitigkeit<\/strong>: Geeignet f\u00fcr verschiedene Arten von Geb\u00e4ck wie Kuchen, Torten und S\u00fc\u00dfspeisen.<\/li>\n<li><strong>Praktisch f\u00fcr Veranstaltungen<\/strong>: Ideal f\u00fcr Hochzeiten, Geburtstage und andere Veranstaltungen.<\/li>\n<\/ul>\n<p>&nbsp;<\/p>\n<p><!--more--><\/p>\n<p>Erh\u00e4ltlich in verschiedenen Gr\u00f6\u00dfen : <span style=\"color: #d12727;\"><a style=\"color: #d12727;\" href=\"https:\/\/www.csj-emballages.com\/produit\/50-caissettes-patissieres-blanches-a-poignee-carton-12-x-10-x-7-cm\/\">12 x 10 x 7 cm<\/a><\/span> \/ <span style=\"color: #d12727;\"><a style=\"color: #d12727;\" href=\"https:\/\/www.csj-emballages.com\/de\/produit\/50-weisse-gebaeckkisten-mit-griff-16-x-18-x-7-cm\/\">16 x 18 x 7 cm<\/a> <\/span>\/ <span style=\"color: #d12727;\"><a style=\"color: #d12727;\" href=\"https:\/\/www.csj-emballages.com\/de\/produit\/50-weisse-gebaeckkisten-mit-griff-20-x-18-x-7-cm\/\">20 x 18 x 7 cm<\/a><\/span><\/p>\n<p>&nbsp;<\/p>\n<p><!--more--><\/p>\n<p><a href=\"https:\/\/www.csj-emballages.com\/de\/categorie-produit\/lebensmittelverpackungen\/backerei-und-konditorei\/kisten-de\/gebackkisten-mit-griffen\/weise-gebackkisten\/\">Sehen Sie sich den Rest unseres Sortiments an wei\u00dfen Geb\u00e4ckkisten mit Griff an.<\/a><\/p>\n","protected":false},"excerpt":{"rendered":"<p>Geb\u00e4ckkiste Beschreibung von Wei\u00dfer Kuchenbeh\u00e4lter mit Griff 10 x 18 x 7 cm pro 50 St\u00fcck<\/p>\n","protected":false},"featured_media":224183,"template":"","meta":{"_acf_changed":false},"product_brand":[],"product_cat":[1137,1171,1243,2481],"product_tag":[],"class_list":{"0":"post-20406","1":"product","2":"type-product","3":"status-publish","4":"has-post-thumbnail","6":"product_cat-lebensmittelverpackungen","7":"product_cat-backerei-und-konditorei","8":"product_cat-gebackkisten-mit-griffen","9":"product_cat-weise-gebackkisten","11":"first","12":"instock","13":"taxable","14":"shipping-taxable","15":"purchasable","16":"product-type-simple"},"acf":[],"yoast_head":"<!-- This site is optimized with the Yoast SEO Premium plugin v26.6 (Yoast SEO v26.6) - https:\/\/yoast.com\/wordpress\/plugins\/seo\/ -->\n<title>Wei\u00dfe Kisten mit Griff 10x18x7cm \/ CSJ Verpackungen<\/title>\n<meta name=\"description\" content=\"Wei\u00dfe Kisten mit Griff 10x18x7cm: praktischer Transport, optimaler Schutz, elegant, umweltfreundlich, perfekt f\u00fcr Konditoreien und Veranstaltungen.\" \/>\n<meta name=\"robots\" content=\"index, follow, max-snippet:-1, max-image-preview:large, max-video-preview:-1\" \/>\n<link rel=\"canonical\" href=\"https:\/\/www.csj-emballages.com\/de\/produit\/50-weisse-gebaeckkisten-mit-griff-10-x-18-x-7-cm\/\" \/>\n<meta property=\"og:locale\" content=\"de_DE\" \/>\n<meta property=\"og:type\" content=\"article\" \/>\n<meta property=\"og:title\" content=\"Wei\u00dfe Konditoreikiste mit Griff 10 x 18 x 7 cm pro 50\" \/>\n<meta property=\"og:description\" content=\"Wei\u00dfe Kisten mit Griff 10x18x7cm: praktischer Transport, optimaler Schutz, elegant, umweltfreundlich, perfekt f\u00fcr Konditoreien und Veranstaltungen.\" \/>\n<meta property=\"og:url\" content=\"https:\/\/www.csj-emballages.com\/de\/produit\/50-weisse-gebaeckkisten-mit-griff-10-x-18-x-7-cm\/\" \/>\n<meta property=\"og:site_name\" content=\"CSJ Emballages\" \/>\n<meta property=\"article:publisher\" content=\"https:\/\/www.facebook.com\/csjemballages\" \/>\n<meta property=\"article:modified_time\" content=\"2026-04-18T00:13:49+00:00\" \/>\n<meta property=\"og:image\" content=\"https:\/\/www.csj-emballages.com\/wp-content\/uploads\/2024\/03\/caissette-poignee.webp\" \/>\n\t<meta property=\"og:image:width\" content=\"800\" \/>\n\t<meta property=\"og:image:height\" content=\"800\" \/>\n\t<meta property=\"og:image:type\" content=\"image\/webp\" \/>\n<meta name=\"twitter:card\" content=\"summary_large_image\" \/>\n<meta name=\"twitter:label1\" content=\"Gesch\u00e4tzte Lesezeit\" \/>\n\t<meta name=\"twitter:data1\" content=\"1\u00a0Minute\" \/>\n<script type=\"application\/ld+json\" class=\"yoast-schema-graph\">{\"@context\":\"https:\/\/schema.org\",\"@graph\":[{\"@type\":\"WebPage\",\"@id\":\"https:\/\/www.csj-emballages.com\/de\/produit\/50-weisse-gebaeckkisten-mit-griff-10-x-18-x-7-cm\/\",\"url\":\"https:\/\/www.csj-emballages.com\/de\/produit\/50-weisse-gebaeckkisten-mit-griff-10-x-18-x-7-cm\/\",\"name\":\"Wei\u00dfe Kisten mit Griff 10x18x7cm \/ CSJ Verpackungen\",\"isPartOf\":{\"@id\":\"https:\/\/www.csj-emballages.com\/de\/#website\"},\"primaryImageOfPage\":{\"@id\":\"https:\/\/www.csj-emballages.com\/de\/produit\/50-weisse-gebaeckkisten-mit-griff-10-x-18-x-7-cm\/#primaryimage\"},\"image\":{\"@id\":\"https:\/\/www.csj-emballages.com\/de\/produit\/50-weisse-gebaeckkisten-mit-griff-10-x-18-x-7-cm\/#primaryimage\"},\"thumbnailUrl\":\"https:\/\/www.csj-emballages.com\/wp-content\/uploads\/2024\/03\/caissette-poignee.webp\",\"datePublished\":\"2024-03-01T15:54:39+00:00\",\"dateModified\":\"2026-04-18T00:13:49+00:00\",\"description\":\"Wei\u00dfe Kisten mit Griff 10x18x7cm: praktischer Transport, optimaler Schutz, elegant, umweltfreundlich, perfekt f\u00fcr Konditoreien und Veranstaltungen.\",\"breadcrumb\":{\"@id\":\"https:\/\/www.csj-emballages.com\/de\/produit\/50-weisse-gebaeckkisten-mit-griff-10-x-18-x-7-cm\/#breadcrumb\"},\"inLanguage\":\"de\",\"potentialAction\":[{\"@type\":\"ReadAction\",\"target\":[\"https:\/\/www.csj-emballages.com\/de\/produit\/50-weisse-gebaeckkisten-mit-griff-10-x-18-x-7-cm\/\"]}]},{\"@type\":\"ImageObject\",\"inLanguage\":\"de\",\"@id\":\"https:\/\/www.csj-emballages.com\/de\/produit\/50-weisse-gebaeckkisten-mit-griff-10-x-18-x-7-cm\/#primaryimage\",\"url\":\"https:\/\/www.csj-emballages.com\/wp-content\/uploads\/2024\/03\/caissette-poignee.webp\",\"contentUrl\":\"https:\/\/www.csj-emballages.com\/wp-content\/uploads\/2024\/03\/caissette-poignee.webp\",\"width\":800,\"height\":800,\"caption\":\"Caissette p\u00e2tissi\u00e8re\"},{\"@type\":\"BreadcrumbList\",\"@id\":\"https:\/\/www.csj-emballages.com\/de\/produit\/50-weisse-gebaeckkisten-mit-griff-10-x-18-x-7-cm\/#breadcrumb\",\"itemListElement\":[{\"@type\":\"ListItem\",\"position\":1,\"name\":\"Accueil\",\"item\":\"https:\/\/www.csj-emballages.com\/de\/universum-lebensmittelverpackungen\/\"},{\"@type\":\"ListItem\",\"position\":2,\"name\":\"Shop\",\"item\":\"https:\/\/www.csj-emballages.com\/shop\/\"},{\"@type\":\"ListItem\",\"position\":3,\"name\":\"Wei\u00dfe Konditoreikiste mit Griff 10 x 18 x 7 cm pro 50\"}]},{\"@type\":\"WebSite\",\"@id\":\"https:\/\/www.csj-emballages.com\/de\/#website\",\"url\":\"https:\/\/www.csj-emballages.com\/de\/\",\"name\":\"CSJ Emballages\",\"description\":\"\",\"publisher\":{\"@id\":\"https:\/\/www.csj-emballages.com\/de\/#organization\"},\"potentialAction\":[{\"@type\":\"SearchAction\",\"target\":{\"@type\":\"EntryPoint\",\"urlTemplate\":\"https:\/\/www.csj-emballages.com\/de\/?s={search_term_string}\"},\"query-input\":{\"@type\":\"PropertyValueSpecification\",\"valueRequired\":true,\"valueName\":\"search_term_string\"}}],\"inLanguage\":\"de\"},{\"@type\":\"Organization\",\"@id\":\"https:\/\/www.csj-emballages.com\/de\/#Organization\/\",\"name\":\"CSJ Emballages\",\"url\":\"https:\/\/www.csj-emballages.com\/de\/\",\"logo\":{\"@type\":\"ImageObject\",\"inLanguage\":\"de\",\"@id\":\"https:\/\/www.csj-emballages.com\/de\/#\/schema\/logo\/image\/\",\"url\":\"https:\/\/www.csj-emballages.com\/wp-content\/uploads\/2023\/10\/logo_csj.webp\",\"contentUrl\":\"https:\/\/www.csj-emballages.com\/wp-content\/uploads\/2023\/10\/logo_csj.webp\",\"width\":250,\"height\":95,\"caption\":\"CSJ Emballages\"},\"image\":{\"@id\":\"https:\/\/www.csj-emballages.com\/de\/#\/schema\/logo\/image\/\"},\"sameAs\":[\"https:\/\/www.facebook.com\/csjemballages\"],\"address\":{\"@type\":\"PostalAddress\",\"streetAddress\":\"ZI La Lechere\",\"addressLocality\":\"Patornay\",\"postalCode\":\"39130\",\"addressCountry\":\"FR\"},\"contactPoint\":[{\"@type\":\"ContactPoint\",\"contactType\":\"Service client\",\"telephone\":\"0384254272\",\"email\":\"contact@csj-emballages.com\"}]}]}<\/script>\n<!-- \/ Yoast SEO Premium plugin. -->","yoast_head_json":{"title":"Wei\u00dfe Kisten mit Griff 10x18x7cm \/ CSJ Verpackungen","description":"Wei\u00dfe Kisten mit Griff 10x18x7cm: praktischer Transport, optimaler Schutz, elegant, umweltfreundlich, perfekt f\u00fcr Konditoreien und Veranstaltungen.","robots":{"index":"index","follow":"follow","max-snippet":"max-snippet:-1","max-image-preview":"max-image-preview:large","max-video-preview":"max-video-preview:-1"},"canonical":"https:\/\/www.csj-emballages.com\/de\/produit\/50-weisse-gebaeckkisten-mit-griff-10-x-18-x-7-cm\/","og_locale":"de_DE","og_type":"article","og_title":"Wei\u00dfe Konditoreikiste mit Griff 10 x 18 x 7 cm pro 50","og_description":"Wei\u00dfe Kisten mit Griff 10x18x7cm: praktischer Transport, optimaler Schutz, elegant, umweltfreundlich, perfekt f\u00fcr Konditoreien und Veranstaltungen.","og_url":"https:\/\/www.csj-emballages.com\/de\/produit\/50-weisse-gebaeckkisten-mit-griff-10-x-18-x-7-cm\/","og_site_name":"CSJ Emballages","article_publisher":"https:\/\/www.facebook.com\/csjemballages","article_modified_time":"2026-04-18T00:13:49+00:00","og_image":[{"width":800,"height":800,"url":"https:\/\/www.csj-emballages.com\/wp-content\/uploads\/2024\/03\/caissette-poignee.webp","type":"image\/webp"}],"twitter_card":"summary_large_image","twitter_misc":{"Gesch\u00e4tzte Lesezeit":"1\u00a0Minute"},"schema":{"@context":"https:\/\/schema.org","@graph":[{"@type":"WebPage","@id":"https:\/\/www.csj-emballages.com\/de\/produit\/50-weisse-gebaeckkisten-mit-griff-10-x-18-x-7-cm\/","url":"https:\/\/www.csj-emballages.com\/de\/produit\/50-weisse-gebaeckkisten-mit-griff-10-x-18-x-7-cm\/","name":"Wei\u00dfe Kisten mit Griff 10x18x7cm \/ CSJ Verpackungen","isPartOf":{"@id":"https:\/\/www.csj-emballages.com\/de\/#website"},"primaryImageOfPage":{"@id":"https:\/\/www.csj-emballages.com\/de\/produit\/50-weisse-gebaeckkisten-mit-griff-10-x-18-x-7-cm\/#primaryimage"},"image":{"@id":"https:\/\/www.csj-emballages.com\/de\/produit\/50-weisse-gebaeckkisten-mit-griff-10-x-18-x-7-cm\/#primaryimage"},"thumbnailUrl":"https:\/\/www.csj-emballages.com\/wp-content\/uploads\/2024\/03\/caissette-poignee.webp","datePublished":"2024-03-01T15:54:39+00:00","dateModified":"2026-04-18T00:13:49+00:00","description":"Wei\u00dfe Kisten mit Griff 10x18x7cm: praktischer Transport, optimaler Schutz, elegant, umweltfreundlich, perfekt f\u00fcr Konditoreien und Veranstaltungen.","breadcrumb":{"@id":"https:\/\/www.csj-emballages.com\/de\/produit\/50-weisse-gebaeckkisten-mit-griff-10-x-18-x-7-cm\/#breadcrumb"},"inLanguage":"de","potentialAction":[{"@type":"ReadAction","target":["https:\/\/www.csj-emballages.com\/de\/produit\/50-weisse-gebaeckkisten-mit-griff-10-x-18-x-7-cm\/"]}]},{"@type":"ImageObject","inLanguage":"de","@id":"https:\/\/www.csj-emballages.com\/de\/produit\/50-weisse-gebaeckkisten-mit-griff-10-x-18-x-7-cm\/#primaryimage","url":"https:\/\/www.csj-emballages.com\/wp-content\/uploads\/2024\/03\/caissette-poignee.webp","contentUrl":"https:\/\/www.csj-emballages.com\/wp-content\/uploads\/2024\/03\/caissette-poignee.webp","width":800,"height":800,"caption":"Caissette p\u00e2tissi\u00e8re"},{"@type":"BreadcrumbList","@id":"https:\/\/www.csj-emballages.com\/de\/produit\/50-weisse-gebaeckkisten-mit-griff-10-x-18-x-7-cm\/#breadcrumb","itemListElement":[{"@type":"ListItem","position":1,"name":"Accueil","item":"https:\/\/www.csj-emballages.com\/de\/universum-lebensmittelverpackungen\/"},{"@type":"ListItem","position":2,"name":"Shop","item":"https:\/\/www.csj-emballages.com\/shop\/"},{"@type":"ListItem","position":3,"name":"Wei\u00dfe Konditoreikiste mit Griff 10 x 18 x 7 cm pro 50"}]},{"@type":"WebSite","@id":"https:\/\/www.csj-emballages.com\/de\/#website","url":"https:\/\/www.csj-emballages.com\/de\/","name":"CSJ Emballages","description":"","publisher":{"@id":"https:\/\/www.csj-emballages.com\/de\/#organization"},"potentialAction":[{"@type":"SearchAction","target":{"@type":"EntryPoint","urlTemplate":"https:\/\/www.csj-emballages.com\/de\/?s={search_term_string}"},"query-input":{"@type":"PropertyValueSpecification","valueRequired":true,"valueName":"search_term_string"}}],"inLanguage":"de"},{"@type":"Organization","@id":"https:\/\/www.csj-emballages.com\/de\/#Organization\/","name":"CSJ Emballages","url":"https:\/\/www.csj-emballages.com\/de\/","logo":{"@type":"ImageObject","inLanguage":"de","@id":"https:\/\/www.csj-emballages.com\/de\/#\/schema\/logo\/image\/","url":"https:\/\/www.csj-emballages.com\/wp-content\/uploads\/2023\/10\/logo_csj.webp","contentUrl":"https:\/\/www.csj-emballages.com\/wp-content\/uploads\/2023\/10\/logo_csj.webp","width":250,"height":95,"caption":"CSJ Emballages"},"image":{"@id":"https:\/\/www.csj-emballages.com\/de\/#\/schema\/logo\/image\/"},"sameAs":["https:\/\/www.facebook.com\/csjemballages"],"address":{"@type":"PostalAddress","streetAddress":"ZI La Lechere","addressLocality":"Patornay","postalCode":"39130","addressCountry":"FR"},"contactPoint":[{"@type":"ContactPoint","contactType":"Service client","telephone":"0384254272","email":"contact@csj-emballages.com"}]}]}},"df_price":10.36,"df_sale_price":"","df_regular_price":10.36,"df_image_link":"https:\/\/www.csj-emballages.com\/wp-content\/uploads\/2024\/03\/caissette-poignee-300x300.webp","tiered_pricing_type":"fixed","tiered_pricing_fixed_rules":[],"tiered_pricing_percentage_rules":[],"tiered_pricing_minimum":1,"tiered_pricing_roles_data":[],"_links":{"self":[{"href":"https:\/\/www.csj-emballages.com\/de\/wp-json\/wp\/v2\/product\/20406","targetHints":{"allow":["GET"]}}],"collection":[{"href":"https:\/\/www.csj-emballages.com\/de\/wp-json\/wp\/v2\/product"}],"about":[{"href":"https:\/\/www.csj-emballages.com\/de\/wp-json\/wp\/v2\/types\/product"}],"wp:featuredmedia":[{"embeddable":true,"href":"https:\/\/www.csj-emballages.com\/de\/wp-json\/wp\/v2\/media\/224183"}],"wp:attachment":[{"href":"https:\/\/www.csj-emballages.com\/de\/wp-json\/wp\/v2\/media?parent=20406"}],"wp:term":[{"taxonomy":"product_brand","embeddable":true,"href":"https:\/\/www.csj-emballages.com\/de\/wp-json\/wp\/v2\/product_brand?post=20406"},{"taxonomy":"product_cat","embeddable":true,"href":"https:\/\/www.csj-emballages.com\/de\/wp-json\/wp\/v2\/product_cat?post=20406"},{"taxonomy":"product_tag","embeddable":true,"href":"https:\/\/www.csj-emballages.com\/de\/wp-json\/wp\/v2\/product_tag?post=20406"}],"curies":[{"name":"wp","href":"https:\/\/api.w.org\/{rel}","templated":true}]}}