{"id":20401,"date":"2024-03-01T16:54:41","date_gmt":"2024-03-01T15:54:41","guid":{"rendered":"https:\/\/u15jnbdpoq.preview.infomaniak.website\/produit\/25-einweg-dessertschalen-aus-durchscheinendem-kunststoff-155-ml\/"},"modified":"2026-04-30T02:12:49","modified_gmt":"2026-04-30T00:12:49","slug":"25-einweg-dessertschalen-aus-durchscheinendem-kunststoff-155-ml","status":"publish","type":"product","link":"https:\/\/www.csj-emballages.com\/de\/produit\/25-einweg-dessertschalen-aus-durchscheinendem-kunststoff-155-ml\/","title":{"rendered":"Dessertschalen aus Kunststoff PP 155 ml 25 St\u00fcck"},"content":{"rendered":"<h2>Dessertschale<\/h2>\n<hr>\n<h3>Beschreibung von unserem Dessertbecher aus Plastik PP 155 ml pro 25<\/h3>\n<p><!--more--><\/p>\n<p data-start=\"306\" data-end=\"686\">Verleihen Sie Ihren Desserts einen eleganten Touch mit unserer <strong data-start=\"361\" data-end=\"400\">Dessertschale aus Kunststoff PP 155 ml<\/strong>! Sie ist <strong data-start=\"413\" data-end=\"449\">praktisch, stabil und transparent und<\/strong> eignet sich perfekt, um Ihre s\u00fc\u00dfen Kreationen zu pr\u00e4sentieren. Ob Sie eine <strong data-start=\"544\" data-end=\"561\">leichte Mousse<\/strong>, ein k\u00f6stliches <strong data-start=\"566\" data-end=\"587\">Tiramisu<\/strong> oder einen <strong data-start=\"595\" data-end=\"623\">frischen Obstsalat<\/strong> zubereiten, diese Schale wird jede Schicht und jede Farbe hervorheben. <\/p>\n<p data-start=\"688\" data-end=\"1041\">Sie wird aus <strong data-start=\"701\" data-end=\"723\">Polypropylen (PP)<\/strong> hergestellt und zeichnet sich durch ihre <strong data-start=\"750\" data-end=\"782\">Festigkeit und Flexibilit\u00e4t<\/strong> aus. Im Gegensatz zu anderen Kunststoffen h\u00e4lt PP Hitze besser aus und bricht nicht so leicht. Das macht sie zu einer <strong data-start=\"900\" data-end=\"939\">idealen Wahl f\u00fcr professionelle<\/strong> Gastronomen, Konditoren oder Caterer, die ein zuverl\u00e4ssiges Produkt f\u00fcr den t\u00e4glichen Gebrauch suchen.  <\/p>\n<p data-start=\"1043\" data-end=\"1354\">Dank der <strong data-start=\"1054\" data-end=\"1078\">kristallklaren Transparenz<\/strong> werden Ihre Desserts schon auf den ersten Blick hervorgehoben. Und mit der <strong data-start=\"1146\" data-end=\"1166\">Gr\u00f6\u00dfe von 155 ml<\/strong> k\u00f6nnen Sie perfekte Portionen servieren: nicht zu klein und nicht zu gro\u00df. Das ist die ideale Gr\u00f6\u00dfe f\u00fcr Verkostungen, Buffets, Veranstaltungen oder sogar f\u00fcr Desserts zum Mitnehmen.  <\/p>\n<p data-start=\"1356\" data-end=\"1688\">Dieses Dessertglas, das <strong data-start=\"1363\" data-end=\"1380\">im 25er-Set<\/strong> verkauft wird, vereint <strong data-start=\"1412\" data-end=\"1437\">Zweckm\u00e4\u00dfigkeit und Sparsamkeit<\/strong>. Der <strong data-start=\"1442\" data-end=\"1468\">angenehme Griff<\/strong>, das <strong data-start=\"1474\" data-end=\"1501\">schlichte, moderne Design<\/strong> und die <strong data-start=\"1508\" data-end=\"1534\">einfache Handhabung<\/strong> machen es zu einem Muss f\u00fcr jede Gelegenheit. Dar\u00fcber hinaus ist PP <strong data-start=\"1607\" data-end=\"1621\">recycelbar<\/strong>, was es zu einer umweltfreundlicheren Option macht.  <\/p>\n<p data-start=\"1690\" data-end=\"1914\">Zusammenfassend l\u00e4sst sich sagen, dass die <strong data-start=\"1704\" data-end=\"1743\">Dessertschale aus Kunststoff PP 155 ml<\/strong> das perfekte Gleichgewicht zwischen <strong data-start=\"1775\" data-end=\"1826\">\u00c4sthetik, Haltbarkeit und Benutzerkomfort<\/strong> darstellt. Ein sicherer Wert f\u00fcr Ihre s\u00fc\u00dfen Pr\u00e4sentationen, egal ob einfach oder raffiniert! <\/p>\n<p data-start=\"1690\" data-end=\"1914\">\n<p data-start=\"1546\" data-end=\"1762\"><!--more--><\/p>\n<h4 data-start=\"1546\" data-end=\"1762\">Vorteile :<\/h4>\n<ul>\n<li data-start=\"1975\" data-end=\"2034\"><strong data-start=\"1975\" data-end=\"2003\">Transparent und elegant<\/strong>: hebt Ihre Desserts hervor.<\/li>\n<li data-start=\"2037\" data-end=\"2087\"><strong data-start=\"2037\" data-end=\"2063\">Leicht, aber robust<\/strong>: einfach zu handhaben.<\/li>\n<li data-start=\"2090\" data-end=\"2162\"><strong data-start=\"2090\" data-end=\"2119\">Praktische Gr\u00f6\u00dfe von 155 ml<\/strong>: ideal f\u00fcr Einzelportionen.<\/li>\n<li data-start=\"2165\" data-end=\"2215\"><strong data-start=\"2165\" data-end=\"2185\">Set mit 25 Pokalen<\/strong>: preiswert f\u00fcr Profis.<\/li>\n<li data-start=\"2218\" data-end=\"2301\"><strong data-start=\"2218\" data-end=\"2252\">Geeignet f\u00fcr alle Veranstaltungen<\/strong>: Buffets, Empf\u00e4nge, Catering, Konditoreien.<\/li>\n<\/ul>\n<p>&nbsp;<\/p>\n<p><!--more--><\/p>\n<h4>Weitere Informationen :<\/h4>\n<ul>\n<li><strong>Abmessungen<\/strong>: 95 x 57 ( \u00d8 x H in mm).<\/li>\n<li><strong>Verpackung<\/strong>: Packungen zu 25<\/li>\n<li><strong>Volumen<\/strong>: 155 ml<\/li>\n<li><strong>Material<\/strong>: PP<\/li>\n<\/ul>\n<p>&nbsp;<\/p>\n<p><!--more--><\/p>\n<p>Hier finden Sie die separat verkauften Deckel, die mit dieser Dessertschale kompatibel sind : <span style=\"color: #d12727;\"><a style=\"color: #d12727;\" href=\"https:\/\/www.csj-emballages.com\/produit\/50-couvercles-domes-jetables-pour-coupe-dessert-cp125\/\">DOMECP<\/a> <span style=\"color: #000000;\">\/<\/span> <a style=\"color: #d12727;\" href=\"https:\/\/www.csj-emballages.com\/de\/produit\/kunststoffdeckel-dessertschale-cp125-pro-50\/\">COUVCP<\/a><\/span><\/p>\n<p>&nbsp;<\/p>\n<p><!--more--><\/p>\n<p><a href=\"https:\/\/www.csj-emballages.com\/de\/categorie-produit\/lebensmittelverpackungen\/metzgerei-und-feinkostgeschaft\/schalen-topfe-glaser\/dessertschalen\/\">Entdecken Sie den Rest unseres Sortiments an Dessertschalen<\/a><\/p>\n","protected":false},"excerpt":{"rendered":"<p>Dessertschale Beschreibung von unserem Dessertbecher aus Plastik PP 155 ml pro 25<\/p>\n","protected":false},"featured_media":218577,"template":"","meta":{"_acf_changed":false},"product_brand":[],"product_cat":[1170,1279,1464],"product_tag":[],"class_list":{"0":"post-20401","1":"product","2":"type-product","3":"status-publish","4":"has-post-thumbnail","6":"product_cat-metzgerei-und-feinkostgeschaft","7":"product_cat-schalen-topfe-glaser","8":"product_cat-dessertschalen","10":"first","11":"instock","12":"taxable","13":"shipping-taxable","14":"purchasable","15":"product-type-simple"},"acf":[],"yoast_head":"<!-- This site is optimized with the Yoast SEO Premium plugin v26.6 (Yoast SEO v26.6) - https:\/\/yoast.com\/wordpress\/plugins\/seo\/ -->\n<title>Dessertbecher aus Kunststoff - 155 ml<\/title>\n<meta name=\"description\" content=\"Dessertschale 155 ml mit Plastikdeckel, ideal f\u00fcr die sichere Pr\u00e4sentation und den Transport Ihrer Desserts. Praktisch, elegant und luftdicht.\" \/>\n<meta name=\"robots\" content=\"index, follow, max-snippet:-1, max-image-preview:large, max-video-preview:-1\" \/>\n<link rel=\"canonical\" href=\"https:\/\/www.csj-emballages.com\/de\/produit\/25-einweg-dessertschalen-aus-durchscheinendem-kunststoff-155-ml\/\" \/>\n<meta property=\"og:locale\" content=\"de_DE\" \/>\n<meta property=\"og:type\" content=\"article\" \/>\n<meta property=\"og:title\" content=\"Dessertschalen aus Kunststoff PP 155 ml 25 St\u00fcck\" \/>\n<meta property=\"og:description\" content=\"Dessertschale 155 ml mit Plastikdeckel, ideal f\u00fcr die sichere Pr\u00e4sentation und den Transport Ihrer Desserts. Praktisch, elegant und luftdicht.\" \/>\n<meta property=\"og:url\" content=\"https:\/\/www.csj-emballages.com\/de\/produit\/25-einweg-dessertschalen-aus-durchscheinendem-kunststoff-155-ml\/\" \/>\n<meta property=\"og:site_name\" content=\"CSJ Emballages\" \/>\n<meta property=\"article:publisher\" content=\"https:\/\/www.facebook.com\/csjemballages\" \/>\n<meta property=\"article:modified_time\" content=\"2026-04-30T00:12:49+00:00\" \/>\n<meta property=\"og:image\" content=\"https:\/\/www.csj-emballages.com\/wp-content\/uploads\/2024\/03\/CP-125-PP.webp\" \/>\n\t<meta property=\"og:image:width\" content=\"800\" \/>\n\t<meta property=\"og:image:height\" content=\"800\" \/>\n\t<meta property=\"og:image:type\" content=\"image\/webp\" \/>\n<meta name=\"twitter:card\" content=\"summary_large_image\" \/>\n<meta name=\"twitter:label1\" content=\"Gesch\u00e4tzte Lesezeit\" \/>\n\t<meta name=\"twitter:data1\" content=\"2 Minuten\" \/>\n<script type=\"application\/ld+json\" class=\"yoast-schema-graph\">{\"@context\":\"https:\/\/schema.org\",\"@graph\":[{\"@type\":\"WebPage\",\"@id\":\"https:\/\/www.csj-emballages.com\/de\/produit\/25-einweg-dessertschalen-aus-durchscheinendem-kunststoff-155-ml\/\",\"url\":\"https:\/\/www.csj-emballages.com\/de\/produit\/25-einweg-dessertschalen-aus-durchscheinendem-kunststoff-155-ml\/\",\"name\":\"Dessertbecher aus Kunststoff - 155 ml\",\"isPartOf\":{\"@id\":\"https:\/\/www.csj-emballages.com\/de\/#website\"},\"primaryImageOfPage\":{\"@id\":\"https:\/\/www.csj-emballages.com\/de\/produit\/25-einweg-dessertschalen-aus-durchscheinendem-kunststoff-155-ml\/#primaryimage\"},\"image\":{\"@id\":\"https:\/\/www.csj-emballages.com\/de\/produit\/25-einweg-dessertschalen-aus-durchscheinendem-kunststoff-155-ml\/#primaryimage\"},\"thumbnailUrl\":\"https:\/\/www.csj-emballages.com\/wp-content\/uploads\/2024\/03\/CP-125-PP.webp\",\"datePublished\":\"2024-03-01T15:54:41+00:00\",\"dateModified\":\"2026-04-30T00:12:49+00:00\",\"description\":\"Dessertschale 155 ml mit Plastikdeckel, ideal f\u00fcr die sichere Pr\u00e4sentation und den Transport Ihrer Desserts. Praktisch, elegant und luftdicht.\",\"breadcrumb\":{\"@id\":\"https:\/\/www.csj-emballages.com\/de\/produit\/25-einweg-dessertschalen-aus-durchscheinendem-kunststoff-155-ml\/#breadcrumb\"},\"inLanguage\":\"de\",\"potentialAction\":[{\"@type\":\"ReadAction\",\"target\":[\"https:\/\/www.csj-emballages.com\/de\/produit\/25-einweg-dessertschalen-aus-durchscheinendem-kunststoff-155-ml\/\"]}]},{\"@type\":\"ImageObject\",\"inLanguage\":\"de\",\"@id\":\"https:\/\/www.csj-emballages.com\/de\/produit\/25-einweg-dessertschalen-aus-durchscheinendem-kunststoff-155-ml\/#primaryimage\",\"url\":\"https:\/\/www.csj-emballages.com\/wp-content\/uploads\/2024\/03\/CP-125-PP.webp\",\"contentUrl\":\"https:\/\/www.csj-emballages.com\/wp-content\/uploads\/2024\/03\/CP-125-PP.webp\",\"width\":800,\"height\":800,\"caption\":\"Coupe \u00e0 dessert\"},{\"@type\":\"BreadcrumbList\",\"@id\":\"https:\/\/www.csj-emballages.com\/de\/produit\/25-einweg-dessertschalen-aus-durchscheinendem-kunststoff-155-ml\/#breadcrumb\",\"itemListElement\":[{\"@type\":\"ListItem\",\"position\":1,\"name\":\"Accueil\",\"item\":\"https:\/\/www.csj-emballages.com\/de\/universum-lebensmittelverpackungen\/\"},{\"@type\":\"ListItem\",\"position\":2,\"name\":\"Shop\",\"item\":\"https:\/\/www.csj-emballages.com\/shop\/\"},{\"@type\":\"ListItem\",\"position\":3,\"name\":\"Dessertschalen aus Kunststoff PP 155 ml 25 St\u00fcck\"}]},{\"@type\":\"WebSite\",\"@id\":\"https:\/\/www.csj-emballages.com\/de\/#website\",\"url\":\"https:\/\/www.csj-emballages.com\/de\/\",\"name\":\"CSJ Emballages\",\"description\":\"\",\"publisher\":{\"@id\":\"https:\/\/www.csj-emballages.com\/de\/#organization\"},\"potentialAction\":[{\"@type\":\"SearchAction\",\"target\":{\"@type\":\"EntryPoint\",\"urlTemplate\":\"https:\/\/www.csj-emballages.com\/de\/?s={search_term_string}\"},\"query-input\":{\"@type\":\"PropertyValueSpecification\",\"valueRequired\":true,\"valueName\":\"search_term_string\"}}],\"inLanguage\":\"de\"},{\"@type\":\"Organization\",\"@id\":\"https:\/\/www.csj-emballages.com\/de\/#Organization\/\",\"name\":\"CSJ Emballages\",\"url\":\"https:\/\/www.csj-emballages.com\/de\/\",\"logo\":{\"@type\":\"ImageObject\",\"inLanguage\":\"de\",\"@id\":\"https:\/\/www.csj-emballages.com\/de\/#\/schema\/logo\/image\/\",\"url\":\"https:\/\/www.csj-emballages.com\/wp-content\/uploads\/2023\/10\/logo_csj.webp\",\"contentUrl\":\"https:\/\/www.csj-emballages.com\/wp-content\/uploads\/2023\/10\/logo_csj.webp\",\"width\":250,\"height\":95,\"caption\":\"CSJ Emballages\"},\"image\":{\"@id\":\"https:\/\/www.csj-emballages.com\/de\/#\/schema\/logo\/image\/\"},\"sameAs\":[\"https:\/\/www.facebook.com\/csjemballages\"],\"address\":{\"@type\":\"PostalAddress\",\"streetAddress\":\"ZI La Lechere\",\"addressLocality\":\"Patornay\",\"postalCode\":\"39130\",\"addressCountry\":\"FR\"},\"contactPoint\":[{\"@type\":\"ContactPoint\",\"contactType\":\"Service client\",\"telephone\":\"0384254272\",\"email\":\"contact@csj-emballages.com\"}]}]}<\/script>\n<!-- \/ Yoast SEO Premium plugin. -->","yoast_head_json":{"title":"Dessertbecher aus Kunststoff - 155 ml","description":"Dessertschale 155 ml mit Plastikdeckel, ideal f\u00fcr die sichere Pr\u00e4sentation und den Transport Ihrer Desserts. Praktisch, elegant und luftdicht.","robots":{"index":"index","follow":"follow","max-snippet":"max-snippet:-1","max-image-preview":"max-image-preview:large","max-video-preview":"max-video-preview:-1"},"canonical":"https:\/\/www.csj-emballages.com\/de\/produit\/25-einweg-dessertschalen-aus-durchscheinendem-kunststoff-155-ml\/","og_locale":"de_DE","og_type":"article","og_title":"Dessertschalen aus Kunststoff PP 155 ml 25 St\u00fcck","og_description":"Dessertschale 155 ml mit Plastikdeckel, ideal f\u00fcr die sichere Pr\u00e4sentation und den Transport Ihrer Desserts. Praktisch, elegant und luftdicht.","og_url":"https:\/\/www.csj-emballages.com\/de\/produit\/25-einweg-dessertschalen-aus-durchscheinendem-kunststoff-155-ml\/","og_site_name":"CSJ Emballages","article_publisher":"https:\/\/www.facebook.com\/csjemballages","article_modified_time":"2026-04-30T00:12:49+00:00","og_image":[{"width":800,"height":800,"url":"https:\/\/www.csj-emballages.com\/wp-content\/uploads\/2024\/03\/CP-125-PP.webp","type":"image\/webp"}],"twitter_card":"summary_large_image","twitter_misc":{"Gesch\u00e4tzte Lesezeit":"2 Minuten"},"schema":{"@context":"https:\/\/schema.org","@graph":[{"@type":"WebPage","@id":"https:\/\/www.csj-emballages.com\/de\/produit\/25-einweg-dessertschalen-aus-durchscheinendem-kunststoff-155-ml\/","url":"https:\/\/www.csj-emballages.com\/de\/produit\/25-einweg-dessertschalen-aus-durchscheinendem-kunststoff-155-ml\/","name":"Dessertbecher aus Kunststoff - 155 ml","isPartOf":{"@id":"https:\/\/www.csj-emballages.com\/de\/#website"},"primaryImageOfPage":{"@id":"https:\/\/www.csj-emballages.com\/de\/produit\/25-einweg-dessertschalen-aus-durchscheinendem-kunststoff-155-ml\/#primaryimage"},"image":{"@id":"https:\/\/www.csj-emballages.com\/de\/produit\/25-einweg-dessertschalen-aus-durchscheinendem-kunststoff-155-ml\/#primaryimage"},"thumbnailUrl":"https:\/\/www.csj-emballages.com\/wp-content\/uploads\/2024\/03\/CP-125-PP.webp","datePublished":"2024-03-01T15:54:41+00:00","dateModified":"2026-04-30T00:12:49+00:00","description":"Dessertschale 155 ml mit Plastikdeckel, ideal f\u00fcr die sichere Pr\u00e4sentation und den Transport Ihrer Desserts. Praktisch, elegant und luftdicht.","breadcrumb":{"@id":"https:\/\/www.csj-emballages.com\/de\/produit\/25-einweg-dessertschalen-aus-durchscheinendem-kunststoff-155-ml\/#breadcrumb"},"inLanguage":"de","potentialAction":[{"@type":"ReadAction","target":["https:\/\/www.csj-emballages.com\/de\/produit\/25-einweg-dessertschalen-aus-durchscheinendem-kunststoff-155-ml\/"]}]},{"@type":"ImageObject","inLanguage":"de","@id":"https:\/\/www.csj-emballages.com\/de\/produit\/25-einweg-dessertschalen-aus-durchscheinendem-kunststoff-155-ml\/#primaryimage","url":"https:\/\/www.csj-emballages.com\/wp-content\/uploads\/2024\/03\/CP-125-PP.webp","contentUrl":"https:\/\/www.csj-emballages.com\/wp-content\/uploads\/2024\/03\/CP-125-PP.webp","width":800,"height":800,"caption":"Coupe \u00e0 dessert"},{"@type":"BreadcrumbList","@id":"https:\/\/www.csj-emballages.com\/de\/produit\/25-einweg-dessertschalen-aus-durchscheinendem-kunststoff-155-ml\/#breadcrumb","itemListElement":[{"@type":"ListItem","position":1,"name":"Accueil","item":"https:\/\/www.csj-emballages.com\/de\/universum-lebensmittelverpackungen\/"},{"@type":"ListItem","position":2,"name":"Shop","item":"https:\/\/www.csj-emballages.com\/shop\/"},{"@type":"ListItem","position":3,"name":"Dessertschalen aus Kunststoff PP 155 ml 25 St\u00fcck"}]},{"@type":"WebSite","@id":"https:\/\/www.csj-emballages.com\/de\/#website","url":"https:\/\/www.csj-emballages.com\/de\/","name":"CSJ Emballages","description":"","publisher":{"@id":"https:\/\/www.csj-emballages.com\/de\/#organization"},"potentialAction":[{"@type":"SearchAction","target":{"@type":"EntryPoint","urlTemplate":"https:\/\/www.csj-emballages.com\/de\/?s={search_term_string}"},"query-input":{"@type":"PropertyValueSpecification","valueRequired":true,"valueName":"search_term_string"}}],"inLanguage":"de"},{"@type":"Organization","@id":"https:\/\/www.csj-emballages.com\/de\/#Organization\/","name":"CSJ Emballages","url":"https:\/\/www.csj-emballages.com\/de\/","logo":{"@type":"ImageObject","inLanguage":"de","@id":"https:\/\/www.csj-emballages.com\/de\/#\/schema\/logo\/image\/","url":"https:\/\/www.csj-emballages.com\/wp-content\/uploads\/2023\/10\/logo_csj.webp","contentUrl":"https:\/\/www.csj-emballages.com\/wp-content\/uploads\/2023\/10\/logo_csj.webp","width":250,"height":95,"caption":"CSJ Emballages"},"image":{"@id":"https:\/\/www.csj-emballages.com\/de\/#\/schema\/logo\/image\/"},"sameAs":["https:\/\/www.facebook.com\/csjemballages"],"address":{"@type":"PostalAddress","streetAddress":"ZI La Lechere","addressLocality":"Patornay","postalCode":"39130","addressCountry":"FR"},"contactPoint":[{"@type":"ContactPoint","contactType":"Service client","telephone":"0384254272","email":"contact@csj-emballages.com"}]}]}},"df_price":2.7,"df_sale_price":"","df_regular_price":2.7,"df_image_link":"https:\/\/www.csj-emballages.com\/wp-content\/uploads\/2024\/03\/CP-125-PP-300x300.webp","tiered_pricing_type":"fixed","tiered_pricing_fixed_rules":[],"tiered_pricing_percentage_rules":[],"tiered_pricing_minimum":1,"tiered_pricing_roles_data":[],"_links":{"self":[{"href":"https:\/\/www.csj-emballages.com\/de\/wp-json\/wp\/v2\/product\/20401","targetHints":{"allow":["GET"]}}],"collection":[{"href":"https:\/\/www.csj-emballages.com\/de\/wp-json\/wp\/v2\/product"}],"about":[{"href":"https:\/\/www.csj-emballages.com\/de\/wp-json\/wp\/v2\/types\/product"}],"wp:featuredmedia":[{"embeddable":true,"href":"https:\/\/www.csj-emballages.com\/de\/wp-json\/wp\/v2\/media\/218577"}],"wp:attachment":[{"href":"https:\/\/www.csj-emballages.com\/de\/wp-json\/wp\/v2\/media?parent=20401"}],"wp:term":[{"taxonomy":"product_brand","embeddable":true,"href":"https:\/\/www.csj-emballages.com\/de\/wp-json\/wp\/v2\/product_brand?post=20401"},{"taxonomy":"product_cat","embeddable":true,"href":"https:\/\/www.csj-emballages.com\/de\/wp-json\/wp\/v2\/product_cat?post=20401"},{"taxonomy":"product_tag","embeddable":true,"href":"https:\/\/www.csj-emballages.com\/de\/wp-json\/wp\/v2\/product_tag?post=20401"}],"curies":[{"name":"wp","href":"https:\/\/api.w.org\/{rel}","templated":true}]}}