{"id":20382,"date":"2024-03-01T16:54:40","date_gmt":"2024-03-01T15:54:40","guid":{"rendered":"https:\/\/u15jnbdpoq.preview.infomaniak.website\/produit\/50-bunte-kuchenkisten-mit-griff-10-x-12-x-7-cm-inspiration\/"},"modified":"2026-04-25T02:12:35","modified_gmt":"2026-04-25T00:12:35","slug":"50-bunte-kuchenkisten-mit-griff-10-x-12-x-7-cm-inspiration","status":"publish","type":"product","link":"https:\/\/www.csj-emballages.com\/de\/produit\/50-bunte-kuchenkisten-mit-griff-10-x-12-x-7-cm-inspiration\/","title":{"rendered":"50 bunte Kuchenkisten mit Griff 10 x 12 x 7 cm Inspiration"},"content":{"rendered":"<h2>Inspiration 10x12x7 cm &#8211; 50 St\u00fcck &#8211; mit farbigen Griffen<\/h2>\n<hr>\n<h3>Beschreibung des Produkts<\/h3>\n<p><!--more--><\/p>\n<p>Entdecken Sie unsere Inspiration-P\u00e2tisseriekisten mit farbigen Griffen, die ideal sind, um Ihre s\u00fc\u00dfen Kreationen zu veredeln. Jede Kiste hat die Ma\u00dfe 10 x 12 x 7 cm und bietet somit den perfekten Platz f\u00fcr Ihre k\u00f6stlichen Backwaren. Sie zeichnen sich durch ihr ansprechendes Design und ihre leuchtenden Farben aus. Au\u00dferdem k\u00f6nnen Sie Ihre Leckereien dank des Griffs leicht transportieren. Diese Kisten sind nicht nur praktisch, sondern auch \u00e4sthetisch ansprechend, sodass Sie sie f\u00fcr Cupcakes, Muffins oder kleine Kuchen verwenden k\u00f6nnen. Wenn Sie diese Kisten verwenden, werden Ihre Kreationen bei Ihren Veranstaltungen auffallen.     <\/p>\n<p>Sie eignen sich auch hervorragend f\u00fcr Geburtstagsfeiern, Hochzeiten oder Familientreffen. Mit ihrem farbenfrohen Stil verleihen sie jedem Anlass einen eleganten Touch. Au\u00dferdem k\u00f6nnen Sie sie an Ihr Dekorationsthema anpassen. Dies schafft eine visuelle Harmonie, die sehr gesch\u00e4tzt wird.   <\/p>\n<p>Zusammenfassend l\u00e4sst sich sagen, dass diese Inspiration Patisserie-Kisten mit farbigen Griffen eine ausgezeichnete Wahl sind. Sie sind praktisch, \u00e4sthetisch und vielseitig und erf\u00fcllen alle Ihre Bed\u00fcrfnisse. Warten Sie nicht l\u00e4nger und nehmen Sie sie in Ihre K\u00fcche auf!  <\/p>\n<p>&nbsp;<\/p>\n<p><!--more--><\/p>\n<p>Ihre Backwaren verdienen es, auf spielerische und kreative Weise zur Geltung gebracht zu werden.<\/p>\n<p>&nbsp;<\/p>\n<p><!--more--><\/p>\n<p><strong>Ihre Vorteile :<\/strong><\/p>\n<ul>\n<li><strong>Praktisch<\/strong>: Dank der Griffe k\u00f6nnen Sie Ihre Backwaren leicht transportieren.<\/li>\n<li><strong>Attraktives Design<\/strong>: Ihr Design verleiht jeder Veranstaltung einen schicken und eleganten Touch.<\/li>\n<li><strong>Vielseitig<\/strong>: Perfekt f\u00fcr eine Vielzahl von Backwaren, wie Cupcakes, Muffins oder kleine Kuchen.<\/li>\n<li><strong>Hygienisch<\/strong>: Sch\u00fctzt die Backwaren vor \u00e4u\u00dferen Einfl\u00fcssen und h\u00e4lt sie frisch.<\/li>\n<\/ul>\n<p>&nbsp;<\/p>\n<p><!--more--><\/p>\n<p>Dieses Produkt ist in verschiedenen Gr\u00f6\u00dfen erh\u00e4ltlich : <span style=\"color: #d12727;\"><a style=\"color: #d12727;\" href=\"https:\/\/www.csj-emballages.com\/es\/produit\/50-estuches-de-reposteria-con-asas-de-colores-inspiracion-10-x-18-x-7-cm\/\">10 x 18 x 7 cm<\/a> <\/span>\/ <span style=\"color: #d12727;\"><a style=\"color: #d12727;\" href=\"https:\/\/www.csj-emballages.com\/de\/produit\/50-bunte-kuchenkisten-mit-griff-16-x-18-x-7-cm-inspiration\/\">16 x 18 x 7 cm<\/a><\/span><\/p>\n<p>&nbsp;<\/p>\n<p><!--more--><\/p>\n<p><a href=\"https:\/\/www.csj-emballages.com\/de\/categorie-produit\/lebensmittelverpackungen\/backerei-und-konditorei\/kisten-de\/gebackkisten-mit-griffen\/farbige-gebackkisten\/\">Sehen Sie sich den Rest unseres Sortiments an bunten Geb\u00e4ckkisten mit Griff an.<\/a><\/p>\n","protected":false},"excerpt":{"rendered":"<p>Inspiration 10x12x7 cm &#8211; 50 St\u00fcck &#8211; mit farbigen Griffen Beschreibung des Produkts<\/p>\n","protected":false},"featured_media":99282,"template":"","meta":{"_acf_changed":false},"product_brand":[],"product_cat":[1137,1171,1243,1244,1265],"product_tag":[],"class_list":{"0":"post-20382","1":"product","2":"type-product","3":"status-publish","4":"has-post-thumbnail","6":"product_cat-lebensmittelverpackungen","7":"product_cat-backerei-und-konditorei","8":"product_cat-gebackkisten-mit-griffen","9":"product_cat-farbige-gebackkisten","10":"product_cat-lagerbestande-promotion","12":"first","13":"instock","14":"sale","15":"taxable","16":"shipping-taxable","17":"purchasable","18":"product-type-simple"},"acf":[],"yoast_head":"<!-- This site is optimized with the Yoast SEO Premium plugin v26.6 (Yoast SEO v26.6) - https:\/\/yoast.com\/wordpress\/plugins\/seo\/ -->\n<title>Geb\u00e4ckkisten Inspiration \/ CSJ Verpackungen<\/title>\n<meta name=\"description\" content=\"Entdecken Sie unsere Inspiration Geb\u00e4ckkisten mit farbigen Griffen 10x12x7 cm, die sich perfekt f\u00fcr den Transport und die elegante Pr\u00e4sentation Ihrer Backwaren eignen.\" \/>\n<meta name=\"robots\" content=\"index, follow, max-snippet:-1, max-image-preview:large, max-video-preview:-1\" \/>\n<link rel=\"canonical\" href=\"https:\/\/www.csj-emballages.com\/de\/produit\/50-bunte-kuchenkisten-mit-griff-10-x-12-x-7-cm-inspiration\/\" \/>\n<meta property=\"og:locale\" content=\"de_DE\" \/>\n<meta property=\"og:type\" content=\"article\" \/>\n<meta property=\"og:title\" content=\"50 bunte Kuchenkisten mit Griff 10 x 12 x 7 cm Inspiration\" \/>\n<meta property=\"og:description\" content=\"Entdecken Sie unsere Inspiration Geb\u00e4ckkisten mit farbigen Griffen 10x12x7 cm, die sich perfekt f\u00fcr den Transport und die elegante Pr\u00e4sentation Ihrer Backwaren eignen.\" \/>\n<meta property=\"og:url\" content=\"https:\/\/www.csj-emballages.com\/de\/produit\/50-bunte-kuchenkisten-mit-griff-10-x-12-x-7-cm-inspiration\/\" \/>\n<meta property=\"og:site_name\" content=\"CSJ Emballages\" \/>\n<meta property=\"article:publisher\" content=\"https:\/\/www.facebook.com\/csjemballages\" \/>\n<meta property=\"article:modified_time\" content=\"2026-04-25T00:12:35+00:00\" \/>\n<meta property=\"og:image\" content=\"https:\/\/www.csj-emballages.com\/wp-content\/uploads\/2024\/03\/boite-poignee-carton-imprimee-modele-inspiration-grossiste-csj-emballages-5-jpg-removebg-preview-e1727342416111.png\" \/>\n\t<meta property=\"og:image:width\" content=\"500\" \/>\n\t<meta property=\"og:image:height\" content=\"500\" \/>\n\t<meta property=\"og:image:type\" content=\"image\/png\" \/>\n<meta name=\"twitter:card\" content=\"summary_large_image\" \/>\n<meta name=\"twitter:label1\" content=\"Gesch\u00e4tzte Lesezeit\" \/>\n\t<meta name=\"twitter:data1\" content=\"1\u00a0Minute\" \/>\n<script type=\"application\/ld+json\" class=\"yoast-schema-graph\">{\"@context\":\"https:\/\/schema.org\",\"@graph\":[{\"@type\":\"WebPage\",\"@id\":\"https:\/\/www.csj-emballages.com\/de\/produit\/50-bunte-kuchenkisten-mit-griff-10-x-12-x-7-cm-inspiration\/\",\"url\":\"https:\/\/www.csj-emballages.com\/de\/produit\/50-bunte-kuchenkisten-mit-griff-10-x-12-x-7-cm-inspiration\/\",\"name\":\"Geb\u00e4ckkisten Inspiration \/ CSJ Verpackungen\",\"isPartOf\":{\"@id\":\"https:\/\/www.csj-emballages.com\/de\/#website\"},\"primaryImageOfPage\":{\"@id\":\"https:\/\/www.csj-emballages.com\/de\/produit\/50-bunte-kuchenkisten-mit-griff-10-x-12-x-7-cm-inspiration\/#primaryimage\"},\"image\":{\"@id\":\"https:\/\/www.csj-emballages.com\/de\/produit\/50-bunte-kuchenkisten-mit-griff-10-x-12-x-7-cm-inspiration\/#primaryimage\"},\"thumbnailUrl\":\"https:\/\/www.csj-emballages.com\/wp-content\/uploads\/2024\/03\/boite-poignee-carton-imprimee-modele-inspiration-grossiste-csj-emballages-5-jpg-removebg-preview-e1727342416111.png\",\"datePublished\":\"2024-03-01T15:54:40+00:00\",\"dateModified\":\"2026-04-25T00:12:35+00:00\",\"description\":\"Entdecken Sie unsere Inspiration Geb\u00e4ckkisten mit farbigen Griffen 10x12x7 cm, die sich perfekt f\u00fcr den Transport und die elegante Pr\u00e4sentation Ihrer Backwaren eignen.\",\"breadcrumb\":{\"@id\":\"https:\/\/www.csj-emballages.com\/de\/produit\/50-bunte-kuchenkisten-mit-griff-10-x-12-x-7-cm-inspiration\/#breadcrumb\"},\"inLanguage\":\"de\",\"potentialAction\":[{\"@type\":\"ReadAction\",\"target\":[\"https:\/\/www.csj-emballages.com\/de\/produit\/50-bunte-kuchenkisten-mit-griff-10-x-12-x-7-cm-inspiration\/\"]}]},{\"@type\":\"ImageObject\",\"inLanguage\":\"de\",\"@id\":\"https:\/\/www.csj-emballages.com\/de\/produit\/50-bunte-kuchenkisten-mit-griff-10-x-12-x-7-cm-inspiration\/#primaryimage\",\"url\":\"https:\/\/www.csj-emballages.com\/wp-content\/uploads\/2024\/03\/boite-poignee-carton-imprimee-modele-inspiration-grossiste-csj-emballages-5-jpg-removebg-preview-e1727342416111.png\",\"contentUrl\":\"https:\/\/www.csj-emballages.com\/wp-content\/uploads\/2024\/03\/boite-poignee-carton-imprimee-modele-inspiration-grossiste-csj-emballages-5-jpg-removebg-preview-e1727342416111.png\",\"width\":500,\"height\":500,\"caption\":\"Caissettes p\u00e2tissi\u00e8res Inspiration\"},{\"@type\":\"BreadcrumbList\",\"@id\":\"https:\/\/www.csj-emballages.com\/de\/produit\/50-bunte-kuchenkisten-mit-griff-10-x-12-x-7-cm-inspiration\/#breadcrumb\",\"itemListElement\":[{\"@type\":\"ListItem\",\"position\":1,\"name\":\"Accueil\",\"item\":\"https:\/\/www.csj-emballages.com\/de\/universum-lebensmittelverpackungen\/\"},{\"@type\":\"ListItem\",\"position\":2,\"name\":\"Shop\",\"item\":\"https:\/\/www.csj-emballages.com\/shop\/\"},{\"@type\":\"ListItem\",\"position\":3,\"name\":\"50 bunte Kuchenkisten mit Griff 10 x 12 x 7 cm Inspiration\"}]},{\"@type\":\"WebSite\",\"@id\":\"https:\/\/www.csj-emballages.com\/de\/#website\",\"url\":\"https:\/\/www.csj-emballages.com\/de\/\",\"name\":\"CSJ Emballages\",\"description\":\"\",\"publisher\":{\"@id\":\"https:\/\/www.csj-emballages.com\/de\/#organization\"},\"potentialAction\":[{\"@type\":\"SearchAction\",\"target\":{\"@type\":\"EntryPoint\",\"urlTemplate\":\"https:\/\/www.csj-emballages.com\/de\/?s={search_term_string}\"},\"query-input\":{\"@type\":\"PropertyValueSpecification\",\"valueRequired\":true,\"valueName\":\"search_term_string\"}}],\"inLanguage\":\"de\"},{\"@type\":\"Organization\",\"@id\":\"https:\/\/www.csj-emballages.com\/de\/#Organization\/\",\"name\":\"CSJ Emballages\",\"url\":\"https:\/\/www.csj-emballages.com\/de\/\",\"logo\":{\"@type\":\"ImageObject\",\"inLanguage\":\"de\",\"@id\":\"https:\/\/www.csj-emballages.com\/de\/#\/schema\/logo\/image\/\",\"url\":\"https:\/\/www.csj-emballages.com\/wp-content\/uploads\/2023\/10\/logo_csj.webp\",\"contentUrl\":\"https:\/\/www.csj-emballages.com\/wp-content\/uploads\/2023\/10\/logo_csj.webp\",\"width\":250,\"height\":95,\"caption\":\"CSJ Emballages\"},\"image\":{\"@id\":\"https:\/\/www.csj-emballages.com\/de\/#\/schema\/logo\/image\/\"},\"sameAs\":[\"https:\/\/www.facebook.com\/csjemballages\"],\"address\":{\"@type\":\"PostalAddress\",\"streetAddress\":\"ZI La Lechere\",\"addressLocality\":\"Patornay\",\"postalCode\":\"39130\",\"addressCountry\":\"FR\"},\"contactPoint\":[{\"@type\":\"ContactPoint\",\"contactType\":\"Service client\",\"telephone\":\"0384254272\",\"email\":\"contact@csj-emballages.com\"}]}]}<\/script>\n<!-- \/ Yoast SEO Premium plugin. -->","yoast_head_json":{"title":"Geb\u00e4ckkisten Inspiration \/ CSJ Verpackungen","description":"Entdecken Sie unsere Inspiration Geb\u00e4ckkisten mit farbigen Griffen 10x12x7 cm, die sich perfekt f\u00fcr den Transport und die elegante Pr\u00e4sentation Ihrer Backwaren eignen.","robots":{"index":"index","follow":"follow","max-snippet":"max-snippet:-1","max-image-preview":"max-image-preview:large","max-video-preview":"max-video-preview:-1"},"canonical":"https:\/\/www.csj-emballages.com\/de\/produit\/50-bunte-kuchenkisten-mit-griff-10-x-12-x-7-cm-inspiration\/","og_locale":"de_DE","og_type":"article","og_title":"50 bunte Kuchenkisten mit Griff 10 x 12 x 7 cm Inspiration","og_description":"Entdecken Sie unsere Inspiration Geb\u00e4ckkisten mit farbigen Griffen 10x12x7 cm, die sich perfekt f\u00fcr den Transport und die elegante Pr\u00e4sentation Ihrer Backwaren eignen.","og_url":"https:\/\/www.csj-emballages.com\/de\/produit\/50-bunte-kuchenkisten-mit-griff-10-x-12-x-7-cm-inspiration\/","og_site_name":"CSJ Emballages","article_publisher":"https:\/\/www.facebook.com\/csjemballages","article_modified_time":"2026-04-25T00:12:35+00:00","og_image":[{"width":500,"height":500,"url":"https:\/\/www.csj-emballages.com\/wp-content\/uploads\/2024\/03\/boite-poignee-carton-imprimee-modele-inspiration-grossiste-csj-emballages-5-jpg-removebg-preview-e1727342416111.png","type":"image\/png"}],"twitter_card":"summary_large_image","twitter_misc":{"Gesch\u00e4tzte Lesezeit":"1\u00a0Minute"},"schema":{"@context":"https:\/\/schema.org","@graph":[{"@type":"WebPage","@id":"https:\/\/www.csj-emballages.com\/de\/produit\/50-bunte-kuchenkisten-mit-griff-10-x-12-x-7-cm-inspiration\/","url":"https:\/\/www.csj-emballages.com\/de\/produit\/50-bunte-kuchenkisten-mit-griff-10-x-12-x-7-cm-inspiration\/","name":"Geb\u00e4ckkisten Inspiration \/ CSJ Verpackungen","isPartOf":{"@id":"https:\/\/www.csj-emballages.com\/de\/#website"},"primaryImageOfPage":{"@id":"https:\/\/www.csj-emballages.com\/de\/produit\/50-bunte-kuchenkisten-mit-griff-10-x-12-x-7-cm-inspiration\/#primaryimage"},"image":{"@id":"https:\/\/www.csj-emballages.com\/de\/produit\/50-bunte-kuchenkisten-mit-griff-10-x-12-x-7-cm-inspiration\/#primaryimage"},"thumbnailUrl":"https:\/\/www.csj-emballages.com\/wp-content\/uploads\/2024\/03\/boite-poignee-carton-imprimee-modele-inspiration-grossiste-csj-emballages-5-jpg-removebg-preview-e1727342416111.png","datePublished":"2024-03-01T15:54:40+00:00","dateModified":"2026-04-25T00:12:35+00:00","description":"Entdecken Sie unsere Inspiration Geb\u00e4ckkisten mit farbigen Griffen 10x12x7 cm, die sich perfekt f\u00fcr den Transport und die elegante Pr\u00e4sentation Ihrer Backwaren eignen.","breadcrumb":{"@id":"https:\/\/www.csj-emballages.com\/de\/produit\/50-bunte-kuchenkisten-mit-griff-10-x-12-x-7-cm-inspiration\/#breadcrumb"},"inLanguage":"de","potentialAction":[{"@type":"ReadAction","target":["https:\/\/www.csj-emballages.com\/de\/produit\/50-bunte-kuchenkisten-mit-griff-10-x-12-x-7-cm-inspiration\/"]}]},{"@type":"ImageObject","inLanguage":"de","@id":"https:\/\/www.csj-emballages.com\/de\/produit\/50-bunte-kuchenkisten-mit-griff-10-x-12-x-7-cm-inspiration\/#primaryimage","url":"https:\/\/www.csj-emballages.com\/wp-content\/uploads\/2024\/03\/boite-poignee-carton-imprimee-modele-inspiration-grossiste-csj-emballages-5-jpg-removebg-preview-e1727342416111.png","contentUrl":"https:\/\/www.csj-emballages.com\/wp-content\/uploads\/2024\/03\/boite-poignee-carton-imprimee-modele-inspiration-grossiste-csj-emballages-5-jpg-removebg-preview-e1727342416111.png","width":500,"height":500,"caption":"Caissettes p\u00e2tissi\u00e8res Inspiration"},{"@type":"BreadcrumbList","@id":"https:\/\/www.csj-emballages.com\/de\/produit\/50-bunte-kuchenkisten-mit-griff-10-x-12-x-7-cm-inspiration\/#breadcrumb","itemListElement":[{"@type":"ListItem","position":1,"name":"Accueil","item":"https:\/\/www.csj-emballages.com\/de\/universum-lebensmittelverpackungen\/"},{"@type":"ListItem","position":2,"name":"Shop","item":"https:\/\/www.csj-emballages.com\/shop\/"},{"@type":"ListItem","position":3,"name":"50 bunte Kuchenkisten mit Griff 10 x 12 x 7 cm Inspiration"}]},{"@type":"WebSite","@id":"https:\/\/www.csj-emballages.com\/de\/#website","url":"https:\/\/www.csj-emballages.com\/de\/","name":"CSJ Emballages","description":"","publisher":{"@id":"https:\/\/www.csj-emballages.com\/de\/#organization"},"potentialAction":[{"@type":"SearchAction","target":{"@type":"EntryPoint","urlTemplate":"https:\/\/www.csj-emballages.com\/de\/?s={search_term_string}"},"query-input":{"@type":"PropertyValueSpecification","valueRequired":true,"valueName":"search_term_string"}}],"inLanguage":"de"},{"@type":"Organization","@id":"https:\/\/www.csj-emballages.com\/de\/#Organization\/","name":"CSJ Emballages","url":"https:\/\/www.csj-emballages.com\/de\/","logo":{"@type":"ImageObject","inLanguage":"de","@id":"https:\/\/www.csj-emballages.com\/de\/#\/schema\/logo\/image\/","url":"https:\/\/www.csj-emballages.com\/wp-content\/uploads\/2023\/10\/logo_csj.webp","contentUrl":"https:\/\/www.csj-emballages.com\/wp-content\/uploads\/2023\/10\/logo_csj.webp","width":250,"height":95,"caption":"CSJ Emballages"},"image":{"@id":"https:\/\/www.csj-emballages.com\/de\/#\/schema\/logo\/image\/"},"sameAs":["https:\/\/www.facebook.com\/csjemballages"],"address":{"@type":"PostalAddress","streetAddress":"ZI La Lechere","addressLocality":"Patornay","postalCode":"39130","addressCountry":"FR"},"contactPoint":[{"@type":"ContactPoint","contactType":"Service client","telephone":"0384254272","email":"contact@csj-emballages.com"}]}]}},"df_price":11.78,"df_sale_price":11.78,"df_regular_price":14.74,"df_image_link":"https:\/\/www.csj-emballages.com\/wp-content\/uploads\/2024\/03\/boite-poignee-carton-imprimee-modele-inspiration-grossiste-csj-emballages-5-jpg-removebg-preview-300x300.png","tiered_pricing_type":"fixed","tiered_pricing_fixed_rules":[],"tiered_pricing_percentage_rules":[],"tiered_pricing_minimum":1,"tiered_pricing_roles_data":[],"_links":{"self":[{"href":"https:\/\/www.csj-emballages.com\/de\/wp-json\/wp\/v2\/product\/20382","targetHints":{"allow":["GET"]}}],"collection":[{"href":"https:\/\/www.csj-emballages.com\/de\/wp-json\/wp\/v2\/product"}],"about":[{"href":"https:\/\/www.csj-emballages.com\/de\/wp-json\/wp\/v2\/types\/product"}],"wp:featuredmedia":[{"embeddable":true,"href":"https:\/\/www.csj-emballages.com\/de\/wp-json\/wp\/v2\/media\/99282"}],"wp:attachment":[{"href":"https:\/\/www.csj-emballages.com\/de\/wp-json\/wp\/v2\/media?parent=20382"}],"wp:term":[{"taxonomy":"product_brand","embeddable":true,"href":"https:\/\/www.csj-emballages.com\/de\/wp-json\/wp\/v2\/product_brand?post=20382"},{"taxonomy":"product_cat","embeddable":true,"href":"https:\/\/www.csj-emballages.com\/de\/wp-json\/wp\/v2\/product_cat?post=20382"},{"taxonomy":"product_tag","embeddable":true,"href":"https:\/\/www.csj-emballages.com\/de\/wp-json\/wp\/v2\/product_tag?post=20382"}],"curies":[{"name":"wp","href":"https:\/\/api.w.org\/{rel}","templated":true}]}}