{"id":20371,"date":"2024-03-01T16:54:41","date_gmt":"2024-03-01T15:54:41","guid":{"rendered":"https:\/\/u15jnbdpoq.preview.infomaniak.website\/produit\/20-durchscheinende-deckel-fuer-einwegschalen-mit-2-faechern-675-415-ml\/"},"modified":"2026-04-03T02:15:01","modified_gmt":"2026-04-03T00:15:01","slug":"20-durchscheinende-deckel-fuer-einwegschalen-mit-2-faechern-675-415-ml","status":"publish","type":"product","link":"https:\/\/www.csj-emballages.com\/de\/produit\/20-durchscheinende-deckel-fuer-einwegschalen-mit-2-faechern-675-415-ml\/","title":{"rendered":"Plastikdeckel f\u00fcr Schale mit 2 F\u00e4chern 675 \/ 415 ml pro 20"},"content":{"rendered":"<div>\n<h2 style=\"font-family: Roboto, sans-serif;\">Plastikdeckel<\/h2>\n<hr>\n<h3 style=\"font-family: Roboto, sans-serif;\"><span style=\"font-weight: bold;\">Entdecken Sie unseren Kunststoffdeckel f\u00fcr Schale mit 2 F\u00e4chern 675 \/ 415 ml pro 20 St\u00fcck<\/span><\/h3>\n<p><!--more--><\/p>\n<p>Der <strong>Plastikdeckel<\/strong> f\u00fcr <strong>Mikrowellenschale mit 2 F\u00e4chern 675\/415 ml<\/strong> sorgt f\u00fcr einen dichten und praktischen Verschluss und ist f\u00fcr <strong>Mikrowellen<\/strong> geeignet. Er wurde entwickelt, um die Hitze und die Qualit\u00e4t der Speisen zu erhalten, und ist perfekt f\u00fcr den t\u00e4glichen Gebrauch in der K\u00fcche. Diese Packung mit <strong>20 Deckeln<\/strong> erm\u00f6glicht einen flexiblen Einsatz f\u00fcr Ihr Essen zum Mitnehmen oder Ihre Zubereitung in der Mikrowelle. Sein Design ist ideal f\u00fcr eine schnelle und einfache Nutzung, gleichzeitig ist es langlebig und funktional.<\/p>\n<p>&nbsp;<\/p>\n<\/div>\n<p><!--more--><\/p>\n<div>\n<p><strong>Ein Druckknopfverschluss, der absolut dicht und sicher ist.<\/strong><\/p>\n<p>&nbsp;<\/p>\n<p><!--more--><\/p>\n<p style=\"margin: 0pt; font-family: Roboto, sans-serif;\">Deckel f\u00fcr die Schale konzipiert <span style=\"color: #d12727;\"><a style=\"color: #d12727;\" href=\"https:\/\/www.csj-emballages.com\/es\/produit\/40-bandejas-cookipack-para-microondas-2-compartimentos-negras-675-415-ml-material-pp\/\">COOK1250N2C<\/a><\/span><\/p>\n<p>&nbsp;<\/p>\n<p><!--more--><\/p>\n<h4 style=\"margin: 0pt; font-family: Roboto, sans-serif;\">Ihre Vorteile :<\/h4>\n<ul>\n<li><strong>Mikrowellengeeignet<\/strong>: Erm\u00f6glicht das sichere Erhitzen von Lebensmitteln ohne Auslaufrisiko.<\/li>\n<li><strong>Praktisch<\/strong>: Einfach anzubringen und zu entfernen, passt perfekt in die 1250 ml 2-Kammern-Schalen.<\/li>\n<li><strong>Hermetisch<\/strong>: Sorgt f\u00fcr einen dichten Verschluss, der die Frische der Lebensmittel bewahrt und Spritzer verhindert.<\/li>\n<li><strong>Langlebig und widerstandsf\u00e4hig<\/strong>: Entworfen, um den hohen Temperaturen der Mikrowelle standzuhalten.<\/li>\n<\/ul>\n<p>&nbsp;<\/p>\n<p style=\"margin: 0pt; font-family: Roboto, sans-serif;\"><!--more--><\/p>\n<h4>Weitere Informationen :<\/h4>\n<ul>\n<li><strong>Verpackung<\/strong>: Packung mit 20 St\u00fcck<\/li>\n<li><strong>Abmessungen<\/strong>: 255 x 190 x 20 (L x B x H in mm)<\/li>\n<li><strong>Kompatibilit\u00e4t<\/strong>: COOK1250 2 F\u00e4cher<\/li>\n<li><strong>Material<\/strong>: PP (Polypropylen)<\/li>\n<li><strong>Betriebstemperatur: <\/strong>0\u00b0C \/ +100\u00b0C<\/li>\n<\/ul>\n<h2><\/h2>\n<p><!--more--><\/p>\n<p><a href=\"https:\/\/www.csj-emballages.com\/de\/categorie-produit\/lebensmittelverpackungen\/metzgerei-und-feinkostgeschaft\/schalen-dosen-und-glaser\/schalen-dosen-glaser-fur-lebensmittel\/cookipack-mikrowellenschalen\/\">Sehen Sie sich den Rest unseres Sortiments an Mikrowellenschalen an.<\/a><\/p>\n<\/div>\n","protected":false},"excerpt":{"rendered":"<p>Plastikdeckel Entdecken Sie unseren Kunststoffdeckel f\u00fcr Schale mit 2 F\u00e4chern 675 \/ 415 ml pro 20 St\u00fcck<\/p>\n","protected":false},"featured_media":215350,"template":"","meta":{"_acf_changed":false},"product_brand":[],"product_cat":[1170,1513,2335],"product_tag":[],"class_list":{"0":"post-20371","1":"product","2":"type-product","3":"status-publish","4":"has-post-thumbnail","6":"product_cat-metzgerei-und-feinkostgeschaft","7":"product_cat-schalen-dosen-glaser-fur-lebensmittel","8":"product_cat-cookipack-mikrowellenschalen","10":"first","11":"instock","12":"taxable","13":"shipping-taxable","14":"purchasable","15":"product-type-simple"},"acf":[],"yoast_head":"<!-- This site is optimized with the Yoast SEO Premium plugin v26.6 (Yoast SEO v26.6) - https:\/\/yoast.com\/wordpress\/plugins\/seo\/ -->\n<title>Plastikdeckel f\u00fcr Schale mit 2 F\u00e4chern - 1250 ml<\/title>\n<meta name=\"description\" content=\"Plastikdeckel f\u00fcr Mikrowellenschale mit 2 F\u00e4chern 1250 ml, praktisch und luftdicht. Sorgt f\u00fcr einen dichten Verschluss, damit du sicher heizen kannst.\" \/>\n<meta name=\"robots\" content=\"index, follow, max-snippet:-1, max-image-preview:large, max-video-preview:-1\" \/>\n<link rel=\"canonical\" href=\"https:\/\/www.csj-emballages.com\/de\/produit\/20-durchscheinende-deckel-fuer-einwegschalen-mit-2-faechern-675-415-ml\/\" \/>\n<meta property=\"og:locale\" content=\"de_DE\" \/>\n<meta property=\"og:type\" content=\"article\" \/>\n<meta property=\"og:title\" content=\"Plastikdeckel f\u00fcr Schale mit 2 F\u00e4chern 675 \/ 415 ml pro 20\" \/>\n<meta property=\"og:description\" content=\"Plastikdeckel f\u00fcr Mikrowellenschale mit 2 F\u00e4chern 1250 ml, praktisch und luftdicht. Sorgt f\u00fcr einen dichten Verschluss, damit du sicher heizen kannst.\" \/>\n<meta property=\"og:url\" content=\"https:\/\/www.csj-emballages.com\/de\/produit\/20-durchscheinende-deckel-fuer-einwegschalen-mit-2-faechern-675-415-ml\/\" \/>\n<meta property=\"og:site_name\" content=\"CSJ Emballages\" \/>\n<meta property=\"article:publisher\" content=\"https:\/\/www.facebook.com\/csjemballages\" \/>\n<meta property=\"article:modified_time\" content=\"2026-04-03T00:15:01+00:00\" \/>\n<meta property=\"og:image\" content=\"https:\/\/www.csj-emballages.com\/wp-content\/uploads\/2024\/03\/COVCOOK1250N2C.webp\" \/>\n\t<meta property=\"og:image:width\" content=\"801\" \/>\n\t<meta property=\"og:image:height\" content=\"801\" \/>\n\t<meta property=\"og:image:type\" content=\"image\/webp\" \/>\n<meta name=\"twitter:card\" content=\"summary_large_image\" \/>\n<meta name=\"twitter:label1\" content=\"Gesch\u00e4tzte Lesezeit\" \/>\n\t<meta name=\"twitter:data1\" content=\"1\u00a0Minute\" \/>\n<script type=\"application\/ld+json\" class=\"yoast-schema-graph\">{\"@context\":\"https:\/\/schema.org\",\"@graph\":[{\"@type\":\"WebPage\",\"@id\":\"https:\/\/www.csj-emballages.com\/de\/produit\/20-durchscheinende-deckel-fuer-einwegschalen-mit-2-faechern-675-415-ml\/\",\"url\":\"https:\/\/www.csj-emballages.com\/de\/produit\/20-durchscheinende-deckel-fuer-einwegschalen-mit-2-faechern-675-415-ml\/\",\"name\":\"Plastikdeckel f\u00fcr Schale mit 2 F\u00e4chern - 1250 ml\",\"isPartOf\":{\"@id\":\"https:\/\/www.csj-emballages.com\/de\/#website\"},\"primaryImageOfPage\":{\"@id\":\"https:\/\/www.csj-emballages.com\/de\/produit\/20-durchscheinende-deckel-fuer-einwegschalen-mit-2-faechern-675-415-ml\/#primaryimage\"},\"image\":{\"@id\":\"https:\/\/www.csj-emballages.com\/de\/produit\/20-durchscheinende-deckel-fuer-einwegschalen-mit-2-faechern-675-415-ml\/#primaryimage\"},\"thumbnailUrl\":\"https:\/\/www.csj-emballages.com\/wp-content\/uploads\/2024\/03\/COVCOOK1250N2C.webp\",\"datePublished\":\"2024-03-01T15:54:41+00:00\",\"dateModified\":\"2026-04-03T00:15:01+00:00\",\"description\":\"Plastikdeckel f\u00fcr Mikrowellenschale mit 2 F\u00e4chern 1250 ml, praktisch und luftdicht. Sorgt f\u00fcr einen dichten Verschluss, damit du sicher heizen kannst.\",\"breadcrumb\":{\"@id\":\"https:\/\/www.csj-emballages.com\/de\/produit\/20-durchscheinende-deckel-fuer-einwegschalen-mit-2-faechern-675-415-ml\/#breadcrumb\"},\"inLanguage\":\"de\",\"potentialAction\":[{\"@type\":\"ReadAction\",\"target\":[\"https:\/\/www.csj-emballages.com\/de\/produit\/20-durchscheinende-deckel-fuer-einwegschalen-mit-2-faechern-675-415-ml\/\"]}]},{\"@type\":\"ImageObject\",\"inLanguage\":\"de\",\"@id\":\"https:\/\/www.csj-emballages.com\/de\/produit\/20-durchscheinende-deckel-fuer-einwegschalen-mit-2-faechern-675-415-ml\/#primaryimage\",\"url\":\"https:\/\/www.csj-emballages.com\/wp-content\/uploads\/2024\/03\/COVCOOK1250N2C.webp\",\"contentUrl\":\"https:\/\/www.csj-emballages.com\/wp-content\/uploads\/2024\/03\/COVCOOK1250N2C.webp\",\"width\":801,\"height\":801,\"caption\":\"Couvercle plastique\"},{\"@type\":\"BreadcrumbList\",\"@id\":\"https:\/\/www.csj-emballages.com\/de\/produit\/20-durchscheinende-deckel-fuer-einwegschalen-mit-2-faechern-675-415-ml\/#breadcrumb\",\"itemListElement\":[{\"@type\":\"ListItem\",\"position\":1,\"name\":\"Accueil\",\"item\":\"https:\/\/www.csj-emballages.com\/de\/universum-lebensmittelverpackungen\/\"},{\"@type\":\"ListItem\",\"position\":2,\"name\":\"Shop\",\"item\":\"https:\/\/www.csj-emballages.com\/shop\/\"},{\"@type\":\"ListItem\",\"position\":3,\"name\":\"Plastikdeckel f\u00fcr Schale mit 2 F\u00e4chern 675 \/ 415 ml pro 20\"}]},{\"@type\":\"WebSite\",\"@id\":\"https:\/\/www.csj-emballages.com\/de\/#website\",\"url\":\"https:\/\/www.csj-emballages.com\/de\/\",\"name\":\"CSJ Emballages\",\"description\":\"\",\"publisher\":{\"@id\":\"https:\/\/www.csj-emballages.com\/de\/#organization\"},\"potentialAction\":[{\"@type\":\"SearchAction\",\"target\":{\"@type\":\"EntryPoint\",\"urlTemplate\":\"https:\/\/www.csj-emballages.com\/de\/?s={search_term_string}\"},\"query-input\":{\"@type\":\"PropertyValueSpecification\",\"valueRequired\":true,\"valueName\":\"search_term_string\"}}],\"inLanguage\":\"de\"},{\"@type\":\"Organization\",\"@id\":\"https:\/\/www.csj-emballages.com\/de\/#Organization\/\",\"name\":\"CSJ Emballages\",\"url\":\"https:\/\/www.csj-emballages.com\/de\/\",\"logo\":{\"@type\":\"ImageObject\",\"inLanguage\":\"de\",\"@id\":\"https:\/\/www.csj-emballages.com\/de\/#\/schema\/logo\/image\/\",\"url\":\"https:\/\/www.csj-emballages.com\/wp-content\/uploads\/2023\/10\/logo_csj.webp\",\"contentUrl\":\"https:\/\/www.csj-emballages.com\/wp-content\/uploads\/2023\/10\/logo_csj.webp\",\"width\":250,\"height\":95,\"caption\":\"CSJ Emballages\"},\"image\":{\"@id\":\"https:\/\/www.csj-emballages.com\/de\/#\/schema\/logo\/image\/\"},\"sameAs\":[\"https:\/\/www.facebook.com\/csjemballages\"],\"address\":{\"@type\":\"PostalAddress\",\"streetAddress\":\"ZI La Lechere\",\"addressLocality\":\"Patornay\",\"postalCode\":\"39130\",\"addressCountry\":\"FR\"},\"contactPoint\":[{\"@type\":\"ContactPoint\",\"contactType\":\"Service client\",\"telephone\":\"0384254272\",\"email\":\"contact@csj-emballages.com\"}]}]}<\/script>\n<!-- \/ Yoast SEO Premium plugin. -->","yoast_head_json":{"title":"Plastikdeckel f\u00fcr Schale mit 2 F\u00e4chern - 1250 ml","description":"Plastikdeckel f\u00fcr Mikrowellenschale mit 2 F\u00e4chern 1250 ml, praktisch und luftdicht. Sorgt f\u00fcr einen dichten Verschluss, damit du sicher heizen kannst.","robots":{"index":"index","follow":"follow","max-snippet":"max-snippet:-1","max-image-preview":"max-image-preview:large","max-video-preview":"max-video-preview:-1"},"canonical":"https:\/\/www.csj-emballages.com\/de\/produit\/20-durchscheinende-deckel-fuer-einwegschalen-mit-2-faechern-675-415-ml\/","og_locale":"de_DE","og_type":"article","og_title":"Plastikdeckel f\u00fcr Schale mit 2 F\u00e4chern 675 \/ 415 ml pro 20","og_description":"Plastikdeckel f\u00fcr Mikrowellenschale mit 2 F\u00e4chern 1250 ml, praktisch und luftdicht. Sorgt f\u00fcr einen dichten Verschluss, damit du sicher heizen kannst.","og_url":"https:\/\/www.csj-emballages.com\/de\/produit\/20-durchscheinende-deckel-fuer-einwegschalen-mit-2-faechern-675-415-ml\/","og_site_name":"CSJ Emballages","article_publisher":"https:\/\/www.facebook.com\/csjemballages","article_modified_time":"2026-04-03T00:15:01+00:00","og_image":[{"width":801,"height":801,"url":"https:\/\/www.csj-emballages.com\/wp-content\/uploads\/2024\/03\/COVCOOK1250N2C.webp","type":"image\/webp"}],"twitter_card":"summary_large_image","twitter_misc":{"Gesch\u00e4tzte Lesezeit":"1\u00a0Minute"},"schema":{"@context":"https:\/\/schema.org","@graph":[{"@type":"WebPage","@id":"https:\/\/www.csj-emballages.com\/de\/produit\/20-durchscheinende-deckel-fuer-einwegschalen-mit-2-faechern-675-415-ml\/","url":"https:\/\/www.csj-emballages.com\/de\/produit\/20-durchscheinende-deckel-fuer-einwegschalen-mit-2-faechern-675-415-ml\/","name":"Plastikdeckel f\u00fcr Schale mit 2 F\u00e4chern - 1250 ml","isPartOf":{"@id":"https:\/\/www.csj-emballages.com\/de\/#website"},"primaryImageOfPage":{"@id":"https:\/\/www.csj-emballages.com\/de\/produit\/20-durchscheinende-deckel-fuer-einwegschalen-mit-2-faechern-675-415-ml\/#primaryimage"},"image":{"@id":"https:\/\/www.csj-emballages.com\/de\/produit\/20-durchscheinende-deckel-fuer-einwegschalen-mit-2-faechern-675-415-ml\/#primaryimage"},"thumbnailUrl":"https:\/\/www.csj-emballages.com\/wp-content\/uploads\/2024\/03\/COVCOOK1250N2C.webp","datePublished":"2024-03-01T15:54:41+00:00","dateModified":"2026-04-03T00:15:01+00:00","description":"Plastikdeckel f\u00fcr Mikrowellenschale mit 2 F\u00e4chern 1250 ml, praktisch und luftdicht. Sorgt f\u00fcr einen dichten Verschluss, damit du sicher heizen kannst.","breadcrumb":{"@id":"https:\/\/www.csj-emballages.com\/de\/produit\/20-durchscheinende-deckel-fuer-einwegschalen-mit-2-faechern-675-415-ml\/#breadcrumb"},"inLanguage":"de","potentialAction":[{"@type":"ReadAction","target":["https:\/\/www.csj-emballages.com\/de\/produit\/20-durchscheinende-deckel-fuer-einwegschalen-mit-2-faechern-675-415-ml\/"]}]},{"@type":"ImageObject","inLanguage":"de","@id":"https:\/\/www.csj-emballages.com\/de\/produit\/20-durchscheinende-deckel-fuer-einwegschalen-mit-2-faechern-675-415-ml\/#primaryimage","url":"https:\/\/www.csj-emballages.com\/wp-content\/uploads\/2024\/03\/COVCOOK1250N2C.webp","contentUrl":"https:\/\/www.csj-emballages.com\/wp-content\/uploads\/2024\/03\/COVCOOK1250N2C.webp","width":801,"height":801,"caption":"Couvercle plastique"},{"@type":"BreadcrumbList","@id":"https:\/\/www.csj-emballages.com\/de\/produit\/20-durchscheinende-deckel-fuer-einwegschalen-mit-2-faechern-675-415-ml\/#breadcrumb","itemListElement":[{"@type":"ListItem","position":1,"name":"Accueil","item":"https:\/\/www.csj-emballages.com\/de\/universum-lebensmittelverpackungen\/"},{"@type":"ListItem","position":2,"name":"Shop","item":"https:\/\/www.csj-emballages.com\/shop\/"},{"@type":"ListItem","position":3,"name":"Plastikdeckel f\u00fcr Schale mit 2 F\u00e4chern 675 \/ 415 ml pro 20"}]},{"@type":"WebSite","@id":"https:\/\/www.csj-emballages.com\/de\/#website","url":"https:\/\/www.csj-emballages.com\/de\/","name":"CSJ Emballages","description":"","publisher":{"@id":"https:\/\/www.csj-emballages.com\/de\/#organization"},"potentialAction":[{"@type":"SearchAction","target":{"@type":"EntryPoint","urlTemplate":"https:\/\/www.csj-emballages.com\/de\/?s={search_term_string}"},"query-input":{"@type":"PropertyValueSpecification","valueRequired":true,"valueName":"search_term_string"}}],"inLanguage":"de"},{"@type":"Organization","@id":"https:\/\/www.csj-emballages.com\/de\/#Organization\/","name":"CSJ Emballages","url":"https:\/\/www.csj-emballages.com\/de\/","logo":{"@type":"ImageObject","inLanguage":"de","@id":"https:\/\/www.csj-emballages.com\/de\/#\/schema\/logo\/image\/","url":"https:\/\/www.csj-emballages.com\/wp-content\/uploads\/2023\/10\/logo_csj.webp","contentUrl":"https:\/\/www.csj-emballages.com\/wp-content\/uploads\/2023\/10\/logo_csj.webp","width":250,"height":95,"caption":"CSJ Emballages"},"image":{"@id":"https:\/\/www.csj-emballages.com\/de\/#\/schema\/logo\/image\/"},"sameAs":["https:\/\/www.facebook.com\/csjemballages"],"address":{"@type":"PostalAddress","streetAddress":"ZI La Lechere","addressLocality":"Patornay","postalCode":"39130","addressCountry":"FR"},"contactPoint":[{"@type":"ContactPoint","contactType":"Service client","telephone":"0384254272","email":"contact@csj-emballages.com"}]}]}},"df_price":4.44,"df_sale_price":"","df_regular_price":4.44,"df_image_link":"https:\/\/www.csj-emballages.com\/wp-content\/uploads\/2024\/03\/COVCOOK1250N2C-300x300.webp","tiered_pricing_type":"fixed","tiered_pricing_fixed_rules":[],"tiered_pricing_percentage_rules":[],"tiered_pricing_minimum":1,"tiered_pricing_roles_data":[],"_links":{"self":[{"href":"https:\/\/www.csj-emballages.com\/de\/wp-json\/wp\/v2\/product\/20371","targetHints":{"allow":["GET"]}}],"collection":[{"href":"https:\/\/www.csj-emballages.com\/de\/wp-json\/wp\/v2\/product"}],"about":[{"href":"https:\/\/www.csj-emballages.com\/de\/wp-json\/wp\/v2\/types\/product"}],"wp:featuredmedia":[{"embeddable":true,"href":"https:\/\/www.csj-emballages.com\/de\/wp-json\/wp\/v2\/media\/215350"}],"wp:attachment":[{"href":"https:\/\/www.csj-emballages.com\/de\/wp-json\/wp\/v2\/media?parent=20371"}],"wp:term":[{"taxonomy":"product_brand","embeddable":true,"href":"https:\/\/www.csj-emballages.com\/de\/wp-json\/wp\/v2\/product_brand?post=20371"},{"taxonomy":"product_cat","embeddable":true,"href":"https:\/\/www.csj-emballages.com\/de\/wp-json\/wp\/v2\/product_cat?post=20371"},{"taxonomy":"product_tag","embeddable":true,"href":"https:\/\/www.csj-emballages.com\/de\/wp-json\/wp\/v2\/product_tag?post=20371"}],"curies":[{"name":"wp","href":"https:\/\/api.w.org\/{rel}","templated":true}]}}