{"id":20361,"date":"2024-03-01T16:54:41","date_gmt":"2024-03-01T15:54:41","guid":{"rendered":"https:\/\/u15jnbdpoq.preview.infomaniak.website\/produit\/20-durchscheinende-deckel-fuer-mikrowellen-einwegschalen-400-600-ml\/"},"modified":"2026-04-14T02:15:10","modified_gmt":"2026-04-14T00:15:10","slug":"20-durchscheinende-deckel-fuer-mikrowellen-einwegschalen-400-600-ml","status":"publish","type":"product","link":"https:\/\/www.csj-emballages.com\/de\/produit\/20-durchscheinende-deckel-fuer-mikrowellen-einwegschalen-400-600-ml\/","title":{"rendered":"Plastikdeckel f\u00fcr Mikrowellenschale 400 \/ 600 ml pro 20"},"content":{"rendered":"<div>\n<h2 style=\"font-family: Roboto, sans-serif;\">Plastikdeckel<\/h2>\n<hr>\n<h3 style=\"font-family: Roboto, sans-serif;\"><span style=\"font-weight: bold;\">Entdecken Sie unseren Plastikdeckel f\u00fcr Mikrowellenschalen 400 \/ 600 ml pro 20 St\u00fcck<\/span><\/h3>\n<p><!--more--><\/p>\n<p>Der <strong>Kunststoffdeckel<\/strong> f\u00fcr <strong>Mikrowellenschale 400\/600 ml<\/strong> sorgt f\u00fcr einen dichten und praktischen Verschluss, geeignet f\u00fcr <strong>Mikrowellen<\/strong>. Er wurde entwickelt, um die Hitze und die Qualit\u00e4t der Speisen zu erhalten, und ist perfekt f\u00fcr den t\u00e4glichen Gebrauch in der K\u00fcche. Diese Packung mit <strong>20 Deckeln<\/strong> erm\u00f6glicht einen flexiblen Einsatz f\u00fcr Ihr Essen zum Mitnehmen oder Ihre Zubereitung in der Mikrowelle. Sein Design ist ideal f\u00fcr eine schnelle und einfache Nutzung, gleichzeitig ist es langlebig und funktional.<\/p>\n<p>&nbsp;<\/p>\n<\/div>\n<p><!--more--><\/p>\n<div>\n<p><strong>Ein Druckknopfverschluss, der absolut dicht und sicher ist.<\/strong><\/p>\n<p>&nbsp;<\/p>\n<p><!--more--><\/p>\n<p style=\"margin: 0pt; font-family: Roboto, sans-serif;\">Deckel f\u00fcr Schalen konzipiert <span style=\"color: #d12727;\"><a style=\"color: #d12727;\" href=\"https:\/\/www.csj-emballages.com\/produit\/20-couvercles-translucides-pour-barquettes-400-600-ml\/\">COOK400N<\/a><\/span> und <span style=\"color: #d12727;\"><a style=\"color: #d12727;\" href=\"https:\/\/www.csj-emballages.com\/produit\/20-couvercles-translucides-pour-barquettes-400-600-ml\/\">COOK600N<\/a><\/span><\/p>\n<p>&nbsp;<\/p>\n<p><!--more--><\/p>\n<h4 style=\"margin: 0pt; font-family: Roboto, sans-serif;\">Vorteile :<\/h4>\n<ul>\n<li>Erm\u00f6glicht das sichere Erhitzen von Speisen ohne Auslaufgefahr.<\/li>\n<li>Einfach aufzusetzen und abzunehmen, passt er perfekt auf Schalen mit 400\/600 ml.<\/li>\n<li>Sorgt f\u00fcr einen dichten Verschluss, h\u00e4lt Speisen frisch und verhindert Spritzer.<\/li>\n<li>Ausgelegt f\u00fcr hohe Temperaturen in der Mikrowelle.<\/li>\n<\/ul>\n<p>&nbsp;<\/p>\n<p style=\"margin: 0pt; font-family: Roboto, sans-serif;\"><!--more--><\/p>\n<h4>Weitere Informationen :<\/h4>\n<ul>\n<li><strong>Verpackung<\/strong>: Packung mit 20 St\u00fcck<\/li>\n<li><strong>Abmessungen<\/strong>: 190 x 140 x 20 (L x B x H in mm)<\/li>\n<li><strong>Kompatibilit\u00e4t<\/strong>: COOK400N \/ COOK600N<\/li>\n<li><strong>Material<\/strong>: PP (Polypropylen)<\/li>\n<li><strong>Betriebstemperatur: <\/strong>0\u00b0C \/ +100\u00b0C<\/li>\n<\/ul>\n<h2><\/h2>\n<p><!--more--><\/p>\n<p><a href=\"https:\/\/www.csj-emballages.com\/de\/categorie-produit\/lebensmittelverpackungen\/metzgerei-und-feinkostgeschaft\/schalen-dosen-und-glaser\/schalen-dosen-glaser-fur-lebensmittel\/cookipack-mikrowellenschalen\/\">Sehen Sie sich den Rest unseres Sortiments an Mikrowellenschalen an.<\/a><\/p>\n<\/div>\n","protected":false},"excerpt":{"rendered":"<p>Plastikdeckel Entdecken Sie unseren Plastikdeckel f\u00fcr Mikrowellenschalen 400 \/ 600 ml pro 20 St\u00fcck<\/p>\n","protected":false},"featured_media":214723,"template":"","meta":{"_acf_changed":false},"product_brand":[],"product_cat":[1170,1513,2335],"product_tag":[],"class_list":{"0":"post-20361","1":"product","2":"type-product","3":"status-publish","4":"has-post-thumbnail","6":"product_cat-metzgerei-und-feinkostgeschaft","7":"product_cat-schalen-dosen-glaser-fur-lebensmittel","8":"product_cat-cookipack-mikrowellenschalen","10":"first","11":"instock","12":"taxable","13":"shipping-taxable","14":"purchasable","15":"product-type-simple"},"acf":[],"yoast_head":"<!-- This site is optimized with the Yoast SEO Premium plugin v26.6 (Yoast SEO v26.6) - https:\/\/yoast.com\/wordpress\/plugins\/seo\/ -->\n<title>Plastikdeckel f\u00fcr Mikrowellenschalen - 400 \/ 600 ml<\/title>\n<meta name=\"description\" content=\"Kunststoffdeckel f\u00fcr Mikrowellenschale 400\/600 ml, praktisch und dicht schlie\u00dfend. Sorgt f\u00fcr einen wasserdichten Verschluss, damit du sicher heizen kannst. 20er-Pack.\" \/>\n<meta name=\"robots\" content=\"index, follow, max-snippet:-1, max-image-preview:large, max-video-preview:-1\" \/>\n<link rel=\"canonical\" href=\"https:\/\/www.csj-emballages.com\/de\/produit\/20-durchscheinende-deckel-fuer-mikrowellen-einwegschalen-400-600-ml\/\" \/>\n<meta property=\"og:locale\" content=\"de_DE\" \/>\n<meta property=\"og:type\" content=\"article\" \/>\n<meta property=\"og:title\" content=\"Plastikdeckel f\u00fcr Mikrowellenschale 400 \/ 600 ml pro 20\" \/>\n<meta property=\"og:description\" content=\"Kunststoffdeckel f\u00fcr Mikrowellenschale 400\/600 ml, praktisch und dicht schlie\u00dfend. Sorgt f\u00fcr einen wasserdichten Verschluss, damit du sicher heizen kannst. 20er-Pack.\" \/>\n<meta property=\"og:url\" content=\"https:\/\/www.csj-emballages.com\/de\/produit\/20-durchscheinende-deckel-fuer-mikrowellen-einwegschalen-400-600-ml\/\" \/>\n<meta property=\"og:site_name\" content=\"CSJ Emballages\" \/>\n<meta property=\"article:publisher\" content=\"https:\/\/www.facebook.com\/csjemballages\" \/>\n<meta property=\"article:modified_time\" content=\"2026-04-14T00:15:10+00:00\" \/>\n<meta property=\"og:image\" content=\"https:\/\/www.csj-emballages.com\/wp-content\/uploads\/2024\/03\/COVCOOK.webp\" \/>\n\t<meta property=\"og:image:width\" content=\"800\" \/>\n\t<meta property=\"og:image:height\" content=\"800\" \/>\n\t<meta property=\"og:image:type\" content=\"image\/webp\" \/>\n<meta name=\"twitter:card\" content=\"summary_large_image\" \/>\n<meta name=\"twitter:label1\" content=\"Gesch\u00e4tzte Lesezeit\" \/>\n\t<meta name=\"twitter:data1\" content=\"1\u00a0Minute\" \/>\n<script type=\"application\/ld+json\" class=\"yoast-schema-graph\">{\"@context\":\"https:\/\/schema.org\",\"@graph\":[{\"@type\":\"WebPage\",\"@id\":\"https:\/\/www.csj-emballages.com\/de\/produit\/20-durchscheinende-deckel-fuer-mikrowellen-einwegschalen-400-600-ml\/\",\"url\":\"https:\/\/www.csj-emballages.com\/de\/produit\/20-durchscheinende-deckel-fuer-mikrowellen-einwegschalen-400-600-ml\/\",\"name\":\"Plastikdeckel f\u00fcr Mikrowellenschalen - 400 \/ 600 ml\",\"isPartOf\":{\"@id\":\"https:\/\/www.csj-emballages.com\/de\/#website\"},\"primaryImageOfPage\":{\"@id\":\"https:\/\/www.csj-emballages.com\/de\/produit\/20-durchscheinende-deckel-fuer-mikrowellen-einwegschalen-400-600-ml\/#primaryimage\"},\"image\":{\"@id\":\"https:\/\/www.csj-emballages.com\/de\/produit\/20-durchscheinende-deckel-fuer-mikrowellen-einwegschalen-400-600-ml\/#primaryimage\"},\"thumbnailUrl\":\"https:\/\/www.csj-emballages.com\/wp-content\/uploads\/2024\/03\/COVCOOK.webp\",\"datePublished\":\"2024-03-01T15:54:41+00:00\",\"dateModified\":\"2026-04-14T00:15:10+00:00\",\"description\":\"Kunststoffdeckel f\u00fcr Mikrowellenschale 400\/600 ml, praktisch und dicht schlie\u00dfend. Sorgt f\u00fcr einen wasserdichten Verschluss, damit du sicher heizen kannst. 20er-Pack.\",\"breadcrumb\":{\"@id\":\"https:\/\/www.csj-emballages.com\/de\/produit\/20-durchscheinende-deckel-fuer-mikrowellen-einwegschalen-400-600-ml\/#breadcrumb\"},\"inLanguage\":\"de\",\"potentialAction\":[{\"@type\":\"ReadAction\",\"target\":[\"https:\/\/www.csj-emballages.com\/de\/produit\/20-durchscheinende-deckel-fuer-mikrowellen-einwegschalen-400-600-ml\/\"]}]},{\"@type\":\"ImageObject\",\"inLanguage\":\"de\",\"@id\":\"https:\/\/www.csj-emballages.com\/de\/produit\/20-durchscheinende-deckel-fuer-mikrowellen-einwegschalen-400-600-ml\/#primaryimage\",\"url\":\"https:\/\/www.csj-emballages.com\/wp-content\/uploads\/2024\/03\/COVCOOK.webp\",\"contentUrl\":\"https:\/\/www.csj-emballages.com\/wp-content\/uploads\/2024\/03\/COVCOOK.webp\",\"width\":800,\"height\":800,\"caption\":\"Couvercle plastique\"},{\"@type\":\"BreadcrumbList\",\"@id\":\"https:\/\/www.csj-emballages.com\/de\/produit\/20-durchscheinende-deckel-fuer-mikrowellen-einwegschalen-400-600-ml\/#breadcrumb\",\"itemListElement\":[{\"@type\":\"ListItem\",\"position\":1,\"name\":\"Accueil\",\"item\":\"https:\/\/www.csj-emballages.com\/de\/universum-lebensmittelverpackungen\/\"},{\"@type\":\"ListItem\",\"position\":2,\"name\":\"Shop\",\"item\":\"https:\/\/www.csj-emballages.com\/shop\/\"},{\"@type\":\"ListItem\",\"position\":3,\"name\":\"Plastikdeckel f\u00fcr Mikrowellenschale 400 \/ 600 ml pro 20\"}]},{\"@type\":\"WebSite\",\"@id\":\"https:\/\/www.csj-emballages.com\/de\/#website\",\"url\":\"https:\/\/www.csj-emballages.com\/de\/\",\"name\":\"CSJ Emballages\",\"description\":\"\",\"publisher\":{\"@id\":\"https:\/\/www.csj-emballages.com\/de\/#organization\"},\"potentialAction\":[{\"@type\":\"SearchAction\",\"target\":{\"@type\":\"EntryPoint\",\"urlTemplate\":\"https:\/\/www.csj-emballages.com\/de\/?s={search_term_string}\"},\"query-input\":{\"@type\":\"PropertyValueSpecification\",\"valueRequired\":true,\"valueName\":\"search_term_string\"}}],\"inLanguage\":\"de\"},{\"@type\":\"Organization\",\"@id\":\"https:\/\/www.csj-emballages.com\/de\/#Organization\/\",\"name\":\"CSJ Emballages\",\"url\":\"https:\/\/www.csj-emballages.com\/de\/\",\"logo\":{\"@type\":\"ImageObject\",\"inLanguage\":\"de\",\"@id\":\"https:\/\/www.csj-emballages.com\/de\/#\/schema\/logo\/image\/\",\"url\":\"https:\/\/www.csj-emballages.com\/wp-content\/uploads\/2023\/10\/logo_csj.webp\",\"contentUrl\":\"https:\/\/www.csj-emballages.com\/wp-content\/uploads\/2023\/10\/logo_csj.webp\",\"width\":250,\"height\":95,\"caption\":\"CSJ Emballages\"},\"image\":{\"@id\":\"https:\/\/www.csj-emballages.com\/de\/#\/schema\/logo\/image\/\"},\"sameAs\":[\"https:\/\/www.facebook.com\/csjemballages\"],\"address\":{\"@type\":\"PostalAddress\",\"streetAddress\":\"ZI La Lechere\",\"addressLocality\":\"Patornay\",\"postalCode\":\"39130\",\"addressCountry\":\"FR\"},\"contactPoint\":[{\"@type\":\"ContactPoint\",\"contactType\":\"Service client\",\"telephone\":\"0384254272\",\"email\":\"contact@csj-emballages.com\"}]}]}<\/script>\n<!-- \/ Yoast SEO Premium plugin. -->","yoast_head_json":{"title":"Plastikdeckel f\u00fcr Mikrowellenschalen - 400 \/ 600 ml","description":"Kunststoffdeckel f\u00fcr Mikrowellenschale 400\/600 ml, praktisch und dicht schlie\u00dfend. Sorgt f\u00fcr einen wasserdichten Verschluss, damit du sicher heizen kannst. 20er-Pack.","robots":{"index":"index","follow":"follow","max-snippet":"max-snippet:-1","max-image-preview":"max-image-preview:large","max-video-preview":"max-video-preview:-1"},"canonical":"https:\/\/www.csj-emballages.com\/de\/produit\/20-durchscheinende-deckel-fuer-mikrowellen-einwegschalen-400-600-ml\/","og_locale":"de_DE","og_type":"article","og_title":"Plastikdeckel f\u00fcr Mikrowellenschale 400 \/ 600 ml pro 20","og_description":"Kunststoffdeckel f\u00fcr Mikrowellenschale 400\/600 ml, praktisch und dicht schlie\u00dfend. Sorgt f\u00fcr einen wasserdichten Verschluss, damit du sicher heizen kannst. 20er-Pack.","og_url":"https:\/\/www.csj-emballages.com\/de\/produit\/20-durchscheinende-deckel-fuer-mikrowellen-einwegschalen-400-600-ml\/","og_site_name":"CSJ Emballages","article_publisher":"https:\/\/www.facebook.com\/csjemballages","article_modified_time":"2026-04-14T00:15:10+00:00","og_image":[{"width":800,"height":800,"url":"https:\/\/www.csj-emballages.com\/wp-content\/uploads\/2024\/03\/COVCOOK.webp","type":"image\/webp"}],"twitter_card":"summary_large_image","twitter_misc":{"Gesch\u00e4tzte Lesezeit":"1\u00a0Minute"},"schema":{"@context":"https:\/\/schema.org","@graph":[{"@type":"WebPage","@id":"https:\/\/www.csj-emballages.com\/de\/produit\/20-durchscheinende-deckel-fuer-mikrowellen-einwegschalen-400-600-ml\/","url":"https:\/\/www.csj-emballages.com\/de\/produit\/20-durchscheinende-deckel-fuer-mikrowellen-einwegschalen-400-600-ml\/","name":"Plastikdeckel f\u00fcr Mikrowellenschalen - 400 \/ 600 ml","isPartOf":{"@id":"https:\/\/www.csj-emballages.com\/de\/#website"},"primaryImageOfPage":{"@id":"https:\/\/www.csj-emballages.com\/de\/produit\/20-durchscheinende-deckel-fuer-mikrowellen-einwegschalen-400-600-ml\/#primaryimage"},"image":{"@id":"https:\/\/www.csj-emballages.com\/de\/produit\/20-durchscheinende-deckel-fuer-mikrowellen-einwegschalen-400-600-ml\/#primaryimage"},"thumbnailUrl":"https:\/\/www.csj-emballages.com\/wp-content\/uploads\/2024\/03\/COVCOOK.webp","datePublished":"2024-03-01T15:54:41+00:00","dateModified":"2026-04-14T00:15:10+00:00","description":"Kunststoffdeckel f\u00fcr Mikrowellenschale 400\/600 ml, praktisch und dicht schlie\u00dfend. Sorgt f\u00fcr einen wasserdichten Verschluss, damit du sicher heizen kannst. 20er-Pack.","breadcrumb":{"@id":"https:\/\/www.csj-emballages.com\/de\/produit\/20-durchscheinende-deckel-fuer-mikrowellen-einwegschalen-400-600-ml\/#breadcrumb"},"inLanguage":"de","potentialAction":[{"@type":"ReadAction","target":["https:\/\/www.csj-emballages.com\/de\/produit\/20-durchscheinende-deckel-fuer-mikrowellen-einwegschalen-400-600-ml\/"]}]},{"@type":"ImageObject","inLanguage":"de","@id":"https:\/\/www.csj-emballages.com\/de\/produit\/20-durchscheinende-deckel-fuer-mikrowellen-einwegschalen-400-600-ml\/#primaryimage","url":"https:\/\/www.csj-emballages.com\/wp-content\/uploads\/2024\/03\/COVCOOK.webp","contentUrl":"https:\/\/www.csj-emballages.com\/wp-content\/uploads\/2024\/03\/COVCOOK.webp","width":800,"height":800,"caption":"Couvercle plastique"},{"@type":"BreadcrumbList","@id":"https:\/\/www.csj-emballages.com\/de\/produit\/20-durchscheinende-deckel-fuer-mikrowellen-einwegschalen-400-600-ml\/#breadcrumb","itemListElement":[{"@type":"ListItem","position":1,"name":"Accueil","item":"https:\/\/www.csj-emballages.com\/de\/universum-lebensmittelverpackungen\/"},{"@type":"ListItem","position":2,"name":"Shop","item":"https:\/\/www.csj-emballages.com\/shop\/"},{"@type":"ListItem","position":3,"name":"Plastikdeckel f\u00fcr Mikrowellenschale 400 \/ 600 ml pro 20"}]},{"@type":"WebSite","@id":"https:\/\/www.csj-emballages.com\/de\/#website","url":"https:\/\/www.csj-emballages.com\/de\/","name":"CSJ Emballages","description":"","publisher":{"@id":"https:\/\/www.csj-emballages.com\/de\/#organization"},"potentialAction":[{"@type":"SearchAction","target":{"@type":"EntryPoint","urlTemplate":"https:\/\/www.csj-emballages.com\/de\/?s={search_term_string}"},"query-input":{"@type":"PropertyValueSpecification","valueRequired":true,"valueName":"search_term_string"}}],"inLanguage":"de"},{"@type":"Organization","@id":"https:\/\/www.csj-emballages.com\/de\/#Organization\/","name":"CSJ Emballages","url":"https:\/\/www.csj-emballages.com\/de\/","logo":{"@type":"ImageObject","inLanguage":"de","@id":"https:\/\/www.csj-emballages.com\/de\/#\/schema\/logo\/image\/","url":"https:\/\/www.csj-emballages.com\/wp-content\/uploads\/2023\/10\/logo_csj.webp","contentUrl":"https:\/\/www.csj-emballages.com\/wp-content\/uploads\/2023\/10\/logo_csj.webp","width":250,"height":95,"caption":"CSJ Emballages"},"image":{"@id":"https:\/\/www.csj-emballages.com\/de\/#\/schema\/logo\/image\/"},"sameAs":["https:\/\/www.facebook.com\/csjemballages"],"address":{"@type":"PostalAddress","streetAddress":"ZI La Lechere","addressLocality":"Patornay","postalCode":"39130","addressCountry":"FR"},"contactPoint":[{"@type":"ContactPoint","contactType":"Service client","telephone":"0384254272","email":"contact@csj-emballages.com"}]}]}},"df_price":2.33,"df_sale_price":"","df_regular_price":2.33,"df_image_link":"https:\/\/www.csj-emballages.com\/wp-content\/uploads\/2024\/03\/COVCOOK-300x300.webp","tiered_pricing_type":"fixed","tiered_pricing_fixed_rules":[],"tiered_pricing_percentage_rules":[],"tiered_pricing_minimum":1,"tiered_pricing_roles_data":[],"_links":{"self":[{"href":"https:\/\/www.csj-emballages.com\/de\/wp-json\/wp\/v2\/product\/20361","targetHints":{"allow":["GET"]}}],"collection":[{"href":"https:\/\/www.csj-emballages.com\/de\/wp-json\/wp\/v2\/product"}],"about":[{"href":"https:\/\/www.csj-emballages.com\/de\/wp-json\/wp\/v2\/types\/product"}],"wp:featuredmedia":[{"embeddable":true,"href":"https:\/\/www.csj-emballages.com\/de\/wp-json\/wp\/v2\/media\/214723"}],"wp:attachment":[{"href":"https:\/\/www.csj-emballages.com\/de\/wp-json\/wp\/v2\/media?parent=20361"}],"wp:term":[{"taxonomy":"product_brand","embeddable":true,"href":"https:\/\/www.csj-emballages.com\/de\/wp-json\/wp\/v2\/product_brand?post=20361"},{"taxonomy":"product_cat","embeddable":true,"href":"https:\/\/www.csj-emballages.com\/de\/wp-json\/wp\/v2\/product_cat?post=20361"},{"taxonomy":"product_tag","embeddable":true,"href":"https:\/\/www.csj-emballages.com\/de\/wp-json\/wp\/v2\/product_tag?post=20361"}],"curies":[{"name":"wp","href":"https:\/\/api.w.org\/{rel}","templated":true}]}}