{"id":20352,"date":"2024-03-01T16:54:44","date_gmt":"2024-03-01T15:54:44","guid":{"rendered":"https:\/\/u15jnbdpoq.preview.infomaniak.website\/produit\/25-deckel-fuer-kraft-suppentoepfe-237-360-ml\/"},"modified":"2026-04-14T02:14:57","modified_gmt":"2026-04-14T00:14:57","slug":"25-deckel-fuer-kraft-suppentoepfe-237-360-ml","status":"publish","type":"product","link":"https:\/\/www.csj-emballages.com\/de\/produit\/25-deckel-fuer-kraft-suppentoepfe-237-360-ml\/","title":{"rendered":"Deckel aus Karton f\u00fcr Suppentopf 237 \/ 360 ml pro 25"},"content":{"rendered":"<h2>Pappdeckel<\/h2>\n<hr>\n<h3>Entdecken Sie unsere Pappdeckel f\u00fcr Suppent\u00f6pfe 237 \/ 360 ml pro 25<\/h3>\n<p><!--more--><\/p>\n<p>Der <strong>Pappdeckel<\/strong> f\u00fcr <strong>Suppent\u00f6pfe<\/strong> ist eine ideale L\u00f6sung f\u00fcr die Aufbewahrung Ihrer Lebensmittelzubereitungen. Er wurde passend f\u00fcr <strong>Suppent\u00f6pfe<\/strong> mit einem Fassungsverm\u00f6gen <strong>von 237 bis 360 ml<\/strong> entworfen und bietet einen praktischen und sicheren Verschluss. Dieses Produkt eignet sich perfekt f\u00fcr den professionellen oder privaten Gebrauch. Er sorgt daf\u00fcr, dass Ihre Suppen, So\u00dfen oder andere Zubereitungen frisch und temperaturbest\u00e4ndig bleiben.   <\/p>\n<p>Dieser <strong>Suppentopfdeckel<\/strong> zeichnet sich durch seine einfache Handhabung aus. Er l\u00e4sst sich schnell und sicher auf dem Topf befestigen und verhindert so ein Versch\u00fctten. So k\u00f6nnen Sie Ihre Speisen einfach transportieren, egal ob hei\u00df oder kalt. Gastronomen, Caterer und Take-away-Liebhaber werden seine Praktikabilit\u00e4t und Zuverl\u00e4ssigkeit zu sch\u00e4tzen wissen.   <\/p>\n<p>Dieses aus Karton hergestellte Produkt entspricht den heutigen Anforderungen an umweltfreundliche Verpackungen. Es ist ein umweltfreundlicherer Ansatz, der gleichzeitig erschwinglich und effizient ist. Der <strong>Pappdeckel<\/strong> ist eine gute Wahl f\u00fcr diejenigen, die nach einer nachhaltigen und kosteng\u00fcnstigen L\u00f6sung suchen.  <\/p>\n<p>&nbsp;<\/p>\n<p><!--more--><\/p>\n<p>Zusammenfassend l\u00e4sst sich sagen, dass der <strong>Pappdeckel<\/strong> f\u00fcr Suppent\u00f6pfe eine bescheidene, aber effektive Wahl ist. Sein praktisches und umweltfreundliches Design macht ihn zu einem unverzichtbaren Verb\u00fcndeten f\u00fcr Catering, Take-away oder private Veranstaltungen. Bieten Sie mit diesem vielseitigen Produkt eine einfache und sichere Erfahrung.  <\/p>\n<p>&nbsp;<\/p>\n<p><!--more--><\/p>\n<h4>Ihre Vorteile :<\/h4>\n<ul>\n<li><strong>Universalkompatibilit\u00e4t<\/strong>: passt zu Suppent\u00f6pfen von 237 bis 360 ml.<\/li>\n<li><strong>Praktisch<\/strong>: Schneller und sicherer Verschluss, der ein Versch\u00fctten verhindert.<\/li>\n<li><strong>Vielseitig<\/strong>: geeignet f\u00fcr Suppen, So\u00dfen oder andere Lebensmittelzubereitungen.<\/li>\n<li><strong>Umweltfreundlich<\/strong>: aus Karton hergestellt, eine nachhaltige Alternative.<\/li>\n<li><strong>Temperaturerhaltung<\/strong>: Begrenzt den W\u00e4rmeverlust, um Ihre Speisen warm oder kalt zu halten.<\/li>\n<\/ul>\n<p>&nbsp;<\/p>\n<p><!--more--><\/p>\n<p>Deckel f\u00fcr verschiedene Pappbecher: <span style=\"color: #d12727;\"><a style=\"color: #d12727;\" href=\"https:\/\/www.csj-emballages.com\/produit\/25-pots-a-glace-jetables-kraft-237-ml\/\">237 ml<\/a><\/span> \/<span style=\"color: #d12727;\"><a style=\"color: #d12727;\" href=\"https:\/\/www.csj-emballages.com\/produit\/25-pots-a-soupe-jetables-carton-kraft-350-ml\/\">350 ml<\/a><\/span> \/ <span style=\"color: #d12727;\"><a style=\"color: #d12727;\" href=\"https:\/\/www.csj-emballages.com\/produit\/25-pots-a-soupe-avec-couvercle-jetables-kraft-450-ml\/\">450 ml<\/a><\/span><\/p>\n<p>&nbsp;<\/p>\n<p><!--more--><\/p>\n<h4>Weitere Informationen :<\/h4>\n<ul>\n<li><strong>Abmessungen<\/strong>: \u00d890 mm + 15 mm (Durchmesser + H\u00f6he)<\/li>\n<li><strong>Material<\/strong>: Karton<\/li>\n<li><strong>Verpackung<\/strong>: Packung mit 25 Deckeln<\/li>\n<li><strong>Farbe<\/strong>: Braun<\/li>\n<li><strong>Kompatibilit\u00e4t<\/strong>: 237 bis 360 ml<\/li>\n<\/ul>\n<p>&nbsp;<\/p>\n<p><!--more--><\/p>\n<p><a href=\"\/?product_cat=pots-kraft\">Sehen Sie sich den Rest unseres Sortiments an Pappbeh\u00e4ltern an.<\/a><\/p>\n","protected":false},"excerpt":{"rendered":"<p>Pappdeckel Entdecken Sie unsere Pappdeckel f\u00fcr Suppent\u00f6pfe 237 \/ 360 ml pro 25<\/p>\n","protected":false},"featured_media":202782,"template":"","meta":{"_acf_changed":false},"product_brand":[],"product_cat":[1137,1134,3975,1328,8644],"product_tag":[],"class_list":{"0":"post-20352","1":"product","2":"type-product","3":"status-publish","4":"has-post-thumbnail","6":"product_cat-lebensmittelverpackungen","7":"product_cat-restauration-de","8":"product_cat-topfe-schalen-becherhalter","9":"product_cat-kraft-topfe","10":"product_cat-suppentopfe","12":"first","13":"instock","14":"taxable","15":"shipping-taxable","16":"purchasable","17":"product-type-simple"},"acf":[],"yoast_head":"<!-- This site is optimized with the Yoast SEO Premium plugin v26.6 (Yoast SEO v26.6) - https:\/\/yoast.com\/wordpress\/plugins\/seo\/ -->\n<title>Pappdeckel f\u00fcr Kraft-Suppentopf - 237 \/ 360 ml<\/title>\n<meta name=\"description\" content=\"Entdecken Sie den Pappdeckel f\u00fcr Suppent\u00f6pfe (237-360 ml): praktisch, umweltfreundlich und ideal f\u00fcr die Aufbewahrung Ihrer Speisen. Erh\u00e4ltlich in Packungen zu 25 St\u00fcck.\" \/>\n<meta name=\"robots\" content=\"index, follow, max-snippet:-1, max-image-preview:large, max-video-preview:-1\" \/>\n<link rel=\"canonical\" href=\"https:\/\/www.csj-emballages.com\/de\/produit\/25-deckel-fuer-kraft-suppentoepfe-237-360-ml\/\" \/>\n<meta property=\"og:locale\" content=\"de_DE\" \/>\n<meta property=\"og:type\" content=\"article\" \/>\n<meta property=\"og:title\" content=\"Deckel aus Karton f\u00fcr Suppentopf 237 \/ 360 ml pro 25\" \/>\n<meta property=\"og:description\" content=\"Entdecken Sie den Pappdeckel f\u00fcr Suppent\u00f6pfe (237-360 ml): praktisch, umweltfreundlich und ideal f\u00fcr die Aufbewahrung Ihrer Speisen. Erh\u00e4ltlich in Packungen zu 25 St\u00fcck.\" \/>\n<meta property=\"og:url\" content=\"https:\/\/www.csj-emballages.com\/de\/produit\/25-deckel-fuer-kraft-suppentoepfe-237-360-ml\/\" \/>\n<meta property=\"og:site_name\" content=\"CSJ Emballages\" \/>\n<meta property=\"article:publisher\" content=\"https:\/\/www.facebook.com\/csjemballages\" \/>\n<meta property=\"article:modified_time\" content=\"2026-04-14T00:14:57+00:00\" \/>\n<meta property=\"og:image\" content=\"https:\/\/www.csj-emballages.com\/wp-content\/uploads\/2024\/03\/COUVPSA360.webp\" \/>\n\t<meta property=\"og:image:width\" content=\"800\" \/>\n\t<meta property=\"og:image:height\" content=\"800\" \/>\n\t<meta property=\"og:image:type\" content=\"image\/webp\" \/>\n<meta name=\"twitter:card\" content=\"summary_large_image\" \/>\n<meta name=\"twitter:label1\" content=\"Gesch\u00e4tzte Lesezeit\" \/>\n\t<meta name=\"twitter:data1\" content=\"2 Minuten\" \/>\n<script type=\"application\/ld+json\" class=\"yoast-schema-graph\">{\"@context\":\"https:\/\/schema.org\",\"@graph\":[{\"@type\":\"WebPage\",\"@id\":\"https:\/\/www.csj-emballages.com\/de\/produit\/25-deckel-fuer-kraft-suppentoepfe-237-360-ml\/\",\"url\":\"https:\/\/www.csj-emballages.com\/de\/produit\/25-deckel-fuer-kraft-suppentoepfe-237-360-ml\/\",\"name\":\"Pappdeckel f\u00fcr Kraft-Suppentopf - 237 \/ 360 ml\",\"isPartOf\":{\"@id\":\"https:\/\/www.csj-emballages.com\/de\/#website\"},\"primaryImageOfPage\":{\"@id\":\"https:\/\/www.csj-emballages.com\/de\/produit\/25-deckel-fuer-kraft-suppentoepfe-237-360-ml\/#primaryimage\"},\"image\":{\"@id\":\"https:\/\/www.csj-emballages.com\/de\/produit\/25-deckel-fuer-kraft-suppentoepfe-237-360-ml\/#primaryimage\"},\"thumbnailUrl\":\"https:\/\/www.csj-emballages.com\/wp-content\/uploads\/2024\/03\/COUVPSA360.webp\",\"datePublished\":\"2024-03-01T15:54:44+00:00\",\"dateModified\":\"2026-04-14T00:14:57+00:00\",\"description\":\"Entdecken Sie den Pappdeckel f\u00fcr Suppent\u00f6pfe (237-360 ml): praktisch, umweltfreundlich und ideal f\u00fcr die Aufbewahrung Ihrer Speisen. Erh\u00e4ltlich in Packungen zu 25 St\u00fcck.\",\"breadcrumb\":{\"@id\":\"https:\/\/www.csj-emballages.com\/de\/produit\/25-deckel-fuer-kraft-suppentoepfe-237-360-ml\/#breadcrumb\"},\"inLanguage\":\"de\",\"potentialAction\":[{\"@type\":\"ReadAction\",\"target\":[\"https:\/\/www.csj-emballages.com\/de\/produit\/25-deckel-fuer-kraft-suppentoepfe-237-360-ml\/\"]}]},{\"@type\":\"ImageObject\",\"inLanguage\":\"de\",\"@id\":\"https:\/\/www.csj-emballages.com\/de\/produit\/25-deckel-fuer-kraft-suppentoepfe-237-360-ml\/#primaryimage\",\"url\":\"https:\/\/www.csj-emballages.com\/wp-content\/uploads\/2024\/03\/COUVPSA360.webp\",\"contentUrl\":\"https:\/\/www.csj-emballages.com\/wp-content\/uploads\/2024\/03\/COUVPSA360.webp\",\"width\":800,\"height\":800,\"caption\":\"couvercle carton\"},{\"@type\":\"BreadcrumbList\",\"@id\":\"https:\/\/www.csj-emballages.com\/de\/produit\/25-deckel-fuer-kraft-suppentoepfe-237-360-ml\/#breadcrumb\",\"itemListElement\":[{\"@type\":\"ListItem\",\"position\":1,\"name\":\"Accueil\",\"item\":\"https:\/\/www.csj-emballages.com\/de\/universum-lebensmittelverpackungen\/\"},{\"@type\":\"ListItem\",\"position\":2,\"name\":\"Shop\",\"item\":\"https:\/\/www.csj-emballages.com\/shop\/\"},{\"@type\":\"ListItem\",\"position\":3,\"name\":\"Deckel aus Karton f\u00fcr Suppentopf 237 \/ 360 ml pro 25\"}]},{\"@type\":\"WebSite\",\"@id\":\"https:\/\/www.csj-emballages.com\/de\/#website\",\"url\":\"https:\/\/www.csj-emballages.com\/de\/\",\"name\":\"CSJ Emballages\",\"description\":\"\",\"publisher\":{\"@id\":\"https:\/\/www.csj-emballages.com\/de\/#organization\"},\"potentialAction\":[{\"@type\":\"SearchAction\",\"target\":{\"@type\":\"EntryPoint\",\"urlTemplate\":\"https:\/\/www.csj-emballages.com\/de\/?s={search_term_string}\"},\"query-input\":{\"@type\":\"PropertyValueSpecification\",\"valueRequired\":true,\"valueName\":\"search_term_string\"}}],\"inLanguage\":\"de\"},{\"@type\":\"Organization\",\"@id\":\"https:\/\/www.csj-emballages.com\/de\/#Organization\/\",\"name\":\"CSJ Emballages\",\"url\":\"https:\/\/www.csj-emballages.com\/de\/\",\"logo\":{\"@type\":\"ImageObject\",\"inLanguage\":\"de\",\"@id\":\"https:\/\/www.csj-emballages.com\/de\/#\/schema\/logo\/image\/\",\"url\":\"https:\/\/www.csj-emballages.com\/wp-content\/uploads\/2023\/10\/logo_csj.webp\",\"contentUrl\":\"https:\/\/www.csj-emballages.com\/wp-content\/uploads\/2023\/10\/logo_csj.webp\",\"width\":250,\"height\":95,\"caption\":\"CSJ Emballages\"},\"image\":{\"@id\":\"https:\/\/www.csj-emballages.com\/de\/#\/schema\/logo\/image\/\"},\"sameAs\":[\"https:\/\/www.facebook.com\/csjemballages\"],\"address\":{\"@type\":\"PostalAddress\",\"streetAddress\":\"ZI La Lechere\",\"addressLocality\":\"Patornay\",\"postalCode\":\"39130\",\"addressCountry\":\"FR\"},\"contactPoint\":[{\"@type\":\"ContactPoint\",\"contactType\":\"Service client\",\"telephone\":\"0384254272\",\"email\":\"contact@csj-emballages.com\"}]}]}<\/script>\n<!-- \/ Yoast SEO Premium plugin. -->","yoast_head_json":{"title":"Pappdeckel f\u00fcr Kraft-Suppentopf - 237 \/ 360 ml","description":"Entdecken Sie den Pappdeckel f\u00fcr Suppent\u00f6pfe (237-360 ml): praktisch, umweltfreundlich und ideal f\u00fcr die Aufbewahrung Ihrer Speisen. Erh\u00e4ltlich in Packungen zu 25 St\u00fcck.","robots":{"index":"index","follow":"follow","max-snippet":"max-snippet:-1","max-image-preview":"max-image-preview:large","max-video-preview":"max-video-preview:-1"},"canonical":"https:\/\/www.csj-emballages.com\/de\/produit\/25-deckel-fuer-kraft-suppentoepfe-237-360-ml\/","og_locale":"de_DE","og_type":"article","og_title":"Deckel aus Karton f\u00fcr Suppentopf 237 \/ 360 ml pro 25","og_description":"Entdecken Sie den Pappdeckel f\u00fcr Suppent\u00f6pfe (237-360 ml): praktisch, umweltfreundlich und ideal f\u00fcr die Aufbewahrung Ihrer Speisen. Erh\u00e4ltlich in Packungen zu 25 St\u00fcck.","og_url":"https:\/\/www.csj-emballages.com\/de\/produit\/25-deckel-fuer-kraft-suppentoepfe-237-360-ml\/","og_site_name":"CSJ Emballages","article_publisher":"https:\/\/www.facebook.com\/csjemballages","article_modified_time":"2026-04-14T00:14:57+00:00","og_image":[{"width":800,"height":800,"url":"https:\/\/www.csj-emballages.com\/wp-content\/uploads\/2024\/03\/COUVPSA360.webp","type":"image\/webp"}],"twitter_card":"summary_large_image","twitter_misc":{"Gesch\u00e4tzte Lesezeit":"2 Minuten"},"schema":{"@context":"https:\/\/schema.org","@graph":[{"@type":"WebPage","@id":"https:\/\/www.csj-emballages.com\/de\/produit\/25-deckel-fuer-kraft-suppentoepfe-237-360-ml\/","url":"https:\/\/www.csj-emballages.com\/de\/produit\/25-deckel-fuer-kraft-suppentoepfe-237-360-ml\/","name":"Pappdeckel f\u00fcr Kraft-Suppentopf - 237 \/ 360 ml","isPartOf":{"@id":"https:\/\/www.csj-emballages.com\/de\/#website"},"primaryImageOfPage":{"@id":"https:\/\/www.csj-emballages.com\/de\/produit\/25-deckel-fuer-kraft-suppentoepfe-237-360-ml\/#primaryimage"},"image":{"@id":"https:\/\/www.csj-emballages.com\/de\/produit\/25-deckel-fuer-kraft-suppentoepfe-237-360-ml\/#primaryimage"},"thumbnailUrl":"https:\/\/www.csj-emballages.com\/wp-content\/uploads\/2024\/03\/COUVPSA360.webp","datePublished":"2024-03-01T15:54:44+00:00","dateModified":"2026-04-14T00:14:57+00:00","description":"Entdecken Sie den Pappdeckel f\u00fcr Suppent\u00f6pfe (237-360 ml): praktisch, umweltfreundlich und ideal f\u00fcr die Aufbewahrung Ihrer Speisen. Erh\u00e4ltlich in Packungen zu 25 St\u00fcck.","breadcrumb":{"@id":"https:\/\/www.csj-emballages.com\/de\/produit\/25-deckel-fuer-kraft-suppentoepfe-237-360-ml\/#breadcrumb"},"inLanguage":"de","potentialAction":[{"@type":"ReadAction","target":["https:\/\/www.csj-emballages.com\/de\/produit\/25-deckel-fuer-kraft-suppentoepfe-237-360-ml\/"]}]},{"@type":"ImageObject","inLanguage":"de","@id":"https:\/\/www.csj-emballages.com\/de\/produit\/25-deckel-fuer-kraft-suppentoepfe-237-360-ml\/#primaryimage","url":"https:\/\/www.csj-emballages.com\/wp-content\/uploads\/2024\/03\/COUVPSA360.webp","contentUrl":"https:\/\/www.csj-emballages.com\/wp-content\/uploads\/2024\/03\/COUVPSA360.webp","width":800,"height":800,"caption":"couvercle carton"},{"@type":"BreadcrumbList","@id":"https:\/\/www.csj-emballages.com\/de\/produit\/25-deckel-fuer-kraft-suppentoepfe-237-360-ml\/#breadcrumb","itemListElement":[{"@type":"ListItem","position":1,"name":"Accueil","item":"https:\/\/www.csj-emballages.com\/de\/universum-lebensmittelverpackungen\/"},{"@type":"ListItem","position":2,"name":"Shop","item":"https:\/\/www.csj-emballages.com\/shop\/"},{"@type":"ListItem","position":3,"name":"Deckel aus Karton f\u00fcr Suppentopf 237 \/ 360 ml pro 25"}]},{"@type":"WebSite","@id":"https:\/\/www.csj-emballages.com\/de\/#website","url":"https:\/\/www.csj-emballages.com\/de\/","name":"CSJ Emballages","description":"","publisher":{"@id":"https:\/\/www.csj-emballages.com\/de\/#organization"},"potentialAction":[{"@type":"SearchAction","target":{"@type":"EntryPoint","urlTemplate":"https:\/\/www.csj-emballages.com\/de\/?s={search_term_string}"},"query-input":{"@type":"PropertyValueSpecification","valueRequired":true,"valueName":"search_term_string"}}],"inLanguage":"de"},{"@type":"Organization","@id":"https:\/\/www.csj-emballages.com\/de\/#Organization\/","name":"CSJ Emballages","url":"https:\/\/www.csj-emballages.com\/de\/","logo":{"@type":"ImageObject","inLanguage":"de","@id":"https:\/\/www.csj-emballages.com\/de\/#\/schema\/logo\/image\/","url":"https:\/\/www.csj-emballages.com\/wp-content\/uploads\/2023\/10\/logo_csj.webp","contentUrl":"https:\/\/www.csj-emballages.com\/wp-content\/uploads\/2023\/10\/logo_csj.webp","width":250,"height":95,"caption":"CSJ Emballages"},"image":{"@id":"https:\/\/www.csj-emballages.com\/de\/#\/schema\/logo\/image\/"},"sameAs":["https:\/\/www.facebook.com\/csjemballages"],"address":{"@type":"PostalAddress","streetAddress":"ZI La Lechere","addressLocality":"Patornay","postalCode":"39130","addressCountry":"FR"},"contactPoint":[{"@type":"ContactPoint","contactType":"Service client","telephone":"0384254272","email":"contact@csj-emballages.com"}]}]}},"df_price":2.66,"df_sale_price":"","df_regular_price":2.66,"df_image_link":"https:\/\/www.csj-emballages.com\/wp-content\/uploads\/2024\/03\/COUVPSA360-300x300.webp","tiered_pricing_type":"fixed","tiered_pricing_fixed_rules":[],"tiered_pricing_percentage_rules":[],"tiered_pricing_minimum":1,"tiered_pricing_roles_data":[],"_links":{"self":[{"href":"https:\/\/www.csj-emballages.com\/de\/wp-json\/wp\/v2\/product\/20352","targetHints":{"allow":["GET"]}}],"collection":[{"href":"https:\/\/www.csj-emballages.com\/de\/wp-json\/wp\/v2\/product"}],"about":[{"href":"https:\/\/www.csj-emballages.com\/de\/wp-json\/wp\/v2\/types\/product"}],"wp:featuredmedia":[{"embeddable":true,"href":"https:\/\/www.csj-emballages.com\/de\/wp-json\/wp\/v2\/media\/202782"}],"wp:attachment":[{"href":"https:\/\/www.csj-emballages.com\/de\/wp-json\/wp\/v2\/media?parent=20352"}],"wp:term":[{"taxonomy":"product_brand","embeddable":true,"href":"https:\/\/www.csj-emballages.com\/de\/wp-json\/wp\/v2\/product_brand?post=20352"},{"taxonomy":"product_cat","embeddable":true,"href":"https:\/\/www.csj-emballages.com\/de\/wp-json\/wp\/v2\/product_cat?post=20352"},{"taxonomy":"product_tag","embeddable":true,"href":"https:\/\/www.csj-emballages.com\/de\/wp-json\/wp\/v2\/product_tag?post=20352"}],"curies":[{"name":"wp","href":"https:\/\/api.w.org\/{rel}","templated":true}]}}