{"id":20336,"date":"2024-03-01T16:54:43","date_gmt":"2024-03-01T15:54:43","guid":{"rendered":"https:\/\/u15jnbdpoq.preview.infomaniak.website\/produit\/60-plastikdeckel-fuer-ref-bodega14\/"},"modified":"2026-03-12T16:21:33","modified_gmt":"2026-03-12T15:21:33","slug":"60-plastikdeckel-fuer-ref-bodega14","status":"publish","type":"product","link":"https:\/\/www.csj-emballages.com\/de\/produit\/60-plastikdeckel-fuer-ref-bodega14\/","title":{"rendered":"Plastikdeckel f\u00fcr Bodega18 pro 60"},"content":{"rendered":"<h2>Plastikdeckel<\/h2>\n<hr>\n<h3>Beschreibung von unserem Plastikdeckel f\u00fcr Bodega18 pro 60<\/h3>\n<p><!--more--><\/p>\n<p data-start=\"236\" data-end=\"547\">Der <strong>Kunststoffdeckel<\/strong> f\u00fcr <strong><span style=\"color: #d12727;\"><a style=\"color: #d12727;\" href=\"https:\/\/www.csj-emballages.com\/es\/produit\/20-vasos-de-postre-de-plastico-bodega-180-ml\/\">Bodega18<\/a><\/span><\/strong> ist konzipiert, um einen <strong>praktischen und sicheren Verschluss<\/strong> f\u00fcr Dessertbecher vom Typ <strong>Bodega 18 cl<\/strong> zu gew\u00e4hrleisten. Ideal f\u00fcr Gastronomie-, Event- oder Getr\u00e4nkeanbieter, sch\u00fctzt er Getr\u00e4nke und erleichtert gleichzeitig deren Transport und Service. <\/p>\n<p data-start=\"549\" data-end=\"861\">Hergestellt aus lebensmittelechtem <strong>Kunststoff<\/strong>, bietet dieser Deckel eine gute Best\u00e4ndigkeit und einen zuverl\u00e4ssigen Halt, sobald er auf dem Becher positioniert ist. Er reduziert effektiv das Risiko des Versch\u00fcttens, von Spritzern und externen Verunreinigungen und gew\u00e4hrleistet so eine bessere Hygiene beim Verzehr. <\/p>\n<p data-start=\"863\" data-end=\"1182\">Seine <strong>Transparenz<\/strong> erm\u00f6glicht es, den <strong>Inhalt des Dessertbechers leicht zu sehen<\/strong>, ohne den Deckel abnehmen zu m\u00fcssen, was besonders praktisch f\u00fcr die Serviceverwaltung und den Komfort des Verbrauchers ist. Er l\u00e4sst sich leicht anbringen und entfernen und passt perfekt zu den <strong>Dessertbechern <span style=\"color: #d12727;\"><a style=\"color: #d12727;\" href=\"https:\/\/www.csj-emballages.com\/es\/produit\/20-vasos-de-postre-de-plastico-bodega-180-ml\/\">Bodega18<\/a><\/span><\/strong>, wodurch eine optimale Kompatibilit\u00e4t gew\u00e4hrleistet ist. <\/p>\n<p data-start=\"1184\" data-end=\"1479\">Dieser <strong>Deckel<\/strong> ist besonders geeignet f\u00fcr kalte Desserts wie Fr\u00fcchte, Mousse oder Eis. Verpackt in einer Packung von <strong>60 St\u00fcck<\/strong>, eignet er sich sowohl f\u00fcr den gelegentlichen als auch f\u00fcr den regelm\u00e4\u00dfigen professionellen Gebrauch und erleichtert gleichzeitig die Lagerverwaltung. <\/p>\n<p data-start=\"1184\" data-end=\"1479\">\n<p data-start=\"1184\" data-end=\"1479\"><!--more--><\/p>\n<h4 data-start=\"1184\" data-end=\"1479\">Vorteile :<\/h4>\n<ul>\n<li data-start=\"1517\" data-end=\"1560\">Kompatibel mit <strong>Bodega 18 cl<\/strong> Bechern.<\/li>\n<li data-start=\"1563\" data-end=\"1602\">Lebensmittelechter Kunststoff.<\/li>\n<li data-start=\"1605\" data-end=\"1653\">Sicherer Verschluss reduziert Versch\u00fctten.<\/li>\n<li data-start=\"1656\" data-end=\"1690\">Hygienischer Schutz des Inhalts.<\/li>\n<li data-start=\"1693\" data-end=\"1736\">Transparent f\u00fcr sofortige Sichtbarkeit.<\/li>\n<li data-start=\"1739\" data-end=\"1768\">Einfach anzubringen und zu entfernen.<\/li>\n<li data-start=\"1817\" data-end=\"1861\">Praktische Verpackung mit <strong>60 Deckeln<\/strong>.<\/li>\n<\/ul>\n<p data-start=\"1184\" data-end=\"1479\">\n<p><!--more--><\/p>\n<h4>Weitere Informationen :<\/h4>\n<ul>\n<li><strong>Ma\u00dfe<\/strong>: 83 x 8 ( \u00d8 x H in mm).<\/li>\n<li><strong>Verpackung<\/strong>: Packungen zu 60<\/li>\n<li><strong>Material<\/strong>: PET<\/li>\n<\/ul>\n<p>&nbsp;<\/p>\n<p><!--more--><\/p>\n<p><span style=\"color: #000000;\">Hier finden Sie die Dessertschale, die mit diesem Produkt kompatibel ist : <span style=\"color: #d12727;\"><a style=\"color: #d12727;\" href=\"https:\/\/www.csj-emballages.com\/es\/produit\/20-vasos-de-postre-de-plastico-bodega-180-ml\/\">Bodega18<\/a><\/span><\/span><\/p>\n<p>&nbsp;<\/p>\n<p><!--more--><\/p>\n<p><a href=\"https:\/\/www.csj-emballages.com\/de\/categorie-produit\/lebensmittelverpackungen\/metzgerei-und-feinkostgeschaft\/schalen-topfe-glaser\/dessertschalen\/\">Entdecken Sie den Rest unseres Sortiments an Dessertschalen<\/a><\/p>\n","protected":false},"excerpt":{"rendered":"<p>Plastikdeckel Beschreibung von unserem Plastikdeckel f\u00fcr Bodega18 pro 60<\/p>\n","protected":false},"featured_media":218463,"template":"","meta":{"_acf_changed":false},"product_brand":[],"product_cat":[1137,1170,1279,1464],"product_tag":[],"class_list":{"0":"post-20336","1":"product","2":"type-product","3":"status-publish","4":"has-post-thumbnail","6":"product_cat-lebensmittelverpackungen","7":"product_cat-metzgerei-und-feinkostgeschaft","8":"product_cat-schalen-topfe-glaser","9":"product_cat-dessertschalen","11":"first","12":"outofstock","13":"taxable","14":"shipping-taxable","15":"purchasable","16":"product-type-simple"},"acf":[],"yoast_head":"<!-- This site is optimized with the Yoast SEO Premium plugin v26.6 (Yoast SEO v26.6) - https:\/\/yoast.com\/wordpress\/plugins\/seo\/ -->\n<title>Plastikdeckel f\u00fcr Bodega18<\/title>\n<meta name=\"description\" content=\"Kunststoffdeckel f\u00fcr Bodega18, entwickelt f\u00fcr einen sicheren und hermetischen Verschluss. Ideal zum Erhalt der Frische und f\u00fcr einfachen Transport.\" \/>\n<meta name=\"robots\" content=\"index, follow, max-snippet:-1, max-image-preview:large, max-video-preview:-1\" \/>\n<link rel=\"canonical\" href=\"https:\/\/www.csj-emballages.com\/de\/produit\/60-plastikdeckel-fuer-ref-bodega14\/\" \/>\n<meta property=\"og:locale\" content=\"de_DE\" \/>\n<meta property=\"og:type\" content=\"article\" \/>\n<meta property=\"og:title\" content=\"Plastikdeckel f\u00fcr Bodega18 pro 60\" \/>\n<meta property=\"og:description\" content=\"Kunststoffdeckel f\u00fcr Bodega18, entwickelt f\u00fcr einen sicheren und hermetischen Verschluss. Ideal zum Erhalt der Frische und f\u00fcr einfachen Transport.\" \/>\n<meta property=\"og:url\" content=\"https:\/\/www.csj-emballages.com\/de\/produit\/60-plastikdeckel-fuer-ref-bodega14\/\" \/>\n<meta property=\"og:site_name\" content=\"CSJ Emballages\" \/>\n<meta property=\"article:publisher\" content=\"https:\/\/www.facebook.com\/csjemballages\" \/>\n<meta property=\"article:modified_time\" content=\"2026-03-12T15:21:33+00:00\" \/>\n<meta property=\"og:image\" content=\"https:\/\/www.csj-emballages.com\/wp-content\/uploads\/2024\/03\/COUV-BODEGA-GM.webp\" \/>\n\t<meta property=\"og:image:width\" content=\"800\" \/>\n\t<meta property=\"og:image:height\" content=\"800\" \/>\n\t<meta property=\"og:image:type\" content=\"image\/webp\" \/>\n<meta name=\"twitter:card\" content=\"summary_large_image\" \/>\n<meta name=\"twitter:label1\" content=\"Gesch\u00e4tzte Lesezeit\" \/>\n\t<meta name=\"twitter:data1\" content=\"1\u00a0Minute\" \/>\n<script type=\"application\/ld+json\" class=\"yoast-schema-graph\">{\"@context\":\"https:\/\/schema.org\",\"@graph\":[{\"@type\":\"WebPage\",\"@id\":\"https:\/\/www.csj-emballages.com\/de\/produit\/60-plastikdeckel-fuer-ref-bodega14\/\",\"url\":\"https:\/\/www.csj-emballages.com\/de\/produit\/60-plastikdeckel-fuer-ref-bodega14\/\",\"name\":\"Plastikdeckel f\u00fcr Bodega18\",\"isPartOf\":{\"@id\":\"https:\/\/www.csj-emballages.com\/de\/#website\"},\"primaryImageOfPage\":{\"@id\":\"https:\/\/www.csj-emballages.com\/de\/produit\/60-plastikdeckel-fuer-ref-bodega14\/#primaryimage\"},\"image\":{\"@id\":\"https:\/\/www.csj-emballages.com\/de\/produit\/60-plastikdeckel-fuer-ref-bodega14\/#primaryimage\"},\"thumbnailUrl\":\"https:\/\/www.csj-emballages.com\/wp-content\/uploads\/2024\/03\/COUV-BODEGA-GM.webp\",\"datePublished\":\"2024-03-01T15:54:43+00:00\",\"dateModified\":\"2026-03-12T15:21:33+00:00\",\"description\":\"Kunststoffdeckel f\u00fcr Bodega18, entwickelt f\u00fcr einen sicheren und hermetischen Verschluss. Ideal zum Erhalt der Frische und f\u00fcr einfachen Transport.\",\"breadcrumb\":{\"@id\":\"https:\/\/www.csj-emballages.com\/de\/produit\/60-plastikdeckel-fuer-ref-bodega14\/#breadcrumb\"},\"inLanguage\":\"de\",\"potentialAction\":[{\"@type\":\"ReadAction\",\"target\":[\"https:\/\/www.csj-emballages.com\/de\/produit\/60-plastikdeckel-fuer-ref-bodega14\/\"]}]},{\"@type\":\"ImageObject\",\"inLanguage\":\"de\",\"@id\":\"https:\/\/www.csj-emballages.com\/de\/produit\/60-plastikdeckel-fuer-ref-bodega14\/#primaryimage\",\"url\":\"https:\/\/www.csj-emballages.com\/wp-content\/uploads\/2024\/03\/COUV-BODEGA-GM.webp\",\"contentUrl\":\"https:\/\/www.csj-emballages.com\/wp-content\/uploads\/2024\/03\/COUV-BODEGA-GM.webp\",\"width\":800,\"height\":800,\"caption\":\"couvercle plastique\"},{\"@type\":\"BreadcrumbList\",\"@id\":\"https:\/\/www.csj-emballages.com\/de\/produit\/60-plastikdeckel-fuer-ref-bodega14\/#breadcrumb\",\"itemListElement\":[{\"@type\":\"ListItem\",\"position\":1,\"name\":\"Accueil\",\"item\":\"https:\/\/www.csj-emballages.com\/de\/universum-lebensmittelverpackungen\/\"},{\"@type\":\"ListItem\",\"position\":2,\"name\":\"Shop\",\"item\":\"https:\/\/www.csj-emballages.com\/shop\/\"},{\"@type\":\"ListItem\",\"position\":3,\"name\":\"Plastikdeckel f\u00fcr Bodega18 pro 60\"}]},{\"@type\":\"WebSite\",\"@id\":\"https:\/\/www.csj-emballages.com\/de\/#website\",\"url\":\"https:\/\/www.csj-emballages.com\/de\/\",\"name\":\"CSJ Emballages\",\"description\":\"\",\"publisher\":{\"@id\":\"https:\/\/www.csj-emballages.com\/de\/#organization\"},\"potentialAction\":[{\"@type\":\"SearchAction\",\"target\":{\"@type\":\"EntryPoint\",\"urlTemplate\":\"https:\/\/www.csj-emballages.com\/de\/?s={search_term_string}\"},\"query-input\":{\"@type\":\"PropertyValueSpecification\",\"valueRequired\":true,\"valueName\":\"search_term_string\"}}],\"inLanguage\":\"de\"},{\"@type\":\"Organization\",\"@id\":\"https:\/\/www.csj-emballages.com\/de\/#Organization\/\",\"name\":\"CSJ Emballages\",\"url\":\"https:\/\/www.csj-emballages.com\/de\/\",\"logo\":{\"@type\":\"ImageObject\",\"inLanguage\":\"de\",\"@id\":\"https:\/\/www.csj-emballages.com\/de\/#\/schema\/logo\/image\/\",\"url\":\"https:\/\/www.csj-emballages.com\/wp-content\/uploads\/2023\/10\/logo_csj.webp\",\"contentUrl\":\"https:\/\/www.csj-emballages.com\/wp-content\/uploads\/2023\/10\/logo_csj.webp\",\"width\":250,\"height\":95,\"caption\":\"CSJ Emballages\"},\"image\":{\"@id\":\"https:\/\/www.csj-emballages.com\/de\/#\/schema\/logo\/image\/\"},\"sameAs\":[\"https:\/\/www.facebook.com\/csjemballages\"],\"address\":{\"@type\":\"PostalAddress\",\"streetAddress\":\"ZI La Lechere\",\"addressLocality\":\"Patornay\",\"postalCode\":\"39130\",\"addressCountry\":\"FR\"},\"contactPoint\":[{\"@type\":\"ContactPoint\",\"contactType\":\"Service client\",\"telephone\":\"0384254272\",\"email\":\"contact@csj-emballages.com\"}]}]}<\/script>\n<!-- \/ Yoast SEO Premium plugin. -->","yoast_head_json":{"title":"Plastikdeckel f\u00fcr Bodega18","description":"Kunststoffdeckel f\u00fcr Bodega18, entwickelt f\u00fcr einen sicheren und hermetischen Verschluss. Ideal zum Erhalt der Frische und f\u00fcr einfachen Transport.","robots":{"index":"index","follow":"follow","max-snippet":"max-snippet:-1","max-image-preview":"max-image-preview:large","max-video-preview":"max-video-preview:-1"},"canonical":"https:\/\/www.csj-emballages.com\/de\/produit\/60-plastikdeckel-fuer-ref-bodega14\/","og_locale":"de_DE","og_type":"article","og_title":"Plastikdeckel f\u00fcr Bodega18 pro 60","og_description":"Kunststoffdeckel f\u00fcr Bodega18, entwickelt f\u00fcr einen sicheren und hermetischen Verschluss. Ideal zum Erhalt der Frische und f\u00fcr einfachen Transport.","og_url":"https:\/\/www.csj-emballages.com\/de\/produit\/60-plastikdeckel-fuer-ref-bodega14\/","og_site_name":"CSJ Emballages","article_publisher":"https:\/\/www.facebook.com\/csjemballages","article_modified_time":"2026-03-12T15:21:33+00:00","og_image":[{"width":800,"height":800,"url":"https:\/\/www.csj-emballages.com\/wp-content\/uploads\/2024\/03\/COUV-BODEGA-GM.webp","type":"image\/webp"}],"twitter_card":"summary_large_image","twitter_misc":{"Gesch\u00e4tzte Lesezeit":"1\u00a0Minute"},"schema":{"@context":"https:\/\/schema.org","@graph":[{"@type":"WebPage","@id":"https:\/\/www.csj-emballages.com\/de\/produit\/60-plastikdeckel-fuer-ref-bodega14\/","url":"https:\/\/www.csj-emballages.com\/de\/produit\/60-plastikdeckel-fuer-ref-bodega14\/","name":"Plastikdeckel f\u00fcr Bodega18","isPartOf":{"@id":"https:\/\/www.csj-emballages.com\/de\/#website"},"primaryImageOfPage":{"@id":"https:\/\/www.csj-emballages.com\/de\/produit\/60-plastikdeckel-fuer-ref-bodega14\/#primaryimage"},"image":{"@id":"https:\/\/www.csj-emballages.com\/de\/produit\/60-plastikdeckel-fuer-ref-bodega14\/#primaryimage"},"thumbnailUrl":"https:\/\/www.csj-emballages.com\/wp-content\/uploads\/2024\/03\/COUV-BODEGA-GM.webp","datePublished":"2024-03-01T15:54:43+00:00","dateModified":"2026-03-12T15:21:33+00:00","description":"Kunststoffdeckel f\u00fcr Bodega18, entwickelt f\u00fcr einen sicheren und hermetischen Verschluss. Ideal zum Erhalt der Frische und f\u00fcr einfachen Transport.","breadcrumb":{"@id":"https:\/\/www.csj-emballages.com\/de\/produit\/60-plastikdeckel-fuer-ref-bodega14\/#breadcrumb"},"inLanguage":"de","potentialAction":[{"@type":"ReadAction","target":["https:\/\/www.csj-emballages.com\/de\/produit\/60-plastikdeckel-fuer-ref-bodega14\/"]}]},{"@type":"ImageObject","inLanguage":"de","@id":"https:\/\/www.csj-emballages.com\/de\/produit\/60-plastikdeckel-fuer-ref-bodega14\/#primaryimage","url":"https:\/\/www.csj-emballages.com\/wp-content\/uploads\/2024\/03\/COUV-BODEGA-GM.webp","contentUrl":"https:\/\/www.csj-emballages.com\/wp-content\/uploads\/2024\/03\/COUV-BODEGA-GM.webp","width":800,"height":800,"caption":"couvercle plastique"},{"@type":"BreadcrumbList","@id":"https:\/\/www.csj-emballages.com\/de\/produit\/60-plastikdeckel-fuer-ref-bodega14\/#breadcrumb","itemListElement":[{"@type":"ListItem","position":1,"name":"Accueil","item":"https:\/\/www.csj-emballages.com\/de\/universum-lebensmittelverpackungen\/"},{"@type":"ListItem","position":2,"name":"Shop","item":"https:\/\/www.csj-emballages.com\/shop\/"},{"@type":"ListItem","position":3,"name":"Plastikdeckel f\u00fcr Bodega18 pro 60"}]},{"@type":"WebSite","@id":"https:\/\/www.csj-emballages.com\/de\/#website","url":"https:\/\/www.csj-emballages.com\/de\/","name":"CSJ Emballages","description":"","publisher":{"@id":"https:\/\/www.csj-emballages.com\/de\/#organization"},"potentialAction":[{"@type":"SearchAction","target":{"@type":"EntryPoint","urlTemplate":"https:\/\/www.csj-emballages.com\/de\/?s={search_term_string}"},"query-input":{"@type":"PropertyValueSpecification","valueRequired":true,"valueName":"search_term_string"}}],"inLanguage":"de"},{"@type":"Organization","@id":"https:\/\/www.csj-emballages.com\/de\/#Organization\/","name":"CSJ Emballages","url":"https:\/\/www.csj-emballages.com\/de\/","logo":{"@type":"ImageObject","inLanguage":"de","@id":"https:\/\/www.csj-emballages.com\/de\/#\/schema\/logo\/image\/","url":"https:\/\/www.csj-emballages.com\/wp-content\/uploads\/2023\/10\/logo_csj.webp","contentUrl":"https:\/\/www.csj-emballages.com\/wp-content\/uploads\/2023\/10\/logo_csj.webp","width":250,"height":95,"caption":"CSJ Emballages"},"image":{"@id":"https:\/\/www.csj-emballages.com\/de\/#\/schema\/logo\/image\/"},"sameAs":["https:\/\/www.facebook.com\/csjemballages"],"address":{"@type":"PostalAddress","streetAddress":"ZI La Lechere","addressLocality":"Patornay","postalCode":"39130","addressCountry":"FR"},"contactPoint":[{"@type":"ContactPoint","contactType":"Service client","telephone":"0384254272","email":"contact@csj-emballages.com"}]}]}},"df_price":4.14,"df_sale_price":"","df_regular_price":4.14,"df_image_link":"https:\/\/www.csj-emballages.com\/wp-content\/uploads\/2024\/03\/COUV-BODEGA-GM-300x300.webp","tiered_pricing_type":"fixed","tiered_pricing_fixed_rules":[],"tiered_pricing_percentage_rules":[],"tiered_pricing_minimum":1,"tiered_pricing_roles_data":[],"_links":{"self":[{"href":"https:\/\/www.csj-emballages.com\/de\/wp-json\/wp\/v2\/product\/20336","targetHints":{"allow":["GET"]}}],"collection":[{"href":"https:\/\/www.csj-emballages.com\/de\/wp-json\/wp\/v2\/product"}],"about":[{"href":"https:\/\/www.csj-emballages.com\/de\/wp-json\/wp\/v2\/types\/product"}],"wp:featuredmedia":[{"embeddable":true,"href":"https:\/\/www.csj-emballages.com\/de\/wp-json\/wp\/v2\/media\/218463"}],"wp:attachment":[{"href":"https:\/\/www.csj-emballages.com\/de\/wp-json\/wp\/v2\/media?parent=20336"}],"wp:term":[{"taxonomy":"product_brand","embeddable":true,"href":"https:\/\/www.csj-emballages.com\/de\/wp-json\/wp\/v2\/product_brand?post=20336"},{"taxonomy":"product_cat","embeddable":true,"href":"https:\/\/www.csj-emballages.com\/de\/wp-json\/wp\/v2\/product_cat?post=20336"},{"taxonomy":"product_tag","embeddable":true,"href":"https:\/\/www.csj-emballages.com\/de\/wp-json\/wp\/v2\/product_tag?post=20336"}],"curies":[{"name":"wp","href":"https:\/\/api.w.org\/{rel}","templated":true}]}}