{"id":20328,"date":"2024-03-01T16:54:44","date_gmt":"2024-03-01T15:54:44","guid":{"rendered":"https:\/\/u15jnbdpoq.preview.infomaniak.website\/produit\/100-deckel-fuer-runde-toepfe-pp-o101-mm\/"},"modified":"2026-05-08T02:12:40","modified_gmt":"2026-05-08T00:12:40","slug":"100-deckel-fuer-runde-toepfe-pp-o101-mm","status":"publish","type":"product","link":"https:\/\/www.csj-emballages.com\/de\/produit\/100-deckel-fuer-runde-toepfe-pp-o101-mm\/","title":{"rendered":"Plastikdeckel f\u00fcr runde T\u00f6pfe PP \u00d8101 mm pro 100"},"content":{"rendered":"<h2>Plastikdeckel<\/h2>\n<hr>\n<h3>Beschreibung unseres Kunststoffdeckels f\u00fcr runde T\u00f6pfe PP \u00d8101 mm pro 100 St\u00fcck<\/h3>\n<p><!--more--><\/p>\n<p data-start=\"268\" data-end=\"628\">Ein guter Beh\u00e4lter ist ohne einen zuverl\u00e4ssigen Deckel nutzlos. Dieser <strong data-start=\"329\" data-end=\"379\">Kunststoffdeckel f\u00fcr runde PP-Gl\u00e4ser \u00d8101 mm<\/strong> wurde entwickelt, um Ihre Zubereitungen zu sichern und gleichzeitig im Alltag einfach zu handhaben zu sein. Er passt perfekt auf kompatible Gl\u00e4ser und sorgt f\u00fcr einen sauberen und sicheren Verschluss, der sich sowohl f\u00fcr den Verkauf zum Mitnehmen als auch f\u00fcr die Lagerung eignet.  <\/p>\n<p data-start=\"630\" data-end=\"989\">Dank seiner Konstruktion aus <strong>PP-Kunststoff<\/strong> bietet er eine gute Festigkeit und beh\u00e4lt auch bei wiederholter Handhabung seine Form. Einmal eingeklickt, sitzt der Deckel fest, sodass er nicht ausl\u00e4uft und es beim Transport keine b\u00f6sen \u00dcberraschungen gibt. Das ist genau die Art von Detail, die im Service Zeit spart und unn\u00f6tige Kundenretouren vermeidet.  <\/p>\n<p data-start=\"991\" data-end=\"1313\">Seine <strong>Transparenz<\/strong> ist ebenfalls ein echter Vorteil. Auf einen Blick erkennen Sie den Inhalt des Topfes, was die Organisation in der K\u00fcche, an der Theke oder im K\u00fchlregal erleichtert. Ebenso erm\u00f6glicht das flache Profil ein einfaches Stapeln der verschlossenen Gl\u00e4ser, was den Platz optimal nutzt und die Lagerung sauberer und effizienter macht.  <\/p>\n<p data-start=\"1315\" data-end=\"1642\">Dieser <strong>Deckel<\/strong> ist besonders beliebt f\u00fcr So\u00dfen, Beilagen, Desserts, kalte oder lauwarme Zubereitungen und alles, was bis zum Verzehr gut gesch\u00fctzt bleiben muss. Ebenso f\u00fcgt er sich ganz nat\u00fcrlich in Ihre Routine ein, ohne Ihre Gewohnheiten zu \u00e4ndern, egal ob Sie ein Restaurant, einen Cateringservice, einen Imbiss oder einen Foodtruck betreiben. <\/p>\n<p data-start=\"1644\" data-end=\"1897\">Kurz gesagt: Er wird <strong data-start=\"1650\" data-end=\"1668\">im 100er-Pack<\/strong> verkauft und stellt eine praktische und kosteng\u00fcnstige L\u00f6sung dar, um Ihre <strong>Einzelportionen<\/strong> zu sichern. Im Klartext hei\u00dft das, dass dieser Deckel genau das tut, was man von ihm erwartet: Er schlie\u00dft gut ab, vereinfacht das Servieren und erspart Ihnen Probleme. <\/p>\n<p data-start=\"1644\" data-end=\"1897\">\n<p data-start=\"1644\" data-end=\"1897\"><!--more--><\/p>\n<h4 data-start=\"1644\" data-end=\"1897\">Vorteile :<\/h4>\n<ul>\n<li data-start=\"1925\" data-end=\"1962\">Kompatibel mit <strong>runden T\u00f6pfen \u00d8101 mm.<\/strong><\/li>\n<li data-start=\"1965\" data-end=\"1997\">Zuverl\u00e4ssiger und sicherer Verschluss.<\/li>\n<li data-start=\"2000\" data-end=\"2025\">Widerstandsf\u00e4higer <strong>PP-Kunststoff<\/strong>.<\/li>\n<li data-start=\"2028\" data-end=\"2073\">Transparent f\u00fcr eine schnelle Identifizierung.<\/li>\n<li data-start=\"2076\" data-end=\"2108\">Stapelbar und leicht zu lagern.<\/li>\n<li data-start=\"2111\" data-end=\"2133\">Set aus <strong>100 Deckeln<\/strong>.<\/li>\n<\/ul>\n<p>&nbsp;<\/p>\n<p><!--more--><\/p>\n<h4>Weitere Informationen :<\/h4>\n<ul>\n<li><strong>Verpackung<\/strong>: Packung mit 100 St\u00fcck<\/li>\n<li><strong>Durchmesser<\/strong>: \u00d8101 mm<\/li>\n<li><strong>Material<\/strong>: PP (Polypropylen)<\/li>\n<li><strong>Nutzung<\/strong>: Warm<\/li>\n<\/ul>\n<p>&nbsp;<\/p>\n<p><!--more--><\/p>\n<p>Hier finden Sie die runden T\u00f6pfe, die mit diesem Deckel kompatibel sind : <span style=\"color: #d12727;\"><a style=\"color: #d12727;\" href=\"https:\/\/www.csj-emballages.com\/pt-pt\/produit\/100-frascos-redondos-pp-de-125-ml\/\">PTRPP125<\/a><\/span> \/ <span style=\"color: #d12727;\"><a style=\"color: #d12727;\" href=\"https:\/\/www.csj-emballages.com\/pt-pt\/produit\/100-frascos-redondos-pp-de-200-ml\/\">PTRPP200<\/a><\/span> \/ <span style=\"color: #d12727;\"><a style=\"color: #d12727;\" href=\"https:\/\/www.csj-emballages.com\/pt-pt\/produit\/100-frascos-redondos-pp-de-250-ml\/\">PTRPP250<\/a><\/span><\/p>\n<p>&nbsp;<\/p>\n<p><!--more--><\/p>\n<p><a href=\"\/?product_cat=pots-ronds-chauds-restauration\">Sehen Sie sich den Rest unseres Sortiments an runden T\u00f6pfen f\u00fcr den warmen Gebrauch an.<\/a><\/p>\n<p>&nbsp;<\/p>\n","protected":false},"excerpt":{"rendered":"<p>Plastikdeckel Beschreibung unseres Kunststoffdeckels f\u00fcr runde T\u00f6pfe PP \u00d8101 mm pro 100 St\u00fcck<\/p>\n","protected":false},"featured_media":203618,"template":"","meta":{"_acf_changed":false},"product_brand":[],"product_cat":[1137,1170,1513,1514,1515,1134,1517,1518],"product_tag":[],"class_list":{"0":"post-20328","1":"product","2":"type-product","3":"status-publish","4":"has-post-thumbnail","6":"product_cat-lebensmittelverpackungen","7":"product_cat-metzgerei-und-feinkostgeschaft","8":"product_cat-schalen-dosen-glaser-fur-lebensmittel","9":"product_cat-runde-topfe","10":"product_cat-runde-topfe-fur-den-warmen-gebrauch","11":"product_cat-restauration-de","12":"product_cat-runde-topfe-de","13":"product_cat-heise-runde-topfe","15":"first","16":"instock","17":"taxable","18":"shipping-taxable","19":"purchasable","20":"product-type-simple"},"acf":[],"yoast_head":"<!-- This site is optimized with the Yoast SEO Premium plugin v26.6 (Yoast SEO v26.6) - https:\/\/yoast.com\/wordpress\/plugins\/seo\/ -->\n<title>Kunststoffdeckel f\u00fcr runde T\u00f6pfe PP \u00d8101 mm<\/title>\n<meta name=\"description\" content=\"Entdecken Sie unseren Plastikdeckel f\u00fcr runde T\u00f6pfe aus PP! Wir bieten Ihnen eine Packung mit 100 Deckeln aus widerstandsf\u00e4higem und luftdichtem PP an.\" \/>\n<meta name=\"robots\" content=\"index, follow, max-snippet:-1, max-image-preview:large, max-video-preview:-1\" \/>\n<link rel=\"canonical\" href=\"https:\/\/www.csj-emballages.com\/de\/produit\/100-deckel-fuer-runde-toepfe-pp-o101-mm\/\" \/>\n<meta property=\"og:locale\" content=\"de_DE\" \/>\n<meta property=\"og:type\" content=\"article\" \/>\n<meta property=\"og:title\" content=\"Plastikdeckel f\u00fcr runde T\u00f6pfe PP \u00d8101 mm pro 100\" \/>\n<meta property=\"og:description\" content=\"Entdecken Sie unseren Plastikdeckel f\u00fcr runde T\u00f6pfe aus PP! Wir bieten Ihnen eine Packung mit 100 Deckeln aus widerstandsf\u00e4higem und luftdichtem PP an.\" \/>\n<meta property=\"og:url\" content=\"https:\/\/www.csj-emballages.com\/de\/produit\/100-deckel-fuer-runde-toepfe-pp-o101-mm\/\" \/>\n<meta property=\"og:site_name\" content=\"CSJ Emballages\" \/>\n<meta property=\"article:publisher\" content=\"https:\/\/www.facebook.com\/csjemballages\" \/>\n<meta property=\"article:modified_time\" content=\"2026-05-08T00:12:40+00:00\" \/>\n<meta property=\"og:image\" content=\"https:\/\/www.csj-emballages.com\/wp-content\/uploads\/2024\/03\/COUV-POT-ROND-FROID.webp\" \/>\n\t<meta property=\"og:image:width\" content=\"800\" \/>\n\t<meta property=\"og:image:height\" content=\"800\" \/>\n\t<meta property=\"og:image:type\" content=\"image\/webp\" \/>\n<meta name=\"twitter:card\" content=\"summary_large_image\" \/>\n<meta name=\"twitter:label1\" content=\"Gesch\u00e4tzte Lesezeit\" \/>\n\t<meta name=\"twitter:data1\" content=\"2 Minuten\" \/>\n<script type=\"application\/ld+json\" class=\"yoast-schema-graph\">{\"@context\":\"https:\/\/schema.org\",\"@graph\":[{\"@type\":\"WebPage\",\"@id\":\"https:\/\/www.csj-emballages.com\/de\/produit\/100-deckel-fuer-runde-toepfe-pp-o101-mm\/\",\"url\":\"https:\/\/www.csj-emballages.com\/de\/produit\/100-deckel-fuer-runde-toepfe-pp-o101-mm\/\",\"name\":\"Kunststoffdeckel f\u00fcr runde T\u00f6pfe PP \u00d8101 mm\",\"isPartOf\":{\"@id\":\"https:\/\/www.csj-emballages.com\/de\/#website\"},\"primaryImageOfPage\":{\"@id\":\"https:\/\/www.csj-emballages.com\/de\/produit\/100-deckel-fuer-runde-toepfe-pp-o101-mm\/#primaryimage\"},\"image\":{\"@id\":\"https:\/\/www.csj-emballages.com\/de\/produit\/100-deckel-fuer-runde-toepfe-pp-o101-mm\/#primaryimage\"},\"thumbnailUrl\":\"https:\/\/www.csj-emballages.com\/wp-content\/uploads\/2024\/03\/COUV-POT-ROND-FROID.webp\",\"datePublished\":\"2024-03-01T15:54:44+00:00\",\"dateModified\":\"2026-05-08T00:12:40+00:00\",\"description\":\"Entdecken Sie unseren Plastikdeckel f\u00fcr runde T\u00f6pfe aus PP! Wir bieten Ihnen eine Packung mit 100 Deckeln aus widerstandsf\u00e4higem und luftdichtem PP an.\",\"breadcrumb\":{\"@id\":\"https:\/\/www.csj-emballages.com\/de\/produit\/100-deckel-fuer-runde-toepfe-pp-o101-mm\/#breadcrumb\"},\"inLanguage\":\"de\",\"potentialAction\":[{\"@type\":\"ReadAction\",\"target\":[\"https:\/\/www.csj-emballages.com\/de\/produit\/100-deckel-fuer-runde-toepfe-pp-o101-mm\/\"]}]},{\"@type\":\"ImageObject\",\"inLanguage\":\"de\",\"@id\":\"https:\/\/www.csj-emballages.com\/de\/produit\/100-deckel-fuer-runde-toepfe-pp-o101-mm\/#primaryimage\",\"url\":\"https:\/\/www.csj-emballages.com\/wp-content\/uploads\/2024\/03\/COUV-POT-ROND-FROID.webp\",\"contentUrl\":\"https:\/\/www.csj-emballages.com\/wp-content\/uploads\/2024\/03\/COUV-POT-ROND-FROID.webp\",\"width\":800,\"height\":800,\"caption\":\"Couvercle plastique\"},{\"@type\":\"BreadcrumbList\",\"@id\":\"https:\/\/www.csj-emballages.com\/de\/produit\/100-deckel-fuer-runde-toepfe-pp-o101-mm\/#breadcrumb\",\"itemListElement\":[{\"@type\":\"ListItem\",\"position\":1,\"name\":\"Accueil\",\"item\":\"https:\/\/www.csj-emballages.com\/de\/universum-lebensmittelverpackungen\/\"},{\"@type\":\"ListItem\",\"position\":2,\"name\":\"Shop\",\"item\":\"https:\/\/www.csj-emballages.com\/shop\/\"},{\"@type\":\"ListItem\",\"position\":3,\"name\":\"Plastikdeckel f\u00fcr runde T\u00f6pfe PP \u00d8101 mm pro 100\"}]},{\"@type\":\"WebSite\",\"@id\":\"https:\/\/www.csj-emballages.com\/de\/#website\",\"url\":\"https:\/\/www.csj-emballages.com\/de\/\",\"name\":\"CSJ Emballages\",\"description\":\"\",\"publisher\":{\"@id\":\"https:\/\/www.csj-emballages.com\/de\/#organization\"},\"potentialAction\":[{\"@type\":\"SearchAction\",\"target\":{\"@type\":\"EntryPoint\",\"urlTemplate\":\"https:\/\/www.csj-emballages.com\/de\/?s={search_term_string}\"},\"query-input\":{\"@type\":\"PropertyValueSpecification\",\"valueRequired\":true,\"valueName\":\"search_term_string\"}}],\"inLanguage\":\"de\"},{\"@type\":\"Organization\",\"@id\":\"https:\/\/www.csj-emballages.com\/de\/#Organization\/\",\"name\":\"CSJ Emballages\",\"url\":\"https:\/\/www.csj-emballages.com\/de\/\",\"logo\":{\"@type\":\"ImageObject\",\"inLanguage\":\"de\",\"@id\":\"https:\/\/www.csj-emballages.com\/de\/#\/schema\/logo\/image\/\",\"url\":\"https:\/\/www.csj-emballages.com\/wp-content\/uploads\/2023\/10\/logo_csj.webp\",\"contentUrl\":\"https:\/\/www.csj-emballages.com\/wp-content\/uploads\/2023\/10\/logo_csj.webp\",\"width\":250,\"height\":95,\"caption\":\"CSJ Emballages\"},\"image\":{\"@id\":\"https:\/\/www.csj-emballages.com\/de\/#\/schema\/logo\/image\/\"},\"sameAs\":[\"https:\/\/www.facebook.com\/csjemballages\"],\"address\":{\"@type\":\"PostalAddress\",\"streetAddress\":\"ZI La Lechere\",\"addressLocality\":\"Patornay\",\"postalCode\":\"39130\",\"addressCountry\":\"FR\"},\"contactPoint\":[{\"@type\":\"ContactPoint\",\"contactType\":\"Service client\",\"telephone\":\"0384254272\",\"email\":\"contact@csj-emballages.com\"}]}]}<\/script>\n<!-- \/ Yoast SEO Premium plugin. -->","yoast_head_json":{"title":"Kunststoffdeckel f\u00fcr runde T\u00f6pfe PP \u00d8101 mm","description":"Entdecken Sie unseren Plastikdeckel f\u00fcr runde T\u00f6pfe aus PP! Wir bieten Ihnen eine Packung mit 100 Deckeln aus widerstandsf\u00e4higem und luftdichtem PP an.","robots":{"index":"index","follow":"follow","max-snippet":"max-snippet:-1","max-image-preview":"max-image-preview:large","max-video-preview":"max-video-preview:-1"},"canonical":"https:\/\/www.csj-emballages.com\/de\/produit\/100-deckel-fuer-runde-toepfe-pp-o101-mm\/","og_locale":"de_DE","og_type":"article","og_title":"Plastikdeckel f\u00fcr runde T\u00f6pfe PP \u00d8101 mm pro 100","og_description":"Entdecken Sie unseren Plastikdeckel f\u00fcr runde T\u00f6pfe aus PP! Wir bieten Ihnen eine Packung mit 100 Deckeln aus widerstandsf\u00e4higem und luftdichtem PP an.","og_url":"https:\/\/www.csj-emballages.com\/de\/produit\/100-deckel-fuer-runde-toepfe-pp-o101-mm\/","og_site_name":"CSJ Emballages","article_publisher":"https:\/\/www.facebook.com\/csjemballages","article_modified_time":"2026-05-08T00:12:40+00:00","og_image":[{"width":800,"height":800,"url":"https:\/\/www.csj-emballages.com\/wp-content\/uploads\/2024\/03\/COUV-POT-ROND-FROID.webp","type":"image\/webp"}],"twitter_card":"summary_large_image","twitter_misc":{"Gesch\u00e4tzte Lesezeit":"2 Minuten"},"schema":{"@context":"https:\/\/schema.org","@graph":[{"@type":"WebPage","@id":"https:\/\/www.csj-emballages.com\/de\/produit\/100-deckel-fuer-runde-toepfe-pp-o101-mm\/","url":"https:\/\/www.csj-emballages.com\/de\/produit\/100-deckel-fuer-runde-toepfe-pp-o101-mm\/","name":"Kunststoffdeckel f\u00fcr runde T\u00f6pfe PP \u00d8101 mm","isPartOf":{"@id":"https:\/\/www.csj-emballages.com\/de\/#website"},"primaryImageOfPage":{"@id":"https:\/\/www.csj-emballages.com\/de\/produit\/100-deckel-fuer-runde-toepfe-pp-o101-mm\/#primaryimage"},"image":{"@id":"https:\/\/www.csj-emballages.com\/de\/produit\/100-deckel-fuer-runde-toepfe-pp-o101-mm\/#primaryimage"},"thumbnailUrl":"https:\/\/www.csj-emballages.com\/wp-content\/uploads\/2024\/03\/COUV-POT-ROND-FROID.webp","datePublished":"2024-03-01T15:54:44+00:00","dateModified":"2026-05-08T00:12:40+00:00","description":"Entdecken Sie unseren Plastikdeckel f\u00fcr runde T\u00f6pfe aus PP! Wir bieten Ihnen eine Packung mit 100 Deckeln aus widerstandsf\u00e4higem und luftdichtem PP an.","breadcrumb":{"@id":"https:\/\/www.csj-emballages.com\/de\/produit\/100-deckel-fuer-runde-toepfe-pp-o101-mm\/#breadcrumb"},"inLanguage":"de","potentialAction":[{"@type":"ReadAction","target":["https:\/\/www.csj-emballages.com\/de\/produit\/100-deckel-fuer-runde-toepfe-pp-o101-mm\/"]}]},{"@type":"ImageObject","inLanguage":"de","@id":"https:\/\/www.csj-emballages.com\/de\/produit\/100-deckel-fuer-runde-toepfe-pp-o101-mm\/#primaryimage","url":"https:\/\/www.csj-emballages.com\/wp-content\/uploads\/2024\/03\/COUV-POT-ROND-FROID.webp","contentUrl":"https:\/\/www.csj-emballages.com\/wp-content\/uploads\/2024\/03\/COUV-POT-ROND-FROID.webp","width":800,"height":800,"caption":"Couvercle plastique"},{"@type":"BreadcrumbList","@id":"https:\/\/www.csj-emballages.com\/de\/produit\/100-deckel-fuer-runde-toepfe-pp-o101-mm\/#breadcrumb","itemListElement":[{"@type":"ListItem","position":1,"name":"Accueil","item":"https:\/\/www.csj-emballages.com\/de\/universum-lebensmittelverpackungen\/"},{"@type":"ListItem","position":2,"name":"Shop","item":"https:\/\/www.csj-emballages.com\/shop\/"},{"@type":"ListItem","position":3,"name":"Plastikdeckel f\u00fcr runde T\u00f6pfe PP \u00d8101 mm pro 100"}]},{"@type":"WebSite","@id":"https:\/\/www.csj-emballages.com\/de\/#website","url":"https:\/\/www.csj-emballages.com\/de\/","name":"CSJ Emballages","description":"","publisher":{"@id":"https:\/\/www.csj-emballages.com\/de\/#organization"},"potentialAction":[{"@type":"SearchAction","target":{"@type":"EntryPoint","urlTemplate":"https:\/\/www.csj-emballages.com\/de\/?s={search_term_string}"},"query-input":{"@type":"PropertyValueSpecification","valueRequired":true,"valueName":"search_term_string"}}],"inLanguage":"de"},{"@type":"Organization","@id":"https:\/\/www.csj-emballages.com\/de\/#Organization\/","name":"CSJ Emballages","url":"https:\/\/www.csj-emballages.com\/de\/","logo":{"@type":"ImageObject","inLanguage":"de","@id":"https:\/\/www.csj-emballages.com\/de\/#\/schema\/logo\/image\/","url":"https:\/\/www.csj-emballages.com\/wp-content\/uploads\/2023\/10\/logo_csj.webp","contentUrl":"https:\/\/www.csj-emballages.com\/wp-content\/uploads\/2023\/10\/logo_csj.webp","width":250,"height":95,"caption":"CSJ Emballages"},"image":{"@id":"https:\/\/www.csj-emballages.com\/de\/#\/schema\/logo\/image\/"},"sameAs":["https:\/\/www.facebook.com\/csjemballages"],"address":{"@type":"PostalAddress","streetAddress":"ZI La Lechere","addressLocality":"Patornay","postalCode":"39130","addressCountry":"FR"},"contactPoint":[{"@type":"ContactPoint","contactType":"Service client","telephone":"0384254272","email":"contact@csj-emballages.com"}]}]}},"df_price":3.8,"df_sale_price":"","df_regular_price":3.8,"df_image_link":"https:\/\/www.csj-emballages.com\/wp-content\/uploads\/2024\/03\/COUV-POT-ROND-FROID-300x300.webp","tiered_pricing_type":"fixed","tiered_pricing_fixed_rules":[],"tiered_pricing_percentage_rules":[],"tiered_pricing_minimum":1,"tiered_pricing_roles_data":[],"_links":{"self":[{"href":"https:\/\/www.csj-emballages.com\/de\/wp-json\/wp\/v2\/product\/20328","targetHints":{"allow":["GET"]}}],"collection":[{"href":"https:\/\/www.csj-emballages.com\/de\/wp-json\/wp\/v2\/product"}],"about":[{"href":"https:\/\/www.csj-emballages.com\/de\/wp-json\/wp\/v2\/types\/product"}],"wp:featuredmedia":[{"embeddable":true,"href":"https:\/\/www.csj-emballages.com\/de\/wp-json\/wp\/v2\/media\/203618"}],"wp:attachment":[{"href":"https:\/\/www.csj-emballages.com\/de\/wp-json\/wp\/v2\/media?parent=20328"}],"wp:term":[{"taxonomy":"product_brand","embeddable":true,"href":"https:\/\/www.csj-emballages.com\/de\/wp-json\/wp\/v2\/product_brand?post=20328"},{"taxonomy":"product_cat","embeddable":true,"href":"https:\/\/www.csj-emballages.com\/de\/wp-json\/wp\/v2\/product_cat?post=20328"},{"taxonomy":"product_tag","embeddable":true,"href":"https:\/\/www.csj-emballages.com\/de\/wp-json\/wp\/v2\/product_tag?post=20328"}],"curies":[{"name":"wp","href":"https:\/\/api.w.org\/{rel}","templated":true}]}}