{"id":20325,"date":"2024-03-01T16:54:42","date_gmt":"2024-03-01T15:54:42","guid":{"rendered":"https:\/\/u15jnbdpoq.preview.infomaniak.website\/produit\/20-plastikdeckel-fuer-ref-coadry20\/"},"modified":"2026-03-12T16:21:34","modified_gmt":"2026-03-12T15:21:34","slug":"20-plastikdeckel-fuer-ref-coadry20","status":"publish","type":"product","link":"https:\/\/www.csj-emballages.com\/de\/produit\/20-plastikdeckel-fuer-ref-coadry20\/","title":{"rendered":"Plastikdeckel f\u00fcr Coadry20 pro 20 St\u00fcck"},"content":{"rendered":"<h2>Plastikdeckel<\/h2>\n<hr>\n<h3>Beschreibung unseres Plastikdeckels f\u00fcr Coadry20 pro 20 St\u00fcck<\/h3>\n<p><!--more--><\/p>\n<p data-start=\"234\" data-end=\"568\">Der <strong>Kunststoffdeckel f\u00fcr Verrinen<\/strong> <strong><span style=\"color: #d12727;\"><a style=\"color: #d12727;\" href=\"https:\/\/www.csj-emballages.com\/es\/produit\/20-vasos-de-postre-coadry20-de-plastico-200-ml\/\">Coadry20<\/a><\/span><\/strong> ist speziell daf\u00fcr konzipiert, einen praktischen und sicheren Verschluss der <strong>200 ml Coadry Verrinen<\/strong> zu gew\u00e4hrleisten. Ideal f\u00fcr Caterer, Konditoren, Gastronomen und Eventprofis sch\u00fctzt er Ihre Zubereitungen effektiv und bewahrt gleichzeitig deren ansprechende Pr\u00e4sentation. <\/p>\n<p data-start=\"570\" data-end=\"886\">Dieser <strong>Deckel<\/strong>, hergestellt aus lebensmittelechtem, <strong>transparentem Kunststoff<\/strong>, erm\u00f6glicht eine optimale Sicht auf den Inhalt. Er pr\u00e4sentiert <strong>Desserts, kalte Vorspeisen, Mousses, Aperitif-Verrinen oder Feinkostzubereitungen<\/strong> ansprechend und sch\u00fctzt sie gleichzeitig vor externen Verunreinigungen und dem Risiko des Versch\u00fcttens. <\/p>\n<p data-start=\"888\" data-end=\"1155\">Dar\u00fcber hinaus gew\u00e4hrleistet sein Design einen pr\u00e4zisen Sitz auf der <strong><span style=\"color: #d12727;\"><a style=\"color: #d12727;\" href=\"https:\/\/www.csj-emballages.com\/es\/produit\/20-vasos-de-postre-coadry20-de-plastico-200-ml\/\">Coadry20<\/a><\/span> Verrine<\/strong>, was einen sicheren Halt w\u00e4hrend des Transports oder der Lagerung in K\u00fchlvitrinen garantiert. Leicht zu positionieren und zu entfernen, vereinfacht er die Arbeit im Labor und optimiert den Service im Au\u00dfer-Haus-Verkauf. <\/p>\n<p data-start=\"1157\" data-end=\"1317\">Zusammenfassend ist dieser <strong>Deckel<\/strong>, verkauft im Set von <strong>20 St\u00fcck<\/strong>, eine ausgezeichnete L\u00f6sung.<\/p>\n<p>&nbsp;<\/p>\n<p><!--more--><\/p>\n<h4>Vorteile :<\/h4>\n<ul>\n<li data-start=\"1355\" data-end=\"1399\">Kompatibel mit der <strong><span style=\"color: #d12727;\"><a style=\"color: #d12727;\" href=\"https:\/\/www.csj-emballages.com\/es\/produit\/20-vasos-de-postre-coadry20-de-plastico-200-ml\/\">Coadry20<\/a><\/span><\/strong> <strong>200 ml<\/strong> Verrine.<\/li>\n<li data-start=\"1490\" data-end=\"1534\">Sch\u00fctzt Zubereitungen w\u00e4hrend des Transports.<\/li>\n<li data-start=\"1537\" data-end=\"1573\">Optimale Pr\u00e4sentation des Inhalts.<\/li>\n<li data-start=\"1576\" data-end=\"1609\">F\u00fcr K\u00fchlvitrinen geeignet.<\/li>\n<li data-start=\"1635\" data-end=\"1679\">Praktische Verpackung mit <strong>20 Deckeln<\/strong>.<\/li>\n<\/ul>\n<p>&nbsp;<\/p>\n<p><!--more--><\/p>\n<h4>Weitere Informationen :<\/h4>\n<ul>\n<li><strong>Abmessungen<\/strong>: 70 x 70 x 18 ( L x B x H in mm).<\/li>\n<li><strong>Verpackung<\/strong>: Packungen zu 20<\/li>\n<li><strong>Material<\/strong>: PET<\/li>\n<\/ul>\n<p>&nbsp;<\/p>\n<p><!--more--><\/p>\n<p>Finden Sie hier das passende Glas zu diesem Produkt. <span style=\"color: #d12727;\"><a style=\"color: #d12727;\" href=\"https:\/\/www.csj-emballages.com\/es\/produit\/20-vasos-de-postre-coadry20-de-plastico-200-ml\/\">VERCOADRY20<\/a><\/span><\/p>\n<p>&nbsp;<\/p>\n<p><!--more--><\/p>\n<p><a href=\"https:\/\/www.csj-emballages.com\/de\/categorie-produit\/lebensmittelverpackungen\/metzgerei-und-feinkostgeschaft\/schalen-topfe-glaser\/dessertschalen\/\">Entdecken Sie den Rest unseres Sortiments an Dessertschalen<\/a><\/p>\n","protected":false},"excerpt":{"rendered":"<p>Plastikdeckel Beschreibung unseres Plastikdeckels f\u00fcr Coadry20 pro 20 St\u00fcck<\/p>\n","protected":false},"featured_media":218696,"template":"","meta":{"_acf_changed":false},"product_brand":[],"product_cat":[1137,1170,1279,1464],"product_tag":[],"class_list":{"0":"post-20325","1":"product","2":"type-product","3":"status-publish","4":"has-post-thumbnail","6":"product_cat-lebensmittelverpackungen","7":"product_cat-metzgerei-und-feinkostgeschaft","8":"product_cat-schalen-topfe-glaser","9":"product_cat-dessertschalen","11":"first","12":"instock","13":"taxable","14":"shipping-taxable","15":"purchasable","16":"product-type-simple"},"acf":[],"yoast_head":"<!-- This site is optimized with the Yoast SEO Premium plugin v26.6 (Yoast SEO v26.6) - https:\/\/yoast.com\/wordpress\/plugins\/seo\/ -->\n<title>Kunststoffdeckel f\u00fcr Coadry20<\/title>\n<meta name=\"description\" content=\"Kunststoffdeckel f\u00fcr Coadry20, perfekt f\u00fcr einen luftdichten und sicheren Verschluss. Praktisch und robust, ideal f\u00fcr den Transport.\" \/>\n<meta name=\"robots\" content=\"index, follow, max-snippet:-1, max-image-preview:large, max-video-preview:-1\" \/>\n<link rel=\"canonical\" href=\"https:\/\/www.csj-emballages.com\/de\/produit\/20-plastikdeckel-fuer-ref-coadry20\/\" \/>\n<meta property=\"og:locale\" content=\"de_DE\" \/>\n<meta property=\"og:type\" content=\"article\" \/>\n<meta property=\"og:title\" content=\"Plastikdeckel f\u00fcr Coadry20 pro 20 St\u00fcck\" \/>\n<meta property=\"og:description\" content=\"Kunststoffdeckel f\u00fcr Coadry20, perfekt f\u00fcr einen luftdichten und sicheren Verschluss. Praktisch und robust, ideal f\u00fcr den Transport.\" \/>\n<meta property=\"og:url\" content=\"https:\/\/www.csj-emballages.com\/de\/produit\/20-plastikdeckel-fuer-ref-coadry20\/\" \/>\n<meta property=\"og:site_name\" content=\"CSJ Emballages\" \/>\n<meta property=\"article:publisher\" content=\"https:\/\/www.facebook.com\/csjemballages\" \/>\n<meta property=\"article:modified_time\" content=\"2026-03-12T15:21:34+00:00\" \/>\n<meta property=\"og:image\" content=\"https:\/\/www.csj-emballages.com\/wp-content\/uploads\/2024\/03\/COUV-COADRY-20.webp\" \/>\n\t<meta property=\"og:image:width\" content=\"800\" \/>\n\t<meta property=\"og:image:height\" content=\"800\" \/>\n\t<meta property=\"og:image:type\" content=\"image\/webp\" \/>\n<meta name=\"twitter:card\" content=\"summary_large_image\" \/>\n<meta name=\"twitter:label1\" content=\"Gesch\u00e4tzte Lesezeit\" \/>\n\t<meta name=\"twitter:data1\" content=\"1\u00a0Minute\" \/>\n<script type=\"application\/ld+json\" class=\"yoast-schema-graph\">{\"@context\":\"https:\/\/schema.org\",\"@graph\":[{\"@type\":\"WebPage\",\"@id\":\"https:\/\/www.csj-emballages.com\/de\/produit\/20-plastikdeckel-fuer-ref-coadry20\/\",\"url\":\"https:\/\/www.csj-emballages.com\/de\/produit\/20-plastikdeckel-fuer-ref-coadry20\/\",\"name\":\"Kunststoffdeckel f\u00fcr Coadry20\",\"isPartOf\":{\"@id\":\"https:\/\/www.csj-emballages.com\/de\/#website\"},\"primaryImageOfPage\":{\"@id\":\"https:\/\/www.csj-emballages.com\/de\/produit\/20-plastikdeckel-fuer-ref-coadry20\/#primaryimage\"},\"image\":{\"@id\":\"https:\/\/www.csj-emballages.com\/de\/produit\/20-plastikdeckel-fuer-ref-coadry20\/#primaryimage\"},\"thumbnailUrl\":\"https:\/\/www.csj-emballages.com\/wp-content\/uploads\/2024\/03\/COUV-COADRY-20.webp\",\"datePublished\":\"2024-03-01T15:54:42+00:00\",\"dateModified\":\"2026-03-12T15:21:34+00:00\",\"description\":\"Kunststoffdeckel f\u00fcr Coadry20, perfekt f\u00fcr einen luftdichten und sicheren Verschluss. Praktisch und robust, ideal f\u00fcr den Transport.\",\"breadcrumb\":{\"@id\":\"https:\/\/www.csj-emballages.com\/de\/produit\/20-plastikdeckel-fuer-ref-coadry20\/#breadcrumb\"},\"inLanguage\":\"de\",\"potentialAction\":[{\"@type\":\"ReadAction\",\"target\":[\"https:\/\/www.csj-emballages.com\/de\/produit\/20-plastikdeckel-fuer-ref-coadry20\/\"]}]},{\"@type\":\"ImageObject\",\"inLanguage\":\"de\",\"@id\":\"https:\/\/www.csj-emballages.com\/de\/produit\/20-plastikdeckel-fuer-ref-coadry20\/#primaryimage\",\"url\":\"https:\/\/www.csj-emballages.com\/wp-content\/uploads\/2024\/03\/COUV-COADRY-20.webp\",\"contentUrl\":\"https:\/\/www.csj-emballages.com\/wp-content\/uploads\/2024\/03\/COUV-COADRY-20.webp\",\"width\":800,\"height\":800,\"caption\":\"Couvercle plastique\"},{\"@type\":\"BreadcrumbList\",\"@id\":\"https:\/\/www.csj-emballages.com\/de\/produit\/20-plastikdeckel-fuer-ref-coadry20\/#breadcrumb\",\"itemListElement\":[{\"@type\":\"ListItem\",\"position\":1,\"name\":\"Accueil\",\"item\":\"https:\/\/www.csj-emballages.com\/de\/universum-lebensmittelverpackungen\/\"},{\"@type\":\"ListItem\",\"position\":2,\"name\":\"Shop\",\"item\":\"https:\/\/www.csj-emballages.com\/shop\/\"},{\"@type\":\"ListItem\",\"position\":3,\"name\":\"Plastikdeckel f\u00fcr Coadry20 pro 20 St\u00fcck\"}]},{\"@type\":\"WebSite\",\"@id\":\"https:\/\/www.csj-emballages.com\/de\/#website\",\"url\":\"https:\/\/www.csj-emballages.com\/de\/\",\"name\":\"CSJ Emballages\",\"description\":\"\",\"publisher\":{\"@id\":\"https:\/\/www.csj-emballages.com\/de\/#organization\"},\"potentialAction\":[{\"@type\":\"SearchAction\",\"target\":{\"@type\":\"EntryPoint\",\"urlTemplate\":\"https:\/\/www.csj-emballages.com\/de\/?s={search_term_string}\"},\"query-input\":{\"@type\":\"PropertyValueSpecification\",\"valueRequired\":true,\"valueName\":\"search_term_string\"}}],\"inLanguage\":\"de\"},{\"@type\":\"Organization\",\"@id\":\"https:\/\/www.csj-emballages.com\/de\/#Organization\/\",\"name\":\"CSJ Emballages\",\"url\":\"https:\/\/www.csj-emballages.com\/de\/\",\"logo\":{\"@type\":\"ImageObject\",\"inLanguage\":\"de\",\"@id\":\"https:\/\/www.csj-emballages.com\/de\/#\/schema\/logo\/image\/\",\"url\":\"https:\/\/www.csj-emballages.com\/wp-content\/uploads\/2023\/10\/logo_csj.webp\",\"contentUrl\":\"https:\/\/www.csj-emballages.com\/wp-content\/uploads\/2023\/10\/logo_csj.webp\",\"width\":250,\"height\":95,\"caption\":\"CSJ Emballages\"},\"image\":{\"@id\":\"https:\/\/www.csj-emballages.com\/de\/#\/schema\/logo\/image\/\"},\"sameAs\":[\"https:\/\/www.facebook.com\/csjemballages\"],\"address\":{\"@type\":\"PostalAddress\",\"streetAddress\":\"ZI La Lechere\",\"addressLocality\":\"Patornay\",\"postalCode\":\"39130\",\"addressCountry\":\"FR\"},\"contactPoint\":[{\"@type\":\"ContactPoint\",\"contactType\":\"Service client\",\"telephone\":\"0384254272\",\"email\":\"contact@csj-emballages.com\"}]}]}<\/script>\n<!-- \/ Yoast SEO Premium plugin. -->","yoast_head_json":{"title":"Kunststoffdeckel f\u00fcr Coadry20","description":"Kunststoffdeckel f\u00fcr Coadry20, perfekt f\u00fcr einen luftdichten und sicheren Verschluss. Praktisch und robust, ideal f\u00fcr den Transport.","robots":{"index":"index","follow":"follow","max-snippet":"max-snippet:-1","max-image-preview":"max-image-preview:large","max-video-preview":"max-video-preview:-1"},"canonical":"https:\/\/www.csj-emballages.com\/de\/produit\/20-plastikdeckel-fuer-ref-coadry20\/","og_locale":"de_DE","og_type":"article","og_title":"Plastikdeckel f\u00fcr Coadry20 pro 20 St\u00fcck","og_description":"Kunststoffdeckel f\u00fcr Coadry20, perfekt f\u00fcr einen luftdichten und sicheren Verschluss. Praktisch und robust, ideal f\u00fcr den Transport.","og_url":"https:\/\/www.csj-emballages.com\/de\/produit\/20-plastikdeckel-fuer-ref-coadry20\/","og_site_name":"CSJ Emballages","article_publisher":"https:\/\/www.facebook.com\/csjemballages","article_modified_time":"2026-03-12T15:21:34+00:00","og_image":[{"width":800,"height":800,"url":"https:\/\/www.csj-emballages.com\/wp-content\/uploads\/2024\/03\/COUV-COADRY-20.webp","type":"image\/webp"}],"twitter_card":"summary_large_image","twitter_misc":{"Gesch\u00e4tzte Lesezeit":"1\u00a0Minute"},"schema":{"@context":"https:\/\/schema.org","@graph":[{"@type":"WebPage","@id":"https:\/\/www.csj-emballages.com\/de\/produit\/20-plastikdeckel-fuer-ref-coadry20\/","url":"https:\/\/www.csj-emballages.com\/de\/produit\/20-plastikdeckel-fuer-ref-coadry20\/","name":"Kunststoffdeckel f\u00fcr Coadry20","isPartOf":{"@id":"https:\/\/www.csj-emballages.com\/de\/#website"},"primaryImageOfPage":{"@id":"https:\/\/www.csj-emballages.com\/de\/produit\/20-plastikdeckel-fuer-ref-coadry20\/#primaryimage"},"image":{"@id":"https:\/\/www.csj-emballages.com\/de\/produit\/20-plastikdeckel-fuer-ref-coadry20\/#primaryimage"},"thumbnailUrl":"https:\/\/www.csj-emballages.com\/wp-content\/uploads\/2024\/03\/COUV-COADRY-20.webp","datePublished":"2024-03-01T15:54:42+00:00","dateModified":"2026-03-12T15:21:34+00:00","description":"Kunststoffdeckel f\u00fcr Coadry20, perfekt f\u00fcr einen luftdichten und sicheren Verschluss. Praktisch und robust, ideal f\u00fcr den Transport.","breadcrumb":{"@id":"https:\/\/www.csj-emballages.com\/de\/produit\/20-plastikdeckel-fuer-ref-coadry20\/#breadcrumb"},"inLanguage":"de","potentialAction":[{"@type":"ReadAction","target":["https:\/\/www.csj-emballages.com\/de\/produit\/20-plastikdeckel-fuer-ref-coadry20\/"]}]},{"@type":"ImageObject","inLanguage":"de","@id":"https:\/\/www.csj-emballages.com\/de\/produit\/20-plastikdeckel-fuer-ref-coadry20\/#primaryimage","url":"https:\/\/www.csj-emballages.com\/wp-content\/uploads\/2024\/03\/COUV-COADRY-20.webp","contentUrl":"https:\/\/www.csj-emballages.com\/wp-content\/uploads\/2024\/03\/COUV-COADRY-20.webp","width":800,"height":800,"caption":"Couvercle plastique"},{"@type":"BreadcrumbList","@id":"https:\/\/www.csj-emballages.com\/de\/produit\/20-plastikdeckel-fuer-ref-coadry20\/#breadcrumb","itemListElement":[{"@type":"ListItem","position":1,"name":"Accueil","item":"https:\/\/www.csj-emballages.com\/de\/universum-lebensmittelverpackungen\/"},{"@type":"ListItem","position":2,"name":"Shop","item":"https:\/\/www.csj-emballages.com\/shop\/"},{"@type":"ListItem","position":3,"name":"Plastikdeckel f\u00fcr Coadry20 pro 20 St\u00fcck"}]},{"@type":"WebSite","@id":"https:\/\/www.csj-emballages.com\/de\/#website","url":"https:\/\/www.csj-emballages.com\/de\/","name":"CSJ Emballages","description":"","publisher":{"@id":"https:\/\/www.csj-emballages.com\/de\/#organization"},"potentialAction":[{"@type":"SearchAction","target":{"@type":"EntryPoint","urlTemplate":"https:\/\/www.csj-emballages.com\/de\/?s={search_term_string}"},"query-input":{"@type":"PropertyValueSpecification","valueRequired":true,"valueName":"search_term_string"}}],"inLanguage":"de"},{"@type":"Organization","@id":"https:\/\/www.csj-emballages.com\/de\/#Organization\/","name":"CSJ Emballages","url":"https:\/\/www.csj-emballages.com\/de\/","logo":{"@type":"ImageObject","inLanguage":"de","@id":"https:\/\/www.csj-emballages.com\/de\/#\/schema\/logo\/image\/","url":"https:\/\/www.csj-emballages.com\/wp-content\/uploads\/2023\/10\/logo_csj.webp","contentUrl":"https:\/\/www.csj-emballages.com\/wp-content\/uploads\/2023\/10\/logo_csj.webp","width":250,"height":95,"caption":"CSJ Emballages"},"image":{"@id":"https:\/\/www.csj-emballages.com\/de\/#\/schema\/logo\/image\/"},"sameAs":["https:\/\/www.facebook.com\/csjemballages"],"address":{"@type":"PostalAddress","streetAddress":"ZI La Lechere","addressLocality":"Patornay","postalCode":"39130","addressCountry":"FR"},"contactPoint":[{"@type":"ContactPoint","contactType":"Service client","telephone":"0384254272","email":"contact@csj-emballages.com"}]}]}},"df_price":2.02,"df_sale_price":"","df_regular_price":2.02,"df_image_link":"https:\/\/www.csj-emballages.com\/wp-content\/uploads\/2024\/03\/COUV-COADRY-20-300x300.webp","tiered_pricing_type":"fixed","tiered_pricing_fixed_rules":[],"tiered_pricing_percentage_rules":[],"tiered_pricing_minimum":1,"tiered_pricing_roles_data":[],"_links":{"self":[{"href":"https:\/\/www.csj-emballages.com\/de\/wp-json\/wp\/v2\/product\/20325","targetHints":{"allow":["GET"]}}],"collection":[{"href":"https:\/\/www.csj-emballages.com\/de\/wp-json\/wp\/v2\/product"}],"about":[{"href":"https:\/\/www.csj-emballages.com\/de\/wp-json\/wp\/v2\/types\/product"}],"wp:featuredmedia":[{"embeddable":true,"href":"https:\/\/www.csj-emballages.com\/de\/wp-json\/wp\/v2\/media\/218696"}],"wp:attachment":[{"href":"https:\/\/www.csj-emballages.com\/de\/wp-json\/wp\/v2\/media?parent=20325"}],"wp:term":[{"taxonomy":"product_brand","embeddable":true,"href":"https:\/\/www.csj-emballages.com\/de\/wp-json\/wp\/v2\/product_brand?post=20325"},{"taxonomy":"product_cat","embeddable":true,"href":"https:\/\/www.csj-emballages.com\/de\/wp-json\/wp\/v2\/product_cat?post=20325"},{"taxonomy":"product_tag","embeddable":true,"href":"https:\/\/www.csj-emballages.com\/de\/wp-json\/wp\/v2\/product_tag?post=20325"}],"curies":[{"name":"wp","href":"https:\/\/api.w.org\/{rel}","templated":true}]}}