{"id":20321,"date":"2024-03-01T16:54:43","date_gmt":"2024-03-01T15:54:43","guid":{"rendered":"https:\/\/u15jnbdpoq.preview.infomaniak.website\/produit\/25-deckel-fuer-plastikschuessel-kristall-2250ml-sa2250\/"},"modified":"2026-04-29T02:13:35","modified_gmt":"2026-04-29T00:13:35","slug":"25-deckel-fuer-plastikschuessel-kristall-2250ml-sa2250","status":"publish","type":"product","link":"https:\/\/www.csj-emballages.com\/de\/produit\/25-deckel-fuer-plastikschuessel-kristall-2250ml-sa2250\/","title":{"rendered":"Plastikdeckel f\u00fcr Salatsch\u00fcssel 2250ml SA2250 pro 6"},"content":{"rendered":"<h2 class=\"ai-optimize-26\">Plastikdeckel<\/h2>\n<hr>\n<h3 class=\"ai-optimize-27\">Beschreibung von unserem Plastikdeckel f\u00fcr Salatsch\u00fcssel 2250ml SA2250 pro 6<\/h3>\n<p><!--more--><\/p>\n<div class=\"flex max-w-full flex-col flex-grow\">\n<div class=\"min-h-8 text-message flex w-full flex-col items-end gap-2 whitespace-normal break-words text-start [.text-message+&amp;]:mt-5\" dir=\"auto\" data-message-author-role=\"assistant\" data-message-id=\"266ca6f3-5e07-4948-bd20-80ac5e6da4a5\" data-message-model-slug=\"gpt-4o\">\n<div class=\"flex w-full flex-col gap-1 empty:hidden first:pt-[3px]\">\n<div class=\"markdown prose w-full break-words dark:prose-invert dark\">\n<p class=\"ai-optimize-28 ai-optimize-introduction\"><strong>Kunststoffdeckel<\/strong> f\u00fcr <strong>Salatsch\u00fcsseln <\/strong>in <strong>2250 ml<\/strong>. Diese <strong>Deckel<\/strong> sind ideal f\u00fcr den Transport und die sichere Aufbewahrung Ihrer Speisen. <\/p>\n<p>&nbsp;<\/p>\n<h2><!--more--><\/h2>\n<article class=\"w-full scroll-mb-[var(--thread-trailing-height,150px)] text-token-text-primary focus-visible:outline-2 focus-visible:outline-offset-[-4px]\" dir=\"auto\" data-testid=\"conversation-turn-5\" data-scroll-anchor=\"false\">\n<div class=\"m-auto text-base py-[18px] px-3 md:px-4 w-full md:px-5 lg:px-4 xl:px-5\">\n<div class=\"mx-auto flex flex-1 gap-4 text-base md:gap-5 lg:gap-6 md:max-w-3xl lg:max-w-[40rem] xl:max-w-[48rem]\">\n<div class=\"group\/conversation-turn relative flex w-full min-w-0 flex-col agent-turn\">\n<div class=\"flex-col gap-1 md:gap-3\">\n<div class=\"flex max-w-full flex-col flex-grow\">\n<div class=\"min-h-8 text-message flex w-full flex-col items-end gap-2 whitespace-normal break-words text-start [.text-message+&amp;]:mt-5\" dir=\"auto\" data-message-author-role=\"assistant\" data-message-id=\"98a91a6a-6202-4e0c-ad85-3389b1f6ea8a\" data-message-model-slug=\"gpt-4o\">\n<div class=\"flex w-full flex-col gap-1 empty:hidden first:pt-[3px]\">\n<p class=\"ai-optimize-29\"><span style=\"color: #ff0000;\"><a style=\"color: #ff0000;\" href=\"https:\/\/www.csj-emballages.com\/produit\/25-saladier-plastique-cristal-2250ml\/\"><strong>*Schalen werden separat verkauft<\/strong><\/a><\/span><\/p>\n<\/div>\n<\/div>\n<\/div>\n<\/div>\n<\/div>\n<\/div>\n<\/div>\n<\/article>\n<\/div>\n<\/div>\n<\/div>\n<\/div>\n<p>&nbsp;<\/p>\n<p><!--more--><\/p>\n<h4 class=\"ai-optimize-30\">Seine Vorteile :<\/h4>\n<ul>\n<li class=\"ai-optimize-31\"><strong>Sicherer Verschluss<\/strong>: Sorgt f\u00fcr einen luftdichten Verschluss, um ein Auslaufen zu verhindern und Ihre Zubereitungen w\u00e4hrend des Transports zu sch\u00fctzen.<\/li>\n<li class=\"ai-optimize-32\"><strong>Einfacher Transport<\/strong>: Mit einem fest sitzenden Deckel k\u00f6nnen Ihre Gerichte ohne Gefahr des Umkippens transportiert werden, ideal f\u00fcr Mahlzeiten zum Mitnehmen oder f\u00fcr Veranstaltungen.<\/li>\n<li class=\"ai-optimize-33\"><strong>Zweckm\u00e4\u00dfigkeit<\/strong>: Leicht anzubringen und zu entfernen, bleibt aber auch nach der Befestigung fest an seinem Platz.<\/li>\n<li class=\"ai-optimize-34\"><strong>Kompatibel und passend<\/strong>: Perfekt f\u00fcr die Salatsch\u00fcssel. <span style=\"color: #d12727;\"><a style=\"color: #d12727;\" href=\"https:\/\/www.csj-emballages.com\/produit\/25-saladier-plastique-cristal-2250ml\/\">Kunststoffsch\u00fcssel Kristall 2250 ml<\/a><\/span>Die Sch\u00fcssel ist auf die Gr\u00f6\u00dfe der Sch\u00fcssel abgestimmt und garantiert eine genaue Passform.<\/li>\n<li class=\"ai-optimize-35\"><strong>Elegante Transparenz<\/strong>: Wie die Salatsch\u00fcssel erm\u00f6glicht der <strong>transparente Kunststoffdeckel der Salatsch\u00fcssel<\/strong> einen Blick auf den Inhalt, ohne ihn \u00f6ffnen zu m\u00fcssen.<\/li>\n<\/ul>\n<p>&nbsp;<\/p>\n<p><!--more--><\/p>\n<h4 class=\"ai-optimize-36\">Weitere Informationen :<\/h4>\n<ul>\n<li class=\"ai-optimize-37\"><strong>Verpackung<\/strong>: Packung mit 6 St\u00fcck<\/li>\n<li class=\"ai-optimize-38\"><strong>Abmessungen<\/strong>: 260 x 38 ( \u00d8 x H in mm)<\/li>\n<li class=\"ai-optimize-39\"><strong>Material<\/strong>: Polyethylen-Terephthalat (PET)<\/li>\n<li class=\"ai-optimize-40\"><strong>Volumen<\/strong>: 2250 ml<\/li>\n<li class=\"ai-optimize-41\"><strong>Nutzung<\/strong>: Kalt<\/li>\n<li class=\"ai-optimize-42\"><strong>Betriebstemperatur<\/strong>: -40\u00b0C\/+70\u00b0C<\/li>\n<\/ul>\n<p>&nbsp;<\/p>\n<p><!--more--><\/p>\n<p class=\"ai-optimize-43\">Hier finden Sie die Salatsch\u00fcssel, die mit diesem separat verkauften Produkt kompatibel ist: <span style=\"color: #d12727;\"><a style=\"color: #d12727;\" href=\"https:\/\/www.csj-emballages.com\/produit\/25-saladier-plastique-cristal-2250ml\/\">SA2250<\/a><\/span><\/p>\n<p>&nbsp;<\/p>\n<p><!--more--><\/p>\n<p class=\"ai-optimize-44\">Dieser Deckel ist auch f\u00fcr Salatsch\u00fcsseln in 4500 ml erh\u00e4ltlich: <span style=\"color: #d12727;\"><a style=\"color: #d12727;\" href=\"https:\/\/www.csj-emballages.com\/es\/produit\/6-tapas-para-ensaladeras-de-plastico-cristal-de-4500-ml-sa4500\/\">COUVSA4500<\/a><\/span><\/p>\n<p>&nbsp;<\/p>\n<p><!--more--><\/p>\n<p class=\"ai-optimize-45\"><a href=\"\/?product_cat=saladiers\">Sehen Sie sich den Rest unseres Sortiments an Salatsch\u00fcsseln aus Kunststoff an.<\/a><\/p>\n","protected":false},"excerpt":{"rendered":"<p>Plastikdeckel Beschreibung von unserem Plastikdeckel f\u00fcr Salatsch\u00fcssel 2250ml SA2250 pro 6<\/p>\n","protected":false},"featured_media":221027,"template":"","meta":{"_acf_changed":false},"product_brand":[],"product_cat":[2466],"product_tag":[],"class_list":{"0":"post-20321","1":"product","2":"type-product","3":"status-publish","4":"has-post-thumbnail","6":"product_cat-salatschusseln","8":"first","9":"instock","10":"taxable","11":"shipping-taxable","12":"purchasable","13":"product-type-simple"},"acf":[],"yoast_head":"<!-- This site is optimized with the Yoast SEO Premium plugin v26.6 (Yoast SEO v26.6) - https:\/\/yoast.com\/wordpress\/plugins\/seo\/ -->\n<title>Plastikdeckel f\u00fcr Salatsch\u00fcssel 2250ml - SA2250<\/title>\n<meta name=\"description\" content=\"Deckel f\u00fcr Plastiksalatsch\u00fcssel Kristall 2250 ml. Luftdichter Verschluss, optimaler Schutz und transparentes Design f\u00fcr den sicheren Transport Ihrer Gerichte.\" \/>\n<meta name=\"robots\" content=\"index, follow, max-snippet:-1, max-image-preview:large, max-video-preview:-1\" \/>\n<link rel=\"canonical\" href=\"https:\/\/www.csj-emballages.com\/de\/produit\/25-deckel-fuer-plastikschuessel-kristall-2250ml-sa2250\/\" \/>\n<meta property=\"og:locale\" content=\"de_DE\" \/>\n<meta property=\"og:type\" content=\"article\" \/>\n<meta property=\"og:title\" content=\"Plastikdeckel f\u00fcr Salatsch\u00fcssel 2250ml SA2250 pro 6\" \/>\n<meta property=\"og:description\" content=\"Deckel f\u00fcr Plastiksalatsch\u00fcssel Kristall 2250 ml. Luftdichter Verschluss, optimaler Schutz und transparentes Design f\u00fcr den sicheren Transport Ihrer Gerichte.\" \/>\n<meta property=\"og:url\" content=\"https:\/\/www.csj-emballages.com\/de\/produit\/25-deckel-fuer-plastikschuessel-kristall-2250ml-sa2250\/\" \/>\n<meta property=\"og:site_name\" content=\"CSJ Emballages\" \/>\n<meta property=\"article:publisher\" content=\"https:\/\/www.facebook.com\/csjemballages\" \/>\n<meta property=\"article:modified_time\" content=\"2026-04-29T00:13:35+00:00\" \/>\n<meta property=\"og:image\" content=\"https:\/\/www.csj-emballages.com\/wp-content\/uploads\/2024\/03\/COUVSA2250.webp\" \/>\n\t<meta property=\"og:image:width\" content=\"800\" \/>\n\t<meta property=\"og:image:height\" content=\"800\" \/>\n\t<meta property=\"og:image:type\" content=\"image\/webp\" \/>\n<meta name=\"twitter:card\" content=\"summary_large_image\" \/>\n<meta name=\"twitter:label1\" content=\"Gesch\u00e4tzte Lesezeit\" \/>\n\t<meta name=\"twitter:data1\" content=\"1\u00a0Minute\" \/>\n<script type=\"application\/ld+json\" class=\"yoast-schema-graph\">{\"@context\":\"https:\/\/schema.org\",\"@graph\":[{\"@type\":\"WebPage\",\"@id\":\"https:\/\/www.csj-emballages.com\/de\/produit\/25-deckel-fuer-plastikschuessel-kristall-2250ml-sa2250\/\",\"url\":\"https:\/\/www.csj-emballages.com\/de\/produit\/25-deckel-fuer-plastikschuessel-kristall-2250ml-sa2250\/\",\"name\":\"Plastikdeckel f\u00fcr Salatsch\u00fcssel 2250ml - SA2250\",\"isPartOf\":{\"@id\":\"https:\/\/www.csj-emballages.com\/de\/#website\"},\"primaryImageOfPage\":{\"@id\":\"https:\/\/www.csj-emballages.com\/de\/produit\/25-deckel-fuer-plastikschuessel-kristall-2250ml-sa2250\/#primaryimage\"},\"image\":{\"@id\":\"https:\/\/www.csj-emballages.com\/de\/produit\/25-deckel-fuer-plastikschuessel-kristall-2250ml-sa2250\/#primaryimage\"},\"thumbnailUrl\":\"https:\/\/www.csj-emballages.com\/wp-content\/uploads\/2024\/03\/COUVSA2250.webp\",\"datePublished\":\"2024-03-01T15:54:43+00:00\",\"dateModified\":\"2026-04-29T00:13:35+00:00\",\"description\":\"Deckel f\u00fcr Plastiksalatsch\u00fcssel Kristall 2250 ml. Luftdichter Verschluss, optimaler Schutz und transparentes Design f\u00fcr den sicheren Transport Ihrer Gerichte.\",\"breadcrumb\":{\"@id\":\"https:\/\/www.csj-emballages.com\/de\/produit\/25-deckel-fuer-plastikschuessel-kristall-2250ml-sa2250\/#breadcrumb\"},\"inLanguage\":\"de\",\"potentialAction\":[{\"@type\":\"ReadAction\",\"target\":[\"https:\/\/www.csj-emballages.com\/de\/produit\/25-deckel-fuer-plastikschuessel-kristall-2250ml-sa2250\/\"]}]},{\"@type\":\"ImageObject\",\"inLanguage\":\"de\",\"@id\":\"https:\/\/www.csj-emballages.com\/de\/produit\/25-deckel-fuer-plastikschuessel-kristall-2250ml-sa2250\/#primaryimage\",\"url\":\"https:\/\/www.csj-emballages.com\/wp-content\/uploads\/2024\/03\/COUVSA2250.webp\",\"contentUrl\":\"https:\/\/www.csj-emballages.com\/wp-content\/uploads\/2024\/03\/COUVSA2250.webp\",\"width\":800,\"height\":800,\"caption\":\"Couvercle plastique\"},{\"@type\":\"BreadcrumbList\",\"@id\":\"https:\/\/www.csj-emballages.com\/de\/produit\/25-deckel-fuer-plastikschuessel-kristall-2250ml-sa2250\/#breadcrumb\",\"itemListElement\":[{\"@type\":\"ListItem\",\"position\":1,\"name\":\"Accueil\",\"item\":\"https:\/\/www.csj-emballages.com\/de\/universum-lebensmittelverpackungen\/\"},{\"@type\":\"ListItem\",\"position\":2,\"name\":\"Shop\",\"item\":\"https:\/\/www.csj-emballages.com\/shop\/\"},{\"@type\":\"ListItem\",\"position\":3,\"name\":\"Plastikdeckel f\u00fcr Salatsch\u00fcssel 2250ml SA2250 pro 6\"}]},{\"@type\":\"WebSite\",\"@id\":\"https:\/\/www.csj-emballages.com\/de\/#website\",\"url\":\"https:\/\/www.csj-emballages.com\/de\/\",\"name\":\"CSJ Emballages\",\"description\":\"\",\"publisher\":{\"@id\":\"https:\/\/www.csj-emballages.com\/de\/#organization\"},\"potentialAction\":[{\"@type\":\"SearchAction\",\"target\":{\"@type\":\"EntryPoint\",\"urlTemplate\":\"https:\/\/www.csj-emballages.com\/de\/?s={search_term_string}\"},\"query-input\":{\"@type\":\"PropertyValueSpecification\",\"valueRequired\":true,\"valueName\":\"search_term_string\"}}],\"inLanguage\":\"de\"},{\"@type\":\"Organization\",\"@id\":\"https:\/\/www.csj-emballages.com\/de\/#Organization\/\",\"name\":\"CSJ Emballages\",\"url\":\"https:\/\/www.csj-emballages.com\/de\/\",\"logo\":{\"@type\":\"ImageObject\",\"inLanguage\":\"de\",\"@id\":\"https:\/\/www.csj-emballages.com\/de\/#\/schema\/logo\/image\/\",\"url\":\"https:\/\/www.csj-emballages.com\/wp-content\/uploads\/2023\/10\/logo_csj.webp\",\"contentUrl\":\"https:\/\/www.csj-emballages.com\/wp-content\/uploads\/2023\/10\/logo_csj.webp\",\"width\":250,\"height\":95,\"caption\":\"CSJ Emballages\"},\"image\":{\"@id\":\"https:\/\/www.csj-emballages.com\/de\/#\/schema\/logo\/image\/\"},\"sameAs\":[\"https:\/\/www.facebook.com\/csjemballages\"],\"address\":{\"@type\":\"PostalAddress\",\"streetAddress\":\"ZI La Lechere\",\"addressLocality\":\"Patornay\",\"postalCode\":\"39130\",\"addressCountry\":\"FR\"},\"contactPoint\":[{\"@type\":\"ContactPoint\",\"contactType\":\"Service client\",\"telephone\":\"0384254272\",\"email\":\"contact@csj-emballages.com\"}]}]}<\/script>\n<!-- \/ Yoast SEO Premium plugin. -->","yoast_head_json":{"title":"Plastikdeckel f\u00fcr Salatsch\u00fcssel 2250ml - SA2250","description":"Deckel f\u00fcr Plastiksalatsch\u00fcssel Kristall 2250 ml. Luftdichter Verschluss, optimaler Schutz und transparentes Design f\u00fcr den sicheren Transport Ihrer Gerichte.","robots":{"index":"index","follow":"follow","max-snippet":"max-snippet:-1","max-image-preview":"max-image-preview:large","max-video-preview":"max-video-preview:-1"},"canonical":"https:\/\/www.csj-emballages.com\/de\/produit\/25-deckel-fuer-plastikschuessel-kristall-2250ml-sa2250\/","og_locale":"de_DE","og_type":"article","og_title":"Plastikdeckel f\u00fcr Salatsch\u00fcssel 2250ml SA2250 pro 6","og_description":"Deckel f\u00fcr Plastiksalatsch\u00fcssel Kristall 2250 ml. Luftdichter Verschluss, optimaler Schutz und transparentes Design f\u00fcr den sicheren Transport Ihrer Gerichte.","og_url":"https:\/\/www.csj-emballages.com\/de\/produit\/25-deckel-fuer-plastikschuessel-kristall-2250ml-sa2250\/","og_site_name":"CSJ Emballages","article_publisher":"https:\/\/www.facebook.com\/csjemballages","article_modified_time":"2026-04-29T00:13:35+00:00","og_image":[{"width":800,"height":800,"url":"https:\/\/www.csj-emballages.com\/wp-content\/uploads\/2024\/03\/COUVSA2250.webp","type":"image\/webp"}],"twitter_card":"summary_large_image","twitter_misc":{"Gesch\u00e4tzte Lesezeit":"1\u00a0Minute"},"schema":{"@context":"https:\/\/schema.org","@graph":[{"@type":"WebPage","@id":"https:\/\/www.csj-emballages.com\/de\/produit\/25-deckel-fuer-plastikschuessel-kristall-2250ml-sa2250\/","url":"https:\/\/www.csj-emballages.com\/de\/produit\/25-deckel-fuer-plastikschuessel-kristall-2250ml-sa2250\/","name":"Plastikdeckel f\u00fcr Salatsch\u00fcssel 2250ml - SA2250","isPartOf":{"@id":"https:\/\/www.csj-emballages.com\/de\/#website"},"primaryImageOfPage":{"@id":"https:\/\/www.csj-emballages.com\/de\/produit\/25-deckel-fuer-plastikschuessel-kristall-2250ml-sa2250\/#primaryimage"},"image":{"@id":"https:\/\/www.csj-emballages.com\/de\/produit\/25-deckel-fuer-plastikschuessel-kristall-2250ml-sa2250\/#primaryimage"},"thumbnailUrl":"https:\/\/www.csj-emballages.com\/wp-content\/uploads\/2024\/03\/COUVSA2250.webp","datePublished":"2024-03-01T15:54:43+00:00","dateModified":"2026-04-29T00:13:35+00:00","description":"Deckel f\u00fcr Plastiksalatsch\u00fcssel Kristall 2250 ml. Luftdichter Verschluss, optimaler Schutz und transparentes Design f\u00fcr den sicheren Transport Ihrer Gerichte.","breadcrumb":{"@id":"https:\/\/www.csj-emballages.com\/de\/produit\/25-deckel-fuer-plastikschuessel-kristall-2250ml-sa2250\/#breadcrumb"},"inLanguage":"de","potentialAction":[{"@type":"ReadAction","target":["https:\/\/www.csj-emballages.com\/de\/produit\/25-deckel-fuer-plastikschuessel-kristall-2250ml-sa2250\/"]}]},{"@type":"ImageObject","inLanguage":"de","@id":"https:\/\/www.csj-emballages.com\/de\/produit\/25-deckel-fuer-plastikschuessel-kristall-2250ml-sa2250\/#primaryimage","url":"https:\/\/www.csj-emballages.com\/wp-content\/uploads\/2024\/03\/COUVSA2250.webp","contentUrl":"https:\/\/www.csj-emballages.com\/wp-content\/uploads\/2024\/03\/COUVSA2250.webp","width":800,"height":800,"caption":"Couvercle plastique"},{"@type":"BreadcrumbList","@id":"https:\/\/www.csj-emballages.com\/de\/produit\/25-deckel-fuer-plastikschuessel-kristall-2250ml-sa2250\/#breadcrumb","itemListElement":[{"@type":"ListItem","position":1,"name":"Accueil","item":"https:\/\/www.csj-emballages.com\/de\/universum-lebensmittelverpackungen\/"},{"@type":"ListItem","position":2,"name":"Shop","item":"https:\/\/www.csj-emballages.com\/shop\/"},{"@type":"ListItem","position":3,"name":"Plastikdeckel f\u00fcr Salatsch\u00fcssel 2250ml SA2250 pro 6"}]},{"@type":"WebSite","@id":"https:\/\/www.csj-emballages.com\/de\/#website","url":"https:\/\/www.csj-emballages.com\/de\/","name":"CSJ Emballages","description":"","publisher":{"@id":"https:\/\/www.csj-emballages.com\/de\/#organization"},"potentialAction":[{"@type":"SearchAction","target":{"@type":"EntryPoint","urlTemplate":"https:\/\/www.csj-emballages.com\/de\/?s={search_term_string}"},"query-input":{"@type":"PropertyValueSpecification","valueRequired":true,"valueName":"search_term_string"}}],"inLanguage":"de"},{"@type":"Organization","@id":"https:\/\/www.csj-emballages.com\/de\/#Organization\/","name":"CSJ Emballages","url":"https:\/\/www.csj-emballages.com\/de\/","logo":{"@type":"ImageObject","inLanguage":"de","@id":"https:\/\/www.csj-emballages.com\/de\/#\/schema\/logo\/image\/","url":"https:\/\/www.csj-emballages.com\/wp-content\/uploads\/2023\/10\/logo_csj.webp","contentUrl":"https:\/\/www.csj-emballages.com\/wp-content\/uploads\/2023\/10\/logo_csj.webp","width":250,"height":95,"caption":"CSJ Emballages"},"image":{"@id":"https:\/\/www.csj-emballages.com\/de\/#\/schema\/logo\/image\/"},"sameAs":["https:\/\/www.facebook.com\/csjemballages"],"address":{"@type":"PostalAddress","streetAddress":"ZI La Lechere","addressLocality":"Patornay","postalCode":"39130","addressCountry":"FR"},"contactPoint":[{"@type":"ContactPoint","contactType":"Service client","telephone":"0384254272","email":"contact@csj-emballages.com"}]}]}},"df_price":4.28,"df_sale_price":"","df_regular_price":4.28,"df_image_link":"https:\/\/www.csj-emballages.com\/wp-content\/uploads\/2024\/03\/COUVSA2250-300x300.webp","tiered_pricing_type":"fixed","tiered_pricing_fixed_rules":[],"tiered_pricing_percentage_rules":[],"tiered_pricing_minimum":1,"tiered_pricing_roles_data":[],"_links":{"self":[{"href":"https:\/\/www.csj-emballages.com\/de\/wp-json\/wp\/v2\/product\/20321","targetHints":{"allow":["GET"]}}],"collection":[{"href":"https:\/\/www.csj-emballages.com\/de\/wp-json\/wp\/v2\/product"}],"about":[{"href":"https:\/\/www.csj-emballages.com\/de\/wp-json\/wp\/v2\/types\/product"}],"wp:featuredmedia":[{"embeddable":true,"href":"https:\/\/www.csj-emballages.com\/de\/wp-json\/wp\/v2\/media\/221027"}],"wp:attachment":[{"href":"https:\/\/www.csj-emballages.com\/de\/wp-json\/wp\/v2\/media?parent=20321"}],"wp:term":[{"taxonomy":"product_brand","embeddable":true,"href":"https:\/\/www.csj-emballages.com\/de\/wp-json\/wp\/v2\/product_brand?post=20321"},{"taxonomy":"product_cat","embeddable":true,"href":"https:\/\/www.csj-emballages.com\/de\/wp-json\/wp\/v2\/product_cat?post=20321"},{"taxonomy":"product_tag","embeddable":true,"href":"https:\/\/www.csj-emballages.com\/de\/wp-json\/wp\/v2\/product_tag?post=20321"}],"curies":[{"name":"wp","href":"https:\/\/api.w.org\/{rel}","templated":true}]}}