{"id":20285,"date":"2024-03-01T16:54:48","date_gmt":"2024-03-01T15:54:48","guid":{"rendered":"https:\/\/u15jnbdpoq.preview.infomaniak.website\/produit\/40-cookipack-mikrowellenschalen-schwarz-600-ml-pp-material\/"},"modified":"2026-04-14T02:14:48","modified_gmt":"2026-04-14T00:14:48","slug":"40-cookipack-mikrowellenschalen-schwarz-600-ml-pp-material","status":"publish","type":"product","link":"https:\/\/www.csj-emballages.com\/de\/produit\/40-cookipack-mikrowellenschalen-schwarz-600-ml-pp-material\/","title":{"rendered":"COOKIPACK Mikrowellenschale schwarz 600 ml 40 St\u00fcck"},"content":{"rendered":"<div>\n<h2 style=\"font-family: Roboto, sans-serif;\">Mikrowellenschale<\/h2>\n<hr>\n<h3 style=\"font-family: Roboto, sans-serif;\"><span style=\"font-weight: bold;\">Entdecken Sie unsere Mikrowellenschale COOKIPACK schwarz 600 ml pro 40 St\u00fcck<\/span><\/h3>\n<p><!--more--><\/p>\n<p>Die <strong>COOKIPACK<\/strong> <strong>Mikrowellenschale<\/strong> <strong>schwarz 600 ml<\/strong> ist ein praktisches Produkt f\u00fcr den t\u00e4glichen Gebrauch. Sie wurde entwickelt, um das Aufw\u00e4rmen von Mahlzeiten zu erleichtern, und ist ideal f\u00fcr Mahlzeiten zum Mitnehmen oder f\u00fcr Fertiggerichte. Zus\u00e4tzlich zu ihrem Fassungsverm\u00f6gen von <strong>600 ml<\/strong> ist diese <strong>Kunststoffschale<\/strong> robust und f\u00fcr die Verwendung in der Mikrowelle geeignet. Dank ihrer Gr\u00f6\u00dfe eignet sie sich perfekt f\u00fcr Einzelportionen und bietet gleichzeitig ausreichend Platz f\u00fcr verschiedene Arten von Gerichten.   <\/p>\n<p>Jede <strong>schwarze Schale<\/strong> ist aus <strong>PP<\/strong> (Polypropylen) hergestellt, was ihr eine gute Haltbarkeit und Stabilit\u00e4t verleiht. Sie k\u00f6nnen Ihre Mahlzeiten unter guten Bedingungen aufbewahren, sei es f\u00fcr den pers\u00f6nlichen Gebrauch oder f\u00fcr Schnellrestaurants. Die <strong>schwarze<\/strong> Farbe verleiht Ihren Gerichten eine schlichte und elegante Pr\u00e4sentation.  <\/p>\n<p>&nbsp;<\/p>\n<p><!--more--><\/p>\n<h4><strong>COOKIPACK Schale: Effiziente L\u00f6sung f\u00fcr t\u00e4gliche Mahlzeiten<\/strong><\/h4>\n<p>Die <strong>COOKIPACK<\/strong> <strong>Mikrowellenschale<\/strong> <strong>schwarz 600 ml<\/strong> ist eine einfache und effektive L\u00f6sung f\u00fcr diejenigen, die eine praktische und funktionelle Aufbewahrungsm\u00f6glichkeit suchen. Dieses Modell ist ideal f\u00fcr diejenigen, die schnell Mahlzeiten zubereiten oder aufw\u00e4rmen m\u00fcssen. Wenn Sie sich f\u00fcr die <strong>COOKIPACK<\/strong> <strong>Kunststoffschale<\/strong> entscheiden, w\u00e4hlen Sie ein Produkt, das einfach zu benutzen und zug\u00e4nglich ist. F\u00fcllen Sie einfach die <strong>schwarze Schale<\/strong> mit Ihrem Gericht, stellen Sie sie in die <strong>Mikrowelle<\/strong> und fertig. Dar\u00fcber hinaus ist die Schale <strong>stark<\/strong> genug, um der Hitze der <strong>Mikrowelle<\/strong> standzuhalten, was sie f\u00fcr den t\u00e4glichen Gebrauch praktisch und zuverl\u00e4ssig macht.    <\/p>\n<p>Zusammenfassend l\u00e4sst sich sagen, dass die <strong>COOKIPACK<\/strong> <strong>Mikrowellenschale<\/strong> <strong>schwarz 600 ml<\/strong> eine ideale Wahl f\u00fcr diejenigen ist, die ein einfaches und effizientes Produkt suchen. Ob f\u00fcr den privaten oder professionellen Gebrauch, diese <strong>Kunststoffschale<\/strong> wird Ihre Bed\u00fcrfnisse erf\u00fcllen. <\/p>\n<p>&nbsp;<\/p>\n<\/div>\n<p><!--more--><\/p>\n<p><strong><span style=\"color: #ff0000;\">*Deckel separat erh\u00e4ltlich<\/span><\/strong><\/p>\n<div>\n<p>&nbsp;<\/p>\n<p><!--more--><\/p>\n<p style=\"margin: 0pt; font-family: Roboto, sans-serif;\"><span style=\"color: #d12727;\"><a style=\"color: #d12727;\" href=\"https:\/\/www.csj-emballages.com\/produit\/20-couvercles-translucides-pour-barquettes-400-600-ml\/\">Klicken Sie hier, um den Deckel zu sehen, der f\u00fcr diese Schale entworfen wurde.<\/a><\/span><\/p>\n<p>&nbsp;<\/p>\n<p><!--more--><\/p>\n<h4 style=\"margin: 0pt; font-family: Roboto, sans-serif;\">Ihre Vorteile :<\/h4>\n<ul>\n<li><strong>Praktisch und einfach zu verwenden<\/strong>: F\u00fcllen Sie die <strong>COOKIPACK<\/strong> <strong>Plastikschale<\/strong>, stellen Sie sie in die Mikrowelle und erhalten Sie schnell ein fertiges Gericht.<\/li>\n<li><strong>Ideal f\u00fcr Einzelmahlzeiten<\/strong>: Mit einem Fassungsverm\u00f6gen von 600 ml ist diese <strong>Kunststoffschale<\/strong> perfekt f\u00fcr eine Einzelportion.<\/li>\n<li><strong>Mikrowellengeeignet<\/strong>: Entworfen, um den hohen Temperaturen in der Mikrowelle standzuhalten.<\/li>\n<li><strong>Praktisches und elegantes Design<\/strong>: Die schwarze Farbe und das schlichte Design der <strong>Kunststoffschale<\/strong> verleihen ihr eine moderne und raffinierte Pr\u00e4sentation.<\/li>\n<\/ul>\n<p>&nbsp;<\/p>\n<p style=\"margin: 0pt; font-family: Roboto, sans-serif;\"><!--more--><\/p>\n<h4>Weitere Informationen :<\/h4>\n<ul>\n<li><strong>Verpackung<\/strong>: Packung mit 40 St\u00fcck<\/li>\n<li><strong>Abmessungen<\/strong>: 190 x 140 x 48 (L x B x H in mm)<\/li>\n<li><strong>Volumen<\/strong>: 600 ml<\/li>\n<li><strong>Material<\/strong>: PP (Polypropylen)<\/li>\n<li><strong>Betriebstemperatur: <\/strong>0\u00b0C \/ +100\u00b0C<\/li>\n<\/ul>\n<h2><\/h2>\n<p><!--more--><\/p>\n<p><a href=\"https:\/\/www.csj-emballages.com\/de\/categorie-produit\/lebensmittelverpackungen\/metzgerei-und-feinkostgeschaft\/schalen-dosen-und-glaser\/schalen-dosen-glaser-fur-lebensmittel\/cookipack-mikrowellenschalen\/\">Sehen Sie sich den Rest unseres Sortiments an Mikrowellenschalen an.<\/a><\/p>\n<\/div>\n","protected":false},"excerpt":{"rendered":"<p>Mikrowellenschale Entdecken Sie unsere Mikrowellenschale COOKIPACK schwarz 600 ml pro 40 St\u00fcck<\/p>\n","protected":false},"featured_media":215331,"template":"","meta":{"_acf_changed":false},"product_brand":[],"product_cat":[1170,1513,2335],"product_tag":[],"class_list":{"0":"post-20285","1":"product","2":"type-product","3":"status-publish","4":"has-post-thumbnail","6":"product_cat-metzgerei-und-feinkostgeschaft","7":"product_cat-schalen-dosen-glaser-fur-lebensmittel","8":"product_cat-cookipack-mikrowellenschalen","10":"first","11":"instock","12":"taxable","13":"shipping-taxable","14":"purchasable","15":"product-type-simple"},"acf":[],"yoast_head":"<!-- This site is optimized with the Yoast SEO Premium plugin v26.6 (Yoast SEO v26.6) - https:\/\/yoast.com\/wordpress\/plugins\/seo\/ -->\n<title>COOKIPACK Mikrowellenschale Schwarz - 600 ml<\/title>\n<meta name=\"description\" content=\"Entdecken Sie die praktische und widerstandsf\u00e4hige schwarze 600 ml Mikrowellenschale COOKIPACK. Ideal f\u00fcr die Zubereitung von Einzelmahlzeiten.\" \/>\n<meta name=\"robots\" content=\"index, follow, max-snippet:-1, max-image-preview:large, max-video-preview:-1\" \/>\n<link rel=\"canonical\" href=\"https:\/\/www.csj-emballages.com\/de\/produit\/40-cookipack-mikrowellenschalen-schwarz-600-ml-pp-material\/\" \/>\n<meta property=\"og:locale\" content=\"de_DE\" \/>\n<meta property=\"og:type\" content=\"article\" \/>\n<meta property=\"og:title\" content=\"COOKIPACK Mikrowellenschale schwarz 600 ml 40 St\u00fcck\" \/>\n<meta property=\"og:description\" content=\"Entdecken Sie die praktische und widerstandsf\u00e4hige schwarze 600 ml Mikrowellenschale COOKIPACK. Ideal f\u00fcr die Zubereitung von Einzelmahlzeiten.\" \/>\n<meta property=\"og:url\" content=\"https:\/\/www.csj-emballages.com\/de\/produit\/40-cookipack-mikrowellenschalen-schwarz-600-ml-pp-material\/\" \/>\n<meta property=\"og:site_name\" content=\"CSJ Emballages\" \/>\n<meta property=\"article:publisher\" content=\"https:\/\/www.facebook.com\/csjemballages\" \/>\n<meta property=\"article:modified_time\" content=\"2026-04-14T00:14:48+00:00\" \/>\n<meta property=\"og:image\" content=\"https:\/\/www.csj-emballages.com\/wp-content\/uploads\/2024\/03\/COOK1250N.webp\" \/>\n\t<meta property=\"og:image:width\" content=\"799\" \/>\n\t<meta property=\"og:image:height\" content=\"800\" \/>\n\t<meta property=\"og:image:type\" content=\"image\/webp\" \/>\n<meta name=\"twitter:card\" content=\"summary_large_image\" \/>\n<meta name=\"twitter:label1\" content=\"Gesch\u00e4tzte Lesezeit\" \/>\n\t<meta name=\"twitter:data1\" content=\"2 Minuten\" \/>\n<script type=\"application\/ld+json\" class=\"yoast-schema-graph\">{\"@context\":\"https:\/\/schema.org\",\"@graph\":[{\"@type\":\"WebPage\",\"@id\":\"https:\/\/www.csj-emballages.com\/de\/produit\/40-cookipack-mikrowellenschalen-schwarz-600-ml-pp-material\/\",\"url\":\"https:\/\/www.csj-emballages.com\/de\/produit\/40-cookipack-mikrowellenschalen-schwarz-600-ml-pp-material\/\",\"name\":\"COOKIPACK Mikrowellenschale Schwarz - 600 ml\",\"isPartOf\":{\"@id\":\"https:\/\/www.csj-emballages.com\/de\/#website\"},\"primaryImageOfPage\":{\"@id\":\"https:\/\/www.csj-emballages.com\/de\/produit\/40-cookipack-mikrowellenschalen-schwarz-600-ml-pp-material\/#primaryimage\"},\"image\":{\"@id\":\"https:\/\/www.csj-emballages.com\/de\/produit\/40-cookipack-mikrowellenschalen-schwarz-600-ml-pp-material\/#primaryimage\"},\"thumbnailUrl\":\"https:\/\/www.csj-emballages.com\/wp-content\/uploads\/2024\/03\/COOK1250N.webp\",\"datePublished\":\"2024-03-01T15:54:48+00:00\",\"dateModified\":\"2026-04-14T00:14:48+00:00\",\"description\":\"Entdecken Sie die praktische und widerstandsf\u00e4hige schwarze 600 ml Mikrowellenschale COOKIPACK. Ideal f\u00fcr die Zubereitung von Einzelmahlzeiten.\",\"breadcrumb\":{\"@id\":\"https:\/\/www.csj-emballages.com\/de\/produit\/40-cookipack-mikrowellenschalen-schwarz-600-ml-pp-material\/#breadcrumb\"},\"inLanguage\":\"de\",\"potentialAction\":[{\"@type\":\"ReadAction\",\"target\":[\"https:\/\/www.csj-emballages.com\/de\/produit\/40-cookipack-mikrowellenschalen-schwarz-600-ml-pp-material\/\"]}]},{\"@type\":\"ImageObject\",\"inLanguage\":\"de\",\"@id\":\"https:\/\/www.csj-emballages.com\/de\/produit\/40-cookipack-mikrowellenschalen-schwarz-600-ml-pp-material\/#primaryimage\",\"url\":\"https:\/\/www.csj-emballages.com\/wp-content\/uploads\/2024\/03\/COOK1250N.webp\",\"contentUrl\":\"https:\/\/www.csj-emballages.com\/wp-content\/uploads\/2024\/03\/COOK1250N.webp\",\"width\":799,\"height\":800,\"caption\":\"Barquette micro-ondes\"},{\"@type\":\"BreadcrumbList\",\"@id\":\"https:\/\/www.csj-emballages.com\/de\/produit\/40-cookipack-mikrowellenschalen-schwarz-600-ml-pp-material\/#breadcrumb\",\"itemListElement\":[{\"@type\":\"ListItem\",\"position\":1,\"name\":\"Accueil\",\"item\":\"https:\/\/www.csj-emballages.com\/de\/universum-lebensmittelverpackungen\/\"},{\"@type\":\"ListItem\",\"position\":2,\"name\":\"Shop\",\"item\":\"https:\/\/www.csj-emballages.com\/shop\/\"},{\"@type\":\"ListItem\",\"position\":3,\"name\":\"COOKIPACK Mikrowellenschale schwarz 600 ml 40 St\u00fcck\"}]},{\"@type\":\"WebSite\",\"@id\":\"https:\/\/www.csj-emballages.com\/de\/#website\",\"url\":\"https:\/\/www.csj-emballages.com\/de\/\",\"name\":\"CSJ Emballages\",\"description\":\"\",\"publisher\":{\"@id\":\"https:\/\/www.csj-emballages.com\/de\/#organization\"},\"potentialAction\":[{\"@type\":\"SearchAction\",\"target\":{\"@type\":\"EntryPoint\",\"urlTemplate\":\"https:\/\/www.csj-emballages.com\/de\/?s={search_term_string}\"},\"query-input\":{\"@type\":\"PropertyValueSpecification\",\"valueRequired\":true,\"valueName\":\"search_term_string\"}}],\"inLanguage\":\"de\"},{\"@type\":\"Organization\",\"@id\":\"https:\/\/www.csj-emballages.com\/de\/#Organization\/\",\"name\":\"CSJ Emballages\",\"url\":\"https:\/\/www.csj-emballages.com\/de\/\",\"logo\":{\"@type\":\"ImageObject\",\"inLanguage\":\"de\",\"@id\":\"https:\/\/www.csj-emballages.com\/de\/#\/schema\/logo\/image\/\",\"url\":\"https:\/\/www.csj-emballages.com\/wp-content\/uploads\/2023\/10\/logo_csj.webp\",\"contentUrl\":\"https:\/\/www.csj-emballages.com\/wp-content\/uploads\/2023\/10\/logo_csj.webp\",\"width\":250,\"height\":95,\"caption\":\"CSJ Emballages\"},\"image\":{\"@id\":\"https:\/\/www.csj-emballages.com\/de\/#\/schema\/logo\/image\/\"},\"sameAs\":[\"https:\/\/www.facebook.com\/csjemballages\"],\"address\":{\"@type\":\"PostalAddress\",\"streetAddress\":\"ZI La Lechere\",\"addressLocality\":\"Patornay\",\"postalCode\":\"39130\",\"addressCountry\":\"FR\"},\"contactPoint\":[{\"@type\":\"ContactPoint\",\"contactType\":\"Service client\",\"telephone\":\"0384254272\",\"email\":\"contact@csj-emballages.com\"}]}]}<\/script>\n<!-- \/ Yoast SEO Premium plugin. -->","yoast_head_json":{"title":"COOKIPACK Mikrowellenschale Schwarz - 600 ml","description":"Entdecken Sie die praktische und widerstandsf\u00e4hige schwarze 600 ml Mikrowellenschale COOKIPACK. Ideal f\u00fcr die Zubereitung von Einzelmahlzeiten.","robots":{"index":"index","follow":"follow","max-snippet":"max-snippet:-1","max-image-preview":"max-image-preview:large","max-video-preview":"max-video-preview:-1"},"canonical":"https:\/\/www.csj-emballages.com\/de\/produit\/40-cookipack-mikrowellenschalen-schwarz-600-ml-pp-material\/","og_locale":"de_DE","og_type":"article","og_title":"COOKIPACK Mikrowellenschale schwarz 600 ml 40 St\u00fcck","og_description":"Entdecken Sie die praktische und widerstandsf\u00e4hige schwarze 600 ml Mikrowellenschale COOKIPACK. Ideal f\u00fcr die Zubereitung von Einzelmahlzeiten.","og_url":"https:\/\/www.csj-emballages.com\/de\/produit\/40-cookipack-mikrowellenschalen-schwarz-600-ml-pp-material\/","og_site_name":"CSJ Emballages","article_publisher":"https:\/\/www.facebook.com\/csjemballages","article_modified_time":"2026-04-14T00:14:48+00:00","og_image":[{"width":799,"height":800,"url":"https:\/\/www.csj-emballages.com\/wp-content\/uploads\/2024\/03\/COOK1250N.webp","type":"image\/webp"}],"twitter_card":"summary_large_image","twitter_misc":{"Gesch\u00e4tzte Lesezeit":"2 Minuten"},"schema":{"@context":"https:\/\/schema.org","@graph":[{"@type":"WebPage","@id":"https:\/\/www.csj-emballages.com\/de\/produit\/40-cookipack-mikrowellenschalen-schwarz-600-ml-pp-material\/","url":"https:\/\/www.csj-emballages.com\/de\/produit\/40-cookipack-mikrowellenschalen-schwarz-600-ml-pp-material\/","name":"COOKIPACK Mikrowellenschale Schwarz - 600 ml","isPartOf":{"@id":"https:\/\/www.csj-emballages.com\/de\/#website"},"primaryImageOfPage":{"@id":"https:\/\/www.csj-emballages.com\/de\/produit\/40-cookipack-mikrowellenschalen-schwarz-600-ml-pp-material\/#primaryimage"},"image":{"@id":"https:\/\/www.csj-emballages.com\/de\/produit\/40-cookipack-mikrowellenschalen-schwarz-600-ml-pp-material\/#primaryimage"},"thumbnailUrl":"https:\/\/www.csj-emballages.com\/wp-content\/uploads\/2024\/03\/COOK1250N.webp","datePublished":"2024-03-01T15:54:48+00:00","dateModified":"2026-04-14T00:14:48+00:00","description":"Entdecken Sie die praktische und widerstandsf\u00e4hige schwarze 600 ml Mikrowellenschale COOKIPACK. Ideal f\u00fcr die Zubereitung von Einzelmahlzeiten.","breadcrumb":{"@id":"https:\/\/www.csj-emballages.com\/de\/produit\/40-cookipack-mikrowellenschalen-schwarz-600-ml-pp-material\/#breadcrumb"},"inLanguage":"de","potentialAction":[{"@type":"ReadAction","target":["https:\/\/www.csj-emballages.com\/de\/produit\/40-cookipack-mikrowellenschalen-schwarz-600-ml-pp-material\/"]}]},{"@type":"ImageObject","inLanguage":"de","@id":"https:\/\/www.csj-emballages.com\/de\/produit\/40-cookipack-mikrowellenschalen-schwarz-600-ml-pp-material\/#primaryimage","url":"https:\/\/www.csj-emballages.com\/wp-content\/uploads\/2024\/03\/COOK1250N.webp","contentUrl":"https:\/\/www.csj-emballages.com\/wp-content\/uploads\/2024\/03\/COOK1250N.webp","width":799,"height":800,"caption":"Barquette micro-ondes"},{"@type":"BreadcrumbList","@id":"https:\/\/www.csj-emballages.com\/de\/produit\/40-cookipack-mikrowellenschalen-schwarz-600-ml-pp-material\/#breadcrumb","itemListElement":[{"@type":"ListItem","position":1,"name":"Accueil","item":"https:\/\/www.csj-emballages.com\/de\/universum-lebensmittelverpackungen\/"},{"@type":"ListItem","position":2,"name":"Shop","item":"https:\/\/www.csj-emballages.com\/shop\/"},{"@type":"ListItem","position":3,"name":"COOKIPACK Mikrowellenschale schwarz 600 ml 40 St\u00fcck"}]},{"@type":"WebSite","@id":"https:\/\/www.csj-emballages.com\/de\/#website","url":"https:\/\/www.csj-emballages.com\/de\/","name":"CSJ Emballages","description":"","publisher":{"@id":"https:\/\/www.csj-emballages.com\/de\/#organization"},"potentialAction":[{"@type":"SearchAction","target":{"@type":"EntryPoint","urlTemplate":"https:\/\/www.csj-emballages.com\/de\/?s={search_term_string}"},"query-input":{"@type":"PropertyValueSpecification","valueRequired":true,"valueName":"search_term_string"}}],"inLanguage":"de"},{"@type":"Organization","@id":"https:\/\/www.csj-emballages.com\/de\/#Organization\/","name":"CSJ Emballages","url":"https:\/\/www.csj-emballages.com\/de\/","logo":{"@type":"ImageObject","inLanguage":"de","@id":"https:\/\/www.csj-emballages.com\/de\/#\/schema\/logo\/image\/","url":"https:\/\/www.csj-emballages.com\/wp-content\/uploads\/2023\/10\/logo_csj.webp","contentUrl":"https:\/\/www.csj-emballages.com\/wp-content\/uploads\/2023\/10\/logo_csj.webp","width":250,"height":95,"caption":"CSJ Emballages"},"image":{"@id":"https:\/\/www.csj-emballages.com\/de\/#\/schema\/logo\/image\/"},"sameAs":["https:\/\/www.facebook.com\/csjemballages"],"address":{"@type":"PostalAddress","streetAddress":"ZI La Lechere","addressLocality":"Patornay","postalCode":"39130","addressCountry":"FR"},"contactPoint":[{"@type":"ContactPoint","contactType":"Service client","telephone":"0384254272","email":"contact@csj-emballages.com"}]}]}},"df_price":5.88,"df_sale_price":"","df_regular_price":5.88,"df_image_link":"https:\/\/www.csj-emballages.com\/wp-content\/uploads\/2024\/03\/COOK1250N-300x300.webp","tiered_pricing_type":"fixed","tiered_pricing_fixed_rules":[],"tiered_pricing_percentage_rules":[],"tiered_pricing_minimum":1,"tiered_pricing_roles_data":[],"_links":{"self":[{"href":"https:\/\/www.csj-emballages.com\/de\/wp-json\/wp\/v2\/product\/20285","targetHints":{"allow":["GET"]}}],"collection":[{"href":"https:\/\/www.csj-emballages.com\/de\/wp-json\/wp\/v2\/product"}],"about":[{"href":"https:\/\/www.csj-emballages.com\/de\/wp-json\/wp\/v2\/types\/product"}],"wp:featuredmedia":[{"embeddable":true,"href":"https:\/\/www.csj-emballages.com\/de\/wp-json\/wp\/v2\/media\/215331"}],"wp:attachment":[{"href":"https:\/\/www.csj-emballages.com\/de\/wp-json\/wp\/v2\/media?parent=20285"}],"wp:term":[{"taxonomy":"product_brand","embeddable":true,"href":"https:\/\/www.csj-emballages.com\/de\/wp-json\/wp\/v2\/product_brand?post=20285"},{"taxonomy":"product_cat","embeddable":true,"href":"https:\/\/www.csj-emballages.com\/de\/wp-json\/wp\/v2\/product_cat?post=20285"},{"taxonomy":"product_tag","embeddable":true,"href":"https:\/\/www.csj-emballages.com\/de\/wp-json\/wp\/v2\/product_tag?post=20285"}],"curies":[{"name":"wp","href":"https:\/\/api.w.org\/{rel}","templated":true}]}}