{"id":20282,"date":"2024-03-01T16:54:46","date_gmt":"2024-03-01T15:54:46","guid":{"rendered":"https:\/\/u15jnbdpoq.preview.infomaniak.website\/produit\/25-deckel-fuer-essenstablett-5-festliche-faecher\/"},"modified":"2026-05-07T02:13:53","modified_gmt":"2026-05-07T00:13:53","slug":"25-deckel-fuer-essenstablett-5-festliche-faecher","status":"publish","type":"product","link":"https:\/\/www.csj-emballages.com\/de\/produit\/25-deckel-fuer-essenstablett-5-festliche-faecher\/","title":{"rendered":"Deckel Mahlzeitentablett 5 F\u00e4cher festlich pro 25"},"content":{"rendered":"<h2>Deckel Essenstablett<\/h2>\n<hr>\n<h3>Beschreibung von unserem Deckel Essenstablett 5 F\u00e4cher PL5CFESTIF pro 25<\/h3>\n<p><!--more--><\/p>\n<p data-start=\"112\" data-end=\"442\">Entscheiden Sie sich f\u00fcr den <strong data-start=\"126\" data-end=\"183\">festlichen 5-Fach-Esstablettdeckel par 25<\/strong>, das unverzichtbare Zubeh\u00f6r, um Ihre Mahlzeiten zu sichern und aufzuwerten. Er wurde so konzipiert, dass er perfekt auf Tabletts mit 5 F\u00e4chern passt, und garantiert einen zuverl\u00e4ssigen und praktischen Verschluss, der sowohl f\u00fcr professionelle Gastronomen als auch f\u00fcr Privatpersonen ideal ist. Denn egal, ob Sie <strong data-start=\"459\" data-end=\"471\">Caterer<\/strong>, <strong data-start=\"473\" data-end=\"489\">Restaurantbesitzer<\/strong> oder Eventveranstalter sind, dieser <strong>Kunststoffdeckel<\/strong> ist ein erstklassiger Verb\u00fcndeter, um die Qualit\u00e4t und die Pr\u00e4sentation Ihrer Zubereitungen zu bewahren. Dank seiner pr\u00e4zisen Passform bleiben Ihre Gerichte gut getrennt, ohne Vermischung oder Auslaufen, und sorgen f\u00fcr eine makellose Pr\u00e4sentation bis hin zu Ihren Kunden oder G\u00e4sten.   <\/p>\n<p data-start=\"786\" data-end=\"1167\">Dieser <strong data-start=\"847\" data-end=\"879\">Deckel f\u00fcr Speisetabletts<\/strong> besteht aus einem robusten, transparenten Material. Er sch\u00fctzt Ihre Gerichte zuverl\u00e4ssig, w\u00e4hrend der Inhalt sichtbar bleibt &#8211; perfekt, um Ihre kulinarischen Kreationen zu pr\u00e4sentieren. Er ist stabil und praktisch und l\u00e4sst sich auch leicht handhaben, wenn Sie schnell servieren oder gro\u00dfe Mengen an Essen zubereiten. <\/p>\n<p data-start=\"1169\" data-end=\"1471\">Ebenso ist dieser <strong data-start=\"1172\" data-end=\"1206\">festliche Tablettdeckel<\/strong> f\u00fcr Mahlzeiten besonders beliebt bei Empf\u00e4ngen, Buffets, Firmenessen oder auch in der Gemeinschaftsverpflegung. Er garantiert eine einwandfreie Hygiene und bietet eine elegante und professionelle L\u00f6sung f\u00fcr Ihre Lieferungen oder Ihr Essen zum Mitnehmen. <\/p>\n<p data-start=\"1473\" data-end=\"1710\">Das Produkt wird im <strong>25er-Pack<\/strong> angeboten und ist perfekt auf die Bed\u00fcrfnisse von Profis zugeschnitten, die nach einer kosteng\u00fcnstigen und zuverl\u00e4ssigen L\u00f6sung suchen. Mit diesem Produkt kombinieren Sie <strong data-start=\"1634\" data-end=\"1658\">Lebensmittelsicherheit<\/strong>, <strong data-start=\"1660\" data-end=\"1673\">Praktikabilit\u00e4t<\/strong> und eine <strong data-start=\"1677\" data-end=\"1707\">hochwertige Pr\u00e4sentation<\/strong>. <\/p>\n<p data-start=\"1712\" data-end=\"1867\">Zusammenfassend l\u00e4sst sich sagen, dass dieser <strong data-start=\"1726\" data-end=\"1768\">Deckel f\u00fcr Essenstabletts<\/strong> ein Muss ist, wenn Sie Bedienungskomfort mit der Hervorhebung Ihrer Speisen verbinden m\u00f6chten.<\/p>\n<p data-start=\"1712\" data-end=\"1867\">\n<p><!--more--><\/p>\n<p><strong><span style=\"color: #ff0000;\">*Nicht geeignet bei Hitze<\/span><\/strong><\/p>\n<p>&nbsp;<\/p>\n<p><!--more--><\/p>\n<h4>Vorteile :<\/h4>\n<ul>\n<li><strong data-start=\"1894\" data-end=\"1917\">Sicherer Verschluss<\/strong>: Verhindert das Auslaufen und h\u00e4lt Ihr Essen unversehrt.<\/li>\n<li><strong data-start=\"1974\" data-end=\"1998\">Sorgf\u00e4ltige Pr\u00e4sentation<\/strong>: Der Inhalt bleibt sichtbar und gut getrennt.<\/li>\n<li><strong data-start=\"2046\" data-end=\"2066\">Optimale Hygiene<\/strong>: wirksamer Schutz vor Verunreinigungen.<\/li>\n<li><strong data-start=\"2118\" data-end=\"2131\">Praktisch<\/strong>: geeignet f\u00fcr Schnelldienste und Essen zum Mitnehmen.<\/li>\n<li><strong data-start=\"2191\" data-end=\"2205\">Preisg\u00fcnstig<\/strong>: Wird im 25er-Pack verkauft und ist perfekt f\u00fcr den professionellen Gebrauch.<\/li>\n<\/ul>\n<p>&nbsp;<\/p>\n<p><!--more--><\/p>\n<h4>Weitere Informationen :<\/h4>\n<ul>\n<li><strong>Verpackung<\/strong>: Packung mit 25 St\u00fcck<\/li>\n<li><strong>Abmessungen<\/strong>: 330 x 233 x 37 ( L x B x H in mm)<\/li>\n<li><strong>Farbe<\/strong>: Transparent<\/li>\n<li><strong>Material<\/strong>: PET<\/li>\n<\/ul>\n<p>&nbsp;<\/p>\n<p><!--more--><\/p>\n<p><a href=\"https:\/\/www.csj-emballages.com\/de\/categorie-produit\/lebensmittelverpackungen\/metzgerei-und-feinkostgeschaft\/tabletts\/mahlzeitentabletts\/plastiktabletts-fur-mahlzeiten\/\">Sehen Sie sich den Rest unseres Angebots an Tabletts an.<\/a><\/p>\n","protected":false},"excerpt":{"rendered":"<p>Deckel Essenstablett Beschreibung von unserem Deckel Essenstablett 5 F\u00e4cher PL5CFESTIF pro 25<\/p>\n","protected":false},"featured_media":177111,"template":"","meta":{"_acf_changed":false},"product_brand":[],"product_cat":[1137,1170,1344,1345,1346,6713,1134,1347,1349,2415,1350],"product_tag":[],"class_list":{"0":"post-20282","1":"product","2":"type-product","3":"status-publish","4":"has-post-thumbnail","6":"product_cat-lebensmittelverpackungen","7":"product_cat-metzgerei-und-feinkostgeschaft","8":"product_cat-tabletts","9":"product_cat-mahlzeitentabletts","10":"product_cat-plastiktabletts-fur-mahlzeiten","11":"product_cat-festliche-tabletts","12":"product_cat-restauration-de","13":"product_cat-tabletts-de","14":"product_cat-einweg-mahlzeitentabletts","15":"product_cat-biologisch-abbaubare-tabletts-fur-mahlzeiten-de","16":"product_cat-plastiktabletts-fur-mahlzeiten-de","18":"first","19":"instock","20":"taxable","21":"shipping-taxable","22":"purchasable","23":"product-type-simple"},"acf":[],"yoast_head":"<!-- This site is optimized with the Yoast SEO Premium plugin v26.6 (Yoast SEO v26.6) - https:\/\/yoast.com\/wordpress\/plugins\/seo\/ -->\n<title>Deckel Essenstablett 5 F\u00e4cher<\/title>\n<meta name=\"description\" content=\"Deckel Mahlzeitentablett 5 F\u00e4cher festlich von 25: Schutz, Hygiene und einwandfreie Pr\u00e4sentation f\u00fcr Caterer und Restaurantbesitzer.\" \/>\n<meta name=\"robots\" content=\"index, follow, max-snippet:-1, max-image-preview:large, max-video-preview:-1\" \/>\n<link rel=\"canonical\" href=\"https:\/\/www.csj-emballages.com\/de\/produit\/25-deckel-fuer-essenstablett-5-festliche-faecher\/\" \/>\n<meta property=\"og:locale\" content=\"de_DE\" \/>\n<meta property=\"og:type\" content=\"article\" \/>\n<meta property=\"og:title\" content=\"Deckel Mahlzeitentablett 5 F\u00e4cher festlich pro 25\" \/>\n<meta property=\"og:description\" content=\"Deckel Mahlzeitentablett 5 F\u00e4cher festlich von 25: Schutz, Hygiene und einwandfreie Pr\u00e4sentation f\u00fcr Caterer und Restaurantbesitzer.\" \/>\n<meta property=\"og:url\" content=\"https:\/\/www.csj-emballages.com\/de\/produit\/25-deckel-fuer-essenstablett-5-festliche-faecher\/\" \/>\n<meta property=\"og:site_name\" content=\"CSJ Emballages\" \/>\n<meta property=\"article:publisher\" content=\"https:\/\/www.facebook.com\/csjemballages\" \/>\n<meta property=\"article:modified_time\" content=\"2026-05-07T00:13:53+00:00\" \/>\n<meta property=\"og:image\" content=\"https:\/\/www.csj-emballages.com\/wp-content\/uploads\/2024\/03\/COUV-PR5-C-ECO.webp\" \/>\n\t<meta property=\"og:image:width\" content=\"800\" \/>\n\t<meta property=\"og:image:height\" content=\"801\" \/>\n\t<meta property=\"og:image:type\" content=\"image\/webp\" \/>\n<meta name=\"twitter:card\" content=\"summary_large_image\" \/>\n<meta name=\"twitter:label1\" content=\"Gesch\u00e4tzte Lesezeit\" \/>\n\t<meta name=\"twitter:data1\" content=\"2 Minuten\" \/>\n<script type=\"application\/ld+json\" class=\"yoast-schema-graph\">{\"@context\":\"https:\/\/schema.org\",\"@graph\":[{\"@type\":\"WebPage\",\"@id\":\"https:\/\/www.csj-emballages.com\/de\/produit\/25-deckel-fuer-essenstablett-5-festliche-faecher\/\",\"url\":\"https:\/\/www.csj-emballages.com\/de\/produit\/25-deckel-fuer-essenstablett-5-festliche-faecher\/\",\"name\":\"Deckel Essenstablett 5 F\u00e4cher\",\"isPartOf\":{\"@id\":\"https:\/\/www.csj-emballages.com\/de\/#website\"},\"primaryImageOfPage\":{\"@id\":\"https:\/\/www.csj-emballages.com\/de\/produit\/25-deckel-fuer-essenstablett-5-festliche-faecher\/#primaryimage\"},\"image\":{\"@id\":\"https:\/\/www.csj-emballages.com\/de\/produit\/25-deckel-fuer-essenstablett-5-festliche-faecher\/#primaryimage\"},\"thumbnailUrl\":\"https:\/\/www.csj-emballages.com\/wp-content\/uploads\/2024\/03\/COUV-PR5-C-ECO.webp\",\"datePublished\":\"2024-03-01T15:54:46+00:00\",\"dateModified\":\"2026-05-07T00:13:53+00:00\",\"description\":\"Deckel Mahlzeitentablett 5 F\u00e4cher festlich von 25: Schutz, Hygiene und einwandfreie Pr\u00e4sentation f\u00fcr Caterer und Restaurantbesitzer.\",\"breadcrumb\":{\"@id\":\"https:\/\/www.csj-emballages.com\/de\/produit\/25-deckel-fuer-essenstablett-5-festliche-faecher\/#breadcrumb\"},\"inLanguage\":\"de\",\"potentialAction\":[{\"@type\":\"ReadAction\",\"target\":[\"https:\/\/www.csj-emballages.com\/de\/produit\/25-deckel-fuer-essenstablett-5-festliche-faecher\/\"]}]},{\"@type\":\"ImageObject\",\"inLanguage\":\"de\",\"@id\":\"https:\/\/www.csj-emballages.com\/de\/produit\/25-deckel-fuer-essenstablett-5-festliche-faecher\/#primaryimage\",\"url\":\"https:\/\/www.csj-emballages.com\/wp-content\/uploads\/2024\/03\/COUV-PR5-C-ECO.webp\",\"contentUrl\":\"https:\/\/www.csj-emballages.com\/wp-content\/uploads\/2024\/03\/COUV-PR5-C-ECO.webp\",\"width\":800,\"height\":801,\"caption\":\"Couvercle plateau repas\"},{\"@type\":\"BreadcrumbList\",\"@id\":\"https:\/\/www.csj-emballages.com\/de\/produit\/25-deckel-fuer-essenstablett-5-festliche-faecher\/#breadcrumb\",\"itemListElement\":[{\"@type\":\"ListItem\",\"position\":1,\"name\":\"Accueil\",\"item\":\"https:\/\/www.csj-emballages.com\/de\/universum-lebensmittelverpackungen\/\"},{\"@type\":\"ListItem\",\"position\":2,\"name\":\"Shop\",\"item\":\"https:\/\/www.csj-emballages.com\/shop\/\"},{\"@type\":\"ListItem\",\"position\":3,\"name\":\"Deckel Mahlzeitentablett 5 F\u00e4cher festlich pro 25\"}]},{\"@type\":\"WebSite\",\"@id\":\"https:\/\/www.csj-emballages.com\/de\/#website\",\"url\":\"https:\/\/www.csj-emballages.com\/de\/\",\"name\":\"CSJ Emballages\",\"description\":\"\",\"publisher\":{\"@id\":\"https:\/\/www.csj-emballages.com\/de\/#organization\"},\"potentialAction\":[{\"@type\":\"SearchAction\",\"target\":{\"@type\":\"EntryPoint\",\"urlTemplate\":\"https:\/\/www.csj-emballages.com\/de\/?s={search_term_string}\"},\"query-input\":{\"@type\":\"PropertyValueSpecification\",\"valueRequired\":true,\"valueName\":\"search_term_string\"}}],\"inLanguage\":\"de\"},{\"@type\":\"Organization\",\"@id\":\"https:\/\/www.csj-emballages.com\/de\/#Organization\/\",\"name\":\"CSJ Emballages\",\"url\":\"https:\/\/www.csj-emballages.com\/de\/\",\"logo\":{\"@type\":\"ImageObject\",\"inLanguage\":\"de\",\"@id\":\"https:\/\/www.csj-emballages.com\/de\/#\/schema\/logo\/image\/\",\"url\":\"https:\/\/www.csj-emballages.com\/wp-content\/uploads\/2023\/10\/logo_csj.webp\",\"contentUrl\":\"https:\/\/www.csj-emballages.com\/wp-content\/uploads\/2023\/10\/logo_csj.webp\",\"width\":250,\"height\":95,\"caption\":\"CSJ Emballages\"},\"image\":{\"@id\":\"https:\/\/www.csj-emballages.com\/de\/#\/schema\/logo\/image\/\"},\"sameAs\":[\"https:\/\/www.facebook.com\/csjemballages\"],\"address\":{\"@type\":\"PostalAddress\",\"streetAddress\":\"ZI La Lechere\",\"addressLocality\":\"Patornay\",\"postalCode\":\"39130\",\"addressCountry\":\"FR\"},\"contactPoint\":[{\"@type\":\"ContactPoint\",\"contactType\":\"Service client\",\"telephone\":\"0384254272\",\"email\":\"contact@csj-emballages.com\"}]}]}<\/script>\n<!-- \/ Yoast SEO Premium plugin. -->","yoast_head_json":{"title":"Deckel Essenstablett 5 F\u00e4cher","description":"Deckel Mahlzeitentablett 5 F\u00e4cher festlich von 25: Schutz, Hygiene und einwandfreie Pr\u00e4sentation f\u00fcr Caterer und Restaurantbesitzer.","robots":{"index":"index","follow":"follow","max-snippet":"max-snippet:-1","max-image-preview":"max-image-preview:large","max-video-preview":"max-video-preview:-1"},"canonical":"https:\/\/www.csj-emballages.com\/de\/produit\/25-deckel-fuer-essenstablett-5-festliche-faecher\/","og_locale":"de_DE","og_type":"article","og_title":"Deckel Mahlzeitentablett 5 F\u00e4cher festlich pro 25","og_description":"Deckel Mahlzeitentablett 5 F\u00e4cher festlich von 25: Schutz, Hygiene und einwandfreie Pr\u00e4sentation f\u00fcr Caterer und Restaurantbesitzer.","og_url":"https:\/\/www.csj-emballages.com\/de\/produit\/25-deckel-fuer-essenstablett-5-festliche-faecher\/","og_site_name":"CSJ Emballages","article_publisher":"https:\/\/www.facebook.com\/csjemballages","article_modified_time":"2026-05-07T00:13:53+00:00","og_image":[{"width":800,"height":801,"url":"https:\/\/www.csj-emballages.com\/wp-content\/uploads\/2024\/03\/COUV-PR5-C-ECO.webp","type":"image\/webp"}],"twitter_card":"summary_large_image","twitter_misc":{"Gesch\u00e4tzte Lesezeit":"2 Minuten"},"schema":{"@context":"https:\/\/schema.org","@graph":[{"@type":"WebPage","@id":"https:\/\/www.csj-emballages.com\/de\/produit\/25-deckel-fuer-essenstablett-5-festliche-faecher\/","url":"https:\/\/www.csj-emballages.com\/de\/produit\/25-deckel-fuer-essenstablett-5-festliche-faecher\/","name":"Deckel Essenstablett 5 F\u00e4cher","isPartOf":{"@id":"https:\/\/www.csj-emballages.com\/de\/#website"},"primaryImageOfPage":{"@id":"https:\/\/www.csj-emballages.com\/de\/produit\/25-deckel-fuer-essenstablett-5-festliche-faecher\/#primaryimage"},"image":{"@id":"https:\/\/www.csj-emballages.com\/de\/produit\/25-deckel-fuer-essenstablett-5-festliche-faecher\/#primaryimage"},"thumbnailUrl":"https:\/\/www.csj-emballages.com\/wp-content\/uploads\/2024\/03\/COUV-PR5-C-ECO.webp","datePublished":"2024-03-01T15:54:46+00:00","dateModified":"2026-05-07T00:13:53+00:00","description":"Deckel Mahlzeitentablett 5 F\u00e4cher festlich von 25: Schutz, Hygiene und einwandfreie Pr\u00e4sentation f\u00fcr Caterer und Restaurantbesitzer.","breadcrumb":{"@id":"https:\/\/www.csj-emballages.com\/de\/produit\/25-deckel-fuer-essenstablett-5-festliche-faecher\/#breadcrumb"},"inLanguage":"de","potentialAction":[{"@type":"ReadAction","target":["https:\/\/www.csj-emballages.com\/de\/produit\/25-deckel-fuer-essenstablett-5-festliche-faecher\/"]}]},{"@type":"ImageObject","inLanguage":"de","@id":"https:\/\/www.csj-emballages.com\/de\/produit\/25-deckel-fuer-essenstablett-5-festliche-faecher\/#primaryimage","url":"https:\/\/www.csj-emballages.com\/wp-content\/uploads\/2024\/03\/COUV-PR5-C-ECO.webp","contentUrl":"https:\/\/www.csj-emballages.com\/wp-content\/uploads\/2024\/03\/COUV-PR5-C-ECO.webp","width":800,"height":801,"caption":"Couvercle plateau repas"},{"@type":"BreadcrumbList","@id":"https:\/\/www.csj-emballages.com\/de\/produit\/25-deckel-fuer-essenstablett-5-festliche-faecher\/#breadcrumb","itemListElement":[{"@type":"ListItem","position":1,"name":"Accueil","item":"https:\/\/www.csj-emballages.com\/de\/universum-lebensmittelverpackungen\/"},{"@type":"ListItem","position":2,"name":"Shop","item":"https:\/\/www.csj-emballages.com\/shop\/"},{"@type":"ListItem","position":3,"name":"Deckel Mahlzeitentablett 5 F\u00e4cher festlich pro 25"}]},{"@type":"WebSite","@id":"https:\/\/www.csj-emballages.com\/de\/#website","url":"https:\/\/www.csj-emballages.com\/de\/","name":"CSJ Emballages","description":"","publisher":{"@id":"https:\/\/www.csj-emballages.com\/de\/#organization"},"potentialAction":[{"@type":"SearchAction","target":{"@type":"EntryPoint","urlTemplate":"https:\/\/www.csj-emballages.com\/de\/?s={search_term_string}"},"query-input":{"@type":"PropertyValueSpecification","valueRequired":true,"valueName":"search_term_string"}}],"inLanguage":"de"},{"@type":"Organization","@id":"https:\/\/www.csj-emballages.com\/de\/#Organization\/","name":"CSJ Emballages","url":"https:\/\/www.csj-emballages.com\/de\/","logo":{"@type":"ImageObject","inLanguage":"de","@id":"https:\/\/www.csj-emballages.com\/de\/#\/schema\/logo\/image\/","url":"https:\/\/www.csj-emballages.com\/wp-content\/uploads\/2023\/10\/logo_csj.webp","contentUrl":"https:\/\/www.csj-emballages.com\/wp-content\/uploads\/2023\/10\/logo_csj.webp","width":250,"height":95,"caption":"CSJ Emballages"},"image":{"@id":"https:\/\/www.csj-emballages.com\/de\/#\/schema\/logo\/image\/"},"sameAs":["https:\/\/www.facebook.com\/csjemballages"],"address":{"@type":"PostalAddress","streetAddress":"ZI La Lechere","addressLocality":"Patornay","postalCode":"39130","addressCountry":"FR"},"contactPoint":[{"@type":"ContactPoint","contactType":"Service client","telephone":"0384254272","email":"contact@csj-emballages.com"}]}]}},"df_price":11,"df_sale_price":"","df_regular_price":11,"df_image_link":"https:\/\/www.csj-emballages.com\/wp-content\/uploads\/2024\/03\/COUV-PR5-C-ECO-300x300.webp","tiered_pricing_type":"fixed","tiered_pricing_fixed_rules":[],"tiered_pricing_percentage_rules":[],"tiered_pricing_minimum":1,"tiered_pricing_roles_data":[],"_links":{"self":[{"href":"https:\/\/www.csj-emballages.com\/de\/wp-json\/wp\/v2\/product\/20282","targetHints":{"allow":["GET"]}}],"collection":[{"href":"https:\/\/www.csj-emballages.com\/de\/wp-json\/wp\/v2\/product"}],"about":[{"href":"https:\/\/www.csj-emballages.com\/de\/wp-json\/wp\/v2\/types\/product"}],"wp:featuredmedia":[{"embeddable":true,"href":"https:\/\/www.csj-emballages.com\/de\/wp-json\/wp\/v2\/media\/177111"}],"wp:attachment":[{"href":"https:\/\/www.csj-emballages.com\/de\/wp-json\/wp\/v2\/media?parent=20282"}],"wp:term":[{"taxonomy":"product_brand","embeddable":true,"href":"https:\/\/www.csj-emballages.com\/de\/wp-json\/wp\/v2\/product_brand?post=20282"},{"taxonomy":"product_cat","embeddable":true,"href":"https:\/\/www.csj-emballages.com\/de\/wp-json\/wp\/v2\/product_cat?post=20282"},{"taxonomy":"product_tag","embeddable":true,"href":"https:\/\/www.csj-emballages.com\/de\/wp-json\/wp\/v2\/product_tag?post=20282"}],"curies":[{"name":"wp","href":"https:\/\/api.w.org\/{rel}","templated":true}]}}