{"id":20281,"date":"2024-03-01T16:54:45","date_gmt":"2024-03-01T15:54:45","guid":{"rendered":"https:\/\/u15jnbdpoq.preview.infomaniak.website\/produit\/100-lichtdurchlaessige-plastikdeckel-bol400\/"},"modified":"2026-03-12T16:21:10","modified_gmt":"2026-03-12T15:21:10","slug":"100-lichtdurchlaessige-plastikdeckel-bol400","status":"publish","type":"product","link":"https:\/\/www.csj-emballages.com\/de\/produit\/100-lichtdurchlaessige-plastikdeckel-bol400\/","title":{"rendered":"Plastikdeckel f\u00fcr &#8222;BOL400&#8220; pro 100"},"content":{"rendered":"<h2>Plastikdeckel<\/h2>\n<hr>\n<h3>Entdecken Sie unsere Plastikabdeckung f\u00fcr &#8218;BOL400&#8216; pro 100 St\u00fcck<\/h3>\n<p><!--more--><\/p>\n<p data-start=\"264\" data-end=\"662\">Wenn man Essen zum Mitnehmen anbietet, wei\u00df man, dass ein guter Deckel einen gro\u00dfen Unterschied machen kann. Dieser <strong data-start=\"366\" data-end=\"401\">Kunststoffdeckel f\u00fcr BOL400<\/strong> wurde entwickelt, um den Alltag von Profis zu erleichtern und gleichzeitig den Kunden Sicherheit zu geben. Einmal eingeklickt, h\u00e4lt er sicher und verhindert unangenehme \u00dcberraschungen beim Transport. Das Ergebnis: Die Zubereitungen kommen unversehrt, sauber und gut pr\u00e4sentiert an.   <\/p>\n<p data-start=\"664\" data-end=\"1102\">Dank seiner <strong>Transparenz<\/strong> bleibt der Inhalt auf einen Blick sichtbar. Das ist nicht nur praktisch, um Bestellungen schnell zu identifizieren, sondern auch, um die Gerichte in Szene zu setzen. Ob bunte Salate, Pok\u00e9-Bowls, kalte Speisen oder Fertiggerichte &#8211; alles bleibt sichtbar, klar und appetitlich. Die leicht <strong>gew\u00f6lbte<\/strong> Form schafft Platz, ohne die Speisen zu zerdr\u00fccken, was die Pr\u00e4sentation deutlich verbessert.   <\/p>\n<p data-start=\"1104\" data-end=\"1441\">Ein weiterer wichtiger Punkt ist, dass dieser <strong>Deckel<\/strong> einfach zu verwenden ist. Er l\u00e4sst sich schnell und ohne Kraftaufwand aufsetzen, was bei einem vollen Service Zeit spart. Und da er <strong data-start=\"1280\" data-end=\"1298\">im 100er-Pack<\/strong> verkauft wird, k\u00f6nnen Sie Ihren Vorrat gelassener verwalten, egal ob Sie ein Restaurant, einen Partyservice, einen Imbiss oder einen regelm\u00e4\u00dfigen Take-away-Betrieb betreiben.  <\/p>\n<p data-start=\"1443\" data-end=\"1715\">In der Praxis bringt dieser <strong>Plastikdeckel<\/strong> eine echte Beruhigung. Er sichert die Zubereitung, erleichtert die Organisation und st\u00e4rkt das professionelle Image Ihrer Einrichtung. Er ist einfach, effizient und diskret und tut genau das, was man von ihm erwartet, ohne zu \u00fcbertreiben.  <\/p>\n<p data-start=\"1443\" data-end=\"1715\">\n<p data-start=\"1443\" data-end=\"1715\"><!--more--><\/p>\n<h4 data-start=\"1443\" data-end=\"1715\">Vorteile :<\/h4>\n<ul>\n<li data-start=\"1743\" data-end=\"1787\">Passt perfekt zu den <strong>BOL400-Sch\u00fcsseln<\/strong>.<\/li>\n<li data-start=\"1790\" data-end=\"1821\">Gute Passform f\u00fcr den Transport.<\/li>\n<li data-start=\"1824\" data-end=\"1877\">Transparenter <strong>Kunststoff<\/strong> f\u00fcr sofortige Sichtbarkeit.<\/li>\n<li data-start=\"1880\" data-end=\"1918\">Schnelle Verlegung und intuitive Bedienung.<\/li>\n<li data-start=\"1921\" data-end=\"1971\"><strong>100er-Set<\/strong>, praktisch f\u00fcr den professionellen Gebrauch.<\/li>\n<\/ul>\n<p>&nbsp;<\/p>\n<p><!--more--><\/p>\n<h4>Weitere Informationen :<\/h4>\n<ul>\n<li><strong>Verpackung<\/strong>: Packung mit 100 St\u00fcck<\/li>\n<li><strong>Farbe<\/strong>: Farblos<\/li>\n<li><strong>Material<\/strong>: PP (Polypropylen)<\/li>\n<\/ul>\n<p>&nbsp;<\/p>\n<p><!--more--><\/p>\n<p>Hier finden Sie die Sch\u00fcsseln, die mit diesem Deckel kompatibel sind : <span style=\"color: #d12727;\"><a style=\"color: #d12727;\" href=\"https:\/\/www.csj-emballages.com\/es\/produit\/100-cuencos-de-plastico-desechables-blancos-400-ml-uso-en-caliente\/\">BOL400BL<\/a><\/span> \/ <span style=\"color: #d12727;\"><a style=\"color: #d12727;\" href=\"https:\/\/www.csj-emballages.com\/es\/produit\/100-cuencos-de-plastico-desechables-negros-uso-en-caliente-400-ml\/\">BOL400N<\/a><\/span><\/p>\n<p>&nbsp;<\/p>\n<p><!--more--><\/p>\n<p><a href=\"https:\/\/www.csj-emballages.com\/de\/categorie-produit\/lebensmittelverpackungen\/restauration-de\/topfe-schalen-becherhalter\/einwegschalen\/\">Sehen Sie sich den Rest unseres Sortiments an wiederverwendbaren Sch\u00fcsseln an  <\/a><\/p>\n<p>&nbsp;<\/p>\n","protected":false},"excerpt":{"rendered":"<p>Plastikdeckel Entdecken Sie unsere Plastikabdeckung f\u00fcr &#8218;BOL400&#8216; pro 100 St\u00fcck<\/p>\n","protected":false},"featured_media":204391,"template":"","meta":{"_acf_changed":false},"product_brand":[],"product_cat":[1137,1134,3975,2226],"product_tag":[],"class_list":{"0":"post-20281","1":"product","2":"type-product","3":"status-publish","4":"has-post-thumbnail","6":"product_cat-lebensmittelverpackungen","7":"product_cat-restauration-de","8":"product_cat-topfe-schalen-becherhalter","9":"product_cat-einwegschalen","11":"first","12":"instock","13":"taxable","14":"shipping-taxable","15":"purchasable","16":"product-type-simple"},"acf":[],"yoast_head":"<!-- This site is optimized with the Yoast SEO Premium plugin v26.6 (Yoast SEO v26.6) - https:\/\/yoast.com\/wordpress\/plugins\/seo\/ -->\n<title>Plastikdeckel f\u00fcr &quot;BOL400&quot; pro 100<\/title>\n<meta name=\"description\" content=\"Transparenter Plastikdeckel f\u00fcr Sch\u00fcssel BOL400, verkauft per 100 St\u00fcck. Praktisch, sicher und ideal f\u00fcr den Verkauf zum Mitnehmen und f\u00fcr Fertiggerichte.\" \/>\n<meta name=\"robots\" content=\"index, follow, max-snippet:-1, max-image-preview:large, max-video-preview:-1\" \/>\n<link rel=\"canonical\" href=\"https:\/\/www.csj-emballages.com\/de\/produit\/100-lichtdurchlaessige-plastikdeckel-bol400\/\" \/>\n<meta property=\"og:locale\" content=\"de_DE\" \/>\n<meta property=\"og:type\" content=\"article\" \/>\n<meta property=\"og:title\" content=\"Plastikdeckel f\u00fcr &quot;BOL400&quot; pro 100\" \/>\n<meta property=\"og:description\" content=\"Transparenter Plastikdeckel f\u00fcr Sch\u00fcssel BOL400, verkauft per 100 St\u00fcck. Praktisch, sicher und ideal f\u00fcr den Verkauf zum Mitnehmen und f\u00fcr Fertiggerichte.\" \/>\n<meta property=\"og:url\" content=\"https:\/\/www.csj-emballages.com\/de\/produit\/100-lichtdurchlaessige-plastikdeckel-bol400\/\" \/>\n<meta property=\"og:site_name\" content=\"CSJ Emballages\" \/>\n<meta property=\"article:publisher\" content=\"https:\/\/www.facebook.com\/csjemballages\" \/>\n<meta property=\"article:modified_time\" content=\"2026-03-12T15:21:10+00:00\" \/>\n<meta property=\"og:image\" content=\"https:\/\/www.csj-emballages.com\/wp-content\/uploads\/2024\/03\/COUVBOL400.webp\" \/>\n\t<meta property=\"og:image:width\" content=\"800\" \/>\n\t<meta property=\"og:image:height\" content=\"800\" \/>\n\t<meta property=\"og:image:type\" content=\"image\/webp\" \/>\n<meta name=\"twitter:card\" content=\"summary_large_image\" \/>\n<meta name=\"twitter:label1\" content=\"Gesch\u00e4tzte Lesezeit\" \/>\n\t<meta name=\"twitter:data1\" content=\"2 Minuten\" \/>\n<script type=\"application\/ld+json\" class=\"yoast-schema-graph\">{\"@context\":\"https:\/\/schema.org\",\"@graph\":[{\"@type\":\"WebPage\",\"@id\":\"https:\/\/www.csj-emballages.com\/de\/produit\/100-lichtdurchlaessige-plastikdeckel-bol400\/\",\"url\":\"https:\/\/www.csj-emballages.com\/de\/produit\/100-lichtdurchlaessige-plastikdeckel-bol400\/\",\"name\":\"Plastikdeckel f\u00fcr \\\"BOL400\\\" pro 100\",\"isPartOf\":{\"@id\":\"https:\/\/www.csj-emballages.com\/de\/#website\"},\"primaryImageOfPage\":{\"@id\":\"https:\/\/www.csj-emballages.com\/de\/produit\/100-lichtdurchlaessige-plastikdeckel-bol400\/#primaryimage\"},\"image\":{\"@id\":\"https:\/\/www.csj-emballages.com\/de\/produit\/100-lichtdurchlaessige-plastikdeckel-bol400\/#primaryimage\"},\"thumbnailUrl\":\"https:\/\/www.csj-emballages.com\/wp-content\/uploads\/2024\/03\/COUVBOL400.webp\",\"datePublished\":\"2024-03-01T15:54:45+00:00\",\"dateModified\":\"2026-03-12T15:21:10+00:00\",\"description\":\"Transparenter Plastikdeckel f\u00fcr Sch\u00fcssel BOL400, verkauft per 100 St\u00fcck. Praktisch, sicher und ideal f\u00fcr den Verkauf zum Mitnehmen und f\u00fcr Fertiggerichte.\",\"breadcrumb\":{\"@id\":\"https:\/\/www.csj-emballages.com\/de\/produit\/100-lichtdurchlaessige-plastikdeckel-bol400\/#breadcrumb\"},\"inLanguage\":\"de\",\"potentialAction\":[{\"@type\":\"ReadAction\",\"target\":[\"https:\/\/www.csj-emballages.com\/de\/produit\/100-lichtdurchlaessige-plastikdeckel-bol400\/\"]}]},{\"@type\":\"ImageObject\",\"inLanguage\":\"de\",\"@id\":\"https:\/\/www.csj-emballages.com\/de\/produit\/100-lichtdurchlaessige-plastikdeckel-bol400\/#primaryimage\",\"url\":\"https:\/\/www.csj-emballages.com\/wp-content\/uploads\/2024\/03\/COUVBOL400.webp\",\"contentUrl\":\"https:\/\/www.csj-emballages.com\/wp-content\/uploads\/2024\/03\/COUVBOL400.webp\",\"width\":800,\"height\":800,\"caption\":\"couvercle plastique\"},{\"@type\":\"BreadcrumbList\",\"@id\":\"https:\/\/www.csj-emballages.com\/de\/produit\/100-lichtdurchlaessige-plastikdeckel-bol400\/#breadcrumb\",\"itemListElement\":[{\"@type\":\"ListItem\",\"position\":1,\"name\":\"Accueil\",\"item\":\"https:\/\/www.csj-emballages.com\/de\/universum-lebensmittelverpackungen\/\"},{\"@type\":\"ListItem\",\"position\":2,\"name\":\"Shop\",\"item\":\"https:\/\/www.csj-emballages.com\/shop\/\"},{\"@type\":\"ListItem\",\"position\":3,\"name\":\"Plastikdeckel f\u00fcr \u00ab\u00a0BOL400\u00a0\u00bb pro 100\"}]},{\"@type\":\"WebSite\",\"@id\":\"https:\/\/www.csj-emballages.com\/de\/#website\",\"url\":\"https:\/\/www.csj-emballages.com\/de\/\",\"name\":\"CSJ Emballages\",\"description\":\"\",\"publisher\":{\"@id\":\"https:\/\/www.csj-emballages.com\/de\/#organization\"},\"potentialAction\":[{\"@type\":\"SearchAction\",\"target\":{\"@type\":\"EntryPoint\",\"urlTemplate\":\"https:\/\/www.csj-emballages.com\/de\/?s={search_term_string}\"},\"query-input\":{\"@type\":\"PropertyValueSpecification\",\"valueRequired\":true,\"valueName\":\"search_term_string\"}}],\"inLanguage\":\"de\"},{\"@type\":\"Organization\",\"@id\":\"https:\/\/www.csj-emballages.com\/de\/#Organization\/\",\"name\":\"CSJ Emballages\",\"url\":\"https:\/\/www.csj-emballages.com\/de\/\",\"logo\":{\"@type\":\"ImageObject\",\"inLanguage\":\"de\",\"@id\":\"https:\/\/www.csj-emballages.com\/de\/#\/schema\/logo\/image\/\",\"url\":\"https:\/\/www.csj-emballages.com\/wp-content\/uploads\/2023\/10\/logo_csj.webp\",\"contentUrl\":\"https:\/\/www.csj-emballages.com\/wp-content\/uploads\/2023\/10\/logo_csj.webp\",\"width\":250,\"height\":95,\"caption\":\"CSJ Emballages\"},\"image\":{\"@id\":\"https:\/\/www.csj-emballages.com\/de\/#\/schema\/logo\/image\/\"},\"sameAs\":[\"https:\/\/www.facebook.com\/csjemballages\"],\"address\":{\"@type\":\"PostalAddress\",\"streetAddress\":\"ZI La Lechere\",\"addressLocality\":\"Patornay\",\"postalCode\":\"39130\",\"addressCountry\":\"FR\"},\"contactPoint\":[{\"@type\":\"ContactPoint\",\"contactType\":\"Service client\",\"telephone\":\"0384254272\",\"email\":\"contact@csj-emballages.com\"}]}]}<\/script>\n<!-- \/ Yoast SEO Premium plugin. -->","yoast_head_json":{"title":"Plastikdeckel f\u00fcr \"BOL400\" pro 100","description":"Transparenter Plastikdeckel f\u00fcr Sch\u00fcssel BOL400, verkauft per 100 St\u00fcck. Praktisch, sicher und ideal f\u00fcr den Verkauf zum Mitnehmen und f\u00fcr Fertiggerichte.","robots":{"index":"index","follow":"follow","max-snippet":"max-snippet:-1","max-image-preview":"max-image-preview:large","max-video-preview":"max-video-preview:-1"},"canonical":"https:\/\/www.csj-emballages.com\/de\/produit\/100-lichtdurchlaessige-plastikdeckel-bol400\/","og_locale":"de_DE","og_type":"article","og_title":"Plastikdeckel f\u00fcr \"BOL400\" pro 100","og_description":"Transparenter Plastikdeckel f\u00fcr Sch\u00fcssel BOL400, verkauft per 100 St\u00fcck. Praktisch, sicher und ideal f\u00fcr den Verkauf zum Mitnehmen und f\u00fcr Fertiggerichte.","og_url":"https:\/\/www.csj-emballages.com\/de\/produit\/100-lichtdurchlaessige-plastikdeckel-bol400\/","og_site_name":"CSJ Emballages","article_publisher":"https:\/\/www.facebook.com\/csjemballages","article_modified_time":"2026-03-12T15:21:10+00:00","og_image":[{"width":800,"height":800,"url":"https:\/\/www.csj-emballages.com\/wp-content\/uploads\/2024\/03\/COUVBOL400.webp","type":"image\/webp"}],"twitter_card":"summary_large_image","twitter_misc":{"Gesch\u00e4tzte Lesezeit":"2 Minuten"},"schema":{"@context":"https:\/\/schema.org","@graph":[{"@type":"WebPage","@id":"https:\/\/www.csj-emballages.com\/de\/produit\/100-lichtdurchlaessige-plastikdeckel-bol400\/","url":"https:\/\/www.csj-emballages.com\/de\/produit\/100-lichtdurchlaessige-plastikdeckel-bol400\/","name":"Plastikdeckel f\u00fcr \"BOL400\" pro 100","isPartOf":{"@id":"https:\/\/www.csj-emballages.com\/de\/#website"},"primaryImageOfPage":{"@id":"https:\/\/www.csj-emballages.com\/de\/produit\/100-lichtdurchlaessige-plastikdeckel-bol400\/#primaryimage"},"image":{"@id":"https:\/\/www.csj-emballages.com\/de\/produit\/100-lichtdurchlaessige-plastikdeckel-bol400\/#primaryimage"},"thumbnailUrl":"https:\/\/www.csj-emballages.com\/wp-content\/uploads\/2024\/03\/COUVBOL400.webp","datePublished":"2024-03-01T15:54:45+00:00","dateModified":"2026-03-12T15:21:10+00:00","description":"Transparenter Plastikdeckel f\u00fcr Sch\u00fcssel BOL400, verkauft per 100 St\u00fcck. Praktisch, sicher und ideal f\u00fcr den Verkauf zum Mitnehmen und f\u00fcr Fertiggerichte.","breadcrumb":{"@id":"https:\/\/www.csj-emballages.com\/de\/produit\/100-lichtdurchlaessige-plastikdeckel-bol400\/#breadcrumb"},"inLanguage":"de","potentialAction":[{"@type":"ReadAction","target":["https:\/\/www.csj-emballages.com\/de\/produit\/100-lichtdurchlaessige-plastikdeckel-bol400\/"]}]},{"@type":"ImageObject","inLanguage":"de","@id":"https:\/\/www.csj-emballages.com\/de\/produit\/100-lichtdurchlaessige-plastikdeckel-bol400\/#primaryimage","url":"https:\/\/www.csj-emballages.com\/wp-content\/uploads\/2024\/03\/COUVBOL400.webp","contentUrl":"https:\/\/www.csj-emballages.com\/wp-content\/uploads\/2024\/03\/COUVBOL400.webp","width":800,"height":800,"caption":"couvercle plastique"},{"@type":"BreadcrumbList","@id":"https:\/\/www.csj-emballages.com\/de\/produit\/100-lichtdurchlaessige-plastikdeckel-bol400\/#breadcrumb","itemListElement":[{"@type":"ListItem","position":1,"name":"Accueil","item":"https:\/\/www.csj-emballages.com\/de\/universum-lebensmittelverpackungen\/"},{"@type":"ListItem","position":2,"name":"Shop","item":"https:\/\/www.csj-emballages.com\/shop\/"},{"@type":"ListItem","position":3,"name":"Plastikdeckel f\u00fcr \u00ab\u00a0BOL400\u00a0\u00bb pro 100"}]},{"@type":"WebSite","@id":"https:\/\/www.csj-emballages.com\/de\/#website","url":"https:\/\/www.csj-emballages.com\/de\/","name":"CSJ Emballages","description":"","publisher":{"@id":"https:\/\/www.csj-emballages.com\/de\/#organization"},"potentialAction":[{"@type":"SearchAction","target":{"@type":"EntryPoint","urlTemplate":"https:\/\/www.csj-emballages.com\/de\/?s={search_term_string}"},"query-input":{"@type":"PropertyValueSpecification","valueRequired":true,"valueName":"search_term_string"}}],"inLanguage":"de"},{"@type":"Organization","@id":"https:\/\/www.csj-emballages.com\/de\/#Organization\/","name":"CSJ Emballages","url":"https:\/\/www.csj-emballages.com\/de\/","logo":{"@type":"ImageObject","inLanguage":"de","@id":"https:\/\/www.csj-emballages.com\/de\/#\/schema\/logo\/image\/","url":"https:\/\/www.csj-emballages.com\/wp-content\/uploads\/2023\/10\/logo_csj.webp","contentUrl":"https:\/\/www.csj-emballages.com\/wp-content\/uploads\/2023\/10\/logo_csj.webp","width":250,"height":95,"caption":"CSJ Emballages"},"image":{"@id":"https:\/\/www.csj-emballages.com\/de\/#\/schema\/logo\/image\/"},"sameAs":["https:\/\/www.facebook.com\/csjemballages"],"address":{"@type":"PostalAddress","streetAddress":"ZI La Lechere","addressLocality":"Patornay","postalCode":"39130","addressCountry":"FR"},"contactPoint":[{"@type":"ContactPoint","contactType":"Service client","telephone":"0384254272","email":"contact@csj-emballages.com"}]}]}},"df_price":9.62,"df_sale_price":"","df_regular_price":9.62,"df_image_link":"https:\/\/www.csj-emballages.com\/wp-content\/uploads\/2024\/03\/COUVBOL400-300x300.webp","tiered_pricing_type":"fixed","tiered_pricing_fixed_rules":[],"tiered_pricing_percentage_rules":[],"tiered_pricing_minimum":1,"tiered_pricing_roles_data":[],"_links":{"self":[{"href":"https:\/\/www.csj-emballages.com\/de\/wp-json\/wp\/v2\/product\/20281","targetHints":{"allow":["GET"]}}],"collection":[{"href":"https:\/\/www.csj-emballages.com\/de\/wp-json\/wp\/v2\/product"}],"about":[{"href":"https:\/\/www.csj-emballages.com\/de\/wp-json\/wp\/v2\/types\/product"}],"wp:featuredmedia":[{"embeddable":true,"href":"https:\/\/www.csj-emballages.com\/de\/wp-json\/wp\/v2\/media\/204391"}],"wp:attachment":[{"href":"https:\/\/www.csj-emballages.com\/de\/wp-json\/wp\/v2\/media?parent=20281"}],"wp:term":[{"taxonomy":"product_brand","embeddable":true,"href":"https:\/\/www.csj-emballages.com\/de\/wp-json\/wp\/v2\/product_brand?post=20281"},{"taxonomy":"product_cat","embeddable":true,"href":"https:\/\/www.csj-emballages.com\/de\/wp-json\/wp\/v2\/product_cat?post=20281"},{"taxonomy":"product_tag","embeddable":true,"href":"https:\/\/www.csj-emballages.com\/de\/wp-json\/wp\/v2\/product_tag?post=20281"}],"curies":[{"name":"wp","href":"https:\/\/api.w.org\/{rel}","templated":true}]}}