{"id":20260,"date":"2024-03-01T16:54:47","date_gmt":"2024-03-01T15:54:47","guid":{"rendered":"https:\/\/u15jnbdpoq.preview.infomaniak.website\/produit\/50-deckel-fuer-essenstablett-mit-5-faechern\/"},"modified":"2026-05-07T02:13:51","modified_gmt":"2026-05-07T00:13:51","slug":"50-deckel-fuer-essenstablett-mit-5-faechern","status":"publish","type":"product","link":"https:\/\/www.csj-emballages.com\/de\/produit\/50-deckel-fuer-essenstablett-mit-5-faechern\/","title":{"rendered":"Deckel f\u00fcr Essenstablett &#8218;PL5C&#8216; pro 50"},"content":{"rendered":"<h2>Deckel f\u00fcr Speisetablett &#8218;PL5C<\/h2>\n<hr>\n<h3>Beschreibung von unserem Deckel f\u00fcr Essenstablett &#8218;PL5C&#8216; pro 50<\/h3>\n<p><!--more--><\/p>\n<p data-start=\"213\" data-end=\"706\">Der <strong data-start=\"216\" data-end=\"262\">Deckel f\u00fcr Essenstabletts &#8218;PL5C&#8216; im 50er<\/strong> Pack ist ein Muss f\u00fcr alle, die professionell in der Gastronomie und im Take-away-Bereich arbeiten. Er wurde so konzipiert, dass er perfekt auf die kompatiblen Speisetabletts passt. Er sorgt f\u00fcr einen <strong data-start=\"439\" data-end=\"463\">luftdichten Verschluss<\/strong> und sch\u00fctzt Ihre Zubereitungen w\u00e4hrend des Transports wirksam. Ob Sie nun <strong data-start=\"542\" data-end=\"554\">Caterer<\/strong>, <strong data-start=\"556\" data-end=\"572\">Restaurantbesitzer<\/strong> oder Betreiber einer Cafeteria sind, dieser Deckel garantiert Ihnen eine <strong data-start=\"644\" data-end=\"679\">praktische und hygienische L\u00f6sung<\/strong> f\u00fcr Ihre kompletten Men\u00fcs.  <\/p>\n<p data-start=\"708\" data-end=\"1085\">Dank seines robusten, transparenten Designs bringt dieser <strong data-start=\"758\" data-end=\"781\">Plastikdeckel<\/strong> Ihre Gerichte zur Geltung und h\u00e4lt sie gleichzeitig gut gesch\u00fctzt. Er verhindert das \u00dcberlaufen, h\u00e4lt die Hitze l\u00e4nger und sorgt f\u00fcr eine gepflegte Pr\u00e4sentation f\u00fcr Ihre G\u00e4ste. So wird jede Mahlzeit unter optimalen Bedingungen geliefert, ohne dass etwas ausl\u00e4uft oder sich zwischen den F\u00e4chern der Schale vermischt.  <\/p>\n<p data-start=\"1087\" data-end=\"1445\">Der <strong data-start=\"1123\" data-end=\"1141\">Deckel PL5C<\/strong> wird in Packungen zu <strong>50 St\u00fcck<\/strong> geliefert und ist eine kosteng\u00fcnstige und effiziente L\u00f6sung f\u00fcr die Gemeinschaftsverpflegung, f\u00fcr Mahlzeiten in Unternehmen oder f\u00fcr Veranstaltungen mit vielen G\u00e4sten. Seine einfache und schnelle Handhabung macht ihn zu einem wichtigen Verb\u00fcndeten f\u00fcr K\u00fcchenteams, die <strong data-start=\"1412\" data-end=\"1442\">Zeit sparen und gleichzeitig zuverl\u00e4ssig<\/strong> sein wollen. <\/p>\n<p data-start=\"1447\" data-end=\"1678\">Mit diesem Deckel entscheiden Sie sich f\u00fcr ein <strong data-start=\"1503\" data-end=\"1515\">praktisches<\/strong>, <strong data-start=\"1517\" data-end=\"1529\">sicheres<\/strong> Produkt, das f\u00fcr den Alltag anspruchsvoller Berufst\u00e4tiger entwickelt wurde. Mit diesem Deckel behalten Ihre Mahlzeiten von der Zubereitung bis zum Verzehr ihre Qualit\u00e4t. <\/p>\n<p data-start=\"1447\" data-end=\"1678\">\n<p data-start=\"1447\" data-end=\"1678\"><!--more--><\/p>\n<p data-start=\"1447\" data-end=\"1678\"><strong><span style=\"color: #ff0000;\">*Dieser Deckel wird separat von seinem Tablett verkauft (siehe Link unten).<\/span><\/strong><\/p>\n<p>&nbsp;<\/p>\n<p><!--more--><\/p>\n<h4>Vorteile :<\/h4>\n<ul>\n<li><strong data-start=\"1705\" data-end=\"1729\">Hermetischer Verschluss<\/strong>: Garantiert die Sicherheit der Gerichte w\u00e4hrend des Transports.<\/li>\n<li><strong data-start=\"1789\" data-end=\"1805\">Transparenz<\/strong>: hebt Ihre Zubereitungen hervor.<\/li>\n<li><strong data-start=\"1844\" data-end=\"1858\">Robustheit<\/strong>: Sch\u00fctzt Ihre Mahlzeiten, ohne sich zu verformen.<\/li>\n<li><strong data-start=\"1901\" data-end=\"1914\">Praktisch<\/strong>: leicht anzubringen und zu entfernen.<\/li>\n<li><strong data-start=\"1950\" data-end=\"1976\">Packung mit 50 St\u00fcck<\/strong>: ideal f\u00fcr den professionellen Gebrauch.<\/li>\n<\/ul>\n<p>&nbsp;<\/p>\n<p><!--more--><\/p>\n<h4>Weitere Informationen :<\/h4>\n<ul>\n<li><strong>Verpackung<\/strong>: Packung mit 50 St\u00fcck<\/li>\n<li><strong>Ma\u00dfe<\/strong>: 290 x 224 x 50 mm<\/li>\n<li><strong>Anzahl der F\u00e4cher <\/strong>: 5<\/li>\n<li><strong>Farbe<\/strong>: Kristall<\/li>\n<li><strong>Material<\/strong>: PET (Polyethylen)<\/li>\n<li><strong>Betriebstemperatur<\/strong>: -40\u00b0C \/ +60\u00b0C<\/li>\n<\/ul>\n<p>&nbsp;<\/p>\n<p><!--more--><\/p>\n<p>Hier finden Sie das Tablett, das mit diesem Deckel kompatibel ist : <span style=\"color: #d12727;\"><a style=\"color: #d12727;\" href=\"https:\/\/www.csj-emballages.com\/de\/produit\/50-mahlzeitentabletts-zum-mitnehmen-5-faecher\/\">PL5C<\/a><\/span><\/p>\n<p>&nbsp;<\/p>\n<p><!--more--><\/p>\n<p><a href=\"https:\/\/www.csj-emballages.com\/de\/categorie-produit\/lebensmittelverpackungen\/metzgerei-und-feinkostgeschaft\/tabletts\/mahlzeitentabletts\/plastiktabletts-fur-mahlzeiten\/tabletts-pr290b\/\">Sehen Sie sich den Rest unseres Angebots an Tabletts an.<\/a><\/p>\n","protected":false},"excerpt":{"rendered":"<p>Deckel f\u00fcr Speisetablett &#8218;PL5C Beschreibung von unserem Deckel f\u00fcr Essenstablett &#8218;PL5C&#8216; pro 50<\/p>\n","protected":false},"featured_media":241301,"template":"","meta":{"_acf_changed":false},"product_brand":[],"product_cat":[1137,1170,1344,1345,1346,6995,1134,1347,1349,1350],"product_tag":[],"class_list":{"0":"post-20260","1":"product","2":"type-product","3":"status-publish","4":"has-post-thumbnail","6":"product_cat-lebensmittelverpackungen","7":"product_cat-metzgerei-und-feinkostgeschaft","8":"product_cat-tabletts","9":"product_cat-mahlzeitentabletts","10":"product_cat-plastiktabletts-fur-mahlzeiten","11":"product_cat-tabletts-pr290b","12":"product_cat-restauration-de","13":"product_cat-tabletts-de","14":"product_cat-einweg-mahlzeitentabletts","15":"product_cat-plastiktabletts-fur-mahlzeiten-de","17":"first","18":"instock","19":"taxable","20":"shipping-taxable","21":"purchasable","22":"product-type-simple"},"acf":[],"yoast_head":"<!-- This site is optimized with the Yoast SEO Premium plugin v26.6 (Yoast SEO v26.6) - https:\/\/yoast.com\/wordpress\/plugins\/seo\/ -->\n<title>Deckel f\u00fcr Essenstablett &#039;PL5C&#039; pro 50<\/title>\n<meta name=\"description\" content=\"Deckel f\u00fcr Speisetablett &#039;PL5C&#039; VE 50: Praktisch, robust und durchsichtig, um Ihre Speisen beim Transport und bei der Aufbewahrung zu sch\u00fctzen.\" \/>\n<meta name=\"robots\" content=\"index, follow, max-snippet:-1, max-image-preview:large, max-video-preview:-1\" \/>\n<link rel=\"canonical\" href=\"https:\/\/www.csj-emballages.com\/de\/produit\/50-deckel-fuer-essenstablett-mit-5-faechern\/\" \/>\n<meta property=\"og:locale\" content=\"de_DE\" \/>\n<meta property=\"og:type\" content=\"article\" \/>\n<meta property=\"og:title\" content=\"Deckel f\u00fcr Essenstablett &#039;PL5C&#039; pro 50\" \/>\n<meta property=\"og:description\" content=\"Deckel f\u00fcr Speisetablett &#039;PL5C&#039; VE 50: Praktisch, robust und durchsichtig, um Ihre Speisen beim Transport und bei der Aufbewahrung zu sch\u00fctzen.\" \/>\n<meta property=\"og:url\" content=\"https:\/\/www.csj-emballages.com\/de\/produit\/50-deckel-fuer-essenstablett-mit-5-faechern\/\" \/>\n<meta property=\"og:site_name\" content=\"CSJ Emballages\" \/>\n<meta property=\"article:publisher\" content=\"https:\/\/www.facebook.com\/csjemballages\" \/>\n<meta property=\"article:modified_time\" content=\"2026-05-07T00:13:51+00:00\" \/>\n<meta property=\"og:image\" content=\"https:\/\/www.csj-emballages.com\/wp-content\/uploads\/2024\/03\/COPL5C.webp\" \/>\n\t<meta property=\"og:image:width\" content=\"800\" \/>\n\t<meta property=\"og:image:height\" content=\"800\" \/>\n\t<meta property=\"og:image:type\" content=\"image\/webp\" \/>\n<meta name=\"twitter:card\" content=\"summary_large_image\" \/>\n<meta name=\"twitter:label1\" content=\"Gesch\u00e4tzte Lesezeit\" \/>\n\t<meta name=\"twitter:data1\" content=\"2 Minuten\" \/>\n<script type=\"application\/ld+json\" class=\"yoast-schema-graph\">{\"@context\":\"https:\/\/schema.org\",\"@graph\":[{\"@type\":\"WebPage\",\"@id\":\"https:\/\/www.csj-emballages.com\/de\/produit\/50-deckel-fuer-essenstablett-mit-5-faechern\/\",\"url\":\"https:\/\/www.csj-emballages.com\/de\/produit\/50-deckel-fuer-essenstablett-mit-5-faechern\/\",\"name\":\"Deckel f\u00fcr Essenstablett 'PL5C' pro 50\",\"isPartOf\":{\"@id\":\"https:\/\/www.csj-emballages.com\/de\/#website\"},\"primaryImageOfPage\":{\"@id\":\"https:\/\/www.csj-emballages.com\/de\/produit\/50-deckel-fuer-essenstablett-mit-5-faechern\/#primaryimage\"},\"image\":{\"@id\":\"https:\/\/www.csj-emballages.com\/de\/produit\/50-deckel-fuer-essenstablett-mit-5-faechern\/#primaryimage\"},\"thumbnailUrl\":\"https:\/\/www.csj-emballages.com\/wp-content\/uploads\/2024\/03\/COPL5C.webp\",\"datePublished\":\"2024-03-01T15:54:47+00:00\",\"dateModified\":\"2026-05-07T00:13:51+00:00\",\"description\":\"Deckel f\u00fcr Speisetablett 'PL5C' VE 50: Praktisch, robust und durchsichtig, um Ihre Speisen beim Transport und bei der Aufbewahrung zu sch\u00fctzen.\",\"breadcrumb\":{\"@id\":\"https:\/\/www.csj-emballages.com\/de\/produit\/50-deckel-fuer-essenstablett-mit-5-faechern\/#breadcrumb\"},\"inLanguage\":\"de\",\"potentialAction\":[{\"@type\":\"ReadAction\",\"target\":[\"https:\/\/www.csj-emballages.com\/de\/produit\/50-deckel-fuer-essenstablett-mit-5-faechern\/\"]}]},{\"@type\":\"ImageObject\",\"inLanguage\":\"de\",\"@id\":\"https:\/\/www.csj-emballages.com\/de\/produit\/50-deckel-fuer-essenstablett-mit-5-faechern\/#primaryimage\",\"url\":\"https:\/\/www.csj-emballages.com\/wp-content\/uploads\/2024\/03\/COPL5C.webp\",\"contentUrl\":\"https:\/\/www.csj-emballages.com\/wp-content\/uploads\/2024\/03\/COPL5C.webp\",\"width\":800,\"height\":800,\"caption\":\"Couvercle pour plateau repas\"},{\"@type\":\"BreadcrumbList\",\"@id\":\"https:\/\/www.csj-emballages.com\/de\/produit\/50-deckel-fuer-essenstablett-mit-5-faechern\/#breadcrumb\",\"itemListElement\":[{\"@type\":\"ListItem\",\"position\":1,\"name\":\"Accueil\",\"item\":\"https:\/\/www.csj-emballages.com\/de\/universum-lebensmittelverpackungen\/\"},{\"@type\":\"ListItem\",\"position\":2,\"name\":\"Shop\",\"item\":\"https:\/\/www.csj-emballages.com\/shop\/\"},{\"@type\":\"ListItem\",\"position\":3,\"name\":\"Deckel f\u00fcr Essenstablett &lsquo;PL5C&rsquo; pro 50\"}]},{\"@type\":\"WebSite\",\"@id\":\"https:\/\/www.csj-emballages.com\/de\/#website\",\"url\":\"https:\/\/www.csj-emballages.com\/de\/\",\"name\":\"CSJ Emballages\",\"description\":\"\",\"publisher\":{\"@id\":\"https:\/\/www.csj-emballages.com\/de\/#organization\"},\"potentialAction\":[{\"@type\":\"SearchAction\",\"target\":{\"@type\":\"EntryPoint\",\"urlTemplate\":\"https:\/\/www.csj-emballages.com\/de\/?s={search_term_string}\"},\"query-input\":{\"@type\":\"PropertyValueSpecification\",\"valueRequired\":true,\"valueName\":\"search_term_string\"}}],\"inLanguage\":\"de\"},{\"@type\":\"Organization\",\"@id\":\"https:\/\/www.csj-emballages.com\/de\/#Organization\/\",\"name\":\"CSJ Emballages\",\"url\":\"https:\/\/www.csj-emballages.com\/de\/\",\"logo\":{\"@type\":\"ImageObject\",\"inLanguage\":\"de\",\"@id\":\"https:\/\/www.csj-emballages.com\/de\/#\/schema\/logo\/image\/\",\"url\":\"https:\/\/www.csj-emballages.com\/wp-content\/uploads\/2023\/10\/logo_csj.webp\",\"contentUrl\":\"https:\/\/www.csj-emballages.com\/wp-content\/uploads\/2023\/10\/logo_csj.webp\",\"width\":250,\"height\":95,\"caption\":\"CSJ Emballages\"},\"image\":{\"@id\":\"https:\/\/www.csj-emballages.com\/de\/#\/schema\/logo\/image\/\"},\"sameAs\":[\"https:\/\/www.facebook.com\/csjemballages\"],\"address\":{\"@type\":\"PostalAddress\",\"streetAddress\":\"ZI La Lechere\",\"addressLocality\":\"Patornay\",\"postalCode\":\"39130\",\"addressCountry\":\"FR\"},\"contactPoint\":[{\"@type\":\"ContactPoint\",\"contactType\":\"Service client\",\"telephone\":\"0384254272\",\"email\":\"contact@csj-emballages.com\"}]}]}<\/script>\n<!-- \/ Yoast SEO Premium plugin. -->","yoast_head_json":{"title":"Deckel f\u00fcr Essenstablett 'PL5C' pro 50","description":"Deckel f\u00fcr Speisetablett 'PL5C' VE 50: Praktisch, robust und durchsichtig, um Ihre Speisen beim Transport und bei der Aufbewahrung zu sch\u00fctzen.","robots":{"index":"index","follow":"follow","max-snippet":"max-snippet:-1","max-image-preview":"max-image-preview:large","max-video-preview":"max-video-preview:-1"},"canonical":"https:\/\/www.csj-emballages.com\/de\/produit\/50-deckel-fuer-essenstablett-mit-5-faechern\/","og_locale":"de_DE","og_type":"article","og_title":"Deckel f\u00fcr Essenstablett 'PL5C' pro 50","og_description":"Deckel f\u00fcr Speisetablett 'PL5C' VE 50: Praktisch, robust und durchsichtig, um Ihre Speisen beim Transport und bei der Aufbewahrung zu sch\u00fctzen.","og_url":"https:\/\/www.csj-emballages.com\/de\/produit\/50-deckel-fuer-essenstablett-mit-5-faechern\/","og_site_name":"CSJ Emballages","article_publisher":"https:\/\/www.facebook.com\/csjemballages","article_modified_time":"2026-05-07T00:13:51+00:00","og_image":[{"width":800,"height":800,"url":"https:\/\/www.csj-emballages.com\/wp-content\/uploads\/2024\/03\/COPL5C.webp","type":"image\/webp"}],"twitter_card":"summary_large_image","twitter_misc":{"Gesch\u00e4tzte Lesezeit":"2 Minuten"},"schema":{"@context":"https:\/\/schema.org","@graph":[{"@type":"WebPage","@id":"https:\/\/www.csj-emballages.com\/de\/produit\/50-deckel-fuer-essenstablett-mit-5-faechern\/","url":"https:\/\/www.csj-emballages.com\/de\/produit\/50-deckel-fuer-essenstablett-mit-5-faechern\/","name":"Deckel f\u00fcr Essenstablett 'PL5C' pro 50","isPartOf":{"@id":"https:\/\/www.csj-emballages.com\/de\/#website"},"primaryImageOfPage":{"@id":"https:\/\/www.csj-emballages.com\/de\/produit\/50-deckel-fuer-essenstablett-mit-5-faechern\/#primaryimage"},"image":{"@id":"https:\/\/www.csj-emballages.com\/de\/produit\/50-deckel-fuer-essenstablett-mit-5-faechern\/#primaryimage"},"thumbnailUrl":"https:\/\/www.csj-emballages.com\/wp-content\/uploads\/2024\/03\/COPL5C.webp","datePublished":"2024-03-01T15:54:47+00:00","dateModified":"2026-05-07T00:13:51+00:00","description":"Deckel f\u00fcr Speisetablett 'PL5C' VE 50: Praktisch, robust und durchsichtig, um Ihre Speisen beim Transport und bei der Aufbewahrung zu sch\u00fctzen.","breadcrumb":{"@id":"https:\/\/www.csj-emballages.com\/de\/produit\/50-deckel-fuer-essenstablett-mit-5-faechern\/#breadcrumb"},"inLanguage":"de","potentialAction":[{"@type":"ReadAction","target":["https:\/\/www.csj-emballages.com\/de\/produit\/50-deckel-fuer-essenstablett-mit-5-faechern\/"]}]},{"@type":"ImageObject","inLanguage":"de","@id":"https:\/\/www.csj-emballages.com\/de\/produit\/50-deckel-fuer-essenstablett-mit-5-faechern\/#primaryimage","url":"https:\/\/www.csj-emballages.com\/wp-content\/uploads\/2024\/03\/COPL5C.webp","contentUrl":"https:\/\/www.csj-emballages.com\/wp-content\/uploads\/2024\/03\/COPL5C.webp","width":800,"height":800,"caption":"Couvercle pour plateau repas"},{"@type":"BreadcrumbList","@id":"https:\/\/www.csj-emballages.com\/de\/produit\/50-deckel-fuer-essenstablett-mit-5-faechern\/#breadcrumb","itemListElement":[{"@type":"ListItem","position":1,"name":"Accueil","item":"https:\/\/www.csj-emballages.com\/de\/universum-lebensmittelverpackungen\/"},{"@type":"ListItem","position":2,"name":"Shop","item":"https:\/\/www.csj-emballages.com\/shop\/"},{"@type":"ListItem","position":3,"name":"Deckel f\u00fcr Essenstablett &lsquo;PL5C&rsquo; pro 50"}]},{"@type":"WebSite","@id":"https:\/\/www.csj-emballages.com\/de\/#website","url":"https:\/\/www.csj-emballages.com\/de\/","name":"CSJ Emballages","description":"","publisher":{"@id":"https:\/\/www.csj-emballages.com\/de\/#organization"},"potentialAction":[{"@type":"SearchAction","target":{"@type":"EntryPoint","urlTemplate":"https:\/\/www.csj-emballages.com\/de\/?s={search_term_string}"},"query-input":{"@type":"PropertyValueSpecification","valueRequired":true,"valueName":"search_term_string"}}],"inLanguage":"de"},{"@type":"Organization","@id":"https:\/\/www.csj-emballages.com\/de\/#Organization\/","name":"CSJ Emballages","url":"https:\/\/www.csj-emballages.com\/de\/","logo":{"@type":"ImageObject","inLanguage":"de","@id":"https:\/\/www.csj-emballages.com\/de\/#\/schema\/logo\/image\/","url":"https:\/\/www.csj-emballages.com\/wp-content\/uploads\/2023\/10\/logo_csj.webp","contentUrl":"https:\/\/www.csj-emballages.com\/wp-content\/uploads\/2023\/10\/logo_csj.webp","width":250,"height":95,"caption":"CSJ Emballages"},"image":{"@id":"https:\/\/www.csj-emballages.com\/de\/#\/schema\/logo\/image\/"},"sameAs":["https:\/\/www.facebook.com\/csjemballages"],"address":{"@type":"PostalAddress","streetAddress":"ZI La Lechere","addressLocality":"Patornay","postalCode":"39130","addressCountry":"FR"},"contactPoint":[{"@type":"ContactPoint","contactType":"Service client","telephone":"0384254272","email":"contact@csj-emballages.com"}]}]}},"df_price":17.86,"df_sale_price":"","df_regular_price":17.86,"df_image_link":"https:\/\/www.csj-emballages.com\/wp-content\/uploads\/2024\/03\/COPL5C-300x300.webp","tiered_pricing_type":"fixed","tiered_pricing_fixed_rules":[],"tiered_pricing_percentage_rules":[],"tiered_pricing_minimum":1,"tiered_pricing_roles_data":[],"_links":{"self":[{"href":"https:\/\/www.csj-emballages.com\/de\/wp-json\/wp\/v2\/product\/20260","targetHints":{"allow":["GET"]}}],"collection":[{"href":"https:\/\/www.csj-emballages.com\/de\/wp-json\/wp\/v2\/product"}],"about":[{"href":"https:\/\/www.csj-emballages.com\/de\/wp-json\/wp\/v2\/types\/product"}],"wp:featuredmedia":[{"embeddable":true,"href":"https:\/\/www.csj-emballages.com\/de\/wp-json\/wp\/v2\/media\/241301"}],"wp:attachment":[{"href":"https:\/\/www.csj-emballages.com\/de\/wp-json\/wp\/v2\/media?parent=20260"}],"wp:term":[{"taxonomy":"product_brand","embeddable":true,"href":"https:\/\/www.csj-emballages.com\/de\/wp-json\/wp\/v2\/product_brand?post=20260"},{"taxonomy":"product_cat","embeddable":true,"href":"https:\/\/www.csj-emballages.com\/de\/wp-json\/wp\/v2\/product_cat?post=20260"},{"taxonomy":"product_tag","embeddable":true,"href":"https:\/\/www.csj-emballages.com\/de\/wp-json\/wp\/v2\/product_tag?post=20260"}],"curies":[{"name":"wp","href":"https:\/\/api.w.org\/{rel}","templated":true}]}}