{"id":20257,"date":"2024-03-01T16:54:45","date_gmt":"2024-03-01T15:54:45","guid":{"rendered":"https:\/\/u15jnbdpoq.preview.infomaniak.website\/produit\/25-deckel-fuer-tabletts-zum-mitnehmen-5-faecher-luxus-pl5cluxen\/"},"modified":"2026-03-17T02:13:20","modified_gmt":"2026-03-17T01:13:20","slug":"25-deckel-fuer-tabletts-zum-mitnehmen-5-faecher-luxus-pl5cluxen","status":"publish","type":"product","link":"https:\/\/www.csj-emballages.com\/de\/produit\/25-deckel-fuer-tabletts-zum-mitnehmen-5-faecher-luxus-pl5cluxen\/","title":{"rendered":"Deckel f\u00fcr Essenstablett &#8222;PL5CLUXEN&#8220; pro 25"},"content":{"rendered":"<h2>Deckel f\u00fcr Essenstablett<\/h2>\n<hr>\n<h3>Beschreibung von unserem Deckel f\u00fcr Essenstablett &#8222;PL5CLUXEN&#8220; per 25<\/h3>\n<p><!--more--><\/p>\n<p data-start=\"273\" data-end=\"606\">Der <strong data-start=\"276\" data-end=\"320\">Deckel f\u00fcr Essenstabletts &#8222;PL5CLUXEN&#8220;<\/strong> wurde speziell f\u00fcr die Anforderungen von professionellen Gastronomiebetrieben, Take-aways und Cateringunternehmen entwickelt. Dieser <strong>Deckel aus<\/strong> transparentem <strong>Kunststoff (OPS)<\/strong> passt perfekt auf das Speisetablett. <span style=\"color: #d12727;\"><a style=\"color: #d12727;\" href=\"https:\/\/www.csj-emballages.com\/produit\/25-plateaux-repas-a-emporter-5-compartiments-luxe\/\"><strong data-start=\"537\" data-end=\"550\">PL5CLUXEN<\/strong><\/a><\/span>Der Deckel passt genau auf den Beh\u00e4lter und bietet so einen sicheren, luftdichten Verschluss. <\/p>\n<p data-start=\"608\" data-end=\"1005\">Dank seiner <strong data-start=\"619\" data-end=\"631\">Stabilit\u00e4t<\/strong> und der pr\u00e4zisen Passform sorgt er beim Transport f\u00fcr eine hervorragende <strong data-start=\"687\" data-end=\"701\">Abdichtung<\/strong>, sodass Ihre Gerichte sowohl warm als auch kalt bleiben. Neben dem effektiven Schutz der Speisen bietet der <strong>Deckel<\/strong> auch eine <strong data-start=\"861\" data-end=\"888\">makellose Pr\u00e4sentation<\/strong>: Seine Transparenz bringt Ihre Zubereitungen zur Geltung und gibt Ihren Kunden die Gewissheit, dass der Inhalt frisch und qualitativ hochwertig ist. <\/p>\n<p data-start=\"1007\" data-end=\"1313\">Dieses Set mit <strong data-start=\"1017\" data-end=\"1034\">25 Deckeln<\/strong> wurde entwickelt, um die Organisation im Berufsleben zu erleichtern, und ist gleichzeitig praktisch f\u00fcr Privatpersonen, die im Voraus hausgemachte Mahlzeiten zubereiten m\u00f6chten. Das robuste Design verhindert Verformungen und sorgt f\u00fcr einen zuverl\u00e4ssigen Gebrauch, auch unter intensiven Transportbedingungen. <\/p>\n<p data-start=\"1315\" data-end=\"1611\">Ob Sie nun Caterer, Restaurantbesitzer oder Eventveranstalter sind, dieser Deckel ist ein Muss, um die Hygiene, Frische und Qualit\u00e4t Ihrer Gerichte bis zur Verkostung aufrechtzuerhalten. In Verbindung mit dem passenden Essenstablett erm\u00f6glicht er Ihnen, einen praktischen, sauberen und \u00e4sthetischen Service anzubieten. <\/p>\n<p data-start=\"1613\" data-end=\"1832\">Zusammenfassend l\u00e4sst sich sagen, dass dieser <strong data-start=\"1627\" data-end=\"1671\">Deckel f\u00fcr &#8222;PL5CLUXEN&#8220;<\/strong> nicht nur ein Zubeh\u00f6rteil ist, sondern eine echte Bereicherung f\u00fcr Ihr Gesch\u00e4ft, die Zweckm\u00e4\u00dfigkeit, Lebensmittelsicherheit und die Aufwertung Ihrer Zubereitungen miteinander verbindet.<\/p>\n<p data-start=\"1613\" data-end=\"1832\">\n<p data-start=\"1613\" data-end=\"1832\">\n<p data-start=\"1704\" data-end=\"1889\"><!--more--><\/p>\n<p data-start=\"1704\" data-end=\"1889\"><strong><span style=\"color: #ff0000;\">*Dieser Deckel wird separat von seinem Tablett verkauft (siehe Link unten).<\/span><\/strong><\/p>\n<p data-start=\"1704\" data-end=\"1889\">\n<p data-start=\"1704\" data-end=\"1889\"><!--more--><\/p>\n<h4>Vorteile :<\/h4>\n<ul>\n<li>Hermetischer Verschluss verhindert das Auslaufen und sch\u00fctzt die Lebensmittel.<\/li>\n<li>Transparenz, die Ihre Zubereitungen hervorhebt.<\/li>\n<li>Widerstandsf\u00e4hig und robust, f\u00fcr den Transport geeignet.<\/li>\n<li>Praktisches Set mit 25 St\u00fcck f\u00fcr den professionellen oder privaten Gebrauch.<\/li>\n<li>Kompatibel mit dem Esstablett PL5CLUXEN.<\/li>\n<\/ul>\n<p>&nbsp;<\/p>\n<p><!--more--><\/p>\n<h4>Weitere Informationen :<\/h4>\n<ul>\n<li><strong>Verpackung<\/strong>: Packung mit 25 St\u00fcck<\/li>\n<li><strong>Ma\u00dfe<\/strong>: 329 x 265 x 50 mm<\/li>\n<li><strong>Farbe<\/strong>: Kristall<\/li>\n<li><strong>Material<\/strong>: OPS (Kunststoff)<\/li>\n<li><strong>Verwendungstemperatur<\/strong>: -5\u00b0C \/ +80\u00b0C<\/li>\n<\/ul>\n<p>&nbsp;<\/p>\n<p><!--more--><\/p>\n<p>Hier finden Sie das Tablett, das mit diesem Deckel kompatibel ist : <span style=\"color: #d12727;\"><a style=\"color: #d12727;\" href=\"https:\/\/www.csj-emballages.com\/produit\/25-plateaux-repas-a-emporter-5-compartiments-luxe\/\">PL5CLUXEN<\/a><\/span><\/p>\n<p>&nbsp;<\/p>\n<p><!--more--><\/p>\n<p><a href=\"https:\/\/www.csj-emballages.com\/de\/categorie-produit\/lebensmittelverpackungen\/metzgerei-und-feinkostgeschaft\/tabletts\/mahlzeitentabletts\/plastiktabletts-fur-mahlzeiten\/tabletts-luxus\/\">Sehen Sie sich den Rest unseres Sortiments an &#8218;Luxus&#8216;-Tabletts an<\/a><\/p>\n<p>&nbsp;<\/p>\n<h2><span style=\"text-decoration-line: underline; font-size: 16px;\">Eigenschaften von Deckeln f\u00fcr Einweg-Mahlzeitenschalen<\/span><\/h2>\n<p>&nbsp;<\/p>\n<ul>\n<li>Verkauft an Privatpersonen \/ Fachleute<\/li>\n<li>Abmessungen: 329 x 266 x 50 ( L x B x H in mm)<\/li>\n<li>Verpackung: Packungen mit 25 Deckeln f\u00fcr Mahlzeitentabletts.<\/li>\n<li>In Schutzfolie verpackt, um eine bessere Lagerung und einen besseren Schutz zu gew\u00e4hrleisten.<\/li>\n<li>Material: Kunststoff<\/li>\n<\/ul>\n<p>&nbsp;<\/p>\n<h2>Entscheiden Sie sich f\u00fcr Deckel f\u00fcr Essenstabletts<\/h2>\n","protected":false},"excerpt":{"rendered":"<p>Deckel f\u00fcr Essenstablett Beschreibung von unserem Deckel f\u00fcr Essenstablett &#8222;PL5CLUXEN&#8220; per 25<\/p>\n","protected":false},"featured_media":241285,"template":"","meta":{"_acf_changed":false},"product_brand":[],"product_cat":[1137,1170,1344,1345,1346,7229,1134,1347,1349,1350],"product_tag":[],"class_list":{"0":"post-20257","1":"product","2":"type-product","3":"status-publish","4":"has-post-thumbnail","6":"product_cat-lebensmittelverpackungen","7":"product_cat-metzgerei-und-feinkostgeschaft","8":"product_cat-tabletts","9":"product_cat-mahlzeitentabletts","10":"product_cat-plastiktabletts-fur-mahlzeiten","11":"product_cat-tabletts-luxus","12":"product_cat-restauration-de","13":"product_cat-tabletts-de","14":"product_cat-einweg-mahlzeitentabletts","15":"product_cat-plastiktabletts-fur-mahlzeiten-de","17":"first","18":"instock","19":"taxable","20":"shipping-taxable","21":"purchasable","22":"product-type-simple"},"acf":[],"yoast_head":"<!-- This site is optimized with the Yoast SEO Premium plugin v26.6 (Yoast SEO v26.6) - https:\/\/yoast.com\/wordpress\/plugins\/seo\/ -->\n<title>Deckel f\u00fcr Essenstablett &quot;PL5CLUXEN&quot; pro 25<\/title>\n<meta name=\"description\" content=\"Deckel f\u00fcr Speisetablett PL5CLUXEN pro 25: Praktisch, stabil und transparent, um Ihre Speisen zu sch\u00fctzen und einen sicheren Transport zu gew\u00e4hrleisten.\" \/>\n<meta name=\"robots\" content=\"index, follow, max-snippet:-1, max-image-preview:large, max-video-preview:-1\" \/>\n<link rel=\"canonical\" href=\"https:\/\/www.csj-emballages.com\/de\/produit\/25-deckel-fuer-tabletts-zum-mitnehmen-5-faecher-luxus-pl5cluxen\/\" \/>\n<meta property=\"og:locale\" content=\"de_DE\" \/>\n<meta property=\"og:type\" content=\"article\" \/>\n<meta property=\"og:title\" content=\"Deckel f\u00fcr Essenstablett &quot;PL5CLUXEN&quot; pro 25\" \/>\n<meta property=\"og:description\" content=\"Deckel f\u00fcr Speisetablett PL5CLUXEN pro 25: Praktisch, stabil und transparent, um Ihre Speisen zu sch\u00fctzen und einen sicheren Transport zu gew\u00e4hrleisten.\" \/>\n<meta property=\"og:url\" content=\"https:\/\/www.csj-emballages.com\/de\/produit\/25-deckel-fuer-tabletts-zum-mitnehmen-5-faecher-luxus-pl5cluxen\/\" \/>\n<meta property=\"og:site_name\" content=\"CSJ Emballages\" \/>\n<meta property=\"article:publisher\" content=\"https:\/\/www.facebook.com\/csjemballages\" \/>\n<meta property=\"article:modified_time\" content=\"2026-03-17T01:13:20+00:00\" \/>\n<meta property=\"og:image\" content=\"https:\/\/www.csj-emballages.com\/wp-content\/uploads\/2024\/03\/COPL5CLUXEN.webp\" \/>\n\t<meta property=\"og:image:width\" content=\"800\" \/>\n\t<meta property=\"og:image:height\" content=\"800\" \/>\n\t<meta property=\"og:image:type\" content=\"image\/webp\" \/>\n<meta name=\"twitter:card\" content=\"summary_large_image\" \/>\n<meta name=\"twitter:label1\" content=\"Gesch\u00e4tzte Lesezeit\" \/>\n\t<meta name=\"twitter:data1\" content=\"2 Minuten\" \/>\n<script type=\"application\/ld+json\" class=\"yoast-schema-graph\">{\"@context\":\"https:\/\/schema.org\",\"@graph\":[{\"@type\":\"WebPage\",\"@id\":\"https:\/\/www.csj-emballages.com\/de\/produit\/25-deckel-fuer-tabletts-zum-mitnehmen-5-faecher-luxus-pl5cluxen\/\",\"url\":\"https:\/\/www.csj-emballages.com\/de\/produit\/25-deckel-fuer-tabletts-zum-mitnehmen-5-faecher-luxus-pl5cluxen\/\",\"name\":\"Deckel f\u00fcr Essenstablett \\\"PL5CLUXEN\\\" pro 25\",\"isPartOf\":{\"@id\":\"https:\/\/www.csj-emballages.com\/de\/#website\"},\"primaryImageOfPage\":{\"@id\":\"https:\/\/www.csj-emballages.com\/de\/produit\/25-deckel-fuer-tabletts-zum-mitnehmen-5-faecher-luxus-pl5cluxen\/#primaryimage\"},\"image\":{\"@id\":\"https:\/\/www.csj-emballages.com\/de\/produit\/25-deckel-fuer-tabletts-zum-mitnehmen-5-faecher-luxus-pl5cluxen\/#primaryimage\"},\"thumbnailUrl\":\"https:\/\/www.csj-emballages.com\/wp-content\/uploads\/2024\/03\/COPL5CLUXEN.webp\",\"datePublished\":\"2024-03-01T15:54:45+00:00\",\"dateModified\":\"2026-03-17T01:13:20+00:00\",\"description\":\"Deckel f\u00fcr Speisetablett PL5CLUXEN pro 25: Praktisch, stabil und transparent, um Ihre Speisen zu sch\u00fctzen und einen sicheren Transport zu gew\u00e4hrleisten.\",\"breadcrumb\":{\"@id\":\"https:\/\/www.csj-emballages.com\/de\/produit\/25-deckel-fuer-tabletts-zum-mitnehmen-5-faecher-luxus-pl5cluxen\/#breadcrumb\"},\"inLanguage\":\"de\",\"potentialAction\":[{\"@type\":\"ReadAction\",\"target\":[\"https:\/\/www.csj-emballages.com\/de\/produit\/25-deckel-fuer-tabletts-zum-mitnehmen-5-faecher-luxus-pl5cluxen\/\"]}]},{\"@type\":\"ImageObject\",\"inLanguage\":\"de\",\"@id\":\"https:\/\/www.csj-emballages.com\/de\/produit\/25-deckel-fuer-tabletts-zum-mitnehmen-5-faecher-luxus-pl5cluxen\/#primaryimage\",\"url\":\"https:\/\/www.csj-emballages.com\/wp-content\/uploads\/2024\/03\/COPL5CLUXEN.webp\",\"contentUrl\":\"https:\/\/www.csj-emballages.com\/wp-content\/uploads\/2024\/03\/COPL5CLUXEN.webp\",\"width\":800,\"height\":800,\"caption\":\"Couvercle pour plateau repas\"},{\"@type\":\"BreadcrumbList\",\"@id\":\"https:\/\/www.csj-emballages.com\/de\/produit\/25-deckel-fuer-tabletts-zum-mitnehmen-5-faecher-luxus-pl5cluxen\/#breadcrumb\",\"itemListElement\":[{\"@type\":\"ListItem\",\"position\":1,\"name\":\"Accueil\",\"item\":\"https:\/\/www.csj-emballages.com\/de\/universum-lebensmittelverpackungen\/\"},{\"@type\":\"ListItem\",\"position\":2,\"name\":\"Shop\",\"item\":\"https:\/\/www.csj-emballages.com\/shop\/\"},{\"@type\":\"ListItem\",\"position\":3,\"name\":\"Deckel f\u00fcr Essenstablett \u00ab\u00a0PL5CLUXEN\u00a0\u00bb pro 25\"}]},{\"@type\":\"WebSite\",\"@id\":\"https:\/\/www.csj-emballages.com\/de\/#website\",\"url\":\"https:\/\/www.csj-emballages.com\/de\/\",\"name\":\"CSJ Emballages\",\"description\":\"\",\"publisher\":{\"@id\":\"https:\/\/www.csj-emballages.com\/de\/#organization\"},\"potentialAction\":[{\"@type\":\"SearchAction\",\"target\":{\"@type\":\"EntryPoint\",\"urlTemplate\":\"https:\/\/www.csj-emballages.com\/de\/?s={search_term_string}\"},\"query-input\":{\"@type\":\"PropertyValueSpecification\",\"valueRequired\":true,\"valueName\":\"search_term_string\"}}],\"inLanguage\":\"de\"},{\"@type\":\"Organization\",\"@id\":\"https:\/\/www.csj-emballages.com\/de\/#Organization\/\",\"name\":\"CSJ Emballages\",\"url\":\"https:\/\/www.csj-emballages.com\/de\/\",\"logo\":{\"@type\":\"ImageObject\",\"inLanguage\":\"de\",\"@id\":\"https:\/\/www.csj-emballages.com\/de\/#\/schema\/logo\/image\/\",\"url\":\"https:\/\/www.csj-emballages.com\/wp-content\/uploads\/2023\/10\/logo_csj.webp\",\"contentUrl\":\"https:\/\/www.csj-emballages.com\/wp-content\/uploads\/2023\/10\/logo_csj.webp\",\"width\":250,\"height\":95,\"caption\":\"CSJ Emballages\"},\"image\":{\"@id\":\"https:\/\/www.csj-emballages.com\/de\/#\/schema\/logo\/image\/\"},\"sameAs\":[\"https:\/\/www.facebook.com\/csjemballages\"],\"address\":{\"@type\":\"PostalAddress\",\"streetAddress\":\"ZI La Lechere\",\"addressLocality\":\"Patornay\",\"postalCode\":\"39130\",\"addressCountry\":\"FR\"},\"contactPoint\":[{\"@type\":\"ContactPoint\",\"contactType\":\"Service client\",\"telephone\":\"0384254272\",\"email\":\"contact@csj-emballages.com\"}]}]}<\/script>\n<!-- \/ Yoast SEO Premium plugin. -->","yoast_head_json":{"title":"Deckel f\u00fcr Essenstablett \"PL5CLUXEN\" pro 25","description":"Deckel f\u00fcr Speisetablett PL5CLUXEN pro 25: Praktisch, stabil und transparent, um Ihre Speisen zu sch\u00fctzen und einen sicheren Transport zu gew\u00e4hrleisten.","robots":{"index":"index","follow":"follow","max-snippet":"max-snippet:-1","max-image-preview":"max-image-preview:large","max-video-preview":"max-video-preview:-1"},"canonical":"https:\/\/www.csj-emballages.com\/de\/produit\/25-deckel-fuer-tabletts-zum-mitnehmen-5-faecher-luxus-pl5cluxen\/","og_locale":"de_DE","og_type":"article","og_title":"Deckel f\u00fcr Essenstablett \"PL5CLUXEN\" pro 25","og_description":"Deckel f\u00fcr Speisetablett PL5CLUXEN pro 25: Praktisch, stabil und transparent, um Ihre Speisen zu sch\u00fctzen und einen sicheren Transport zu gew\u00e4hrleisten.","og_url":"https:\/\/www.csj-emballages.com\/de\/produit\/25-deckel-fuer-tabletts-zum-mitnehmen-5-faecher-luxus-pl5cluxen\/","og_site_name":"CSJ Emballages","article_publisher":"https:\/\/www.facebook.com\/csjemballages","article_modified_time":"2026-03-17T01:13:20+00:00","og_image":[{"width":800,"height":800,"url":"https:\/\/www.csj-emballages.com\/wp-content\/uploads\/2024\/03\/COPL5CLUXEN.webp","type":"image\/webp"}],"twitter_card":"summary_large_image","twitter_misc":{"Gesch\u00e4tzte Lesezeit":"2 Minuten"},"schema":{"@context":"https:\/\/schema.org","@graph":[{"@type":"WebPage","@id":"https:\/\/www.csj-emballages.com\/de\/produit\/25-deckel-fuer-tabletts-zum-mitnehmen-5-faecher-luxus-pl5cluxen\/","url":"https:\/\/www.csj-emballages.com\/de\/produit\/25-deckel-fuer-tabletts-zum-mitnehmen-5-faecher-luxus-pl5cluxen\/","name":"Deckel f\u00fcr Essenstablett \"PL5CLUXEN\" pro 25","isPartOf":{"@id":"https:\/\/www.csj-emballages.com\/de\/#website"},"primaryImageOfPage":{"@id":"https:\/\/www.csj-emballages.com\/de\/produit\/25-deckel-fuer-tabletts-zum-mitnehmen-5-faecher-luxus-pl5cluxen\/#primaryimage"},"image":{"@id":"https:\/\/www.csj-emballages.com\/de\/produit\/25-deckel-fuer-tabletts-zum-mitnehmen-5-faecher-luxus-pl5cluxen\/#primaryimage"},"thumbnailUrl":"https:\/\/www.csj-emballages.com\/wp-content\/uploads\/2024\/03\/COPL5CLUXEN.webp","datePublished":"2024-03-01T15:54:45+00:00","dateModified":"2026-03-17T01:13:20+00:00","description":"Deckel f\u00fcr Speisetablett PL5CLUXEN pro 25: Praktisch, stabil und transparent, um Ihre Speisen zu sch\u00fctzen und einen sicheren Transport zu gew\u00e4hrleisten.","breadcrumb":{"@id":"https:\/\/www.csj-emballages.com\/de\/produit\/25-deckel-fuer-tabletts-zum-mitnehmen-5-faecher-luxus-pl5cluxen\/#breadcrumb"},"inLanguage":"de","potentialAction":[{"@type":"ReadAction","target":["https:\/\/www.csj-emballages.com\/de\/produit\/25-deckel-fuer-tabletts-zum-mitnehmen-5-faecher-luxus-pl5cluxen\/"]}]},{"@type":"ImageObject","inLanguage":"de","@id":"https:\/\/www.csj-emballages.com\/de\/produit\/25-deckel-fuer-tabletts-zum-mitnehmen-5-faecher-luxus-pl5cluxen\/#primaryimage","url":"https:\/\/www.csj-emballages.com\/wp-content\/uploads\/2024\/03\/COPL5CLUXEN.webp","contentUrl":"https:\/\/www.csj-emballages.com\/wp-content\/uploads\/2024\/03\/COPL5CLUXEN.webp","width":800,"height":800,"caption":"Couvercle pour plateau repas"},{"@type":"BreadcrumbList","@id":"https:\/\/www.csj-emballages.com\/de\/produit\/25-deckel-fuer-tabletts-zum-mitnehmen-5-faecher-luxus-pl5cluxen\/#breadcrumb","itemListElement":[{"@type":"ListItem","position":1,"name":"Accueil","item":"https:\/\/www.csj-emballages.com\/de\/universum-lebensmittelverpackungen\/"},{"@type":"ListItem","position":2,"name":"Shop","item":"https:\/\/www.csj-emballages.com\/shop\/"},{"@type":"ListItem","position":3,"name":"Deckel f\u00fcr Essenstablett \u00ab\u00a0PL5CLUXEN\u00a0\u00bb pro 25"}]},{"@type":"WebSite","@id":"https:\/\/www.csj-emballages.com\/de\/#website","url":"https:\/\/www.csj-emballages.com\/de\/","name":"CSJ Emballages","description":"","publisher":{"@id":"https:\/\/www.csj-emballages.com\/de\/#organization"},"potentialAction":[{"@type":"SearchAction","target":{"@type":"EntryPoint","urlTemplate":"https:\/\/www.csj-emballages.com\/de\/?s={search_term_string}"},"query-input":{"@type":"PropertyValueSpecification","valueRequired":true,"valueName":"search_term_string"}}],"inLanguage":"de"},{"@type":"Organization","@id":"https:\/\/www.csj-emballages.com\/de\/#Organization\/","name":"CSJ Emballages","url":"https:\/\/www.csj-emballages.com\/de\/","logo":{"@type":"ImageObject","inLanguage":"de","@id":"https:\/\/www.csj-emballages.com\/de\/#\/schema\/logo\/image\/","url":"https:\/\/www.csj-emballages.com\/wp-content\/uploads\/2023\/10\/logo_csj.webp","contentUrl":"https:\/\/www.csj-emballages.com\/wp-content\/uploads\/2023\/10\/logo_csj.webp","width":250,"height":95,"caption":"CSJ Emballages"},"image":{"@id":"https:\/\/www.csj-emballages.com\/de\/#\/schema\/logo\/image\/"},"sameAs":["https:\/\/www.facebook.com\/csjemballages"],"address":{"@type":"PostalAddress","streetAddress":"ZI La Lechere","addressLocality":"Patornay","postalCode":"39130","addressCountry":"FR"},"contactPoint":[{"@type":"ContactPoint","contactType":"Service client","telephone":"0384254272","email":"contact@csj-emballages.com"}]}]}},"df_price":18.42,"df_sale_price":"","df_regular_price":18.42,"df_image_link":"https:\/\/www.csj-emballages.com\/wp-content\/uploads\/2024\/03\/COPL5CLUXEN-300x300.webp","tiered_pricing_type":"fixed","tiered_pricing_fixed_rules":[],"tiered_pricing_percentage_rules":[],"tiered_pricing_minimum":1,"tiered_pricing_roles_data":[],"_links":{"self":[{"href":"https:\/\/www.csj-emballages.com\/de\/wp-json\/wp\/v2\/product\/20257","targetHints":{"allow":["GET"]}}],"collection":[{"href":"https:\/\/www.csj-emballages.com\/de\/wp-json\/wp\/v2\/product"}],"about":[{"href":"https:\/\/www.csj-emballages.com\/de\/wp-json\/wp\/v2\/types\/product"}],"wp:featuredmedia":[{"embeddable":true,"href":"https:\/\/www.csj-emballages.com\/de\/wp-json\/wp\/v2\/media\/241285"}],"wp:attachment":[{"href":"https:\/\/www.csj-emballages.com\/de\/wp-json\/wp\/v2\/media?parent=20257"}],"wp:term":[{"taxonomy":"product_brand","embeddable":true,"href":"https:\/\/www.csj-emballages.com\/de\/wp-json\/wp\/v2\/product_brand?post=20257"},{"taxonomy":"product_cat","embeddable":true,"href":"https:\/\/www.csj-emballages.com\/de\/wp-json\/wp\/v2\/product_cat?post=20257"},{"taxonomy":"product_tag","embeddable":true,"href":"https:\/\/www.csj-emballages.com\/de\/wp-json\/wp\/v2\/product_tag?post=20257"}],"curies":[{"name":"wp","href":"https:\/\/api.w.org\/{rel}","templated":true}]}}