{"id":20219,"date":"2024-03-01T16:54:49","date_gmt":"2024-03-01T15:54:49","guid":{"rendered":"https:\/\/u15jnbdpoq.preview.infomaniak.website\/produit\/100-einweg-aluminiumschalen-mit-deckel-460ml\/"},"modified":"2026-04-21T02:12:37","modified_gmt":"2026-04-21T00:12:37","slug":"100-einweg-aluminiumschalen-mit-deckel-460ml","status":"publish","type":"product","link":"https:\/\/www.csj-emballages.com\/de\/produit\/100-einweg-aluminiumschalen-mit-deckel-460ml\/","title":{"rendered":"Aluminiumschale mit verschlie\u00dfbarem Deckel 430ml pro 100"},"content":{"rendered":"<h2 class=\"p1\">Aluminiumschale<\/h2>\n<hr>\n<h3>Beschreibung unserer Aluminiumschale mit Deckel 430 ml pro 100 St\u00fcck<\/h3>\n<p><!--more--><\/p>\n<p data-start=\"78\" data-end=\"547\">Diese <strong>Aluminiumschale<\/strong> mit <strong data-start=\"174\" data-end=\"199\">verschlie\u00dfbarem Deckel<\/strong> ist ideal f\u00fcr Caterer <strong data-start=\"94\" data-end=\"138\">, Restaurants und Privatpersonen<\/strong>. Sie sorgt f\u00fcr eine optimale Aufbewahrung und einen sicheren Transport Ihrer Gerichte. Dank ihres Fassungsverm\u00f6gens von <strong data-start=\"290\" data-end=\"300\">430 ml<\/strong> ist sie perfekt geeignet, um einzelne Portionen warmer oder kalter Speisen zu verpacken. Diese <strong>Aluminiumschale<\/strong> wurde f\u00fcr den professionellen und h\u00e4uslichen Gebrauch entwickelt und ist hochtemperaturbest\u00e4ndig, sodass Sie Ihre Gerichte direkt im traditionellen Ofen aufw\u00e4rmen k\u00f6nnen. Ihr Aluminiummaterial sorgt f\u00fcr eine <strong data-start=\"770\" data-end=\"804\">hervorragende W\u00e4rmeisolierung<\/strong>, wodurch die Temperatur der Speisen l\u00e4nger erhalten bleibt.   <\/p>\n<p data-start=\"864\" data-end=\"1147\">Mit ihrem <strong data-start=\"873\" data-end=\"898\">Deckel<\/strong> ist die <strong>Schale<\/strong> hygienisch einwandfrei und l\u00e4nger haltbar, was sie ideal f\u00fcr den Verkauf zum Mitnehmen oder f\u00fcr die Lieferung von Mahlzeiten macht. Zusammenfassend l\u00e4sst sich sagen, dass sie den Bed\u00fcrfnissen von Fachleuten entspricht, die eine praktische, robuste und \u00e4sthetische Verpackung suchen. <\/p>\n<p data-start=\"864\" data-end=\"1147\">\n<p data-start=\"864\" data-end=\"1147\"><!--more--><\/p>\n<p data-start=\"864\" data-end=\"1147\"><span style=\"color: #ff0000;\"><strong>*Die Deckel d\u00fcrfen nur bei Raumtemperatur, im K\u00fchlschrank oder im Gefrierfach verwendet werden. Sind nicht f\u00fcr den herk\u00f6mmlichen Backofen oder die Mikrowelle vorgesehen. <\/strong><\/span><\/p>\n<p><!--more--><\/p>\n<h4>Vorteile :<\/h4>\n<ul>\n<li data-start=\"1178\" data-end=\"1264\">Verhindert Auslaufen und sichert optimale Konservierung.<\/li>\n<li data-start=\"1265\" data-end=\"1330\">Geeignet f\u00fcr hei\u00dfe und kalte Speisen.<\/li>\n<li data-start=\"1265\" data-end=\"1330\">Ofenfest und k\u00fchlschrankgeeignet.<\/li>\n<li data-start=\"1425\" data-end=\"1499\">Sichert den Transport von Mahlzeiten.<\/li>\n<li data-start=\"1500\" data-end=\"1572\">430 ml, perfekt f\u00fcr individuelle Portionen.<\/li>\n<\/ul>\n<p>&nbsp;<\/p>\n<p><!--more--><\/p>\n<h4>Weitere Informationen :<\/h4>\n<ul>\n<li><strong>Verpackung<\/strong>: Packung mit 100 St\u00fcck<\/li>\n<li><strong>Ma\u00dfe<\/strong>: 146 x 121 x 40 mm<\/li>\n<li><strong>Volumen<\/strong>: 430 ml<\/li>\n<li><strong>Material<\/strong>: Aluminium<\/li>\n<li><strong>Gebrauchstemperatur<\/strong>: -40\u00b0C \/ +350\u00b0C (Schale)<\/li>\n<\/ul>\n<p>&nbsp;<\/p>\n<p><!--more--><\/p>\n<p>Dieses Produkt ist auch in verschiedenen Gr\u00f6\u00dfen erh\u00e4ltlich :<span style=\"color: #d12727;\"> <span style=\"color: #d12727;\"><a style=\"color: #d12727;\" href=\"https:\/\/www.csj-emballages.com\/produit\/100-barquettes-jetables-aluminium-avec-couvercles-operculables-685ml\/\">685 ml<\/a><\/span> <span style=\"color: #000000;\">\/<\/span> <span style=\"color: #d12727;\"><a style=\"color: #d12727;\" href=\"https:\/\/www.csj-emballages.com\/produit\/100-barquettes-jetables-aluminium-avec-couvercles-operculables-930ml\/\">1000 ml<\/a><\/span> <span style=\"color: #000000;\">\/<\/span> <span style=\"color: #d12727;\"><a style=\"color: #d12727;\" href=\"https:\/\/www.csj-emballages.com\/produit\/100-barquettes-jetables-aluminium-avec-couvercles-operculables-1500ml\/\">1500 ml<\/a><\/span><\/span><\/p>\n<p>&nbsp;<\/p>\n<p><!--more--><\/p>\n<p><a href=\"https:\/\/www.csj-emballages.com\/de\/categorie-produit\/lebensmittelverpackungen\/metzgerei-und-feinkostgeschaft\/schalen-dosen-und-glaser\/aluminiumschalen-schalen-formen-tabletts-becher-auflaufformen-tortenschalen\/verschliesbare-schalen\/\">Sehen Sie sich den Rest unseres Sortiments an verschlie\u00dfbaren Aluminiumschalen an.<\/a><\/p>\n","protected":false},"excerpt":{"rendered":"<p>Aluminiumschale Beschreibung unserer Aluminiumschale mit Deckel 430 ml pro 100 St\u00fcck<\/p>\n","protected":false},"featured_media":227854,"template":"","meta":{"_acf_changed":false},"product_brand":[],"product_cat":[1137,1170,1997,2174],"product_tag":[],"class_list":{"0":"post-20219","1":"product","2":"type-product","3":"status-publish","4":"has-post-thumbnail","6":"product_cat-lebensmittelverpackungen","7":"product_cat-metzgerei-und-feinkostgeschaft","8":"product_cat-aluminiumschalen-schalen-formen-tabletts-becher-auflaufformen-tortenschalen","9":"product_cat-verschliesbare-schalen","11":"first","12":"instock","13":"taxable","14":"shipping-taxable","15":"purchasable","16":"product-type-simple"},"acf":[],"yoast_head":"<!-- This site is optimized with the Yoast SEO Premium plugin v26.6 (Yoast SEO v26.6) - https:\/\/yoast.com\/wordpress\/plugins\/seo\/ -->\n<title>Aluminiumschale mit verschlie\u00dfbarem Deckel 430 ml pro 100<\/title>\n<meta name=\"description\" content=\"Aluminiumschale 430 ml mit siegelf\u00e4higem Deckel. Ideal f\u00fcr Speisen zum Mitnehmen, gew\u00e4hrleistet sie einen sicheren Transport dank ihres siegelf\u00e4higen Deckels.\" \/>\n<meta name=\"robots\" content=\"index, follow, max-snippet:-1, max-image-preview:large, max-video-preview:-1\" \/>\n<link rel=\"canonical\" href=\"https:\/\/www.csj-emballages.com\/de\/produit\/100-einweg-aluminiumschalen-mit-deckel-460ml\/\" \/>\n<meta property=\"og:locale\" content=\"de_DE\" \/>\n<meta property=\"og:type\" content=\"article\" \/>\n<meta property=\"og:title\" content=\"Aluminiumschale mit verschlie\u00dfbarem Deckel 430ml pro 100\" \/>\n<meta property=\"og:description\" content=\"Aluminiumschale 430 ml mit siegelf\u00e4higem Deckel. Ideal f\u00fcr Speisen zum Mitnehmen, gew\u00e4hrleistet sie einen sicheren Transport dank ihres siegelf\u00e4higen Deckels.\" \/>\n<meta property=\"og:url\" content=\"https:\/\/www.csj-emballages.com\/de\/produit\/100-einweg-aluminiumschalen-mit-deckel-460ml\/\" \/>\n<meta property=\"og:site_name\" content=\"CSJ Emballages\" \/>\n<meta property=\"article:publisher\" content=\"https:\/\/www.facebook.com\/csjemballages\" \/>\n<meta property=\"article:modified_time\" content=\"2026-04-21T00:12:37+00:00\" \/>\n<meta property=\"og:image\" content=\"https:\/\/www.csj-emballages.com\/wp-content\/uploads\/2024\/03\/COMBO.webp\" \/>\n\t<meta property=\"og:image:width\" content=\"800\" \/>\n\t<meta property=\"og:image:height\" content=\"800\" \/>\n\t<meta property=\"og:image:type\" content=\"image\/jpeg\" \/>\n<meta name=\"twitter:card\" content=\"summary_large_image\" \/>\n<meta name=\"twitter:label1\" content=\"Gesch\u00e4tzte Lesezeit\" \/>\n\t<meta name=\"twitter:data1\" content=\"1\u00a0Minute\" \/>\n<script type=\"application\/ld+json\" class=\"yoast-schema-graph\">{\"@context\":\"https:\/\/schema.org\",\"@graph\":[{\"@type\":\"WebPage\",\"@id\":\"https:\/\/www.csj-emballages.com\/de\/produit\/100-einweg-aluminiumschalen-mit-deckel-460ml\/\",\"url\":\"https:\/\/www.csj-emballages.com\/de\/produit\/100-einweg-aluminiumschalen-mit-deckel-460ml\/\",\"name\":\"Aluminiumschale mit verschlie\u00dfbarem Deckel 430 ml pro 100\",\"isPartOf\":{\"@id\":\"https:\/\/www.csj-emballages.com\/de\/#website\"},\"primaryImageOfPage\":{\"@id\":\"https:\/\/www.csj-emballages.com\/de\/produit\/100-einweg-aluminiumschalen-mit-deckel-460ml\/#primaryimage\"},\"image\":{\"@id\":\"https:\/\/www.csj-emballages.com\/de\/produit\/100-einweg-aluminiumschalen-mit-deckel-460ml\/#primaryimage\"},\"thumbnailUrl\":\"https:\/\/www.csj-emballages.com\/wp-content\/uploads\/2024\/03\/COMBO.webp\",\"datePublished\":\"2024-03-01T15:54:49+00:00\",\"dateModified\":\"2026-04-21T00:12:37+00:00\",\"description\":\"Aluminiumschale 430 ml mit siegelf\u00e4higem Deckel. Ideal f\u00fcr Speisen zum Mitnehmen, gew\u00e4hrleistet sie einen sicheren Transport dank ihres siegelf\u00e4higen Deckels.\",\"breadcrumb\":{\"@id\":\"https:\/\/www.csj-emballages.com\/de\/produit\/100-einweg-aluminiumschalen-mit-deckel-460ml\/#breadcrumb\"},\"inLanguage\":\"de\",\"potentialAction\":[{\"@type\":\"ReadAction\",\"target\":[\"https:\/\/www.csj-emballages.com\/de\/produit\/100-einweg-aluminiumschalen-mit-deckel-460ml\/\"]}]},{\"@type\":\"ImageObject\",\"inLanguage\":\"de\",\"@id\":\"https:\/\/www.csj-emballages.com\/de\/produit\/100-einweg-aluminiumschalen-mit-deckel-460ml\/#primaryimage\",\"url\":\"https:\/\/www.csj-emballages.com\/wp-content\/uploads\/2024\/03\/COMBO.webp\",\"contentUrl\":\"https:\/\/www.csj-emballages.com\/wp-content\/uploads\/2024\/03\/COMBO.webp\",\"width\":800,\"height\":800,\"caption\":\"Barquette aluminium\"},{\"@type\":\"BreadcrumbList\",\"@id\":\"https:\/\/www.csj-emballages.com\/de\/produit\/100-einweg-aluminiumschalen-mit-deckel-460ml\/#breadcrumb\",\"itemListElement\":[{\"@type\":\"ListItem\",\"position\":1,\"name\":\"Accueil\",\"item\":\"https:\/\/www.csj-emballages.com\/de\/universum-lebensmittelverpackungen\/\"},{\"@type\":\"ListItem\",\"position\":2,\"name\":\"Shop\",\"item\":\"https:\/\/www.csj-emballages.com\/shop\/\"},{\"@type\":\"ListItem\",\"position\":3,\"name\":\"Aluminiumschale mit verschlie\u00dfbarem Deckel 430ml pro 100\"}]},{\"@type\":\"WebSite\",\"@id\":\"https:\/\/www.csj-emballages.com\/de\/#website\",\"url\":\"https:\/\/www.csj-emballages.com\/de\/\",\"name\":\"CSJ Emballages\",\"description\":\"\",\"publisher\":{\"@id\":\"https:\/\/www.csj-emballages.com\/de\/#organization\"},\"potentialAction\":[{\"@type\":\"SearchAction\",\"target\":{\"@type\":\"EntryPoint\",\"urlTemplate\":\"https:\/\/www.csj-emballages.com\/de\/?s={search_term_string}\"},\"query-input\":{\"@type\":\"PropertyValueSpecification\",\"valueRequired\":true,\"valueName\":\"search_term_string\"}}],\"inLanguage\":\"de\"},{\"@type\":\"Organization\",\"@id\":\"https:\/\/www.csj-emballages.com\/de\/#Organization\/\",\"name\":\"CSJ Emballages\",\"url\":\"https:\/\/www.csj-emballages.com\/de\/\",\"logo\":{\"@type\":\"ImageObject\",\"inLanguage\":\"de\",\"@id\":\"https:\/\/www.csj-emballages.com\/de\/#\/schema\/logo\/image\/\",\"url\":\"https:\/\/www.csj-emballages.com\/wp-content\/uploads\/2023\/10\/logo_csj.webp\",\"contentUrl\":\"https:\/\/www.csj-emballages.com\/wp-content\/uploads\/2023\/10\/logo_csj.webp\",\"width\":250,\"height\":95,\"caption\":\"CSJ Emballages\"},\"image\":{\"@id\":\"https:\/\/www.csj-emballages.com\/de\/#\/schema\/logo\/image\/\"},\"sameAs\":[\"https:\/\/www.facebook.com\/csjemballages\"],\"address\":{\"@type\":\"PostalAddress\",\"streetAddress\":\"ZI La Lechere\",\"addressLocality\":\"Patornay\",\"postalCode\":\"39130\",\"addressCountry\":\"FR\"},\"contactPoint\":[{\"@type\":\"ContactPoint\",\"contactType\":\"Service client\",\"telephone\":\"0384254272\",\"email\":\"contact@csj-emballages.com\"}]}]}<\/script>\n<!-- \/ Yoast SEO Premium plugin. -->","yoast_head_json":{"title":"Aluminiumschale mit verschlie\u00dfbarem Deckel 430 ml pro 100","description":"Aluminiumschale 430 ml mit siegelf\u00e4higem Deckel. Ideal f\u00fcr Speisen zum Mitnehmen, gew\u00e4hrleistet sie einen sicheren Transport dank ihres siegelf\u00e4higen Deckels.","robots":{"index":"index","follow":"follow","max-snippet":"max-snippet:-1","max-image-preview":"max-image-preview:large","max-video-preview":"max-video-preview:-1"},"canonical":"https:\/\/www.csj-emballages.com\/de\/produit\/100-einweg-aluminiumschalen-mit-deckel-460ml\/","og_locale":"de_DE","og_type":"article","og_title":"Aluminiumschale mit verschlie\u00dfbarem Deckel 430ml pro 100","og_description":"Aluminiumschale 430 ml mit siegelf\u00e4higem Deckel. Ideal f\u00fcr Speisen zum Mitnehmen, gew\u00e4hrleistet sie einen sicheren Transport dank ihres siegelf\u00e4higen Deckels.","og_url":"https:\/\/www.csj-emballages.com\/de\/produit\/100-einweg-aluminiumschalen-mit-deckel-460ml\/","og_site_name":"CSJ Emballages","article_publisher":"https:\/\/www.facebook.com\/csjemballages","article_modified_time":"2026-04-21T00:12:37+00:00","og_image":[{"width":800,"height":800,"url":"https:\/\/www.csj-emballages.com\/wp-content\/uploads\/2024\/03\/COMBO.webp","type":"image\/jpeg"}],"twitter_card":"summary_large_image","twitter_misc":{"Gesch\u00e4tzte Lesezeit":"1\u00a0Minute"},"schema":{"@context":"https:\/\/schema.org","@graph":[{"@type":"WebPage","@id":"https:\/\/www.csj-emballages.com\/de\/produit\/100-einweg-aluminiumschalen-mit-deckel-460ml\/","url":"https:\/\/www.csj-emballages.com\/de\/produit\/100-einweg-aluminiumschalen-mit-deckel-460ml\/","name":"Aluminiumschale mit verschlie\u00dfbarem Deckel 430 ml pro 100","isPartOf":{"@id":"https:\/\/www.csj-emballages.com\/de\/#website"},"primaryImageOfPage":{"@id":"https:\/\/www.csj-emballages.com\/de\/produit\/100-einweg-aluminiumschalen-mit-deckel-460ml\/#primaryimage"},"image":{"@id":"https:\/\/www.csj-emballages.com\/de\/produit\/100-einweg-aluminiumschalen-mit-deckel-460ml\/#primaryimage"},"thumbnailUrl":"https:\/\/www.csj-emballages.com\/wp-content\/uploads\/2024\/03\/COMBO.webp","datePublished":"2024-03-01T15:54:49+00:00","dateModified":"2026-04-21T00:12:37+00:00","description":"Aluminiumschale 430 ml mit siegelf\u00e4higem Deckel. Ideal f\u00fcr Speisen zum Mitnehmen, gew\u00e4hrleistet sie einen sicheren Transport dank ihres siegelf\u00e4higen Deckels.","breadcrumb":{"@id":"https:\/\/www.csj-emballages.com\/de\/produit\/100-einweg-aluminiumschalen-mit-deckel-460ml\/#breadcrumb"},"inLanguage":"de","potentialAction":[{"@type":"ReadAction","target":["https:\/\/www.csj-emballages.com\/de\/produit\/100-einweg-aluminiumschalen-mit-deckel-460ml\/"]}]},{"@type":"ImageObject","inLanguage":"de","@id":"https:\/\/www.csj-emballages.com\/de\/produit\/100-einweg-aluminiumschalen-mit-deckel-460ml\/#primaryimage","url":"https:\/\/www.csj-emballages.com\/wp-content\/uploads\/2024\/03\/COMBO.webp","contentUrl":"https:\/\/www.csj-emballages.com\/wp-content\/uploads\/2024\/03\/COMBO.webp","width":800,"height":800,"caption":"Barquette aluminium"},{"@type":"BreadcrumbList","@id":"https:\/\/www.csj-emballages.com\/de\/produit\/100-einweg-aluminiumschalen-mit-deckel-460ml\/#breadcrumb","itemListElement":[{"@type":"ListItem","position":1,"name":"Accueil","item":"https:\/\/www.csj-emballages.com\/de\/universum-lebensmittelverpackungen\/"},{"@type":"ListItem","position":2,"name":"Shop","item":"https:\/\/www.csj-emballages.com\/shop\/"},{"@type":"ListItem","position":3,"name":"Aluminiumschale mit verschlie\u00dfbarem Deckel 430ml pro 100"}]},{"@type":"WebSite","@id":"https:\/\/www.csj-emballages.com\/de\/#website","url":"https:\/\/www.csj-emballages.com\/de\/","name":"CSJ Emballages","description":"","publisher":{"@id":"https:\/\/www.csj-emballages.com\/de\/#organization"},"potentialAction":[{"@type":"SearchAction","target":{"@type":"EntryPoint","urlTemplate":"https:\/\/www.csj-emballages.com\/de\/?s={search_term_string}"},"query-input":{"@type":"PropertyValueSpecification","valueRequired":true,"valueName":"search_term_string"}}],"inLanguage":"de"},{"@type":"Organization","@id":"https:\/\/www.csj-emballages.com\/de\/#Organization\/","name":"CSJ Emballages","url":"https:\/\/www.csj-emballages.com\/de\/","logo":{"@type":"ImageObject","inLanguage":"de","@id":"https:\/\/www.csj-emballages.com\/de\/#\/schema\/logo\/image\/","url":"https:\/\/www.csj-emballages.com\/wp-content\/uploads\/2023\/10\/logo_csj.webp","contentUrl":"https:\/\/www.csj-emballages.com\/wp-content\/uploads\/2023\/10\/logo_csj.webp","width":250,"height":95,"caption":"CSJ Emballages"},"image":{"@id":"https:\/\/www.csj-emballages.com\/de\/#\/schema\/logo\/image\/"},"sameAs":["https:\/\/www.facebook.com\/csjemballages"],"address":{"@type":"PostalAddress","streetAddress":"ZI La Lechere","addressLocality":"Patornay","postalCode":"39130","addressCountry":"FR"},"contactPoint":[{"@type":"ContactPoint","contactType":"Service client","telephone":"0384254272","email":"contact@csj-emballages.com"}]}]}},"df_price":11.58,"df_sale_price":"","df_regular_price":11.58,"df_image_link":"https:\/\/www.csj-emballages.com\/wp-content\/uploads\/2024\/03\/COMBO-300x300.webp","tiered_pricing_type":"fixed","tiered_pricing_fixed_rules":[],"tiered_pricing_percentage_rules":[],"tiered_pricing_minimum":1,"tiered_pricing_roles_data":[],"_links":{"self":[{"href":"https:\/\/www.csj-emballages.com\/de\/wp-json\/wp\/v2\/product\/20219","targetHints":{"allow":["GET"]}}],"collection":[{"href":"https:\/\/www.csj-emballages.com\/de\/wp-json\/wp\/v2\/product"}],"about":[{"href":"https:\/\/www.csj-emballages.com\/de\/wp-json\/wp\/v2\/types\/product"}],"wp:featuredmedia":[{"embeddable":true,"href":"https:\/\/www.csj-emballages.com\/de\/wp-json\/wp\/v2\/media\/227854"}],"wp:attachment":[{"href":"https:\/\/www.csj-emballages.com\/de\/wp-json\/wp\/v2\/media?parent=20219"}],"wp:term":[{"taxonomy":"product_brand","embeddable":true,"href":"https:\/\/www.csj-emballages.com\/de\/wp-json\/wp\/v2\/product_brand?post=20219"},{"taxonomy":"product_cat","embeddable":true,"href":"https:\/\/www.csj-emballages.com\/de\/wp-json\/wp\/v2\/product_cat?post=20219"},{"taxonomy":"product_tag","embeddable":true,"href":"https:\/\/www.csj-emballages.com\/de\/wp-json\/wp\/v2\/product_tag?post=20219"}],"curies":[{"name":"wp","href":"https:\/\/api.w.org\/{rel}","templated":true}]}}