{"id":20135,"date":"2024-03-01T16:55:55","date_gmt":"2024-03-01T15:55:55","guid":{"rendered":"https:\/\/u15jnbdpoq.preview.infomaniak.website\/produit\/50-pastaschachteln-aus-farbigem-karton-delicious-20-x-8-cm\/"},"modified":"2026-04-10T02:11:47","modified_gmt":"2026-04-10T00:11:47","slug":"50-pastaschachteln-aus-farbigem-karton-delicious-20-x-8-cm","status":"publish","type":"product","link":"https:\/\/www.csj-emballages.com\/de\/produit\/50-pastaschachteln-aus-farbigem-karton-delicious-20-x-8-cm\/","title":{"rendered":"Patisserie-Box aus farbigem Karton &#8222;D\u00e9licieux&#8220; 20 x 8 cm pro 50 St\u00fcck"},"content":{"rendered":"<h2 class=\"p1\">Konditoreischachtel<\/h2>\n<hr>\n<h3>Beschreibung unserer Konditoreischachtel aus farbigem Karton &#8222;D\u00e9licieux&#8220; 20 x 8 cm pro 50 St\u00fcck<\/h3>\n<p><!--more--><\/p>\n<p>Entdecken Sie die Konditoreidosen D\u00e9licieux 20&#215;8 cm, eine perfekte L\u00f6sung, um Ihre k\u00f6stlichen Kreationen zu veredeln. Diese 20 x 8 cm gro\u00dfen Schachteln vereinen Eleganz und Zweckm\u00e4\u00dfigkeit, um Ihre Backwaren perfekt zu pr\u00e4sentieren. <\/p>\n<p>Sie sind aus robustem Karton gefertigt, sch\u00fctzen Ihre K\u00f6stlichkeiten perfekt und verleihen Ihren Auslagen gleichzeitig einen Hauch von Farbe. Sie sind in einer Vielzahl von Farben und Gr\u00f6\u00dfen erh\u00e4ltlich und fallen sofort ins Auge und wecken die Lust auf mehr. Ebenso sind diese Schachteln ideal f\u00fcr Konditoren, die mit einer gepflegten und farbenfrohen Pr\u00e4sentation auffallen m\u00f6chten. Ob f\u00fcr einen besonderen Anlass oder f\u00fcr die t\u00e4gliche Bestellung, diese Schachteln verleihen jedem Geb\u00e4ck einen Hauch von Raffinesse.   <\/p>\n<p>&nbsp;<\/p>\n<p><!--more--><\/p>\n<p>Bieten Sie Ihren Kunden ein einzigartiges Erlebnis mit diesen 20&#215;8 cm gro\u00dfen D\u00e9licieux-P\u00e2tisserieboxen, die Stil, Praktikabilit\u00e4t und Umweltfreundlichkeit vereinen.<\/p>\n<p>&nbsp;<\/p>\n<p><!--more--><\/p>\n<p><strong>Ihre Vorteile :<\/strong><\/p>\n<ul>\n<li><strong>Design<\/strong>: Attraktives und farbenfrohes Design, um Ihre Backkreationen hervorzuheben.<\/li>\n<li><strong>Praktisch<\/strong>: Einfach zu montieren, spart wertvolle Zeit.<\/li>\n<li><strong>Umweltfreundlich<\/strong>: Vollst\u00e4ndig recycelbar, umweltfreundlich.<\/li>\n<li><strong>Vielseitig<\/strong> einsetzbar : Perfekt f\u00fcr alle Anl\u00e4sse: Hochzeiten, Geburtstage und andere besondere Ereignisse.<\/li>\n<\/ul>\n<p>&nbsp;<\/p>\n<p><!--more--><\/p>\n<p>Hier finden Sie die verschiedenen Gr\u00f6\u00dfen, die f\u00fcr dieses Produkt angeboten werden: <span style=\"color: #d12727;\"><a style=\"color: #d12727;\" href=\"https:\/\/www.csj-emballages.com\/it\/produit\/scatola-pasticceria-cartone-colorato-delicieux-16-x-8-cm-da-50\/\">16 x 8 cm<\/a><\/span> \/ <span style=\"color: #d12727;\"><a style=\"color: #d12727;\" href=\"https:\/\/www.csj-emballages.com\/it\/produit\/scatola-pasticceria-cartone-colorato-delicieux-18-x-8-cm-confezione-da-50\/\">18 x 8 cm<\/a><\/span> \/ <span style=\"color: #d12727;\"><a style=\"color: #d12727;\" href=\"https:\/\/www.csj-emballages.com\/produit\/50-boites-patissieres-carton-colorees-delicieux-28-x-8-cm\/\">29 x 8 cm <\/a><\/span> \/ <span style=\"color: #d12727;\"><a style=\"color: #d12727;\" href=\"https:\/\/www.csj-emballages.com\/it\/produit\/scatola-per-pasticceria-in-cartone-colorato-delicieux-32-x-8-cm-da-50\/\">32 x 8 cm<\/a><\/span><\/p>\n<p>&nbsp;<\/p>\n<p><!--more--><\/p>\n<p><a href=\"\/?product_cat=boites-patissieres-colorees-delicieuses\">Sehen Sie sich den Rest unseres Sortiments an Geb\u00e4ckdosen Sensation \/ Delicious an.<\/a><\/p>\n<p>&nbsp;<\/p>\n<h2><\/h2>\n","protected":false},"excerpt":{"rendered":"<p>Konditoreischachtel Beschreibung unserer Konditoreischachtel aus farbigem Karton &#8222;D\u00e9licieux&#8220; 20 x 8 cm pro 50 St\u00fcck<\/p>\n","protected":false},"featured_media":242434,"template":"","meta":{"_acf_changed":false},"product_brand":[],"product_cat":[1137,1171,3964,1256,1261,9271,1265],"product_tag":[],"class_list":{"0":"post-20135","1":"product","2":"type-product","3":"status-publish","4":"has-post-thumbnail","6":"product_cat-lebensmittelverpackungen","7":"product_cat-backerei-und-konditorei","8":"product_cat-schachteln-und-etuis","9":"product_cat-gebackschachteln","10":"product_cat-bunte-gebackschachteln","11":"product_cat-bunte-keksdosen-lektion","12":"product_cat-lagerbestande-promotion","14":"first","15":"instock","16":"sale","17":"taxable","18":"shipping-taxable","19":"purchasable","20":"product-type-simple"},"acf":[],"yoast_head":"<!-- This site is optimized with the Yoast SEO Premium plugin v26.6 (Yoast SEO v26.6) - https:\/\/yoast.com\/wordpress\/plugins\/seo\/ -->\n<title>Geb\u00e4ckschachteln D\u00e9licieux 20x8 cm \/ CSJ Verpackungen<\/title>\n<meta name=\"description\" content=\"Entdecken Sie jetzt unsere Produktreihe D\u00e9licieux mit unseren 20x8 cm gro\u00dfen D\u00e9licieux-Backdosen, die sich ideal f\u00fcr B\u00e4ckereien und Konditoreien eignen!\" \/>\n<meta name=\"robots\" content=\"index, follow, max-snippet:-1, max-image-preview:large, max-video-preview:-1\" \/>\n<link rel=\"canonical\" href=\"https:\/\/www.csj-emballages.com\/de\/produit\/50-pastaschachteln-aus-farbigem-karton-delicious-20-x-8-cm\/\" \/>\n<meta property=\"og:locale\" content=\"de_DE\" \/>\n<meta property=\"og:type\" content=\"article\" \/>\n<meta property=\"og:title\" content=\"Patisserie-Box aus farbigem Karton &quot;D\u00e9licieux&quot; 20 x 8 cm pro 50 St\u00fcck\" \/>\n<meta property=\"og:description\" content=\"Entdecken Sie jetzt unsere Produktreihe D\u00e9licieux mit unseren 20x8 cm gro\u00dfen D\u00e9licieux-Backdosen, die sich ideal f\u00fcr B\u00e4ckereien und Konditoreien eignen!\" \/>\n<meta property=\"og:url\" content=\"https:\/\/www.csj-emballages.com\/de\/produit\/50-pastaschachteln-aus-farbigem-karton-delicious-20-x-8-cm\/\" \/>\n<meta property=\"og:site_name\" content=\"CSJ Emballages\" \/>\n<meta property=\"article:publisher\" content=\"https:\/\/www.facebook.com\/csjemballages\" \/>\n<meta property=\"article:modified_time\" content=\"2026-04-10T00:11:47+00:00\" \/>\n<meta property=\"og:image\" content=\"https:\/\/www.csj-emballages.com\/wp-content\/uploads\/2024\/03\/EVAN.webp\" \/>\n\t<meta property=\"og:image:width\" content=\"800\" \/>\n\t<meta property=\"og:image:height\" content=\"800\" \/>\n\t<meta property=\"og:image:type\" content=\"image\/webp\" \/>\n<meta name=\"twitter:card\" content=\"summary_large_image\" \/>\n<meta name=\"twitter:label1\" content=\"Gesch\u00e4tzte Lesezeit\" \/>\n\t<meta name=\"twitter:data1\" content=\"1\u00a0Minute\" \/>\n<script type=\"application\/ld+json\" class=\"yoast-schema-graph\">{\"@context\":\"https:\/\/schema.org\",\"@graph\":[{\"@type\":\"WebPage\",\"@id\":\"https:\/\/www.csj-emballages.com\/de\/produit\/50-pastaschachteln-aus-farbigem-karton-delicious-20-x-8-cm\/\",\"url\":\"https:\/\/www.csj-emballages.com\/de\/produit\/50-pastaschachteln-aus-farbigem-karton-delicious-20-x-8-cm\/\",\"name\":\"Geb\u00e4ckschachteln D\u00e9licieux 20x8 cm \/ CSJ Verpackungen\",\"isPartOf\":{\"@id\":\"https:\/\/www.csj-emballages.com\/de\/#website\"},\"primaryImageOfPage\":{\"@id\":\"https:\/\/www.csj-emballages.com\/de\/produit\/50-pastaschachteln-aus-farbigem-karton-delicious-20-x-8-cm\/#primaryimage\"},\"image\":{\"@id\":\"https:\/\/www.csj-emballages.com\/de\/produit\/50-pastaschachteln-aus-farbigem-karton-delicious-20-x-8-cm\/#primaryimage\"},\"thumbnailUrl\":\"https:\/\/www.csj-emballages.com\/wp-content\/uploads\/2024\/03\/EVAN.webp\",\"datePublished\":\"2024-03-01T15:55:55+00:00\",\"dateModified\":\"2026-04-10T00:11:47+00:00\",\"description\":\"Entdecken Sie jetzt unsere Produktreihe D\u00e9licieux mit unseren 20x8 cm gro\u00dfen D\u00e9licieux-Backdosen, die sich ideal f\u00fcr B\u00e4ckereien und Konditoreien eignen!\",\"breadcrumb\":{\"@id\":\"https:\/\/www.csj-emballages.com\/de\/produit\/50-pastaschachteln-aus-farbigem-karton-delicious-20-x-8-cm\/#breadcrumb\"},\"inLanguage\":\"de\",\"potentialAction\":[{\"@type\":\"ReadAction\",\"target\":[\"https:\/\/www.csj-emballages.com\/de\/produit\/50-pastaschachteln-aus-farbigem-karton-delicious-20-x-8-cm\/\"]}]},{\"@type\":\"ImageObject\",\"inLanguage\":\"de\",\"@id\":\"https:\/\/www.csj-emballages.com\/de\/produit\/50-pastaschachteln-aus-farbigem-karton-delicious-20-x-8-cm\/#primaryimage\",\"url\":\"https:\/\/www.csj-emballages.com\/wp-content\/uploads\/2024\/03\/EVAN.webp\",\"contentUrl\":\"https:\/\/www.csj-emballages.com\/wp-content\/uploads\/2024\/03\/EVAN.webp\",\"width\":800,\"height\":800,\"caption\":\"Boite p\u00e2tissi\u00e8re\"},{\"@type\":\"BreadcrumbList\",\"@id\":\"https:\/\/www.csj-emballages.com\/de\/produit\/50-pastaschachteln-aus-farbigem-karton-delicious-20-x-8-cm\/#breadcrumb\",\"itemListElement\":[{\"@type\":\"ListItem\",\"position\":1,\"name\":\"Accueil\",\"item\":\"https:\/\/www.csj-emballages.com\/de\/universum-lebensmittelverpackungen\/\"},{\"@type\":\"ListItem\",\"position\":2,\"name\":\"Shop\",\"item\":\"https:\/\/www.csj-emballages.com\/shop\/\"},{\"@type\":\"ListItem\",\"position\":3,\"name\":\"Patisserie-Box aus farbigem Karton \u00ab\u00a0D\u00e9licieux\u00a0\u00bb 20 x 8 cm pro 50 St\u00fcck\"}]},{\"@type\":\"WebSite\",\"@id\":\"https:\/\/www.csj-emballages.com\/de\/#website\",\"url\":\"https:\/\/www.csj-emballages.com\/de\/\",\"name\":\"CSJ Emballages\",\"description\":\"\",\"publisher\":{\"@id\":\"https:\/\/www.csj-emballages.com\/de\/#organization\"},\"potentialAction\":[{\"@type\":\"SearchAction\",\"target\":{\"@type\":\"EntryPoint\",\"urlTemplate\":\"https:\/\/www.csj-emballages.com\/de\/?s={search_term_string}\"},\"query-input\":{\"@type\":\"PropertyValueSpecification\",\"valueRequired\":true,\"valueName\":\"search_term_string\"}}],\"inLanguage\":\"de\"},{\"@type\":\"Organization\",\"@id\":\"https:\/\/www.csj-emballages.com\/de\/#Organization\/\",\"name\":\"CSJ Emballages\",\"url\":\"https:\/\/www.csj-emballages.com\/de\/\",\"logo\":{\"@type\":\"ImageObject\",\"inLanguage\":\"de\",\"@id\":\"https:\/\/www.csj-emballages.com\/de\/#\/schema\/logo\/image\/\",\"url\":\"https:\/\/www.csj-emballages.com\/wp-content\/uploads\/2023\/10\/logo_csj.webp\",\"contentUrl\":\"https:\/\/www.csj-emballages.com\/wp-content\/uploads\/2023\/10\/logo_csj.webp\",\"width\":250,\"height\":95,\"caption\":\"CSJ Emballages\"},\"image\":{\"@id\":\"https:\/\/www.csj-emballages.com\/de\/#\/schema\/logo\/image\/\"},\"sameAs\":[\"https:\/\/www.facebook.com\/csjemballages\"],\"address\":{\"@type\":\"PostalAddress\",\"streetAddress\":\"ZI La Lechere\",\"addressLocality\":\"Patornay\",\"postalCode\":\"39130\",\"addressCountry\":\"FR\"},\"contactPoint\":[{\"@type\":\"ContactPoint\",\"contactType\":\"Service client\",\"telephone\":\"0384254272\",\"email\":\"contact@csj-emballages.com\"}]}]}<\/script>\n<!-- \/ Yoast SEO Premium plugin. -->","yoast_head_json":{"title":"Geb\u00e4ckschachteln D\u00e9licieux 20x8 cm \/ CSJ Verpackungen","description":"Entdecken Sie jetzt unsere Produktreihe D\u00e9licieux mit unseren 20x8 cm gro\u00dfen D\u00e9licieux-Backdosen, die sich ideal f\u00fcr B\u00e4ckereien und Konditoreien eignen!","robots":{"index":"index","follow":"follow","max-snippet":"max-snippet:-1","max-image-preview":"max-image-preview:large","max-video-preview":"max-video-preview:-1"},"canonical":"https:\/\/www.csj-emballages.com\/de\/produit\/50-pastaschachteln-aus-farbigem-karton-delicious-20-x-8-cm\/","og_locale":"de_DE","og_type":"article","og_title":"Patisserie-Box aus farbigem Karton \"D\u00e9licieux\" 20 x 8 cm pro 50 St\u00fcck","og_description":"Entdecken Sie jetzt unsere Produktreihe D\u00e9licieux mit unseren 20x8 cm gro\u00dfen D\u00e9licieux-Backdosen, die sich ideal f\u00fcr B\u00e4ckereien und Konditoreien eignen!","og_url":"https:\/\/www.csj-emballages.com\/de\/produit\/50-pastaschachteln-aus-farbigem-karton-delicious-20-x-8-cm\/","og_site_name":"CSJ Emballages","article_publisher":"https:\/\/www.facebook.com\/csjemballages","article_modified_time":"2026-04-10T00:11:47+00:00","og_image":[{"width":800,"height":800,"url":"https:\/\/www.csj-emballages.com\/wp-content\/uploads\/2024\/03\/EVAN.webp","type":"image\/webp"}],"twitter_card":"summary_large_image","twitter_misc":{"Gesch\u00e4tzte Lesezeit":"1\u00a0Minute"},"schema":{"@context":"https:\/\/schema.org","@graph":[{"@type":"WebPage","@id":"https:\/\/www.csj-emballages.com\/de\/produit\/50-pastaschachteln-aus-farbigem-karton-delicious-20-x-8-cm\/","url":"https:\/\/www.csj-emballages.com\/de\/produit\/50-pastaschachteln-aus-farbigem-karton-delicious-20-x-8-cm\/","name":"Geb\u00e4ckschachteln D\u00e9licieux 20x8 cm \/ CSJ Verpackungen","isPartOf":{"@id":"https:\/\/www.csj-emballages.com\/de\/#website"},"primaryImageOfPage":{"@id":"https:\/\/www.csj-emballages.com\/de\/produit\/50-pastaschachteln-aus-farbigem-karton-delicious-20-x-8-cm\/#primaryimage"},"image":{"@id":"https:\/\/www.csj-emballages.com\/de\/produit\/50-pastaschachteln-aus-farbigem-karton-delicious-20-x-8-cm\/#primaryimage"},"thumbnailUrl":"https:\/\/www.csj-emballages.com\/wp-content\/uploads\/2024\/03\/EVAN.webp","datePublished":"2024-03-01T15:55:55+00:00","dateModified":"2026-04-10T00:11:47+00:00","description":"Entdecken Sie jetzt unsere Produktreihe D\u00e9licieux mit unseren 20x8 cm gro\u00dfen D\u00e9licieux-Backdosen, die sich ideal f\u00fcr B\u00e4ckereien und Konditoreien eignen!","breadcrumb":{"@id":"https:\/\/www.csj-emballages.com\/de\/produit\/50-pastaschachteln-aus-farbigem-karton-delicious-20-x-8-cm\/#breadcrumb"},"inLanguage":"de","potentialAction":[{"@type":"ReadAction","target":["https:\/\/www.csj-emballages.com\/de\/produit\/50-pastaschachteln-aus-farbigem-karton-delicious-20-x-8-cm\/"]}]},{"@type":"ImageObject","inLanguage":"de","@id":"https:\/\/www.csj-emballages.com\/de\/produit\/50-pastaschachteln-aus-farbigem-karton-delicious-20-x-8-cm\/#primaryimage","url":"https:\/\/www.csj-emballages.com\/wp-content\/uploads\/2024\/03\/EVAN.webp","contentUrl":"https:\/\/www.csj-emballages.com\/wp-content\/uploads\/2024\/03\/EVAN.webp","width":800,"height":800,"caption":"Boite p\u00e2tissi\u00e8re"},{"@type":"BreadcrumbList","@id":"https:\/\/www.csj-emballages.com\/de\/produit\/50-pastaschachteln-aus-farbigem-karton-delicious-20-x-8-cm\/#breadcrumb","itemListElement":[{"@type":"ListItem","position":1,"name":"Accueil","item":"https:\/\/www.csj-emballages.com\/de\/universum-lebensmittelverpackungen\/"},{"@type":"ListItem","position":2,"name":"Shop","item":"https:\/\/www.csj-emballages.com\/shop\/"},{"@type":"ListItem","position":3,"name":"Patisserie-Box aus farbigem Karton \u00ab\u00a0D\u00e9licieux\u00a0\u00bb 20 x 8 cm pro 50 St\u00fcck"}]},{"@type":"WebSite","@id":"https:\/\/www.csj-emballages.com\/de\/#website","url":"https:\/\/www.csj-emballages.com\/de\/","name":"CSJ Emballages","description":"","publisher":{"@id":"https:\/\/www.csj-emballages.com\/de\/#organization"},"potentialAction":[{"@type":"SearchAction","target":{"@type":"EntryPoint","urlTemplate":"https:\/\/www.csj-emballages.com\/de\/?s={search_term_string}"},"query-input":{"@type":"PropertyValueSpecification","valueRequired":true,"valueName":"search_term_string"}}],"inLanguage":"de"},{"@type":"Organization","@id":"https:\/\/www.csj-emballages.com\/de\/#Organization\/","name":"CSJ Emballages","url":"https:\/\/www.csj-emballages.com\/de\/","logo":{"@type":"ImageObject","inLanguage":"de","@id":"https:\/\/www.csj-emballages.com\/de\/#\/schema\/logo\/image\/","url":"https:\/\/www.csj-emballages.com\/wp-content\/uploads\/2023\/10\/logo_csj.webp","contentUrl":"https:\/\/www.csj-emballages.com\/wp-content\/uploads\/2023\/10\/logo_csj.webp","width":250,"height":95,"caption":"CSJ Emballages"},"image":{"@id":"https:\/\/www.csj-emballages.com\/de\/#\/schema\/logo\/image\/"},"sameAs":["https:\/\/www.facebook.com\/csjemballages"],"address":{"@type":"PostalAddress","streetAddress":"ZI La Lechere","addressLocality":"Patornay","postalCode":"39130","addressCountry":"FR"},"contactPoint":[{"@type":"ContactPoint","contactType":"Service client","telephone":"0384254272","email":"contact@csj-emballages.com"}]}]}},"df_price":14.23,"df_sale_price":14.23,"df_regular_price":15.82,"df_image_link":"https:\/\/www.csj-emballages.com\/wp-content\/uploads\/2024\/03\/EVAN-300x300.webp","tiered_pricing_type":"fixed","tiered_pricing_fixed_rules":[],"tiered_pricing_percentage_rules":[],"tiered_pricing_minimum":1,"tiered_pricing_roles_data":[],"_links":{"self":[{"href":"https:\/\/www.csj-emballages.com\/de\/wp-json\/wp\/v2\/product\/20135","targetHints":{"allow":["GET"]}}],"collection":[{"href":"https:\/\/www.csj-emballages.com\/de\/wp-json\/wp\/v2\/product"}],"about":[{"href":"https:\/\/www.csj-emballages.com\/de\/wp-json\/wp\/v2\/types\/product"}],"wp:featuredmedia":[{"embeddable":true,"href":"https:\/\/www.csj-emballages.com\/de\/wp-json\/wp\/v2\/media\/242434"}],"wp:attachment":[{"href":"https:\/\/www.csj-emballages.com\/de\/wp-json\/wp\/v2\/media?parent=20135"}],"wp:term":[{"taxonomy":"product_brand","embeddable":true,"href":"https:\/\/www.csj-emballages.com\/de\/wp-json\/wp\/v2\/product_brand?post=20135"},{"taxonomy":"product_cat","embeddable":true,"href":"https:\/\/www.csj-emballages.com\/de\/wp-json\/wp\/v2\/product_cat?post=20135"},{"taxonomy":"product_tag","embeddable":true,"href":"https:\/\/www.csj-emballages.com\/de\/wp-json\/wp\/v2\/product_tag?post=20135"}],"curies":[{"name":"wp","href":"https:\/\/api.w.org\/{rel}","templated":true}]}}