{"id":20123,"date":"2024-03-01T16:55:55","date_gmt":"2024-03-01T15:55:55","guid":{"rendered":"https:\/\/u15jnbdpoq.preview.infomaniak.website\/produit\/50-pastaschachteln-aus-farbigem-karton-22-x-8-cm-inspiration\/"},"modified":"2026-04-10T02:11:50","modified_gmt":"2026-04-10T00:11:50","slug":"50-pastaschachteln-aus-farbigem-karton-22-x-8-cm-inspiration","status":"publish","type":"product","link":"https:\/\/www.csj-emballages.com\/de\/produit\/50-pastaschachteln-aus-farbigem-karton-22-x-8-cm-inspiration\/","title":{"rendered":"Farbige Geb\u00e4ckschachtel aus Karton 22 x 8 cm &#8218;Inspiration&#8216; im 50er-Pack"},"content":{"rendered":"<h2>Konditoreischachtel<\/h2>\n<hr>\n<h3>Entdecken Sie unsere farbige Geb\u00e4ckschachtel aus Karton 22 x 8 cm &#8218;Inspiration&#8216; im 50er-Pack<\/h3>\n<p><!--more--><\/p>\n<p data-start=\"231\" data-end=\"541\">Die <strong>farbige Geb\u00e4ckschachtel aus Karton 22 x 8 cm \u201eInspiration\u201c<\/strong> ist ideal f\u00fcr die Pr\u00e4sentation und den Transport von <strong>individuellen Geb\u00e4ckst\u00fccken oder kleinen Gourmet-Kreationen<\/strong>. Mit ihrem eleganten Design, den raffinierten Details und ihrem schicken, zeitlosen Look wertet sie Ihre Produkte im Gesch\u00e4ft sofort auf. <\/p>\n<p data-start=\"543\" data-end=\"847\">Diese aus hochwertigem, lebensmittelechtem <strong>Karton<\/strong> gefertigte Schachtel sorgt f\u00fcr hervorragende Stabilit\u00e4t und sch\u00fctzt Desserts effektiv w\u00e4hrend des Transports. Ihr Format von <strong>22 x 8 cm<\/strong> ist perfekt geeignet f\u00fcr <strong>individuelle Entremets, kleine Kuchen, Mignardisen-Sortimente, feine Patisserie oder handwerkliche Kreationen<\/strong>. <\/p>\n<p data-start=\"849\" data-end=\"1114\">Die <strong>Kollektion \u201eInspiration\u201c<\/strong> zeichnet sich durch ihr <strong>dezentes, hochwertiges<\/strong> Design aus \u2013 mit tiefen Farbt\u00f6nen und eleganten Details. Sie passt perfekt in ein Premium-Sortiment und st\u00e4rkt das Qualit\u00e4tsimage von Konditoreien, B\u00e4ckereien, Caterern und Chocolatiers. <\/p>\n<p data-start=\"1116\" data-end=\"1366\">Schnell aufgebaut und leicht zu handhaben: Diese Box spart Zeit in der Backstube und sorgt zugleich f\u00fcr eine einheitliche, saubere Pr\u00e4sentation. Verpackt im Set zu <strong>50 St\u00fcck<\/strong>, ideal f\u00fcr den regelm\u00e4\u00dfigen Profi-Einsatz. <\/p>\n<p data-start=\"1252\" data-end=\"1497\"><!--more--><\/p>\n<h4 data-start=\"1252\" data-end=\"1497\">Vorteile :<\/h4>\n<ul>\n<li data-start=\"1404\" data-end=\"1447\">Premium-Design, elegant \u201e<strong>Inspiration<\/strong>\u201c.<\/li>\n<li data-start=\"1450\" data-end=\"1493\">Stabiler Karton in Lebensmittelqualit\u00e4t.<\/li>\n<li data-start=\"1496\" data-end=\"1548\">Format <strong>22 x 8 cm<\/strong>, ideal f\u00fcr Einzelportionen.<\/li>\n<li data-start=\"1551\" data-end=\"1587\">Guter Schutz beim Transport.<\/li>\n<li data-start=\"1629\" data-end=\"1660\">Einfach aufzubauen und zu verwenden.<\/li>\n<li data-start=\"1663\" data-end=\"1712\">Geeignet f\u00fcr Konditoren, B\u00e4cker und Caterer.<\/li>\n<li data-start=\"1715\" data-end=\"1755\">Praktische Verpackungseinheit \u00e0<strong> 50 Boxen<\/strong>.<\/li>\n<\/ul>\n<p>&nbsp;<\/p>\n<p data-start=\"1252\" data-end=\"1497\"><!--more--><\/p>\n<h4 data-start=\"1252\" data-end=\"1497\">Weitere Informationen :<\/h4>\n<ul>\n<li><strong>Verpackung<\/strong>: Packung mit 50 St\u00fcck<\/li>\n<li><strong>Ma\u00dfe<\/strong>: 22 x 22 x 8 cm<\/li>\n<li><strong>Farbe<\/strong>: Schwarz \/ Gold<\/li>\n<li><strong>Modell<\/strong>: Inspiration<\/li>\n<li><strong>Material<\/strong>: Karton<\/li>\n<\/ul>\n<p>&nbsp;<\/p>\n<p><!--more--><\/p>\n<p><a href=\"https:\/\/www.csj-emballages.com\/de\/categorie-produit\/lebensmittelverpackungen\/backerei-und-konditorei\/schachteln-und-etuis\/gebackschachteln\/bunte-gebackschachteln\/farbige-gebackdosen-inspiration\/\">Entdecken Sie unser weiteres Sortiment an Geb\u00e4ckschachteln \u201eInspiration\u201c<\/a><\/p>\n","protected":false},"excerpt":{"rendered":"<p>Konditoreischachtel Entdecken Sie unsere farbige Geb\u00e4ckschachtel aus Karton 22 x 8 cm &#8218;Inspiration&#8216; im 50er-Pack<\/p>\n","protected":false},"featured_media":8451,"template":"","meta":{"_acf_changed":false},"product_brand":[],"product_cat":[1137,1171,3964,1256,1261,9271,1265],"product_tag":[],"class_list":{"0":"post-20123","1":"product","2":"type-product","3":"status-publish","4":"has-post-thumbnail","6":"product_cat-lebensmittelverpackungen","7":"product_cat-backerei-und-konditorei","8":"product_cat-schachteln-und-etuis","9":"product_cat-gebackschachteln","10":"product_cat-bunte-gebackschachteln","11":"product_cat-bunte-keksdosen-lektion","12":"product_cat-lagerbestande-promotion","14":"first","15":"instock","16":"sale","17":"taxable","18":"shipping-taxable","19":"purchasable","20":"product-type-simple"},"acf":[],"yoast_head":"<!-- This site is optimized with the Yoast SEO Premium plugin v26.6 (Yoast SEO v26.6) - https:\/\/yoast.com\/wordpress\/plugins\/seo\/ -->\n<title>Farbige Geb\u00e4ckschachtel aus Karton 22 x 8 cm &#039;Inspiration&#039; im 50er-Pack<\/title>\n<meta name=\"description\" content=\"Farbige Geb\u00e4ckschachtel aus Karton 22 x 8 cm \u201eInspiration\u201c im 50er-Pack. Elegant und robust, ideal f\u00fcr individuelle Geb\u00e4ckst\u00fccke.\" \/>\n<meta name=\"robots\" content=\"index, follow, max-snippet:-1, max-image-preview:large, max-video-preview:-1\" \/>\n<link rel=\"canonical\" href=\"https:\/\/www.csj-emballages.com\/de\/produit\/50-pastaschachteln-aus-farbigem-karton-22-x-8-cm-inspiration\/\" \/>\n<meta property=\"og:locale\" content=\"de_DE\" \/>\n<meta property=\"og:type\" content=\"article\" \/>\n<meta property=\"og:title\" content=\"Farbige Geb\u00e4ckschachtel aus Karton 22 x 8 cm &#039;Inspiration&#039; im 50er-Pack\" \/>\n<meta property=\"og:description\" content=\"Farbige Geb\u00e4ckschachtel aus Karton 22 x 8 cm \u201eInspiration\u201c im 50er-Pack. Elegant und robust, ideal f\u00fcr individuelle Geb\u00e4ckst\u00fccke.\" \/>\n<meta property=\"og:url\" content=\"https:\/\/www.csj-emballages.com\/de\/produit\/50-pastaschachteln-aus-farbigem-karton-22-x-8-cm-inspiration\/\" \/>\n<meta property=\"og:site_name\" content=\"CSJ Emballages\" \/>\n<meta property=\"article:publisher\" content=\"https:\/\/www.facebook.com\/csjemballages\" \/>\n<meta property=\"article:modified_time\" content=\"2026-04-10T00:11:50+00:00\" \/>\n<meta property=\"og:image\" content=\"https:\/\/www.csj-emballages.com\/wp-content\/uploads\/2024\/03\/boite-patissiere-carton-modele-impression-hauteur-8-zoom-3-jpg.webp\" \/>\n\t<meta property=\"og:image:width\" content=\"500\" \/>\n\t<meta property=\"og:image:height\" content=\"500\" \/>\n\t<meta property=\"og:image:type\" content=\"image\/jpeg\" \/>\n<meta name=\"twitter:card\" content=\"summary_large_image\" \/>\n<meta name=\"twitter:label1\" content=\"Gesch\u00e4tzte Lesezeit\" \/>\n\t<meta name=\"twitter:data1\" content=\"1\u00a0Minute\" \/>\n<script type=\"application\/ld+json\" class=\"yoast-schema-graph\">{\"@context\":\"https:\/\/schema.org\",\"@graph\":[{\"@type\":\"WebPage\",\"@id\":\"https:\/\/www.csj-emballages.com\/de\/produit\/50-pastaschachteln-aus-farbigem-karton-22-x-8-cm-inspiration\/\",\"url\":\"https:\/\/www.csj-emballages.com\/de\/produit\/50-pastaschachteln-aus-farbigem-karton-22-x-8-cm-inspiration\/\",\"name\":\"Farbige Geb\u00e4ckschachtel aus Karton 22 x 8 cm 'Inspiration' im 50er-Pack\",\"isPartOf\":{\"@id\":\"https:\/\/www.csj-emballages.com\/de\/#website\"},\"primaryImageOfPage\":{\"@id\":\"https:\/\/www.csj-emballages.com\/de\/produit\/50-pastaschachteln-aus-farbigem-karton-22-x-8-cm-inspiration\/#primaryimage\"},\"image\":{\"@id\":\"https:\/\/www.csj-emballages.com\/de\/produit\/50-pastaschachteln-aus-farbigem-karton-22-x-8-cm-inspiration\/#primaryimage\"},\"thumbnailUrl\":\"https:\/\/www.csj-emballages.com\/wp-content\/uploads\/2024\/03\/boite-patissiere-carton-modele-impression-hauteur-8-zoom-3-jpg.webp\",\"datePublished\":\"2024-03-01T15:55:55+00:00\",\"dateModified\":\"2026-04-10T00:11:50+00:00\",\"description\":\"Farbige Geb\u00e4ckschachtel aus Karton 22 x 8 cm \u201eInspiration\u201c im 50er-Pack. Elegant und robust, ideal f\u00fcr individuelle Geb\u00e4ckst\u00fccke.\",\"breadcrumb\":{\"@id\":\"https:\/\/www.csj-emballages.com\/de\/produit\/50-pastaschachteln-aus-farbigem-karton-22-x-8-cm-inspiration\/#breadcrumb\"},\"inLanguage\":\"de\",\"potentialAction\":[{\"@type\":\"ReadAction\",\"target\":[\"https:\/\/www.csj-emballages.com\/de\/produit\/50-pastaschachteln-aus-farbigem-karton-22-x-8-cm-inspiration\/\"]}]},{\"@type\":\"ImageObject\",\"inLanguage\":\"de\",\"@id\":\"https:\/\/www.csj-emballages.com\/de\/produit\/50-pastaschachteln-aus-farbigem-karton-22-x-8-cm-inspiration\/#primaryimage\",\"url\":\"https:\/\/www.csj-emballages.com\/wp-content\/uploads\/2024\/03\/boite-patissiere-carton-modele-impression-hauteur-8-zoom-3-jpg.webp\",\"contentUrl\":\"https:\/\/www.csj-emballages.com\/wp-content\/uploads\/2024\/03\/boite-patissiere-carton-modele-impression-hauteur-8-zoom-3-jpg.webp\",\"width\":500,\"height\":500},{\"@type\":\"BreadcrumbList\",\"@id\":\"https:\/\/www.csj-emballages.com\/de\/produit\/50-pastaschachteln-aus-farbigem-karton-22-x-8-cm-inspiration\/#breadcrumb\",\"itemListElement\":[{\"@type\":\"ListItem\",\"position\":1,\"name\":\"Accueil\",\"item\":\"https:\/\/www.csj-emballages.com\/de\/universum-lebensmittelverpackungen\/\"},{\"@type\":\"ListItem\",\"position\":2,\"name\":\"Shop\",\"item\":\"https:\/\/www.csj-emballages.com\/shop\/\"},{\"@type\":\"ListItem\",\"position\":3,\"name\":\"Farbige Geb\u00e4ckschachtel aus Karton 22 x 8 cm &lsquo;Inspiration&rsquo; im 50er-Pack\"}]},{\"@type\":\"WebSite\",\"@id\":\"https:\/\/www.csj-emballages.com\/de\/#website\",\"url\":\"https:\/\/www.csj-emballages.com\/de\/\",\"name\":\"CSJ Emballages\",\"description\":\"\",\"publisher\":{\"@id\":\"https:\/\/www.csj-emballages.com\/de\/#organization\"},\"potentialAction\":[{\"@type\":\"SearchAction\",\"target\":{\"@type\":\"EntryPoint\",\"urlTemplate\":\"https:\/\/www.csj-emballages.com\/de\/?s={search_term_string}\"},\"query-input\":{\"@type\":\"PropertyValueSpecification\",\"valueRequired\":true,\"valueName\":\"search_term_string\"}}],\"inLanguage\":\"de\"},{\"@type\":\"Organization\",\"@id\":\"https:\/\/www.csj-emballages.com\/de\/#Organization\/\",\"name\":\"CSJ Emballages\",\"url\":\"https:\/\/www.csj-emballages.com\/de\/\",\"logo\":{\"@type\":\"ImageObject\",\"inLanguage\":\"de\",\"@id\":\"https:\/\/www.csj-emballages.com\/de\/#\/schema\/logo\/image\/\",\"url\":\"https:\/\/www.csj-emballages.com\/wp-content\/uploads\/2023\/10\/logo_csj.webp\",\"contentUrl\":\"https:\/\/www.csj-emballages.com\/wp-content\/uploads\/2023\/10\/logo_csj.webp\",\"width\":250,\"height\":95,\"caption\":\"CSJ Emballages\"},\"image\":{\"@id\":\"https:\/\/www.csj-emballages.com\/de\/#\/schema\/logo\/image\/\"},\"sameAs\":[\"https:\/\/www.facebook.com\/csjemballages\"],\"address\":{\"@type\":\"PostalAddress\",\"streetAddress\":\"ZI La Lechere\",\"addressLocality\":\"Patornay\",\"postalCode\":\"39130\",\"addressCountry\":\"FR\"},\"contactPoint\":[{\"@type\":\"ContactPoint\",\"contactType\":\"Service client\",\"telephone\":\"0384254272\",\"email\":\"contact@csj-emballages.com\"}]}]}<\/script>\n<!-- \/ Yoast SEO Premium plugin. -->","yoast_head_json":{"title":"Farbige Geb\u00e4ckschachtel aus Karton 22 x 8 cm 'Inspiration' im 50er-Pack","description":"Farbige Geb\u00e4ckschachtel aus Karton 22 x 8 cm \u201eInspiration\u201c im 50er-Pack. Elegant und robust, ideal f\u00fcr individuelle Geb\u00e4ckst\u00fccke.","robots":{"index":"index","follow":"follow","max-snippet":"max-snippet:-1","max-image-preview":"max-image-preview:large","max-video-preview":"max-video-preview:-1"},"canonical":"https:\/\/www.csj-emballages.com\/de\/produit\/50-pastaschachteln-aus-farbigem-karton-22-x-8-cm-inspiration\/","og_locale":"de_DE","og_type":"article","og_title":"Farbige Geb\u00e4ckschachtel aus Karton 22 x 8 cm 'Inspiration' im 50er-Pack","og_description":"Farbige Geb\u00e4ckschachtel aus Karton 22 x 8 cm \u201eInspiration\u201c im 50er-Pack. Elegant und robust, ideal f\u00fcr individuelle Geb\u00e4ckst\u00fccke.","og_url":"https:\/\/www.csj-emballages.com\/de\/produit\/50-pastaschachteln-aus-farbigem-karton-22-x-8-cm-inspiration\/","og_site_name":"CSJ Emballages","article_publisher":"https:\/\/www.facebook.com\/csjemballages","article_modified_time":"2026-04-10T00:11:50+00:00","og_image":[{"width":500,"height":500,"url":"https:\/\/www.csj-emballages.com\/wp-content\/uploads\/2024\/03\/boite-patissiere-carton-modele-impression-hauteur-8-zoom-3-jpg.webp","type":"image\/jpeg"}],"twitter_card":"summary_large_image","twitter_misc":{"Gesch\u00e4tzte Lesezeit":"1\u00a0Minute"},"schema":{"@context":"https:\/\/schema.org","@graph":[{"@type":"WebPage","@id":"https:\/\/www.csj-emballages.com\/de\/produit\/50-pastaschachteln-aus-farbigem-karton-22-x-8-cm-inspiration\/","url":"https:\/\/www.csj-emballages.com\/de\/produit\/50-pastaschachteln-aus-farbigem-karton-22-x-8-cm-inspiration\/","name":"Farbige Geb\u00e4ckschachtel aus Karton 22 x 8 cm 'Inspiration' im 50er-Pack","isPartOf":{"@id":"https:\/\/www.csj-emballages.com\/de\/#website"},"primaryImageOfPage":{"@id":"https:\/\/www.csj-emballages.com\/de\/produit\/50-pastaschachteln-aus-farbigem-karton-22-x-8-cm-inspiration\/#primaryimage"},"image":{"@id":"https:\/\/www.csj-emballages.com\/de\/produit\/50-pastaschachteln-aus-farbigem-karton-22-x-8-cm-inspiration\/#primaryimage"},"thumbnailUrl":"https:\/\/www.csj-emballages.com\/wp-content\/uploads\/2024\/03\/boite-patissiere-carton-modele-impression-hauteur-8-zoom-3-jpg.webp","datePublished":"2024-03-01T15:55:55+00:00","dateModified":"2026-04-10T00:11:50+00:00","description":"Farbige Geb\u00e4ckschachtel aus Karton 22 x 8 cm \u201eInspiration\u201c im 50er-Pack. Elegant und robust, ideal f\u00fcr individuelle Geb\u00e4ckst\u00fccke.","breadcrumb":{"@id":"https:\/\/www.csj-emballages.com\/de\/produit\/50-pastaschachteln-aus-farbigem-karton-22-x-8-cm-inspiration\/#breadcrumb"},"inLanguage":"de","potentialAction":[{"@type":"ReadAction","target":["https:\/\/www.csj-emballages.com\/de\/produit\/50-pastaschachteln-aus-farbigem-karton-22-x-8-cm-inspiration\/"]}]},{"@type":"ImageObject","inLanguage":"de","@id":"https:\/\/www.csj-emballages.com\/de\/produit\/50-pastaschachteln-aus-farbigem-karton-22-x-8-cm-inspiration\/#primaryimage","url":"https:\/\/www.csj-emballages.com\/wp-content\/uploads\/2024\/03\/boite-patissiere-carton-modele-impression-hauteur-8-zoom-3-jpg.webp","contentUrl":"https:\/\/www.csj-emballages.com\/wp-content\/uploads\/2024\/03\/boite-patissiere-carton-modele-impression-hauteur-8-zoom-3-jpg.webp","width":500,"height":500},{"@type":"BreadcrumbList","@id":"https:\/\/www.csj-emballages.com\/de\/produit\/50-pastaschachteln-aus-farbigem-karton-22-x-8-cm-inspiration\/#breadcrumb","itemListElement":[{"@type":"ListItem","position":1,"name":"Accueil","item":"https:\/\/www.csj-emballages.com\/de\/universum-lebensmittelverpackungen\/"},{"@type":"ListItem","position":2,"name":"Shop","item":"https:\/\/www.csj-emballages.com\/shop\/"},{"@type":"ListItem","position":3,"name":"Farbige Geb\u00e4ckschachtel aus Karton 22 x 8 cm &lsquo;Inspiration&rsquo; im 50er-Pack"}]},{"@type":"WebSite","@id":"https:\/\/www.csj-emballages.com\/de\/#website","url":"https:\/\/www.csj-emballages.com\/de\/","name":"CSJ Emballages","description":"","publisher":{"@id":"https:\/\/www.csj-emballages.com\/de\/#organization"},"potentialAction":[{"@type":"SearchAction","target":{"@type":"EntryPoint","urlTemplate":"https:\/\/www.csj-emballages.com\/de\/?s={search_term_string}"},"query-input":{"@type":"PropertyValueSpecification","valueRequired":true,"valueName":"search_term_string"}}],"inLanguage":"de"},{"@type":"Organization","@id":"https:\/\/www.csj-emballages.com\/de\/#Organization\/","name":"CSJ Emballages","url":"https:\/\/www.csj-emballages.com\/de\/","logo":{"@type":"ImageObject","inLanguage":"de","@id":"https:\/\/www.csj-emballages.com\/de\/#\/schema\/logo\/image\/","url":"https:\/\/www.csj-emballages.com\/wp-content\/uploads\/2023\/10\/logo_csj.webp","contentUrl":"https:\/\/www.csj-emballages.com\/wp-content\/uploads\/2023\/10\/logo_csj.webp","width":250,"height":95,"caption":"CSJ Emballages"},"image":{"@id":"https:\/\/www.csj-emballages.com\/de\/#\/schema\/logo\/image\/"},"sameAs":["https:\/\/www.facebook.com\/csjemballages"],"address":{"@type":"PostalAddress","streetAddress":"ZI La Lechere","addressLocality":"Patornay","postalCode":"39130","addressCountry":"FR"},"contactPoint":[{"@type":"ContactPoint","contactType":"Service client","telephone":"0384254272","email":"contact@csj-emballages.com"}]}]}},"df_price":14.57,"df_sale_price":14.57,"df_regular_price":18.22,"df_image_link":"https:\/\/www.csj-emballages.com\/wp-content\/uploads\/2024\/03\/boite-patissiere-carton-modele-impression-hauteur-8-zoom-3-300x300.webp","tiered_pricing_type":"fixed","tiered_pricing_fixed_rules":[],"tiered_pricing_percentage_rules":[],"tiered_pricing_minimum":1,"tiered_pricing_roles_data":[],"_links":{"self":[{"href":"https:\/\/www.csj-emballages.com\/de\/wp-json\/wp\/v2\/product\/20123","targetHints":{"allow":["GET"]}}],"collection":[{"href":"https:\/\/www.csj-emballages.com\/de\/wp-json\/wp\/v2\/product"}],"about":[{"href":"https:\/\/www.csj-emballages.com\/de\/wp-json\/wp\/v2\/types\/product"}],"wp:featuredmedia":[{"embeddable":true,"href":"https:\/\/www.csj-emballages.com\/de\/wp-json\/wp\/v2\/media\/8451"}],"wp:attachment":[{"href":"https:\/\/www.csj-emballages.com\/de\/wp-json\/wp\/v2\/media?parent=20123"}],"wp:term":[{"taxonomy":"product_brand","embeddable":true,"href":"https:\/\/www.csj-emballages.com\/de\/wp-json\/wp\/v2\/product_brand?post=20123"},{"taxonomy":"product_cat","embeddable":true,"href":"https:\/\/www.csj-emballages.com\/de\/wp-json\/wp\/v2\/product_cat?post=20123"},{"taxonomy":"product_tag","embeddable":true,"href":"https:\/\/www.csj-emballages.com\/de\/wp-json\/wp\/v2\/product_tag?post=20123"}],"curies":[{"name":"wp","href":"https:\/\/api.w.org\/{rel}","templated":true}]}}